{"id":8618,"date":"2016-10-07T14:19:48","date_gmt":"2016-10-07T12:19:48","guid":{"rendered":"http:\/\/www.polysoude.com\/legal-information\/"},"modified":"2022-03-11T14:13:58","modified_gmt":"2022-03-11T13:13:58","slug":"informacion-legal","status":"publish","type":"page","link":"https:\/\/www.polysoude.com\/es\/informacion-legal\/","title":{"rendered":"Informaci\u00f3n legal"},"content":{"rendered":"\n\t<h3>P\u00e1gina web publicada por:<\/h3>\n<h4>Nombre legal de la compa\u00f1\u00eda:<\/h4>\n<p>POLYSOUDE SAS<\/p>\n<h4>Direcci\u00f3n de sede corporativa:<\/h4>\nPOLYSOUDE SAS<br \/>\n2 rue Paul Beaup\u00e8re<br \/>\n44300 NANTES<br \/>\nFrancia\n<p>RCS : Nantes B 858 800 931 &#8211; Greffe de NANTES<\/p>\n<h4>Editor en jefe:<\/h4>\n<p>Gerente del departamento de comunicaciones<\/p>\n<p>Tel.: +33 (2) 40 68 57 34<\/p>\n<h4>Sitio web alojado por<\/h4>\n<p>Datacampus, Poitiers, France<\/p>\n\t<h3>Propiedad intelectual<\/h3>\n<p>POLYSOUDE (&#8220;POLYSOUDE&#8221; o &#8220;nosotros&#8221;) ofrece a los visitantes y usuarios acceso a esta p\u00e1gina en funci\u00f3n (y asumiendo) la aceptaci\u00f3n de los t\u00e9rminos siguiente. POLYSOUDE le concede una licencia no transferible, no exclusiva para acceder y utilizar esta p\u00e1gina web \u00fanicamente para su uso personal. Podemos a nuestra sola discreci\u00f3n agregar, borrar y cambiar algunas o todas las caracter\u00edsticas proporcionadas en la p\u00e1gina web en cualquier momento o rescindir esta licencia. Todos los materiales, Incluidas, pero no limitadas a las configuraciones, Pantallas y toda la informaci\u00f3n que aparece en la pantalla y toda la informaci\u00f3n que aparezca o se muestre en relaci\u00f3n o contenida por POLYSOUDE en este sitio web est\u00e1n protegidos por todas las leyes y normativas aplicables.<\/p>\n<p>POLYSOUDE reserva y retiene todos los derechos, incluyendo copyright de esta p\u00e1gina web y su contenido, marca registrada, marca de servicio, nombre comercial, logos y otras indicaciones de origen incluidas, pero no limitadas por el dominio del nombre de POLYSOUDE muestra en el sitio web son marcas registradas y no registradas de POLYSOUDE o de un tercero que ha otorgado a POLYSOUDE el derecho de usarlas en este sitio. Ning\u00fan contenido de este documento deber\u00eda ser interpretado como una concesi\u00f3n al navegador o usuario de ninguna licencia o derecho de uso de ninguna marca comercial que se muestre en el sitio web sin el consentimiento previo por escrito de POLYSOUDE o terceros. POLYSOUDE y o proveedores de contenido de terceros siguen siendo los propietarios del contenido que se muestra en este sitio web y el usuario no adquiere ninguno de eso derechos de propiedad imprimiendo o descargando la informaci\u00f3n o haciendo uso de las caracter\u00edsticas del sitio web.<\/p>\n<p>Para su conveniencia, POLYSOUDE proporciona enlaces a otros sitios y se pueden proporcionar enlaces a este sitio desde otros sitios conocidos o desconocidos por POLYSOUDE. POLYSOUDE no es responsable por el contenido de ning\u00fan sitio que est\u00e9 vinculado a este sitio o desde \u00e9l, y los enlaces no implican que patrocina POLYSOUDE, autoriza, respalda o est\u00e1 conectado al sitio, los productos o servicios descritos en \u00e9l o su propietario o qua POLYSOUDE haya autorizado al sitio vinculado a usar cualquier marca registrada, nombre comercial, logotipo u otro material registrado o con derechos de autor perteneciente a POLYSOUDE.<\/p>\n<p>Los t\u00e9rminos y condiciones pertenecientes al uso de este sitio web est\u00e1n gobernados por la ley francesa. Los tribunales de Francia tendr\u00e1n jurisdicci\u00f3n exclusiva para resolver cualquier disputa que surja del uso de este sitio web.<\/p>\n\t<h3>Respeto por la privacidad y el uso de data personal<\/h3>\n<p>La privacidad y la seguridad de su informaci\u00f3n es importante para nosotros. La pol\u00edtica de POLYSOUDE es respetar y proteger la privacidad de los usuarios de la p\u00e1gina web. No divulgaremos voluntariamente informaci\u00f3n de identidad de nuestros clientes y otros usuarios de nuestra p\u00e1gina web a ning\u00fan tercero sin antes haber recibido el permiso del usuario.<\/p>\n<h4>\u00c9tica y uso de data recolectada<\/h4>\n<p>POLYSOUDE solo pregunta ciertos tipos de informaci\u00f3n personal cuando se usa la p\u00e1gina web, en algunas \u00e1reas de nuestra p\u00e1gina web, incluyendo ordenes de cumplimiento y herramientas de soporte al cliente en l\u00ednea, le pedimos que proporcione informaci\u00f3n que nos permita mejorar su visita al sitio web, asistencia con asuntos de soporte t\u00e9cnico, o seguimiento luego de su visita.\u00a0 A menos que la informaci\u00f3n solicitada sea necesaria para el cumplimiento de la solicitud, Usted ser\u00e1 informado y ser\u00e1 totalmente opcional si quiere usted o no donar su informaci\u00f3n. Sin embargo, al aceptar los t\u00e9rminos y condiciones de esta p\u00e1gina web, usted nos autoriza a recaudar esta informaci\u00f3n. Podemos preguntar su nombre, correo electr\u00f3nico; n\u00famero de tel\u00e9fono, direcci\u00f3n, tipo de negocio, informaci\u00f3n de preferencia del cliente, numero del cliente, as\u00ed como otra informaci\u00f3n personal similar que se necesita para registrarse o suscribirse a nuestros servicios u ofertas.<\/p>\nEn consecuencia, POLYSOUDE usa la data personal que usted ha proporcionado a este sitio web para los siguientes prop\u00f3sitos:<br \/>\n\u2022\u00a0\u00a0 \u00a0Para garantizar un seguimiento apropiado de su suscripci\u00f3n para nuestros servicios u ofertas y cumplimiento de pedidos.<br \/>\n\u2022\u00a0\u00a0 \u00a0Para proporcionar herramientas de asistencia al cliente en l\u00ednea y seguimiento en conexiones con tal asistencia t\u00e9cnica.<br \/>\n\u2022\u00a0\u00a0 \u00a0Para procesar su solicitud si usted ha respondido en l\u00ednea a una oferta de trabajo en POLYSOUDE.\n<p>POLYSOUDE Tambi\u00e9n procesa los datos personales que proporciona en el curso de sus contactos y Comunicaciones con nosotros, como sus intercambios de correo electr\u00f3nico, sus discusiones usando las herramientas y plataformas proporcionadas por POLYSOUDE o en conexi\u00f3n con los espacios de trabajo virtuales y herramientas colaborativas usadas por POLYSOUDE. \u00a0El objetivo de dicho procesamiento es hacer que estas herramientas est\u00e9n disponibles, garantizar y supervisor su uso, y garantizar la seguridad del sistema inform\u00e1tico y la confidencialidad de la informaci\u00f3n que contiene.<\/p>\n<h4>Recogida pasiva de datos personales<\/h4>\n<p>Algunos de los datos personales almacenados en nuestro servidor son proporcionados por su propia voluntad cuando usted completa formularios en l\u00ednea, mientras que otra data es recaudad autom\u00e1ticamente.<\/p>\nCon el fin de mejorar la experiencia del navegador de usuario en nuestros sitios y con fines de an\u00e1lisis estad\u00edstico, POLYSOUDE recolecta ciertos datos autom\u00e1ticamente cuando usted visita nuestros sitios web:<br \/>\n\u2022\u00a0\u00a0 \u00a0Su direcci\u00f3n IP: Una direcci\u00f3n IP es asignada por su proveedor de internet a su ordenador para que pueda acceder a internet<br \/>\n\u2022\u00a0\u00a0 \u00a0La fecha y hora en la que usted visita el sitio web y las p\u00e1ginas que usted ve<br \/>\n\u2022\u00a0\u00a0 \u00a0El sistema operativo de su ordenador y el software de su navegador web<br \/>\n\u2022\u00a0\u00a0 \u00a0Su nombre de usuario, si navega por \u00e1reas restringidas del sitio<br \/>\n\u2022\u00a0\u00a0 \u00a0Su historial de navegaci\u00f3n dentro de los sitios web de grupo y la duraci\u00f3n de su conexi\u00f3n\n<p>Toda la data recolectada ser\u00e1 almacenada por una duraci\u00f3n m\u00e1xima de 5 a\u00f1os despu\u00e9s de la \u00faltima conexi\u00f3n.<\/p>\n<p>Le recomendamos que tambi\u00e9n lea nuestra informaci\u00f3n sobre las cookies a continuaci\u00f3n.<\/p>\n\t\t\t<a href=\"#\" id=\"fl-accordion--label-0\" tabindex=\"0\" aria-controls=\"fl-accordion--panel-0\">M\u00e1s informaci\u00f3n sobre cookies<\/a>\n\t\t\t\t\t\t\t<a href=\"#\" id=\"fl-accordion--icon-0\" tabindex=\"0\" aria-controls=\"fl-accordion--panel-0\"><i>Expand<\/i><\/a>\n\t\t<p>Cuando usted utiliza nuestro sitio, los datos personales pueden ser recogidos a trav\u00e9s del uso de cookies. Esto s\u00f3lo se puede hacer con el consentimiento por separado. Esto almacenar\u00e1 informaci\u00f3n sobre su uso y las p\u00e1ginas visitadas. Esto puede incluir informaci\u00f3n t\u00e9cnica sobre su dispositivo y conexi\u00f3n a Internet, como el sistema operativo, la versi\u00f3n del navegador, la direcci\u00f3n IP, las cookies y los identificadores \u00fanicos. Cuando usted visita nuestro sitio web, donde se presentan nuestros servicios y productos, se pueden utilizar diferentes t\u00e9cnicas para reconocerle y aprender m\u00e1s acerca de nuestros usuarios. Esto puede hacerse directamente o utilizando tecnolog\u00eda de terceros.<\/p>\n\t<h4>Transferencia de data personal fuera del \u00e1rea econ\u00f3mica de Europa<\/h4>\n<p>Adem\u00e1s, el uso del servicio de conferencias web, as\u00ed como la disponibilidad de herramientas de comunicaci\u00f3n implica la transferencia de data personal (nombre, apellido y correo electr\u00f3nico) con fines de identificaci\u00f3n, e intercambio de data (mensajes, datos adjuntos) con el fin de alojar y administrar a estados no miembros del \u00e1rea econ\u00f3mica de Europa, incluido Estados Unidos, el cual su legislaci\u00f3n en la protecci\u00f3n de data personal es diferente a la legislaci\u00f3n del \u00e1rea econ\u00f3mica de Europa.<\/p>\n<p>Cuando transferimos su data a los Estados Unidos, Nosotros trataremos su data personal con la disposici\u00f3n de las cl\u00e1usulas contractuales est\u00e1ndar establecidas por la comisi\u00f3n Europea (decisi\u00f3n 2010\/87\/EU).<\/p>\n<h4>Confidencialidad de la data recolectada<\/h4>\n<p>POLYSOUDE usa su informaci\u00f3n personal para prop\u00f3sitos espec\u00edficamente exclusivos descritos arriba. La informaci\u00f3n que usted nos proporciona permanecer\u00e1 confidencial y ser\u00e1 usada solo en conexi\u00f3n con sus relaciones en POLYSOUDE y \/ o una de sus compa\u00f1\u00edas afiliadas como cliente; esta informaci\u00f3n nunca ser\u00e1 divulgada o vendida a terceros con fines comerciales o de prospecci\u00f3n.<\/p>\n<h4>Sus derechos con respecto a su data personal<\/h4>\n<p>De conformidad con la ley Francesa No. 2004-801 del 6 agosto, 2004, relativo a la protecci\u00f3n de las personas f\u00edsicas con respecto al procesamiento de datos personales, que modifica la Ley &#8220;Informatique et Libert\u00e9&#8221; No. 78-17 del 6 de enero de 1978, usted tiene derecho a acceder, rectificar, modificar y eliminar todo datos que le conciernen<\/p>\n<p>Si desea que los datos personales que ha proporcionado se modifiquen o eliminen, todo lo que debe hacer es enviar una solicitud formal a POLYSOUDE. Tambi\u00e9n puede expresar su oposici\u00f3n al procesamiento de sus datos personales, siempre que se base en motivos graves.<\/p>\nSi usted desea hacer modificaciones a su data personal, rectificaciones, eliminarla o expresar oposici\u00f3n al procesamiento de su data personal, por favor env\u00ede su requerimiento a:<br \/>\n\u2022\u00a0\u00a0\u00a0 Correo postal: POLYSOUDE \u2013 Communications Department \u2013 2 rue Paul Beaup\u00e8re \u2013 44300 Nantes &#8211; France<br \/>\n\u2022\u00a0\u00a0\u00a0 Correo electr\u00f3nico: <a href=\"mailto:gdpr.req@polysoude.com\">gdpr.req@polysoude.com<\/a>\n<h4>Modificaciones<\/h4>\n<p>POLYSOUDE reserva los derechos de modificar o completar esta declaraci\u00f3n de privacidad en cualquier momento. Todas las actualizaciones se mostrar\u00e1n en la p\u00e1gina de inicio del sitio y se le aconseja leer esta declaraci\u00f3n de privacidad todas las veces que accede a la p\u00e1gina web de POLYSOUDE. Todas las modificaciones o adiciones a esta declaraci\u00f3n de privacidad son aplicables tan pronto sean posteadas en el sitio web de POLYSOUDE.<\/p>\n","protected":false},"excerpt":{"rendered":"<p>P\u00e1gina web publicada por: Nombre legal de la compa\u00f1\u00eda: POLYSOUDE SAS Direcci\u00f3n de sede corporativa: POLYSOUDE SAS 2 rue Paul Beaup\u00e8re 44300 NANTES Francia RCS : Nantes B 858 800 931 &#8211; Greffe de NANTES Editor en jefe: Gerente del departamento de comunicaciones Tel.: +33 (2) 40 68 57 34 Sitio web alojado por Datacampus, [&hellip;]<\/p>\n","protected":false},"author":1,"featured_media":0,"parent":0,"menu_order":0,"comment_status":"closed","ping_status":"closed","template":"","meta":{"_acf_changed":false,"footnotes":""},"class_list":["post-8618","page","type-page","status-publish","hentry"],"acf":[],"yoast_head":"<!-- This site is optimized with the Yoast SEO plugin v27.3 - https:\/\/yoast.com\/product\/yoast-seo-wordpress\/ -->\n<title>Informaci\u00f3n legal | Polysoude<\/title>\n<meta name=\"description\" content=\"P\u00e1gina web publicada por: Nombre legal de la compa\u00f1\u00eda: POLYSOUDE SAS Direcci\u00f3n de sede corporativa: POLYSOUDE SAS 2 rue Paul Beaup\u00e8re 44300 NANTES Francia\" \/>\n<meta name=\"robots\" content=\"index, follow, max-snippet:-1, max-image-preview:large, max-video-preview:-1\" \/>\n<link rel=\"canonical\" href=\"https:\/\/www.polysoude.com\/es\/informacion-legal\/\" \/>\n<meta property=\"og:locale\" content=\"es_ES\" \/>\n<meta property=\"og:type\" content=\"article\" \/>\n<meta property=\"og:title\" content=\"Informaci\u00f3n legal | Polysoude\" \/>\n<meta property=\"og:description\" content=\"P\u00e1gina web publicada por: Nombre legal de la compa\u00f1\u00eda: POLYSOUDE SAS Direcci\u00f3n de sede corporativa: POLYSOUDE SAS 2 rue Paul Beaup\u00e8re 44300 NANTES Francia\" \/>\n<meta property=\"og:url\" content=\"https:\/\/www.polysoude.com\/es\/informacion-legal\/\" \/>\n<meta property=\"og:site_name\" content=\"Polysoude\" \/>\n<meta property=\"article:publisher\" content=\"https:\/\/www.facebook.com\/Polysoude\/\" \/>\n<meta property=\"article:modified_time\" content=\"2022-03-11T13:13:58+00:00\" \/>\n<meta property=\"og:image\" content=\"https:\/\/www.polysoude.com\/wp-content\/uploads\/2022\/07\/Polysoude_Logo_signature_fond-transparent_600dpi_300mm_RVB-e1658123578778.png\" \/>\n\t<meta property=\"og:image:width\" content=\"465\" \/>\n\t<meta property=\"og:image:height\" content=\"86\" \/>\n\t<meta property=\"og:image:type\" content=\"image\/png\" \/>\n<meta name=\"twitter:card\" content=\"summary_large_image\" \/>\n<meta name=\"twitter:label1\" content=\"Tiempo de lectura\" \/>\n\t<meta name=\"twitter:data1\" content=\"8 minutes\" \/>\n<script type=\"application\/ld+json\" class=\"yoast-schema-graph\">{\"@context\":\"https:\\\/\\\/schema.org\",\"@graph\":[{\"@type\":\"WebPage\",\"@id\":\"https:\\\/\\\/www.polysoude.com\\\/es\\\/informacion-legal\\\/\",\"url\":\"https:\\\/\\\/www.polysoude.com\\\/es\\\/informacion-legal\\\/\",\"name\":\"Informaci\u00f3n legal | Polysoude\",\"isPartOf\":{\"@id\":\"https:\\\/\\\/www.polysoude.com\\\/es\\\/#website\"},\"datePublished\":\"2016-10-07T12:19:48+00:00\",\"dateModified\":\"2022-03-11T13:13:58+00:00\",\"description\":\"P\u00e1gina web publicada por: Nombre legal de la compa\u00f1\u00eda: POLYSOUDE SAS Direcci\u00f3n de sede corporativa: POLYSOUDE SAS 2 rue Paul Beaup\u00e8re 44300 NANTES Francia\",\"breadcrumb\":{\"@id\":\"https:\\\/\\\/www.polysoude.com\\\/es\\\/informacion-legal\\\/#breadcrumb\"},\"inLanguage\":\"es-ES\",\"potentialAction\":[{\"@type\":\"ReadAction\",\"target\":[\"https:\\\/\\\/www.polysoude.com\\\/es\\\/informacion-legal\\\/\"]}]},{\"@type\":\"BreadcrumbList\",\"@id\":\"https:\\\/\\\/www.polysoude.com\\\/es\\\/informacion-legal\\\/#breadcrumb\",\"itemListElement\":[{\"@type\":\"ListItem\",\"position\":1,\"name\":\"Home\",\"item\":\"https:\\\/\\\/www.polysoude.com\\\/es\\\/homepage\\\/\"},{\"@type\":\"ListItem\",\"position\":2,\"name\":\"Informaci\u00f3n legal\"}]},{\"@type\":\"WebSite\",\"@id\":\"https:\\\/\\\/www.polysoude.com\\\/es\\\/#website\",\"url\":\"https:\\\/\\\/www.polysoude.com\\\/es\\\/\",\"name\":\"Polysoude\",\"description\":\"The art of welding\",\"publisher\":{\"@id\":\"https:\\\/\\\/www.polysoude.com\\\/es\\\/#organization\"},\"alternateName\":\"Polysoude\",\"potentialAction\":[{\"@type\":\"SearchAction\",\"target\":{\"@type\":\"EntryPoint\",\"urlTemplate\":\"https:\\\/\\\/www.polysoude.com\\\/es\\\/?s={search_term_string}\"},\"query-input\":{\"@type\":\"PropertyValueSpecification\",\"valueRequired\":true,\"valueName\":\"search_term_string\"}}],\"inLanguage\":\"es-ES\"},{\"@type\":\"Organization\",\"@id\":\"https:\\\/\\\/www.polysoude.com\\\/es\\\/#organization\",\"name\":\"Polysoude\",\"alternateName\":\"Polysoude\",\"url\":\"https:\\\/\\\/www.polysoude.com\\\/es\\\/\",\"logo\":{\"@type\":\"ImageObject\",\"inLanguage\":\"es-ES\",\"@id\":\"https:\\\/\\\/www.polysoude.com\\\/es\\\/#\\\/schema\\\/logo\\\/image\\\/\",\"url\":\"https:\\\/\\\/www.polysoude.com\\\/wp-content\\\/uploads\\\/2022\\\/07\\\/Polysoude_Logo_signature_fond-transparent_600dpi_300mm_RVB-e1658123578778.png\",\"contentUrl\":\"https:\\\/\\\/www.polysoude.com\\\/wp-content\\\/uploads\\\/2022\\\/07\\\/Polysoude_Logo_signature_fond-transparent_600dpi_300mm_RVB-e1658123578778.png\",\"width\":465,\"height\":86,\"caption\":\"Polysoude\"},\"image\":{\"@id\":\"https:\\\/\\\/www.polysoude.com\\\/es\\\/#\\\/schema\\\/logo\\\/image\\\/\"},\"sameAs\":[\"https:\\\/\\\/www.facebook.com\\\/Polysoude\\\/\",\"https:\\\/\\\/www.linkedin.com\\\/company\\\/polysoude\\\/\",\"https:\\\/\\\/www.instagram.com\\\/polysoudeglobal\\\/\"]}]}<\/script>\n<!-- \/ Yoast SEO plugin. -->","yoast_head_json":{"title":"Informaci\u00f3n legal | Polysoude","description":"P\u00e1gina web publicada por: Nombre legal de la compa\u00f1\u00eda: POLYSOUDE SAS Direcci\u00f3n de sede corporativa: POLYSOUDE SAS 2 rue Paul Beaup\u00e8re 44300 NANTES Francia","robots":{"index":"index","follow":"follow","max-snippet":"max-snippet:-1","max-image-preview":"max-image-preview:large","max-video-preview":"max-video-preview:-1"},"canonical":"https:\/\/www.polysoude.com\/es\/informacion-legal\/","og_locale":"es_ES","og_type":"article","og_title":"Informaci\u00f3n legal | Polysoude","og_description":"P\u00e1gina web publicada por: Nombre legal de la compa\u00f1\u00eda: POLYSOUDE SAS Direcci\u00f3n de sede corporativa: POLYSOUDE SAS 2 rue Paul Beaup\u00e8re 44300 NANTES Francia","og_url":"https:\/\/www.polysoude.com\/es\/informacion-legal\/","og_site_name":"Polysoude","article_publisher":"https:\/\/www.facebook.com\/Polysoude\/","article_modified_time":"2022-03-11T13:13:58+00:00","og_image":[{"width":465,"height":86,"url":"https:\/\/www.polysoude.com\/wp-content\/uploads\/2022\/07\/Polysoude_Logo_signature_fond-transparent_600dpi_300mm_RVB-e1658123578778.png","type":"image\/png"}],"twitter_card":"summary_large_image","twitter_misc":{"Tiempo de lectura":"8 minutes"},"schema":{"@context":"https:\/\/schema.org","@graph":[{"@type":"WebPage","@id":"https:\/\/www.polysoude.com\/es\/informacion-legal\/","url":"https:\/\/www.polysoude.com\/es\/informacion-legal\/","name":"Informaci\u00f3n legal | Polysoude","isPartOf":{"@id":"https:\/\/www.polysoude.com\/es\/#website"},"datePublished":"2016-10-07T12:19:48+00:00","dateModified":"2022-03-11T13:13:58+00:00","description":"P\u00e1gina web publicada por: Nombre legal de la compa\u00f1\u00eda: POLYSOUDE SAS Direcci\u00f3n de sede corporativa: POLYSOUDE SAS 2 rue Paul Beaup\u00e8re 44300 NANTES Francia","breadcrumb":{"@id":"https:\/\/www.polysoude.com\/es\/informacion-legal\/#breadcrumb"},"inLanguage":"es-ES","potentialAction":[{"@type":"ReadAction","target":["https:\/\/www.polysoude.com\/es\/informacion-legal\/"]}]},{"@type":"BreadcrumbList","@id":"https:\/\/www.polysoude.com\/es\/informacion-legal\/#breadcrumb","itemListElement":[{"@type":"ListItem","position":1,"name":"Home","item":"https:\/\/www.polysoude.com\/es\/homepage\/"},{"@type":"ListItem","position":2,"name":"Informaci\u00f3n legal"}]},{"@type":"WebSite","@id":"https:\/\/www.polysoude.com\/es\/#website","url":"https:\/\/www.polysoude.com\/es\/","name":"Polysoude","description":"The art of welding","publisher":{"@id":"https:\/\/www.polysoude.com\/es\/#organization"},"alternateName":"Polysoude","potentialAction":[{"@type":"SearchAction","target":{"@type":"EntryPoint","urlTemplate":"https:\/\/www.polysoude.com\/es\/?s={search_term_string}"},"query-input":{"@type":"PropertyValueSpecification","valueRequired":true,"valueName":"search_term_string"}}],"inLanguage":"es-ES"},{"@type":"Organization","@id":"https:\/\/www.polysoude.com\/es\/#organization","name":"Polysoude","alternateName":"Polysoude","url":"https:\/\/www.polysoude.com\/es\/","logo":{"@type":"ImageObject","inLanguage":"es-ES","@id":"https:\/\/www.polysoude.com\/es\/#\/schema\/logo\/image\/","url":"https:\/\/www.polysoude.com\/wp-content\/uploads\/2022\/07\/Polysoude_Logo_signature_fond-transparent_600dpi_300mm_RVB-e1658123578778.png","contentUrl":"https:\/\/www.polysoude.com\/wp-content\/uploads\/2022\/07\/Polysoude_Logo_signature_fond-transparent_600dpi_300mm_RVB-e1658123578778.png","width":465,"height":86,"caption":"Polysoude"},"image":{"@id":"https:\/\/www.polysoude.com\/es\/#\/schema\/logo\/image\/"},"sameAs":["https:\/\/www.facebook.com\/Polysoude\/","https:\/\/www.linkedin.com\/company\/polysoude\/","https:\/\/www.instagram.com\/polysoudeglobal\/"]}]}},"_links":{"self":[{"href":"https:\/\/www.polysoude.com\/es\/wp-json\/wp\/v2\/pages\/8618","targetHints":{"allow":["GET"]}}],"collection":[{"href":"https:\/\/www.polysoude.com\/es\/wp-json\/wp\/v2\/pages"}],"about":[{"href":"https:\/\/www.polysoude.com\/es\/wp-json\/wp\/v2\/types\/page"}],"author":[{"embeddable":true,"href":"https:\/\/www.polysoude.com\/es\/wp-json\/wp\/v2\/users\/1"}],"replies":[{"embeddable":true,"href":"https:\/\/www.polysoude.com\/es\/wp-json\/wp\/v2\/comments?post=8618"}],"version-history":[{"count":10,"href":"https:\/\/www.polysoude.com\/es\/wp-json\/wp\/v2\/pages\/8618\/revisions"}],"predecessor-version":[{"id":38696,"href":"https:\/\/www.polysoude.com\/es\/wp-json\/wp\/v2\/pages\/8618\/revisions\/38696"}],"wp:attachment":[{"href":"https:\/\/www.polysoude.com\/es\/wp-json\/wp\/v2\/media?parent=8618"}],"curies":[{"name":"wp","href":"https:\/\/api.w.org\/{rel}","templated":true}]}}