{"id":14613,"date":"2018-02-08T14:00:04","date_gmt":"2018-02-08T13:00:04","guid":{"rendered":"http:\/\/www.polysoude.com\/a-propos-de-polysoude\/job-opportunities\/"},"modified":"2026-04-08T17:52:06","modified_gmt":"2026-04-08T15:52:06","slug":"polysoude-recrute","status":"publish","type":"page","link":"https:\/\/www.polysoude.com\/fr\/a-propos-de-polysoude\/polysoude-recrute\/","title":{"rendered":"Offres d&#8217;emploi"},"content":{"rendered":"\n<figure itemscope itemtype=\"https:\/\/schema.org\/ImageObject\">\n\t\t\t\t<img decoding=\"async\" src=\"https:\/\/www.polysoude.com\/wp-content\/uploads\/2016\/10\/shutterstock_400222735.jpg\" alt=\"shutterstock_400222735\" height=\"325\" width=\"1000\" title=\"shutterstock_400222735\" onerror=\"this.style.display='none'\" loading=\"lazy\" \/>\n\t<\/figure>\n\t<p>Afin de renforcer nos \u00e9quipes, nous proposons les postes suivants :<\/p>\n\t<h3><strong>Responsable financier france H\/F<\/strong><\/h3>\n<p>Polysoude &#8211; Nantes, FRANCE<\/p>\n\t\t\t<a href=\"https:\/\/www.polysoude.com\/wp-content\/uploads\/2026\/04\/Annonce-Responsable-Financier-2026.pdf\"  target=\"_blank\" rel=\"noopener nofollow\"    rel=\"noopener nofollow\">\n\t\t\t\t\t\tDescription\n\t\t\t\t\t<\/a>\n\t<h3><strong>Technicien.ne Soudeur Automatique H\/F<\/strong><\/h3>\n<p>Polysoude &#8211; Nantes, FRANCE<\/p>\n\t\t\t<a href=\"https:\/\/www.polysoude.com\/wp-content\/uploads\/2025\/06\/Technicien-Soudeur-Automatique-2025.pdf\"  target=\"_blank\" rel=\"noopener nofollow\"    rel=\"noopener nofollow\">\n\t\t\t\t\t\tDescription\n\t\t\t\t\t<\/a>\n\t<h3><strong>Responsable Gestion de projet H\/F<\/strong><\/h3>\n<p>Polysoude &#8211; Nantes, FRANCE<\/p>\n\t\t\t<a href=\"https:\/\/www.polysoude.com\/wp-content\/uploads\/2026\/01\/Annonce-PMO-2026.pdf\"  target=\"_blank\" rel=\"noopener nofollow\"    rel=\"noopener nofollow\">\n\t\t\t\t\t\tDescription\n\t\t\t\t\t<\/a>\n\t<h3><strong>Ing\u00e9nieur.e soudeur Automatique<\/strong><\/h3>\n<p>Polysoude &#8211; Nantes, FRANCE<\/p>\n\t\t\t<a href=\"https:\/\/www.polysoude.com\/wp-content\/uploads\/2025\/03\/Ingenieur-Soudeur-Automatique-2025.pdf\"  target=\"_blank\" rel=\"noopener nofollow\"    rel=\"noopener nofollow\">\n\t\t\t\t\t\tDescription\n\t\t\t\t\t<\/a>\n\t<h3><strong>Gestionnaire RH<\/strong><\/h3>\n<p>Polysoude &#8211; Nantes, FRANCE<\/p>\n\t\t\t<a href=\"https:\/\/www.polysoude.com\/wp-content\/uploads\/2026\/03\/Annonce-Gestionnaire-RH-2026.pdf\"  target=\"_blank\" rel=\"noopener nofollow\"    rel=\"noopener nofollow\">\n\t\t\t\t\t\tDescription\n\t\t\t\t\t<\/a>\n\t<h3>Acheteur fournitures industrielles<\/h3>\n<p>Polysoude &#8211; Nantes, FRANCE<\/p>\n\t\t\t<a href=\"https:\/\/www.polysoude.com\/wp-content\/uploads\/2026\/03\/Annonce-Acheteur-fournitures-industrielles-2026.pdf\"  target=\"_blank\" rel=\"noopener nofollow\"    rel=\"noopener nofollow\">\n\t\t\t\t\t\tDescription\n\t\t\t\t\t<\/a>\n\t<h3><strong>alternant.e concepteur bureau d&rsquo;etude electronique<\/strong><\/h3>\n<p>Polysoude &#8211; Nantes, FRANCE<\/p>\n\t\t\t<a href=\"https:\/\/www.polysoude.com\/wp-content\/uploads\/2026\/04\/Alternant-Concepteur-Bureau-Etude-Electrotechnique.pdf\"  target=\"_blank\" rel=\"noopener nofollow\"    rel=\"noopener nofollow\">\n\t\t\t\t\t\tDescription\n\t\t\t\t\t<\/a>\n\t<h3><strong>Charg\u00e9.e de communication \u00e9v\u00e8nementielle<\/strong><\/h3>\n<p>Polysoude &#8211; Nantes, FRANCE<\/p>\n\t\t\t<a href=\"https:\/\/www.polysoude.com\/wp-content\/uploads\/2026\/03\/Annonce-Charge-de-Communication-Evenementielle-2026.pdf\"  target=\"_blank\" rel=\"noopener nofollow\"    rel=\"noopener nofollow\">\n\t\t\t\t\t\tDescription\n\t\t\t\t\t<\/a>\n\t<h3><strong>Comptable fournisseurs H\/F<\/strong><\/h3>\n<p>Polysoude &#8211; Nantes, FRANCE<\/p>\n\t\t\t<a href=\"https:\/\/www.polysoude.com\/wp-content\/uploads\/2026\/04\/Annonce-Comptable-fournisseurs-CDD-2026.pdf\"  target=\"_blank\" rel=\"noopener nofollow\"    rel=\"noopener nofollow\">\n\t\t\t\t\t\tDescription\n\t\t\t\t\t<\/a>\n\t<p>Pour postuler, ou pour une candidature spontan\u00e9e, merci de vous adresser \u00e0 notre service Ressources Humaines:<\/p>\n<p>E-mail : <a href=\"mailto:recrutement@polysoude.com\">recrutement@polysoude.com<\/a><\/p>\n\t<h3>Dans le cadre de JOBSIN PAYS DE LA LOIRE &#8211; C\u00e9cile BAGLIONE, notre responsable RH, vous pr\u00e9sente Polysoude SAS :<\/h3>\n\t\t<iframe loading=\"lazy\" width=\"927\" height=\"522\" src=\"https:\/\/www.youtube.com\/embed\/qhZSTYXda3U\" title=\"JOBSIN PAYS DE LA LOIRE 2022 - C\u00e9cile BAGLIONE, POLYSOUDE\" frameborder=\"0\" allow=\"accelerometer; autoplay; clipboard-write; encrypted-media; gyroscope; picture-in-picture; web-share\" referrerpolicy=\"strict-origin-when-cross-origin\" allowfullscreen><\/iframe>\t\n\t<h3>Vous voulez en voir un peu plus ?<\/h3>\n<p>Voici quelques moments choisis de notre derni\u00e8re F\u00eate de l&rsquo;Et\u00e9 : th\u00e8me Pays et Couleurs. L&rsquo;occasion r\u00eav\u00e9e de se d\u00e9guiser pour les plus motiv\u00e9s et de cr\u00e9er un esprit d&rsquo;\u00e9quipe offrant fous rires et moments m\u00e9morables !<\/p>\n\t\t<iframe loading=\"lazy\" width=\"927\" height=\"522\" src=\"https:\/\/www.youtube.com\/embed\/UASdKTQo7kA\" title=\"Why Our Corporate Summer Party Was an Absolute Blast! Polysoude Chalenge 2\" frameborder=\"0\" allow=\"accelerometer; autoplay; clipboard-write; encrypted-media; gyroscope; picture-in-picture; web-share\" referrerpolicy=\"strict-origin-when-cross-origin\" allowfullscreen><\/iframe>\t\n\t<p><em>Conform\u00e9ment \u00e0 la loi pour la libert\u00e9 de choisir son avenir professionnel promulgu\u00e9e le 5 septembre 2018, la soci\u00e9t\u00e9 Polysoude publie son\u00a0<strong>Index Egalit\u00e9 Professionnelle Femmes-Hommes<\/strong>\u00a0permettant de mesurer les \u00e9ventuels \u00e9carts de salaires entre les hommes et les femmes (index valable en France).\u00a0<\/em><\/p>\n<em>Polysoude a obtenu\u00a0<strong>le score de 89 points sur 100 \u00e0 l&rsquo;index relatif aux \u00e9carts de r\u00e9mun\u00e9ration entre les femmes et les hommes en 2025.<br \/>\n<\/strong>(Pour information : score 2021 = 76\/100, score 2022 = 86\/100, score 2023 = 88\/100, 2024 = 89\/100)<\/em>\n<figure itemscope itemtype=\"https:\/\/schema.org\/ImageObject\">\n\t\t\t\t<a href=\"https:\/\/index-egapro.travail.gouv.fr\/\"  target=\"_blank\" rel=\"noopener nofollow\"  itemprop=\"url\">\n\t\t\t\t<img decoding=\"async\" src=\"https:\/\/www.polysoude.com\/wp-content\/uploads\/2022\/02\/Logo-Index-Egalit\u00e9-Professionnelle-Femmes-Hommes-300x275.png\" alt=\"Logo Index Egalit\u00e9 Professionnelle Femmes Hommes\" height=\"275\" width=\"300\" title=\"Logo Index Egalit\u00e9 Professionnelle Femmes Hommes\" onerror=\"this.style.display='none'\" loading=\"lazy\" \/>\n\t\t\t\t<\/a>\n\t<\/figure>\n\t<p>L&rsquo;Index de l&rsquo;\u00e9galit\u00e9 professionnelle a \u00e9t\u00e9 con\u00e7u pour faire progresser au sein des entreprises l&rsquo;\u00e9galit\u00e9 salariale entre les femmes et les hommes. Il permet aux entreprises de mesurer, en toute transparence, les \u00e9carts de r\u00e9mun\u00e9ration entre les sexes et de mettre en \u00e9vidence leurs points de progression. Lorsque des disparit\u00e9s salariales sont constat\u00e9es, des mesures de correction doivent \u00eatre prises.<\/p>\n\n","protected":false},"excerpt":{"rendered":"<p>Afin de renforcer nos \u00e9quipes, nous proposons les postes suivants : Responsable financier france H\/F Polysoude &#8211; Nantes, FRANCE Description Technicien.ne Soudeur Automatique H\/F Polysoude &#8211; Nantes, FRANCE Description Responsable Gestion de projet H\/F Polysoude &#8211; Nantes, FRANCE Description Ing\u00e9nieur.e soudeur Automatique Polysoude &#8211; Nantes, FRANCE Description Gestionnaire RH Polysoude &#8211; Nantes, FRANCE Description Acheteur [&hellip;]<\/p>\n","protected":false},"author":3,"featured_media":25499,"parent":364,"menu_order":5,"comment_status":"closed","ping_status":"closed","template":"page-contenu.php","meta":{"_acf_changed":false,"footnotes":""},"class_list":["post-14613","page","type-page","status-publish","has-post-thumbnail","hentry"],"acf":[],"yoast_head":"<!-- This site is optimized with the Yoast SEO plugin v27.3 - https:\/\/yoast.com\/product\/yoast-seo-wordpress\/ -->\n<title>Offres d&#039;emploi | Polysoude<\/title>\n<meta name=\"description\" content=\"Afin de renforcer nos \u00e9quipes, nous proposons les postes suivants : Responsable financier france H\/F Polysoude - Nantes, FRANCE Description Technicien.ne\" \/>\n<meta name=\"robots\" content=\"index, follow, max-snippet:-1, max-image-preview:large, max-video-preview:-1\" \/>\n<link rel=\"canonical\" href=\"https:\/\/www.polysoude.com\/fr\/a-propos-de-polysoude\/polysoude-recrute\/\" \/>\n<meta property=\"og:locale\" content=\"fr_FR\" \/>\n<meta property=\"og:type\" content=\"article\" \/>\n<meta property=\"og:title\" content=\"Offres d&#039;emploi | Polysoude\" \/>\n<meta property=\"og:description\" content=\"Afin de renforcer nos \u00e9quipes, nous proposons les postes suivants : Responsable financier france H\/F Polysoude - Nantes, FRANCE Description Technicien.ne\" \/>\n<meta property=\"og:url\" content=\"https:\/\/www.polysoude.com\/fr\/a-propos-de-polysoude\/polysoude-recrute\/\" \/>\n<meta property=\"og:site_name\" content=\"Polysoude\" \/>\n<meta property=\"article:publisher\" content=\"https:\/\/www.facebook.com\/Polysoude\/\" \/>\n<meta property=\"article:modified_time\" content=\"2026-04-08T15:52:06+00:00\" \/>\n<meta property=\"og:image\" content=\"https:\/\/www.polysoude.com\/wp-content\/uploads\/2022\/07\/Polysoude_Logo_signature_fond-transparent_600dpi_300mm_RVB-e1658123578778.png\" \/>\n\t<meta property=\"og:image:width\" content=\"465\" \/>\n\t<meta property=\"og:image:height\" content=\"86\" \/>\n\t<meta property=\"og:image:type\" content=\"image\/png\" \/>\n<meta name=\"twitter:card\" content=\"summary_large_image\" \/>\n<meta name=\"twitter:label1\" content=\"Dur\u00e9e de lecture estim\u00e9e\" \/>\n\t<meta name=\"twitter:data1\" content=\"1 minute\" \/>\n<script type=\"application\/ld+json\" class=\"yoast-schema-graph\">{\"@context\":\"https:\\\/\\\/schema.org\",\"@graph\":[{\"@type\":\"WebPage\",\"@id\":\"https:\\\/\\\/www.polysoude.com\\\/fr\\\/a-propos-de-polysoude\\\/polysoude-recrute\\\/\",\"url\":\"https:\\\/\\\/www.polysoude.com\\\/fr\\\/a-propos-de-polysoude\\\/polysoude-recrute\\\/\",\"name\":\"Offres d'emploi | Polysoude\",\"isPartOf\":{\"@id\":\"https:\\\/\\\/www.polysoude.com\\\/fr\\\/#website\"},\"primaryImageOfPage\":{\"@id\":\"https:\\\/\\\/www.polysoude.com\\\/fr\\\/a-propos-de-polysoude\\\/polysoude-recrute\\\/#primaryimage\"},\"image\":{\"@id\":\"https:\\\/\\\/www.polysoude.com\\\/fr\\\/a-propos-de-polysoude\\\/polysoude-recrute\\\/#primaryimage\"},\"thumbnailUrl\":\"https:\\\/\\\/www.polysoude.com\\\/wp-content\\\/uploads\\\/2019\\\/06\\\/Job-annonce-3.jpg\",\"datePublished\":\"2018-02-08T13:00:04+00:00\",\"dateModified\":\"2026-04-08T15:52:06+00:00\",\"description\":\"Afin de renforcer nos \u00e9quipes, nous proposons les postes suivants : Responsable financier france H\\\/F Polysoude - Nantes, FRANCE Description Technicien.ne\",\"breadcrumb\":{\"@id\":\"https:\\\/\\\/www.polysoude.com\\\/fr\\\/a-propos-de-polysoude\\\/polysoude-recrute\\\/#breadcrumb\"},\"inLanguage\":\"fr-FR\",\"potentialAction\":[{\"@type\":\"ReadAction\",\"target\":[\"https:\\\/\\\/www.polysoude.com\\\/fr\\\/a-propos-de-polysoude\\\/polysoude-recrute\\\/\"]}]},{\"@type\":\"ImageObject\",\"inLanguage\":\"fr-FR\",\"@id\":\"https:\\\/\\\/www.polysoude.com\\\/fr\\\/a-propos-de-polysoude\\\/polysoude-recrute\\\/#primaryimage\",\"url\":\"https:\\\/\\\/www.polysoude.com\\\/wp-content\\\/uploads\\\/2019\\\/06\\\/Job-annonce-3.jpg\",\"contentUrl\":\"https:\\\/\\\/www.polysoude.com\\\/wp-content\\\/uploads\\\/2019\\\/06\\\/Job-annonce-3.jpg\",\"width\":500,\"height\":500},{\"@type\":\"BreadcrumbList\",\"@id\":\"https:\\\/\\\/www.polysoude.com\\\/fr\\\/a-propos-de-polysoude\\\/polysoude-recrute\\\/#breadcrumb\",\"itemListElement\":[{\"@type\":\"ListItem\",\"position\":1,\"name\":\"Home\",\"item\":\"https:\\\/\\\/www.polysoude.com\\\/fr\\\/accueil\\\/\"},{\"@type\":\"ListItem\",\"position\":2,\"name\":\"A propos de Polysoude\",\"item\":\"https:\\\/\\\/www.polysoude.com\\\/fr\\\/a-propos-de-polysoude\\\/\"},{\"@type\":\"ListItem\",\"position\":3,\"name\":\"Offres d&#8217;emploi\"}]},{\"@type\":\"WebSite\",\"@id\":\"https:\\\/\\\/www.polysoude.com\\\/fr\\\/#website\",\"url\":\"https:\\\/\\\/www.polysoude.com\\\/fr\\\/\",\"name\":\"Polysoude\",\"description\":\"The art of welding\",\"publisher\":{\"@id\":\"https:\\\/\\\/www.polysoude.com\\\/fr\\\/#organization\"},\"alternateName\":\"Polysoude\",\"potentialAction\":[{\"@type\":\"SearchAction\",\"target\":{\"@type\":\"EntryPoint\",\"urlTemplate\":\"https:\\\/\\\/www.polysoude.com\\\/fr\\\/?s={search_term_string}\"},\"query-input\":{\"@type\":\"PropertyValueSpecification\",\"valueRequired\":true,\"valueName\":\"search_term_string\"}}],\"inLanguage\":\"fr-FR\"},{\"@type\":\"Organization\",\"@id\":\"https:\\\/\\\/www.polysoude.com\\\/fr\\\/#organization\",\"name\":\"Polysoude\",\"alternateName\":\"Polysoude\",\"url\":\"https:\\\/\\\/www.polysoude.com\\\/fr\\\/\",\"logo\":{\"@type\":\"ImageObject\",\"inLanguage\":\"fr-FR\",\"@id\":\"https:\\\/\\\/www.polysoude.com\\\/fr\\\/#\\\/schema\\\/logo\\\/image\\\/\",\"url\":\"https:\\\/\\\/www.polysoude.com\\\/wp-content\\\/uploads\\\/2022\\\/07\\\/Polysoude_Logo_signature_fond-transparent_600dpi_300mm_RVB-e1658123578778.png\",\"contentUrl\":\"https:\\\/\\\/www.polysoude.com\\\/wp-content\\\/uploads\\\/2022\\\/07\\\/Polysoude_Logo_signature_fond-transparent_600dpi_300mm_RVB-e1658123578778.png\",\"width\":465,\"height\":86,\"caption\":\"Polysoude\"},\"image\":{\"@id\":\"https:\\\/\\\/www.polysoude.com\\\/fr\\\/#\\\/schema\\\/logo\\\/image\\\/\"},\"sameAs\":[\"https:\\\/\\\/www.facebook.com\\\/Polysoude\\\/\",\"https:\\\/\\\/www.linkedin.com\\\/company\\\/polysoude\\\/\",\"https:\\\/\\\/www.instagram.com\\\/polysoudeglobal\\\/\"]}]}<\/script>\n<!-- \/ Yoast SEO plugin. -->","yoast_head_json":{"title":"Offres d'emploi | Polysoude","description":"Afin de renforcer nos \u00e9quipes, nous proposons les postes suivants : Responsable financier france H\/F Polysoude - Nantes, FRANCE Description Technicien.ne","robots":{"index":"index","follow":"follow","max-snippet":"max-snippet:-1","max-image-preview":"max-image-preview:large","max-video-preview":"max-video-preview:-1"},"canonical":"https:\/\/www.polysoude.com\/fr\/a-propos-de-polysoude\/polysoude-recrute\/","og_locale":"fr_FR","og_type":"article","og_title":"Offres d'emploi | Polysoude","og_description":"Afin de renforcer nos \u00e9quipes, nous proposons les postes suivants : Responsable financier france H\/F Polysoude - Nantes, FRANCE Description Technicien.ne","og_url":"https:\/\/www.polysoude.com\/fr\/a-propos-de-polysoude\/polysoude-recrute\/","og_site_name":"Polysoude","article_publisher":"https:\/\/www.facebook.com\/Polysoude\/","article_modified_time":"2026-04-08T15:52:06+00:00","og_image":[{"width":465,"height":86,"url":"https:\/\/www.polysoude.com\/wp-content\/uploads\/2022\/07\/Polysoude_Logo_signature_fond-transparent_600dpi_300mm_RVB-e1658123578778.png","type":"image\/png"}],"twitter_card":"summary_large_image","twitter_misc":{"Dur\u00e9e de lecture estim\u00e9e":"1 minute"},"schema":{"@context":"https:\/\/schema.org","@graph":[{"@type":"WebPage","@id":"https:\/\/www.polysoude.com\/fr\/a-propos-de-polysoude\/polysoude-recrute\/","url":"https:\/\/www.polysoude.com\/fr\/a-propos-de-polysoude\/polysoude-recrute\/","name":"Offres d'emploi | Polysoude","isPartOf":{"@id":"https:\/\/www.polysoude.com\/fr\/#website"},"primaryImageOfPage":{"@id":"https:\/\/www.polysoude.com\/fr\/a-propos-de-polysoude\/polysoude-recrute\/#primaryimage"},"image":{"@id":"https:\/\/www.polysoude.com\/fr\/a-propos-de-polysoude\/polysoude-recrute\/#primaryimage"},"thumbnailUrl":"https:\/\/www.polysoude.com\/wp-content\/uploads\/2019\/06\/Job-annonce-3.jpg","datePublished":"2018-02-08T13:00:04+00:00","dateModified":"2026-04-08T15:52:06+00:00","description":"Afin de renforcer nos \u00e9quipes, nous proposons les postes suivants : Responsable financier france H\/F Polysoude - Nantes, FRANCE Description Technicien.ne","breadcrumb":{"@id":"https:\/\/www.polysoude.com\/fr\/a-propos-de-polysoude\/polysoude-recrute\/#breadcrumb"},"inLanguage":"fr-FR","potentialAction":[{"@type":"ReadAction","target":["https:\/\/www.polysoude.com\/fr\/a-propos-de-polysoude\/polysoude-recrute\/"]}]},{"@type":"ImageObject","inLanguage":"fr-FR","@id":"https:\/\/www.polysoude.com\/fr\/a-propos-de-polysoude\/polysoude-recrute\/#primaryimage","url":"https:\/\/www.polysoude.com\/wp-content\/uploads\/2019\/06\/Job-annonce-3.jpg","contentUrl":"https:\/\/www.polysoude.com\/wp-content\/uploads\/2019\/06\/Job-annonce-3.jpg","width":500,"height":500},{"@type":"BreadcrumbList","@id":"https:\/\/www.polysoude.com\/fr\/a-propos-de-polysoude\/polysoude-recrute\/#breadcrumb","itemListElement":[{"@type":"ListItem","position":1,"name":"Home","item":"https:\/\/www.polysoude.com\/fr\/accueil\/"},{"@type":"ListItem","position":2,"name":"A propos de Polysoude","item":"https:\/\/www.polysoude.com\/fr\/a-propos-de-polysoude\/"},{"@type":"ListItem","position":3,"name":"Offres d&#8217;emploi"}]},{"@type":"WebSite","@id":"https:\/\/www.polysoude.com\/fr\/#website","url":"https:\/\/www.polysoude.com\/fr\/","name":"Polysoude","description":"The art of welding","publisher":{"@id":"https:\/\/www.polysoude.com\/fr\/#organization"},"alternateName":"Polysoude","potentialAction":[{"@type":"SearchAction","target":{"@type":"EntryPoint","urlTemplate":"https:\/\/www.polysoude.com\/fr\/?s={search_term_string}"},"query-input":{"@type":"PropertyValueSpecification","valueRequired":true,"valueName":"search_term_string"}}],"inLanguage":"fr-FR"},{"@type":"Organization","@id":"https:\/\/www.polysoude.com\/fr\/#organization","name":"Polysoude","alternateName":"Polysoude","url":"https:\/\/www.polysoude.com\/fr\/","logo":{"@type":"ImageObject","inLanguage":"fr-FR","@id":"https:\/\/www.polysoude.com\/fr\/#\/schema\/logo\/image\/","url":"https:\/\/www.polysoude.com\/wp-content\/uploads\/2022\/07\/Polysoude_Logo_signature_fond-transparent_600dpi_300mm_RVB-e1658123578778.png","contentUrl":"https:\/\/www.polysoude.com\/wp-content\/uploads\/2022\/07\/Polysoude_Logo_signature_fond-transparent_600dpi_300mm_RVB-e1658123578778.png","width":465,"height":86,"caption":"Polysoude"},"image":{"@id":"https:\/\/www.polysoude.com\/fr\/#\/schema\/logo\/image\/"},"sameAs":["https:\/\/www.facebook.com\/Polysoude\/","https:\/\/www.linkedin.com\/company\/polysoude\/","https:\/\/www.instagram.com\/polysoudeglobal\/"]}]}},"_links":{"self":[{"href":"https:\/\/www.polysoude.com\/fr\/wp-json\/wp\/v2\/pages\/14613","targetHints":{"allow":["GET"]}}],"collection":[{"href":"https:\/\/www.polysoude.com\/fr\/wp-json\/wp\/v2\/pages"}],"about":[{"href":"https:\/\/www.polysoude.com\/fr\/wp-json\/wp\/v2\/types\/page"}],"author":[{"embeddable":true,"href":"https:\/\/www.polysoude.com\/fr\/wp-json\/wp\/v2\/users\/3"}],"replies":[{"embeddable":true,"href":"https:\/\/www.polysoude.com\/fr\/wp-json\/wp\/v2\/comments?post=14613"}],"version-history":[{"count":13,"href":"https:\/\/www.polysoude.com\/fr\/wp-json\/wp\/v2\/pages\/14613\/revisions"}],"predecessor-version":[{"id":53124,"href":"https:\/\/www.polysoude.com\/fr\/wp-json\/wp\/v2\/pages\/14613\/revisions\/53124"}],"up":[{"embeddable":true,"href":"https:\/\/www.polysoude.com\/fr\/wp-json\/wp\/v2\/pages\/364"}],"wp:featuredmedia":[{"embeddable":true,"href":"https:\/\/www.polysoude.com\/fr\/wp-json\/wp\/v2\/media\/25499"}],"wp:attachment":[{"href":"https:\/\/www.polysoude.com\/fr\/wp-json\/wp\/v2\/media?parent=14613"}],"curies":[{"name":"wp","href":"https:\/\/api.w.org\/{rel}","templated":true}]}}