{"id":25222,"date":"2022-04-03T09:56:00","date_gmt":"2022-04-03T07:56:00","guid":{"rendered":"https:\/\/www.polysoude.com\/preparation-de-tubes\/"},"modified":"2022-10-27T16:26:51","modified_gmt":"2022-10-27T14:26:51","slug":"usinage-tube","status":"publish","type":"page","link":"https:\/\/www.polysoude.com\/fr\/usinage-tube\/","title":{"rendered":"Pr\u00e9paration de tubes"},"content":{"rendered":"\n\t<h2>UNE SOUDURE PARFAITE VA DE PAIR AVEC UNE PREPARATION PARFAITE <\/h2>\n<h3><strong>Qu&rsquo;est-ce que la pr\u00e9paration de l&rsquo;extr\u00e9mit\u00e9 d&rsquo;un tube ?<\/strong><\/h3>\nLa pr\u00e9paration de l&rsquo;extr\u00e9mit\u00e9 des tubes et des tuyaux est un processus critique, qui est essentiel \u00e0 la cr\u00e9ation de joints soud\u00e9s parfaits sur les conduites et les tuyaux. La pr\u00e9paration peut comprendre : la coupe, le dressage, l&rsquo;\u00e9querrage, le chanfreinage ou le d\u00e9lardage, mais chaque op\u00e9ration doit \u00eatre effectu\u00e9e r\u00e9guli\u00e8rement et avec pr\u00e9cision, afin que la pr\u00e9paration de la conduite soit de la m\u00eame qualit\u00e9, constante et pouvant \u00eatre r\u00e9p\u00e9t\u00e9e \u00e0 chaque fois !<br \/>\nUne pr\u00e9paration pr\u00e9cise de la conduite\u00a0:<br \/>\n&#8211; Assure un alignement parfait des conduites<br \/>\n&#8211; R\u00e9alise des joints soud\u00e9s sans fuite<br \/>\n&#8211; R\u00e9duit le risque de contamination en cr\u00e9ant une \u00e9tanch\u00e9it\u00e9 optimale<br \/>\nLes technologies de <a href=\"https:\/\/www.polysoude.com\/fr\/soudage-tig-automatise\/\">soudage automatis\u00e9<\/a> sont directement am\u00e9lior\u00e9es par la qualit\u00e9 et le soin investis dans la pr\u00e9paration des extr\u00e9mit\u00e9s des conduites.\n\t<h3><strong>Pourquoi choisir un \u00e9quipement Polysoude\u00a0?<\/strong><\/h3>\n<p><a href=\"https:\/\/www.polysoude.com\/fr\/\">POLYSOUDE<\/a> et son partenaire PROTEM proposent une large gamme d&rsquo;outils, de machines et de services sp\u00e9cialis\u00e9s et \u00e0 la pointe de la technologie pour une pr\u00e9paration efficace, de haute qualit\u00e9 et \u00e9conomique des extr\u00e9mit\u00e9s de conduites et de tuyaux, ainsi que pour l&rsquo;usinage des brides et des vannes. Notre \u00e9quipement de coupe et de chanfreinage m\u00e9canis\u00e9 est facile \u00e0 utiliser :<\/p>\n<ul>\n<li>\u00c9conomiquement avantageux<\/li>\n<li>Disponible en version portable, mobile ou fixe.<\/li>\n<li>Assure une productivit\u00e9 accrue<\/li>\n<li>Garantit des r\u00e9sultats de soudage de premi\u00e8re qualit\u00e9 pour des extr\u00e9mit\u00e9s de conduites de qualit\u00e9 et standardis\u00e9es.<\/li>\n<\/ul>\n<p>En outre, POLYSOUDE peut offrir des solutions compl\u00e8tes cl\u00e9 en main, combinant le soudage orbital avec les \u00e9quipements de pr\u00e9paration de conduites les plus appropri\u00e9s, afin d&rsquo;assurer une soudure parfaite et de haute qualit\u00e9 \u00e0 ses clients\u00a0!<\/p>\n<p>L&rsquo;\u00e9quipement est adapt\u00e9 \u00e0 tous les types d&rsquo;applications utilisant des proc\u00e9d\u00e9s de soudage orbital pour la pr\u00e9paration d&rsquo;extr\u00e9mit\u00e9s de conduites, de brides et de vannes, dans les domaines suivants\u00a0:<\/p>\n<ul>\n<li>A\u00e9ronautique \/ A\u00e9rospatiale<\/li>\n<li>Chimie &#8211; Industrie alimentaire<\/li>\n<li>Centrales \u00e0 combustibles fossiles<\/li>\n<li>\u00c9changeurs de chaleur \/ Chaudi\u00e8res<\/li>\n<li>Centrales nucl\u00e9aires, construction et maintenance<\/li>\n<li>Exploration, transformation et transport de p\u00e9trole et de gaz<\/li>\n<li>Industrie pharmaceutique<\/li>\n<li>\u00c9nergies renouvelables<\/li>\n<li>Semi-conducteurs<\/li>\n<\/ul>\n<p>&nbsp;<\/p>\n<p><strong>Lorsqu&rsquo;une soudure de haute qualit\u00e9 est n\u00e9cessaire, une pr\u00e9paration parfaite de la conduite est essentielle\u00a0!<\/strong><\/p>\n<h3>\n\t\tT\u00e9moignages d&rsquo;experts &#8211; En savoir plus sur notre passion pour le soudage :\n\t<\/h3>\n\t\t\t<a href=\"https:\/\/www.polysoude.com\/fr\/importance-de-la-preparation-des-electrodes-dans-le-soudage-orbital\/\" target=\"_blank\" role=\"button\" rel=\"noopener noreferrer\">\n\t\t\t\t\t\t\tL&rsquo;importance de la pr\u00e9paration des \u00e9lectrodes\n\t\t\t\t\t<\/a>\n","protected":false},"excerpt":{"rendered":"<p>UNE SOUDURE PARFAITE VA DE PAIR AVEC UNE PREPARATION PARFAITE Qu&rsquo;est-ce que la pr\u00e9paration de l&rsquo;extr\u00e9mit\u00e9 d&rsquo;un tube ? La pr\u00e9paration de l&rsquo;extr\u00e9mit\u00e9 des tubes et des tuyaux est un processus critique, qui est essentiel \u00e0 la cr\u00e9ation de joints soud\u00e9s parfaits sur les conduites et les tuyaux. La pr\u00e9paration peut comprendre : la coupe, [&hellip;]<\/p>\n","protected":false},"author":3,"featured_media":0,"parent":0,"menu_order":0,"comment_status":"closed","ping_status":"closed","template":"page-parent.php","meta":{"_acf_changed":false,"footnotes":""},"class_list":["post-25222","page","type-page","status-publish","hentry"],"acf":[],"yoast_head":"<!-- This site is optimized with the Yoast SEO plugin v27.3 - https:\/\/yoast.com\/product\/yoast-seo-wordpress\/ -->\n<title>Pr\u00e9paration de tubes et tuyaux<\/title>\n<meta name=\"description\" content=\"D\u00e9couvrez notre gamme d&#039;\u00e9quipements portables pour l&#039;usinage pr\u00e9cis de tubes et de tuyaux, facilitant des op\u00e9rations telles que la coupe, le dressage et le chanfreinage. Nos \u00e9quipements de coupe et de chanfreinage m\u00e9canis\u00e9s et conviviaux sont \u00e9conomiquement avantageux, assurant une productivit\u00e9 accrue et garantissant des r\u00e9sultats de soudage de premi\u00e8re qualit\u00e9 pour des extr\u00e9mit\u00e9s de tubes standardis\u00e9es et de qualit\u00e9.\" \/>\n<meta name=\"robots\" content=\"index, follow, max-snippet:-1, max-image-preview:large, max-video-preview:-1\" \/>\n<link rel=\"canonical\" href=\"https:\/\/www.polysoude.com\/fr\/usinage-tube\/\" \/>\n<meta property=\"og:locale\" content=\"fr_FR\" \/>\n<meta property=\"og:type\" content=\"article\" \/>\n<meta property=\"og:title\" content=\"Pr\u00e9paration de tubes et tuyaux\" \/>\n<meta property=\"og:description\" content=\"D\u00e9couvrez notre gamme d&#039;\u00e9quipements portables pour l&#039;usinage pr\u00e9cis de tubes et de tuyaux, facilitant des op\u00e9rations telles que la coupe, le dressage et le chanfreinage. Nos \u00e9quipements de coupe et de chanfreinage m\u00e9canis\u00e9s et conviviaux sont \u00e9conomiquement avantageux, assurant une productivit\u00e9 accrue et garantissant des r\u00e9sultats de soudage de premi\u00e8re qualit\u00e9 pour des extr\u00e9mit\u00e9s de tubes standardis\u00e9es et de qualit\u00e9.\" \/>\n<meta property=\"og:url\" content=\"https:\/\/www.polysoude.com\/fr\/usinage-tube\/\" \/>\n<meta property=\"og:site_name\" content=\"Polysoude\" \/>\n<meta property=\"article:publisher\" content=\"https:\/\/www.facebook.com\/Polysoude\/\" \/>\n<meta property=\"article:modified_time\" content=\"2022-10-27T14:26:51+00:00\" \/>\n<meta name=\"twitter:card\" content=\"summary_large_image\" \/>\n<meta name=\"twitter:label1\" content=\"Dur\u00e9e de lecture estim\u00e9e\" \/>\n\t<meta name=\"twitter:data1\" content=\"2 minutes\" \/>\n<script type=\"application\/ld+json\" class=\"yoast-schema-graph\">{\"@context\":\"https:\\\/\\\/schema.org\",\"@graph\":[{\"@type\":\"WebPage\",\"@id\":\"https:\\\/\\\/www.polysoude.com\\\/fr\\\/usinage-tube\\\/\",\"url\":\"https:\\\/\\\/www.polysoude.com\\\/fr\\\/usinage-tube\\\/\",\"name\":\"Pr\u00e9paration de tubes et tuyaux\",\"isPartOf\":{\"@id\":\"https:\\\/\\\/www.polysoude.com\\\/fr\\\/#website\"},\"datePublished\":\"2022-04-03T07:56:00+00:00\",\"dateModified\":\"2022-10-27T14:26:51+00:00\",\"description\":\"D\u00e9couvrez notre gamme d'\u00e9quipements portables pour l'usinage pr\u00e9cis de tubes et de tuyaux, facilitant des op\u00e9rations telles que la coupe, le dressage et le chanfreinage. Nos \u00e9quipements de coupe et de chanfreinage m\u00e9canis\u00e9s et conviviaux sont \u00e9conomiquement avantageux, assurant une productivit\u00e9 accrue et garantissant des r\u00e9sultats de soudage de premi\u00e8re qualit\u00e9 pour des extr\u00e9mit\u00e9s de tubes standardis\u00e9es et de qualit\u00e9.\",\"breadcrumb\":{\"@id\":\"https:\\\/\\\/www.polysoude.com\\\/fr\\\/usinage-tube\\\/#breadcrumb\"},\"inLanguage\":\"fr-FR\",\"potentialAction\":[{\"@type\":\"ReadAction\",\"target\":[\"https:\\\/\\\/www.polysoude.com\\\/fr\\\/usinage-tube\\\/\"]}]},{\"@type\":\"BreadcrumbList\",\"@id\":\"https:\\\/\\\/www.polysoude.com\\\/fr\\\/usinage-tube\\\/#breadcrumb\",\"itemListElement\":[{\"@type\":\"ListItem\",\"position\":1,\"name\":\"Home\",\"item\":\"https:\\\/\\\/www.polysoude.com\\\/fr\\\/accueil\\\/\"},{\"@type\":\"ListItem\",\"position\":2,\"name\":\"Pr\u00e9paration de tubes\"}]},{\"@type\":\"WebSite\",\"@id\":\"https:\\\/\\\/www.polysoude.com\\\/fr\\\/#website\",\"url\":\"https:\\\/\\\/www.polysoude.com\\\/fr\\\/\",\"name\":\"Polysoude\",\"description\":\"The art of welding\",\"publisher\":{\"@id\":\"https:\\\/\\\/www.polysoude.com\\\/fr\\\/#organization\"},\"alternateName\":\"Polysoude\",\"potentialAction\":[{\"@type\":\"SearchAction\",\"target\":{\"@type\":\"EntryPoint\",\"urlTemplate\":\"https:\\\/\\\/www.polysoude.com\\\/fr\\\/?s={search_term_string}\"},\"query-input\":{\"@type\":\"PropertyValueSpecification\",\"valueRequired\":true,\"valueName\":\"search_term_string\"}}],\"inLanguage\":\"fr-FR\"},{\"@type\":\"Organization\",\"@id\":\"https:\\\/\\\/www.polysoude.com\\\/fr\\\/#organization\",\"name\":\"Polysoude\",\"alternateName\":\"Polysoude\",\"url\":\"https:\\\/\\\/www.polysoude.com\\\/fr\\\/\",\"logo\":{\"@type\":\"ImageObject\",\"inLanguage\":\"fr-FR\",\"@id\":\"https:\\\/\\\/www.polysoude.com\\\/fr\\\/#\\\/schema\\\/logo\\\/image\\\/\",\"url\":\"https:\\\/\\\/www.polysoude.com\\\/wp-content\\\/uploads\\\/2022\\\/07\\\/Polysoude_Logo_signature_fond-transparent_600dpi_300mm_RVB-e1658123578778.png\",\"contentUrl\":\"https:\\\/\\\/www.polysoude.com\\\/wp-content\\\/uploads\\\/2022\\\/07\\\/Polysoude_Logo_signature_fond-transparent_600dpi_300mm_RVB-e1658123578778.png\",\"width\":465,\"height\":86,\"caption\":\"Polysoude\"},\"image\":{\"@id\":\"https:\\\/\\\/www.polysoude.com\\\/fr\\\/#\\\/schema\\\/logo\\\/image\\\/\"},\"sameAs\":[\"https:\\\/\\\/www.facebook.com\\\/Polysoude\\\/\",\"https:\\\/\\\/www.linkedin.com\\\/company\\\/polysoude\\\/\",\"https:\\\/\\\/www.instagram.com\\\/polysoudeglobal\\\/\"]}]}<\/script>\n<!-- \/ Yoast SEO plugin. -->","yoast_head_json":{"title":"Pr\u00e9paration de tubes et tuyaux","description":"D\u00e9couvrez notre gamme d'\u00e9quipements portables pour l'usinage pr\u00e9cis de tubes et de tuyaux, facilitant des op\u00e9rations telles que la coupe, le dressage et le chanfreinage. Nos \u00e9quipements de coupe et de chanfreinage m\u00e9canis\u00e9s et conviviaux sont \u00e9conomiquement avantageux, assurant une productivit\u00e9 accrue et garantissant des r\u00e9sultats de soudage de premi\u00e8re qualit\u00e9 pour des extr\u00e9mit\u00e9s de tubes standardis\u00e9es et de qualit\u00e9.","robots":{"index":"index","follow":"follow","max-snippet":"max-snippet:-1","max-image-preview":"max-image-preview:large","max-video-preview":"max-video-preview:-1"},"canonical":"https:\/\/www.polysoude.com\/fr\/usinage-tube\/","og_locale":"fr_FR","og_type":"article","og_title":"Pr\u00e9paration de tubes et tuyaux","og_description":"D\u00e9couvrez notre gamme d'\u00e9quipements portables pour l'usinage pr\u00e9cis de tubes et de tuyaux, facilitant des op\u00e9rations telles que la coupe, le dressage et le chanfreinage. Nos \u00e9quipements de coupe et de chanfreinage m\u00e9canis\u00e9s et conviviaux sont \u00e9conomiquement avantageux, assurant une productivit\u00e9 accrue et garantissant des r\u00e9sultats de soudage de premi\u00e8re qualit\u00e9 pour des extr\u00e9mit\u00e9s de tubes standardis\u00e9es et de qualit\u00e9.","og_url":"https:\/\/www.polysoude.com\/fr\/usinage-tube\/","og_site_name":"Polysoude","article_publisher":"https:\/\/www.facebook.com\/Polysoude\/","article_modified_time":"2022-10-27T14:26:51+00:00","twitter_card":"summary_large_image","twitter_misc":{"Dur\u00e9e de lecture estim\u00e9e":"2 minutes"},"schema":{"@context":"https:\/\/schema.org","@graph":[{"@type":"WebPage","@id":"https:\/\/www.polysoude.com\/fr\/usinage-tube\/","url":"https:\/\/www.polysoude.com\/fr\/usinage-tube\/","name":"Pr\u00e9paration de tubes et tuyaux","isPartOf":{"@id":"https:\/\/www.polysoude.com\/fr\/#website"},"datePublished":"2022-04-03T07:56:00+00:00","dateModified":"2022-10-27T14:26:51+00:00","description":"D\u00e9couvrez notre gamme d'\u00e9quipements portables pour l'usinage pr\u00e9cis de tubes et de tuyaux, facilitant des op\u00e9rations telles que la coupe, le dressage et le chanfreinage. Nos \u00e9quipements de coupe et de chanfreinage m\u00e9canis\u00e9s et conviviaux sont \u00e9conomiquement avantageux, assurant une productivit\u00e9 accrue et garantissant des r\u00e9sultats de soudage de premi\u00e8re qualit\u00e9 pour des extr\u00e9mit\u00e9s de tubes standardis\u00e9es et de qualit\u00e9.","breadcrumb":{"@id":"https:\/\/www.polysoude.com\/fr\/usinage-tube\/#breadcrumb"},"inLanguage":"fr-FR","potentialAction":[{"@type":"ReadAction","target":["https:\/\/www.polysoude.com\/fr\/usinage-tube\/"]}]},{"@type":"BreadcrumbList","@id":"https:\/\/www.polysoude.com\/fr\/usinage-tube\/#breadcrumb","itemListElement":[{"@type":"ListItem","position":1,"name":"Home","item":"https:\/\/www.polysoude.com\/fr\/accueil\/"},{"@type":"ListItem","position":2,"name":"Pr\u00e9paration de tubes"}]},{"@type":"WebSite","@id":"https:\/\/www.polysoude.com\/fr\/#website","url":"https:\/\/www.polysoude.com\/fr\/","name":"Polysoude","description":"The art of welding","publisher":{"@id":"https:\/\/www.polysoude.com\/fr\/#organization"},"alternateName":"Polysoude","potentialAction":[{"@type":"SearchAction","target":{"@type":"EntryPoint","urlTemplate":"https:\/\/www.polysoude.com\/fr\/?s={search_term_string}"},"query-input":{"@type":"PropertyValueSpecification","valueRequired":true,"valueName":"search_term_string"}}],"inLanguage":"fr-FR"},{"@type":"Organization","@id":"https:\/\/www.polysoude.com\/fr\/#organization","name":"Polysoude","alternateName":"Polysoude","url":"https:\/\/www.polysoude.com\/fr\/","logo":{"@type":"ImageObject","inLanguage":"fr-FR","@id":"https:\/\/www.polysoude.com\/fr\/#\/schema\/logo\/image\/","url":"https:\/\/www.polysoude.com\/wp-content\/uploads\/2022\/07\/Polysoude_Logo_signature_fond-transparent_600dpi_300mm_RVB-e1658123578778.png","contentUrl":"https:\/\/www.polysoude.com\/wp-content\/uploads\/2022\/07\/Polysoude_Logo_signature_fond-transparent_600dpi_300mm_RVB-e1658123578778.png","width":465,"height":86,"caption":"Polysoude"},"image":{"@id":"https:\/\/www.polysoude.com\/fr\/#\/schema\/logo\/image\/"},"sameAs":["https:\/\/www.facebook.com\/Polysoude\/","https:\/\/www.linkedin.com\/company\/polysoude\/","https:\/\/www.instagram.com\/polysoudeglobal\/"]}]}},"_links":{"self":[{"href":"https:\/\/www.polysoude.com\/fr\/wp-json\/wp\/v2\/pages\/25222","targetHints":{"allow":["GET"]}}],"collection":[{"href":"https:\/\/www.polysoude.com\/fr\/wp-json\/wp\/v2\/pages"}],"about":[{"href":"https:\/\/www.polysoude.com\/fr\/wp-json\/wp\/v2\/types\/page"}],"author":[{"embeddable":true,"href":"https:\/\/www.polysoude.com\/fr\/wp-json\/wp\/v2\/users\/3"}],"replies":[{"embeddable":true,"href":"https:\/\/www.polysoude.com\/fr\/wp-json\/wp\/v2\/comments?post=25222"}],"version-history":[{"count":5,"href":"https:\/\/www.polysoude.com\/fr\/wp-json\/wp\/v2\/pages\/25222\/revisions"}],"predecessor-version":[{"id":39536,"href":"https:\/\/www.polysoude.com\/fr\/wp-json\/wp\/v2\/pages\/25222\/revisions\/39536"}],"wp:attachment":[{"href":"https:\/\/www.polysoude.com\/fr\/wp-json\/wp\/v2\/media?parent=25222"}],"curies":[{"name":"wp","href":"https:\/\/api.w.org\/{rel}","templated":true}]}}