{"id":25225,"date":"2019-05-14T09:56:26","date_gmt":"2019-05-14T07:56:26","guid":{"rendered":"https:\/\/www.polysoude.com\/preparation-de-tubes\/coupe-surfacage-et-chanfreinage-de-tubes\/"},"modified":"2022-04-07T09:51:40","modified_gmt":"2022-04-07T07:51:40","slug":"coupe-dressage-et-chanfreinage-de-tubes","status":"publish","type":"page","link":"https:\/\/www.polysoude.com\/fr\/usinage-tube\/coupe-dressage-et-chanfreinage-de-tubes\/","title":{"rendered":"Coupe, dressage et chanfreinage de tubes"},"content":{"rendered":"\n\t<h2><strong>Coupe, surfa\u00e7age et chanfreinage : La qualit\u00e9 ne connait pas de compromis<\/strong><\/h2>\n<p><strong>La pr\u00e9paration des extr\u00e9mit\u00e9s des tubes \u00e9tant une \u00e9tape essentielle avant le soudage, <a href=\"https:\/\/www.polysoude.com\/fr\/\">POLYSOUDE<\/a> propose avec PROTEM une large gamme d&rsquo;\u00e9quipements portables pour l&rsquo;usinage pr\u00e9cis des tubes, facilitant les op\u00e9rations de coupe, de surfa\u00e7age et de chanfreinage, garantissant ainsi des soudures parfaites et de qualit\u00e9. <\/strong><\/p>\n<h3><strong>Coupe, surfa\u00e7age et chanfreinage : <\/strong><\/h3>\n<p>Il existe diff\u00e9rentes m\u00e9thodes de coupe et de pr\u00e9paration des extr\u00e9mit\u00e9s de tubes pour des traitements ult\u00e9rieurs. Dans toute proc\u00e9dure de coupe, tous les aspects de l&rsquo;obtention d&rsquo;une soudure de haute qualit\u00e9 doivent \u00eatre pris en compte :<\/p>\n<ul>\n<li>Pas de contamination du diam\u00e8tre int\u00e9rieur (y compris la contamination au carbone)<\/li>\n<li>Pas de zones affect\u00e9es par la chaleur<\/li>\n<li>Pas de dommage de surface<\/li>\n<\/ul>\n<p>La gamme innovante d&rsquo;\u00e9quipements de Protem comprend : Machines \u00e9quip\u00e9es DE (diam\u00e8tre ext\u00e9rieur) et DI (diam\u00e8tre ext\u00e9rieur), machines \u00e0 chanfreiner, machines \u00e0 couper orbitales, \u00e9quipements de surfa\u00e7age, d&rsquo;\u00e9querrage et de lamage&#8230; qui garantissent tous une excellente pr\u00e9cision et qualit\u00e9. Les machines sont adapt\u00e9es aux pr\u00e9parations pr\u00e9alables aux travaux de soudage effectu\u00e9s \u00e0 l&rsquo;aide de proc\u00e9d\u00e9s manuels ou automatis\u00e9s. Les applications courantes d&rsquo;assemblage sont : tube\/tube , tube\/coude, tube\/bride, tube\/plaque tubulaire, grugage des ailettes, parois et panneaux de chaudi\u00e8res&#8230;<\/p>\n<p>Les technologies de coupe, de surfa\u00e7age et de chanfreinage de Polsoude b\u00e9n\u00e9ficient d&rsquo;un s\u00e9quen\u00e7age rapide, d&rsquo;une polyvalence permettant de travailler sur la plupart des mat\u00e9riaux et de caract\u00e9ristiques anticontamination.<\/p>\n","protected":false},"excerpt":{"rendered":"<p>Coupe, surfa\u00e7age et chanfreinage : La qualit\u00e9 ne connait pas de compromis La pr\u00e9paration des extr\u00e9mit\u00e9s des tubes \u00e9tant une \u00e9tape essentielle avant le soudage, POLYSOUDE propose avec PROTEM une large gamme d&rsquo;\u00e9quipements portables pour l&rsquo;usinage pr\u00e9cis des tubes, facilitant les op\u00e9rations de coupe, de surfa\u00e7age et de chanfreinage, garantissant ainsi des soudures parfaites et [&hellip;]<\/p>\n","protected":false},"author":3,"featured_media":25885,"parent":25222,"menu_order":0,"comment_status":"closed","ping_status":"closed","template":"page-metier.php","meta":{"_acf_changed":false,"footnotes":""},"class_list":["post-25225","page","type-page","status-publish","has-post-thumbnail","hentry"],"acf":[],"yoast_head":"<!-- This site is optimized with the Yoast SEO plugin v27.3 - https:\/\/yoast.com\/product\/yoast-seo-wordpress\/ -->\n<title>Coupe, surfa\u00e7age et chanfreinage de tubes et tuyaux<\/title>\n<meta name=\"description\" content=\"Une soudure parfaite s&#039;accompagne d&#039;une pr\u00e9paration parfaite des tubes et des tuyaux. La pr\u00e9paration des extr\u00e9mit\u00e9s des tubes est une \u00e9tape critique. C&#039;est pourquoi POLYSOUDE propose une large gamme d&#039;\u00e9quipements portables pour l&#039;usinage pr\u00e9cis des tubes et tuyaux, facilitant les op\u00e9rations et garantissant une soudure parfaite et de qualit\u00e9.\" \/>\n<meta name=\"robots\" content=\"index, follow, max-snippet:-1, max-image-preview:large, max-video-preview:-1\" \/>\n<link rel=\"canonical\" href=\"https:\/\/www.polysoude.com\/fr\/usinage-tube\/coupe-dressage-et-chanfreinage-de-tubes\/\" \/>\n<meta property=\"og:locale\" content=\"fr_FR\" \/>\n<meta property=\"og:type\" content=\"article\" \/>\n<meta property=\"og:title\" content=\"Coupe, surfa\u00e7age et chanfreinage de tubes et tuyaux\" \/>\n<meta property=\"og:description\" content=\"Une soudure parfaite s&#039;accompagne d&#039;une pr\u00e9paration parfaite des tubes et des tuyaux. La pr\u00e9paration des extr\u00e9mit\u00e9s des tubes est une \u00e9tape critique. C&#039;est pourquoi POLYSOUDE propose une large gamme d&#039;\u00e9quipements portables pour l&#039;usinage pr\u00e9cis des tubes et tuyaux, facilitant les op\u00e9rations et garantissant une soudure parfaite et de qualit\u00e9.\" \/>\n<meta property=\"og:url\" content=\"https:\/\/www.polysoude.com\/fr\/usinage-tube\/coupe-dressage-et-chanfreinage-de-tubes\/\" \/>\n<meta property=\"og:site_name\" content=\"Polysoude\" \/>\n<meta property=\"article:publisher\" content=\"https:\/\/www.facebook.com\/Polysoude\/\" \/>\n<meta property=\"article:modified_time\" content=\"2022-04-07T07:51:40+00:00\" \/>\n<meta property=\"og:image\" content=\"https:\/\/www.polysoude.com\/wp-content\/uploads\/2019\/06\/cutting-tube-and-pipe-end-preparation_R.jpg\" \/>\n\t<meta property=\"og:image:width\" content=\"500\" \/>\n\t<meta property=\"og:image:height\" content=\"500\" \/>\n\t<meta property=\"og:image:type\" content=\"image\/jpeg\" \/>\n<meta name=\"twitter:card\" content=\"summary_large_image\" \/>\n<meta name=\"twitter:label1\" content=\"Dur\u00e9e de lecture estim\u00e9e\" \/>\n\t<meta name=\"twitter:data1\" content=\"1 minute\" \/>\n<script type=\"application\/ld+json\" class=\"yoast-schema-graph\">{\"@context\":\"https:\\\/\\\/schema.org\",\"@graph\":[{\"@type\":\"WebPage\",\"@id\":\"https:\\\/\\\/www.polysoude.com\\\/fr\\\/usinage-tube\\\/coupe-dressage-et-chanfreinage-de-tubes\\\/\",\"url\":\"https:\\\/\\\/www.polysoude.com\\\/fr\\\/usinage-tube\\\/coupe-dressage-et-chanfreinage-de-tubes\\\/\",\"name\":\"Coupe, surfa\u00e7age et chanfreinage de tubes et tuyaux\",\"isPartOf\":{\"@id\":\"https:\\\/\\\/www.polysoude.com\\\/fr\\\/#website\"},\"primaryImageOfPage\":{\"@id\":\"https:\\\/\\\/www.polysoude.com\\\/fr\\\/usinage-tube\\\/coupe-dressage-et-chanfreinage-de-tubes\\\/#primaryimage\"},\"image\":{\"@id\":\"https:\\\/\\\/www.polysoude.com\\\/fr\\\/usinage-tube\\\/coupe-dressage-et-chanfreinage-de-tubes\\\/#primaryimage\"},\"thumbnailUrl\":\"https:\\\/\\\/www.polysoude.com\\\/wp-content\\\/uploads\\\/2019\\\/06\\\/cutting-tube-and-pipe-end-preparation_R.jpg\",\"datePublished\":\"2019-05-14T07:56:26+00:00\",\"dateModified\":\"2022-04-07T07:51:40+00:00\",\"description\":\"Une soudure parfaite s'accompagne d'une pr\u00e9paration parfaite des tubes et des tuyaux. La pr\u00e9paration des extr\u00e9mit\u00e9s des tubes est une \u00e9tape critique. C'est pourquoi POLYSOUDE propose une large gamme d'\u00e9quipements portables pour l'usinage pr\u00e9cis des tubes et tuyaux, facilitant les op\u00e9rations et garantissant une soudure parfaite et de qualit\u00e9.\",\"breadcrumb\":{\"@id\":\"https:\\\/\\\/www.polysoude.com\\\/fr\\\/usinage-tube\\\/coupe-dressage-et-chanfreinage-de-tubes\\\/#breadcrumb\"},\"inLanguage\":\"fr-FR\",\"potentialAction\":[{\"@type\":\"ReadAction\",\"target\":[\"https:\\\/\\\/www.polysoude.com\\\/fr\\\/usinage-tube\\\/coupe-dressage-et-chanfreinage-de-tubes\\\/\"]}]},{\"@type\":\"ImageObject\",\"inLanguage\":\"fr-FR\",\"@id\":\"https:\\\/\\\/www.polysoude.com\\\/fr\\\/usinage-tube\\\/coupe-dressage-et-chanfreinage-de-tubes\\\/#primaryimage\",\"url\":\"https:\\\/\\\/www.polysoude.com\\\/wp-content\\\/uploads\\\/2019\\\/06\\\/cutting-tube-and-pipe-end-preparation_R.jpg\",\"contentUrl\":\"https:\\\/\\\/www.polysoude.com\\\/wp-content\\\/uploads\\\/2019\\\/06\\\/cutting-tube-and-pipe-end-preparation_R.jpg\",\"width\":500,\"height\":500},{\"@type\":\"BreadcrumbList\",\"@id\":\"https:\\\/\\\/www.polysoude.com\\\/fr\\\/usinage-tube\\\/coupe-dressage-et-chanfreinage-de-tubes\\\/#breadcrumb\",\"itemListElement\":[{\"@type\":\"ListItem\",\"position\":1,\"name\":\"Home\",\"item\":\"https:\\\/\\\/www.polysoude.com\\\/fr\\\/accueil\\\/\"},{\"@type\":\"ListItem\",\"position\":2,\"name\":\"Pr\u00e9paration de tubes\",\"item\":\"https:\\\/\\\/www.polysoude.com\\\/fr\\\/usinage-tube\\\/\"},{\"@type\":\"ListItem\",\"position\":3,\"name\":\"Coupe, dressage et chanfreinage de tubes\"}]},{\"@type\":\"WebSite\",\"@id\":\"https:\\\/\\\/www.polysoude.com\\\/fr\\\/#website\",\"url\":\"https:\\\/\\\/www.polysoude.com\\\/fr\\\/\",\"name\":\"Polysoude\",\"description\":\"The art of welding\",\"publisher\":{\"@id\":\"https:\\\/\\\/www.polysoude.com\\\/fr\\\/#organization\"},\"alternateName\":\"Polysoude\",\"potentialAction\":[{\"@type\":\"SearchAction\",\"target\":{\"@type\":\"EntryPoint\",\"urlTemplate\":\"https:\\\/\\\/www.polysoude.com\\\/fr\\\/?s={search_term_string}\"},\"query-input\":{\"@type\":\"PropertyValueSpecification\",\"valueRequired\":true,\"valueName\":\"search_term_string\"}}],\"inLanguage\":\"fr-FR\"},{\"@type\":\"Organization\",\"@id\":\"https:\\\/\\\/www.polysoude.com\\\/fr\\\/#organization\",\"name\":\"Polysoude\",\"alternateName\":\"Polysoude\",\"url\":\"https:\\\/\\\/www.polysoude.com\\\/fr\\\/\",\"logo\":{\"@type\":\"ImageObject\",\"inLanguage\":\"fr-FR\",\"@id\":\"https:\\\/\\\/www.polysoude.com\\\/fr\\\/#\\\/schema\\\/logo\\\/image\\\/\",\"url\":\"https:\\\/\\\/www.polysoude.com\\\/wp-content\\\/uploads\\\/2022\\\/07\\\/Polysoude_Logo_signature_fond-transparent_600dpi_300mm_RVB-e1658123578778.png\",\"contentUrl\":\"https:\\\/\\\/www.polysoude.com\\\/wp-content\\\/uploads\\\/2022\\\/07\\\/Polysoude_Logo_signature_fond-transparent_600dpi_300mm_RVB-e1658123578778.png\",\"width\":465,\"height\":86,\"caption\":\"Polysoude\"},\"image\":{\"@id\":\"https:\\\/\\\/www.polysoude.com\\\/fr\\\/#\\\/schema\\\/logo\\\/image\\\/\"},\"sameAs\":[\"https:\\\/\\\/www.facebook.com\\\/Polysoude\\\/\",\"https:\\\/\\\/www.linkedin.com\\\/company\\\/polysoude\\\/\",\"https:\\\/\\\/www.instagram.com\\\/polysoudeglobal\\\/\"]}]}<\/script>\n<!-- \/ Yoast SEO plugin. -->","yoast_head_json":{"title":"Coupe, surfa\u00e7age et chanfreinage de tubes et tuyaux","description":"Une soudure parfaite s'accompagne d'une pr\u00e9paration parfaite des tubes et des tuyaux. La pr\u00e9paration des extr\u00e9mit\u00e9s des tubes est une \u00e9tape critique. C'est pourquoi POLYSOUDE propose une large gamme d'\u00e9quipements portables pour l'usinage pr\u00e9cis des tubes et tuyaux, facilitant les op\u00e9rations et garantissant une soudure parfaite et de qualit\u00e9.","robots":{"index":"index","follow":"follow","max-snippet":"max-snippet:-1","max-image-preview":"max-image-preview:large","max-video-preview":"max-video-preview:-1"},"canonical":"https:\/\/www.polysoude.com\/fr\/usinage-tube\/coupe-dressage-et-chanfreinage-de-tubes\/","og_locale":"fr_FR","og_type":"article","og_title":"Coupe, surfa\u00e7age et chanfreinage de tubes et tuyaux","og_description":"Une soudure parfaite s'accompagne d'une pr\u00e9paration parfaite des tubes et des tuyaux. La pr\u00e9paration des extr\u00e9mit\u00e9s des tubes est une \u00e9tape critique. C'est pourquoi POLYSOUDE propose une large gamme d'\u00e9quipements portables pour l'usinage pr\u00e9cis des tubes et tuyaux, facilitant les op\u00e9rations et garantissant une soudure parfaite et de qualit\u00e9.","og_url":"https:\/\/www.polysoude.com\/fr\/usinage-tube\/coupe-dressage-et-chanfreinage-de-tubes\/","og_site_name":"Polysoude","article_publisher":"https:\/\/www.facebook.com\/Polysoude\/","article_modified_time":"2022-04-07T07:51:40+00:00","og_image":[{"width":500,"height":500,"url":"https:\/\/www.polysoude.com\/wp-content\/uploads\/2019\/06\/cutting-tube-and-pipe-end-preparation_R.jpg","type":"image\/jpeg"}],"twitter_card":"summary_large_image","twitter_misc":{"Dur\u00e9e de lecture estim\u00e9e":"1 minute"},"schema":{"@context":"https:\/\/schema.org","@graph":[{"@type":"WebPage","@id":"https:\/\/www.polysoude.com\/fr\/usinage-tube\/coupe-dressage-et-chanfreinage-de-tubes\/","url":"https:\/\/www.polysoude.com\/fr\/usinage-tube\/coupe-dressage-et-chanfreinage-de-tubes\/","name":"Coupe, surfa\u00e7age et chanfreinage de tubes et tuyaux","isPartOf":{"@id":"https:\/\/www.polysoude.com\/fr\/#website"},"primaryImageOfPage":{"@id":"https:\/\/www.polysoude.com\/fr\/usinage-tube\/coupe-dressage-et-chanfreinage-de-tubes\/#primaryimage"},"image":{"@id":"https:\/\/www.polysoude.com\/fr\/usinage-tube\/coupe-dressage-et-chanfreinage-de-tubes\/#primaryimage"},"thumbnailUrl":"https:\/\/www.polysoude.com\/wp-content\/uploads\/2019\/06\/cutting-tube-and-pipe-end-preparation_R.jpg","datePublished":"2019-05-14T07:56:26+00:00","dateModified":"2022-04-07T07:51:40+00:00","description":"Une soudure parfaite s'accompagne d'une pr\u00e9paration parfaite des tubes et des tuyaux. La pr\u00e9paration des extr\u00e9mit\u00e9s des tubes est une \u00e9tape critique. C'est pourquoi POLYSOUDE propose une large gamme d'\u00e9quipements portables pour l'usinage pr\u00e9cis des tubes et tuyaux, facilitant les op\u00e9rations et garantissant une soudure parfaite et de qualit\u00e9.","breadcrumb":{"@id":"https:\/\/www.polysoude.com\/fr\/usinage-tube\/coupe-dressage-et-chanfreinage-de-tubes\/#breadcrumb"},"inLanguage":"fr-FR","potentialAction":[{"@type":"ReadAction","target":["https:\/\/www.polysoude.com\/fr\/usinage-tube\/coupe-dressage-et-chanfreinage-de-tubes\/"]}]},{"@type":"ImageObject","inLanguage":"fr-FR","@id":"https:\/\/www.polysoude.com\/fr\/usinage-tube\/coupe-dressage-et-chanfreinage-de-tubes\/#primaryimage","url":"https:\/\/www.polysoude.com\/wp-content\/uploads\/2019\/06\/cutting-tube-and-pipe-end-preparation_R.jpg","contentUrl":"https:\/\/www.polysoude.com\/wp-content\/uploads\/2019\/06\/cutting-tube-and-pipe-end-preparation_R.jpg","width":500,"height":500},{"@type":"BreadcrumbList","@id":"https:\/\/www.polysoude.com\/fr\/usinage-tube\/coupe-dressage-et-chanfreinage-de-tubes\/#breadcrumb","itemListElement":[{"@type":"ListItem","position":1,"name":"Home","item":"https:\/\/www.polysoude.com\/fr\/accueil\/"},{"@type":"ListItem","position":2,"name":"Pr\u00e9paration de tubes","item":"https:\/\/www.polysoude.com\/fr\/usinage-tube\/"},{"@type":"ListItem","position":3,"name":"Coupe, dressage et chanfreinage de tubes"}]},{"@type":"WebSite","@id":"https:\/\/www.polysoude.com\/fr\/#website","url":"https:\/\/www.polysoude.com\/fr\/","name":"Polysoude","description":"The art of welding","publisher":{"@id":"https:\/\/www.polysoude.com\/fr\/#organization"},"alternateName":"Polysoude","potentialAction":[{"@type":"SearchAction","target":{"@type":"EntryPoint","urlTemplate":"https:\/\/www.polysoude.com\/fr\/?s={search_term_string}"},"query-input":{"@type":"PropertyValueSpecification","valueRequired":true,"valueName":"search_term_string"}}],"inLanguage":"fr-FR"},{"@type":"Organization","@id":"https:\/\/www.polysoude.com\/fr\/#organization","name":"Polysoude","alternateName":"Polysoude","url":"https:\/\/www.polysoude.com\/fr\/","logo":{"@type":"ImageObject","inLanguage":"fr-FR","@id":"https:\/\/www.polysoude.com\/fr\/#\/schema\/logo\/image\/","url":"https:\/\/www.polysoude.com\/wp-content\/uploads\/2022\/07\/Polysoude_Logo_signature_fond-transparent_600dpi_300mm_RVB-e1658123578778.png","contentUrl":"https:\/\/www.polysoude.com\/wp-content\/uploads\/2022\/07\/Polysoude_Logo_signature_fond-transparent_600dpi_300mm_RVB-e1658123578778.png","width":465,"height":86,"caption":"Polysoude"},"image":{"@id":"https:\/\/www.polysoude.com\/fr\/#\/schema\/logo\/image\/"},"sameAs":["https:\/\/www.facebook.com\/Polysoude\/","https:\/\/www.linkedin.com\/company\/polysoude\/","https:\/\/www.instagram.com\/polysoudeglobal\/"]}]}},"_links":{"self":[{"href":"https:\/\/www.polysoude.com\/fr\/wp-json\/wp\/v2\/pages\/25225","targetHints":{"allow":["GET"]}}],"collection":[{"href":"https:\/\/www.polysoude.com\/fr\/wp-json\/wp\/v2\/pages"}],"about":[{"href":"https:\/\/www.polysoude.com\/fr\/wp-json\/wp\/v2\/types\/page"}],"author":[{"embeddable":true,"href":"https:\/\/www.polysoude.com\/fr\/wp-json\/wp\/v2\/users\/3"}],"replies":[{"embeddable":true,"href":"https:\/\/www.polysoude.com\/fr\/wp-json\/wp\/v2\/comments?post=25225"}],"version-history":[{"count":19,"href":"https:\/\/www.polysoude.com\/fr\/wp-json\/wp\/v2\/pages\/25225\/revisions"}],"predecessor-version":[{"id":39559,"href":"https:\/\/www.polysoude.com\/fr\/wp-json\/wp\/v2\/pages\/25225\/revisions\/39559"}],"up":[{"embeddable":true,"href":"https:\/\/www.polysoude.com\/fr\/wp-json\/wp\/v2\/pages\/25222"}],"wp:featuredmedia":[{"embeddable":true,"href":"https:\/\/www.polysoude.com\/fr\/wp-json\/wp\/v2\/media\/25885"}],"wp:attachment":[{"href":"https:\/\/www.polysoude.com\/fr\/wp-json\/wp\/v2\/media?parent=25225"}],"curies":[{"name":"wp","href":"https:\/\/api.w.org\/{rel}","templated":true}]}}