{"id":32409,"date":"2021-02-01T14:24:11","date_gmt":"2021-02-01T13:24:11","guid":{"rendered":"https:\/\/www.polysoude.com\/?page_id=32409"},"modified":"2022-03-11T16:54:58","modified_gmt":"2022-03-11T15:54:58","slug":"confirmation-evenement-rencontre-nucleaire","status":"publish","type":"page","link":"https:\/\/www.polysoude.com\/fr\/confirmation-evenement-rencontre-nucleaire\/","title":{"rendered":"Confirmation envoi formulaire &laquo;&nbsp;Rencontre Nucl\u00e9aire&nbsp;&raquo;"},"content":{"rendered":"\n\t\t\t\t<img loading=\"lazy\" decoding=\"async\" src=\"https:\/\/www.polysoude.com\/wp-content\/uploads\/2022\/01\/Logo_Rencontre-Nucleaire_2022_150dpi.png\" alt=\"Logo de la rencontre nucl\u00e9aire 2022 organis\u00e9e par Polysoude et Protem soudage tig welding industrie orbital\" height=\"259\" width=\"387\" title=\"Logo_Rencontre-Nucleaire_2022_150dpi\" \/>\n\t<p>Merci pour votre int\u00e9r\u00eat \u00e0 notre \u00e9v\u00e8nement.<\/p>\n<p>Vous recevrez sous peu une r\u00e9ponse de notre part vous informant si votre inscription a \u00e9t\u00e9 valid\u00e9e.<\/p>\n","protected":false},"excerpt":{"rendered":"<p>Merci pour votre int\u00e9r\u00eat \u00e0 notre \u00e9v\u00e8nement. Vous recevrez sous peu une r\u00e9ponse de notre part vous informant si votre inscription a \u00e9t\u00e9 valid\u00e9e.<\/p>\n","protected":false},"author":7,"featured_media":0,"parent":0,"menu_order":0,"comment_status":"closed","ping_status":"closed","template":"","meta":{"_acf_changed":false,"footnotes":""},"class_list":["post-32409","page","type-page","status-publish","hentry"],"acf":[],"yoast_head":"<!-- This site is optimized with the Yoast SEO plugin v27.3 - https:\/\/yoast.com\/product\/yoast-seo-wordpress\/ -->\n<title>Confirmation envoi formulaire &quot;Rencontre Nucl\u00e9aire&quot; | Polysoude<\/title>\n<meta name=\"description\" content=\"Merci pour votre int\u00e9r\u00eat \u00e0 notre \u00e9v\u00e8nement. Vous recevrez sous peu une r\u00e9ponse de notre part vous informant si votre inscription a \u00e9t\u00e9 valid\u00e9e.\" \/>\n<meta name=\"robots\" content=\"index, follow, max-snippet:-1, max-image-preview:large, max-video-preview:-1\" \/>\n<link rel=\"canonical\" href=\"https:\/\/www.polysoude.com\/fr\/confirmation-evenement-rencontre-nucleaire\/\" \/>\n<meta property=\"og:locale\" content=\"fr_FR\" \/>\n<meta property=\"og:type\" content=\"article\" \/>\n<meta property=\"og:title\" content=\"Confirmation envoi formulaire &quot;Rencontre Nucl\u00e9aire&quot; | Polysoude\" \/>\n<meta property=\"og:description\" content=\"Merci pour votre int\u00e9r\u00eat \u00e0 notre \u00e9v\u00e8nement. Vous recevrez sous peu une r\u00e9ponse de notre part vous informant si votre inscription a \u00e9t\u00e9 valid\u00e9e.\" \/>\n<meta property=\"og:url\" content=\"https:\/\/www.polysoude.com\/fr\/confirmation-evenement-rencontre-nucleaire\/\" \/>\n<meta property=\"og:site_name\" content=\"Polysoude\" \/>\n<meta property=\"article:publisher\" content=\"https:\/\/www.facebook.com\/Polysoude\/\" \/>\n<meta property=\"article:modified_time\" content=\"2022-03-11T15:54:58+00:00\" \/>\n<meta property=\"og:image\" content=\"https:\/\/www.polysoude.com\/wp-content\/uploads\/2022\/01\/Logo_Rencontre-Nucleaire_2022_150dpi.png\" \/>\n<meta name=\"twitter:card\" content=\"summary_large_image\" \/>\n<script type=\"application\/ld+json\" class=\"yoast-schema-graph\">{\"@context\":\"https:\\\/\\\/schema.org\",\"@graph\":[{\"@type\":\"WebPage\",\"@id\":\"https:\\\/\\\/www.polysoude.com\\\/fr\\\/confirmation-evenement-rencontre-nucleaire\\\/\",\"url\":\"https:\\\/\\\/www.polysoude.com\\\/fr\\\/confirmation-evenement-rencontre-nucleaire\\\/\",\"name\":\"Confirmation envoi formulaire \\\"Rencontre Nucl\u00e9aire\\\" | Polysoude\",\"isPartOf\":{\"@id\":\"https:\\\/\\\/www.polysoude.com\\\/fr\\\/#website\"},\"primaryImageOfPage\":{\"@id\":\"https:\\\/\\\/www.polysoude.com\\\/fr\\\/confirmation-evenement-rencontre-nucleaire\\\/#primaryimage\"},\"image\":{\"@id\":\"https:\\\/\\\/www.polysoude.com\\\/fr\\\/confirmation-evenement-rencontre-nucleaire\\\/#primaryimage\"},\"thumbnailUrl\":\"https:\\\/\\\/www.polysoude.com\\\/wp-content\\\/uploads\\\/2022\\\/01\\\/Logo_Rencontre-Nucleaire_2022_150dpi.png\",\"datePublished\":\"2021-02-01T13:24:11+00:00\",\"dateModified\":\"2022-03-11T15:54:58+00:00\",\"description\":\"Merci pour votre int\u00e9r\u00eat \u00e0 notre \u00e9v\u00e8nement. Vous recevrez sous peu une r\u00e9ponse de notre part vous informant si votre inscription a \u00e9t\u00e9 valid\u00e9e.\",\"breadcrumb\":{\"@id\":\"https:\\\/\\\/www.polysoude.com\\\/fr\\\/confirmation-evenement-rencontre-nucleaire\\\/#breadcrumb\"},\"inLanguage\":\"fr-FR\",\"potentialAction\":[{\"@type\":\"ReadAction\",\"target\":[\"https:\\\/\\\/www.polysoude.com\\\/fr\\\/confirmation-evenement-rencontre-nucleaire\\\/\"]}]},{\"@type\":\"ImageObject\",\"inLanguage\":\"fr-FR\",\"@id\":\"https:\\\/\\\/www.polysoude.com\\\/fr\\\/confirmation-evenement-rencontre-nucleaire\\\/#primaryimage\",\"url\":\"https:\\\/\\\/www.polysoude.com\\\/wp-content\\\/uploads\\\/2022\\\/01\\\/Logo_Rencontre-Nucleaire_2022_150dpi.png\",\"contentUrl\":\"https:\\\/\\\/www.polysoude.com\\\/wp-content\\\/uploads\\\/2022\\\/01\\\/Logo_Rencontre-Nucleaire_2022_150dpi.png\"},{\"@type\":\"BreadcrumbList\",\"@id\":\"https:\\\/\\\/www.polysoude.com\\\/fr\\\/confirmation-evenement-rencontre-nucleaire\\\/#breadcrumb\",\"itemListElement\":[{\"@type\":\"ListItem\",\"position\":1,\"name\":\"Home\",\"item\":\"https:\\\/\\\/www.polysoude.com\\\/fr\\\/accueil\\\/\"},{\"@type\":\"ListItem\",\"position\":2,\"name\":\"Confirmation envoi formulaire &#8220;Rencontre Nucl\u00e9aire&#8221;\"}]},{\"@type\":\"WebSite\",\"@id\":\"https:\\\/\\\/www.polysoude.com\\\/fr\\\/#website\",\"url\":\"https:\\\/\\\/www.polysoude.com\\\/fr\\\/\",\"name\":\"Polysoude\",\"description\":\"The art of welding\",\"publisher\":{\"@id\":\"https:\\\/\\\/www.polysoude.com\\\/fr\\\/#organization\"},\"alternateName\":\"Polysoude\",\"potentialAction\":[{\"@type\":\"SearchAction\",\"target\":{\"@type\":\"EntryPoint\",\"urlTemplate\":\"https:\\\/\\\/www.polysoude.com\\\/fr\\\/?s={search_term_string}\"},\"query-input\":{\"@type\":\"PropertyValueSpecification\",\"valueRequired\":true,\"valueName\":\"search_term_string\"}}],\"inLanguage\":\"fr-FR\"},{\"@type\":\"Organization\",\"@id\":\"https:\\\/\\\/www.polysoude.com\\\/fr\\\/#organization\",\"name\":\"Polysoude\",\"alternateName\":\"Polysoude\",\"url\":\"https:\\\/\\\/www.polysoude.com\\\/fr\\\/\",\"logo\":{\"@type\":\"ImageObject\",\"inLanguage\":\"fr-FR\",\"@id\":\"https:\\\/\\\/www.polysoude.com\\\/fr\\\/#\\\/schema\\\/logo\\\/image\\\/\",\"url\":\"https:\\\/\\\/www.polysoude.com\\\/wp-content\\\/uploads\\\/2022\\\/07\\\/Polysoude_Logo_signature_fond-transparent_600dpi_300mm_RVB-e1658123578778.png\",\"contentUrl\":\"https:\\\/\\\/www.polysoude.com\\\/wp-content\\\/uploads\\\/2022\\\/07\\\/Polysoude_Logo_signature_fond-transparent_600dpi_300mm_RVB-e1658123578778.png\",\"width\":465,\"height\":86,\"caption\":\"Polysoude\"},\"image\":{\"@id\":\"https:\\\/\\\/www.polysoude.com\\\/fr\\\/#\\\/schema\\\/logo\\\/image\\\/\"},\"sameAs\":[\"https:\\\/\\\/www.facebook.com\\\/Polysoude\\\/\",\"https:\\\/\\\/www.linkedin.com\\\/company\\\/polysoude\\\/\",\"https:\\\/\\\/www.instagram.com\\\/polysoudeglobal\\\/\"]}]}<\/script>\n<!-- \/ Yoast SEO plugin. -->","yoast_head_json":{"title":"Confirmation envoi formulaire \"Rencontre Nucl\u00e9aire\" | Polysoude","description":"Merci pour votre int\u00e9r\u00eat \u00e0 notre \u00e9v\u00e8nement. Vous recevrez sous peu une r\u00e9ponse de notre part vous informant si votre inscription a \u00e9t\u00e9 valid\u00e9e.","robots":{"index":"index","follow":"follow","max-snippet":"max-snippet:-1","max-image-preview":"max-image-preview:large","max-video-preview":"max-video-preview:-1"},"canonical":"https:\/\/www.polysoude.com\/fr\/confirmation-evenement-rencontre-nucleaire\/","og_locale":"fr_FR","og_type":"article","og_title":"Confirmation envoi formulaire \"Rencontre Nucl\u00e9aire\" | Polysoude","og_description":"Merci pour votre int\u00e9r\u00eat \u00e0 notre \u00e9v\u00e8nement. Vous recevrez sous peu une r\u00e9ponse de notre part vous informant si votre inscription a \u00e9t\u00e9 valid\u00e9e.","og_url":"https:\/\/www.polysoude.com\/fr\/confirmation-evenement-rencontre-nucleaire\/","og_site_name":"Polysoude","article_publisher":"https:\/\/www.facebook.com\/Polysoude\/","article_modified_time":"2022-03-11T15:54:58+00:00","og_image":[{"url":"https:\/\/www.polysoude.com\/wp-content\/uploads\/2022\/01\/Logo_Rencontre-Nucleaire_2022_150dpi.png","type":"","width":"","height":""}],"twitter_card":"summary_large_image","schema":{"@context":"https:\/\/schema.org","@graph":[{"@type":"WebPage","@id":"https:\/\/www.polysoude.com\/fr\/confirmation-evenement-rencontre-nucleaire\/","url":"https:\/\/www.polysoude.com\/fr\/confirmation-evenement-rencontre-nucleaire\/","name":"Confirmation envoi formulaire \"Rencontre Nucl\u00e9aire\" | Polysoude","isPartOf":{"@id":"https:\/\/www.polysoude.com\/fr\/#website"},"primaryImageOfPage":{"@id":"https:\/\/www.polysoude.com\/fr\/confirmation-evenement-rencontre-nucleaire\/#primaryimage"},"image":{"@id":"https:\/\/www.polysoude.com\/fr\/confirmation-evenement-rencontre-nucleaire\/#primaryimage"},"thumbnailUrl":"https:\/\/www.polysoude.com\/wp-content\/uploads\/2022\/01\/Logo_Rencontre-Nucleaire_2022_150dpi.png","datePublished":"2021-02-01T13:24:11+00:00","dateModified":"2022-03-11T15:54:58+00:00","description":"Merci pour votre int\u00e9r\u00eat \u00e0 notre \u00e9v\u00e8nement. Vous recevrez sous peu une r\u00e9ponse de notre part vous informant si votre inscription a \u00e9t\u00e9 valid\u00e9e.","breadcrumb":{"@id":"https:\/\/www.polysoude.com\/fr\/confirmation-evenement-rencontre-nucleaire\/#breadcrumb"},"inLanguage":"fr-FR","potentialAction":[{"@type":"ReadAction","target":["https:\/\/www.polysoude.com\/fr\/confirmation-evenement-rencontre-nucleaire\/"]}]},{"@type":"ImageObject","inLanguage":"fr-FR","@id":"https:\/\/www.polysoude.com\/fr\/confirmation-evenement-rencontre-nucleaire\/#primaryimage","url":"https:\/\/www.polysoude.com\/wp-content\/uploads\/2022\/01\/Logo_Rencontre-Nucleaire_2022_150dpi.png","contentUrl":"https:\/\/www.polysoude.com\/wp-content\/uploads\/2022\/01\/Logo_Rencontre-Nucleaire_2022_150dpi.png"},{"@type":"BreadcrumbList","@id":"https:\/\/www.polysoude.com\/fr\/confirmation-evenement-rencontre-nucleaire\/#breadcrumb","itemListElement":[{"@type":"ListItem","position":1,"name":"Home","item":"https:\/\/www.polysoude.com\/fr\/accueil\/"},{"@type":"ListItem","position":2,"name":"Confirmation envoi formulaire &#8220;Rencontre Nucl\u00e9aire&#8221;"}]},{"@type":"WebSite","@id":"https:\/\/www.polysoude.com\/fr\/#website","url":"https:\/\/www.polysoude.com\/fr\/","name":"Polysoude","description":"The art of welding","publisher":{"@id":"https:\/\/www.polysoude.com\/fr\/#organization"},"alternateName":"Polysoude","potentialAction":[{"@type":"SearchAction","target":{"@type":"EntryPoint","urlTemplate":"https:\/\/www.polysoude.com\/fr\/?s={search_term_string}"},"query-input":{"@type":"PropertyValueSpecification","valueRequired":true,"valueName":"search_term_string"}}],"inLanguage":"fr-FR"},{"@type":"Organization","@id":"https:\/\/www.polysoude.com\/fr\/#organization","name":"Polysoude","alternateName":"Polysoude","url":"https:\/\/www.polysoude.com\/fr\/","logo":{"@type":"ImageObject","inLanguage":"fr-FR","@id":"https:\/\/www.polysoude.com\/fr\/#\/schema\/logo\/image\/","url":"https:\/\/www.polysoude.com\/wp-content\/uploads\/2022\/07\/Polysoude_Logo_signature_fond-transparent_600dpi_300mm_RVB-e1658123578778.png","contentUrl":"https:\/\/www.polysoude.com\/wp-content\/uploads\/2022\/07\/Polysoude_Logo_signature_fond-transparent_600dpi_300mm_RVB-e1658123578778.png","width":465,"height":86,"caption":"Polysoude"},"image":{"@id":"https:\/\/www.polysoude.com\/fr\/#\/schema\/logo\/image\/"},"sameAs":["https:\/\/www.facebook.com\/Polysoude\/","https:\/\/www.linkedin.com\/company\/polysoude\/","https:\/\/www.instagram.com\/polysoudeglobal\/"]}]}},"_links":{"self":[{"href":"https:\/\/www.polysoude.com\/fr\/wp-json\/wp\/v2\/pages\/32409","targetHints":{"allow":["GET"]}}],"collection":[{"href":"https:\/\/www.polysoude.com\/fr\/wp-json\/wp\/v2\/pages"}],"about":[{"href":"https:\/\/www.polysoude.com\/fr\/wp-json\/wp\/v2\/types\/page"}],"author":[{"embeddable":true,"href":"https:\/\/www.polysoude.com\/fr\/wp-json\/wp\/v2\/users\/7"}],"replies":[{"embeddable":true,"href":"https:\/\/www.polysoude.com\/fr\/wp-json\/wp\/v2\/comments?post=32409"}],"version-history":[{"count":11,"href":"https:\/\/www.polysoude.com\/fr\/wp-json\/wp\/v2\/pages\/32409\/revisions"}],"predecessor-version":[{"id":38701,"href":"https:\/\/www.polysoude.com\/fr\/wp-json\/wp\/v2\/pages\/32409\/revisions\/38701"}],"wp:attachment":[{"href":"https:\/\/www.polysoude.com\/fr\/wp-json\/wp\/v2\/media?parent=32409"}],"curies":[{"name":"wp","href":"https:\/\/api.w.org\/{rel}","templated":true}]}}