{"id":332,"date":"2022-04-03T10:01:29","date_gmt":"2022-04-03T08:01:29","guid":{"rendered":"http:\/\/www.polysoude.com\/?page_id=332&#038;lang=fr"},"modified":"2022-10-27T15:49:05","modified_gmt":"2022-10-27T13:49:05","slug":"soudage-tig","status":"publish","type":"page","link":"https:\/\/www.polysoude.com\/fr\/soudage-tig\/","title":{"rendered":"Soudage TIG"},"content":{"rendered":"\n\t<h2>Proc\u00e9d\u00e9s de soudage TIG orbital pour solutions automatis\u00e9es \u00e9volutives \u2013 imaginez la soudure parfaite !<\/h2>\n<h3>POLYSOUDE met \u00e0 disposition une large gamme d&rsquo;\u00e9quipements standards pour le soudage TIG orbital ainsi que des solutions automatis\u00e9es utilisant les derni\u00e8res technologies.<\/h3>\nAinsi, deux utilisateurs sur trois dans le monde font confiance aux solutions <a href=\"https:\/\/www.polysoude.com\/fr\/\">POLYSOUDE<\/a> gages d\u2019une qualit\u00e9 de soudure irr\u00e9prochable et d\u2019un haut niveau de productivit\u00e9.<br \/>\nPOLYSOUDE a une gamme compl\u00e8te de t\u00eates ouvertes ou ferm\u00e9es et de g\u00e9n\u00e9rateurs de soudage orbital d\u00e9di\u00e9s \u00e0 diverses applications, telles que\u00a0:\n<ul>\n<li>le soudage tube\/tube<\/li>\n<li>le soudage tube\/plaque<\/li>\n<li>le soudage de tube de faible \u00e0 forte \u00e9paisseur,<\/li>\n<li>le soudage de tout type de pi\u00e8ce avec des outils adapt\u00e9s.<\/li>\n<\/ul>\n<p>La modularit\u00e9 des t\u00eates de soudage et des outillages facilite l&rsquo;adaptation \u00e0 de multiples applications de tous diam\u00e8tres, de toutes formes et \u00e9paisseurs.<\/p>\n\t\t\t\t<img loading=\"lazy\" decoding=\"async\" src=\"https:\/\/www.polysoude.com\/wp-content\/uploads\/2016\/10\/banner_orbital-automated-welding.jpg\" alt=\"Orbital TIG Welding Machine &amp; Equipment, Orbital Tube and Pipe Welding: Polysoude\" itemprop=\"image\" height=\"325\" width=\"1000\" title=\"banner_orbital-automated-welding\" onerror=\"this.style.display='none'\"  \/>\n\t<h4><strong>Une installation de soudage TIG orbital comprend, en r\u00e8gle g\u00e9n\u00e9rale, les \u00e9quipements suivants :<\/strong><\/h4>\n<ul>\n<li>un g\u00e9n\u00e9rateur de soudage programmable et sa t\u00e9l\u00e9commande<\/li>\n<li>une t\u00eate de soudage<\/li>\n<li>un d\u00e9vidoir de fil d\u2019apport, si requis par l\u2019application<\/li>\n<\/ul>\nEn compl\u00e9ment de sa gamme d\u2019\u00e9quipements de soudage orbital, POLYSOUDE fournit des <strong>installations automatis\u00e9es compl\u00e8tes<\/strong> utilisant les proc\u00e9d\u00e9s TIG Fil Froid, TIG Fil Chaud, Plasma ou toute combinaison de ces derniers, pour r\u00e9pondre \u00e0 tous vos besoins.<br \/>\nSeul le <a href=\"https:\/\/www.polysoude.com\/fr\/soudage-tig-automatise\/\">soudage automatis\u00e9<\/a> peut garantir la limitation des apports de chaleur durant l\u2019op\u00e9ration de soudage et donc conserver les propri\u00e9t\u00e9s des mat\u00e9riaux mis en \u0153uvre.<br \/>\nL\u2019association des \u00e9quipements et des prestations de services POLYSOUDE permettent d&rsquo;atteindre vos objectifs de production.<br \/>\nLes installations sp\u00e9ciales sont con\u00e7ues selon le cahier des charges client. Elles comprennent g\u00e9n\u00e9ralement :\n<ul>\n<li>un g\u00e9n\u00e9rateur de soudage<\/li>\n<li>des supports de torche ou de pi\u00e8ce comme, par exemple, un positionneur, un tour de soudage, une potence, un portique, un robot.<\/li>\n<\/ul>\n<p>Toutes ces installations peuvent \u00eatre compl\u00e9t\u00e9es par des composants vid\u00e9o et \u00e9lectrom\u00e9caniques.<\/p>\n\t<h2>Qu&rsquo;est ce que le soudage TIG orbital automatis\u00e9 ?<\/h2>\n<p>Le soudage orbital a e\u0301te\u0301 de\u0301veloppe\u0301 dans les anne\u0301es 1960 afin de re\u0301pondre aux attentes de l\u2019industrie ae\u0301ronautique, surtout en ce qui concerne les composants devant pre\u0301senter une grande inte\u0301grite\u0301, comme les syste\u0300mes hydrauliques. Le proc\u00e9d\u00e9 de\u00a0soudage TIG\u00a0s&rsquo;automatise tr\u00e8s facilement en cas de\u00a0soudure\u00a0simple fusion mais \u00e9galement en cas d&rsquo;utilisation de fil d&rsquo;apport pour les tubes \u00e9pais.<\/p>\n<h2>Qu&rsquo;est ce que le soudage m\u00e9canis\u00e9 automatique TIG orbital ?<\/h2>\n<p>Le proc\u00e9d\u00e9 de\u00a0soudage\u00a0TIG\u00a0Orbital\u00a0est un proc\u00e9d\u00e9 de\u00a0soudage \u00e0 l&rsquo;arc sous protection de gaz inerte avec une \u00e9lectrode infusible (tungst\u00e8ne) et un apport \u00e9ventuel de fil m\u00e9tallique. Le soudage orbital m\u00e9canis\u00e9 automatis\u00e9 est souvent employ\u00e9 avec des mat\u00e9riaux de haute qualit\u00e9.<\/p>\n<h2>Qu&rsquo;est ce que le soudage TIG orbital automatis\u00e9 ?\u00a0<\/h2>\n<p>Le soudage Orbital est tr\u00e8s r\u00e9pandu dans les industries pharmaceutiques, agro-alimentaires et chimiques (fabrication de lessives). Il permet d\u2019obtenir une qualit\u00e9 de soudure optimale et r\u00e9pondent aux exigences les plus hautes (tir radio) et cela soudure apr\u00e8s soudure.<\/p>\n<h2>Quelle \u00e9lectrode TIG choisir?<\/h2>\n<p>Pour maintenir un arc de soudage<strong>\u00a0stable et concentr\u00e9<\/strong>, les \u00e9lectrodes en tungst\u00e8ne utilis\u00e9es en soudage<strong>\u00a0automatique ou m\u00e9canis\u00e9<\/strong>\u00a0doivent avoir une extr\u00e9mit\u00e9 conique.<strong>\u00a0Le diam\u00e8tre de l\u2019\u00e9lectrode, l\u2019angle d\u2019aff\u00fbtage ainsi que le diam\u00e8tre du m\u00e9plat<\/strong> d\u00e9pendent de l\u2019intensit\u00e9 du courant de soudage. Apprenez en plus sur <a href=\"https:\/\/www.polysoude.com\/fr\/importance-de-la-preparation-des-electrodes-dans-le-soudage-orbital\/\">les \u00e9lectrodes ici !<\/a><\/p>\n<h2>Dans quel cas utiliser le soudage orbital ?<\/h2>\n<p>L\u2019application concerne les tuyauteries essentiellement en inox du diam. 3 \u00e0 250mm et pour les \u00e9paisseurs de 0,8 \u00e0 6mm. Le mat\u00e9riel n\u00e9cessaire comprend un g\u00e9n\u00e9rateur de soudage (140A ou 300A), auquel s\u2019adapte une t\u00eate de soudage (dite t\u00eate ouverte ou t\u00eate ferm\u00e9e) refroidie \u00e0 air ou \u00e0 eau. Le choix du mod\u00e8le de t\u00eate d\u00e9pend du diam\u00e8tre de tuyauterie \u00e0 souder, de l\u2019encombrement (notamment pour les travaux et installations existantes chez le client) et de la configuration (tube\/tube, tube\/coude\u2026).<\/p>\n","protected":false},"excerpt":{"rendered":"<p>Proc\u00e9d\u00e9s de soudage TIG orbital pour solutions automatis\u00e9es \u00e9volutives \u2013 imaginez la soudure parfaite ! POLYSOUDE met \u00e0 disposition une large gamme d&rsquo;\u00e9quipements standards pour le soudage TIG orbital ainsi que des solutions automatis\u00e9es utilisant les derni\u00e8res technologies. Ainsi, deux utilisateurs sur trois dans le monde font confiance aux solutions POLYSOUDE gages d\u2019une qualit\u00e9 de [&hellip;]<\/p>\n","protected":false},"author":1,"featured_media":0,"parent":0,"menu_order":0,"comment_status":"closed","ping_status":"closed","template":"page-parent.php","meta":{"_acf_changed":false,"footnotes":""},"class_list":["post-332","page","type-page","status-publish","hentry"],"acf":[],"yoast_head":"<!-- This site is optimized with the Yoast SEO plugin v27.3 - https:\/\/yoast.com\/product\/yoast-seo-wordpress\/ -->\n<title>Polysoude : Soudage TIG - Soudage TIG Orbital - Soudage Automatique<\/title>\n<meta name=\"description\" content=\"Proc\u00e9d\u00e9s de soudage TIG orbital pour solutions automatis\u00e9es \u00e9volutives \u2013 imaginez la soudure parfaite ! POLYSOUDE met \u00e0 disposition une large gamme\" \/>\n<meta name=\"robots\" content=\"index, follow, max-snippet:-1, max-image-preview:large, max-video-preview:-1\" \/>\n<link rel=\"canonical\" href=\"https:\/\/www.polysoude.com\/fr\/soudage-tig\/\" \/>\n<meta property=\"og:locale\" content=\"fr_FR\" \/>\n<meta property=\"og:type\" content=\"article\" \/>\n<meta property=\"og:title\" content=\"Polysoude : Soudage TIG - Soudage TIG Orbital - Soudage Automatique\" \/>\n<meta property=\"og:description\" content=\"Proc\u00e9d\u00e9s de soudage TIG orbital pour solutions automatis\u00e9es \u00e9volutives \u2013 imaginez la soudure parfaite ! POLYSOUDE met \u00e0 disposition une large gamme\" \/>\n<meta property=\"og:url\" content=\"https:\/\/www.polysoude.com\/fr\/soudage-tig\/\" \/>\n<meta property=\"og:site_name\" content=\"Polysoude\" \/>\n<meta property=\"article:publisher\" content=\"https:\/\/www.facebook.com\/Polysoude\/\" \/>\n<meta property=\"article:modified_time\" content=\"2022-10-27T13:49:05+00:00\" \/>\n<meta property=\"og:image\" content=\"https:\/\/www.polysoude.com\/wp-content\/uploads\/2016\/10\/banner_orbital-automated-welding.jpg\" \/>\n<meta name=\"twitter:card\" content=\"summary_large_image\" \/>\n<meta name=\"twitter:label1\" content=\"Dur\u00e9e de lecture estim\u00e9e\" \/>\n\t<meta name=\"twitter:data1\" content=\"4 minutes\" \/>\n<script type=\"application\/ld+json\" class=\"yoast-schema-graph\">{\"@context\":\"https:\\\/\\\/schema.org\",\"@graph\":[{\"@type\":\"WebPage\",\"@id\":\"https:\\\/\\\/www.polysoude.com\\\/fr\\\/soudage-tig\\\/\",\"url\":\"https:\\\/\\\/www.polysoude.com\\\/fr\\\/soudage-tig\\\/\",\"name\":\"Polysoude : Soudage TIG - Soudage TIG Orbital - Soudage Automatique\",\"isPartOf\":{\"@id\":\"https:\\\/\\\/www.polysoude.com\\\/fr\\\/#website\"},\"primaryImageOfPage\":{\"@id\":\"https:\\\/\\\/www.polysoude.com\\\/fr\\\/soudage-tig\\\/#primaryimage\"},\"image\":{\"@id\":\"https:\\\/\\\/www.polysoude.com\\\/fr\\\/soudage-tig\\\/#primaryimage\"},\"thumbnailUrl\":\"https:\\\/\\\/www.polysoude.com\\\/wp-content\\\/uploads\\\/2016\\\/10\\\/banner_orbital-automated-welding.jpg\",\"datePublished\":\"2022-04-03T08:01:29+00:00\",\"dateModified\":\"2022-10-27T13:49:05+00:00\",\"description\":\"Proc\u00e9d\u00e9s de soudage TIG orbital pour solutions automatis\u00e9es \u00e9volutives \u2013 imaginez la soudure parfaite ! POLYSOUDE met \u00e0 disposition une large gamme\",\"breadcrumb\":{\"@id\":\"https:\\\/\\\/www.polysoude.com\\\/fr\\\/soudage-tig\\\/#breadcrumb\"},\"inLanguage\":\"fr-FR\",\"potentialAction\":[{\"@type\":\"ReadAction\",\"target\":[\"https:\\\/\\\/www.polysoude.com\\\/fr\\\/soudage-tig\\\/\"]}]},{\"@type\":\"ImageObject\",\"inLanguage\":\"fr-FR\",\"@id\":\"https:\\\/\\\/www.polysoude.com\\\/fr\\\/soudage-tig\\\/#primaryimage\",\"url\":\"https:\\\/\\\/www.polysoude.com\\\/wp-content\\\/uploads\\\/2016\\\/10\\\/banner_orbital-automated-welding.jpg\",\"contentUrl\":\"https:\\\/\\\/www.polysoude.com\\\/wp-content\\\/uploads\\\/2016\\\/10\\\/banner_orbital-automated-welding.jpg\"},{\"@type\":\"BreadcrumbList\",\"@id\":\"https:\\\/\\\/www.polysoude.com\\\/fr\\\/soudage-tig\\\/#breadcrumb\",\"itemListElement\":[{\"@type\":\"ListItem\",\"position\":1,\"name\":\"Home\",\"item\":\"https:\\\/\\\/www.polysoude.com\\\/fr\\\/accueil\\\/\"},{\"@type\":\"ListItem\",\"position\":2,\"name\":\"Soudage TIG\"}]},{\"@type\":\"WebSite\",\"@id\":\"https:\\\/\\\/www.polysoude.com\\\/fr\\\/#website\",\"url\":\"https:\\\/\\\/www.polysoude.com\\\/fr\\\/\",\"name\":\"Polysoude\",\"description\":\"The art of welding\",\"publisher\":{\"@id\":\"https:\\\/\\\/www.polysoude.com\\\/fr\\\/#organization\"},\"alternateName\":\"Polysoude\",\"potentialAction\":[{\"@type\":\"SearchAction\",\"target\":{\"@type\":\"EntryPoint\",\"urlTemplate\":\"https:\\\/\\\/www.polysoude.com\\\/fr\\\/?s={search_term_string}\"},\"query-input\":{\"@type\":\"PropertyValueSpecification\",\"valueRequired\":true,\"valueName\":\"search_term_string\"}}],\"inLanguage\":\"fr-FR\"},{\"@type\":\"Organization\",\"@id\":\"https:\\\/\\\/www.polysoude.com\\\/fr\\\/#organization\",\"name\":\"Polysoude\",\"alternateName\":\"Polysoude\",\"url\":\"https:\\\/\\\/www.polysoude.com\\\/fr\\\/\",\"logo\":{\"@type\":\"ImageObject\",\"inLanguage\":\"fr-FR\",\"@id\":\"https:\\\/\\\/www.polysoude.com\\\/fr\\\/#\\\/schema\\\/logo\\\/image\\\/\",\"url\":\"https:\\\/\\\/www.polysoude.com\\\/wp-content\\\/uploads\\\/2022\\\/07\\\/Polysoude_Logo_signature_fond-transparent_600dpi_300mm_RVB-e1658123578778.png\",\"contentUrl\":\"https:\\\/\\\/www.polysoude.com\\\/wp-content\\\/uploads\\\/2022\\\/07\\\/Polysoude_Logo_signature_fond-transparent_600dpi_300mm_RVB-e1658123578778.png\",\"width\":465,\"height\":86,\"caption\":\"Polysoude\"},\"image\":{\"@id\":\"https:\\\/\\\/www.polysoude.com\\\/fr\\\/#\\\/schema\\\/logo\\\/image\\\/\"},\"sameAs\":[\"https:\\\/\\\/www.facebook.com\\\/Polysoude\\\/\",\"https:\\\/\\\/www.linkedin.com\\\/company\\\/polysoude\\\/\",\"https:\\\/\\\/www.instagram.com\\\/polysoudeglobal\\\/\"]}]}<\/script>\n<!-- \/ Yoast SEO plugin. -->","yoast_head_json":{"title":"Polysoude : Soudage TIG - Soudage TIG Orbital - Soudage Automatique","description":"Proc\u00e9d\u00e9s de soudage TIG orbital pour solutions automatis\u00e9es \u00e9volutives \u2013 imaginez la soudure parfaite ! POLYSOUDE met \u00e0 disposition une large gamme","robots":{"index":"index","follow":"follow","max-snippet":"max-snippet:-1","max-image-preview":"max-image-preview:large","max-video-preview":"max-video-preview:-1"},"canonical":"https:\/\/www.polysoude.com\/fr\/soudage-tig\/","og_locale":"fr_FR","og_type":"article","og_title":"Polysoude : Soudage TIG - Soudage TIG Orbital - Soudage Automatique","og_description":"Proc\u00e9d\u00e9s de soudage TIG orbital pour solutions automatis\u00e9es \u00e9volutives \u2013 imaginez la soudure parfaite ! POLYSOUDE met \u00e0 disposition une large gamme","og_url":"https:\/\/www.polysoude.com\/fr\/soudage-tig\/","og_site_name":"Polysoude","article_publisher":"https:\/\/www.facebook.com\/Polysoude\/","article_modified_time":"2022-10-27T13:49:05+00:00","og_image":[{"url":"https:\/\/www.polysoude.com\/wp-content\/uploads\/2016\/10\/banner_orbital-automated-welding.jpg","type":"","width":"","height":""}],"twitter_card":"summary_large_image","twitter_misc":{"Dur\u00e9e de lecture estim\u00e9e":"4 minutes"},"schema":{"@context":"https:\/\/schema.org","@graph":[{"@type":"WebPage","@id":"https:\/\/www.polysoude.com\/fr\/soudage-tig\/","url":"https:\/\/www.polysoude.com\/fr\/soudage-tig\/","name":"Polysoude : Soudage TIG - Soudage TIG Orbital - Soudage Automatique","isPartOf":{"@id":"https:\/\/www.polysoude.com\/fr\/#website"},"primaryImageOfPage":{"@id":"https:\/\/www.polysoude.com\/fr\/soudage-tig\/#primaryimage"},"image":{"@id":"https:\/\/www.polysoude.com\/fr\/soudage-tig\/#primaryimage"},"thumbnailUrl":"https:\/\/www.polysoude.com\/wp-content\/uploads\/2016\/10\/banner_orbital-automated-welding.jpg","datePublished":"2022-04-03T08:01:29+00:00","dateModified":"2022-10-27T13:49:05+00:00","description":"Proc\u00e9d\u00e9s de soudage TIG orbital pour solutions automatis\u00e9es \u00e9volutives \u2013 imaginez la soudure parfaite ! POLYSOUDE met \u00e0 disposition une large gamme","breadcrumb":{"@id":"https:\/\/www.polysoude.com\/fr\/soudage-tig\/#breadcrumb"},"inLanguage":"fr-FR","potentialAction":[{"@type":"ReadAction","target":["https:\/\/www.polysoude.com\/fr\/soudage-tig\/"]}]},{"@type":"ImageObject","inLanguage":"fr-FR","@id":"https:\/\/www.polysoude.com\/fr\/soudage-tig\/#primaryimage","url":"https:\/\/www.polysoude.com\/wp-content\/uploads\/2016\/10\/banner_orbital-automated-welding.jpg","contentUrl":"https:\/\/www.polysoude.com\/wp-content\/uploads\/2016\/10\/banner_orbital-automated-welding.jpg"},{"@type":"BreadcrumbList","@id":"https:\/\/www.polysoude.com\/fr\/soudage-tig\/#breadcrumb","itemListElement":[{"@type":"ListItem","position":1,"name":"Home","item":"https:\/\/www.polysoude.com\/fr\/accueil\/"},{"@type":"ListItem","position":2,"name":"Soudage TIG"}]},{"@type":"WebSite","@id":"https:\/\/www.polysoude.com\/fr\/#website","url":"https:\/\/www.polysoude.com\/fr\/","name":"Polysoude","description":"The art of welding","publisher":{"@id":"https:\/\/www.polysoude.com\/fr\/#organization"},"alternateName":"Polysoude","potentialAction":[{"@type":"SearchAction","target":{"@type":"EntryPoint","urlTemplate":"https:\/\/www.polysoude.com\/fr\/?s={search_term_string}"},"query-input":{"@type":"PropertyValueSpecification","valueRequired":true,"valueName":"search_term_string"}}],"inLanguage":"fr-FR"},{"@type":"Organization","@id":"https:\/\/www.polysoude.com\/fr\/#organization","name":"Polysoude","alternateName":"Polysoude","url":"https:\/\/www.polysoude.com\/fr\/","logo":{"@type":"ImageObject","inLanguage":"fr-FR","@id":"https:\/\/www.polysoude.com\/fr\/#\/schema\/logo\/image\/","url":"https:\/\/www.polysoude.com\/wp-content\/uploads\/2022\/07\/Polysoude_Logo_signature_fond-transparent_600dpi_300mm_RVB-e1658123578778.png","contentUrl":"https:\/\/www.polysoude.com\/wp-content\/uploads\/2022\/07\/Polysoude_Logo_signature_fond-transparent_600dpi_300mm_RVB-e1658123578778.png","width":465,"height":86,"caption":"Polysoude"},"image":{"@id":"https:\/\/www.polysoude.com\/fr\/#\/schema\/logo\/image\/"},"sameAs":["https:\/\/www.facebook.com\/Polysoude\/","https:\/\/www.linkedin.com\/company\/polysoude\/","https:\/\/www.instagram.com\/polysoudeglobal\/"]}]}},"_links":{"self":[{"href":"https:\/\/www.polysoude.com\/fr\/wp-json\/wp\/v2\/pages\/332","targetHints":{"allow":["GET"]}}],"collection":[{"href":"https:\/\/www.polysoude.com\/fr\/wp-json\/wp\/v2\/pages"}],"about":[{"href":"https:\/\/www.polysoude.com\/fr\/wp-json\/wp\/v2\/types\/page"}],"author":[{"embeddable":true,"href":"https:\/\/www.polysoude.com\/fr\/wp-json\/wp\/v2\/users\/1"}],"replies":[{"embeddable":true,"href":"https:\/\/www.polysoude.com\/fr\/wp-json\/wp\/v2\/comments?post=332"}],"version-history":[{"count":17,"href":"https:\/\/www.polysoude.com\/fr\/wp-json\/wp\/v2\/pages\/332\/revisions"}],"predecessor-version":[{"id":42248,"href":"https:\/\/www.polysoude.com\/fr\/wp-json\/wp\/v2\/pages\/332\/revisions\/42248"}],"wp:attachment":[{"href":"https:\/\/www.polysoude.com\/fr\/wp-json\/wp\/v2\/media?parent=332"}],"curies":[{"name":"wp","href":"https:\/\/api.w.org\/{rel}","templated":true}]}}