{"id":335,"date":"2023-02-20T09:01:38","date_gmt":"2023-02-20T08:01:38","guid":{"rendered":"http:\/\/www.polysoude.com\/?page_id=335&#038;lang=fr"},"modified":"2023-01-19T16:57:36","modified_gmt":"2023-01-19T15:57:36","slug":"soudage-orbital-tube-tube","status":"publish","type":"page","link":"https:\/\/www.polysoude.com\/fr\/soudage-tig\/soudage-orbital-tube-tube\/","title":{"rendered":"Soudage orbital tube\/tube"},"content":{"rendered":"\r\n\t<h4><strong>Une large gamme de diam\u00e8tres, d&rsquo;\u00e9paisseurs et de formes<\/strong><\/h4>\r\n<p><a href=\"https:\/\/www.polysoude.com\/fr\/\">Polysoude<\/a> propose des t\u00eates de soudage et diff\u00e9rents outillages modulaires facilement adaptables \u00e0 tout types de soudage de tubes pour et r\u00e9pondre aux exigences croissantes de qualit\u00e9 croissantes pour des mat\u00e9riaux souvent difficiles \u00e0 souder. Seul le soudage orbital automatis\u00e9 garantit un soudage avec un apport de chaleur contr\u00f4l\u00e9 et limit\u00e9 afin de respecter les propri\u00e9t\u00e9s du mat\u00e9riau. Les syst\u00e8mes de soudage Polysoude sont capables de produire des soudures de haute qualit\u00e9 \u00e0 des taux de production \u00e9lev\u00e9s, dans des conditions environnementales particuli\u00e8rement exigeantes.<\/p>\r\n<h2>\r\n\t\tTEMOIGNAGES D&rsquo;EXPERTS &#8211; En savoir plus sur notre passion pour le soudage :\r\n\t<\/h2>\r\n\t\t\t<a href=\"https:\/\/www.polysoude.com\/fr\/soudage-orbital-et-automatique\/soudage-haute-purete-comment-souder-des-tubes-de-haute-purete-salle-blanche-polysoude\/\" target=\"_blank\" role=\"button\" rel=\"noopener noreferrer\">\r\n\t\t\t\t\t\t\tLe Soudage Haute Puret\u00e9\r\n\t\t\t\t\t<\/a>\r\n\t\t\t<a href=\"https:\/\/www.polysoude.com\/fr\/preparation-de-tubes\/\" target=\"_blank\" role=\"button\" rel=\"noopener noreferrer\">\r\n\t\t\t\t\t\t\tLa Pr\u00e9paration des Tubes\r\n\t\t\t\t\t<\/a>\r\n\t\t\t<a href=\"https:\/\/www.polysoude.com\/fr\/quil-sagisse-de-super-hyper-ou-lean-duplex-polysoude-excelle-dans-toutes-les-nuances-daciers-inoxydables\/\" target=\"_blank\" role=\"button\" rel=\"noopener noreferrer\">\r\n\t\t\t\t\t\t\tSuper ou Hyper Duplex ?\r\n\t\t\t\t\t<\/a>\r\n","protected":false},"excerpt":{"rendered":"<p>Une large gamme de diam\u00e8tres, d&rsquo;\u00e9paisseurs et de formes Polysoude propose des t\u00eates de soudage et diff\u00e9rents outillages modulaires facilement adaptables \u00e0 tout types de soudage de tubes pour et r\u00e9pondre aux exigences croissantes de qualit\u00e9 croissantes pour des mat\u00e9riaux souvent difficiles \u00e0 souder. Seul le soudage orbital automatis\u00e9 garantit un soudage avec un apport [&hellip;]<\/p>\n","protected":false},"author":1,"featured_media":26348,"parent":332,"menu_order":0,"comment_status":"closed","ping_status":"closed","template":"page-metier.php","meta":{"_acf_changed":false,"footnotes":""},"class_list":["post-335","page","type-page","status-publish","has-post-thumbnail","hentry"],"acf":[],"yoast_head":"<!-- This site is optimized with the Yoast SEO plugin v27.3 - https:\/\/yoast.com\/product\/yoast-seo-wordpress\/ -->\n<title>Polysoude : Soudure Orbitale - Soudage Orbital - Soudage TIG Orbital<\/title>\n<meta name=\"description\" content=\"Une large gamme de diam\u00e8tres, d&#039;\u00e9paisseurs et de formes Polysoude propose des t\u00eates de soudage et diff\u00e9rents outillages modulaires facilement adaptables \u00e0\" \/>\n<meta name=\"robots\" content=\"index, follow, max-snippet:-1, max-image-preview:large, max-video-preview:-1\" \/>\n<link rel=\"canonical\" href=\"https:\/\/www.polysoude.com\/fr\/soudage-tig\/soudage-orbital-tube-tube\/\" \/>\n<meta property=\"og:locale\" content=\"fr_FR\" \/>\n<meta property=\"og:type\" content=\"article\" \/>\n<meta property=\"og:title\" content=\"Polysoude : Soudure Orbitale - Soudage Orbital - Soudage TIG Orbital\" \/>\n<meta property=\"og:description\" content=\"Une large gamme de diam\u00e8tres, d&#039;\u00e9paisseurs et de formes Polysoude propose des t\u00eates de soudage et diff\u00e9rents outillages modulaires facilement adaptables \u00e0\" \/>\n<meta property=\"og:url\" content=\"https:\/\/www.polysoude.com\/fr\/soudage-tig\/soudage-orbital-tube-tube\/\" \/>\n<meta property=\"og:site_name\" content=\"Polysoude\" \/>\n<meta property=\"article:publisher\" content=\"https:\/\/www.facebook.com\/Polysoude\/\" \/>\n<meta property=\"og:image\" content=\"https:\/\/www.polysoude.com\/wp-content\/uploads\/2019\/07\/closed-chamber-welding-heads_2019_500x500.jpg\" \/>\n\t<meta property=\"og:image:width\" content=\"500\" \/>\n\t<meta property=\"og:image:height\" content=\"500\" \/>\n\t<meta property=\"og:image:type\" content=\"image\/jpeg\" \/>\n<meta name=\"twitter:card\" content=\"summary_large_image\" \/>\n<meta name=\"twitter:label1\" content=\"Dur\u00e9e de lecture estim\u00e9e\" \/>\n\t<meta name=\"twitter:data1\" content=\"1 minute\" \/>\n<script type=\"application\/ld+json\" class=\"yoast-schema-graph\">{\"@context\":\"https:\\\/\\\/schema.org\",\"@graph\":[{\"@type\":\"WebPage\",\"@id\":\"https:\\\/\\\/www.polysoude.com\\\/fr\\\/soudage-tig\\\/soudage-orbital-tube-tube\\\/\",\"url\":\"https:\\\/\\\/www.polysoude.com\\\/fr\\\/soudage-tig\\\/soudage-orbital-tube-tube\\\/\",\"name\":\"Polysoude : Soudure Orbitale - Soudage Orbital - Soudage TIG Orbital\",\"isPartOf\":{\"@id\":\"https:\\\/\\\/www.polysoude.com\\\/fr\\\/#website\"},\"primaryImageOfPage\":{\"@id\":\"https:\\\/\\\/www.polysoude.com\\\/fr\\\/soudage-tig\\\/soudage-orbital-tube-tube\\\/#primaryimage\"},\"image\":{\"@id\":\"https:\\\/\\\/www.polysoude.com\\\/fr\\\/soudage-tig\\\/soudage-orbital-tube-tube\\\/#primaryimage\"},\"thumbnailUrl\":\"https:\\\/\\\/www.polysoude.com\\\/wp-content\\\/uploads\\\/2019\\\/07\\\/closed-chamber-welding-heads_2019_500x500.jpg\",\"datePublished\":\"2023-02-20T08:01:38+00:00\",\"description\":\"Une large gamme de diam\u00e8tres, d'\u00e9paisseurs et de formes Polysoude propose des t\u00eates de soudage et diff\u00e9rents outillages modulaires facilement adaptables \u00e0\",\"breadcrumb\":{\"@id\":\"https:\\\/\\\/www.polysoude.com\\\/fr\\\/soudage-tig\\\/soudage-orbital-tube-tube\\\/#breadcrumb\"},\"inLanguage\":\"fr-FR\",\"potentialAction\":[{\"@type\":\"ReadAction\",\"target\":[\"https:\\\/\\\/www.polysoude.com\\\/fr\\\/soudage-tig\\\/soudage-orbital-tube-tube\\\/\"]}]},{\"@type\":\"ImageObject\",\"inLanguage\":\"fr-FR\",\"@id\":\"https:\\\/\\\/www.polysoude.com\\\/fr\\\/soudage-tig\\\/soudage-orbital-tube-tube\\\/#primaryimage\",\"url\":\"https:\\\/\\\/www.polysoude.com\\\/wp-content\\\/uploads\\\/2019\\\/07\\\/closed-chamber-welding-heads_2019_500x500.jpg\",\"contentUrl\":\"https:\\\/\\\/www.polysoude.com\\\/wp-content\\\/uploads\\\/2019\\\/07\\\/closed-chamber-welding-heads_2019_500x500.jpg\",\"width\":500,\"height\":500},{\"@type\":\"BreadcrumbList\",\"@id\":\"https:\\\/\\\/www.polysoude.com\\\/fr\\\/soudage-tig\\\/soudage-orbital-tube-tube\\\/#breadcrumb\",\"itemListElement\":[{\"@type\":\"ListItem\",\"position\":1,\"name\":\"Home\",\"item\":\"https:\\\/\\\/www.polysoude.com\\\/fr\\\/accueil\\\/\"},{\"@type\":\"ListItem\",\"position\":2,\"name\":\"Soudage TIG\",\"item\":\"https:\\\/\\\/www.polysoude.com\\\/fr\\\/soudage-tig\\\/\"},{\"@type\":\"ListItem\",\"position\":3,\"name\":\"Soudage orbital tube\\\/tube\"}]},{\"@type\":\"WebSite\",\"@id\":\"https:\\\/\\\/www.polysoude.com\\\/fr\\\/#website\",\"url\":\"https:\\\/\\\/www.polysoude.com\\\/fr\\\/\",\"name\":\"Polysoude\",\"description\":\"The art of welding\",\"publisher\":{\"@id\":\"https:\\\/\\\/www.polysoude.com\\\/fr\\\/#organization\"},\"alternateName\":\"Polysoude\",\"potentialAction\":[{\"@type\":\"SearchAction\",\"target\":{\"@type\":\"EntryPoint\",\"urlTemplate\":\"https:\\\/\\\/www.polysoude.com\\\/fr\\\/?s={search_term_string}\"},\"query-input\":{\"@type\":\"PropertyValueSpecification\",\"valueRequired\":true,\"valueName\":\"search_term_string\"}}],\"inLanguage\":\"fr-FR\"},{\"@type\":\"Organization\",\"@id\":\"https:\\\/\\\/www.polysoude.com\\\/fr\\\/#organization\",\"name\":\"Polysoude\",\"alternateName\":\"Polysoude\",\"url\":\"https:\\\/\\\/www.polysoude.com\\\/fr\\\/\",\"logo\":{\"@type\":\"ImageObject\",\"inLanguage\":\"fr-FR\",\"@id\":\"https:\\\/\\\/www.polysoude.com\\\/fr\\\/#\\\/schema\\\/logo\\\/image\\\/\",\"url\":\"https:\\\/\\\/www.polysoude.com\\\/wp-content\\\/uploads\\\/2022\\\/07\\\/Polysoude_Logo_signature_fond-transparent_600dpi_300mm_RVB-e1658123578778.png\",\"contentUrl\":\"https:\\\/\\\/www.polysoude.com\\\/wp-content\\\/uploads\\\/2022\\\/07\\\/Polysoude_Logo_signature_fond-transparent_600dpi_300mm_RVB-e1658123578778.png\",\"width\":465,\"height\":86,\"caption\":\"Polysoude\"},\"image\":{\"@id\":\"https:\\\/\\\/www.polysoude.com\\\/fr\\\/#\\\/schema\\\/logo\\\/image\\\/\"},\"sameAs\":[\"https:\\\/\\\/www.facebook.com\\\/Polysoude\\\/\",\"https:\\\/\\\/www.linkedin.com\\\/company\\\/polysoude\\\/\",\"https:\\\/\\\/www.instagram.com\\\/polysoudeglobal\\\/\"]}]}<\/script>\n<!-- \/ Yoast SEO plugin. -->","yoast_head_json":{"title":"Polysoude : Soudure Orbitale - Soudage Orbital - Soudage TIG Orbital","description":"Une large gamme de diam\u00e8tres, d'\u00e9paisseurs et de formes Polysoude propose des t\u00eates de soudage et diff\u00e9rents outillages modulaires facilement adaptables \u00e0","robots":{"index":"index","follow":"follow","max-snippet":"max-snippet:-1","max-image-preview":"max-image-preview:large","max-video-preview":"max-video-preview:-1"},"canonical":"https:\/\/www.polysoude.com\/fr\/soudage-tig\/soudage-orbital-tube-tube\/","og_locale":"fr_FR","og_type":"article","og_title":"Polysoude : Soudure Orbitale - Soudage Orbital - Soudage TIG Orbital","og_description":"Une large gamme de diam\u00e8tres, d'\u00e9paisseurs et de formes Polysoude propose des t\u00eates de soudage et diff\u00e9rents outillages modulaires facilement adaptables \u00e0","og_url":"https:\/\/www.polysoude.com\/fr\/soudage-tig\/soudage-orbital-tube-tube\/","og_site_name":"Polysoude","article_publisher":"https:\/\/www.facebook.com\/Polysoude\/","og_image":[{"width":500,"height":500,"url":"https:\/\/www.polysoude.com\/wp-content\/uploads\/2019\/07\/closed-chamber-welding-heads_2019_500x500.jpg","type":"image\/jpeg"}],"twitter_card":"summary_large_image","twitter_misc":{"Dur\u00e9e de lecture estim\u00e9e":"1 minute"},"schema":{"@context":"https:\/\/schema.org","@graph":[{"@type":"WebPage","@id":"https:\/\/www.polysoude.com\/fr\/soudage-tig\/soudage-orbital-tube-tube\/","url":"https:\/\/www.polysoude.com\/fr\/soudage-tig\/soudage-orbital-tube-tube\/","name":"Polysoude : Soudure Orbitale - Soudage Orbital - Soudage TIG Orbital","isPartOf":{"@id":"https:\/\/www.polysoude.com\/fr\/#website"},"primaryImageOfPage":{"@id":"https:\/\/www.polysoude.com\/fr\/soudage-tig\/soudage-orbital-tube-tube\/#primaryimage"},"image":{"@id":"https:\/\/www.polysoude.com\/fr\/soudage-tig\/soudage-orbital-tube-tube\/#primaryimage"},"thumbnailUrl":"https:\/\/www.polysoude.com\/wp-content\/uploads\/2019\/07\/closed-chamber-welding-heads_2019_500x500.jpg","datePublished":"2023-02-20T08:01:38+00:00","description":"Une large gamme de diam\u00e8tres, d'\u00e9paisseurs et de formes Polysoude propose des t\u00eates de soudage et diff\u00e9rents outillages modulaires facilement adaptables \u00e0","breadcrumb":{"@id":"https:\/\/www.polysoude.com\/fr\/soudage-tig\/soudage-orbital-tube-tube\/#breadcrumb"},"inLanguage":"fr-FR","potentialAction":[{"@type":"ReadAction","target":["https:\/\/www.polysoude.com\/fr\/soudage-tig\/soudage-orbital-tube-tube\/"]}]},{"@type":"ImageObject","inLanguage":"fr-FR","@id":"https:\/\/www.polysoude.com\/fr\/soudage-tig\/soudage-orbital-tube-tube\/#primaryimage","url":"https:\/\/www.polysoude.com\/wp-content\/uploads\/2019\/07\/closed-chamber-welding-heads_2019_500x500.jpg","contentUrl":"https:\/\/www.polysoude.com\/wp-content\/uploads\/2019\/07\/closed-chamber-welding-heads_2019_500x500.jpg","width":500,"height":500},{"@type":"BreadcrumbList","@id":"https:\/\/www.polysoude.com\/fr\/soudage-tig\/soudage-orbital-tube-tube\/#breadcrumb","itemListElement":[{"@type":"ListItem","position":1,"name":"Home","item":"https:\/\/www.polysoude.com\/fr\/accueil\/"},{"@type":"ListItem","position":2,"name":"Soudage TIG","item":"https:\/\/www.polysoude.com\/fr\/soudage-tig\/"},{"@type":"ListItem","position":3,"name":"Soudage orbital tube\/tube"}]},{"@type":"WebSite","@id":"https:\/\/www.polysoude.com\/fr\/#website","url":"https:\/\/www.polysoude.com\/fr\/","name":"Polysoude","description":"The art of welding","publisher":{"@id":"https:\/\/www.polysoude.com\/fr\/#organization"},"alternateName":"Polysoude","potentialAction":[{"@type":"SearchAction","target":{"@type":"EntryPoint","urlTemplate":"https:\/\/www.polysoude.com\/fr\/?s={search_term_string}"},"query-input":{"@type":"PropertyValueSpecification","valueRequired":true,"valueName":"search_term_string"}}],"inLanguage":"fr-FR"},{"@type":"Organization","@id":"https:\/\/www.polysoude.com\/fr\/#organization","name":"Polysoude","alternateName":"Polysoude","url":"https:\/\/www.polysoude.com\/fr\/","logo":{"@type":"ImageObject","inLanguage":"fr-FR","@id":"https:\/\/www.polysoude.com\/fr\/#\/schema\/logo\/image\/","url":"https:\/\/www.polysoude.com\/wp-content\/uploads\/2022\/07\/Polysoude_Logo_signature_fond-transparent_600dpi_300mm_RVB-e1658123578778.png","contentUrl":"https:\/\/www.polysoude.com\/wp-content\/uploads\/2022\/07\/Polysoude_Logo_signature_fond-transparent_600dpi_300mm_RVB-e1658123578778.png","width":465,"height":86,"caption":"Polysoude"},"image":{"@id":"https:\/\/www.polysoude.com\/fr\/#\/schema\/logo\/image\/"},"sameAs":["https:\/\/www.facebook.com\/Polysoude\/","https:\/\/www.linkedin.com\/company\/polysoude\/","https:\/\/www.instagram.com\/polysoudeglobal\/"]}]}},"_links":{"self":[{"href":"https:\/\/www.polysoude.com\/fr\/wp-json\/wp\/v2\/pages\/335","targetHints":{"allow":["GET"]}}],"collection":[{"href":"https:\/\/www.polysoude.com\/fr\/wp-json\/wp\/v2\/pages"}],"about":[{"href":"https:\/\/www.polysoude.com\/fr\/wp-json\/wp\/v2\/types\/page"}],"author":[{"embeddable":true,"href":"https:\/\/www.polysoude.com\/fr\/wp-json\/wp\/v2\/users\/1"}],"replies":[{"embeddable":true,"href":"https:\/\/www.polysoude.com\/fr\/wp-json\/wp\/v2\/comments?post=335"}],"version-history":[{"count":17,"href":"https:\/\/www.polysoude.com\/fr\/wp-json\/wp\/v2\/pages\/335\/revisions"}],"predecessor-version":[{"id":33081,"href":"https:\/\/www.polysoude.com\/fr\/wp-json\/wp\/v2\/pages\/335\/revisions\/33081"}],"up":[{"embeddable":true,"href":"https:\/\/www.polysoude.com\/fr\/wp-json\/wp\/v2\/pages\/332"}],"wp:featuredmedia":[{"embeddable":true,"href":"https:\/\/www.polysoude.com\/fr\/wp-json\/wp\/v2\/media\/26348"}],"wp:attachment":[{"href":"https:\/\/www.polysoude.com\/fr\/wp-json\/wp\/v2\/media?parent=335"}],"curies":[{"name":"wp","href":"https:\/\/api.w.org\/{rel}","templated":true}]}}