{"id":337,"date":"2022-04-03T10:02:58","date_gmt":"2022-04-03T08:02:58","guid":{"rendered":"http:\/\/www.polysoude.com\/?page_id=337&#038;lang=fr"},"modified":"2022-08-25T10:17:35","modified_gmt":"2022-08-25T08:17:35","slug":"soudage-orbital-tube-plaque","status":"publish","type":"page","link":"https:\/\/www.polysoude.com\/fr\/soudage-tig\/soudage-orbital-tube-plaque\/","title":{"rendered":"Soudage orbital tube\/plaque"},"content":{"rendered":"<p>&nbsp;<\/p>\n<h3><\/h3>\n<h4><strong>Automatisation et productivit\u00e9<\/strong><\/h4>\n<p>Tous les domaines industriels sont utilisateurs d\u2019\u00e9changeurs et de chaudi\u00e8res mais on les trouve principalement dans les secteurs de la chimie, la p\u00e9trochimie et l\u2019\u00e9nergie.<\/p>\n<p><a href=\"https:\/\/www.polysoude.com\/fr\/\">POLYSOUDE<\/a> propose des t\u00eates de soudage tube\/plaque avec ou sans m\u00e9tal d&rsquo;apport. Le refroidissement par eau permet de garantir un haut facteur de marche. Des accessoires optionnels pour le soudage interne et pour le soudage arri\u00e8re ou double plaque sont disponibles.<\/p>\n","protected":false},"excerpt":{"rendered":"<p>&nbsp; Automatisation et productivit\u00e9 Tous les domaines industriels sont utilisateurs d\u2019\u00e9changeurs et de chaudi\u00e8res mais on les trouve principalement dans les secteurs de la chimie, la p\u00e9trochimie et l\u2019\u00e9nergie. POLYSOUDE propose des t\u00eates de soudage tube\/plaque avec ou sans m\u00e9tal d&rsquo;apport. Le refroidissement par eau permet de garantir un haut facteur de marche. Des accessoires [&hellip;]<\/p>\n","protected":false},"author":1,"featured_media":25816,"parent":332,"menu_order":0,"comment_status":"closed","ping_status":"closed","template":"page-metier.php","meta":{"_acf_changed":false,"footnotes":""},"class_list":["post-337","page","type-page","status-publish","has-post-thumbnail","hentry"],"acf":[],"yoast_head":"<!-- This site is optimized with the Yoast SEO plugin v27.3 - https:\/\/yoast.com\/product\/yoast-seo-wordpress\/ -->\n<title>Soudage orbital tube\/plaque | Polysoude<\/title>\n<meta name=\"description\" content=\"&nbsp; Automatisation et productivit\u00e9 Tous les domaines industriels sont utilisateurs d\u2019\u00e9changeurs et de chaudi\u00e8res mais on les trouve principalement dans\" \/>\n<meta name=\"robots\" content=\"index, follow, max-snippet:-1, max-image-preview:large, max-video-preview:-1\" \/>\n<link rel=\"canonical\" href=\"https:\/\/www.polysoude.com\/fr\/soudage-tig\/soudage-orbital-tube-plaque\/\" \/>\n<meta property=\"og:locale\" content=\"fr_FR\" \/>\n<meta property=\"og:type\" content=\"article\" \/>\n<meta property=\"og:title\" content=\"Soudage orbital tube\/plaque | Polysoude\" \/>\n<meta property=\"og:description\" content=\"&nbsp; Automatisation et productivit\u00e9 Tous les domaines industriels sont utilisateurs d\u2019\u00e9changeurs et de chaudi\u00e8res mais on les trouve principalement dans\" \/>\n<meta property=\"og:url\" content=\"https:\/\/www.polysoude.com\/fr\/soudage-tig\/soudage-orbital-tube-plaque\/\" \/>\n<meta property=\"og:site_name\" content=\"Polysoude\" \/>\n<meta property=\"article:publisher\" content=\"https:\/\/www.facebook.com\/Polysoude\/\" \/>\n<meta property=\"article:modified_time\" content=\"2022-08-25T08:17:35+00:00\" \/>\n<meta property=\"og:image\" content=\"https:\/\/www.polysoude.com\/wp-content\/uploads\/2022\/07\/Polysoude_Logo_signature_fond-transparent_600dpi_300mm_RVB-e1658123578778.png\" \/>\n\t<meta property=\"og:image:width\" content=\"465\" \/>\n\t<meta property=\"og:image:height\" content=\"86\" \/>\n\t<meta property=\"og:image:type\" content=\"image\/png\" \/>\n<meta name=\"twitter:card\" content=\"summary_large_image\" \/>\n<script type=\"application\/ld+json\" class=\"yoast-schema-graph\">{\"@context\":\"https:\\\/\\\/schema.org\",\"@graph\":[{\"@type\":\"WebPage\",\"@id\":\"https:\\\/\\\/www.polysoude.com\\\/fr\\\/soudage-tig\\\/soudage-orbital-tube-plaque\\\/\",\"url\":\"https:\\\/\\\/www.polysoude.com\\\/fr\\\/soudage-tig\\\/soudage-orbital-tube-plaque\\\/\",\"name\":\"Soudage orbital tube\\\/plaque | Polysoude\",\"isPartOf\":{\"@id\":\"https:\\\/\\\/www.polysoude.com\\\/fr\\\/#website\"},\"primaryImageOfPage\":{\"@id\":\"https:\\\/\\\/www.polysoude.com\\\/fr\\\/soudage-tig\\\/soudage-orbital-tube-plaque\\\/#primaryimage\"},\"image\":{\"@id\":\"https:\\\/\\\/www.polysoude.com\\\/fr\\\/soudage-tig\\\/soudage-orbital-tube-plaque\\\/#primaryimage\"},\"thumbnailUrl\":\"https:\\\/\\\/www.polysoude.com\\\/wp-content\\\/uploads\\\/2019\\\/06\\\/tube-to-tubesheet-welding-heads_2019_500x500.jpg\",\"datePublished\":\"2022-04-03T08:02:58+00:00\",\"dateModified\":\"2022-08-25T08:17:35+00:00\",\"description\":\"&nbsp; Automatisation et productivit\u00e9 Tous les domaines industriels sont utilisateurs d\u2019\u00e9changeurs et de chaudi\u00e8res mais on les trouve principalement dans\",\"breadcrumb\":{\"@id\":\"https:\\\/\\\/www.polysoude.com\\\/fr\\\/soudage-tig\\\/soudage-orbital-tube-plaque\\\/#breadcrumb\"},\"inLanguage\":\"fr-FR\",\"potentialAction\":[{\"@type\":\"ReadAction\",\"target\":[\"https:\\\/\\\/www.polysoude.com\\\/fr\\\/soudage-tig\\\/soudage-orbital-tube-plaque\\\/\"]}]},{\"@type\":\"ImageObject\",\"inLanguage\":\"fr-FR\",\"@id\":\"https:\\\/\\\/www.polysoude.com\\\/fr\\\/soudage-tig\\\/soudage-orbital-tube-plaque\\\/#primaryimage\",\"url\":\"https:\\\/\\\/www.polysoude.com\\\/wp-content\\\/uploads\\\/2019\\\/06\\\/tube-to-tubesheet-welding-heads_2019_500x500.jpg\",\"contentUrl\":\"https:\\\/\\\/www.polysoude.com\\\/wp-content\\\/uploads\\\/2019\\\/06\\\/tube-to-tubesheet-welding-heads_2019_500x500.jpg\",\"width\":500,\"height\":500},{\"@type\":\"BreadcrumbList\",\"@id\":\"https:\\\/\\\/www.polysoude.com\\\/fr\\\/soudage-tig\\\/soudage-orbital-tube-plaque\\\/#breadcrumb\",\"itemListElement\":[{\"@type\":\"ListItem\",\"position\":1,\"name\":\"Home\",\"item\":\"https:\\\/\\\/www.polysoude.com\\\/fr\\\/accueil\\\/\"},{\"@type\":\"ListItem\",\"position\":2,\"name\":\"Soudage TIG\",\"item\":\"https:\\\/\\\/www.polysoude.com\\\/fr\\\/soudage-tig\\\/\"},{\"@type\":\"ListItem\",\"position\":3,\"name\":\"Soudage orbital tube\\\/plaque\"}]},{\"@type\":\"WebSite\",\"@id\":\"https:\\\/\\\/www.polysoude.com\\\/fr\\\/#website\",\"url\":\"https:\\\/\\\/www.polysoude.com\\\/fr\\\/\",\"name\":\"Polysoude\",\"description\":\"The art of welding\",\"publisher\":{\"@id\":\"https:\\\/\\\/www.polysoude.com\\\/fr\\\/#organization\"},\"alternateName\":\"Polysoude\",\"potentialAction\":[{\"@type\":\"SearchAction\",\"target\":{\"@type\":\"EntryPoint\",\"urlTemplate\":\"https:\\\/\\\/www.polysoude.com\\\/fr\\\/?s={search_term_string}\"},\"query-input\":{\"@type\":\"PropertyValueSpecification\",\"valueRequired\":true,\"valueName\":\"search_term_string\"}}],\"inLanguage\":\"fr-FR\"},{\"@type\":\"Organization\",\"@id\":\"https:\\\/\\\/www.polysoude.com\\\/fr\\\/#organization\",\"name\":\"Polysoude\",\"alternateName\":\"Polysoude\",\"url\":\"https:\\\/\\\/www.polysoude.com\\\/fr\\\/\",\"logo\":{\"@type\":\"ImageObject\",\"inLanguage\":\"fr-FR\",\"@id\":\"https:\\\/\\\/www.polysoude.com\\\/fr\\\/#\\\/schema\\\/logo\\\/image\\\/\",\"url\":\"https:\\\/\\\/www.polysoude.com\\\/wp-content\\\/uploads\\\/2022\\\/07\\\/Polysoude_Logo_signature_fond-transparent_600dpi_300mm_RVB-e1658123578778.png\",\"contentUrl\":\"https:\\\/\\\/www.polysoude.com\\\/wp-content\\\/uploads\\\/2022\\\/07\\\/Polysoude_Logo_signature_fond-transparent_600dpi_300mm_RVB-e1658123578778.png\",\"width\":465,\"height\":86,\"caption\":\"Polysoude\"},\"image\":{\"@id\":\"https:\\\/\\\/www.polysoude.com\\\/fr\\\/#\\\/schema\\\/logo\\\/image\\\/\"},\"sameAs\":[\"https:\\\/\\\/www.facebook.com\\\/Polysoude\\\/\",\"https:\\\/\\\/www.linkedin.com\\\/company\\\/polysoude\\\/\",\"https:\\\/\\\/www.instagram.com\\\/polysoudeglobal\\\/\"]}]}<\/script>\n<!-- \/ Yoast SEO plugin. -->","yoast_head_json":{"title":"Soudage orbital tube\/plaque | Polysoude","description":"&nbsp; Automatisation et productivit\u00e9 Tous les domaines industriels sont utilisateurs d\u2019\u00e9changeurs et de chaudi\u00e8res mais on les trouve principalement dans","robots":{"index":"index","follow":"follow","max-snippet":"max-snippet:-1","max-image-preview":"max-image-preview:large","max-video-preview":"max-video-preview:-1"},"canonical":"https:\/\/www.polysoude.com\/fr\/soudage-tig\/soudage-orbital-tube-plaque\/","og_locale":"fr_FR","og_type":"article","og_title":"Soudage orbital tube\/plaque | Polysoude","og_description":"&nbsp; Automatisation et productivit\u00e9 Tous les domaines industriels sont utilisateurs d\u2019\u00e9changeurs et de chaudi\u00e8res mais on les trouve principalement dans","og_url":"https:\/\/www.polysoude.com\/fr\/soudage-tig\/soudage-orbital-tube-plaque\/","og_site_name":"Polysoude","article_publisher":"https:\/\/www.facebook.com\/Polysoude\/","article_modified_time":"2022-08-25T08:17:35+00:00","og_image":[{"width":465,"height":86,"url":"https:\/\/www.polysoude.com\/wp-content\/uploads\/2022\/07\/Polysoude_Logo_signature_fond-transparent_600dpi_300mm_RVB-e1658123578778.png","type":"image\/png"}],"twitter_card":"summary_large_image","schema":{"@context":"https:\/\/schema.org","@graph":[{"@type":"WebPage","@id":"https:\/\/www.polysoude.com\/fr\/soudage-tig\/soudage-orbital-tube-plaque\/","url":"https:\/\/www.polysoude.com\/fr\/soudage-tig\/soudage-orbital-tube-plaque\/","name":"Soudage orbital tube\/plaque | Polysoude","isPartOf":{"@id":"https:\/\/www.polysoude.com\/fr\/#website"},"primaryImageOfPage":{"@id":"https:\/\/www.polysoude.com\/fr\/soudage-tig\/soudage-orbital-tube-plaque\/#primaryimage"},"image":{"@id":"https:\/\/www.polysoude.com\/fr\/soudage-tig\/soudage-orbital-tube-plaque\/#primaryimage"},"thumbnailUrl":"https:\/\/www.polysoude.com\/wp-content\/uploads\/2019\/06\/tube-to-tubesheet-welding-heads_2019_500x500.jpg","datePublished":"2022-04-03T08:02:58+00:00","dateModified":"2022-08-25T08:17:35+00:00","description":"&nbsp; Automatisation et productivit\u00e9 Tous les domaines industriels sont utilisateurs d\u2019\u00e9changeurs et de chaudi\u00e8res mais on les trouve principalement dans","breadcrumb":{"@id":"https:\/\/www.polysoude.com\/fr\/soudage-tig\/soudage-orbital-tube-plaque\/#breadcrumb"},"inLanguage":"fr-FR","potentialAction":[{"@type":"ReadAction","target":["https:\/\/www.polysoude.com\/fr\/soudage-tig\/soudage-orbital-tube-plaque\/"]}]},{"@type":"ImageObject","inLanguage":"fr-FR","@id":"https:\/\/www.polysoude.com\/fr\/soudage-tig\/soudage-orbital-tube-plaque\/#primaryimage","url":"https:\/\/www.polysoude.com\/wp-content\/uploads\/2019\/06\/tube-to-tubesheet-welding-heads_2019_500x500.jpg","contentUrl":"https:\/\/www.polysoude.com\/wp-content\/uploads\/2019\/06\/tube-to-tubesheet-welding-heads_2019_500x500.jpg","width":500,"height":500},{"@type":"BreadcrumbList","@id":"https:\/\/www.polysoude.com\/fr\/soudage-tig\/soudage-orbital-tube-plaque\/#breadcrumb","itemListElement":[{"@type":"ListItem","position":1,"name":"Home","item":"https:\/\/www.polysoude.com\/fr\/accueil\/"},{"@type":"ListItem","position":2,"name":"Soudage TIG","item":"https:\/\/www.polysoude.com\/fr\/soudage-tig\/"},{"@type":"ListItem","position":3,"name":"Soudage orbital tube\/plaque"}]},{"@type":"WebSite","@id":"https:\/\/www.polysoude.com\/fr\/#website","url":"https:\/\/www.polysoude.com\/fr\/","name":"Polysoude","description":"The art of welding","publisher":{"@id":"https:\/\/www.polysoude.com\/fr\/#organization"},"alternateName":"Polysoude","potentialAction":[{"@type":"SearchAction","target":{"@type":"EntryPoint","urlTemplate":"https:\/\/www.polysoude.com\/fr\/?s={search_term_string}"},"query-input":{"@type":"PropertyValueSpecification","valueRequired":true,"valueName":"search_term_string"}}],"inLanguage":"fr-FR"},{"@type":"Organization","@id":"https:\/\/www.polysoude.com\/fr\/#organization","name":"Polysoude","alternateName":"Polysoude","url":"https:\/\/www.polysoude.com\/fr\/","logo":{"@type":"ImageObject","inLanguage":"fr-FR","@id":"https:\/\/www.polysoude.com\/fr\/#\/schema\/logo\/image\/","url":"https:\/\/www.polysoude.com\/wp-content\/uploads\/2022\/07\/Polysoude_Logo_signature_fond-transparent_600dpi_300mm_RVB-e1658123578778.png","contentUrl":"https:\/\/www.polysoude.com\/wp-content\/uploads\/2022\/07\/Polysoude_Logo_signature_fond-transparent_600dpi_300mm_RVB-e1658123578778.png","width":465,"height":86,"caption":"Polysoude"},"image":{"@id":"https:\/\/www.polysoude.com\/fr\/#\/schema\/logo\/image\/"},"sameAs":["https:\/\/www.facebook.com\/Polysoude\/","https:\/\/www.linkedin.com\/company\/polysoude\/","https:\/\/www.instagram.com\/polysoudeglobal\/"]}]}},"_links":{"self":[{"href":"https:\/\/www.polysoude.com\/fr\/wp-json\/wp\/v2\/pages\/337","targetHints":{"allow":["GET"]}}],"collection":[{"href":"https:\/\/www.polysoude.com\/fr\/wp-json\/wp\/v2\/pages"}],"about":[{"href":"https:\/\/www.polysoude.com\/fr\/wp-json\/wp\/v2\/types\/page"}],"author":[{"embeddable":true,"href":"https:\/\/www.polysoude.com\/fr\/wp-json\/wp\/v2\/users\/1"}],"replies":[{"embeddable":true,"href":"https:\/\/www.polysoude.com\/fr\/wp-json\/wp\/v2\/comments?post=337"}],"version-history":[{"count":14,"href":"https:\/\/www.polysoude.com\/fr\/wp-json\/wp\/v2\/pages\/337\/revisions"}],"predecessor-version":[{"id":6980,"href":"https:\/\/www.polysoude.com\/fr\/wp-json\/wp\/v2\/pages\/337\/revisions\/6980"}],"up":[{"embeddable":true,"href":"https:\/\/www.polysoude.com\/fr\/wp-json\/wp\/v2\/pages\/332"}],"wp:featuredmedia":[{"embeddable":true,"href":"https:\/\/www.polysoude.com\/fr\/wp-json\/wp\/v2\/media\/25816"}],"wp:attachment":[{"href":"https:\/\/www.polysoude.com\/fr\/wp-json\/wp\/v2\/media?parent=337"}],"curies":[{"name":"wp","href":"https:\/\/api.w.org\/{rel}","templated":true}]}}