{"id":339,"date":"2022-04-03T10:03:06","date_gmt":"2022-04-03T08:03:06","guid":{"rendered":"http:\/\/www.polysoude.com\/orbital-automated-welding\/automated-welding\/?lang=fr"},"modified":"2023-01-20T11:54:36","modified_gmt":"2023-01-20T10:54:36","slug":"soudage-tig-automatique","status":"publish","type":"page","link":"https:\/\/www.polysoude.com\/fr\/soudage-tig\/soudage-tig-automatique\/","title":{"rendered":"Soudage automatis\u00e9"},"content":{"rendered":"<br \/>\n<h4><strong>Solutions cl\u00e9-en-main pour atteindre le \u201cz\u00e9ro d\u00e9faut\u201d<\/strong><\/h4>\n<p>Reconnus pour leur excellence technique, les \u00e9quipements cl\u00e9-en-main <a href=\"https:\/\/www.polysoude.com\/fr\/\">POLYSOUDE<\/a> ont \u00e9t\u00e9 adopt\u00e9s par les leaders de l\u2019industrie et des fabricants reconnus pour leur savoir-faire.<\/p>\n<p>POLYSOUDE propose des syst\u00e8mes int\u00e9gr\u00e9s complets r\u00e9pondant \u00e0 tous vos besoins et adapt\u00e9s aux applications les plus complexes :<\/p>\n<ul>\n<li>Soudage TIG Fil Chaud\/Fil Froid, soudage Plasma et combinaisons de soudage<\/li>\n<li>Soudage de mat\u00e9riaux difficiles \u00e0 souder comme le titane, le duplex, le zirconium, l&rsquo;aluminium, etc.<\/li>\n<li>Soudage <a href=\"https:\/\/www.polysoude.com\/fr\/soudage-joint-etroit-tig\/\">joint \u00e9troit<\/a> de fortes \u00e9paisseurs<\/li>\n<li>avec des manipulateurs multi-axes et supports de torche pour diff\u00e9rentes formes et tailles de pi\u00e8ces.<\/li>\n<\/ul>\n","protected":false},"excerpt":{"rendered":"<p>Solutions cl\u00e9-en-main pour atteindre le \u201cz\u00e9ro d\u00e9faut\u201d Reconnus pour leur excellence technique, les \u00e9quipements cl\u00e9-en-main POLYSOUDE ont \u00e9t\u00e9 adopt\u00e9s par les leaders de l\u2019industrie et des fabricants reconnus pour leur savoir-faire. POLYSOUDE propose des syst\u00e8mes int\u00e9gr\u00e9s complets r\u00e9pondant \u00e0 tous vos besoins et adapt\u00e9s aux applications les plus complexes : Soudage TIG Fil Chaud\/Fil Froid, [&hellip;]<\/p>\n","protected":false},"author":1,"featured_media":25843,"parent":332,"menu_order":0,"comment_status":"closed","ping_status":"closed","template":"page-metier.php","meta":{"_acf_changed":false,"footnotes":""},"class_list":["post-339","page","type-page","status-publish","has-post-thumbnail","hentry"],"acf":[],"yoast_head":"<!-- This site is optimized with the Yoast SEO plugin v27.3 - https:\/\/yoast.com\/product\/yoast-seo-wordpress\/ -->\n<title>Soudage Automatis\u00e9 - Soudure Automatique - Soudage Automatique<\/title>\n<meta name=\"description\" content=\"Solutions cl\u00e9-en-main pour atteindre le \u201cz\u00e9ro d\u00e9faut\u201d Reconnus pour leur excellence technique, les \u00e9quipements cl\u00e9-en-main POLYSOUDE ont \u00e9t\u00e9 adopt\u00e9s par\" \/>\n<meta name=\"robots\" content=\"index, follow, max-snippet:-1, max-image-preview:large, max-video-preview:-1\" \/>\n<link rel=\"canonical\" href=\"https:\/\/www.polysoude.com\/fr\/soudage-tig\/soudage-tig-automatique\/\" \/>\n<meta property=\"og:locale\" content=\"fr_FR\" \/>\n<meta property=\"og:type\" content=\"article\" \/>\n<meta property=\"og:title\" content=\"Soudage Automatis\u00e9 - Soudure Automatique - Soudage Automatique\" \/>\n<meta property=\"og:description\" content=\"Solutions cl\u00e9-en-main pour atteindre le \u201cz\u00e9ro d\u00e9faut\u201d Reconnus pour leur excellence technique, les \u00e9quipements cl\u00e9-en-main POLYSOUDE ont \u00e9t\u00e9 adopt\u00e9s par\" \/>\n<meta property=\"og:url\" content=\"https:\/\/www.polysoude.com\/fr\/soudage-tig\/soudage-tig-automatique\/\" \/>\n<meta property=\"og:site_name\" content=\"Polysoude\" \/>\n<meta property=\"article:publisher\" content=\"https:\/\/www.facebook.com\/Polysoude\/\" \/>\n<meta property=\"article:modified_time\" content=\"2023-01-20T10:54:36+00:00\" \/>\n<meta property=\"og:image\" content=\"https:\/\/www.polysoude.com\/wp-content\/uploads\/2022\/07\/Polysoude_Logo_signature_fond-transparent_600dpi_300mm_RVB-e1658123578778.png\" \/>\n<meta name=\"twitter:card\" content=\"summary_large_image\" \/>\n<meta name=\"twitter:label1\" content=\"Dur\u00e9e de lecture estim\u00e9e\" \/>\n\t<meta name=\"twitter:data1\" content=\"1 minute\" \/>\n<script type=\"application\/ld+json\" class=\"yoast-schema-graph\">{\"@context\":\"https:\\\/\\\/schema.org\",\"@graph\":[{\"@type\":\"WebPage\",\"@id\":\"https:\\\/\\\/www.polysoude.com\\\/fr\\\/soudage-tig\\\/soudage-tig-automatique\\\/\",\"url\":\"https:\\\/\\\/www.polysoude.com\\\/fr\\\/soudage-tig\\\/soudage-tig-automatique\\\/\",\"name\":\"Soudage Automatis\u00e9 - Soudure Automatique - Soudage Automatique\",\"isPartOf\":{\"@id\":\"https:\\\/\\\/www.polysoude.com\\\/fr\\\/#website\"},\"primaryImageOfPage\":{\"@id\":\"https:\\\/\\\/www.polysoude.com\\\/fr\\\/soudage-tig\\\/soudage-tig-automatique\\\/#primaryimage\"},\"image\":{\"@id\":\"https:\\\/\\\/www.polysoude.com\\\/fr\\\/soudage-tig\\\/soudage-tig-automatique\\\/#primaryimage\"},\"thumbnailUrl\":\"https:\\\/\\\/www.polysoude.com\\\/wp-content\\\/uploads\\\/2019\\\/06\\\/welding-manipulators-and-peripherals_2019_500x500.jpg\",\"datePublished\":\"2022-04-03T08:03:06+00:00\",\"dateModified\":\"2023-01-20T10:54:36+00:00\",\"description\":\"Solutions cl\u00e9-en-main pour atteindre le \u201cz\u00e9ro d\u00e9faut\u201d Reconnus pour leur excellence technique, les \u00e9quipements cl\u00e9-en-main POLYSOUDE ont \u00e9t\u00e9 adopt\u00e9s par\",\"breadcrumb\":{\"@id\":\"https:\\\/\\\/www.polysoude.com\\\/fr\\\/soudage-tig\\\/soudage-tig-automatique\\\/#breadcrumb\"},\"inLanguage\":\"fr-FR\",\"potentialAction\":[{\"@type\":\"ReadAction\",\"target\":[\"https:\\\/\\\/www.polysoude.com\\\/fr\\\/soudage-tig\\\/soudage-tig-automatique\\\/\"]}]},{\"@type\":\"ImageObject\",\"inLanguage\":\"fr-FR\",\"@id\":\"https:\\\/\\\/www.polysoude.com\\\/fr\\\/soudage-tig\\\/soudage-tig-automatique\\\/#primaryimage\",\"url\":\"https:\\\/\\\/www.polysoude.com\\\/wp-content\\\/uploads\\\/2019\\\/06\\\/welding-manipulators-and-peripherals_2019_500x500.jpg\",\"contentUrl\":\"https:\\\/\\\/www.polysoude.com\\\/wp-content\\\/uploads\\\/2019\\\/06\\\/welding-manipulators-and-peripherals_2019_500x500.jpg\",\"width\":500,\"height\":500},{\"@type\":\"BreadcrumbList\",\"@id\":\"https:\\\/\\\/www.polysoude.com\\\/fr\\\/soudage-tig\\\/soudage-tig-automatique\\\/#breadcrumb\",\"itemListElement\":[{\"@type\":\"ListItem\",\"position\":1,\"name\":\"Home\",\"item\":\"https:\\\/\\\/www.polysoude.com\\\/fr\\\/accueil\\\/\"},{\"@type\":\"ListItem\",\"position\":2,\"name\":\"Soudage TIG\",\"item\":\"https:\\\/\\\/www.polysoude.com\\\/fr\\\/soudage-tig\\\/\"},{\"@type\":\"ListItem\",\"position\":3,\"name\":\"Soudage automatis\u00e9\"}]},{\"@type\":\"WebSite\",\"@id\":\"https:\\\/\\\/www.polysoude.com\\\/fr\\\/#website\",\"url\":\"https:\\\/\\\/www.polysoude.com\\\/fr\\\/\",\"name\":\"Polysoude\",\"description\":\"The art of welding\",\"publisher\":{\"@id\":\"https:\\\/\\\/www.polysoude.com\\\/fr\\\/#organization\"},\"alternateName\":\"Polysoude\",\"potentialAction\":[{\"@type\":\"SearchAction\",\"target\":{\"@type\":\"EntryPoint\",\"urlTemplate\":\"https:\\\/\\\/www.polysoude.com\\\/fr\\\/?s={search_term_string}\"},\"query-input\":{\"@type\":\"PropertyValueSpecification\",\"valueRequired\":true,\"valueName\":\"search_term_string\"}}],\"inLanguage\":\"fr-FR\"},{\"@type\":\"Organization\",\"@id\":\"https:\\\/\\\/www.polysoude.com\\\/fr\\\/#organization\",\"name\":\"Polysoude\",\"alternateName\":\"Polysoude\",\"url\":\"https:\\\/\\\/www.polysoude.com\\\/fr\\\/\",\"logo\":{\"@type\":\"ImageObject\",\"inLanguage\":\"fr-FR\",\"@id\":\"https:\\\/\\\/www.polysoude.com\\\/fr\\\/#\\\/schema\\\/logo\\\/image\\\/\",\"url\":\"https:\\\/\\\/www.polysoude.com\\\/wp-content\\\/uploads\\\/2022\\\/07\\\/Polysoude_Logo_signature_fond-transparent_600dpi_300mm_RVB-e1658123578778.png\",\"contentUrl\":\"https:\\\/\\\/www.polysoude.com\\\/wp-content\\\/uploads\\\/2022\\\/07\\\/Polysoude_Logo_signature_fond-transparent_600dpi_300mm_RVB-e1658123578778.png\",\"width\":465,\"height\":86,\"caption\":\"Polysoude\"},\"image\":{\"@id\":\"https:\\\/\\\/www.polysoude.com\\\/fr\\\/#\\\/schema\\\/logo\\\/image\\\/\"},\"sameAs\":[\"https:\\\/\\\/www.facebook.com\\\/Polysoude\\\/\",\"https:\\\/\\\/www.linkedin.com\\\/company\\\/polysoude\\\/\",\"https:\\\/\\\/www.instagram.com\\\/polysoudeglobal\\\/\"]}]}<\/script>\n<!-- \/ Yoast SEO plugin. -->","yoast_head_json":{"title":"Soudage Automatis\u00e9 - Soudure Automatique - Soudage Automatique","description":"Solutions cl\u00e9-en-main pour atteindre le \u201cz\u00e9ro d\u00e9faut\u201d Reconnus pour leur excellence technique, les \u00e9quipements cl\u00e9-en-main POLYSOUDE ont \u00e9t\u00e9 adopt\u00e9s par","robots":{"index":"index","follow":"follow","max-snippet":"max-snippet:-1","max-image-preview":"max-image-preview:large","max-video-preview":"max-video-preview:-1"},"canonical":"https:\/\/www.polysoude.com\/fr\/soudage-tig\/soudage-tig-automatique\/","og_locale":"fr_FR","og_type":"article","og_title":"Soudage Automatis\u00e9 - Soudure Automatique - Soudage Automatique","og_description":"Solutions cl\u00e9-en-main pour atteindre le \u201cz\u00e9ro d\u00e9faut\u201d Reconnus pour leur excellence technique, les \u00e9quipements cl\u00e9-en-main POLYSOUDE ont \u00e9t\u00e9 adopt\u00e9s par","og_url":"https:\/\/www.polysoude.com\/fr\/soudage-tig\/soudage-tig-automatique\/","og_site_name":"Polysoude","article_publisher":"https:\/\/www.facebook.com\/Polysoude\/","article_modified_time":"2023-01-20T10:54:36+00:00","og_image":[{"url":"https:\/\/www.polysoude.com\/wp-content\/uploads\/2022\/07\/Polysoude_Logo_signature_fond-transparent_600dpi_300mm_RVB-e1658123578778.png","type":"","width":"","height":""}],"twitter_card":"summary_large_image","twitter_misc":{"Dur\u00e9e de lecture estim\u00e9e":"1 minute"},"schema":{"@context":"https:\/\/schema.org","@graph":[{"@type":"WebPage","@id":"https:\/\/www.polysoude.com\/fr\/soudage-tig\/soudage-tig-automatique\/","url":"https:\/\/www.polysoude.com\/fr\/soudage-tig\/soudage-tig-automatique\/","name":"Soudage Automatis\u00e9 - Soudure Automatique - Soudage Automatique","isPartOf":{"@id":"https:\/\/www.polysoude.com\/fr\/#website"},"primaryImageOfPage":{"@id":"https:\/\/www.polysoude.com\/fr\/soudage-tig\/soudage-tig-automatique\/#primaryimage"},"image":{"@id":"https:\/\/www.polysoude.com\/fr\/soudage-tig\/soudage-tig-automatique\/#primaryimage"},"thumbnailUrl":"https:\/\/www.polysoude.com\/wp-content\/uploads\/2019\/06\/welding-manipulators-and-peripherals_2019_500x500.jpg","datePublished":"2022-04-03T08:03:06+00:00","dateModified":"2023-01-20T10:54:36+00:00","description":"Solutions cl\u00e9-en-main pour atteindre le \u201cz\u00e9ro d\u00e9faut\u201d Reconnus pour leur excellence technique, les \u00e9quipements cl\u00e9-en-main POLYSOUDE ont \u00e9t\u00e9 adopt\u00e9s par","breadcrumb":{"@id":"https:\/\/www.polysoude.com\/fr\/soudage-tig\/soudage-tig-automatique\/#breadcrumb"},"inLanguage":"fr-FR","potentialAction":[{"@type":"ReadAction","target":["https:\/\/www.polysoude.com\/fr\/soudage-tig\/soudage-tig-automatique\/"]}]},{"@type":"ImageObject","inLanguage":"fr-FR","@id":"https:\/\/www.polysoude.com\/fr\/soudage-tig\/soudage-tig-automatique\/#primaryimage","url":"https:\/\/www.polysoude.com\/wp-content\/uploads\/2019\/06\/welding-manipulators-and-peripherals_2019_500x500.jpg","contentUrl":"https:\/\/www.polysoude.com\/wp-content\/uploads\/2019\/06\/welding-manipulators-and-peripherals_2019_500x500.jpg","width":500,"height":500},{"@type":"BreadcrumbList","@id":"https:\/\/www.polysoude.com\/fr\/soudage-tig\/soudage-tig-automatique\/#breadcrumb","itemListElement":[{"@type":"ListItem","position":1,"name":"Home","item":"https:\/\/www.polysoude.com\/fr\/accueil\/"},{"@type":"ListItem","position":2,"name":"Soudage TIG","item":"https:\/\/www.polysoude.com\/fr\/soudage-tig\/"},{"@type":"ListItem","position":3,"name":"Soudage automatis\u00e9"}]},{"@type":"WebSite","@id":"https:\/\/www.polysoude.com\/fr\/#website","url":"https:\/\/www.polysoude.com\/fr\/","name":"Polysoude","description":"The art of welding","publisher":{"@id":"https:\/\/www.polysoude.com\/fr\/#organization"},"alternateName":"Polysoude","potentialAction":[{"@type":"SearchAction","target":{"@type":"EntryPoint","urlTemplate":"https:\/\/www.polysoude.com\/fr\/?s={search_term_string}"},"query-input":{"@type":"PropertyValueSpecification","valueRequired":true,"valueName":"search_term_string"}}],"inLanguage":"fr-FR"},{"@type":"Organization","@id":"https:\/\/www.polysoude.com\/fr\/#organization","name":"Polysoude","alternateName":"Polysoude","url":"https:\/\/www.polysoude.com\/fr\/","logo":{"@type":"ImageObject","inLanguage":"fr-FR","@id":"https:\/\/www.polysoude.com\/fr\/#\/schema\/logo\/image\/","url":"https:\/\/www.polysoude.com\/wp-content\/uploads\/2022\/07\/Polysoude_Logo_signature_fond-transparent_600dpi_300mm_RVB-e1658123578778.png","contentUrl":"https:\/\/www.polysoude.com\/wp-content\/uploads\/2022\/07\/Polysoude_Logo_signature_fond-transparent_600dpi_300mm_RVB-e1658123578778.png","width":465,"height":86,"caption":"Polysoude"},"image":{"@id":"https:\/\/www.polysoude.com\/fr\/#\/schema\/logo\/image\/"},"sameAs":["https:\/\/www.facebook.com\/Polysoude\/","https:\/\/www.linkedin.com\/company\/polysoude\/","https:\/\/www.instagram.com\/polysoudeglobal\/"]}]}},"_links":{"self":[{"href":"https:\/\/www.polysoude.com\/fr\/wp-json\/wp\/v2\/pages\/339","targetHints":{"allow":["GET"]}}],"collection":[{"href":"https:\/\/www.polysoude.com\/fr\/wp-json\/wp\/v2\/pages"}],"about":[{"href":"https:\/\/www.polysoude.com\/fr\/wp-json\/wp\/v2\/types\/page"}],"author":[{"embeddable":true,"href":"https:\/\/www.polysoude.com\/fr\/wp-json\/wp\/v2\/users\/1"}],"replies":[{"embeddable":true,"href":"https:\/\/www.polysoude.com\/fr\/wp-json\/wp\/v2\/comments?post=339"}],"version-history":[{"count":13,"href":"https:\/\/www.polysoude.com\/fr\/wp-json\/wp\/v2\/pages\/339\/revisions"}],"predecessor-version":[{"id":43122,"href":"https:\/\/www.polysoude.com\/fr\/wp-json\/wp\/v2\/pages\/339\/revisions\/43122"}],"up":[{"embeddable":true,"href":"https:\/\/www.polysoude.com\/fr\/wp-json\/wp\/v2\/pages\/332"}],"wp:featuredmedia":[{"embeddable":true,"href":"https:\/\/www.polysoude.com\/fr\/wp-json\/wp\/v2\/media\/25843"}],"wp:attachment":[{"href":"https:\/\/www.polysoude.com\/fr\/wp-json\/wp\/v2\/media?parent=339"}],"curies":[{"name":"wp","href":"https:\/\/api.w.org\/{rel}","templated":true}]}}