{"id":342,"date":"2022-04-03T10:02:00","date_gmt":"2022-04-03T08:02:00","guid":{"rendered":"http:\/\/www.polysoude.com\/?page_id=342&#038;lang=fr"},"modified":"2022-11-03T17:28:44","modified_gmt":"2022-11-03T16:28:44","slug":"rechargement-soudure","status":"publish","type":"page","link":"https:\/\/www.polysoude.com\/fr\/rechargement-soudure\/","title":{"rendered":"Rechargement"},"content":{"rendered":"\r\n\t<h2>Solutions pour le rechargement automatis\u00e9 pour la fabrication et la maintenance<\/h2>\r\n<h3>La perfection sans compromis<\/h3>\r\n<p>Dans de nombreuses industries, c\u2019est l\u2019abrasion par des substances corrosives qui fait vieillir de mani\u00e8re exponentielle des structures tubulaires avec leurs composants. Citons par exemple le sable contenu dans le p\u00e9trole lors du forage ou des produits chimiques agressifs dans le cas d\u2019installations industrielles. La temp\u00e9rature des fluides ainsi que la pression renforcent encore ce ph\u00e9nom\u00e8ne.<\/p>\r\n\t\t\t\t<img loading=\"lazy\" decoding=\"async\" src=\"https:\/\/www.polysoude.com\/wp-content\/uploads\/2016\/10\/cladding_tig-tiger.jpg\" alt=\"cladding_tig-tiger\" itemprop=\"image\" height=\"325\" width=\"1000\" title=\"cladding_tig-tiger\" onerror=\"this.style.display='none'\"  \/>\r\n\t<h3>Qu&rsquo;est que le rechargement par soudure ?<\/h3>\r\n<p>Le rechargement est une op\u00e9ration consistant \u00e0 rapporter par fusion, sur des parties us\u00e9es ou susceptibles de s\u2019user ou encore d\u00e9grad\u00e9es, un m\u00e9tal soit de m\u00eame nature ( rechargement homog\u00e8ne ) ou de nature diff\u00e9rente ( rechargement h\u00e9t\u00e9rog\u00e8ne ) de celui du m\u00e9tal de base. Afin d\u2019augmenter la long\u00e9vit\u00e9 de ces composants soumis \u00e0 rude \u00e9preuve, ceux-ci sont recouverts d\u2019une couche r\u00e9sistante aux agressions des fluides ou gaz \u00e0 transporter, par technique de rechargement.<\/p>\r\n<h3>Qu&rsquo;est que le rechargement par soudage automatique ?<\/h3>\r\n<p>Le <a href=\"https:\/\/www.polysoude.com\/fr\/rechargement-par-soudure\/\">rechargement par soudure<\/a>, ou placage, est un mode op\u00e9ratoire efficace et rentable qui consiste \u00e0 appliquer un mat\u00e9riau d\u2019apport sur des pi\u00e8ces en m\u00e9tal afin de les r\u00e9parer ou de les prot\u00e9ger de l\u2019usure et de la corrosion. Des pi\u00e8ces constitu\u00e9es de types d\u2019aciers peu co\u00fbteux sont recouvertes d\u2019alliages sp\u00e9ciaux comme les alliages Alloy\u00a050, CrMo\u00a0910 ou Inconel\u00a0625. La combinaison de l\u2019acier, qui est un mat\u00e9riau de base peu cher, et des couches de protection de qualit\u00e9 pr\u00e9sente des avantages non n\u00e9gligeables d\u2019un point de vue financier. Les domaines d\u2019application typiques sont l\u2019industrie p\u00e9trochimique, la construction a\u00e9ronautique et spatiale ainsi que la production d\u2019\u00e9nergie.<\/p>\r\n<h3>Comment recharger une pi\u00e8ce en m\u00e9tal ?<\/h3>\r\n<p><b>Recharger<\/b>\u00a0\u00e0 l&rsquo;arc avec l&rsquo;\u00e9lectrode\u00a0<b>rechargement<\/b>, est une op\u00e9ration parfaitement adapt\u00e9e lorsque l&rsquo;on recherche une grande r\u00e9sistance \u00e0 l&rsquo;usure. Le soudage TIG est conseill\u00e9e pour <b>recharger<\/b>\u00a0les\u00a0<b>pi\u00e8ces<\/b> fortement sollicit\u00e9s par l&rsquo;abrasion. Ce proc\u00e9d\u00e9 s&rsquo;utilise sans probl\u00e8me avec des postes de soudure \u00e0 l&rsquo;arc TIG.<\/p>\r\n\t<ul>\r\n<li>L&rsquo;application du <strong>rechargement<\/strong> est utilis\u00e9e partout o\u00f9 des pi\u00e8ces co\u00fbteuses \u00e0 tr\u00e8s forte valeur ajout\u00e9e doivent avoir une dur\u00e9e de vie maximale ou dont le co\u00fbt de fabrication et la maintenance ne permettrait pas de les r\u00e9aliser dans la mati\u00e8re apport\u00e9e.<\/li>\r\n<li>C\u2019est particuli\u00e8rement le cas des <strong>tubulures, vannes, pi\u00e8ces de r\u00e9acteurs d\u2019avion<\/strong> dans des secteurs industriels tels que la p\u00e9trochimie, la construction de centrales \u00e9lectriques ou l\u2019a\u00e9ronautique.<\/li>\r\n<li>Le <strong>proc\u00e9d\u00e9 TIG<sup>er<\/sup> <\/strong>est issu d\u2019un d\u00e9veloppement technologique <a href=\"https:\/\/www.polysoude.com\/fr\/\">POLYSOUDE<\/a>, variante du principe du soudage TIG Fil Chaud. Le principe de base est relatif \u00e0 la juxtaposition de deux arcs TIG, organis\u00e9s et contr\u00f4l\u00e9s de mani\u00e8re \u00e0 se combiner en un seul arc dot\u00e9 du pouvoir calorifique de la combinaison des deux puissances, mais disposant de caract\u00e9ristiques inhabituelles pour de telles intensit\u00e9s.<\/li>\r\n<\/ul>\r\n\t<ul>\r\n<li><strong>L\u2019adjonction du fil<\/strong> pr\u00e9chauff\u00e9 par effet Joule, via le contr\u00f4le d\u2019une troisi\u00e8me source de courant, permet d\u2019exploiter le profil particulier du bain et d\u2019am\u00e9liorer consid\u00e9rablement le rendement du proc\u00e9d\u00e9.<\/li>\r\n<li>Selon les besoins, il est possible <strong>d\u2019optimiser l\u2019\u00e9paisseur des couches<\/strong> dans une plage usuelle se situant entre 1,5 et 3,5\u00a0mm. Cette souplesse permet d\u2019ajuster la quantit\u00e9 de m\u00e9tal d\u00e9pos\u00e9 au strict besoin et ainsi de r\u00e9aliser des \u00e9conomies importantes compte tenu des co\u00fbts des produits d\u2019apport (g\u00e9n\u00e9ralement des alliages nobles). Les vitesses de soudage optimis\u00e9es sont de l\u2019ordre de 70 \u00e0 90\u00a0cm\/min avec des taux de d\u00e9p\u00f4t compris entre 2,5 et 6\u00a0kg\/h, soit pr\u00e8s de 3 fois plus qu\u2019avec le proc\u00e9d\u00e9 TIG Fil Chaud.<\/li>\r\n<li>La <strong>ma\u00eetrise de la dilution<\/strong> est parfaite avec un taux de l\u2019ordre de 12\u00a0% en premi\u00e8re couche et de l\u2019ordre de 1,5 \u00e0 2\u00a0% d\u00e8s la deuxi\u00e8me couche d\u00e9pos\u00e9e.<\/li>\r\n<\/ul>\r\n\t<h4>Une machine \u00e9quip\u00e9e du proc\u00e9d\u00e9 TIG<sup>er<\/sup> se r\u00e9v\u00e9lera \u00eatre un \u00e9quipement rentable et \u00e9conomique permettant de faire chuter de 20 \u00e0 50\u00a0% le co\u00fbt d\u2019exploitation par kilogramme de m\u00e9tal d\u00e9pos\u00e9.<\/h4>\r\n","protected":false},"excerpt":{"rendered":"<p>Solutions pour le rechargement automatis\u00e9 pour la fabrication et la maintenance La perfection sans compromis Dans de nombreuses industries, c\u2019est l\u2019abrasion par des substances corrosives qui fait vieillir de mani\u00e8re exponentielle des structures tubulaires avec leurs composants. Citons par exemple le sable contenu dans le p\u00e9trole lors du forage ou des produits chimiques agressifs dans [&hellip;]<\/p>\n","protected":false},"author":1,"featured_media":0,"parent":0,"menu_order":0,"comment_status":"closed","ping_status":"closed","template":"page-parent.php","meta":{"_acf_changed":false,"footnotes":""},"class_list":["post-342","page","type-page","status-publish","hentry"],"acf":[],"yoast_head":"<!-- This site is optimized with the Yoast SEO plugin v27.3 - https:\/\/yoast.com\/product\/yoast-seo-wordpress\/ -->\n<title>Cladding - Weld Overlay : Polysoude<\/title>\n<meta name=\"description\" content=\"Solutions pour le rechargement automatis\u00e9 pour la fabrication et la maintenance La perfection sans compromis Dans de nombreuses industries, c\u2019est\" \/>\n<meta name=\"robots\" content=\"index, follow, max-snippet:-1, max-image-preview:large, max-video-preview:-1\" \/>\n<link rel=\"canonical\" href=\"https:\/\/www.polysoude.com\/fr\/rechargement-soudure\/\" \/>\n<meta property=\"og:locale\" content=\"fr_FR\" \/>\n<meta property=\"og:type\" content=\"article\" \/>\n<meta property=\"og:title\" content=\"Cladding - Weld Overlay : Polysoude\" \/>\n<meta property=\"og:description\" content=\"Solutions pour le rechargement automatis\u00e9 pour la fabrication et la maintenance La perfection sans compromis Dans de nombreuses industries, c\u2019est\" \/>\n<meta property=\"og:url\" content=\"https:\/\/www.polysoude.com\/fr\/rechargement-soudure\/\" \/>\n<meta property=\"og:site_name\" content=\"Polysoude\" \/>\n<meta property=\"article:publisher\" content=\"https:\/\/www.facebook.com\/Polysoude\/\" \/>\n<meta property=\"article:modified_time\" content=\"2022-11-03T16:28:44+00:00\" \/>\n<meta property=\"og:image\" content=\"https:\/\/www.polysoude.com\/wp-content\/uploads\/2016\/10\/cladding_tig-tiger.jpg\" \/>\n<meta name=\"twitter:card\" content=\"summary_large_image\" \/>\n<meta name=\"twitter:label1\" content=\"Dur\u00e9e de lecture estim\u00e9e\" \/>\n\t<meta name=\"twitter:data1\" content=\"4 minutes\" \/>\n<script type=\"application\/ld+json\" class=\"yoast-schema-graph\">{\"@context\":\"https:\\\/\\\/schema.org\",\"@graph\":[{\"@type\":\"WebPage\",\"@id\":\"https:\\\/\\\/www.polysoude.com\\\/fr\\\/rechargement-soudure\\\/\",\"url\":\"https:\\\/\\\/www.polysoude.com\\\/fr\\\/rechargement-soudure\\\/\",\"name\":\"Cladding - Weld Overlay : Polysoude\",\"isPartOf\":{\"@id\":\"https:\\\/\\\/www.polysoude.com\\\/fr\\\/#website\"},\"primaryImageOfPage\":{\"@id\":\"https:\\\/\\\/www.polysoude.com\\\/fr\\\/rechargement-soudure\\\/#primaryimage\"},\"image\":{\"@id\":\"https:\\\/\\\/www.polysoude.com\\\/fr\\\/rechargement-soudure\\\/#primaryimage\"},\"thumbnailUrl\":\"https:\\\/\\\/www.polysoude.com\\\/wp-content\\\/uploads\\\/2016\\\/10\\\/cladding_tig-tiger.jpg\",\"datePublished\":\"2022-04-03T08:02:00+00:00\",\"dateModified\":\"2022-11-03T16:28:44+00:00\",\"description\":\"Solutions pour le rechargement automatis\u00e9 pour la fabrication et la maintenance La perfection sans compromis Dans de nombreuses industries, c\u2019est\",\"breadcrumb\":{\"@id\":\"https:\\\/\\\/www.polysoude.com\\\/fr\\\/rechargement-soudure\\\/#breadcrumb\"},\"inLanguage\":\"fr-FR\",\"potentialAction\":[{\"@type\":\"ReadAction\",\"target\":[\"https:\\\/\\\/www.polysoude.com\\\/fr\\\/rechargement-soudure\\\/\"]}]},{\"@type\":\"ImageObject\",\"inLanguage\":\"fr-FR\",\"@id\":\"https:\\\/\\\/www.polysoude.com\\\/fr\\\/rechargement-soudure\\\/#primaryimage\",\"url\":\"https:\\\/\\\/www.polysoude.com\\\/wp-content\\\/uploads\\\/2016\\\/10\\\/cladding_tig-tiger.jpg\",\"contentUrl\":\"https:\\\/\\\/www.polysoude.com\\\/wp-content\\\/uploads\\\/2016\\\/10\\\/cladding_tig-tiger.jpg\"},{\"@type\":\"BreadcrumbList\",\"@id\":\"https:\\\/\\\/www.polysoude.com\\\/fr\\\/rechargement-soudure\\\/#breadcrumb\",\"itemListElement\":[{\"@type\":\"ListItem\",\"position\":1,\"name\":\"Home\",\"item\":\"https:\\\/\\\/www.polysoude.com\\\/fr\\\/accueil\\\/\"},{\"@type\":\"ListItem\",\"position\":2,\"name\":\"Rechargement\"}]},{\"@type\":\"WebSite\",\"@id\":\"https:\\\/\\\/www.polysoude.com\\\/fr\\\/#website\",\"url\":\"https:\\\/\\\/www.polysoude.com\\\/fr\\\/\",\"name\":\"Polysoude\",\"description\":\"The art of welding\",\"publisher\":{\"@id\":\"https:\\\/\\\/www.polysoude.com\\\/fr\\\/#organization\"},\"alternateName\":\"Polysoude\",\"potentialAction\":[{\"@type\":\"SearchAction\",\"target\":{\"@type\":\"EntryPoint\",\"urlTemplate\":\"https:\\\/\\\/www.polysoude.com\\\/fr\\\/?s={search_term_string}\"},\"query-input\":{\"@type\":\"PropertyValueSpecification\",\"valueRequired\":true,\"valueName\":\"search_term_string\"}}],\"inLanguage\":\"fr-FR\"},{\"@type\":\"Organization\",\"@id\":\"https:\\\/\\\/www.polysoude.com\\\/fr\\\/#organization\",\"name\":\"Polysoude\",\"alternateName\":\"Polysoude\",\"url\":\"https:\\\/\\\/www.polysoude.com\\\/fr\\\/\",\"logo\":{\"@type\":\"ImageObject\",\"inLanguage\":\"fr-FR\",\"@id\":\"https:\\\/\\\/www.polysoude.com\\\/fr\\\/#\\\/schema\\\/logo\\\/image\\\/\",\"url\":\"https:\\\/\\\/www.polysoude.com\\\/wp-content\\\/uploads\\\/2022\\\/07\\\/Polysoude_Logo_signature_fond-transparent_600dpi_300mm_RVB-e1658123578778.png\",\"contentUrl\":\"https:\\\/\\\/www.polysoude.com\\\/wp-content\\\/uploads\\\/2022\\\/07\\\/Polysoude_Logo_signature_fond-transparent_600dpi_300mm_RVB-e1658123578778.png\",\"width\":465,\"height\":86,\"caption\":\"Polysoude\"},\"image\":{\"@id\":\"https:\\\/\\\/www.polysoude.com\\\/fr\\\/#\\\/schema\\\/logo\\\/image\\\/\"},\"sameAs\":[\"https:\\\/\\\/www.facebook.com\\\/Polysoude\\\/\",\"https:\\\/\\\/www.linkedin.com\\\/company\\\/polysoude\\\/\",\"https:\\\/\\\/www.instagram.com\\\/polysoudeglobal\\\/\"]}]}<\/script>\n<!-- \/ Yoast SEO plugin. -->","yoast_head_json":{"title":"Cladding - Weld Overlay : Polysoude","description":"Solutions pour le rechargement automatis\u00e9 pour la fabrication et la maintenance La perfection sans compromis Dans de nombreuses industries, c\u2019est","robots":{"index":"index","follow":"follow","max-snippet":"max-snippet:-1","max-image-preview":"max-image-preview:large","max-video-preview":"max-video-preview:-1"},"canonical":"https:\/\/www.polysoude.com\/fr\/rechargement-soudure\/","og_locale":"fr_FR","og_type":"article","og_title":"Cladding - Weld Overlay : Polysoude","og_description":"Solutions pour le rechargement automatis\u00e9 pour la fabrication et la maintenance La perfection sans compromis Dans de nombreuses industries, c\u2019est","og_url":"https:\/\/www.polysoude.com\/fr\/rechargement-soudure\/","og_site_name":"Polysoude","article_publisher":"https:\/\/www.facebook.com\/Polysoude\/","article_modified_time":"2022-11-03T16:28:44+00:00","og_image":[{"url":"https:\/\/www.polysoude.com\/wp-content\/uploads\/2016\/10\/cladding_tig-tiger.jpg","type":"","width":"","height":""}],"twitter_card":"summary_large_image","twitter_misc":{"Dur\u00e9e de lecture estim\u00e9e":"4 minutes"},"schema":{"@context":"https:\/\/schema.org","@graph":[{"@type":"WebPage","@id":"https:\/\/www.polysoude.com\/fr\/rechargement-soudure\/","url":"https:\/\/www.polysoude.com\/fr\/rechargement-soudure\/","name":"Cladding - Weld Overlay : Polysoude","isPartOf":{"@id":"https:\/\/www.polysoude.com\/fr\/#website"},"primaryImageOfPage":{"@id":"https:\/\/www.polysoude.com\/fr\/rechargement-soudure\/#primaryimage"},"image":{"@id":"https:\/\/www.polysoude.com\/fr\/rechargement-soudure\/#primaryimage"},"thumbnailUrl":"https:\/\/www.polysoude.com\/wp-content\/uploads\/2016\/10\/cladding_tig-tiger.jpg","datePublished":"2022-04-03T08:02:00+00:00","dateModified":"2022-11-03T16:28:44+00:00","description":"Solutions pour le rechargement automatis\u00e9 pour la fabrication et la maintenance La perfection sans compromis Dans de nombreuses industries, c\u2019est","breadcrumb":{"@id":"https:\/\/www.polysoude.com\/fr\/rechargement-soudure\/#breadcrumb"},"inLanguage":"fr-FR","potentialAction":[{"@type":"ReadAction","target":["https:\/\/www.polysoude.com\/fr\/rechargement-soudure\/"]}]},{"@type":"ImageObject","inLanguage":"fr-FR","@id":"https:\/\/www.polysoude.com\/fr\/rechargement-soudure\/#primaryimage","url":"https:\/\/www.polysoude.com\/wp-content\/uploads\/2016\/10\/cladding_tig-tiger.jpg","contentUrl":"https:\/\/www.polysoude.com\/wp-content\/uploads\/2016\/10\/cladding_tig-tiger.jpg"},{"@type":"BreadcrumbList","@id":"https:\/\/www.polysoude.com\/fr\/rechargement-soudure\/#breadcrumb","itemListElement":[{"@type":"ListItem","position":1,"name":"Home","item":"https:\/\/www.polysoude.com\/fr\/accueil\/"},{"@type":"ListItem","position":2,"name":"Rechargement"}]},{"@type":"WebSite","@id":"https:\/\/www.polysoude.com\/fr\/#website","url":"https:\/\/www.polysoude.com\/fr\/","name":"Polysoude","description":"The art of welding","publisher":{"@id":"https:\/\/www.polysoude.com\/fr\/#organization"},"alternateName":"Polysoude","potentialAction":[{"@type":"SearchAction","target":{"@type":"EntryPoint","urlTemplate":"https:\/\/www.polysoude.com\/fr\/?s={search_term_string}"},"query-input":{"@type":"PropertyValueSpecification","valueRequired":true,"valueName":"search_term_string"}}],"inLanguage":"fr-FR"},{"@type":"Organization","@id":"https:\/\/www.polysoude.com\/fr\/#organization","name":"Polysoude","alternateName":"Polysoude","url":"https:\/\/www.polysoude.com\/fr\/","logo":{"@type":"ImageObject","inLanguage":"fr-FR","@id":"https:\/\/www.polysoude.com\/fr\/#\/schema\/logo\/image\/","url":"https:\/\/www.polysoude.com\/wp-content\/uploads\/2022\/07\/Polysoude_Logo_signature_fond-transparent_600dpi_300mm_RVB-e1658123578778.png","contentUrl":"https:\/\/www.polysoude.com\/wp-content\/uploads\/2022\/07\/Polysoude_Logo_signature_fond-transparent_600dpi_300mm_RVB-e1658123578778.png","width":465,"height":86,"caption":"Polysoude"},"image":{"@id":"https:\/\/www.polysoude.com\/fr\/#\/schema\/logo\/image\/"},"sameAs":["https:\/\/www.facebook.com\/Polysoude\/","https:\/\/www.linkedin.com\/company\/polysoude\/","https:\/\/www.instagram.com\/polysoudeglobal\/"]}]}},"_links":{"self":[{"href":"https:\/\/www.polysoude.com\/fr\/wp-json\/wp\/v2\/pages\/342","targetHints":{"allow":["GET"]}}],"collection":[{"href":"https:\/\/www.polysoude.com\/fr\/wp-json\/wp\/v2\/pages"}],"about":[{"href":"https:\/\/www.polysoude.com\/fr\/wp-json\/wp\/v2\/types\/page"}],"author":[{"embeddable":true,"href":"https:\/\/www.polysoude.com\/fr\/wp-json\/wp\/v2\/users\/1"}],"replies":[{"embeddable":true,"href":"https:\/\/www.polysoude.com\/fr\/wp-json\/wp\/v2\/comments?post=342"}],"version-history":[{"count":14,"href":"https:\/\/www.polysoude.com\/fr\/wp-json\/wp\/v2\/pages\/342\/revisions"}],"predecessor-version":[{"id":42351,"href":"https:\/\/www.polysoude.com\/fr\/wp-json\/wp\/v2\/pages\/342\/revisions\/42351"}],"wp:attachment":[{"href":"https:\/\/www.polysoude.com\/fr\/wp-json\/wp\/v2\/media?parent=342"}],"curies":[{"name":"wp","href":"https:\/\/api.w.org\/{rel}","templated":true}]}}