{"id":34241,"date":"2021-03-30T16:49:53","date_gmt":"2021-03-30T14:49:53","guid":{"rendered":"https:\/\/www.polysoude.com\/?page_id=34241"},"modified":"2022-02-04T14:58:25","modified_gmt":"2022-02-04T13:58:25","slug":"rencontre-nucleaire-2021-_-polysoude-protem-_-photos","status":"publish","type":"page","link":"https:\/\/www.polysoude.com\/fr\/rencontre-nucleaire-2021-_-polysoude-protem-_-photos\/","title":{"rendered":"RENCONTRE NUCLEAIRE 2021 _ Polysoude \/ Protem _ Les photos"},"content":{"rendered":"\n\t\n<p>&nbsp;<\/p>\nPour t\u00e9l\u00e9charger une photo, faire un clic droit avec votre souris, puis &laquo;&nbsp;Enregistrer sous&#8230;&nbsp;&raquo;<br \/>\nSinon n&rsquo;h\u00e9sitez pas \u00e0 nous demander la version haute d\u00e9finition par email \u00e0 <a href=\"mailto:communication@polysoude.com\" target=\"_blank\" rel=\"noopener noreferrer\">communication@polysoude.com<\/a>\n<p>&nbsp;<\/p>\n<p>&nbsp;<\/p>\n","protected":false},"excerpt":{"rendered":"<p>&nbsp; Pour t\u00e9l\u00e9charger une photo, faire un clic droit avec votre souris, puis &laquo;&nbsp;Enregistrer sous&#8230;&nbsp;&raquo; Sinon n&rsquo;h\u00e9sitez pas \u00e0 nous demander la version haute d\u00e9finition par email \u00e0 communication@polysoude.com &nbsp; &nbsp;<\/p>\n","protected":false},"author":12,"featured_media":0,"parent":0,"menu_order":0,"comment_status":"closed","ping_status":"closed","template":"","meta":{"_acf_changed":false,"footnotes":""},"class_list":["post-34241","page","type-page","status-publish","hentry"],"acf":[],"yoast_head":"<!-- This site is optimized with the Yoast SEO plugin v27.3 - https:\/\/yoast.com\/product\/yoast-seo-wordpress\/ -->\n<title>RENCONTRE NUCLEAIRE 2021 _ Polysoude \/ Protem _ Les photos | Polysoude<\/title>\n<meta name=\"description\" content=\"&nbsp; Pour t\u00e9l\u00e9charger une photo, faire un clic droit avec votre souris, puis &quot;Enregistrer sous...&quot; Sinon n&#039;h\u00e9sitez pas \u00e0 nous demander la version haute\" \/>\n<meta name=\"robots\" content=\"index, follow, max-snippet:-1, max-image-preview:large, max-video-preview:-1\" \/>\n<link rel=\"canonical\" href=\"https:\/\/www.polysoude.com\/fr\/rencontre-nucleaire-2021-_-polysoude-protem-_-photos\/\" \/>\n<meta property=\"og:locale\" content=\"fr_FR\" \/>\n<meta property=\"og:type\" content=\"article\" \/>\n<meta property=\"og:title\" content=\"RENCONTRE NUCLEAIRE 2021 _ Polysoude \/ Protem _ Les photos | Polysoude\" \/>\n<meta property=\"og:description\" content=\"&nbsp; Pour t\u00e9l\u00e9charger une photo, faire un clic droit avec votre souris, puis &quot;Enregistrer sous...&quot; Sinon n&#039;h\u00e9sitez pas \u00e0 nous demander la version haute\" \/>\n<meta property=\"og:url\" content=\"https:\/\/www.polysoude.com\/fr\/rencontre-nucleaire-2021-_-polysoude-protem-_-photos\/\" \/>\n<meta property=\"og:site_name\" content=\"Polysoude\" \/>\n<meta property=\"article:publisher\" content=\"https:\/\/www.facebook.com\/Polysoude\/\" \/>\n<meta property=\"article:modified_time\" content=\"2022-02-04T13:58:25+00:00\" \/>\n<meta name=\"twitter:card\" content=\"summary_large_image\" \/>\n<script type=\"application\/ld+json\" class=\"yoast-schema-graph\">{\"@context\":\"https:\\\/\\\/schema.org\",\"@graph\":[{\"@type\":\"WebPage\",\"@id\":\"https:\\\/\\\/www.polysoude.com\\\/fr\\\/rencontre-nucleaire-2021-_-polysoude-protem-_-photos\\\/\",\"url\":\"https:\\\/\\\/www.polysoude.com\\\/fr\\\/rencontre-nucleaire-2021-_-polysoude-protem-_-photos\\\/\",\"name\":\"RENCONTRE NUCLEAIRE 2021 _ Polysoude \\\/ Protem _ Les photos | Polysoude\",\"isPartOf\":{\"@id\":\"https:\\\/\\\/www.polysoude.com\\\/fr\\\/#website\"},\"datePublished\":\"2021-03-30T14:49:53+00:00\",\"dateModified\":\"2022-02-04T13:58:25+00:00\",\"description\":\"&nbsp; Pour t\u00e9l\u00e9charger une photo, faire un clic droit avec votre souris, puis \\\"Enregistrer sous...\\\" Sinon n'h\u00e9sitez pas \u00e0 nous demander la version haute\",\"breadcrumb\":{\"@id\":\"https:\\\/\\\/www.polysoude.com\\\/fr\\\/rencontre-nucleaire-2021-_-polysoude-protem-_-photos\\\/#breadcrumb\"},\"inLanguage\":\"fr-FR\",\"potentialAction\":[{\"@type\":\"ReadAction\",\"target\":[\"https:\\\/\\\/www.polysoude.com\\\/fr\\\/rencontre-nucleaire-2021-_-polysoude-protem-_-photos\\\/\"]}]},{\"@type\":\"BreadcrumbList\",\"@id\":\"https:\\\/\\\/www.polysoude.com\\\/fr\\\/rencontre-nucleaire-2021-_-polysoude-protem-_-photos\\\/#breadcrumb\",\"itemListElement\":[{\"@type\":\"ListItem\",\"position\":1,\"name\":\"Home\",\"item\":\"https:\\\/\\\/www.polysoude.com\\\/fr\\\/accueil\\\/\"},{\"@type\":\"ListItem\",\"position\":2,\"name\":\"RENCONTRE NUCLEAIRE 2021 _ Polysoude \\\/ Protem _ Les photos\"}]},{\"@type\":\"WebSite\",\"@id\":\"https:\\\/\\\/www.polysoude.com\\\/fr\\\/#website\",\"url\":\"https:\\\/\\\/www.polysoude.com\\\/fr\\\/\",\"name\":\"Polysoude\",\"description\":\"The art of welding\",\"publisher\":{\"@id\":\"https:\\\/\\\/www.polysoude.com\\\/fr\\\/#organization\"},\"alternateName\":\"Polysoude\",\"potentialAction\":[{\"@type\":\"SearchAction\",\"target\":{\"@type\":\"EntryPoint\",\"urlTemplate\":\"https:\\\/\\\/www.polysoude.com\\\/fr\\\/?s={search_term_string}\"},\"query-input\":{\"@type\":\"PropertyValueSpecification\",\"valueRequired\":true,\"valueName\":\"search_term_string\"}}],\"inLanguage\":\"fr-FR\"},{\"@type\":\"Organization\",\"@id\":\"https:\\\/\\\/www.polysoude.com\\\/fr\\\/#organization\",\"name\":\"Polysoude\",\"alternateName\":\"Polysoude\",\"url\":\"https:\\\/\\\/www.polysoude.com\\\/fr\\\/\",\"logo\":{\"@type\":\"ImageObject\",\"inLanguage\":\"fr-FR\",\"@id\":\"https:\\\/\\\/www.polysoude.com\\\/fr\\\/#\\\/schema\\\/logo\\\/image\\\/\",\"url\":\"https:\\\/\\\/www.polysoude.com\\\/wp-content\\\/uploads\\\/2022\\\/07\\\/Polysoude_Logo_signature_fond-transparent_600dpi_300mm_RVB-e1658123578778.png\",\"contentUrl\":\"https:\\\/\\\/www.polysoude.com\\\/wp-content\\\/uploads\\\/2022\\\/07\\\/Polysoude_Logo_signature_fond-transparent_600dpi_300mm_RVB-e1658123578778.png\",\"width\":465,\"height\":86,\"caption\":\"Polysoude\"},\"image\":{\"@id\":\"https:\\\/\\\/www.polysoude.com\\\/fr\\\/#\\\/schema\\\/logo\\\/image\\\/\"},\"sameAs\":[\"https:\\\/\\\/www.facebook.com\\\/Polysoude\\\/\",\"https:\\\/\\\/www.linkedin.com\\\/company\\\/polysoude\\\/\",\"https:\\\/\\\/www.instagram.com\\\/polysoudeglobal\\\/\"]}]}<\/script>\n<!-- \/ Yoast SEO plugin. -->","yoast_head_json":{"title":"RENCONTRE NUCLEAIRE 2021 _ Polysoude \/ Protem _ Les photos | Polysoude","description":"&nbsp; Pour t\u00e9l\u00e9charger une photo, faire un clic droit avec votre souris, puis \"Enregistrer sous...\" Sinon n'h\u00e9sitez pas \u00e0 nous demander la version haute","robots":{"index":"index","follow":"follow","max-snippet":"max-snippet:-1","max-image-preview":"max-image-preview:large","max-video-preview":"max-video-preview:-1"},"canonical":"https:\/\/www.polysoude.com\/fr\/rencontre-nucleaire-2021-_-polysoude-protem-_-photos\/","og_locale":"fr_FR","og_type":"article","og_title":"RENCONTRE NUCLEAIRE 2021 _ Polysoude \/ Protem _ Les photos | Polysoude","og_description":"&nbsp; Pour t\u00e9l\u00e9charger une photo, faire un clic droit avec votre souris, puis \"Enregistrer sous...\" Sinon n'h\u00e9sitez pas \u00e0 nous demander la version haute","og_url":"https:\/\/www.polysoude.com\/fr\/rencontre-nucleaire-2021-_-polysoude-protem-_-photos\/","og_site_name":"Polysoude","article_publisher":"https:\/\/www.facebook.com\/Polysoude\/","article_modified_time":"2022-02-04T13:58:25+00:00","twitter_card":"summary_large_image","schema":{"@context":"https:\/\/schema.org","@graph":[{"@type":"WebPage","@id":"https:\/\/www.polysoude.com\/fr\/rencontre-nucleaire-2021-_-polysoude-protem-_-photos\/","url":"https:\/\/www.polysoude.com\/fr\/rencontre-nucleaire-2021-_-polysoude-protem-_-photos\/","name":"RENCONTRE NUCLEAIRE 2021 _ Polysoude \/ Protem _ Les photos | Polysoude","isPartOf":{"@id":"https:\/\/www.polysoude.com\/fr\/#website"},"datePublished":"2021-03-30T14:49:53+00:00","dateModified":"2022-02-04T13:58:25+00:00","description":"&nbsp; Pour t\u00e9l\u00e9charger une photo, faire un clic droit avec votre souris, puis \"Enregistrer sous...\" Sinon n'h\u00e9sitez pas \u00e0 nous demander la version haute","breadcrumb":{"@id":"https:\/\/www.polysoude.com\/fr\/rencontre-nucleaire-2021-_-polysoude-protem-_-photos\/#breadcrumb"},"inLanguage":"fr-FR","potentialAction":[{"@type":"ReadAction","target":["https:\/\/www.polysoude.com\/fr\/rencontre-nucleaire-2021-_-polysoude-protem-_-photos\/"]}]},{"@type":"BreadcrumbList","@id":"https:\/\/www.polysoude.com\/fr\/rencontre-nucleaire-2021-_-polysoude-protem-_-photos\/#breadcrumb","itemListElement":[{"@type":"ListItem","position":1,"name":"Home","item":"https:\/\/www.polysoude.com\/fr\/accueil\/"},{"@type":"ListItem","position":2,"name":"RENCONTRE NUCLEAIRE 2021 _ Polysoude \/ Protem _ Les photos"}]},{"@type":"WebSite","@id":"https:\/\/www.polysoude.com\/fr\/#website","url":"https:\/\/www.polysoude.com\/fr\/","name":"Polysoude","description":"The art of welding","publisher":{"@id":"https:\/\/www.polysoude.com\/fr\/#organization"},"alternateName":"Polysoude","potentialAction":[{"@type":"SearchAction","target":{"@type":"EntryPoint","urlTemplate":"https:\/\/www.polysoude.com\/fr\/?s={search_term_string}"},"query-input":{"@type":"PropertyValueSpecification","valueRequired":true,"valueName":"search_term_string"}}],"inLanguage":"fr-FR"},{"@type":"Organization","@id":"https:\/\/www.polysoude.com\/fr\/#organization","name":"Polysoude","alternateName":"Polysoude","url":"https:\/\/www.polysoude.com\/fr\/","logo":{"@type":"ImageObject","inLanguage":"fr-FR","@id":"https:\/\/www.polysoude.com\/fr\/#\/schema\/logo\/image\/","url":"https:\/\/www.polysoude.com\/wp-content\/uploads\/2022\/07\/Polysoude_Logo_signature_fond-transparent_600dpi_300mm_RVB-e1658123578778.png","contentUrl":"https:\/\/www.polysoude.com\/wp-content\/uploads\/2022\/07\/Polysoude_Logo_signature_fond-transparent_600dpi_300mm_RVB-e1658123578778.png","width":465,"height":86,"caption":"Polysoude"},"image":{"@id":"https:\/\/www.polysoude.com\/fr\/#\/schema\/logo\/image\/"},"sameAs":["https:\/\/www.facebook.com\/Polysoude\/","https:\/\/www.linkedin.com\/company\/polysoude\/","https:\/\/www.instagram.com\/polysoudeglobal\/"]}]}},"_links":{"self":[{"href":"https:\/\/www.polysoude.com\/fr\/wp-json\/wp\/v2\/pages\/34241","targetHints":{"allow":["GET"]}}],"collection":[{"href":"https:\/\/www.polysoude.com\/fr\/wp-json\/wp\/v2\/pages"}],"about":[{"href":"https:\/\/www.polysoude.com\/fr\/wp-json\/wp\/v2\/types\/page"}],"author":[{"embeddable":true,"href":"https:\/\/www.polysoude.com\/fr\/wp-json\/wp\/v2\/users\/12"}],"replies":[{"embeddable":true,"href":"https:\/\/www.polysoude.com\/fr\/wp-json\/wp\/v2\/comments?post=34241"}],"version-history":[{"count":13,"href":"https:\/\/www.polysoude.com\/fr\/wp-json\/wp\/v2\/pages\/34241\/revisions"}],"predecessor-version":[{"id":38297,"href":"https:\/\/www.polysoude.com\/fr\/wp-json\/wp\/v2\/pages\/34241\/revisions\/38297"}],"wp:attachment":[{"href":"https:\/\/www.polysoude.com\/fr\/wp-json\/wp\/v2\/media?parent=34241"}],"curies":[{"name":"wp","href":"https:\/\/api.w.org\/{rel}","templated":true}]}}