{"id":348,"date":"2016-10-06T10:03:38","date_gmt":"2016-10-06T08:03:38","guid":{"rendered":"http:\/\/www.polysoude.com\/?page_id=348&#038;lang=fr"},"modified":"2018-04-05T10:28:23","modified_gmt":"2018-04-05T08:28:23","slug":"rechargement-brides-vannes-autres-pieces","status":"publish","type":"page","link":"https:\/\/www.polysoude.com\/fr\/rechargement-soudure\/rechargement-brides-vannes-autres-pieces\/","title":{"rendered":"Rechargement de brides, vannes et autres pi\u00e8ces"},"content":{"rendered":"<p>&nbsp;<\/p>\n<h4>La ma\u00eetrise des pi\u00e8ces les plus complexes<\/h4>\n<p>Le rechargement TIG r\u00e9pond avantageusement \u00e0 la demande de vannes ou pi\u00e8ces avec un alliage r\u00e9sistant \u00e0 la corrosion. Elle offre la qualit\u00e9 indispensable aux syst\u00e8mes de production et \u00e0 l&rsquo;exploration de p\u00e9trole brut. Assurant des d\u00e9p\u00f4ts d&rsquo;alliages r\u00e9sistant \u00e0 la corrosion sans aucun d\u00e9faut, avec un investissement raisonnable, une efficacit\u00e9 accrue et une parfaite souplesse, la technologie de rechargement <a href=\"https:\/\/www.polysoude.com\/fr\/\">POLYSOUDE<\/a> a \u00e9t\u00e9 largement adopt\u00e9e par les entreprises.<\/p>\n","protected":false},"excerpt":{"rendered":"<p>&nbsp; La ma\u00eetrise des pi\u00e8ces les plus complexes Le rechargement TIG r\u00e9pond avantageusement \u00e0 la demande de vannes ou pi\u00e8ces avec un alliage r\u00e9sistant \u00e0 la corrosion. Elle offre la qualit\u00e9 indispensable aux syst\u00e8mes de production et \u00e0 l&rsquo;exploration de p\u00e9trole brut. Assurant des d\u00e9p\u00f4ts d&rsquo;alliages r\u00e9sistant \u00e0 la corrosion sans aucun d\u00e9faut, avec un [&hellip;]<\/p>\n","protected":false},"author":1,"featured_media":6620,"parent":342,"menu_order":0,"comment_status":"closed","ping_status":"closed","template":"page-metier.php","meta":{"_acf_changed":false,"footnotes":""},"class_list":["post-348","page","type-page","status-publish","has-post-thumbnail","hentry"],"acf":[],"yoast_head":"<!-- This site is optimized with the Yoast SEO plugin v27.3 - https:\/\/yoast.com\/product\/yoast-seo-wordpress\/ -->\n<title>Rechargement de brides, vannes et autres pi\u00e8ces | Polysoude<\/title>\n<meta name=\"description\" content=\"&nbsp; La ma\u00eetrise des pi\u00e8ces les plus complexes Le rechargement TIG r\u00e9pond avantageusement \u00e0 la demande de vannes ou pi\u00e8ces avec un alliage r\u00e9sistant \u00e0\" \/>\n<meta name=\"robots\" content=\"index, follow, max-snippet:-1, max-image-preview:large, max-video-preview:-1\" \/>\n<link rel=\"canonical\" href=\"https:\/\/www.polysoude.com\/fr\/rechargement-soudure\/rechargement-brides-vannes-autres-pieces\/\" \/>\n<meta property=\"og:locale\" content=\"fr_FR\" \/>\n<meta property=\"og:type\" content=\"article\" \/>\n<meta property=\"og:title\" content=\"Rechargement de brides, vannes et autres pi\u00e8ces | Polysoude\" \/>\n<meta property=\"og:description\" content=\"&nbsp; La ma\u00eetrise des pi\u00e8ces les plus complexes Le rechargement TIG r\u00e9pond avantageusement \u00e0 la demande de vannes ou pi\u00e8ces avec un alliage r\u00e9sistant \u00e0\" \/>\n<meta property=\"og:url\" content=\"https:\/\/www.polysoude.com\/fr\/rechargement-soudure\/rechargement-brides-vannes-autres-pieces\/\" \/>\n<meta property=\"og:site_name\" content=\"Polysoude\" \/>\n<meta property=\"article:publisher\" content=\"https:\/\/www.facebook.com\/Polysoude\/\" \/>\n<meta property=\"article:modified_time\" content=\"2018-04-05T08:28:23+00:00\" \/>\n<meta property=\"og:image\" content=\"https:\/\/www.polysoude.com\/wp-content\/uploads\/2022\/07\/Polysoude_Logo_signature_fond-transparent_600dpi_300mm_RVB-e1658123578778.png\" \/>\n\t<meta property=\"og:image:width\" content=\"465\" \/>\n\t<meta property=\"og:image:height\" content=\"86\" \/>\n\t<meta property=\"og:image:type\" content=\"image\/png\" \/>\n<meta name=\"twitter:card\" content=\"summary_large_image\" \/>\n<script type=\"application\/ld+json\" class=\"yoast-schema-graph\">{\"@context\":\"https:\\\/\\\/schema.org\",\"@graph\":[{\"@type\":\"WebPage\",\"@id\":\"https:\\\/\\\/www.polysoude.com\\\/fr\\\/rechargement-soudure\\\/rechargement-brides-vannes-autres-pieces\\\/\",\"url\":\"https:\\\/\\\/www.polysoude.com\\\/fr\\\/rechargement-soudure\\\/rechargement-brides-vannes-autres-pieces\\\/\",\"name\":\"Rechargement de brides, vannes et autres pi\u00e8ces | Polysoude\",\"isPartOf\":{\"@id\":\"https:\\\/\\\/www.polysoude.com\\\/fr\\\/#website\"},\"primaryImageOfPage\":{\"@id\":\"https:\\\/\\\/www.polysoude.com\\\/fr\\\/rechargement-soudure\\\/rechargement-brides-vannes-autres-pieces\\\/#primaryimage\"},\"image\":{\"@id\":\"https:\\\/\\\/www.polysoude.com\\\/fr\\\/rechargement-soudure\\\/rechargement-brides-vannes-autres-pieces\\\/#primaryimage\"},\"thumbnailUrl\":\"https:\\\/\\\/www.polysoude.com\\\/wp-content\\\/uploads\\\/2016\\\/11\\\/prod_mso-tig-hw-torch.jpg\",\"datePublished\":\"2016-10-06T08:03:38+00:00\",\"dateModified\":\"2018-04-05T08:28:23+00:00\",\"description\":\"&nbsp; La ma\u00eetrise des pi\u00e8ces les plus complexes Le rechargement TIG r\u00e9pond avantageusement \u00e0 la demande de vannes ou pi\u00e8ces avec un alliage r\u00e9sistant \u00e0\",\"breadcrumb\":{\"@id\":\"https:\\\/\\\/www.polysoude.com\\\/fr\\\/rechargement-soudure\\\/rechargement-brides-vannes-autres-pieces\\\/#breadcrumb\"},\"inLanguage\":\"fr-FR\",\"potentialAction\":[{\"@type\":\"ReadAction\",\"target\":[\"https:\\\/\\\/www.polysoude.com\\\/fr\\\/rechargement-soudure\\\/rechargement-brides-vannes-autres-pieces\\\/\"]}]},{\"@type\":\"ImageObject\",\"inLanguage\":\"fr-FR\",\"@id\":\"https:\\\/\\\/www.polysoude.com\\\/fr\\\/rechargement-soudure\\\/rechargement-brides-vannes-autres-pieces\\\/#primaryimage\",\"url\":\"https:\\\/\\\/www.polysoude.com\\\/wp-content\\\/uploads\\\/2016\\\/11\\\/prod_mso-tig-hw-torch.jpg\",\"contentUrl\":\"https:\\\/\\\/www.polysoude.com\\\/wp-content\\\/uploads\\\/2016\\\/11\\\/prod_mso-tig-hw-torch.jpg\",\"width\":500,\"height\":500},{\"@type\":\"BreadcrumbList\",\"@id\":\"https:\\\/\\\/www.polysoude.com\\\/fr\\\/rechargement-soudure\\\/rechargement-brides-vannes-autres-pieces\\\/#breadcrumb\",\"itemListElement\":[{\"@type\":\"ListItem\",\"position\":1,\"name\":\"Home\",\"item\":\"https:\\\/\\\/www.polysoude.com\\\/fr\\\/accueil\\\/\"},{\"@type\":\"ListItem\",\"position\":2,\"name\":\"Rechargement\",\"item\":\"https:\\\/\\\/www.polysoude.com\\\/fr\\\/rechargement-soudure\\\/\"},{\"@type\":\"ListItem\",\"position\":3,\"name\":\"Rechargement de brides, vannes et autres pi\u00e8ces\"}]},{\"@type\":\"WebSite\",\"@id\":\"https:\\\/\\\/www.polysoude.com\\\/fr\\\/#website\",\"url\":\"https:\\\/\\\/www.polysoude.com\\\/fr\\\/\",\"name\":\"Polysoude\",\"description\":\"The art of welding\",\"publisher\":{\"@id\":\"https:\\\/\\\/www.polysoude.com\\\/fr\\\/#organization\"},\"alternateName\":\"Polysoude\",\"potentialAction\":[{\"@type\":\"SearchAction\",\"target\":{\"@type\":\"EntryPoint\",\"urlTemplate\":\"https:\\\/\\\/www.polysoude.com\\\/fr\\\/?s={search_term_string}\"},\"query-input\":{\"@type\":\"PropertyValueSpecification\",\"valueRequired\":true,\"valueName\":\"search_term_string\"}}],\"inLanguage\":\"fr-FR\"},{\"@type\":\"Organization\",\"@id\":\"https:\\\/\\\/www.polysoude.com\\\/fr\\\/#organization\",\"name\":\"Polysoude\",\"alternateName\":\"Polysoude\",\"url\":\"https:\\\/\\\/www.polysoude.com\\\/fr\\\/\",\"logo\":{\"@type\":\"ImageObject\",\"inLanguage\":\"fr-FR\",\"@id\":\"https:\\\/\\\/www.polysoude.com\\\/fr\\\/#\\\/schema\\\/logo\\\/image\\\/\",\"url\":\"https:\\\/\\\/www.polysoude.com\\\/wp-content\\\/uploads\\\/2022\\\/07\\\/Polysoude_Logo_signature_fond-transparent_600dpi_300mm_RVB-e1658123578778.png\",\"contentUrl\":\"https:\\\/\\\/www.polysoude.com\\\/wp-content\\\/uploads\\\/2022\\\/07\\\/Polysoude_Logo_signature_fond-transparent_600dpi_300mm_RVB-e1658123578778.png\",\"width\":465,\"height\":86,\"caption\":\"Polysoude\"},\"image\":{\"@id\":\"https:\\\/\\\/www.polysoude.com\\\/fr\\\/#\\\/schema\\\/logo\\\/image\\\/\"},\"sameAs\":[\"https:\\\/\\\/www.facebook.com\\\/Polysoude\\\/\",\"https:\\\/\\\/www.linkedin.com\\\/company\\\/polysoude\\\/\",\"https:\\\/\\\/www.instagram.com\\\/polysoudeglobal\\\/\"]}]}<\/script>\n<!-- \/ Yoast SEO plugin. -->","yoast_head_json":{"title":"Rechargement de brides, vannes et autres pi\u00e8ces | Polysoude","description":"&nbsp; La ma\u00eetrise des pi\u00e8ces les plus complexes Le rechargement TIG r\u00e9pond avantageusement \u00e0 la demande de vannes ou pi\u00e8ces avec un alliage r\u00e9sistant \u00e0","robots":{"index":"index","follow":"follow","max-snippet":"max-snippet:-1","max-image-preview":"max-image-preview:large","max-video-preview":"max-video-preview:-1"},"canonical":"https:\/\/www.polysoude.com\/fr\/rechargement-soudure\/rechargement-brides-vannes-autres-pieces\/","og_locale":"fr_FR","og_type":"article","og_title":"Rechargement de brides, vannes et autres pi\u00e8ces | Polysoude","og_description":"&nbsp; La ma\u00eetrise des pi\u00e8ces les plus complexes Le rechargement TIG r\u00e9pond avantageusement \u00e0 la demande de vannes ou pi\u00e8ces avec un alliage r\u00e9sistant \u00e0","og_url":"https:\/\/www.polysoude.com\/fr\/rechargement-soudure\/rechargement-brides-vannes-autres-pieces\/","og_site_name":"Polysoude","article_publisher":"https:\/\/www.facebook.com\/Polysoude\/","article_modified_time":"2018-04-05T08:28:23+00:00","og_image":[{"width":465,"height":86,"url":"https:\/\/www.polysoude.com\/wp-content\/uploads\/2022\/07\/Polysoude_Logo_signature_fond-transparent_600dpi_300mm_RVB-e1658123578778.png","type":"image\/png"}],"twitter_card":"summary_large_image","schema":{"@context":"https:\/\/schema.org","@graph":[{"@type":"WebPage","@id":"https:\/\/www.polysoude.com\/fr\/rechargement-soudure\/rechargement-brides-vannes-autres-pieces\/","url":"https:\/\/www.polysoude.com\/fr\/rechargement-soudure\/rechargement-brides-vannes-autres-pieces\/","name":"Rechargement de brides, vannes et autres pi\u00e8ces | Polysoude","isPartOf":{"@id":"https:\/\/www.polysoude.com\/fr\/#website"},"primaryImageOfPage":{"@id":"https:\/\/www.polysoude.com\/fr\/rechargement-soudure\/rechargement-brides-vannes-autres-pieces\/#primaryimage"},"image":{"@id":"https:\/\/www.polysoude.com\/fr\/rechargement-soudure\/rechargement-brides-vannes-autres-pieces\/#primaryimage"},"thumbnailUrl":"https:\/\/www.polysoude.com\/wp-content\/uploads\/2016\/11\/prod_mso-tig-hw-torch.jpg","datePublished":"2016-10-06T08:03:38+00:00","dateModified":"2018-04-05T08:28:23+00:00","description":"&nbsp; La ma\u00eetrise des pi\u00e8ces les plus complexes Le rechargement TIG r\u00e9pond avantageusement \u00e0 la demande de vannes ou pi\u00e8ces avec un alliage r\u00e9sistant \u00e0","breadcrumb":{"@id":"https:\/\/www.polysoude.com\/fr\/rechargement-soudure\/rechargement-brides-vannes-autres-pieces\/#breadcrumb"},"inLanguage":"fr-FR","potentialAction":[{"@type":"ReadAction","target":["https:\/\/www.polysoude.com\/fr\/rechargement-soudure\/rechargement-brides-vannes-autres-pieces\/"]}]},{"@type":"ImageObject","inLanguage":"fr-FR","@id":"https:\/\/www.polysoude.com\/fr\/rechargement-soudure\/rechargement-brides-vannes-autres-pieces\/#primaryimage","url":"https:\/\/www.polysoude.com\/wp-content\/uploads\/2016\/11\/prod_mso-tig-hw-torch.jpg","contentUrl":"https:\/\/www.polysoude.com\/wp-content\/uploads\/2016\/11\/prod_mso-tig-hw-torch.jpg","width":500,"height":500},{"@type":"BreadcrumbList","@id":"https:\/\/www.polysoude.com\/fr\/rechargement-soudure\/rechargement-brides-vannes-autres-pieces\/#breadcrumb","itemListElement":[{"@type":"ListItem","position":1,"name":"Home","item":"https:\/\/www.polysoude.com\/fr\/accueil\/"},{"@type":"ListItem","position":2,"name":"Rechargement","item":"https:\/\/www.polysoude.com\/fr\/rechargement-soudure\/"},{"@type":"ListItem","position":3,"name":"Rechargement de brides, vannes et autres pi\u00e8ces"}]},{"@type":"WebSite","@id":"https:\/\/www.polysoude.com\/fr\/#website","url":"https:\/\/www.polysoude.com\/fr\/","name":"Polysoude","description":"The art of welding","publisher":{"@id":"https:\/\/www.polysoude.com\/fr\/#organization"},"alternateName":"Polysoude","potentialAction":[{"@type":"SearchAction","target":{"@type":"EntryPoint","urlTemplate":"https:\/\/www.polysoude.com\/fr\/?s={search_term_string}"},"query-input":{"@type":"PropertyValueSpecification","valueRequired":true,"valueName":"search_term_string"}}],"inLanguage":"fr-FR"},{"@type":"Organization","@id":"https:\/\/www.polysoude.com\/fr\/#organization","name":"Polysoude","alternateName":"Polysoude","url":"https:\/\/www.polysoude.com\/fr\/","logo":{"@type":"ImageObject","inLanguage":"fr-FR","@id":"https:\/\/www.polysoude.com\/fr\/#\/schema\/logo\/image\/","url":"https:\/\/www.polysoude.com\/wp-content\/uploads\/2022\/07\/Polysoude_Logo_signature_fond-transparent_600dpi_300mm_RVB-e1658123578778.png","contentUrl":"https:\/\/www.polysoude.com\/wp-content\/uploads\/2022\/07\/Polysoude_Logo_signature_fond-transparent_600dpi_300mm_RVB-e1658123578778.png","width":465,"height":86,"caption":"Polysoude"},"image":{"@id":"https:\/\/www.polysoude.com\/fr\/#\/schema\/logo\/image\/"},"sameAs":["https:\/\/www.facebook.com\/Polysoude\/","https:\/\/www.linkedin.com\/company\/polysoude\/","https:\/\/www.instagram.com\/polysoudeglobal\/"]}]}},"_links":{"self":[{"href":"https:\/\/www.polysoude.com\/fr\/wp-json\/wp\/v2\/pages\/348","targetHints":{"allow":["GET"]}}],"collection":[{"href":"https:\/\/www.polysoude.com\/fr\/wp-json\/wp\/v2\/pages"}],"about":[{"href":"https:\/\/www.polysoude.com\/fr\/wp-json\/wp\/v2\/types\/page"}],"author":[{"embeddable":true,"href":"https:\/\/www.polysoude.com\/fr\/wp-json\/wp\/v2\/users\/1"}],"replies":[{"embeddable":true,"href":"https:\/\/www.polysoude.com\/fr\/wp-json\/wp\/v2\/comments?post=348"}],"version-history":[{"count":9,"href":"https:\/\/www.polysoude.com\/fr\/wp-json\/wp\/v2\/pages\/348\/revisions"}],"predecessor-version":[{"id":8055,"href":"https:\/\/www.polysoude.com\/fr\/wp-json\/wp\/v2\/pages\/348\/revisions\/8055"}],"up":[{"embeddable":true,"href":"https:\/\/www.polysoude.com\/fr\/wp-json\/wp\/v2\/pages\/342"}],"wp:featuredmedia":[{"embeddable":true,"href":"https:\/\/www.polysoude.com\/fr\/wp-json\/wp\/v2\/media\/6620"}],"wp:attachment":[{"href":"https:\/\/www.polysoude.com\/fr\/wp-json\/wp\/v2\/media?parent=348"}],"curies":[{"name":"wp","href":"https:\/\/api.w.org\/{rel}","templated":true}]}}