{"id":350,"date":"2016-10-06T10:02:13","date_gmt":"2016-10-06T08:02:13","guid":{"rendered":"http:\/\/www.polysoude.com\/?page_id=350&#038;lang=fr"},"modified":"2023-11-14T09:28:06","modified_gmt":"2023-11-14T08:28:06","slug":"services-location-pieces-de-rechange","status":"publish","type":"page","link":"https:\/\/www.polysoude.com\/fr\/services-location-pieces-de-rechange\/","title":{"rendered":"Services\u00a0\/\u00a0location\u00a0\/ pi\u00e8ces de rechange"},"content":{"rendered":"\r\n<h2>Services, pi\u00e8ces de rechange, formation&#8230; et bien d&rsquo;autres choses<\/h2>\r\n<h3>BESOINS D&rsquo;AIDE ?<\/h3>\r\n<p>Appelez notre Service Technique imm\u00e9diatement au <strong>+33 (0)2 40 68 11 14<\/strong><\/p>\r\n<p><img decoding=\"async\" src=\"https:\/\/www.polysoude.com\/wp-content\/uploads\/2016\/10\/polysoude-worldwide-network.jpg\" alt=\"\" \/><\/p>\r\n<h2>Plus de 250 experts dans le monde \u00e0 votre service<\/h2>\r\n<p><img decoding=\"async\" src=\"https:\/\/www.polysoude.com\/wp-content\/uploads\/2016\/10\/polysoude_applications-and-after-sales-department_fin.jpg\" alt=\"\" \/><\/p>\r\n<h2>\u00a0<\/h2>\r\n<h2>25 personnes \u00e0 Nantes pour les applications soudage et le SAV<\/h2>\r\n<p><img decoding=\"async\" src=\"https:\/\/www.polysoude.com\/wp-content\/uploads\/2016\/10\/services_intro_technology-centers.jpg\" alt=\"\" \/><\/p>\r\n<h2>Des centres techniques en France, Suisse, Chine, Russie, Inde, aux Etats-Unis\u2026<\/h2>\r\n<h3>Le service qu&rsquo;il vous faut &#8211; pas d&rsquo;arr\u00eat de production !<\/h3>\r\n<p><strong>Conseils, assistance, formation et location d&rsquo;\u00e9quipements\u2026<\/strong><\/p>\r\n<p>Les services propos\u00e9s associent <strong>comp\u00e9tences techniques<\/strong> et aptitude \u00e0 r\u00e9pondre \u00e0 tous les <strong>besoins des clients<\/strong>. Nous intervenons \u00e0 tous les niveaux, afin de garantir la disponibilit\u00e9 des \u00e9quipements du client et la productivit\u00e9.<\/p>\r\n<p><\/p>\r\n<p>Ci-dessous des services que nous vous proposons :<\/p>\r\n<ul>\r\n<li><a href=\"https:\/\/www.polysoude.com\/fr\/services-location-pieces-de-rechange\/formation\/\">Formation personnalis\u00e9e et supports de formation professionnels<\/a><\/li>\r\n<li><a href=\"https:\/\/www.polysoude.com\/fr\/services-location-pieces-de-rechange\/formation\/\">Soutien au d\u00e9marrage de la production<\/a><\/li>\r\n<li><a href=\"https:\/\/www.polysoude.com\/fr\/services-location-pieces-de-rechange\/formation\/\">D\u00e9veloppement des param\u00e8tres de soudages<\/a><\/li>\r\n<li><a href=\"https:\/\/www.polysoude.com\/fr\/services-location-pieces-de-rechange\/pieces-et-consommables\/\">Stock important de pi\u00e8ces d\u00e9tach\u00e9es, disponibles \u00e0 tout moment<\/a><\/li>\r\n<li><a href=\"https:\/\/www.polysoude.com\/fr\/services-location-pieces-de-rechange\/maintenance-etalonnage-reparation\/\">Maintenance pr\u00e9ventive<\/a><\/li>\r\n<li><a href=\"https:\/\/www.polysoude.com\/fr\/services-location-pieces-de-rechange\/assistance-technique\/\">SAV hautement r\u00e9actif<\/a><\/li>\r\n<li><a href=\"https:\/\/www.polysoude.com\/fr\/services-location-pieces-de-rechange\/service-de-location\/\">Location d&rsquo;\u00e9quipements pour absorber les pics de production ou tester de nouveaux produits<\/a><\/li>\r\n<li><a href=\"https:\/\/www.polysoude.com\/fr\/services-location-pieces-de-rechange\/retrofit-et-modernisation\/\">R\u00e9trofit et remise \u00e0 neuf d&rsquo;installations existantes<\/a><\/li>\r\n<li><a href=\"https:\/\/www.polysoude.com\/fr\/services-location-pieces-de-rechange\/maintenance-etalonnage-reparation\/\">Appui technique professionnel pendant toute la dur\u00e9e de vie des \u00e9quipements, pour vous permettre d&rsquo;en tirer le maximum.<\/a><\/li>\r\n<\/ul>\r\n<h3>Polysoude toujours et partout \u00e0 vos c\u00f4t\u00e9s !<\/h3>\r\n<p>&nbsp;<\/p>\r\n","protected":false},"excerpt":{"rendered":"<p>Services, pi\u00e8ces de rechange, formation&#8230; et bien d&rsquo;autres choses BESOINS D&rsquo;AIDE ? Appelez notre Service Technique imm\u00e9diatement au +33 (0)2 40 68 11 14 Plus de 250 experts dans le monde \u00e0 votre service \u00a0 25 personnes \u00e0 Nantes pour les applications soudage et le SAV Des centres techniques en France, Suisse, Chine, Russie, Inde, [&hellip;]<\/p>\n","protected":false},"author":1,"featured_media":0,"parent":0,"menu_order":0,"comment_status":"closed","ping_status":"closed","template":"page-parent.php","meta":{"_acf_changed":false,"footnotes":""},"class_list":["post-350","page","type-page","status-publish","hentry"],"acf":[],"yoast_head":"<!-- This site is optimized with the Yoast SEO plugin v27.3 - https:\/\/yoast.com\/product\/yoast-seo-wordpress\/ -->\n<title>Services\u00a0\/\u00a0location\u00a0\/ pi\u00e8ces de rechange | Polysoude<\/title>\n<meta name=\"description\" content=\"Advice, assistance, training and rental of equipment... We provide services at every level, with the sole aim of guaranteeing the availability of customer equipment, thereby maintaining your productivity.\" \/>\n<meta name=\"robots\" content=\"index, follow, max-snippet:-1, max-image-preview:large, max-video-preview:-1\" \/>\n<link rel=\"canonical\" href=\"https:\/\/www.polysoude.com\/fr\/services-location-pieces-de-rechange\/\" \/>\n<meta property=\"og:locale\" content=\"fr_FR\" \/>\n<meta property=\"og:type\" content=\"article\" \/>\n<meta property=\"og:title\" content=\"Services\u00a0\/\u00a0location\u00a0\/ pi\u00e8ces de rechange | Polysoude\" \/>\n<meta property=\"og:description\" content=\"Advice, assistance, training and rental of equipment... We provide services at every level, with the sole aim of guaranteeing the availability of customer equipment, thereby maintaining your productivity.\" \/>\n<meta property=\"og:url\" content=\"https:\/\/www.polysoude.com\/fr\/services-location-pieces-de-rechange\/\" \/>\n<meta property=\"og:site_name\" content=\"Polysoude\" \/>\n<meta property=\"article:publisher\" content=\"https:\/\/www.facebook.com\/Polysoude\/\" \/>\n<meta property=\"article:modified_time\" content=\"2023-11-14T08:28:06+00:00\" \/>\n<meta property=\"og:image\" content=\"https:\/\/www.polysoude.com\/wp-content\/uploads\/2022\/07\/Polysoude_Logo_signature_fond-transparent_600dpi_300mm_RVB-e1658123578778.png\" \/>\n\t<meta property=\"og:image:width\" content=\"465\" \/>\n\t<meta property=\"og:image:height\" content=\"86\" \/>\n\t<meta property=\"og:image:type\" content=\"image\/png\" \/>\n<meta name=\"twitter:card\" content=\"summary_large_image\" \/>\n<meta name=\"twitter:label1\" content=\"Dur\u00e9e de lecture estim\u00e9e\" \/>\n\t<meta name=\"twitter:data1\" content=\"2 minutes\" \/>\n<script type=\"application\/ld+json\" class=\"yoast-schema-graph\">{\"@context\":\"https:\\\/\\\/schema.org\",\"@graph\":[{\"@type\":\"WebPage\",\"@id\":\"https:\\\/\\\/www.polysoude.com\\\/fr\\\/services-location-pieces-de-rechange\\\/\",\"url\":\"https:\\\/\\\/www.polysoude.com\\\/fr\\\/services-location-pieces-de-rechange\\\/\",\"name\":\"Services\u00a0\\\/\u00a0location\u00a0\\\/ pi\u00e8ces de rechange | Polysoude\",\"isPartOf\":{\"@id\":\"https:\\\/\\\/www.polysoude.com\\\/fr\\\/#website\"},\"primaryImageOfPage\":{\"@id\":\"https:\\\/\\\/www.polysoude.com\\\/fr\\\/services-location-pieces-de-rechange\\\/#primaryimage\"},\"image\":{\"@id\":\"https:\\\/\\\/www.polysoude.com\\\/fr\\\/services-location-pieces-de-rechange\\\/#primaryimage\"},\"thumbnailUrl\":\"https:\\\/\\\/www.polysoude.com\\\/wp-content\\\/uploads\\\/2016\\\/10\\\/polysoude-worldwide-network.jpg\",\"datePublished\":\"2016-10-06T08:02:13+00:00\",\"dateModified\":\"2023-11-14T08:28:06+00:00\",\"description\":\"Advice, assistance, training and rental of equipment... We provide services at every level, with the sole aim of guaranteeing the availability of customer equipment, thereby maintaining your productivity.\",\"breadcrumb\":{\"@id\":\"https:\\\/\\\/www.polysoude.com\\\/fr\\\/services-location-pieces-de-rechange\\\/#breadcrumb\"},\"inLanguage\":\"fr-FR\",\"potentialAction\":[{\"@type\":\"ReadAction\",\"target\":[\"https:\\\/\\\/www.polysoude.com\\\/fr\\\/services-location-pieces-de-rechange\\\/\"]}]},{\"@type\":\"ImageObject\",\"inLanguage\":\"fr-FR\",\"@id\":\"https:\\\/\\\/www.polysoude.com\\\/fr\\\/services-location-pieces-de-rechange\\\/#primaryimage\",\"url\":\"https:\\\/\\\/www.polysoude.com\\\/wp-content\\\/uploads\\\/2016\\\/10\\\/polysoude-worldwide-network.jpg\",\"contentUrl\":\"https:\\\/\\\/www.polysoude.com\\\/wp-content\\\/uploads\\\/2016\\\/10\\\/polysoude-worldwide-network.jpg\"},{\"@type\":\"BreadcrumbList\",\"@id\":\"https:\\\/\\\/www.polysoude.com\\\/fr\\\/services-location-pieces-de-rechange\\\/#breadcrumb\",\"itemListElement\":[{\"@type\":\"ListItem\",\"position\":1,\"name\":\"Home\",\"item\":\"https:\\\/\\\/www.polysoude.com\\\/fr\\\/accueil\\\/\"},{\"@type\":\"ListItem\",\"position\":2,\"name\":\"Services\u00a0\\\/\u00a0location\u00a0\\\/ pi\u00e8ces de rechange\"}]},{\"@type\":\"WebSite\",\"@id\":\"https:\\\/\\\/www.polysoude.com\\\/fr\\\/#website\",\"url\":\"https:\\\/\\\/www.polysoude.com\\\/fr\\\/\",\"name\":\"Polysoude\",\"description\":\"The art of welding\",\"publisher\":{\"@id\":\"https:\\\/\\\/www.polysoude.com\\\/fr\\\/#organization\"},\"alternateName\":\"Polysoude\",\"potentialAction\":[{\"@type\":\"SearchAction\",\"target\":{\"@type\":\"EntryPoint\",\"urlTemplate\":\"https:\\\/\\\/www.polysoude.com\\\/fr\\\/?s={search_term_string}\"},\"query-input\":{\"@type\":\"PropertyValueSpecification\",\"valueRequired\":true,\"valueName\":\"search_term_string\"}}],\"inLanguage\":\"fr-FR\"},{\"@type\":\"Organization\",\"@id\":\"https:\\\/\\\/www.polysoude.com\\\/fr\\\/#organization\",\"name\":\"Polysoude\",\"alternateName\":\"Polysoude\",\"url\":\"https:\\\/\\\/www.polysoude.com\\\/fr\\\/\",\"logo\":{\"@type\":\"ImageObject\",\"inLanguage\":\"fr-FR\",\"@id\":\"https:\\\/\\\/www.polysoude.com\\\/fr\\\/#\\\/schema\\\/logo\\\/image\\\/\",\"url\":\"https:\\\/\\\/www.polysoude.com\\\/wp-content\\\/uploads\\\/2022\\\/07\\\/Polysoude_Logo_signature_fond-transparent_600dpi_300mm_RVB-e1658123578778.png\",\"contentUrl\":\"https:\\\/\\\/www.polysoude.com\\\/wp-content\\\/uploads\\\/2022\\\/07\\\/Polysoude_Logo_signature_fond-transparent_600dpi_300mm_RVB-e1658123578778.png\",\"width\":465,\"height\":86,\"caption\":\"Polysoude\"},\"image\":{\"@id\":\"https:\\\/\\\/www.polysoude.com\\\/fr\\\/#\\\/schema\\\/logo\\\/image\\\/\"},\"sameAs\":[\"https:\\\/\\\/www.facebook.com\\\/Polysoude\\\/\",\"https:\\\/\\\/www.linkedin.com\\\/company\\\/polysoude\\\/\",\"https:\\\/\\\/www.instagram.com\\\/polysoudeglobal\\\/\"]}]}<\/script>\n<!-- \/ Yoast SEO plugin. -->","yoast_head_json":{"title":"Services\u00a0\/\u00a0location\u00a0\/ pi\u00e8ces de rechange | Polysoude","description":"Advice, assistance, training and rental of equipment... We provide services at every level, with the sole aim of guaranteeing the availability of customer equipment, thereby maintaining your productivity.","robots":{"index":"index","follow":"follow","max-snippet":"max-snippet:-1","max-image-preview":"max-image-preview:large","max-video-preview":"max-video-preview:-1"},"canonical":"https:\/\/www.polysoude.com\/fr\/services-location-pieces-de-rechange\/","og_locale":"fr_FR","og_type":"article","og_title":"Services\u00a0\/\u00a0location\u00a0\/ pi\u00e8ces de rechange | Polysoude","og_description":"Advice, assistance, training and rental of equipment... We provide services at every level, with the sole aim of guaranteeing the availability of customer equipment, thereby maintaining your productivity.","og_url":"https:\/\/www.polysoude.com\/fr\/services-location-pieces-de-rechange\/","og_site_name":"Polysoude","article_publisher":"https:\/\/www.facebook.com\/Polysoude\/","article_modified_time":"2023-11-14T08:28:06+00:00","og_image":[{"width":465,"height":86,"url":"https:\/\/www.polysoude.com\/wp-content\/uploads\/2022\/07\/Polysoude_Logo_signature_fond-transparent_600dpi_300mm_RVB-e1658123578778.png","type":"image\/png"}],"twitter_card":"summary_large_image","twitter_misc":{"Dur\u00e9e de lecture estim\u00e9e":"2 minutes"},"schema":{"@context":"https:\/\/schema.org","@graph":[{"@type":"WebPage","@id":"https:\/\/www.polysoude.com\/fr\/services-location-pieces-de-rechange\/","url":"https:\/\/www.polysoude.com\/fr\/services-location-pieces-de-rechange\/","name":"Services\u00a0\/\u00a0location\u00a0\/ pi\u00e8ces de rechange | Polysoude","isPartOf":{"@id":"https:\/\/www.polysoude.com\/fr\/#website"},"primaryImageOfPage":{"@id":"https:\/\/www.polysoude.com\/fr\/services-location-pieces-de-rechange\/#primaryimage"},"image":{"@id":"https:\/\/www.polysoude.com\/fr\/services-location-pieces-de-rechange\/#primaryimage"},"thumbnailUrl":"https:\/\/www.polysoude.com\/wp-content\/uploads\/2016\/10\/polysoude-worldwide-network.jpg","datePublished":"2016-10-06T08:02:13+00:00","dateModified":"2023-11-14T08:28:06+00:00","description":"Advice, assistance, training and rental of equipment... We provide services at every level, with the sole aim of guaranteeing the availability of customer equipment, thereby maintaining your productivity.","breadcrumb":{"@id":"https:\/\/www.polysoude.com\/fr\/services-location-pieces-de-rechange\/#breadcrumb"},"inLanguage":"fr-FR","potentialAction":[{"@type":"ReadAction","target":["https:\/\/www.polysoude.com\/fr\/services-location-pieces-de-rechange\/"]}]},{"@type":"ImageObject","inLanguage":"fr-FR","@id":"https:\/\/www.polysoude.com\/fr\/services-location-pieces-de-rechange\/#primaryimage","url":"https:\/\/www.polysoude.com\/wp-content\/uploads\/2016\/10\/polysoude-worldwide-network.jpg","contentUrl":"https:\/\/www.polysoude.com\/wp-content\/uploads\/2016\/10\/polysoude-worldwide-network.jpg"},{"@type":"BreadcrumbList","@id":"https:\/\/www.polysoude.com\/fr\/services-location-pieces-de-rechange\/#breadcrumb","itemListElement":[{"@type":"ListItem","position":1,"name":"Home","item":"https:\/\/www.polysoude.com\/fr\/accueil\/"},{"@type":"ListItem","position":2,"name":"Services\u00a0\/\u00a0location\u00a0\/ pi\u00e8ces de rechange"}]},{"@type":"WebSite","@id":"https:\/\/www.polysoude.com\/fr\/#website","url":"https:\/\/www.polysoude.com\/fr\/","name":"Polysoude","description":"The art of welding","publisher":{"@id":"https:\/\/www.polysoude.com\/fr\/#organization"},"alternateName":"Polysoude","potentialAction":[{"@type":"SearchAction","target":{"@type":"EntryPoint","urlTemplate":"https:\/\/www.polysoude.com\/fr\/?s={search_term_string}"},"query-input":{"@type":"PropertyValueSpecification","valueRequired":true,"valueName":"search_term_string"}}],"inLanguage":"fr-FR"},{"@type":"Organization","@id":"https:\/\/www.polysoude.com\/fr\/#organization","name":"Polysoude","alternateName":"Polysoude","url":"https:\/\/www.polysoude.com\/fr\/","logo":{"@type":"ImageObject","inLanguage":"fr-FR","@id":"https:\/\/www.polysoude.com\/fr\/#\/schema\/logo\/image\/","url":"https:\/\/www.polysoude.com\/wp-content\/uploads\/2022\/07\/Polysoude_Logo_signature_fond-transparent_600dpi_300mm_RVB-e1658123578778.png","contentUrl":"https:\/\/www.polysoude.com\/wp-content\/uploads\/2022\/07\/Polysoude_Logo_signature_fond-transparent_600dpi_300mm_RVB-e1658123578778.png","width":465,"height":86,"caption":"Polysoude"},"image":{"@id":"https:\/\/www.polysoude.com\/fr\/#\/schema\/logo\/image\/"},"sameAs":["https:\/\/www.facebook.com\/Polysoude\/","https:\/\/www.linkedin.com\/company\/polysoude\/","https:\/\/www.instagram.com\/polysoudeglobal\/"]}]}},"_links":{"self":[{"href":"https:\/\/www.polysoude.com\/fr\/wp-json\/wp\/v2\/pages\/350","targetHints":{"allow":["GET"]}}],"collection":[{"href":"https:\/\/www.polysoude.com\/fr\/wp-json\/wp\/v2\/pages"}],"about":[{"href":"https:\/\/www.polysoude.com\/fr\/wp-json\/wp\/v2\/types\/page"}],"author":[{"embeddable":true,"href":"https:\/\/www.polysoude.com\/fr\/wp-json\/wp\/v2\/users\/1"}],"replies":[{"embeddable":true,"href":"https:\/\/www.polysoude.com\/fr\/wp-json\/wp\/v2\/comments?post=350"}],"version-history":[{"count":33,"href":"https:\/\/www.polysoude.com\/fr\/wp-json\/wp\/v2\/pages\/350\/revisions"}],"predecessor-version":[{"id":46531,"href":"https:\/\/www.polysoude.com\/fr\/wp-json\/wp\/v2\/pages\/350\/revisions\/46531"}],"wp:attachment":[{"href":"https:\/\/www.polysoude.com\/fr\/wp-json\/wp\/v2\/media?parent=350"}],"curies":[{"name":"wp","href":"https:\/\/api.w.org\/{rel}","templated":true}]}}