{"id":352,"date":"2016-10-06T10:04:01","date_gmt":"2016-10-06T08:04:01","guid":{"rendered":"http:\/\/www.polysoude.com\/?page_id=352&#038;lang=fr"},"modified":"2024-07-29T14:35:15","modified_gmt":"2024-07-29T12:35:15","slug":"assistance-technique-soudage","status":"publish","type":"page","link":"https:\/\/www.polysoude.com\/fr\/services-location-pieces-de-rechange\/assistance-technique-soudage\/","title":{"rendered":"Assistance technique"},"content":{"rendered":"\n<h1>\n\t\tCentre Technique de Soudage : Mieux vous accompagner au quotidien !\n\t<\/h1>\n\t<p>Nous nous effor\u00e7ons \u00e0 ce que nos clients re\u00e7oivent un service rapide et efficace, et nous avons structur\u00e9 toute notre entreprise pour respecter cet engagement.<\/p>\n<h2>\n\t\tExpertise en soudage : Avec vous \u00e0 vos c\u00f4t\u00e9s\n\t<\/h2>\n\t\t\t\t<img loading=\"lazy\" decoding=\"async\" src=\"https:\/\/www.polysoude.com\/wp-content\/uploads\/2020\/12\/ITER-TIG-GTAW-machine_welding-by-Polysoude_-300x200.jpg\" alt=\"ITER TIG GTAW machine_welding by Polysoude_\" height=\"200\" width=\"300\" title=\"ITER TIG GTAW machine_welding by Polysoude_\" \/>\n\t<p><strong>Ce que nous pouvons fournir :<\/strong><\/p>\n<ul>\n<li>25 experts en soudage de premi\u00e8re classe disponibles pour vous aider sur place<\/li>\n<li>Technologie de soudage \u00e0 l&rsquo;arc moderne la plus avanc\u00e9e<\/li>\n<li>Utilisation des derni\u00e8res technologies<\/li>\n<li>Soudure de haute qualit\u00e9 garantie<\/li>\n<li>Des solutions pour optimiser la productivit\u00e9 et la qualit\u00e9 des soudures<\/li>\n<li>Entretien pr\u00e9ventif et conseils de r\u00e9paration<\/li>\n<li>Formation avanc\u00e9e des op\u00e9rateurs<\/li>\n<li>D\u00e9pannage<\/li>\n<\/ul>\n<p>&nbsp;<\/p>\n<p><strong>Quels sont les avantages de l&rsquo;Assistance Technique <a href=\"https:\/\/www.polysoude.com\/fr\/\">Polysoude<\/a> :<\/strong><\/p>\n<ul>\n<li>Vous aider \u00e0 \u00e9conomiser de l&rsquo;argent \u00e0 long terme<\/li>\n<li>Gagnez du temps pour trouver la solution avec notre expert<\/li>\n<li>Vous aider \u00e0 bien faire les choses du premier coup<\/li>\n<li>Vous aider \u00e0 am\u00e9liorer vos programmes, WPS et r\u00e9sultats de soudage<\/li>\n<li>Vous aider \u00e0 avoir un acc\u00e8s complet \u00e0 toutes les fonctionnalit\u00e9s de vos machines<\/li>\n<li>Vous aider \u00e0 acqu\u00e9rir de nouvelles comp\u00e9tences, astuces et raccourcis<\/li>\n<li>Vous aider \u00e0 am\u00e9liorer votre retour sur investissement sur les machines de soudage orbital<\/li>\n<li>B\u00e9n\u00e9ficiez des connaissances d&rsquo;un expert en soudage<\/li>\n<\/ul>\n<p><strong>Notre Centre Technique de Soudage est l\u00e0 pour vous !<\/strong><\/p>\n<p>Regardez la vid\u00e9o pour en savoir plus sur nous :<\/p>\n<h2>\n\t\tB\u00e9n\u00e9ficiez d&rsquo;une assistance \u00e0 distance imm\u00e9diate !\n\t<\/h2>\n\t\t\t\t<img loading=\"lazy\" decoding=\"async\" src=\"https:\/\/www.polysoude.com\/wp-content\/uploads\/2022\/09\/Orbital-welding-remote-training-300x200.jpg\" alt=\"operator training staff remotely for orbital welding machine repair\" height=\"200\" width=\"300\" title=\"Orbital-welding-remote-training\" \/>\n\t<p><strong>Qu&rsquo;est-ce que PolyConnect ?<\/strong><\/p>\n<p>Am\u00e9liorez la collaboration \u00e0 distance gr\u00e2ce \u00e0 la vid\u00e9o instantan\u00e9e sur\u00a0 smartphones. Responsabilisez les travailleurs et les op\u00e9rateurs de premi\u00e8re ligne.<\/p>\n<p>Nous pouvons vous aider par t\u00e9l\u00e9phone ou par internet ou m\u00eame en acc\u00e9dant \u00e0 l&rsquo;ordinateur de contr\u00f4le reli\u00e9 au r\u00e9seau afin de v\u00e9rifier la configuration des\u00a0 logiciels POLYSOUDE !<\/p>\n<p>Le service <strong>PolyConnect<\/strong> aide tous nos clients \u00e0 am\u00e9liorer l&rsquo;efficacit\u00e9 de leurs collaborateurs gr\u00e2ce \u00e0 l&rsquo;assistance \u00e0 distance et \u00e0 des proc\u00e9dures ultra-simples.<\/p>\n<p>Ce service apporte une solution imm\u00e9diate et efficace au d\u00e9pannage des machines Polysoude sur site en acc\u00e9dant \u00e0 distance gr\u00e2ce \u00e0 notre outil s\u00e9curis\u00e9.<\/p>\n<p>&nbsp;<\/p>\n<p><strong>Quels sont les avantages de ce service ?<\/strong><\/p>\n<ul>\n<li>Une r\u00e9ponse imm\u00e9diate minimise les temps d&rsquo;arr\u00eat<\/li>\n<li>Conseils efficaces sur les programmes de soudage<\/li>\n<li>Diagnostic \u00e0 distance et d\u00e9pannage imm\u00e9diat<\/li>\n<li>Assistance t\u00e9l\u00e9phonique multilingue disponible<\/li>\n<\/ul>\n<p><strong>Comment fonctionne PolyConnect ?<\/strong><\/p>\n<ul>\n<li>L&rsquo;objectif est d&rsquo;\u00e9tablir imm\u00e9diatement une assistance vid\u00e9o \u00e0 distance et de vous aider instantan\u00e9ment<\/li>\n<li>Votre smartphone et sa cam\u00e9ra sont en r\u00e9alit\u00e9 nos yeux !<\/li>\n<li>En quelques clics depuis n&rsquo;importe quel smartphone, nous sommes instantan\u00e9ment pr\u00eats \u00e0 vous aider et \u00e0 vous guider pas \u00e0 pas !<\/li>\n<\/ul>\n<p>Nous pouvons m\u00eame nous connecter \u00e0 distance \u00e0 l&rsquo;alimentation via Internet pour v\u00e9rifier sa configuration et le logiciel Polysoude !<\/p>\n<p>&nbsp;<\/p>\n<p><strong>Quel est le sc\u00e9nario type avec PolyConnect ?<\/strong><\/p>\n<ol>\n<li>Le client demande une assistance \u00e0 distance par t\u00e9l\u00e9phone ou par mail. Polysoude et le client conviennent d&rsquo;une heure de connexion.<\/li>\n<li>A l&rsquo;heure convenue, le technicien Polysoude appelle le client et lui donne le code de connexion (code \u00e0 usage unique par machine).<\/li>\n<li>Le client autorise la connexion \u00e0 nos outils \u00e0 distance.<\/li>\n<li>Instantan\u00e9ment, le technicien Polysoude peut d\u00e9marrer l&rsquo;intervention \u00e0 distance avec le client et diagnostiquer la machine \u00e0 am\u00e9liorer.<\/li>\n<\/ol>\n\t<p>&nbsp;<\/p>\n<p>&nbsp;<\/p>\n<p><strong>T\u00e9l\u00e9chargez notre brochure !<\/strong><\/p>\n\t\t\t\t<a href=\"https:\/\/www.polysoude.com\/wp-content\/uploads\/2024\/04\/Polysoude-Polyconnect-tools-2024-En-1.pdf\" target=\"_blank\" rel=\"noopener\">\n\t\t\t\t<img loading=\"lazy\" decoding=\"async\" src=\"https:\/\/www.polysoude.com\/wp-content\/uploads\/2024\/03\/Remove-Support-1-1-300x296.png\" alt=\"Remove Support\" height=\"296\" width=\"300\" title=\"Remove Support\" \/>\n\t\t\t\t<\/a>\n\t<strong>Contactez-nous pour plus d&rsquo;informations :<br \/>\n+33 2 40 68 11 14<\/strong>\n<p>&nbsp;<\/p>\n\t\n<h3>AVEZ-VOUS BESOIN D&rsquo;UNE ASSISTANCE TECHNIQUE ?<\/h3>\n<p>Ne cherchez pas plus loin et appelez le <strong>+33 2 40 68 11 14 (clients francophones et internationaux)<\/strong> ou le +44 (0)1942 820 935 (clients britanniques uniquement).<\/p>\n\n","protected":false},"excerpt":{"rendered":"<p>Centre Technique de Soudage : Mieux vous accompagner au quotidien ! Nous nous effor\u00e7ons \u00e0 ce que nos clients re\u00e7oivent un service rapide et efficace, et nous avons structur\u00e9 toute notre entreprise pour respecter cet engagement. Expertise en soudage : Avec vous \u00e0 vos c\u00f4t\u00e9s Ce que nous pouvons fournir : 25 experts en soudage [&hellip;]<\/p>\n","protected":false},"author":1,"featured_media":2049,"parent":350,"menu_order":0,"comment_status":"closed","ping_status":"closed","template":"page-contenu.php","meta":{"_acf_changed":false,"footnotes":""},"class_list":["post-352","page","type-page","status-publish","has-post-thumbnail","hentry"],"acf":[],"yoast_head":"<!-- This site is optimized with the Yoast SEO plugin v27.3 - https:\/\/yoast.com\/product\/yoast-seo-wordpress\/ -->\n<title>Assistance technique | Polysoude<\/title>\n<meta name=\"description\" content=\"Centre Technique de Soudage : Mieux vous accompagner au quotidien ! Nous nous effor\u00e7ons \u00e0 ce que nos clients re\u00e7oivent un service rapide et efficace, et\" \/>\n<meta name=\"robots\" content=\"index, follow, max-snippet:-1, max-image-preview:large, max-video-preview:-1\" \/>\n<link rel=\"canonical\" href=\"https:\/\/www.polysoude.com\/fr\/services-location-pieces-de-rechange\/assistance-technique-soudage\/\" \/>\n<meta property=\"og:locale\" content=\"fr_FR\" \/>\n<meta property=\"og:type\" content=\"article\" \/>\n<meta property=\"og:title\" content=\"Assistance technique | Polysoude\" \/>\n<meta property=\"og:description\" content=\"Centre Technique de Soudage : Mieux vous accompagner au quotidien ! Nous nous effor\u00e7ons \u00e0 ce que nos clients re\u00e7oivent un service rapide et efficace, et\" \/>\n<meta property=\"og:url\" content=\"https:\/\/www.polysoude.com\/fr\/services-location-pieces-de-rechange\/assistance-technique-soudage\/\" \/>\n<meta property=\"og:site_name\" content=\"Polysoude\" \/>\n<meta property=\"article:publisher\" content=\"https:\/\/www.facebook.com\/Polysoude\/\" \/>\n<meta property=\"article:modified_time\" content=\"2024-07-29T12:35:15+00:00\" \/>\n<meta property=\"og:image\" content=\"https:\/\/www.polysoude.com\/wp-content\/uploads\/2022\/07\/Polysoude_Logo_signature_fond-transparent_600dpi_300mm_RVB-e1658123578778.png\" \/>\n\t<meta property=\"og:image:width\" content=\"465\" \/>\n\t<meta property=\"og:image:height\" content=\"86\" \/>\n\t<meta property=\"og:image:type\" content=\"image\/png\" \/>\n<meta name=\"twitter:card\" content=\"summary_large_image\" \/>\n<meta name=\"twitter:label1\" content=\"Dur\u00e9e de lecture estim\u00e9e\" \/>\n\t<meta name=\"twitter:data1\" content=\"3 minutes\" \/>\n<script type=\"application\/ld+json\" class=\"yoast-schema-graph\">{\"@context\":\"https:\\\/\\\/schema.org\",\"@graph\":[{\"@type\":\"WebPage\",\"@id\":\"https:\\\/\\\/www.polysoude.com\\\/fr\\\/services-location-pieces-de-rechange\\\/assistance-technique-soudage\\\/\",\"url\":\"https:\\\/\\\/www.polysoude.com\\\/fr\\\/services-location-pieces-de-rechange\\\/assistance-technique-soudage\\\/\",\"name\":\"Assistance technique | Polysoude\",\"isPartOf\":{\"@id\":\"https:\\\/\\\/www.polysoude.com\\\/fr\\\/#website\"},\"primaryImageOfPage\":{\"@id\":\"https:\\\/\\\/www.polysoude.com\\\/fr\\\/services-location-pieces-de-rechange\\\/assistance-technique-soudage\\\/#primaryimage\"},\"image\":{\"@id\":\"https:\\\/\\\/www.polysoude.com\\\/fr\\\/services-location-pieces-de-rechange\\\/assistance-technique-soudage\\\/#primaryimage\"},\"thumbnailUrl\":\"https:\\\/\\\/www.polysoude.com\\\/wp-content\\\/uploads\\\/2016\\\/10\\\/services_welding-expertise.jpg\",\"datePublished\":\"2016-10-06T08:04:01+00:00\",\"dateModified\":\"2024-07-29T12:35:15+00:00\",\"description\":\"Centre Technique de Soudage : Mieux vous accompagner au quotidien ! Nous nous effor\u00e7ons \u00e0 ce que nos clients re\u00e7oivent un service rapide et efficace, et\",\"breadcrumb\":{\"@id\":\"https:\\\/\\\/www.polysoude.com\\\/fr\\\/services-location-pieces-de-rechange\\\/assistance-technique-soudage\\\/#breadcrumb\"},\"inLanguage\":\"fr-FR\",\"potentialAction\":[{\"@type\":\"ReadAction\",\"target\":[\"https:\\\/\\\/www.polysoude.com\\\/fr\\\/services-location-pieces-de-rechange\\\/assistance-technique-soudage\\\/\"]}]},{\"@type\":\"ImageObject\",\"inLanguage\":\"fr-FR\",\"@id\":\"https:\\\/\\\/www.polysoude.com\\\/fr\\\/services-location-pieces-de-rechange\\\/assistance-technique-soudage\\\/#primaryimage\",\"url\":\"https:\\\/\\\/www.polysoude.com\\\/wp-content\\\/uploads\\\/2016\\\/10\\\/services_welding-expertise.jpg\",\"contentUrl\":\"https:\\\/\\\/www.polysoude.com\\\/wp-content\\\/uploads\\\/2016\\\/10\\\/services_welding-expertise.jpg\",\"width\":598,\"height\":500},{\"@type\":\"BreadcrumbList\",\"@id\":\"https:\\\/\\\/www.polysoude.com\\\/fr\\\/services-location-pieces-de-rechange\\\/assistance-technique-soudage\\\/#breadcrumb\",\"itemListElement\":[{\"@type\":\"ListItem\",\"position\":1,\"name\":\"Home\",\"item\":\"https:\\\/\\\/www.polysoude.com\\\/fr\\\/accueil\\\/\"},{\"@type\":\"ListItem\",\"position\":2,\"name\":\"Services\u00a0\\\/\u00a0location\u00a0\\\/ pi\u00e8ces de rechange\",\"item\":\"https:\\\/\\\/www.polysoude.com\\\/fr\\\/services-location-pieces-de-rechange\\\/\"},{\"@type\":\"ListItem\",\"position\":3,\"name\":\"Assistance technique\"}]},{\"@type\":\"WebSite\",\"@id\":\"https:\\\/\\\/www.polysoude.com\\\/fr\\\/#website\",\"url\":\"https:\\\/\\\/www.polysoude.com\\\/fr\\\/\",\"name\":\"Polysoude\",\"description\":\"The art of welding\",\"publisher\":{\"@id\":\"https:\\\/\\\/www.polysoude.com\\\/fr\\\/#organization\"},\"alternateName\":\"Polysoude\",\"potentialAction\":[{\"@type\":\"SearchAction\",\"target\":{\"@type\":\"EntryPoint\",\"urlTemplate\":\"https:\\\/\\\/www.polysoude.com\\\/fr\\\/?s={search_term_string}\"},\"query-input\":{\"@type\":\"PropertyValueSpecification\",\"valueRequired\":true,\"valueName\":\"search_term_string\"}}],\"inLanguage\":\"fr-FR\"},{\"@type\":\"Organization\",\"@id\":\"https:\\\/\\\/www.polysoude.com\\\/fr\\\/#organization\",\"name\":\"Polysoude\",\"alternateName\":\"Polysoude\",\"url\":\"https:\\\/\\\/www.polysoude.com\\\/fr\\\/\",\"logo\":{\"@type\":\"ImageObject\",\"inLanguage\":\"fr-FR\",\"@id\":\"https:\\\/\\\/www.polysoude.com\\\/fr\\\/#\\\/schema\\\/logo\\\/image\\\/\",\"url\":\"https:\\\/\\\/www.polysoude.com\\\/wp-content\\\/uploads\\\/2022\\\/07\\\/Polysoude_Logo_signature_fond-transparent_600dpi_300mm_RVB-e1658123578778.png\",\"contentUrl\":\"https:\\\/\\\/www.polysoude.com\\\/wp-content\\\/uploads\\\/2022\\\/07\\\/Polysoude_Logo_signature_fond-transparent_600dpi_300mm_RVB-e1658123578778.png\",\"width\":465,\"height\":86,\"caption\":\"Polysoude\"},\"image\":{\"@id\":\"https:\\\/\\\/www.polysoude.com\\\/fr\\\/#\\\/schema\\\/logo\\\/image\\\/\"},\"sameAs\":[\"https:\\\/\\\/www.facebook.com\\\/Polysoude\\\/\",\"https:\\\/\\\/www.linkedin.com\\\/company\\\/polysoude\\\/\",\"https:\\\/\\\/www.instagram.com\\\/polysoudeglobal\\\/\"]}]}<\/script>\n<!-- \/ Yoast SEO plugin. -->","yoast_head_json":{"title":"Assistance technique | Polysoude","description":"Centre Technique de Soudage : Mieux vous accompagner au quotidien ! Nous nous effor\u00e7ons \u00e0 ce que nos clients re\u00e7oivent un service rapide et efficace, et","robots":{"index":"index","follow":"follow","max-snippet":"max-snippet:-1","max-image-preview":"max-image-preview:large","max-video-preview":"max-video-preview:-1"},"canonical":"https:\/\/www.polysoude.com\/fr\/services-location-pieces-de-rechange\/assistance-technique-soudage\/","og_locale":"fr_FR","og_type":"article","og_title":"Assistance technique | Polysoude","og_description":"Centre Technique de Soudage : Mieux vous accompagner au quotidien ! Nous nous effor\u00e7ons \u00e0 ce que nos clients re\u00e7oivent un service rapide et efficace, et","og_url":"https:\/\/www.polysoude.com\/fr\/services-location-pieces-de-rechange\/assistance-technique-soudage\/","og_site_name":"Polysoude","article_publisher":"https:\/\/www.facebook.com\/Polysoude\/","article_modified_time":"2024-07-29T12:35:15+00:00","og_image":[{"width":465,"height":86,"url":"https:\/\/www.polysoude.com\/wp-content\/uploads\/2022\/07\/Polysoude_Logo_signature_fond-transparent_600dpi_300mm_RVB-e1658123578778.png","type":"image\/png"}],"twitter_card":"summary_large_image","twitter_misc":{"Dur\u00e9e de lecture estim\u00e9e":"3 minutes"},"schema":{"@context":"https:\/\/schema.org","@graph":[{"@type":"WebPage","@id":"https:\/\/www.polysoude.com\/fr\/services-location-pieces-de-rechange\/assistance-technique-soudage\/","url":"https:\/\/www.polysoude.com\/fr\/services-location-pieces-de-rechange\/assistance-technique-soudage\/","name":"Assistance technique | Polysoude","isPartOf":{"@id":"https:\/\/www.polysoude.com\/fr\/#website"},"primaryImageOfPage":{"@id":"https:\/\/www.polysoude.com\/fr\/services-location-pieces-de-rechange\/assistance-technique-soudage\/#primaryimage"},"image":{"@id":"https:\/\/www.polysoude.com\/fr\/services-location-pieces-de-rechange\/assistance-technique-soudage\/#primaryimage"},"thumbnailUrl":"https:\/\/www.polysoude.com\/wp-content\/uploads\/2016\/10\/services_welding-expertise.jpg","datePublished":"2016-10-06T08:04:01+00:00","dateModified":"2024-07-29T12:35:15+00:00","description":"Centre Technique de Soudage : Mieux vous accompagner au quotidien ! Nous nous effor\u00e7ons \u00e0 ce que nos clients re\u00e7oivent un service rapide et efficace, et","breadcrumb":{"@id":"https:\/\/www.polysoude.com\/fr\/services-location-pieces-de-rechange\/assistance-technique-soudage\/#breadcrumb"},"inLanguage":"fr-FR","potentialAction":[{"@type":"ReadAction","target":["https:\/\/www.polysoude.com\/fr\/services-location-pieces-de-rechange\/assistance-technique-soudage\/"]}]},{"@type":"ImageObject","inLanguage":"fr-FR","@id":"https:\/\/www.polysoude.com\/fr\/services-location-pieces-de-rechange\/assistance-technique-soudage\/#primaryimage","url":"https:\/\/www.polysoude.com\/wp-content\/uploads\/2016\/10\/services_welding-expertise.jpg","contentUrl":"https:\/\/www.polysoude.com\/wp-content\/uploads\/2016\/10\/services_welding-expertise.jpg","width":598,"height":500},{"@type":"BreadcrumbList","@id":"https:\/\/www.polysoude.com\/fr\/services-location-pieces-de-rechange\/assistance-technique-soudage\/#breadcrumb","itemListElement":[{"@type":"ListItem","position":1,"name":"Home","item":"https:\/\/www.polysoude.com\/fr\/accueil\/"},{"@type":"ListItem","position":2,"name":"Services\u00a0\/\u00a0location\u00a0\/ pi\u00e8ces de rechange","item":"https:\/\/www.polysoude.com\/fr\/services-location-pieces-de-rechange\/"},{"@type":"ListItem","position":3,"name":"Assistance technique"}]},{"@type":"WebSite","@id":"https:\/\/www.polysoude.com\/fr\/#website","url":"https:\/\/www.polysoude.com\/fr\/","name":"Polysoude","description":"The art of welding","publisher":{"@id":"https:\/\/www.polysoude.com\/fr\/#organization"},"alternateName":"Polysoude","potentialAction":[{"@type":"SearchAction","target":{"@type":"EntryPoint","urlTemplate":"https:\/\/www.polysoude.com\/fr\/?s={search_term_string}"},"query-input":{"@type":"PropertyValueSpecification","valueRequired":true,"valueName":"search_term_string"}}],"inLanguage":"fr-FR"},{"@type":"Organization","@id":"https:\/\/www.polysoude.com\/fr\/#organization","name":"Polysoude","alternateName":"Polysoude","url":"https:\/\/www.polysoude.com\/fr\/","logo":{"@type":"ImageObject","inLanguage":"fr-FR","@id":"https:\/\/www.polysoude.com\/fr\/#\/schema\/logo\/image\/","url":"https:\/\/www.polysoude.com\/wp-content\/uploads\/2022\/07\/Polysoude_Logo_signature_fond-transparent_600dpi_300mm_RVB-e1658123578778.png","contentUrl":"https:\/\/www.polysoude.com\/wp-content\/uploads\/2022\/07\/Polysoude_Logo_signature_fond-transparent_600dpi_300mm_RVB-e1658123578778.png","width":465,"height":86,"caption":"Polysoude"},"image":{"@id":"https:\/\/www.polysoude.com\/fr\/#\/schema\/logo\/image\/"},"sameAs":["https:\/\/www.facebook.com\/Polysoude\/","https:\/\/www.linkedin.com\/company\/polysoude\/","https:\/\/www.instagram.com\/polysoudeglobal\/"]}]}},"_links":{"self":[{"href":"https:\/\/www.polysoude.com\/fr\/wp-json\/wp\/v2\/pages\/352","targetHints":{"allow":["GET"]}}],"collection":[{"href":"https:\/\/www.polysoude.com\/fr\/wp-json\/wp\/v2\/pages"}],"about":[{"href":"https:\/\/www.polysoude.com\/fr\/wp-json\/wp\/v2\/types\/page"}],"author":[{"embeddable":true,"href":"https:\/\/www.polysoude.com\/fr\/wp-json\/wp\/v2\/users\/1"}],"replies":[{"embeddable":true,"href":"https:\/\/www.polysoude.com\/fr\/wp-json\/wp\/v2\/comments?post=352"}],"version-history":[{"count":37,"href":"https:\/\/www.polysoude.com\/fr\/wp-json\/wp\/v2\/pages\/352\/revisions"}],"predecessor-version":[{"id":48449,"href":"https:\/\/www.polysoude.com\/fr\/wp-json\/wp\/v2\/pages\/352\/revisions\/48449"}],"up":[{"embeddable":true,"href":"https:\/\/www.polysoude.com\/fr\/wp-json\/wp\/v2\/pages\/350"}],"wp:featuredmedia":[{"embeddable":true,"href":"https:\/\/www.polysoude.com\/fr\/wp-json\/wp\/v2\/media\/2049"}],"wp:attachment":[{"href":"https:\/\/www.polysoude.com\/fr\/wp-json\/wp\/v2\/media?parent=352"}],"curies":[{"name":"wp","href":"https:\/\/api.w.org\/{rel}","templated":true}]}}