{"id":354,"date":"2016-10-06T10:04:11","date_gmt":"2016-10-06T08:04:11","guid":{"rendered":"http:\/\/www.polysoude.com\/?page_id=354&#038;lang=fr"},"modified":"2026-02-11T17:13:18","modified_gmt":"2026-02-11T16:13:18","slug":"formation-soudure","status":"publish","type":"page","link":"https:\/\/www.polysoude.com\/fr\/services-location-pieces-de-rechange\/formation-soudure\/","title":{"rendered":"Formation"},"content":{"rendered":"\n\n\t<h4>Nous accompagnons votre succ\u00e8s&#8230;<\/h4>\n<p>Fort de plus de 60 ans d&rsquo;exp\u00e9rience dans la conception d&rsquo;installations de soudage et de rechargement TIG et Plasma, Polysoude partage son expertise et son savoir-faire avec de <strong>nombreux programmes de formation.<\/strong><\/p>\n<p>Nous proposons des formations sur :<\/p>\n<ul>\n<li>l&rsquo;\u00e9quipement de soudage<\/li>\n<li>les proc\u00e9d\u00e9s de soudage<\/li>\n<li>et la maintenance des \u00e9quipements Polysoude.<\/li>\n<\/ul>\n<p>Nous proposons des <strong>formations \u00e0 l&rsquo;utilisation et \u00e0 la maintenance<\/strong> pour les d\u00e9butants et les techniciens exp\u00e9riment\u00e9s. Nous pouvons aussi <strong>personnaliser<\/strong> nos formations. Polysoude s&rsquo;adapte \u00e0 tous vos besoins !<\/p>\n<p>Les formations peuvent \u00eatre propos\u00e9es dans de <strong>nombreuses langues<\/strong> comme l&rsquo;anglais, le fran\u00e7ais, l&rsquo;allemand, l&rsquo;italien, le chinois&#8230;<\/p>\n<p>Processus de formation certifi\u00e9 :<\/p>\n<figure itemscope itemtype=\"https:\/\/schema.org\/ImageObject\">\n\t\t\t\t<a href=\"https:\/\/www.polysoude.com\/wp-content\/uploads\/2024\/12\/12160303-POLYSOUDE-SAS-Qualiopi-V1.pdf\"  target=\"_blank\" rel=\"noopener nofollow\"  itemprop=\"url\">\n\t\t\t\t<img decoding=\"async\" src=\"https:\/\/www.polysoude.com\/wp-content\/uploads\/2022\/05\/LogoQualiopi-150dpi-AvecMarianne.png\" alt=\"Certification qualiopi tig soudage orbital polysoude tig welding\" height=\"169\" width=\"317\" title=\"LogoQualiopi-150dpi-AvecMarianne\" onerror=\"this.style.display='none'\" loading=\"lazy\" \/>\n\t\t\t\t<\/a>\n\t<\/figure>\n\t<p><strong>La certification qualit\u00e9 a \u00e9t\u00e9 d\u00e9livr\u00e9e au titre de la cat\u00e9gorie d&rsquo;action suivante :<\/strong> Actions de formation<\/p>\n<p>Nos clients attribuent \u00e0 nos formations une note moyenne de 9\/10 sur l&rsquo;exercice 2024.<\/p>\n<figure itemscope itemtype=\"https:\/\/schema.org\/ImageObject\">\n\t\t\t\t<img decoding=\"async\" src=\"https:\/\/www.polysoude.com\/wp-content\/uploads\/2016\/10\/polysoude_training-300x169.jpg\" alt=\"polysoude_training\" height=\"169\" width=\"300\" title=\"polysoude_training\" onerror=\"this.style.display='none'\" loading=\"lazy\" \/>\n\t<\/figure>\n<figure itemscope itemtype=\"https:\/\/schema.org\/ImageObject\">\n\t\t\t\t<img decoding=\"async\" src=\"https:\/\/www.polysoude.com\/wp-content\/uploads\/2016\/10\/polysoude_training2-300x192.jpg\" alt=\"polysoude_training2\" height=\"192\" width=\"300\" title=\"polysoude_training2\" onerror=\"this.style.display='none'\" loading=\"lazy\" \/>\n\t<\/figure>\n<figure itemscope itemtype=\"https:\/\/schema.org\/ImageObject\">\n\t\t\t\t<img decoding=\"async\" src=\"https:\/\/www.polysoude.com\/wp-content\/uploads\/2016\/10\/polysoude_on-site_training-300x160.jpg\" alt=\"polysoude_on-site_training\" height=\"160\" width=\"300\" title=\"polysoude_on-site_training\" onerror=\"this.style.display='none'\" loading=\"lazy\" \/>\n\t<\/figure>\n\n","protected":false},"excerpt":{"rendered":"<p>Nous accompagnons votre succ\u00e8s&#8230; Fort de plus de 60 ans d&rsquo;exp\u00e9rience dans la conception d&rsquo;installations de soudage et de rechargement TIG et Plasma, Polysoude partage son expertise et son savoir-faire avec de nombreux programmes de formation. Nous proposons des formations sur : l&rsquo;\u00e9quipement de soudage les proc\u00e9d\u00e9s de soudage et la maintenance des \u00e9quipements Polysoude. [&hellip;]<\/p>\n","protected":false},"author":1,"featured_media":2111,"parent":350,"menu_order":0,"comment_status":"closed","ping_status":"closed","template":"page-contenu.php","meta":{"_acf_changed":false,"footnotes":""},"class_list":["post-354","page","type-page","status-publish","has-post-thumbnail","hentry"],"acf":[],"yoast_head":"<!-- This site is optimized with the Yoast SEO plugin v27.3 - https:\/\/yoast.com\/product\/yoast-seo-wordpress\/ -->\n<title>Formation | Polysoude<\/title>\n<meta name=\"description\" content=\"Nous accompagnons votre succ\u00e8s&#8230; Fort de plus de 60 ans d&#039;exp\u00e9rience dans la conception d&#039;installations de soudage et de rechargement TIG et Plasma,\" \/>\n<meta name=\"robots\" content=\"index, follow, max-snippet:-1, max-image-preview:large, max-video-preview:-1\" \/>\n<link rel=\"canonical\" href=\"https:\/\/www.polysoude.com\/fr\/services-location-pieces-de-rechange\/formation-soudure\/\" \/>\n<meta property=\"og:locale\" content=\"fr_FR\" \/>\n<meta property=\"og:type\" content=\"article\" \/>\n<meta property=\"og:title\" content=\"Formation | Polysoude\" \/>\n<meta property=\"og:description\" content=\"Nous accompagnons votre succ\u00e8s&#8230; Fort de plus de 60 ans d&#039;exp\u00e9rience dans la conception d&#039;installations de soudage et de rechargement TIG et Plasma,\" \/>\n<meta property=\"og:url\" content=\"https:\/\/www.polysoude.com\/fr\/services-location-pieces-de-rechange\/formation-soudure\/\" \/>\n<meta property=\"og:site_name\" content=\"Polysoude\" \/>\n<meta property=\"article:publisher\" content=\"https:\/\/www.facebook.com\/Polysoude\/\" \/>\n<meta property=\"article:modified_time\" content=\"2026-02-11T16:13:18+00:00\" \/>\n<meta property=\"og:image\" content=\"https:\/\/www.polysoude.com\/wp-content\/uploads\/2022\/07\/Polysoude_Logo_signature_fond-transparent_600dpi_300mm_RVB-e1658123578778.png\" \/>\n\t<meta property=\"og:image:width\" content=\"465\" \/>\n\t<meta property=\"og:image:height\" content=\"86\" \/>\n\t<meta property=\"og:image:type\" content=\"image\/png\" \/>\n<meta name=\"twitter:card\" content=\"summary_large_image\" \/>\n<meta name=\"twitter:label1\" content=\"Dur\u00e9e de lecture estim\u00e9e\" \/>\n\t<meta name=\"twitter:data1\" content=\"2 minutes\" \/>\n<script type=\"application\/ld+json\" class=\"yoast-schema-graph\">{\"@context\":\"https:\\\/\\\/schema.org\",\"@graph\":[{\"@type\":\"WebPage\",\"@id\":\"https:\\\/\\\/www.polysoude.com\\\/fr\\\/services-location-pieces-de-rechange\\\/formation-soudure\\\/\",\"url\":\"https:\\\/\\\/www.polysoude.com\\\/fr\\\/services-location-pieces-de-rechange\\\/formation-soudure\\\/\",\"name\":\"Formation | Polysoude\",\"isPartOf\":{\"@id\":\"https:\\\/\\\/www.polysoude.com\\\/fr\\\/#website\"},\"primaryImageOfPage\":{\"@id\":\"https:\\\/\\\/www.polysoude.com\\\/fr\\\/services-location-pieces-de-rechange\\\/formation-soudure\\\/#primaryimage\"},\"image\":{\"@id\":\"https:\\\/\\\/www.polysoude.com\\\/fr\\\/services-location-pieces-de-rechange\\\/formation-soudure\\\/#primaryimage\"},\"thumbnailUrl\":\"https:\\\/\\\/www.polysoude.com\\\/wp-content\\\/uploads\\\/2016\\\/10\\\/polysoude_training.jpg\",\"datePublished\":\"2016-10-06T08:04:11+00:00\",\"dateModified\":\"2026-02-11T16:13:18+00:00\",\"description\":\"Nous accompagnons votre succ\u00e8s&#8230; Fort de plus de 60 ans d'exp\u00e9rience dans la conception d'installations de soudage et de rechargement TIG et Plasma,\",\"breadcrumb\":{\"@id\":\"https:\\\/\\\/www.polysoude.com\\\/fr\\\/services-location-pieces-de-rechange\\\/formation-soudure\\\/#breadcrumb\"},\"inLanguage\":\"fr-FR\",\"potentialAction\":[{\"@type\":\"ReadAction\",\"target\":[\"https:\\\/\\\/www.polysoude.com\\\/fr\\\/services-location-pieces-de-rechange\\\/formation-soudure\\\/\"]}]},{\"@type\":\"ImageObject\",\"inLanguage\":\"fr-FR\",\"@id\":\"https:\\\/\\\/www.polysoude.com\\\/fr\\\/services-location-pieces-de-rechange\\\/formation-soudure\\\/#primaryimage\",\"url\":\"https:\\\/\\\/www.polysoude.com\\\/wp-content\\\/uploads\\\/2016\\\/10\\\/polysoude_training.jpg\",\"contentUrl\":\"https:\\\/\\\/www.polysoude.com\\\/wp-content\\\/uploads\\\/2016\\\/10\\\/polysoude_training.jpg\",\"width\":500,\"height\":281},{\"@type\":\"BreadcrumbList\",\"@id\":\"https:\\\/\\\/www.polysoude.com\\\/fr\\\/services-location-pieces-de-rechange\\\/formation-soudure\\\/#breadcrumb\",\"itemListElement\":[{\"@type\":\"ListItem\",\"position\":1,\"name\":\"Home\",\"item\":\"https:\\\/\\\/www.polysoude.com\\\/fr\\\/accueil\\\/\"},{\"@type\":\"ListItem\",\"position\":2,\"name\":\"Services\u00a0\\\/\u00a0location\u00a0\\\/ pi\u00e8ces de rechange\",\"item\":\"https:\\\/\\\/www.polysoude.com\\\/fr\\\/services-location-pieces-de-rechange\\\/\"},{\"@type\":\"ListItem\",\"position\":3,\"name\":\"Formation\"}]},{\"@type\":\"WebSite\",\"@id\":\"https:\\\/\\\/www.polysoude.com\\\/fr\\\/#website\",\"url\":\"https:\\\/\\\/www.polysoude.com\\\/fr\\\/\",\"name\":\"Polysoude\",\"description\":\"The art of welding\",\"publisher\":{\"@id\":\"https:\\\/\\\/www.polysoude.com\\\/fr\\\/#organization\"},\"alternateName\":\"Polysoude\",\"potentialAction\":[{\"@type\":\"SearchAction\",\"target\":{\"@type\":\"EntryPoint\",\"urlTemplate\":\"https:\\\/\\\/www.polysoude.com\\\/fr\\\/?s={search_term_string}\"},\"query-input\":{\"@type\":\"PropertyValueSpecification\",\"valueRequired\":true,\"valueName\":\"search_term_string\"}}],\"inLanguage\":\"fr-FR\"},{\"@type\":\"Organization\",\"@id\":\"https:\\\/\\\/www.polysoude.com\\\/fr\\\/#organization\",\"name\":\"Polysoude\",\"alternateName\":\"Polysoude\",\"url\":\"https:\\\/\\\/www.polysoude.com\\\/fr\\\/\",\"logo\":{\"@type\":\"ImageObject\",\"inLanguage\":\"fr-FR\",\"@id\":\"https:\\\/\\\/www.polysoude.com\\\/fr\\\/#\\\/schema\\\/logo\\\/image\\\/\",\"url\":\"https:\\\/\\\/www.polysoude.com\\\/wp-content\\\/uploads\\\/2022\\\/07\\\/Polysoude_Logo_signature_fond-transparent_600dpi_300mm_RVB-e1658123578778.png\",\"contentUrl\":\"https:\\\/\\\/www.polysoude.com\\\/wp-content\\\/uploads\\\/2022\\\/07\\\/Polysoude_Logo_signature_fond-transparent_600dpi_300mm_RVB-e1658123578778.png\",\"width\":465,\"height\":86,\"caption\":\"Polysoude\"},\"image\":{\"@id\":\"https:\\\/\\\/www.polysoude.com\\\/fr\\\/#\\\/schema\\\/logo\\\/image\\\/\"},\"sameAs\":[\"https:\\\/\\\/www.facebook.com\\\/Polysoude\\\/\",\"https:\\\/\\\/www.linkedin.com\\\/company\\\/polysoude\\\/\",\"https:\\\/\\\/www.instagram.com\\\/polysoudeglobal\\\/\"]}]}<\/script>\n<!-- \/ Yoast SEO plugin. -->","yoast_head_json":{"title":"Formation | Polysoude","description":"Nous accompagnons votre succ\u00e8s&#8230; Fort de plus de 60 ans d'exp\u00e9rience dans la conception d'installations de soudage et de rechargement TIG et Plasma,","robots":{"index":"index","follow":"follow","max-snippet":"max-snippet:-1","max-image-preview":"max-image-preview:large","max-video-preview":"max-video-preview:-1"},"canonical":"https:\/\/www.polysoude.com\/fr\/services-location-pieces-de-rechange\/formation-soudure\/","og_locale":"fr_FR","og_type":"article","og_title":"Formation | Polysoude","og_description":"Nous accompagnons votre succ\u00e8s&#8230; Fort de plus de 60 ans d'exp\u00e9rience dans la conception d'installations de soudage et de rechargement TIG et Plasma,","og_url":"https:\/\/www.polysoude.com\/fr\/services-location-pieces-de-rechange\/formation-soudure\/","og_site_name":"Polysoude","article_publisher":"https:\/\/www.facebook.com\/Polysoude\/","article_modified_time":"2026-02-11T16:13:18+00:00","og_image":[{"width":465,"height":86,"url":"https:\/\/www.polysoude.com\/wp-content\/uploads\/2022\/07\/Polysoude_Logo_signature_fond-transparent_600dpi_300mm_RVB-e1658123578778.png","type":"image\/png"}],"twitter_card":"summary_large_image","twitter_misc":{"Dur\u00e9e de lecture estim\u00e9e":"2 minutes"},"schema":{"@context":"https:\/\/schema.org","@graph":[{"@type":"WebPage","@id":"https:\/\/www.polysoude.com\/fr\/services-location-pieces-de-rechange\/formation-soudure\/","url":"https:\/\/www.polysoude.com\/fr\/services-location-pieces-de-rechange\/formation-soudure\/","name":"Formation | Polysoude","isPartOf":{"@id":"https:\/\/www.polysoude.com\/fr\/#website"},"primaryImageOfPage":{"@id":"https:\/\/www.polysoude.com\/fr\/services-location-pieces-de-rechange\/formation-soudure\/#primaryimage"},"image":{"@id":"https:\/\/www.polysoude.com\/fr\/services-location-pieces-de-rechange\/formation-soudure\/#primaryimage"},"thumbnailUrl":"https:\/\/www.polysoude.com\/wp-content\/uploads\/2016\/10\/polysoude_training.jpg","datePublished":"2016-10-06T08:04:11+00:00","dateModified":"2026-02-11T16:13:18+00:00","description":"Nous accompagnons votre succ\u00e8s&#8230; Fort de plus de 60 ans d'exp\u00e9rience dans la conception d'installations de soudage et de rechargement TIG et Plasma,","breadcrumb":{"@id":"https:\/\/www.polysoude.com\/fr\/services-location-pieces-de-rechange\/formation-soudure\/#breadcrumb"},"inLanguage":"fr-FR","potentialAction":[{"@type":"ReadAction","target":["https:\/\/www.polysoude.com\/fr\/services-location-pieces-de-rechange\/formation-soudure\/"]}]},{"@type":"ImageObject","inLanguage":"fr-FR","@id":"https:\/\/www.polysoude.com\/fr\/services-location-pieces-de-rechange\/formation-soudure\/#primaryimage","url":"https:\/\/www.polysoude.com\/wp-content\/uploads\/2016\/10\/polysoude_training.jpg","contentUrl":"https:\/\/www.polysoude.com\/wp-content\/uploads\/2016\/10\/polysoude_training.jpg","width":500,"height":281},{"@type":"BreadcrumbList","@id":"https:\/\/www.polysoude.com\/fr\/services-location-pieces-de-rechange\/formation-soudure\/#breadcrumb","itemListElement":[{"@type":"ListItem","position":1,"name":"Home","item":"https:\/\/www.polysoude.com\/fr\/accueil\/"},{"@type":"ListItem","position":2,"name":"Services\u00a0\/\u00a0location\u00a0\/ pi\u00e8ces de rechange","item":"https:\/\/www.polysoude.com\/fr\/services-location-pieces-de-rechange\/"},{"@type":"ListItem","position":3,"name":"Formation"}]},{"@type":"WebSite","@id":"https:\/\/www.polysoude.com\/fr\/#website","url":"https:\/\/www.polysoude.com\/fr\/","name":"Polysoude","description":"The art of welding","publisher":{"@id":"https:\/\/www.polysoude.com\/fr\/#organization"},"alternateName":"Polysoude","potentialAction":[{"@type":"SearchAction","target":{"@type":"EntryPoint","urlTemplate":"https:\/\/www.polysoude.com\/fr\/?s={search_term_string}"},"query-input":{"@type":"PropertyValueSpecification","valueRequired":true,"valueName":"search_term_string"}}],"inLanguage":"fr-FR"},{"@type":"Organization","@id":"https:\/\/www.polysoude.com\/fr\/#organization","name":"Polysoude","alternateName":"Polysoude","url":"https:\/\/www.polysoude.com\/fr\/","logo":{"@type":"ImageObject","inLanguage":"fr-FR","@id":"https:\/\/www.polysoude.com\/fr\/#\/schema\/logo\/image\/","url":"https:\/\/www.polysoude.com\/wp-content\/uploads\/2022\/07\/Polysoude_Logo_signature_fond-transparent_600dpi_300mm_RVB-e1658123578778.png","contentUrl":"https:\/\/www.polysoude.com\/wp-content\/uploads\/2022\/07\/Polysoude_Logo_signature_fond-transparent_600dpi_300mm_RVB-e1658123578778.png","width":465,"height":86,"caption":"Polysoude"},"image":{"@id":"https:\/\/www.polysoude.com\/fr\/#\/schema\/logo\/image\/"},"sameAs":["https:\/\/www.facebook.com\/Polysoude\/","https:\/\/www.linkedin.com\/company\/polysoude\/","https:\/\/www.instagram.com\/polysoudeglobal\/"]}]}},"_links":{"self":[{"href":"https:\/\/www.polysoude.com\/fr\/wp-json\/wp\/v2\/pages\/354","targetHints":{"allow":["GET"]}}],"collection":[{"href":"https:\/\/www.polysoude.com\/fr\/wp-json\/wp\/v2\/pages"}],"about":[{"href":"https:\/\/www.polysoude.com\/fr\/wp-json\/wp\/v2\/types\/page"}],"author":[{"embeddable":true,"href":"https:\/\/www.polysoude.com\/fr\/wp-json\/wp\/v2\/users\/1"}],"replies":[{"embeddable":true,"href":"https:\/\/www.polysoude.com\/fr\/wp-json\/wp\/v2\/comments?post=354"}],"version-history":[{"count":29,"href":"https:\/\/www.polysoude.com\/fr\/wp-json\/wp\/v2\/pages\/354\/revisions"}],"predecessor-version":[{"id":52387,"href":"https:\/\/www.polysoude.com\/fr\/wp-json\/wp\/v2\/pages\/354\/revisions\/52387"}],"up":[{"embeddable":true,"href":"https:\/\/www.polysoude.com\/fr\/wp-json\/wp\/v2\/pages\/350"}],"wp:featuredmedia":[{"embeddable":true,"href":"https:\/\/www.polysoude.com\/fr\/wp-json\/wp\/v2\/media\/2111"}],"wp:attachment":[{"href":"https:\/\/www.polysoude.com\/fr\/wp-json\/wp\/v2\/media?parent=354"}],"curies":[{"name":"wp","href":"https:\/\/api.w.org\/{rel}","templated":true}]}}