{"id":356,"date":"2016-10-06T10:04:33","date_gmt":"2016-10-06T08:04:33","guid":{"rendered":"http:\/\/www.polysoude.com\/?page_id=356&#038;lang=fr"},"modified":"2024-07-29T14:50:59","modified_gmt":"2024-07-29T12:50:59","slug":"maintenance-calibration-reparation-materiel-soudure","status":"publish","type":"page","link":"https:\/\/www.polysoude.com\/fr\/services-location-pieces-de-rechange\/maintenance-calibration-reparation-materiel-soudure\/","title":{"rendered":"Maintenance, calibration et r\u00e9paration"},"content":{"rendered":"\n\n\t<p>Le plan de maintenance pr\u00e9ventive de <a href=\"https:\/\/www.polysoude.com\/fr\/\">Polysoude<\/a> renforcera la productivit\u00e9 de vos \u00e9quipements et prot\u00e9gera vos investissements. La maintenance ou les r\u00e9parations sont effectu\u00e9es par des experts, chez Polysoude ou sur site. Si n\u00e9cessaire, des g\u00e9n\u00e9rateurs ou des t\u00eates de soudage de location peuvent \u00eatre mis \u00e0 disposition pendant le temps d&rsquo;intervention.<\/p>\n\t<h4>Services de maintenance :<\/h4>\n<ul>\n<li>Programmes de maintenance pr\u00e9ventive avec des <strong>services haut-de-gamme<\/strong><\/li>\n<li><strong>R\u00e9vision compl\u00e8te<\/strong> de vos \u00e9quipements et \u00e9talonnage<\/li>\n<li><strong>Conseil<\/strong> sur les pi\u00e8ces \u00e0 maintenir en stock\/\u00e0 changer<\/li>\n<li><strong>Maximisation garantie de la disponibilit\u00e9<\/strong> des \u00e9quipements et de la production pour un co\u00fbt r\u00e9duit<\/li>\n<li>Services de maintenance <strong>personnalis\u00e9s<\/strong><\/li>\n<\/ul>\n\t<h4>Calibration<\/h4>\n<p>Polysoude propose la calibration de vos g\u00e9n\u00e9rateurs gr\u00e2ce \u00e0 des instruments de mesure reli\u00e9s <strong>COFRAC<\/strong> et selon les r\u00e9f\u00e9rentiels <strong>EN60974-14 (EN50504) <\/strong>identiques \u00e0 ceux utilis\u00e9s en production de g\u00e9n\u00e9rateurs neufs.<\/p>\n<ul>\n<li>Plusieurs points de mesure <strong>sur toute la gamme d&rsquo;amp\u00e9rage<\/strong> et de tension du g\u00e9n\u00e9rateur et si besoin selon des SPEC client (Ex\u00a0: SAFRAN PR4010)<\/li>\n<li><strong>Mesures effectu\u00e9es<\/strong> directement sur le g\u00e9n\u00e9rateur pour exclure toute influence ext\u00e9rieure sur les r\u00e9sultats<\/li>\n<li>Correction des \u00e9ventuels diff\u00e9rentiels relev\u00e9s (<strong>uniquement possible par Polysoude<\/strong> en tant que fabricant de ces \u00e9quipements)<\/li>\n<li>Etablissement d&rsquo;un <strong>certificat de calibration <\/strong>pour chaque g\u00e9n\u00e9rateur.<\/li>\n<\/ul>\n\t<h4>Avantages de nos services de r\u00e9paration :<\/h4>\n<ul>\n<li>Flexibilit\u00e9 des interventions partout dans le monde chez Polysoude, comme sur site.<\/li>\n<li>Garantie de la qualit\u00e9 de la r\u00e9paration\u00a0:\n<ul>\n<li>r\u00e9paration par le fabricant<\/li>\n<li>r\u00e9paration avec pi\u00e8ces d&rsquo;origine<\/li>\n<li>test de l&rsquo;\u00e9quipement selon les standards d&rsquo;origine utilis\u00e9s lors de la fabrication<\/li>\n<\/ul>\n<\/li>\n<li>Possibilit\u00e9 d&rsquo;\u00e9change standard pour disposer de cartes \u00e9lectroniques de g\u00e9n\u00e9rateur \u00e0 moindre co\u00fbt<\/li>\n<li>Disponibilit\u00e9 de mat\u00e9riel de location pendant le temps de la r\u00e9paration<\/li>\n<\/ul>\n\t\t\t\t<img loading=\"lazy\" decoding=\"async\" src=\"https:\/\/www.polysoude.com\/wp-content\/uploads\/2016\/10\/services-maintenance-calibration-300x225.jpg\" alt=\"services-maintenance-calibration\" height=\"225\" width=\"300\" title=\"services-maintenance-calibration\" \/>\n\t\t\t\t<img loading=\"lazy\" decoding=\"async\" src=\"https:\/\/www.polysoude.com\/wp-content\/uploads\/2016\/10\/services-calibration-2-300x190.jpg\" alt=\"services-calibration\" height=\"190\" width=\"300\" title=\"services-calibration\" \/>\n\t\t\t\t<img loading=\"lazy\" decoding=\"async\" src=\"https:\/\/www.polysoude.com\/wp-content\/uploads\/2016\/10\/service-repair-300x225.jpg\" alt=\"service-repair\" height=\"225\" width=\"300\" title=\"service-repair\" \/>\n\t<h3>VOUS DEVEZ NOUS RENVOYER VOTRE MACHINE ?<\/h3>\n<p>Ouvrez et compl\u00e9tez le formulaire ci-dessous et nous traiterons votre demande \u00e0 tout moment, o\u00f9 que vous soyez ! (avant de l&rsquo;envoyer, assurez-vous bien que tous les champs obligatoires sont remplis).<\/p>\n\t\t\t<a href=\"https:\/\/www.polysoude.com\/wp-content\/uploads\/2024\/07\/SAV_FOR_Return-equipment_FR.pdf\" target=\"_blank\" role=\"button\" rel=\"noopener nofollow\">\n\t\t\t\t\t\tFormulaire de retour SAV (FR)\n\t\t\t\t\t<\/a>\n\t\t\t<a href=\"https:\/\/www.polysoude.com\/wp-content\/uploads\/2024\/07\/SAV_FOR_Return-equipment_EN.pdf\" target=\"_blank\" role=\"button\" rel=\"noopener nofollow\">\n\t\t\t\t\t\tFormulaire de retour SAV (EN)\n\t\t\t\t\t<\/a>\n\n","protected":false},"excerpt":{"rendered":"<p>Le plan de maintenance pr\u00e9ventive de Polysoude renforcera la productivit\u00e9 de vos \u00e9quipements et prot\u00e9gera vos investissements. La maintenance ou les r\u00e9parations sont effectu\u00e9es par des experts, chez Polysoude ou sur site. Si n\u00e9cessaire, des g\u00e9n\u00e9rateurs ou des t\u00eates de soudage de location peuvent \u00eatre mis \u00e0 disposition pendant le temps d&rsquo;intervention. Services de maintenance [&hellip;]<\/p>\n","protected":false},"author":1,"featured_media":2156,"parent":350,"menu_order":0,"comment_status":"closed","ping_status":"closed","template":"page-contenu.php","meta":{"_acf_changed":false,"footnotes":""},"class_list":["post-356","page","type-page","status-publish","has-post-thumbnail","hentry"],"acf":[],"yoast_head":"<!-- This site is optimized with the Yoast SEO plugin v27.3 - https:\/\/yoast.com\/product\/yoast-seo-wordpress\/ -->\n<title>Maintenance, calibration et r\u00e9paration | Polysoude<\/title>\n<meta name=\"description\" content=\"Le plan de maintenance pr\u00e9ventive de Polysoude renforcera la productivit\u00e9 de vos \u00e9quipements et prot\u00e9gera vos investissements. La maintenance ou les\" \/>\n<meta name=\"robots\" content=\"index, follow, max-snippet:-1, max-image-preview:large, max-video-preview:-1\" \/>\n<link rel=\"canonical\" href=\"https:\/\/www.polysoude.com\/fr\/services-location-pieces-de-rechange\/maintenance-calibration-reparation-materiel-soudure\/\" \/>\n<meta property=\"og:locale\" content=\"fr_FR\" \/>\n<meta property=\"og:type\" content=\"article\" \/>\n<meta property=\"og:title\" content=\"Maintenance, calibration et r\u00e9paration | Polysoude\" \/>\n<meta property=\"og:description\" content=\"Le plan de maintenance pr\u00e9ventive de Polysoude renforcera la productivit\u00e9 de vos \u00e9quipements et prot\u00e9gera vos investissements. La maintenance ou les\" \/>\n<meta property=\"og:url\" content=\"https:\/\/www.polysoude.com\/fr\/services-location-pieces-de-rechange\/maintenance-calibration-reparation-materiel-soudure\/\" \/>\n<meta property=\"og:site_name\" content=\"Polysoude\" \/>\n<meta property=\"article:publisher\" content=\"https:\/\/www.facebook.com\/Polysoude\/\" \/>\n<meta property=\"article:modified_time\" content=\"2024-07-29T12:50:59+00:00\" \/>\n<meta property=\"og:image\" content=\"https:\/\/www.polysoude.com\/wp-content\/uploads\/2022\/07\/Polysoude_Logo_signature_fond-transparent_600dpi_300mm_RVB-e1658123578778.png\" \/>\n\t<meta property=\"og:image:width\" content=\"465\" \/>\n\t<meta property=\"og:image:height\" content=\"86\" \/>\n\t<meta property=\"og:image:type\" content=\"image\/png\" \/>\n<meta name=\"twitter:card\" content=\"summary_large_image\" \/>\n<meta name=\"twitter:label1\" content=\"Dur\u00e9e de lecture estim\u00e9e\" \/>\n\t<meta name=\"twitter:data1\" content=\"2 minutes\" \/>\n<script type=\"application\/ld+json\" class=\"yoast-schema-graph\">{\"@context\":\"https:\\\/\\\/schema.org\",\"@graph\":[{\"@type\":\"WebPage\",\"@id\":\"https:\\\/\\\/www.polysoude.com\\\/fr\\\/services-location-pieces-de-rechange\\\/maintenance-calibration-reparation-materiel-soudure\\\/\",\"url\":\"https:\\\/\\\/www.polysoude.com\\\/fr\\\/services-location-pieces-de-rechange\\\/maintenance-calibration-reparation-materiel-soudure\\\/\",\"name\":\"Maintenance, calibration et r\u00e9paration | Polysoude\",\"isPartOf\":{\"@id\":\"https:\\\/\\\/www.polysoude.com\\\/fr\\\/#website\"},\"primaryImageOfPage\":{\"@id\":\"https:\\\/\\\/www.polysoude.com\\\/fr\\\/services-location-pieces-de-rechange\\\/maintenance-calibration-reparation-materiel-soudure\\\/#primaryimage\"},\"image\":{\"@id\":\"https:\\\/\\\/www.polysoude.com\\\/fr\\\/services-location-pieces-de-rechange\\\/maintenance-calibration-reparation-materiel-soudure\\\/#primaryimage\"},\"thumbnailUrl\":\"https:\\\/\\\/www.polysoude.com\\\/wp-content\\\/uploads\\\/2016\\\/10\\\/services-maintenance-calibration.jpg\",\"datePublished\":\"2016-10-06T08:04:33+00:00\",\"dateModified\":\"2024-07-29T12:50:59+00:00\",\"description\":\"Le plan de maintenance pr\u00e9ventive de Polysoude renforcera la productivit\u00e9 de vos \u00e9quipements et prot\u00e9gera vos investissements. La maintenance ou les\",\"breadcrumb\":{\"@id\":\"https:\\\/\\\/www.polysoude.com\\\/fr\\\/services-location-pieces-de-rechange\\\/maintenance-calibration-reparation-materiel-soudure\\\/#breadcrumb\"},\"inLanguage\":\"fr-FR\",\"potentialAction\":[{\"@type\":\"ReadAction\",\"target\":[\"https:\\\/\\\/www.polysoude.com\\\/fr\\\/services-location-pieces-de-rechange\\\/maintenance-calibration-reparation-materiel-soudure\\\/\"]}]},{\"@type\":\"ImageObject\",\"inLanguage\":\"fr-FR\",\"@id\":\"https:\\\/\\\/www.polysoude.com\\\/fr\\\/services-location-pieces-de-rechange\\\/maintenance-calibration-reparation-materiel-soudure\\\/#primaryimage\",\"url\":\"https:\\\/\\\/www.polysoude.com\\\/wp-content\\\/uploads\\\/2016\\\/10\\\/services-maintenance-calibration.jpg\",\"contentUrl\":\"https:\\\/\\\/www.polysoude.com\\\/wp-content\\\/uploads\\\/2016\\\/10\\\/services-maintenance-calibration.jpg\",\"width\":500,\"height\":375},{\"@type\":\"BreadcrumbList\",\"@id\":\"https:\\\/\\\/www.polysoude.com\\\/fr\\\/services-location-pieces-de-rechange\\\/maintenance-calibration-reparation-materiel-soudure\\\/#breadcrumb\",\"itemListElement\":[{\"@type\":\"ListItem\",\"position\":1,\"name\":\"Home\",\"item\":\"https:\\\/\\\/www.polysoude.com\\\/fr\\\/accueil\\\/\"},{\"@type\":\"ListItem\",\"position\":2,\"name\":\"Services\u00a0\\\/\u00a0location\u00a0\\\/ pi\u00e8ces de rechange\",\"item\":\"https:\\\/\\\/www.polysoude.com\\\/fr\\\/services-location-pieces-de-rechange\\\/\"},{\"@type\":\"ListItem\",\"position\":3,\"name\":\"Maintenance, calibration et r\u00e9paration\"}]},{\"@type\":\"WebSite\",\"@id\":\"https:\\\/\\\/www.polysoude.com\\\/fr\\\/#website\",\"url\":\"https:\\\/\\\/www.polysoude.com\\\/fr\\\/\",\"name\":\"Polysoude\",\"description\":\"The art of welding\",\"publisher\":{\"@id\":\"https:\\\/\\\/www.polysoude.com\\\/fr\\\/#organization\"},\"alternateName\":\"Polysoude\",\"potentialAction\":[{\"@type\":\"SearchAction\",\"target\":{\"@type\":\"EntryPoint\",\"urlTemplate\":\"https:\\\/\\\/www.polysoude.com\\\/fr\\\/?s={search_term_string}\"},\"query-input\":{\"@type\":\"PropertyValueSpecification\",\"valueRequired\":true,\"valueName\":\"search_term_string\"}}],\"inLanguage\":\"fr-FR\"},{\"@type\":\"Organization\",\"@id\":\"https:\\\/\\\/www.polysoude.com\\\/fr\\\/#organization\",\"name\":\"Polysoude\",\"alternateName\":\"Polysoude\",\"url\":\"https:\\\/\\\/www.polysoude.com\\\/fr\\\/\",\"logo\":{\"@type\":\"ImageObject\",\"inLanguage\":\"fr-FR\",\"@id\":\"https:\\\/\\\/www.polysoude.com\\\/fr\\\/#\\\/schema\\\/logo\\\/image\\\/\",\"url\":\"https:\\\/\\\/www.polysoude.com\\\/wp-content\\\/uploads\\\/2022\\\/07\\\/Polysoude_Logo_signature_fond-transparent_600dpi_300mm_RVB-e1658123578778.png\",\"contentUrl\":\"https:\\\/\\\/www.polysoude.com\\\/wp-content\\\/uploads\\\/2022\\\/07\\\/Polysoude_Logo_signature_fond-transparent_600dpi_300mm_RVB-e1658123578778.png\",\"width\":465,\"height\":86,\"caption\":\"Polysoude\"},\"image\":{\"@id\":\"https:\\\/\\\/www.polysoude.com\\\/fr\\\/#\\\/schema\\\/logo\\\/image\\\/\"},\"sameAs\":[\"https:\\\/\\\/www.facebook.com\\\/Polysoude\\\/\",\"https:\\\/\\\/www.linkedin.com\\\/company\\\/polysoude\\\/\",\"https:\\\/\\\/www.instagram.com\\\/polysoudeglobal\\\/\"]}]}<\/script>\n<!-- \/ Yoast SEO plugin. -->","yoast_head_json":{"title":"Maintenance, calibration et r\u00e9paration | Polysoude","description":"Le plan de maintenance pr\u00e9ventive de Polysoude renforcera la productivit\u00e9 de vos \u00e9quipements et prot\u00e9gera vos investissements. La maintenance ou les","robots":{"index":"index","follow":"follow","max-snippet":"max-snippet:-1","max-image-preview":"max-image-preview:large","max-video-preview":"max-video-preview:-1"},"canonical":"https:\/\/www.polysoude.com\/fr\/services-location-pieces-de-rechange\/maintenance-calibration-reparation-materiel-soudure\/","og_locale":"fr_FR","og_type":"article","og_title":"Maintenance, calibration et r\u00e9paration | Polysoude","og_description":"Le plan de maintenance pr\u00e9ventive de Polysoude renforcera la productivit\u00e9 de vos \u00e9quipements et prot\u00e9gera vos investissements. La maintenance ou les","og_url":"https:\/\/www.polysoude.com\/fr\/services-location-pieces-de-rechange\/maintenance-calibration-reparation-materiel-soudure\/","og_site_name":"Polysoude","article_publisher":"https:\/\/www.facebook.com\/Polysoude\/","article_modified_time":"2024-07-29T12:50:59+00:00","og_image":[{"width":465,"height":86,"url":"https:\/\/www.polysoude.com\/wp-content\/uploads\/2022\/07\/Polysoude_Logo_signature_fond-transparent_600dpi_300mm_RVB-e1658123578778.png","type":"image\/png"}],"twitter_card":"summary_large_image","twitter_misc":{"Dur\u00e9e de lecture estim\u00e9e":"2 minutes"},"schema":{"@context":"https:\/\/schema.org","@graph":[{"@type":"WebPage","@id":"https:\/\/www.polysoude.com\/fr\/services-location-pieces-de-rechange\/maintenance-calibration-reparation-materiel-soudure\/","url":"https:\/\/www.polysoude.com\/fr\/services-location-pieces-de-rechange\/maintenance-calibration-reparation-materiel-soudure\/","name":"Maintenance, calibration et r\u00e9paration | Polysoude","isPartOf":{"@id":"https:\/\/www.polysoude.com\/fr\/#website"},"primaryImageOfPage":{"@id":"https:\/\/www.polysoude.com\/fr\/services-location-pieces-de-rechange\/maintenance-calibration-reparation-materiel-soudure\/#primaryimage"},"image":{"@id":"https:\/\/www.polysoude.com\/fr\/services-location-pieces-de-rechange\/maintenance-calibration-reparation-materiel-soudure\/#primaryimage"},"thumbnailUrl":"https:\/\/www.polysoude.com\/wp-content\/uploads\/2016\/10\/services-maintenance-calibration.jpg","datePublished":"2016-10-06T08:04:33+00:00","dateModified":"2024-07-29T12:50:59+00:00","description":"Le plan de maintenance pr\u00e9ventive de Polysoude renforcera la productivit\u00e9 de vos \u00e9quipements et prot\u00e9gera vos investissements. La maintenance ou les","breadcrumb":{"@id":"https:\/\/www.polysoude.com\/fr\/services-location-pieces-de-rechange\/maintenance-calibration-reparation-materiel-soudure\/#breadcrumb"},"inLanguage":"fr-FR","potentialAction":[{"@type":"ReadAction","target":["https:\/\/www.polysoude.com\/fr\/services-location-pieces-de-rechange\/maintenance-calibration-reparation-materiel-soudure\/"]}]},{"@type":"ImageObject","inLanguage":"fr-FR","@id":"https:\/\/www.polysoude.com\/fr\/services-location-pieces-de-rechange\/maintenance-calibration-reparation-materiel-soudure\/#primaryimage","url":"https:\/\/www.polysoude.com\/wp-content\/uploads\/2016\/10\/services-maintenance-calibration.jpg","contentUrl":"https:\/\/www.polysoude.com\/wp-content\/uploads\/2016\/10\/services-maintenance-calibration.jpg","width":500,"height":375},{"@type":"BreadcrumbList","@id":"https:\/\/www.polysoude.com\/fr\/services-location-pieces-de-rechange\/maintenance-calibration-reparation-materiel-soudure\/#breadcrumb","itemListElement":[{"@type":"ListItem","position":1,"name":"Home","item":"https:\/\/www.polysoude.com\/fr\/accueil\/"},{"@type":"ListItem","position":2,"name":"Services\u00a0\/\u00a0location\u00a0\/ pi\u00e8ces de rechange","item":"https:\/\/www.polysoude.com\/fr\/services-location-pieces-de-rechange\/"},{"@type":"ListItem","position":3,"name":"Maintenance, calibration et r\u00e9paration"}]},{"@type":"WebSite","@id":"https:\/\/www.polysoude.com\/fr\/#website","url":"https:\/\/www.polysoude.com\/fr\/","name":"Polysoude","description":"The art of welding","publisher":{"@id":"https:\/\/www.polysoude.com\/fr\/#organization"},"alternateName":"Polysoude","potentialAction":[{"@type":"SearchAction","target":{"@type":"EntryPoint","urlTemplate":"https:\/\/www.polysoude.com\/fr\/?s={search_term_string}"},"query-input":{"@type":"PropertyValueSpecification","valueRequired":true,"valueName":"search_term_string"}}],"inLanguage":"fr-FR"},{"@type":"Organization","@id":"https:\/\/www.polysoude.com\/fr\/#organization","name":"Polysoude","alternateName":"Polysoude","url":"https:\/\/www.polysoude.com\/fr\/","logo":{"@type":"ImageObject","inLanguage":"fr-FR","@id":"https:\/\/www.polysoude.com\/fr\/#\/schema\/logo\/image\/","url":"https:\/\/www.polysoude.com\/wp-content\/uploads\/2022\/07\/Polysoude_Logo_signature_fond-transparent_600dpi_300mm_RVB-e1658123578778.png","contentUrl":"https:\/\/www.polysoude.com\/wp-content\/uploads\/2022\/07\/Polysoude_Logo_signature_fond-transparent_600dpi_300mm_RVB-e1658123578778.png","width":465,"height":86,"caption":"Polysoude"},"image":{"@id":"https:\/\/www.polysoude.com\/fr\/#\/schema\/logo\/image\/"},"sameAs":["https:\/\/www.facebook.com\/Polysoude\/","https:\/\/www.linkedin.com\/company\/polysoude\/","https:\/\/www.instagram.com\/polysoudeglobal\/"]}]}},"_links":{"self":[{"href":"https:\/\/www.polysoude.com\/fr\/wp-json\/wp\/v2\/pages\/356","targetHints":{"allow":["GET"]}}],"collection":[{"href":"https:\/\/www.polysoude.com\/fr\/wp-json\/wp\/v2\/pages"}],"about":[{"href":"https:\/\/www.polysoude.com\/fr\/wp-json\/wp\/v2\/types\/page"}],"author":[{"embeddable":true,"href":"https:\/\/www.polysoude.com\/fr\/wp-json\/wp\/v2\/users\/1"}],"replies":[{"embeddable":true,"href":"https:\/\/www.polysoude.com\/fr\/wp-json\/wp\/v2\/comments?post=356"}],"version-history":[{"count":34,"href":"https:\/\/www.polysoude.com\/fr\/wp-json\/wp\/v2\/pages\/356\/revisions"}],"predecessor-version":[{"id":48455,"href":"https:\/\/www.polysoude.com\/fr\/wp-json\/wp\/v2\/pages\/356\/revisions\/48455"}],"up":[{"embeddable":true,"href":"https:\/\/www.polysoude.com\/fr\/wp-json\/wp\/v2\/pages\/350"}],"wp:featuredmedia":[{"embeddable":true,"href":"https:\/\/www.polysoude.com\/fr\/wp-json\/wp\/v2\/media\/2156"}],"wp:attachment":[{"href":"https:\/\/www.polysoude.com\/fr\/wp-json\/wp\/v2\/media?parent=356"}],"curies":[{"name":"wp","href":"https:\/\/api.w.org\/{rel}","templated":true}]}}