{"id":358,"date":"2016-10-06T10:04:42","date_gmt":"2016-10-06T08:04:42","guid":{"rendered":"http:\/\/www.polysoude.com\/?page_id=358&#038;lang=fr"},"modified":"2024-07-29T14:48:29","modified_gmt":"2024-07-29T12:48:29","slug":"piece-detache-materiel-soudure","status":"publish","type":"page","link":"https:\/\/www.polysoude.com\/fr\/services-location-pieces-de-rechange\/piece-detache-materiel-soudure\/","title":{"rendered":"Pi\u00e8ces et consommables"},"content":{"rendered":"\n\n\t<h4>Disponibilit\u00e9 maximale :<\/h4>\n<ul>\n<li>Plus de 200\u00a0000 pi\u00e8ces en stock<\/li>\n<li>9000 r\u00e9f\u00e9rences de pi\u00e8ces g\u00e9r\u00e9es en magasin dont 30\u00a0% disponibles sous 24h<\/li>\n<li>Possibilit\u00e9 d&rsquo;exp\u00e9dition en express<\/li>\n<li>Disponibilit\u00e9 locale des pi\u00e8ces d\u00e9tach\u00e9es, gr\u00e2ce au stock d\u00e9tenu par nos filiales<\/li>\n<li>Possibilit\u00e9 de stocks en consignation chez le client, ce qui permet d&rsquo;optimiser co\u00fbts et r\u00e9activit\u00e9.<\/li>\n<\/ul>\n\n\n<h4>Qualit\u00e9 maximale<\/h4>\n<ul>\n<li>Pi\u00e8ces de rechange identiques \u00e0 celles utilis\u00e9es sur les \u00e9quipements neufs<\/li>\n<li>Qualit\u00e9 sup\u00e9rieure\u00a0: garantie des TCI \u00e0 vie<\/li>\n<\/ul>\n\t\t\t\t<img loading=\"lazy\" decoding=\"async\" src=\"https:\/\/www.polysoude.com\/wp-content\/uploads\/2016\/11\/zero-downtime_FR.jpg\" alt=\"Disponibilit\u00e9 100% FR\" height=\"200\" width=\"200\" title=\"zero-downtime_fr\" \/>\n\t\t\t\t<img loading=\"lazy\" decoding=\"async\" src=\"https:\/\/www.polysoude.com\/wp-content\/uploads\/2016\/10\/polysoude_spare-consumables.jpg\" alt=\"polysoude_spare-consumables\" height=\"359\" width=\"480\" title=\"polysoude_spare-consumables\" \/>\n\n","protected":false},"excerpt":{"rendered":"<p>Disponibilit\u00e9 maximale : Plus de 200\u00a0000 pi\u00e8ces en stock 9000 r\u00e9f\u00e9rences de pi\u00e8ces g\u00e9r\u00e9es en magasin dont 30\u00a0% disponibles sous 24h Possibilit\u00e9 d&rsquo;exp\u00e9dition en express Disponibilit\u00e9 locale des pi\u00e8ces d\u00e9tach\u00e9es, gr\u00e2ce au stock d\u00e9tenu par nos filiales Possibilit\u00e9 de stocks en consignation chez le client, ce qui permet d&rsquo;optimiser co\u00fbts et r\u00e9activit\u00e9. Qualit\u00e9 maximale Pi\u00e8ces [&hellip;]<\/p>\n","protected":false},"author":1,"featured_media":955,"parent":350,"menu_order":0,"comment_status":"closed","ping_status":"closed","template":"page-contenu.php","meta":{"_acf_changed":false,"footnotes":""},"class_list":["post-358","page","type-page","status-publish","has-post-thumbnail","hentry"],"acf":[],"yoast_head":"<!-- This site is optimized with the Yoast SEO plugin v27.3 - https:\/\/yoast.com\/product\/yoast-seo-wordpress\/ -->\n<title>Pi\u00e8ces et consommables | Polysoude<\/title>\n<meta name=\"description\" content=\"Disponibilit\u00e9 maximale : Plus de 200\u00a0000 pi\u00e8ces en stock 9000 r\u00e9f\u00e9rences de pi\u00e8ces g\u00e9r\u00e9es en magasin dont 30\u00a0% disponibles sous 24h Possibilit\u00e9\" \/>\n<meta name=\"robots\" content=\"index, follow, max-snippet:-1, max-image-preview:large, max-video-preview:-1\" \/>\n<link rel=\"canonical\" href=\"https:\/\/www.polysoude.com\/fr\/services-location-pieces-de-rechange\/piece-detache-materiel-soudure\/\" \/>\n<meta property=\"og:locale\" content=\"fr_FR\" \/>\n<meta property=\"og:type\" content=\"article\" \/>\n<meta property=\"og:title\" content=\"Pi\u00e8ces et consommables | Polysoude\" \/>\n<meta property=\"og:description\" content=\"Disponibilit\u00e9 maximale : Plus de 200\u00a0000 pi\u00e8ces en stock 9000 r\u00e9f\u00e9rences de pi\u00e8ces g\u00e9r\u00e9es en magasin dont 30\u00a0% disponibles sous 24h Possibilit\u00e9\" \/>\n<meta property=\"og:url\" content=\"https:\/\/www.polysoude.com\/fr\/services-location-pieces-de-rechange\/piece-detache-materiel-soudure\/\" \/>\n<meta property=\"og:site_name\" content=\"Polysoude\" \/>\n<meta property=\"article:publisher\" content=\"https:\/\/www.facebook.com\/Polysoude\/\" \/>\n<meta property=\"article:modified_time\" content=\"2024-07-29T12:48:29+00:00\" \/>\n<meta property=\"og:image\" content=\"https:\/\/www.polysoude.com\/wp-content\/uploads\/2022\/07\/Polysoude_Logo_signature_fond-transparent_600dpi_300mm_RVB-e1658123578778.png\" \/>\n\t<meta property=\"og:image:width\" content=\"465\" \/>\n\t<meta property=\"og:image:height\" content=\"86\" \/>\n\t<meta property=\"og:image:type\" content=\"image\/png\" \/>\n<meta name=\"twitter:card\" content=\"summary_large_image\" \/>\n<script type=\"application\/ld+json\" class=\"yoast-schema-graph\">{\"@context\":\"https:\\\/\\\/schema.org\",\"@graph\":[{\"@type\":\"WebPage\",\"@id\":\"https:\\\/\\\/www.polysoude.com\\\/fr\\\/services-location-pieces-de-rechange\\\/piece-detache-materiel-soudure\\\/\",\"url\":\"https:\\\/\\\/www.polysoude.com\\\/fr\\\/services-location-pieces-de-rechange\\\/piece-detache-materiel-soudure\\\/\",\"name\":\"Pi\u00e8ces et consommables | Polysoude\",\"isPartOf\":{\"@id\":\"https:\\\/\\\/www.polysoude.com\\\/fr\\\/#website\"},\"primaryImageOfPage\":{\"@id\":\"https:\\\/\\\/www.polysoude.com\\\/fr\\\/services-location-pieces-de-rechange\\\/piece-detache-materiel-soudure\\\/#primaryimage\"},\"image\":{\"@id\":\"https:\\\/\\\/www.polysoude.com\\\/fr\\\/services-location-pieces-de-rechange\\\/piece-detache-materiel-soudure\\\/#primaryimage\"},\"thumbnailUrl\":\"https:\\\/\\\/www.polysoude.com\\\/wp-content\\\/uploads\\\/2016\\\/10\\\/polysoude_spare-consumables.jpg\",\"datePublished\":\"2016-10-06T08:04:42+00:00\",\"dateModified\":\"2024-07-29T12:48:29+00:00\",\"description\":\"Disponibilit\u00e9 maximale : Plus de 200\u00a0000 pi\u00e8ces en stock 9000 r\u00e9f\u00e9rences de pi\u00e8ces g\u00e9r\u00e9es en magasin dont 30\u00a0% disponibles sous 24h Possibilit\u00e9\",\"breadcrumb\":{\"@id\":\"https:\\\/\\\/www.polysoude.com\\\/fr\\\/services-location-pieces-de-rechange\\\/piece-detache-materiel-soudure\\\/#breadcrumb\"},\"inLanguage\":\"fr-FR\",\"potentialAction\":[{\"@type\":\"ReadAction\",\"target\":[\"https:\\\/\\\/www.polysoude.com\\\/fr\\\/services-location-pieces-de-rechange\\\/piece-detache-materiel-soudure\\\/\"]}]},{\"@type\":\"ImageObject\",\"inLanguage\":\"fr-FR\",\"@id\":\"https:\\\/\\\/www.polysoude.com\\\/fr\\\/services-location-pieces-de-rechange\\\/piece-detache-materiel-soudure\\\/#primaryimage\",\"url\":\"https:\\\/\\\/www.polysoude.com\\\/wp-content\\\/uploads\\\/2016\\\/10\\\/polysoude_spare-consumables.jpg\",\"contentUrl\":\"https:\\\/\\\/www.polysoude.com\\\/wp-content\\\/uploads\\\/2016\\\/10\\\/polysoude_spare-consumables.jpg\",\"width\":480,\"height\":359},{\"@type\":\"BreadcrumbList\",\"@id\":\"https:\\\/\\\/www.polysoude.com\\\/fr\\\/services-location-pieces-de-rechange\\\/piece-detache-materiel-soudure\\\/#breadcrumb\",\"itemListElement\":[{\"@type\":\"ListItem\",\"position\":1,\"name\":\"Home\",\"item\":\"https:\\\/\\\/www.polysoude.com\\\/fr\\\/accueil\\\/\"},{\"@type\":\"ListItem\",\"position\":2,\"name\":\"Services\u00a0\\\/\u00a0location\u00a0\\\/ pi\u00e8ces de rechange\",\"item\":\"https:\\\/\\\/www.polysoude.com\\\/fr\\\/services-location-pieces-de-rechange\\\/\"},{\"@type\":\"ListItem\",\"position\":3,\"name\":\"Pi\u00e8ces et consommables\"}]},{\"@type\":\"WebSite\",\"@id\":\"https:\\\/\\\/www.polysoude.com\\\/fr\\\/#website\",\"url\":\"https:\\\/\\\/www.polysoude.com\\\/fr\\\/\",\"name\":\"Polysoude\",\"description\":\"The art of welding\",\"publisher\":{\"@id\":\"https:\\\/\\\/www.polysoude.com\\\/fr\\\/#organization\"},\"alternateName\":\"Polysoude\",\"potentialAction\":[{\"@type\":\"SearchAction\",\"target\":{\"@type\":\"EntryPoint\",\"urlTemplate\":\"https:\\\/\\\/www.polysoude.com\\\/fr\\\/?s={search_term_string}\"},\"query-input\":{\"@type\":\"PropertyValueSpecification\",\"valueRequired\":true,\"valueName\":\"search_term_string\"}}],\"inLanguage\":\"fr-FR\"},{\"@type\":\"Organization\",\"@id\":\"https:\\\/\\\/www.polysoude.com\\\/fr\\\/#organization\",\"name\":\"Polysoude\",\"alternateName\":\"Polysoude\",\"url\":\"https:\\\/\\\/www.polysoude.com\\\/fr\\\/\",\"logo\":{\"@type\":\"ImageObject\",\"inLanguage\":\"fr-FR\",\"@id\":\"https:\\\/\\\/www.polysoude.com\\\/fr\\\/#\\\/schema\\\/logo\\\/image\\\/\",\"url\":\"https:\\\/\\\/www.polysoude.com\\\/wp-content\\\/uploads\\\/2022\\\/07\\\/Polysoude_Logo_signature_fond-transparent_600dpi_300mm_RVB-e1658123578778.png\",\"contentUrl\":\"https:\\\/\\\/www.polysoude.com\\\/wp-content\\\/uploads\\\/2022\\\/07\\\/Polysoude_Logo_signature_fond-transparent_600dpi_300mm_RVB-e1658123578778.png\",\"width\":465,\"height\":86,\"caption\":\"Polysoude\"},\"image\":{\"@id\":\"https:\\\/\\\/www.polysoude.com\\\/fr\\\/#\\\/schema\\\/logo\\\/image\\\/\"},\"sameAs\":[\"https:\\\/\\\/www.facebook.com\\\/Polysoude\\\/\",\"https:\\\/\\\/www.linkedin.com\\\/company\\\/polysoude\\\/\",\"https:\\\/\\\/www.instagram.com\\\/polysoudeglobal\\\/\"]}]}<\/script>\n<!-- \/ Yoast SEO plugin. -->","yoast_head_json":{"title":"Pi\u00e8ces et consommables | Polysoude","description":"Disponibilit\u00e9 maximale : Plus de 200\u00a0000 pi\u00e8ces en stock 9000 r\u00e9f\u00e9rences de pi\u00e8ces g\u00e9r\u00e9es en magasin dont 30\u00a0% disponibles sous 24h Possibilit\u00e9","robots":{"index":"index","follow":"follow","max-snippet":"max-snippet:-1","max-image-preview":"max-image-preview:large","max-video-preview":"max-video-preview:-1"},"canonical":"https:\/\/www.polysoude.com\/fr\/services-location-pieces-de-rechange\/piece-detache-materiel-soudure\/","og_locale":"fr_FR","og_type":"article","og_title":"Pi\u00e8ces et consommables | Polysoude","og_description":"Disponibilit\u00e9 maximale : Plus de 200\u00a0000 pi\u00e8ces en stock 9000 r\u00e9f\u00e9rences de pi\u00e8ces g\u00e9r\u00e9es en magasin dont 30\u00a0% disponibles sous 24h Possibilit\u00e9","og_url":"https:\/\/www.polysoude.com\/fr\/services-location-pieces-de-rechange\/piece-detache-materiel-soudure\/","og_site_name":"Polysoude","article_publisher":"https:\/\/www.facebook.com\/Polysoude\/","article_modified_time":"2024-07-29T12:48:29+00:00","og_image":[{"width":465,"height":86,"url":"https:\/\/www.polysoude.com\/wp-content\/uploads\/2022\/07\/Polysoude_Logo_signature_fond-transparent_600dpi_300mm_RVB-e1658123578778.png","type":"image\/png"}],"twitter_card":"summary_large_image","schema":{"@context":"https:\/\/schema.org","@graph":[{"@type":"WebPage","@id":"https:\/\/www.polysoude.com\/fr\/services-location-pieces-de-rechange\/piece-detache-materiel-soudure\/","url":"https:\/\/www.polysoude.com\/fr\/services-location-pieces-de-rechange\/piece-detache-materiel-soudure\/","name":"Pi\u00e8ces et consommables | Polysoude","isPartOf":{"@id":"https:\/\/www.polysoude.com\/fr\/#website"},"primaryImageOfPage":{"@id":"https:\/\/www.polysoude.com\/fr\/services-location-pieces-de-rechange\/piece-detache-materiel-soudure\/#primaryimage"},"image":{"@id":"https:\/\/www.polysoude.com\/fr\/services-location-pieces-de-rechange\/piece-detache-materiel-soudure\/#primaryimage"},"thumbnailUrl":"https:\/\/www.polysoude.com\/wp-content\/uploads\/2016\/10\/polysoude_spare-consumables.jpg","datePublished":"2016-10-06T08:04:42+00:00","dateModified":"2024-07-29T12:48:29+00:00","description":"Disponibilit\u00e9 maximale : Plus de 200\u00a0000 pi\u00e8ces en stock 9000 r\u00e9f\u00e9rences de pi\u00e8ces g\u00e9r\u00e9es en magasin dont 30\u00a0% disponibles sous 24h Possibilit\u00e9","breadcrumb":{"@id":"https:\/\/www.polysoude.com\/fr\/services-location-pieces-de-rechange\/piece-detache-materiel-soudure\/#breadcrumb"},"inLanguage":"fr-FR","potentialAction":[{"@type":"ReadAction","target":["https:\/\/www.polysoude.com\/fr\/services-location-pieces-de-rechange\/piece-detache-materiel-soudure\/"]}]},{"@type":"ImageObject","inLanguage":"fr-FR","@id":"https:\/\/www.polysoude.com\/fr\/services-location-pieces-de-rechange\/piece-detache-materiel-soudure\/#primaryimage","url":"https:\/\/www.polysoude.com\/wp-content\/uploads\/2016\/10\/polysoude_spare-consumables.jpg","contentUrl":"https:\/\/www.polysoude.com\/wp-content\/uploads\/2016\/10\/polysoude_spare-consumables.jpg","width":480,"height":359},{"@type":"BreadcrumbList","@id":"https:\/\/www.polysoude.com\/fr\/services-location-pieces-de-rechange\/piece-detache-materiel-soudure\/#breadcrumb","itemListElement":[{"@type":"ListItem","position":1,"name":"Home","item":"https:\/\/www.polysoude.com\/fr\/accueil\/"},{"@type":"ListItem","position":2,"name":"Services\u00a0\/\u00a0location\u00a0\/ pi\u00e8ces de rechange","item":"https:\/\/www.polysoude.com\/fr\/services-location-pieces-de-rechange\/"},{"@type":"ListItem","position":3,"name":"Pi\u00e8ces et consommables"}]},{"@type":"WebSite","@id":"https:\/\/www.polysoude.com\/fr\/#website","url":"https:\/\/www.polysoude.com\/fr\/","name":"Polysoude","description":"The art of welding","publisher":{"@id":"https:\/\/www.polysoude.com\/fr\/#organization"},"alternateName":"Polysoude","potentialAction":[{"@type":"SearchAction","target":{"@type":"EntryPoint","urlTemplate":"https:\/\/www.polysoude.com\/fr\/?s={search_term_string}"},"query-input":{"@type":"PropertyValueSpecification","valueRequired":true,"valueName":"search_term_string"}}],"inLanguage":"fr-FR"},{"@type":"Organization","@id":"https:\/\/www.polysoude.com\/fr\/#organization","name":"Polysoude","alternateName":"Polysoude","url":"https:\/\/www.polysoude.com\/fr\/","logo":{"@type":"ImageObject","inLanguage":"fr-FR","@id":"https:\/\/www.polysoude.com\/fr\/#\/schema\/logo\/image\/","url":"https:\/\/www.polysoude.com\/wp-content\/uploads\/2022\/07\/Polysoude_Logo_signature_fond-transparent_600dpi_300mm_RVB-e1658123578778.png","contentUrl":"https:\/\/www.polysoude.com\/wp-content\/uploads\/2022\/07\/Polysoude_Logo_signature_fond-transparent_600dpi_300mm_RVB-e1658123578778.png","width":465,"height":86,"caption":"Polysoude"},"image":{"@id":"https:\/\/www.polysoude.com\/fr\/#\/schema\/logo\/image\/"},"sameAs":["https:\/\/www.facebook.com\/Polysoude\/","https:\/\/www.linkedin.com\/company\/polysoude\/","https:\/\/www.instagram.com\/polysoudeglobal\/"]}]}},"_links":{"self":[{"href":"https:\/\/www.polysoude.com\/fr\/wp-json\/wp\/v2\/pages\/358","targetHints":{"allow":["GET"]}}],"collection":[{"href":"https:\/\/www.polysoude.com\/fr\/wp-json\/wp\/v2\/pages"}],"about":[{"href":"https:\/\/www.polysoude.com\/fr\/wp-json\/wp\/v2\/types\/page"}],"author":[{"embeddable":true,"href":"https:\/\/www.polysoude.com\/fr\/wp-json\/wp\/v2\/users\/1"}],"replies":[{"embeddable":true,"href":"https:\/\/www.polysoude.com\/fr\/wp-json\/wp\/v2\/comments?post=358"}],"version-history":[{"count":9,"href":"https:\/\/www.polysoude.com\/fr\/wp-json\/wp\/v2\/pages\/358\/revisions"}],"predecessor-version":[{"id":48453,"href":"https:\/\/www.polysoude.com\/fr\/wp-json\/wp\/v2\/pages\/358\/revisions\/48453"}],"up":[{"embeddable":true,"href":"https:\/\/www.polysoude.com\/fr\/wp-json\/wp\/v2\/pages\/350"}],"wp:featuredmedia":[{"embeddable":true,"href":"https:\/\/www.polysoude.com\/fr\/wp-json\/wp\/v2\/media\/955"}],"wp:attachment":[{"href":"https:\/\/www.polysoude.com\/fr\/wp-json\/wp\/v2\/media?parent=358"}],"curies":[{"name":"wp","href":"https:\/\/api.w.org\/{rel}","templated":true}]}}