{"id":359,"date":"2016-10-06T10:04:52","date_gmt":"2016-10-06T08:04:52","guid":{"rendered":"http:\/\/www.polysoude.com\/?page_id=359&#038;lang=fr"},"modified":"2024-07-29T14:52:52","modified_gmt":"2024-07-29T12:52:52","slug":"location-materiel-soudage","status":"publish","type":"page","link":"https:\/\/www.polysoude.com\/fr\/services-location-pieces-de-rechange\/location-materiel-soudage\/","title":{"rendered":"Service de location"},"content":{"rendered":"\n\n\t<h4>Location des \u00e9quipements directement chez le fabricant<\/h4>\n<p>Nos \u00e9quipements de soudage et de rechargement peuvent \u00eatre lou\u00e9s pour une <strong>flexibilit\u00e9 maximale<\/strong> :<\/p>\n<ul>\n<li>Louer au lieu d&rsquo;investir<\/li>\n<li>Louer pour \u00eatre flexible<\/li>\n<li>Louer pour tester avant d&rsquo;acheter<\/li>\n<li>Louer pour absorber les pics de production<\/li>\n<\/ul>\n<p>Nous proposons des contrats de location <strong>adapt\u00e9s \u00e0 vos besoins<\/strong> et des conditions particuli\u00e8res pour les locations de longue dur\u00e9e.<\/p>\n<p><strong>Produits disponibles :<\/strong><\/p>\n<ul>\n<li>T\u00eates de soudage ouvertes ou ferm\u00e9es<\/li>\n<li>G\u00e9n\u00e9rateurs de toutes gammes<\/li>\n<li>Autres \u00e9quipements sur demande<\/li>\n<\/ul>\n\t\t\t\t<img loading=\"lazy\" decoding=\"async\" src=\"https:\/\/www.polysoude.com\/wp-content\/uploads\/2016\/10\/services-rental-1-300x270.jpg\" alt=\"services-rental\" height=\"270\" width=\"300\" title=\"services-rental\" \/>\n\n","protected":false},"excerpt":{"rendered":"<p>Location des \u00e9quipements directement chez le fabricant Nos \u00e9quipements de soudage et de rechargement peuvent \u00eatre lou\u00e9s pour une flexibilit\u00e9 maximale : Louer au lieu d&rsquo;investir Louer pour \u00eatre flexible Louer pour tester avant d&rsquo;acheter Louer pour absorber les pics de production Nous proposons des contrats de location adapt\u00e9s \u00e0 vos besoins et des conditions [&hellip;]<\/p>\n","protected":false},"author":1,"featured_media":2204,"parent":350,"menu_order":0,"comment_status":"closed","ping_status":"closed","template":"page-contenu.php","meta":{"_acf_changed":false,"footnotes":""},"class_list":["post-359","page","type-page","status-publish","has-post-thumbnail","hentry"],"acf":[],"yoast_head":"<!-- This site is optimized with the Yoast SEO plugin v27.3 - https:\/\/yoast.com\/product\/yoast-seo-wordpress\/ -->\n<title>Service de location | Polysoude<\/title>\n<meta name=\"description\" content=\"Location des \u00e9quipements directement chez le fabricant Nos \u00e9quipements de soudage et de rechargement peuvent \u00eatre lou\u00e9s pour une flexibilit\u00e9 maximale :\" \/>\n<meta name=\"robots\" content=\"index, follow, max-snippet:-1, max-image-preview:large, max-video-preview:-1\" \/>\n<link rel=\"canonical\" href=\"https:\/\/www.polysoude.com\/fr\/services-location-pieces-de-rechange\/location-materiel-soudage\/\" \/>\n<meta property=\"og:locale\" content=\"fr_FR\" \/>\n<meta property=\"og:type\" content=\"article\" \/>\n<meta property=\"og:title\" content=\"Service de location | Polysoude\" \/>\n<meta property=\"og:description\" content=\"Location des \u00e9quipements directement chez le fabricant Nos \u00e9quipements de soudage et de rechargement peuvent \u00eatre lou\u00e9s pour une flexibilit\u00e9 maximale :\" \/>\n<meta property=\"og:url\" content=\"https:\/\/www.polysoude.com\/fr\/services-location-pieces-de-rechange\/location-materiel-soudage\/\" \/>\n<meta property=\"og:site_name\" content=\"Polysoude\" \/>\n<meta property=\"article:publisher\" content=\"https:\/\/www.facebook.com\/Polysoude\/\" \/>\n<meta property=\"article:modified_time\" content=\"2024-07-29T12:52:52+00:00\" \/>\n<meta property=\"og:image\" content=\"https:\/\/www.polysoude.com\/wp-content\/uploads\/2022\/07\/Polysoude_Logo_signature_fond-transparent_600dpi_300mm_RVB-e1658123578778.png\" \/>\n\t<meta property=\"og:image:width\" content=\"465\" \/>\n\t<meta property=\"og:image:height\" content=\"86\" \/>\n\t<meta property=\"og:image:type\" content=\"image\/png\" \/>\n<meta name=\"twitter:card\" content=\"summary_large_image\" \/>\n<script type=\"application\/ld+json\" class=\"yoast-schema-graph\">{\"@context\":\"https:\\\/\\\/schema.org\",\"@graph\":[{\"@type\":\"WebPage\",\"@id\":\"https:\\\/\\\/www.polysoude.com\\\/fr\\\/services-location-pieces-de-rechange\\\/location-materiel-soudage\\\/\",\"url\":\"https:\\\/\\\/www.polysoude.com\\\/fr\\\/services-location-pieces-de-rechange\\\/location-materiel-soudage\\\/\",\"name\":\"Service de location | Polysoude\",\"isPartOf\":{\"@id\":\"https:\\\/\\\/www.polysoude.com\\\/fr\\\/#website\"},\"primaryImageOfPage\":{\"@id\":\"https:\\\/\\\/www.polysoude.com\\\/fr\\\/services-location-pieces-de-rechange\\\/location-materiel-soudage\\\/#primaryimage\"},\"image\":{\"@id\":\"https:\\\/\\\/www.polysoude.com\\\/fr\\\/services-location-pieces-de-rechange\\\/location-materiel-soudage\\\/#primaryimage\"},\"thumbnailUrl\":\"https:\\\/\\\/www.polysoude.com\\\/wp-content\\\/uploads\\\/2016\\\/10\\\/services-rental-1.jpg\",\"datePublished\":\"2016-10-06T08:04:52+00:00\",\"dateModified\":\"2024-07-29T12:52:52+00:00\",\"description\":\"Location des \u00e9quipements directement chez le fabricant Nos \u00e9quipements de soudage et de rechargement peuvent \u00eatre lou\u00e9s pour une flexibilit\u00e9 maximale :\",\"breadcrumb\":{\"@id\":\"https:\\\/\\\/www.polysoude.com\\\/fr\\\/services-location-pieces-de-rechange\\\/location-materiel-soudage\\\/#breadcrumb\"},\"inLanguage\":\"fr-FR\",\"potentialAction\":[{\"@type\":\"ReadAction\",\"target\":[\"https:\\\/\\\/www.polysoude.com\\\/fr\\\/services-location-pieces-de-rechange\\\/location-materiel-soudage\\\/\"]}]},{\"@type\":\"ImageObject\",\"inLanguage\":\"fr-FR\",\"@id\":\"https:\\\/\\\/www.polysoude.com\\\/fr\\\/services-location-pieces-de-rechange\\\/location-materiel-soudage\\\/#primaryimage\",\"url\":\"https:\\\/\\\/www.polysoude.com\\\/wp-content\\\/uploads\\\/2016\\\/10\\\/services-rental-1.jpg\",\"contentUrl\":\"https:\\\/\\\/www.polysoude.com\\\/wp-content\\\/uploads\\\/2016\\\/10\\\/services-rental-1.jpg\",\"width\":500,\"height\":450},{\"@type\":\"BreadcrumbList\",\"@id\":\"https:\\\/\\\/www.polysoude.com\\\/fr\\\/services-location-pieces-de-rechange\\\/location-materiel-soudage\\\/#breadcrumb\",\"itemListElement\":[{\"@type\":\"ListItem\",\"position\":1,\"name\":\"Home\",\"item\":\"https:\\\/\\\/www.polysoude.com\\\/fr\\\/accueil\\\/\"},{\"@type\":\"ListItem\",\"position\":2,\"name\":\"Services\u00a0\\\/\u00a0location\u00a0\\\/ pi\u00e8ces de rechange\",\"item\":\"https:\\\/\\\/www.polysoude.com\\\/fr\\\/services-location-pieces-de-rechange\\\/\"},{\"@type\":\"ListItem\",\"position\":3,\"name\":\"Service de location\"}]},{\"@type\":\"WebSite\",\"@id\":\"https:\\\/\\\/www.polysoude.com\\\/fr\\\/#website\",\"url\":\"https:\\\/\\\/www.polysoude.com\\\/fr\\\/\",\"name\":\"Polysoude\",\"description\":\"The art of welding\",\"publisher\":{\"@id\":\"https:\\\/\\\/www.polysoude.com\\\/fr\\\/#organization\"},\"alternateName\":\"Polysoude\",\"potentialAction\":[{\"@type\":\"SearchAction\",\"target\":{\"@type\":\"EntryPoint\",\"urlTemplate\":\"https:\\\/\\\/www.polysoude.com\\\/fr\\\/?s={search_term_string}\"},\"query-input\":{\"@type\":\"PropertyValueSpecification\",\"valueRequired\":true,\"valueName\":\"search_term_string\"}}],\"inLanguage\":\"fr-FR\"},{\"@type\":\"Organization\",\"@id\":\"https:\\\/\\\/www.polysoude.com\\\/fr\\\/#organization\",\"name\":\"Polysoude\",\"alternateName\":\"Polysoude\",\"url\":\"https:\\\/\\\/www.polysoude.com\\\/fr\\\/\",\"logo\":{\"@type\":\"ImageObject\",\"inLanguage\":\"fr-FR\",\"@id\":\"https:\\\/\\\/www.polysoude.com\\\/fr\\\/#\\\/schema\\\/logo\\\/image\\\/\",\"url\":\"https:\\\/\\\/www.polysoude.com\\\/wp-content\\\/uploads\\\/2022\\\/07\\\/Polysoude_Logo_signature_fond-transparent_600dpi_300mm_RVB-e1658123578778.png\",\"contentUrl\":\"https:\\\/\\\/www.polysoude.com\\\/wp-content\\\/uploads\\\/2022\\\/07\\\/Polysoude_Logo_signature_fond-transparent_600dpi_300mm_RVB-e1658123578778.png\",\"width\":465,\"height\":86,\"caption\":\"Polysoude\"},\"image\":{\"@id\":\"https:\\\/\\\/www.polysoude.com\\\/fr\\\/#\\\/schema\\\/logo\\\/image\\\/\"},\"sameAs\":[\"https:\\\/\\\/www.facebook.com\\\/Polysoude\\\/\",\"https:\\\/\\\/www.linkedin.com\\\/company\\\/polysoude\\\/\",\"https:\\\/\\\/www.instagram.com\\\/polysoudeglobal\\\/\"]}]}<\/script>\n<!-- \/ Yoast SEO plugin. -->","yoast_head_json":{"title":"Service de location | Polysoude","description":"Location des \u00e9quipements directement chez le fabricant Nos \u00e9quipements de soudage et de rechargement peuvent \u00eatre lou\u00e9s pour une flexibilit\u00e9 maximale :","robots":{"index":"index","follow":"follow","max-snippet":"max-snippet:-1","max-image-preview":"max-image-preview:large","max-video-preview":"max-video-preview:-1"},"canonical":"https:\/\/www.polysoude.com\/fr\/services-location-pieces-de-rechange\/location-materiel-soudage\/","og_locale":"fr_FR","og_type":"article","og_title":"Service de location | Polysoude","og_description":"Location des \u00e9quipements directement chez le fabricant Nos \u00e9quipements de soudage et de rechargement peuvent \u00eatre lou\u00e9s pour une flexibilit\u00e9 maximale :","og_url":"https:\/\/www.polysoude.com\/fr\/services-location-pieces-de-rechange\/location-materiel-soudage\/","og_site_name":"Polysoude","article_publisher":"https:\/\/www.facebook.com\/Polysoude\/","article_modified_time":"2024-07-29T12:52:52+00:00","og_image":[{"width":465,"height":86,"url":"https:\/\/www.polysoude.com\/wp-content\/uploads\/2022\/07\/Polysoude_Logo_signature_fond-transparent_600dpi_300mm_RVB-e1658123578778.png","type":"image\/png"}],"twitter_card":"summary_large_image","schema":{"@context":"https:\/\/schema.org","@graph":[{"@type":"WebPage","@id":"https:\/\/www.polysoude.com\/fr\/services-location-pieces-de-rechange\/location-materiel-soudage\/","url":"https:\/\/www.polysoude.com\/fr\/services-location-pieces-de-rechange\/location-materiel-soudage\/","name":"Service de location | Polysoude","isPartOf":{"@id":"https:\/\/www.polysoude.com\/fr\/#website"},"primaryImageOfPage":{"@id":"https:\/\/www.polysoude.com\/fr\/services-location-pieces-de-rechange\/location-materiel-soudage\/#primaryimage"},"image":{"@id":"https:\/\/www.polysoude.com\/fr\/services-location-pieces-de-rechange\/location-materiel-soudage\/#primaryimage"},"thumbnailUrl":"https:\/\/www.polysoude.com\/wp-content\/uploads\/2016\/10\/services-rental-1.jpg","datePublished":"2016-10-06T08:04:52+00:00","dateModified":"2024-07-29T12:52:52+00:00","description":"Location des \u00e9quipements directement chez le fabricant Nos \u00e9quipements de soudage et de rechargement peuvent \u00eatre lou\u00e9s pour une flexibilit\u00e9 maximale :","breadcrumb":{"@id":"https:\/\/www.polysoude.com\/fr\/services-location-pieces-de-rechange\/location-materiel-soudage\/#breadcrumb"},"inLanguage":"fr-FR","potentialAction":[{"@type":"ReadAction","target":["https:\/\/www.polysoude.com\/fr\/services-location-pieces-de-rechange\/location-materiel-soudage\/"]}]},{"@type":"ImageObject","inLanguage":"fr-FR","@id":"https:\/\/www.polysoude.com\/fr\/services-location-pieces-de-rechange\/location-materiel-soudage\/#primaryimage","url":"https:\/\/www.polysoude.com\/wp-content\/uploads\/2016\/10\/services-rental-1.jpg","contentUrl":"https:\/\/www.polysoude.com\/wp-content\/uploads\/2016\/10\/services-rental-1.jpg","width":500,"height":450},{"@type":"BreadcrumbList","@id":"https:\/\/www.polysoude.com\/fr\/services-location-pieces-de-rechange\/location-materiel-soudage\/#breadcrumb","itemListElement":[{"@type":"ListItem","position":1,"name":"Home","item":"https:\/\/www.polysoude.com\/fr\/accueil\/"},{"@type":"ListItem","position":2,"name":"Services\u00a0\/\u00a0location\u00a0\/ pi\u00e8ces de rechange","item":"https:\/\/www.polysoude.com\/fr\/services-location-pieces-de-rechange\/"},{"@type":"ListItem","position":3,"name":"Service de location"}]},{"@type":"WebSite","@id":"https:\/\/www.polysoude.com\/fr\/#website","url":"https:\/\/www.polysoude.com\/fr\/","name":"Polysoude","description":"The art of welding","publisher":{"@id":"https:\/\/www.polysoude.com\/fr\/#organization"},"alternateName":"Polysoude","potentialAction":[{"@type":"SearchAction","target":{"@type":"EntryPoint","urlTemplate":"https:\/\/www.polysoude.com\/fr\/?s={search_term_string}"},"query-input":{"@type":"PropertyValueSpecification","valueRequired":true,"valueName":"search_term_string"}}],"inLanguage":"fr-FR"},{"@type":"Organization","@id":"https:\/\/www.polysoude.com\/fr\/#organization","name":"Polysoude","alternateName":"Polysoude","url":"https:\/\/www.polysoude.com\/fr\/","logo":{"@type":"ImageObject","inLanguage":"fr-FR","@id":"https:\/\/www.polysoude.com\/fr\/#\/schema\/logo\/image\/","url":"https:\/\/www.polysoude.com\/wp-content\/uploads\/2022\/07\/Polysoude_Logo_signature_fond-transparent_600dpi_300mm_RVB-e1658123578778.png","contentUrl":"https:\/\/www.polysoude.com\/wp-content\/uploads\/2022\/07\/Polysoude_Logo_signature_fond-transparent_600dpi_300mm_RVB-e1658123578778.png","width":465,"height":86,"caption":"Polysoude"},"image":{"@id":"https:\/\/www.polysoude.com\/fr\/#\/schema\/logo\/image\/"},"sameAs":["https:\/\/www.facebook.com\/Polysoude\/","https:\/\/www.linkedin.com\/company\/polysoude\/","https:\/\/www.instagram.com\/polysoudeglobal\/"]}]}},"_links":{"self":[{"href":"https:\/\/www.polysoude.com\/fr\/wp-json\/wp\/v2\/pages\/359","targetHints":{"allow":["GET"]}}],"collection":[{"href":"https:\/\/www.polysoude.com\/fr\/wp-json\/wp\/v2\/pages"}],"about":[{"href":"https:\/\/www.polysoude.com\/fr\/wp-json\/wp\/v2\/types\/page"}],"author":[{"embeddable":true,"href":"https:\/\/www.polysoude.com\/fr\/wp-json\/wp\/v2\/users\/1"}],"replies":[{"embeddable":true,"href":"https:\/\/www.polysoude.com\/fr\/wp-json\/wp\/v2\/comments?post=359"}],"version-history":[{"count":9,"href":"https:\/\/www.polysoude.com\/fr\/wp-json\/wp\/v2\/pages\/359\/revisions"}],"predecessor-version":[{"id":48457,"href":"https:\/\/www.polysoude.com\/fr\/wp-json\/wp\/v2\/pages\/359\/revisions\/48457"}],"up":[{"embeddable":true,"href":"https:\/\/www.polysoude.com\/fr\/wp-json\/wp\/v2\/pages\/350"}],"wp:featuredmedia":[{"embeddable":true,"href":"https:\/\/www.polysoude.com\/fr\/wp-json\/wp\/v2\/media\/2204"}],"wp:attachment":[{"href":"https:\/\/www.polysoude.com\/fr\/wp-json\/wp\/v2\/media?parent=359"}],"curies":[{"name":"wp","href":"https:\/\/api.w.org\/{rel}","templated":true}]}}