{"id":360,"date":"2016-10-06T10:05:03","date_gmt":"2016-10-06T08:05:03","guid":{"rendered":"http:\/\/www.polysoude.com\/?page_id=360&#038;lang=fr"},"modified":"2025-10-20T16:02:19","modified_gmt":"2025-10-20T14:02:19","slug":"retrofit-modernisation","status":"publish","type":"page","link":"https:\/\/www.polysoude.com\/fr\/services-location-pieces-de-rechange\/retrofit-modernisation\/","title":{"rendered":"R\u00e9trofit et modernisation"},"content":{"rendered":"\n\n\t<h4>Une alternative int\u00e9ressante \u00e0 l&rsquo;investissement dans une installation enti\u00e8rement nouvelle<\/h4>\n<p><a title=\"https:\/\/www.polysoude.com\/fr\/\" href=\"https:\/\/www.polysoude.com\/fr\/\" data-auth=\"NotApplicable\" data-linkindex=\"1\">Polysoude<\/a>\u00a0propose des ensembles modulaires pr\u00eats \u00e0 \u00eatre int\u00e9gr\u00e9s, comme par exemple\u00a0: un\u00a0<b>syst\u00e8me d&rsquo;acquisition des donn\u00e9es, des glissi\u00e8res fil motoris\u00e9es ou encore, des cameras HD<\/b>\u00a0vous permettant d&rsquo;\u00e9loigner vos op\u00e9rateurs de l&rsquo;arc de soudage, tout en ayant une vision du bain des plus pr\u00e9cise et en permettant un suivi de vos soudures.<\/p>\n<p>Une analyse de votre \u00e9quipement existant par un de nos experts peut \u00eatre le point de d\u00e9part pour donner\u00a0<b>une deuxi\u00e8me vie encore plus performante \u00e0 votre installation<\/b>.<\/p>\n<p>\u00c9tapes d&rsquo;un programme de r\u00e9trofit :<\/p>\n<ul>\n<li>expertise de votre \u00e9quipement existant par l&rsquo;un de nos experts<\/li>\n<li>\u00e9tude \/ r\u00e9alisation du kit r\u00e9trofit pr\u00eat \u00e0 \u00eatre int\u00e9gr\u00e9<\/li>\n<li>mise en service rapide pour limiter le temps d&rsquo;indisponibilit\u00e9 de l&rsquo;\u00e9quipement<\/li>\n<\/ul>\n\n","protected":false},"excerpt":{"rendered":"<p>Une alternative int\u00e9ressante \u00e0 l&rsquo;investissement dans une installation enti\u00e8rement nouvelle Polysoude\u00a0propose des ensembles modulaires pr\u00eats \u00e0 \u00eatre int\u00e9gr\u00e9s, comme par exemple\u00a0: un\u00a0syst\u00e8me d&rsquo;acquisition des donn\u00e9es, des glissi\u00e8res fil motoris\u00e9es ou encore, des cameras HD\u00a0vous permettant d&rsquo;\u00e9loigner vos op\u00e9rateurs de l&rsquo;arc de soudage, tout en ayant une vision du bain des plus pr\u00e9cise et en permettant [&hellip;]<\/p>\n","protected":false},"author":1,"featured_media":3927,"parent":350,"menu_order":0,"comment_status":"closed","ping_status":"closed","template":"page-contenu.php","meta":{"_acf_changed":false,"footnotes":""},"class_list":["post-360","page","type-page","status-publish","has-post-thumbnail","hentry"],"acf":[],"yoast_head":"<!-- This site is optimized with the Yoast SEO plugin v27.3 - https:\/\/yoast.com\/product\/yoast-seo-wordpress\/ -->\n<title>R\u00e9trofit et modernisation | Polysoude<\/title>\n<meta name=\"description\" content=\"Une alternative int\u00e9ressante \u00e0 l&#039;investissement dans une installation enti\u00e8rement nouvelle Polysoude\u00a0propose des ensembles modulaires pr\u00eats \u00e0 \u00eatre\" \/>\n<meta name=\"robots\" content=\"index, follow, max-snippet:-1, max-image-preview:large, max-video-preview:-1\" \/>\n<link rel=\"canonical\" href=\"https:\/\/www.polysoude.com\/fr\/services-location-pieces-de-rechange\/retrofit-modernisation\/\" \/>\n<meta property=\"og:locale\" content=\"fr_FR\" \/>\n<meta property=\"og:type\" content=\"article\" \/>\n<meta property=\"og:title\" content=\"R\u00e9trofit et modernisation | Polysoude\" \/>\n<meta property=\"og:description\" content=\"Une alternative int\u00e9ressante \u00e0 l&#039;investissement dans une installation enti\u00e8rement nouvelle Polysoude\u00a0propose des ensembles modulaires pr\u00eats \u00e0 \u00eatre\" \/>\n<meta property=\"og:url\" content=\"https:\/\/www.polysoude.com\/fr\/services-location-pieces-de-rechange\/retrofit-modernisation\/\" \/>\n<meta property=\"og:site_name\" content=\"Polysoude\" \/>\n<meta property=\"article:publisher\" content=\"https:\/\/www.facebook.com\/Polysoude\/\" \/>\n<meta property=\"article:modified_time\" content=\"2025-10-20T14:02:19+00:00\" \/>\n<meta property=\"og:image\" content=\"https:\/\/www.polysoude.com\/wp-content\/uploads\/2022\/07\/Polysoude_Logo_signature_fond-transparent_600dpi_300mm_RVB-e1658123578778.png\" \/>\n\t<meta property=\"og:image:width\" content=\"465\" \/>\n\t<meta property=\"og:image:height\" content=\"86\" \/>\n\t<meta property=\"og:image:type\" content=\"image\/png\" \/>\n<meta name=\"twitter:card\" content=\"summary_large_image\" \/>\n<meta name=\"twitter:label1\" content=\"Dur\u00e9e de lecture estim\u00e9e\" \/>\n\t<meta name=\"twitter:data1\" content=\"1 minute\" \/>\n<script type=\"application\/ld+json\" class=\"yoast-schema-graph\">{\"@context\":\"https:\\\/\\\/schema.org\",\"@graph\":[{\"@type\":\"WebPage\",\"@id\":\"https:\\\/\\\/www.polysoude.com\\\/fr\\\/services-location-pieces-de-rechange\\\/retrofit-modernisation\\\/\",\"url\":\"https:\\\/\\\/www.polysoude.com\\\/fr\\\/services-location-pieces-de-rechange\\\/retrofit-modernisation\\\/\",\"name\":\"R\u00e9trofit et modernisation | Polysoude\",\"isPartOf\":{\"@id\":\"https:\\\/\\\/www.polysoude.com\\\/fr\\\/#website\"},\"primaryImageOfPage\":{\"@id\":\"https:\\\/\\\/www.polysoude.com\\\/fr\\\/services-location-pieces-de-rechange\\\/retrofit-modernisation\\\/#primaryimage\"},\"image\":{\"@id\":\"https:\\\/\\\/www.polysoude.com\\\/fr\\\/services-location-pieces-de-rechange\\\/retrofit-modernisation\\\/#primaryimage\"},\"thumbnailUrl\":\"https:\\\/\\\/www.polysoude.com\\\/wp-content\\\/uploads\\\/2016\\\/10\\\/retrofit-couple-1-2.jpg\",\"datePublished\":\"2016-10-06T08:05:03+00:00\",\"dateModified\":\"2025-10-20T14:02:19+00:00\",\"description\":\"Une alternative int\u00e9ressante \u00e0 l'investissement dans une installation enti\u00e8rement nouvelle Polysoude\u00a0propose des ensembles modulaires pr\u00eats \u00e0 \u00eatre\",\"breadcrumb\":{\"@id\":\"https:\\\/\\\/www.polysoude.com\\\/fr\\\/services-location-pieces-de-rechange\\\/retrofit-modernisation\\\/#breadcrumb\"},\"inLanguage\":\"fr-FR\",\"potentialAction\":[{\"@type\":\"ReadAction\",\"target\":[\"https:\\\/\\\/www.polysoude.com\\\/fr\\\/services-location-pieces-de-rechange\\\/retrofit-modernisation\\\/\"]}]},{\"@type\":\"ImageObject\",\"inLanguage\":\"fr-FR\",\"@id\":\"https:\\\/\\\/www.polysoude.com\\\/fr\\\/services-location-pieces-de-rechange\\\/retrofit-modernisation\\\/#primaryimage\",\"url\":\"https:\\\/\\\/www.polysoude.com\\\/wp-content\\\/uploads\\\/2016\\\/10\\\/retrofit-couple-1-2.jpg\",\"contentUrl\":\"https:\\\/\\\/www.polysoude.com\\\/wp-content\\\/uploads\\\/2016\\\/10\\\/retrofit-couple-1-2.jpg\",\"width\":1000,\"height\":750},{\"@type\":\"BreadcrumbList\",\"@id\":\"https:\\\/\\\/www.polysoude.com\\\/fr\\\/services-location-pieces-de-rechange\\\/retrofit-modernisation\\\/#breadcrumb\",\"itemListElement\":[{\"@type\":\"ListItem\",\"position\":1,\"name\":\"Home\",\"item\":\"https:\\\/\\\/www.polysoude.com\\\/fr\\\/accueil\\\/\"},{\"@type\":\"ListItem\",\"position\":2,\"name\":\"Services\u00a0\\\/\u00a0location\u00a0\\\/ pi\u00e8ces de rechange\",\"item\":\"https:\\\/\\\/www.polysoude.com\\\/fr\\\/services-location-pieces-de-rechange\\\/\"},{\"@type\":\"ListItem\",\"position\":3,\"name\":\"R\u00e9trofit et modernisation\"}]},{\"@type\":\"WebSite\",\"@id\":\"https:\\\/\\\/www.polysoude.com\\\/fr\\\/#website\",\"url\":\"https:\\\/\\\/www.polysoude.com\\\/fr\\\/\",\"name\":\"Polysoude\",\"description\":\"The art of welding\",\"publisher\":{\"@id\":\"https:\\\/\\\/www.polysoude.com\\\/fr\\\/#organization\"},\"alternateName\":\"Polysoude\",\"potentialAction\":[{\"@type\":\"SearchAction\",\"target\":{\"@type\":\"EntryPoint\",\"urlTemplate\":\"https:\\\/\\\/www.polysoude.com\\\/fr\\\/?s={search_term_string}\"},\"query-input\":{\"@type\":\"PropertyValueSpecification\",\"valueRequired\":true,\"valueName\":\"search_term_string\"}}],\"inLanguage\":\"fr-FR\"},{\"@type\":\"Organization\",\"@id\":\"https:\\\/\\\/www.polysoude.com\\\/fr\\\/#organization\",\"name\":\"Polysoude\",\"alternateName\":\"Polysoude\",\"url\":\"https:\\\/\\\/www.polysoude.com\\\/fr\\\/\",\"logo\":{\"@type\":\"ImageObject\",\"inLanguage\":\"fr-FR\",\"@id\":\"https:\\\/\\\/www.polysoude.com\\\/fr\\\/#\\\/schema\\\/logo\\\/image\\\/\",\"url\":\"https:\\\/\\\/www.polysoude.com\\\/wp-content\\\/uploads\\\/2022\\\/07\\\/Polysoude_Logo_signature_fond-transparent_600dpi_300mm_RVB-e1658123578778.png\",\"contentUrl\":\"https:\\\/\\\/www.polysoude.com\\\/wp-content\\\/uploads\\\/2022\\\/07\\\/Polysoude_Logo_signature_fond-transparent_600dpi_300mm_RVB-e1658123578778.png\",\"width\":465,\"height\":86,\"caption\":\"Polysoude\"},\"image\":{\"@id\":\"https:\\\/\\\/www.polysoude.com\\\/fr\\\/#\\\/schema\\\/logo\\\/image\\\/\"},\"sameAs\":[\"https:\\\/\\\/www.facebook.com\\\/Polysoude\\\/\",\"https:\\\/\\\/www.linkedin.com\\\/company\\\/polysoude\\\/\",\"https:\\\/\\\/www.instagram.com\\\/polysoudeglobal\\\/\"]}]}<\/script>\n<!-- \/ Yoast SEO plugin. -->","yoast_head_json":{"title":"R\u00e9trofit et modernisation | Polysoude","description":"Une alternative int\u00e9ressante \u00e0 l'investissement dans une installation enti\u00e8rement nouvelle Polysoude\u00a0propose des ensembles modulaires pr\u00eats \u00e0 \u00eatre","robots":{"index":"index","follow":"follow","max-snippet":"max-snippet:-1","max-image-preview":"max-image-preview:large","max-video-preview":"max-video-preview:-1"},"canonical":"https:\/\/www.polysoude.com\/fr\/services-location-pieces-de-rechange\/retrofit-modernisation\/","og_locale":"fr_FR","og_type":"article","og_title":"R\u00e9trofit et modernisation | Polysoude","og_description":"Une alternative int\u00e9ressante \u00e0 l'investissement dans une installation enti\u00e8rement nouvelle Polysoude\u00a0propose des ensembles modulaires pr\u00eats \u00e0 \u00eatre","og_url":"https:\/\/www.polysoude.com\/fr\/services-location-pieces-de-rechange\/retrofit-modernisation\/","og_site_name":"Polysoude","article_publisher":"https:\/\/www.facebook.com\/Polysoude\/","article_modified_time":"2025-10-20T14:02:19+00:00","og_image":[{"width":465,"height":86,"url":"https:\/\/www.polysoude.com\/wp-content\/uploads\/2022\/07\/Polysoude_Logo_signature_fond-transparent_600dpi_300mm_RVB-e1658123578778.png","type":"image\/png"}],"twitter_card":"summary_large_image","twitter_misc":{"Dur\u00e9e de lecture estim\u00e9e":"1 minute"},"schema":{"@context":"https:\/\/schema.org","@graph":[{"@type":"WebPage","@id":"https:\/\/www.polysoude.com\/fr\/services-location-pieces-de-rechange\/retrofit-modernisation\/","url":"https:\/\/www.polysoude.com\/fr\/services-location-pieces-de-rechange\/retrofit-modernisation\/","name":"R\u00e9trofit et modernisation | Polysoude","isPartOf":{"@id":"https:\/\/www.polysoude.com\/fr\/#website"},"primaryImageOfPage":{"@id":"https:\/\/www.polysoude.com\/fr\/services-location-pieces-de-rechange\/retrofit-modernisation\/#primaryimage"},"image":{"@id":"https:\/\/www.polysoude.com\/fr\/services-location-pieces-de-rechange\/retrofit-modernisation\/#primaryimage"},"thumbnailUrl":"https:\/\/www.polysoude.com\/wp-content\/uploads\/2016\/10\/retrofit-couple-1-2.jpg","datePublished":"2016-10-06T08:05:03+00:00","dateModified":"2025-10-20T14:02:19+00:00","description":"Une alternative int\u00e9ressante \u00e0 l'investissement dans une installation enti\u00e8rement nouvelle Polysoude\u00a0propose des ensembles modulaires pr\u00eats \u00e0 \u00eatre","breadcrumb":{"@id":"https:\/\/www.polysoude.com\/fr\/services-location-pieces-de-rechange\/retrofit-modernisation\/#breadcrumb"},"inLanguage":"fr-FR","potentialAction":[{"@type":"ReadAction","target":["https:\/\/www.polysoude.com\/fr\/services-location-pieces-de-rechange\/retrofit-modernisation\/"]}]},{"@type":"ImageObject","inLanguage":"fr-FR","@id":"https:\/\/www.polysoude.com\/fr\/services-location-pieces-de-rechange\/retrofit-modernisation\/#primaryimage","url":"https:\/\/www.polysoude.com\/wp-content\/uploads\/2016\/10\/retrofit-couple-1-2.jpg","contentUrl":"https:\/\/www.polysoude.com\/wp-content\/uploads\/2016\/10\/retrofit-couple-1-2.jpg","width":1000,"height":750},{"@type":"BreadcrumbList","@id":"https:\/\/www.polysoude.com\/fr\/services-location-pieces-de-rechange\/retrofit-modernisation\/#breadcrumb","itemListElement":[{"@type":"ListItem","position":1,"name":"Home","item":"https:\/\/www.polysoude.com\/fr\/accueil\/"},{"@type":"ListItem","position":2,"name":"Services\u00a0\/\u00a0location\u00a0\/ pi\u00e8ces de rechange","item":"https:\/\/www.polysoude.com\/fr\/services-location-pieces-de-rechange\/"},{"@type":"ListItem","position":3,"name":"R\u00e9trofit et modernisation"}]},{"@type":"WebSite","@id":"https:\/\/www.polysoude.com\/fr\/#website","url":"https:\/\/www.polysoude.com\/fr\/","name":"Polysoude","description":"The art of welding","publisher":{"@id":"https:\/\/www.polysoude.com\/fr\/#organization"},"alternateName":"Polysoude","potentialAction":[{"@type":"SearchAction","target":{"@type":"EntryPoint","urlTemplate":"https:\/\/www.polysoude.com\/fr\/?s={search_term_string}"},"query-input":{"@type":"PropertyValueSpecification","valueRequired":true,"valueName":"search_term_string"}}],"inLanguage":"fr-FR"},{"@type":"Organization","@id":"https:\/\/www.polysoude.com\/fr\/#organization","name":"Polysoude","alternateName":"Polysoude","url":"https:\/\/www.polysoude.com\/fr\/","logo":{"@type":"ImageObject","inLanguage":"fr-FR","@id":"https:\/\/www.polysoude.com\/fr\/#\/schema\/logo\/image\/","url":"https:\/\/www.polysoude.com\/wp-content\/uploads\/2022\/07\/Polysoude_Logo_signature_fond-transparent_600dpi_300mm_RVB-e1658123578778.png","contentUrl":"https:\/\/www.polysoude.com\/wp-content\/uploads\/2022\/07\/Polysoude_Logo_signature_fond-transparent_600dpi_300mm_RVB-e1658123578778.png","width":465,"height":86,"caption":"Polysoude"},"image":{"@id":"https:\/\/www.polysoude.com\/fr\/#\/schema\/logo\/image\/"},"sameAs":["https:\/\/www.facebook.com\/Polysoude\/","https:\/\/www.linkedin.com\/company\/polysoude\/","https:\/\/www.instagram.com\/polysoudeglobal\/"]}]}},"_links":{"self":[{"href":"https:\/\/www.polysoude.com\/fr\/wp-json\/wp\/v2\/pages\/360","targetHints":{"allow":["GET"]}}],"collection":[{"href":"https:\/\/www.polysoude.com\/fr\/wp-json\/wp\/v2\/pages"}],"about":[{"href":"https:\/\/www.polysoude.com\/fr\/wp-json\/wp\/v2\/types\/page"}],"author":[{"embeddable":true,"href":"https:\/\/www.polysoude.com\/fr\/wp-json\/wp\/v2\/users\/1"}],"replies":[{"embeddable":true,"href":"https:\/\/www.polysoude.com\/fr\/wp-json\/wp\/v2\/comments?post=360"}],"version-history":[{"count":10,"href":"https:\/\/www.polysoude.com\/fr\/wp-json\/wp\/v2\/pages\/360\/revisions"}],"predecessor-version":[{"id":51904,"href":"https:\/\/www.polysoude.com\/fr\/wp-json\/wp\/v2\/pages\/360\/revisions\/51904"}],"up":[{"embeddable":true,"href":"https:\/\/www.polysoude.com\/fr\/wp-json\/wp\/v2\/pages\/350"}],"wp:featuredmedia":[{"embeddable":true,"href":"https:\/\/www.polysoude.com\/fr\/wp-json\/wp\/v2\/media\/3927"}],"wp:attachment":[{"href":"https:\/\/www.polysoude.com\/fr\/wp-json\/wp\/v2\/media?parent=360"}],"curies":[{"name":"wp","href":"https:\/\/api.w.org\/{rel}","templated":true}]}}