{"id":364,"date":"2022-04-03T10:02:27","date_gmt":"2022-04-03T08:02:27","guid":{"rendered":"http:\/\/www.polysoude.com\/?page_id=364&#038;lang=fr"},"modified":"2022-07-19T13:32:04","modified_gmt":"2022-07-19T11:32:04","slug":"a-propos-de-polysoude","status":"publish","type":"page","link":"https:\/\/www.polysoude.com\/fr\/a-propos-de-polysoude\/","title":{"rendered":"A propos de Polysoude"},"content":{"rendered":"\n\t<h3>60 ans \u00e0 la pointe du soudage<\/h3>\n<p>La soci\u00e9t\u00e9 <a href=\"https:\/\/www.polysoude.com\/fr\/\">POLYSOUDE<\/a> est sp\u00e9cialis\u00e9e dans la conception et la fabrication d\u2019\u00e9quipements de soudage orbital et de solutions automatis\u00e9es de grande qualit\u00e9 pour le soudage TIG et le rechargement TIG<sup>er<\/sup>. <\/p>\n<p>Seule l\u2019utilisation de proc\u00e9d\u00e9s et de techniques modernes de soudage \u00e0 l&rsquo;arc \u00e9lectrique permet d\u2019obtenir des r\u00e9sultats de qualit\u00e9. <\/p>\n\t\t\t\t<img loading=\"lazy\" decoding=\"async\" src=\"https:\/\/www.polysoude.com\/wp-content\/uploads\/2016\/10\/bandeau-about.jpg\" alt=\"bandeau-about\" height=\"325\" width=\"1000\" title=\"bandeau-about\" \/>\n\t<p>En plus de 60 ann\u00e9es d\u2019existence, POLYSOUDE a su \u00e9tendre sa pr\u00e9sence \u00e0 travers le monde et construire une relation de confiance avec ses clients. Notre force : une collaboration soutenue avec des sp\u00e9cialistes travaillant en synergie, au service d\u2019une dynamique client \u00ab z\u00e9ro risque \/ z\u00e9ro d\u00e9faut \u00bb. Toujours \u00e0 la pointe de la recherche et du d\u00e9veloppement, nos experts s\u2019imposent aujourd\u2019hui comme des pr\u00e9curseurs alliant exp\u00e9rience et innovation.<\/p>\n","protected":false},"excerpt":{"rendered":"<p>60 ans \u00e0 la pointe du soudage La soci\u00e9t\u00e9 POLYSOUDE est sp\u00e9cialis\u00e9e dans la conception et la fabrication d\u2019\u00e9quipements de soudage orbital et de solutions automatis\u00e9es de grande qualit\u00e9 pour le soudage TIG et le rechargement TIGer. Seule l\u2019utilisation de proc\u00e9d\u00e9s et de techniques modernes de soudage \u00e0 l&rsquo;arc \u00e9lectrique permet d\u2019obtenir des r\u00e9sultats de [&hellip;]<\/p>\n","protected":false},"author":1,"featured_media":682,"parent":0,"menu_order":0,"comment_status":"closed","ping_status":"closed","template":"page-parent.php","meta":{"_acf_changed":false,"footnotes":""},"class_list":["post-364","page","type-page","status-publish","has-post-thumbnail","hentry"],"acf":[],"yoast_head":"<!-- This site is optimized with the Yoast SEO plugin v27.3 - https:\/\/yoast.com\/product\/yoast-seo-wordpress\/ -->\n<title>A propos de la soci\u00e9t\u00e9 Polysoude : 50 ans \u00e0 la pointe du soudage<\/title>\n<meta name=\"description\" content=\"La soci\u00e9t\u00e9 POLYSOUDE est sp\u00e9cialis\u00e9e dans la conception et la fabrication d\u2019\u00e9quipements de soudage orbital et de solutions automatis\u00e9es de grande qualit\u00e9 pour le soudage TIG et le rechargement TIG.\" \/>\n<meta name=\"robots\" content=\"index, follow, max-snippet:-1, max-image-preview:large, max-video-preview:-1\" \/>\n<link rel=\"canonical\" href=\"https:\/\/www.polysoude.com\/fr\/a-propos-de-polysoude\/\" \/>\n<meta property=\"og:locale\" content=\"fr_FR\" \/>\n<meta property=\"og:type\" content=\"article\" \/>\n<meta property=\"og:title\" content=\"A propos de la soci\u00e9t\u00e9 Polysoude : 50 ans \u00e0 la pointe du soudage\" \/>\n<meta property=\"og:description\" content=\"La soci\u00e9t\u00e9 POLYSOUDE est sp\u00e9cialis\u00e9e dans la conception et la fabrication d\u2019\u00e9quipements de soudage orbital et de solutions automatis\u00e9es de grande qualit\u00e9 pour le soudage TIG et le rechargement TIG.\" \/>\n<meta property=\"og:url\" content=\"https:\/\/www.polysoude.com\/fr\/a-propos-de-polysoude\/\" \/>\n<meta property=\"og:site_name\" content=\"Polysoude\" \/>\n<meta property=\"article:publisher\" content=\"https:\/\/www.facebook.com\/Polysoude\/\" \/>\n<meta property=\"article:modified_time\" content=\"2022-07-19T11:32:04+00:00\" \/>\n<meta property=\"og:image\" content=\"https:\/\/www.polysoude.com\/wp-content\/uploads\/2022\/07\/Polysoude_Logo_signature_fond-transparent_600dpi_300mm_RVB-e1658123578778.png\" \/>\n\t<meta property=\"og:image:width\" content=\"465\" \/>\n\t<meta property=\"og:image:height\" content=\"86\" \/>\n\t<meta property=\"og:image:type\" content=\"image\/png\" \/>\n<meta name=\"twitter:card\" content=\"summary_large_image\" \/>\n<meta name=\"twitter:label1\" content=\"Dur\u00e9e de lecture estim\u00e9e\" \/>\n\t<meta name=\"twitter:data1\" content=\"1 minute\" \/>\n<script type=\"application\/ld+json\" class=\"yoast-schema-graph\">{\"@context\":\"https:\\\/\\\/schema.org\",\"@graph\":[{\"@type\":\"WebPage\",\"@id\":\"https:\\\/\\\/www.polysoude.com\\\/fr\\\/a-propos-de-polysoude\\\/\",\"url\":\"https:\\\/\\\/www.polysoude.com\\\/fr\\\/a-propos-de-polysoude\\\/\",\"name\":\"A propos de la soci\u00e9t\u00e9 Polysoude : 50 ans \u00e0 la pointe du soudage\",\"isPartOf\":{\"@id\":\"https:\\\/\\\/www.polysoude.com\\\/fr\\\/#website\"},\"primaryImageOfPage\":{\"@id\":\"https:\\\/\\\/www.polysoude.com\\\/fr\\\/a-propos-de-polysoude\\\/#primaryimage\"},\"image\":{\"@id\":\"https:\\\/\\\/www.polysoude.com\\\/fr\\\/a-propos-de-polysoude\\\/#primaryimage\"},\"thumbnailUrl\":\"https:\\\/\\\/www.polysoude.com\\\/wp-content\\\/uploads\\\/2016\\\/10\\\/about-polysoude-entrance.jpg\",\"datePublished\":\"2022-04-03T08:02:27+00:00\",\"dateModified\":\"2022-07-19T11:32:04+00:00\",\"description\":\"La soci\u00e9t\u00e9 POLYSOUDE est sp\u00e9cialis\u00e9e dans la conception et la fabrication d\u2019\u00e9quipements de soudage orbital et de solutions automatis\u00e9es de grande qualit\u00e9 pour le soudage TIG et le rechargement TIG.\",\"breadcrumb\":{\"@id\":\"https:\\\/\\\/www.polysoude.com\\\/fr\\\/a-propos-de-polysoude\\\/#breadcrumb\"},\"inLanguage\":\"fr-FR\",\"potentialAction\":[{\"@type\":\"ReadAction\",\"target\":[\"https:\\\/\\\/www.polysoude.com\\\/fr\\\/a-propos-de-polysoude\\\/\"]}]},{\"@type\":\"ImageObject\",\"inLanguage\":\"fr-FR\",\"@id\":\"https:\\\/\\\/www.polysoude.com\\\/fr\\\/a-propos-de-polysoude\\\/#primaryimage\",\"url\":\"https:\\\/\\\/www.polysoude.com\\\/wp-content\\\/uploads\\\/2016\\\/10\\\/about-polysoude-entrance.jpg\",\"contentUrl\":\"https:\\\/\\\/www.polysoude.com\\\/wp-content\\\/uploads\\\/2016\\\/10\\\/about-polysoude-entrance.jpg\",\"width\":900,\"height\":675,\"caption\":\"About Polysoude entrance\"},{\"@type\":\"BreadcrumbList\",\"@id\":\"https:\\\/\\\/www.polysoude.com\\\/fr\\\/a-propos-de-polysoude\\\/#breadcrumb\",\"itemListElement\":[{\"@type\":\"ListItem\",\"position\":1,\"name\":\"Home\",\"item\":\"https:\\\/\\\/www.polysoude.com\\\/fr\\\/accueil\\\/\"},{\"@type\":\"ListItem\",\"position\":2,\"name\":\"A propos de Polysoude\"}]},{\"@type\":\"WebSite\",\"@id\":\"https:\\\/\\\/www.polysoude.com\\\/fr\\\/#website\",\"url\":\"https:\\\/\\\/www.polysoude.com\\\/fr\\\/\",\"name\":\"Polysoude\",\"description\":\"The art of welding\",\"publisher\":{\"@id\":\"https:\\\/\\\/www.polysoude.com\\\/fr\\\/#organization\"},\"alternateName\":\"Polysoude\",\"potentialAction\":[{\"@type\":\"SearchAction\",\"target\":{\"@type\":\"EntryPoint\",\"urlTemplate\":\"https:\\\/\\\/www.polysoude.com\\\/fr\\\/?s={search_term_string}\"},\"query-input\":{\"@type\":\"PropertyValueSpecification\",\"valueRequired\":true,\"valueName\":\"search_term_string\"}}],\"inLanguage\":\"fr-FR\"},{\"@type\":\"Organization\",\"@id\":\"https:\\\/\\\/www.polysoude.com\\\/fr\\\/#organization\",\"name\":\"Polysoude\",\"alternateName\":\"Polysoude\",\"url\":\"https:\\\/\\\/www.polysoude.com\\\/fr\\\/\",\"logo\":{\"@type\":\"ImageObject\",\"inLanguage\":\"fr-FR\",\"@id\":\"https:\\\/\\\/www.polysoude.com\\\/fr\\\/#\\\/schema\\\/logo\\\/image\\\/\",\"url\":\"https:\\\/\\\/www.polysoude.com\\\/wp-content\\\/uploads\\\/2022\\\/07\\\/Polysoude_Logo_signature_fond-transparent_600dpi_300mm_RVB-e1658123578778.png\",\"contentUrl\":\"https:\\\/\\\/www.polysoude.com\\\/wp-content\\\/uploads\\\/2022\\\/07\\\/Polysoude_Logo_signature_fond-transparent_600dpi_300mm_RVB-e1658123578778.png\",\"width\":465,\"height\":86,\"caption\":\"Polysoude\"},\"image\":{\"@id\":\"https:\\\/\\\/www.polysoude.com\\\/fr\\\/#\\\/schema\\\/logo\\\/image\\\/\"},\"sameAs\":[\"https:\\\/\\\/www.facebook.com\\\/Polysoude\\\/\",\"https:\\\/\\\/www.linkedin.com\\\/company\\\/polysoude\\\/\",\"https:\\\/\\\/www.instagram.com\\\/polysoudeglobal\\\/\"]}]}<\/script>\n<!-- \/ Yoast SEO plugin. -->","yoast_head_json":{"title":"A propos de la soci\u00e9t\u00e9 Polysoude : 50 ans \u00e0 la pointe du soudage","description":"La soci\u00e9t\u00e9 POLYSOUDE est sp\u00e9cialis\u00e9e dans la conception et la fabrication d\u2019\u00e9quipements de soudage orbital et de solutions automatis\u00e9es de grande qualit\u00e9 pour le soudage TIG et le rechargement TIG.","robots":{"index":"index","follow":"follow","max-snippet":"max-snippet:-1","max-image-preview":"max-image-preview:large","max-video-preview":"max-video-preview:-1"},"canonical":"https:\/\/www.polysoude.com\/fr\/a-propos-de-polysoude\/","og_locale":"fr_FR","og_type":"article","og_title":"A propos de la soci\u00e9t\u00e9 Polysoude : 50 ans \u00e0 la pointe du soudage","og_description":"La soci\u00e9t\u00e9 POLYSOUDE est sp\u00e9cialis\u00e9e dans la conception et la fabrication d\u2019\u00e9quipements de soudage orbital et de solutions automatis\u00e9es de grande qualit\u00e9 pour le soudage TIG et le rechargement TIG.","og_url":"https:\/\/www.polysoude.com\/fr\/a-propos-de-polysoude\/","og_site_name":"Polysoude","article_publisher":"https:\/\/www.facebook.com\/Polysoude\/","article_modified_time":"2022-07-19T11:32:04+00:00","og_image":[{"width":465,"height":86,"url":"https:\/\/www.polysoude.com\/wp-content\/uploads\/2022\/07\/Polysoude_Logo_signature_fond-transparent_600dpi_300mm_RVB-e1658123578778.png","type":"image\/png"}],"twitter_card":"summary_large_image","twitter_misc":{"Dur\u00e9e de lecture estim\u00e9e":"1 minute"},"schema":{"@context":"https:\/\/schema.org","@graph":[{"@type":"WebPage","@id":"https:\/\/www.polysoude.com\/fr\/a-propos-de-polysoude\/","url":"https:\/\/www.polysoude.com\/fr\/a-propos-de-polysoude\/","name":"A propos de la soci\u00e9t\u00e9 Polysoude : 50 ans \u00e0 la pointe du soudage","isPartOf":{"@id":"https:\/\/www.polysoude.com\/fr\/#website"},"primaryImageOfPage":{"@id":"https:\/\/www.polysoude.com\/fr\/a-propos-de-polysoude\/#primaryimage"},"image":{"@id":"https:\/\/www.polysoude.com\/fr\/a-propos-de-polysoude\/#primaryimage"},"thumbnailUrl":"https:\/\/www.polysoude.com\/wp-content\/uploads\/2016\/10\/about-polysoude-entrance.jpg","datePublished":"2022-04-03T08:02:27+00:00","dateModified":"2022-07-19T11:32:04+00:00","description":"La soci\u00e9t\u00e9 POLYSOUDE est sp\u00e9cialis\u00e9e dans la conception et la fabrication d\u2019\u00e9quipements de soudage orbital et de solutions automatis\u00e9es de grande qualit\u00e9 pour le soudage TIG et le rechargement TIG.","breadcrumb":{"@id":"https:\/\/www.polysoude.com\/fr\/a-propos-de-polysoude\/#breadcrumb"},"inLanguage":"fr-FR","potentialAction":[{"@type":"ReadAction","target":["https:\/\/www.polysoude.com\/fr\/a-propos-de-polysoude\/"]}]},{"@type":"ImageObject","inLanguage":"fr-FR","@id":"https:\/\/www.polysoude.com\/fr\/a-propos-de-polysoude\/#primaryimage","url":"https:\/\/www.polysoude.com\/wp-content\/uploads\/2016\/10\/about-polysoude-entrance.jpg","contentUrl":"https:\/\/www.polysoude.com\/wp-content\/uploads\/2016\/10\/about-polysoude-entrance.jpg","width":900,"height":675,"caption":"About Polysoude entrance"},{"@type":"BreadcrumbList","@id":"https:\/\/www.polysoude.com\/fr\/a-propos-de-polysoude\/#breadcrumb","itemListElement":[{"@type":"ListItem","position":1,"name":"Home","item":"https:\/\/www.polysoude.com\/fr\/accueil\/"},{"@type":"ListItem","position":2,"name":"A propos de Polysoude"}]},{"@type":"WebSite","@id":"https:\/\/www.polysoude.com\/fr\/#website","url":"https:\/\/www.polysoude.com\/fr\/","name":"Polysoude","description":"The art of welding","publisher":{"@id":"https:\/\/www.polysoude.com\/fr\/#organization"},"alternateName":"Polysoude","potentialAction":[{"@type":"SearchAction","target":{"@type":"EntryPoint","urlTemplate":"https:\/\/www.polysoude.com\/fr\/?s={search_term_string}"},"query-input":{"@type":"PropertyValueSpecification","valueRequired":true,"valueName":"search_term_string"}}],"inLanguage":"fr-FR"},{"@type":"Organization","@id":"https:\/\/www.polysoude.com\/fr\/#organization","name":"Polysoude","alternateName":"Polysoude","url":"https:\/\/www.polysoude.com\/fr\/","logo":{"@type":"ImageObject","inLanguage":"fr-FR","@id":"https:\/\/www.polysoude.com\/fr\/#\/schema\/logo\/image\/","url":"https:\/\/www.polysoude.com\/wp-content\/uploads\/2022\/07\/Polysoude_Logo_signature_fond-transparent_600dpi_300mm_RVB-e1658123578778.png","contentUrl":"https:\/\/www.polysoude.com\/wp-content\/uploads\/2022\/07\/Polysoude_Logo_signature_fond-transparent_600dpi_300mm_RVB-e1658123578778.png","width":465,"height":86,"caption":"Polysoude"},"image":{"@id":"https:\/\/www.polysoude.com\/fr\/#\/schema\/logo\/image\/"},"sameAs":["https:\/\/www.facebook.com\/Polysoude\/","https:\/\/www.linkedin.com\/company\/polysoude\/","https:\/\/www.instagram.com\/polysoudeglobal\/"]}]}},"_links":{"self":[{"href":"https:\/\/www.polysoude.com\/fr\/wp-json\/wp\/v2\/pages\/364","targetHints":{"allow":["GET"]}}],"collection":[{"href":"https:\/\/www.polysoude.com\/fr\/wp-json\/wp\/v2\/pages"}],"about":[{"href":"https:\/\/www.polysoude.com\/fr\/wp-json\/wp\/v2\/types\/page"}],"author":[{"embeddable":true,"href":"https:\/\/www.polysoude.com\/fr\/wp-json\/wp\/v2\/users\/1"}],"replies":[{"embeddable":true,"href":"https:\/\/www.polysoude.com\/fr\/wp-json\/wp\/v2\/comments?post=364"}],"version-history":[{"count":8,"href":"https:\/\/www.polysoude.com\/fr\/wp-json\/wp\/v2\/pages\/364\/revisions"}],"predecessor-version":[{"id":40769,"href":"https:\/\/www.polysoude.com\/fr\/wp-json\/wp\/v2\/pages\/364\/revisions\/40769"}],"wp:featuredmedia":[{"embeddable":true,"href":"https:\/\/www.polysoude.com\/fr\/wp-json\/wp\/v2\/media\/682"}],"wp:attachment":[{"href":"https:\/\/www.polysoude.com\/fr\/wp-json\/wp\/v2\/media?parent=364"}],"curies":[{"name":"wp","href":"https:\/\/api.w.org\/{rel}","templated":true}]}}