{"id":366,"date":"2016-10-06T10:05:18","date_gmt":"2016-10-06T08:05:18","guid":{"rendered":"http:\/\/www.polysoude.com\/?page_id=366&#038;lang=fr"},"modified":"2025-04-30T12:22:27","modified_gmt":"2025-04-30T10:22:27","slug":"presentation-de-lentreprise","status":"publish","type":"page","link":"https:\/\/www.polysoude.com\/fr\/a-propos-de-polysoude\/presentation-de-lentreprise\/","title":{"rendered":"Pr\u00e9sentation de l\u2019entreprise"},"content":{"rendered":"\r\n<h2>POLYSOUDE con\u00e7oit, fabrique et commercialise tout type d&rsquo;\u00e9quipements utilisant des proc\u00e9d\u00e9s modernes de soudage \u00e0 l&rsquo;arc.<\/h2>\r\n<p>&nbsp;<\/p>\r\n<p>Nos domaines d&rsquo;expertise :<\/p>\r\n<ul>\r\n<li>Soudage orbital : tube\/tube, tubes\/plaque de toutes dimensions et de faible \u00e0 forte \u00e9paisseur<\/li>\r\n<li><a href=\"https:\/\/www.polysoude.com\/fr\/soudage-tig-automatise\/\">Soudage automatis\u00e9<\/a> : TIG Fil Froid ou Fil Chaud, Plasma<\/li>\r\n<li>Rechargement : TIG Fil Froid ou Fil Chaud<\/li>\r\n<li>Services associ\u00e9s<\/li>\r\n<\/ul>\r\n<p><img loading=\"lazy\" decoding=\"async\" title=\"about-polysoude-entrance\" src=\"https:\/\/www.polysoude.com\/wp-content\/uploads\/2016\/10\/about-polysoude-entrance.jpg\" alt=\"About Polysoude entrance\" width=\"900\" height=\"675\" \/><\/p>\r\n<p><a href=\"https:\/\/www.polysoude.com\/fr\/\">Polysoude<\/a> r\u00e9pond aux exigences des industriels par des <strong>solutions innovantes<\/strong> \u00e0 forte valeur ajout\u00e9e et <strong>parfaitement ma\u00eetris\u00e9es.<\/strong> Toujours \u00e0 la pointe de la recherche et du d\u00e9veloppement, nos experts s&rsquo;imposent aujourd&rsquo;hui comme pr\u00e9curseurs de r\u00e9f\u00e9rence alliant exp\u00e9rience et innovation, \u00e0 l&rsquo;instar de notre technologie de rechargement TIG<sup>er<\/sup> Bi-Cathode.<\/p>\r\n<p>Nos produits sont utilis\u00e9s dans des domaines industriels exigeant un niveau de contr\u00f4le qualit\u00e9 \u00e9lev\u00e9 tels que :<\/p>\r\n<ul>\r\n<li>A\u00e9ronautique<\/li>\r\n<li>A\u00e9rospatial<\/li>\r\n<li>Chimie<\/li>\r\n<li>D\u00e9fense<\/li>\r\n<li>Agroalimentaire<\/li>\r\n<li>Centrales \u00e9lectriques \u00e0 combustibles fossiles<\/li>\r\n<li>\u00c9changeurs thermiques \/ Chaudi\u00e8res<\/li>\r\n<li>Construction navale<\/li>\r\n<li>Combustibles et traitement des d\u00e9chets nucl\u00e9aires<\/li>\r\n<\/ul>\r\n<ul>\r\n<li>Construction et maintenance des centrales nucl\u00e9aires<\/li>\r\n<li>Exploration, transformation, transport p\u00e9trolier et gazier<\/li>\r\n<li>Industrie pharmaceutique<\/li>\r\n<li>Ferroviaire, automobile et autres transports<\/li>\r\n<li>Energies renouvelables<\/li>\r\n<li>Revendeurs\/distributeurs\/partenaires<\/li>\r\n<li>Semiconducteurs<\/li>\r\n<li>Petite et moyenne production<\/li>\r\n<li>D\u00e9salinisation et traitement de l&rsquo;eau<\/li>\r\n<\/ul>\r\n<h4>\u00catre en avance, tout en \u00e9tant proche des besoins des industriels\u2026<\/h4>\r\n<p>POLYSOUDE n&rsquo;a qu&rsquo;une ambition : <strong>optimiser la productivit\u00e9 et la qualit\u00e9<\/strong> des produits de ses clients en d\u00e9veloppant, pour eux, de nouvelles solutions personnalis\u00e9es satisfaisant leurs probl\u00e9matiques les plus pointues. Cet engagement de performance na\u00eet de notre <strong>\u00e9tude approfondie des besoins sp\u00e9cifiques de nos clients, de notre connaissance du terrain et de la ma\u00eetrise technologique.<\/strong> C&rsquo;est ainsi que nous contribuons au d\u00e9veloppement de la valeur ajout\u00e9e industrielle de nos clients en am\u00e9liorant au quotidien leurs techniques de soudage sous toutes ses formes.<\/p>\r\n<h4>Cultiver l&rsquo;esprit de service<\/h4>\r\n<p>Forts de nos innovations technologiques, nous entretenons une r\u00e9elle <strong>proximit\u00e9 g\u00e9ographique et culturelle<\/strong> avec nos clients via l&rsquo;\u00e9coute, l&rsquo;analyse, l&rsquo;accompagnement et le respect de notre recherche de l&rsquo;excellence. Notre sens du service se d\u00e9cline aussi aupr\u00e8s de nos utilisateurs en missions <strong>de conseil et de formation<\/strong>.<\/p>\r\n<h4>Une histoire riche en \u00e9v\u00e8nements<\/h4>\r\n<p>Au cours de ces 50 derni\u00e8res ann\u00e9es, POLYSOUDE a \u00e9volu\u00e9 en permanence, permettant ainsi \u00e0 ses clients de b\u00e9n\u00e9ficier de sa riche exp\u00e9rience et de son d\u00e9veloppement \u00e0 l&rsquo;international, dont voici quelques moments-cl\u00e9s :<\/p>\r\n<ul>\r\n<li><strong>1961<\/strong> &#8211; Cr\u00e9ation de la soci\u00e9t\u00e9 POLYSOUDE (\u00e9tude et r\u00e9alisation des premiers \u00e9quipements de soudage orbital)<\/li>\r\n<li><strong>1979<\/strong> &#8211; Rachat par le groupe allemand MESSER, acteur mondial en soudage et d\u00e9coupe<\/li>\r\n<li><strong>1993<\/strong> &#8211; Acquisition de ASTRO ARC POLYSOUDE Inc. en tant que repr\u00e9sentant aux Etats-Unis<\/li>\r\n<li><strong>1996<\/strong> &#8211; Cr\u00e9ation de notre bureau POLYSOUDE UK<\/li>\r\n<li><strong>1998<\/strong> &#8211; POLYSOUDE devient membre du Groupe Global Welding Technology AG<\/li>\r\n<li><strong>2000<\/strong> &#8211; Cr\u00e9ation du bureau POLYSOUDE BENELUX<\/li>\r\n<li><strong>2004<\/strong> &#8211; Cr\u00e9ation de la filiale POLYSOUDE SHANGHAI Co. Ltd<\/li>\r\n<li><strong>2005<\/strong> &#8211; Cr\u00e9ation de la filiale POLYSOUDE AUSTRIA GmbH<\/li>\r\n<li><strong>2006<\/strong> &#8211; Cr\u00e9ation de la filiale POLYSOUDE WT 000 \u00e0 Moscow<\/li>\r\n<li><strong>2006<\/strong> &#8211; Cr\u00e9ation de la filiale POLYSOUDE SUISSE S.A.<\/li>\r\n<li><strong>2007<\/strong> &#8211; Cr\u00e9ation de la filiale POLYSOUDE ITALIA Spa<\/li>\r\n<li><strong>2008<\/strong> &#8211; Cr\u00e9ation du bureau POLYSOUDE REPUBLIQUE TCHEQUE<\/li>\r\n<li><strong>2008<\/strong> &#8211; Certification ISO 9001 : 2000<\/li>\r\n<li><strong>2009<\/strong> &#8211; Cr\u00e9ation du bureau POLYSOUDE INDE<\/li>\r\n<li><strong>2011<\/strong> &#8211; Cr\u00e9ation de la filiale POLYSOUDE DEUTSCHLAND GmbH<\/li>\r\n<li><strong>2013<\/strong> &#8211; Cr\u00e9ation du bureau POLYSOUDE IBERIA<\/li>\r\n<li><strong>2013<\/strong> &#8211; Ouverture d&rsquo;un centre technologique PWT en Russie<\/li>\r\n<li><strong>2013<\/strong> &#8211; Innovation Polysoude : le TIG<sup>er<\/sup>, une technique r\u00e9volutionnaire de rechargement<\/li>\r\n<li><strong>2014<\/strong> &#8211; Ouverture d&rsquo;un centre technologique POLYSOUDE en Suisse<\/li>\r\n<li><strong>2015<\/strong> &#8211; Premier syst\u00e8me de soudage par recouvrement SPX TIGer \u00e0 rotation continue et \u00e0 commande num\u00e9rique.<\/li>\r\n<li><strong>2015<\/strong> &#8211; Certification ISO 9001 : 2008<\/li>\r\n<li><strong>2017<\/strong> &#8211; D\u00e9veloppement de la supervision vid\u00e9o avec capteur WDR pour le soudage et le recouvrement de soudure.<\/li>\r\n<li><strong>2018<\/strong> &#8211; Lancement de la gamme de produits PolyClad, solutions de recouvrement de soudure.<\/li>\r\n<li><strong>2018<\/strong> &#8211; Certification ISO 9001 : 2015<\/li>\r\n<li><strong>2019<\/strong> &#8211; Industrie 4.0 : Concevoir des Smart Welding Stations plus communicantes et intelligentes.<\/li>\r\n<li><strong>2019<\/strong> &#8211; Partenariat avec PROTEM<\/li>\r\n<li><strong>2020<\/strong> &#8211; Ouverture de notre filiale n\u00e9erlandaise &#8211; POLYSOUDE BENELUX B.V.<\/li>\r\n<li><strong>2021<\/strong> &#8211; Certification ISO 9001 pour la 15\u00e8me ann\u00e9e cons\u00e9cutive<\/li>\r\n<\/ul>\r\n<p><a href=\"https:\/\/www.polysoude.com\/wp-content\/uploads\/2016\/10\/polysoude-former-baco-building.jpg\" target=\"_self\" rel=\"noopener\"> <img loading=\"lazy\" decoding=\"async\" title=\"polysoude-former-baco-building\" src=\"https:\/\/www.polysoude.com\/wp-content\/uploads\/2016\/10\/polysoude-former-baco-building-150x150.jpg\" alt=\"Ancien site Polysoude \u00ab BACO \u00bb\" width=\"150\" height=\"150\" \/> <\/a> Ancien site Polysoude \u00ab BACO \u00bb<\/p>\r\n<h4>Polysoude &#8211; membre du groupe Global Welding Technologies Group AG<\/h4>\r\n<p>Le groupe Global Welding Technologies Group AG est sp\u00e9cialis\u00e9 dans le d\u00e9veloppement et la mise en oeuvre de solutions de soudage orbital, m\u00e9canis\u00e9 et robotis\u00e9 en milieu industriel. Il poss\u00e8de aujourd&rsquo;hui l&rsquo;ensemble de comp\u00e9tences techniques dans le domaine du soudage automatis\u00e9 ainsi qu&rsquo;un r\u00e9seau de vente &amp; service mondial.<\/p>\r\n<p><img loading=\"lazy\" decoding=\"async\" title=\"global welding logo_rot-grau\" src=\"https:\/\/www.polysoude.com\/wp-content\/uploads\/2023\/07\/global-welding-logo_rot-grau-300x254.png\" alt=\"global welding logo_rot-grau\" width=\"300\" height=\"254\" \/> <img loading=\"lazy\" decoding=\"async\" title=\"logo-polysoude-small\" src=\"https:\/\/www.polysoude.com\/wp-content\/uploads\/2016\/10\/logo-polysoude-small.jpg\" alt=\"logo-polysoude-small\" width=\"268\" height=\"30\" \/> <img loading=\"lazy\" decoding=\"async\" title=\"logo-igm_small\" src=\"https:\/\/www.polysoude.com\/wp-content\/uploads\/2016\/10\/logo-igm_small.jpg\" alt=\"logo-igm_small\" width=\"94\" height=\"41\" \/> <img loading=\"lazy\" decoding=\"async\" title=\"logo-oxytechnik_small\" src=\"https:\/\/www.polysoude.com\/wp-content\/uploads\/2016\/10\/logo-oxytechnik_small.jpg\" alt=\"logo-oxytechnik_small\" width=\"211\" height=\"77\" \/> <img loading=\"lazy\" decoding=\"async\" title=\"Logo_GBT_5\" src=\"https:\/\/www.polysoude.com\/wp-content\/uploads\/2023\/07\/Logo_GBT_5.png\" alt=\"Logo_GBT_5\" width=\"95\" height=\"65\" \/> <img loading=\"lazy\" decoding=\"async\" title=\"group-pic-polysoude\" src=\"https:\/\/www.polysoude.com\/wp-content\/uploads\/2016\/10\/group-pic-polysoude-150x150.jpg\" alt=\"group-pic-polysoude\" width=\"150\" height=\"150\" \/> <img loading=\"lazy\" decoding=\"async\" title=\"group-pic-igm\" src=\"https:\/\/www.polysoude.com\/wp-content\/uploads\/2016\/10\/group-pic-igm-150x150.jpg\" alt=\"group-pic-igm\" width=\"150\" height=\"150\" \/> <img loading=\"lazy\" decoding=\"async\" title=\"group-pic-oxytechnik\" src=\"https:\/\/www.polysoude.com\/wp-content\/uploads\/2016\/10\/group-pic-oxytechnik-150x150.jpg\" alt=\"group-pic-oxytechnik\" width=\"150\" height=\"150\" \/> <img loading=\"lazy\" decoding=\"async\" title=\"group-pic-gbt\" src=\"https:\/\/www.polysoude.com\/wp-content\/uploads\/2016\/10\/group-pic-gbt-150x150.jpg\" alt=\"group-pic-gbt\" width=\"150\" height=\"150\" \/><\/p>\r\n<p>Leader sur le march\u00e9 du soudage orbital, automatis\u00e9 et celui du rechargement par proc\u00e9d\u00e9s TIG, TIG<sup>er<\/sup> et Plasma<\/p>\r\n<p>Expert en cellules de soudage compactes, syst\u00e8mes de soudage robotis\u00e9s personnalis\u00e9s, machines de chanfreinage et lignes de production flexibles.<\/p>\r\n<p>Les comp\u00e9tences et la performance en production, en combinant la d\u00e9coupe et le soudage.<\/p>\r\n<p>Ma\u00eetre de la technologie des faisceaux d&rsquo;\u00e9lectrons et \u00e0 l&rsquo;automatisation connexe<\/p>\r\n<p><strong>Le Group GWT : la synergie d&rsquo;expertises dans le domaine du soudage et du rechargement TIG automatis\u00e9<\/strong><\/p>\r\n","protected":false},"excerpt":{"rendered":"<p>POLYSOUDE con\u00e7oit, fabrique et commercialise tout type d&rsquo;\u00e9quipements utilisant des proc\u00e9d\u00e9s modernes de soudage \u00e0 l&rsquo;arc. &nbsp; Nos domaines d&rsquo;expertise : Soudage orbital : tube\/tube, tubes\/plaque de toutes dimensions et de faible \u00e0 forte \u00e9paisseur Soudage automatis\u00e9 : TIG Fil Froid ou Fil Chaud, Plasma Rechargement : TIG Fil Froid ou Fil Chaud Services associ\u00e9s [&hellip;]<\/p>\n","protected":false},"author":1,"featured_media":682,"parent":364,"menu_order":0,"comment_status":"closed","ping_status":"closed","template":"page-contenu.php","meta":{"_acf_changed":false,"footnotes":""},"class_list":["post-366","page","type-page","status-publish","has-post-thumbnail","hentry"],"acf":[],"yoast_head":"<!-- This site is optimized with the Yoast SEO plugin v27.3 - https:\/\/yoast.com\/product\/yoast-seo-wordpress\/ -->\n<title>Pr\u00e9sentation de l\u2019entreprise | Polysoude<\/title>\n<meta name=\"description\" content=\"POLYSOUDE con\u00e7oit, fabrique et commercialise tout type d&#039;\u00e9quipements utilisant des proc\u00e9d\u00e9s modernes de soudage \u00e0 l&#039;arc. &nbsp; Nos domaines d&#039;expertise :\" \/>\n<meta name=\"robots\" content=\"index, follow, max-snippet:-1, max-image-preview:large, max-video-preview:-1\" \/>\n<link rel=\"canonical\" href=\"https:\/\/www.polysoude.com\/fr\/a-propos-de-polysoude\/presentation-de-lentreprise\/\" \/>\n<meta property=\"og:locale\" content=\"fr_FR\" \/>\n<meta property=\"og:type\" content=\"article\" \/>\n<meta property=\"og:title\" content=\"Pr\u00e9sentation de l\u2019entreprise | Polysoude\" \/>\n<meta property=\"og:description\" content=\"POLYSOUDE con\u00e7oit, fabrique et commercialise tout type d&#039;\u00e9quipements utilisant des proc\u00e9d\u00e9s modernes de soudage \u00e0 l&#039;arc. &nbsp; Nos domaines d&#039;expertise :\" \/>\n<meta property=\"og:url\" content=\"https:\/\/www.polysoude.com\/fr\/a-propos-de-polysoude\/presentation-de-lentreprise\/\" \/>\n<meta property=\"og:site_name\" content=\"Polysoude\" \/>\n<meta property=\"article:publisher\" content=\"https:\/\/www.facebook.com\/Polysoude\/\" \/>\n<meta property=\"article:modified_time\" content=\"2025-04-30T10:22:27+00:00\" \/>\n<meta property=\"og:image\" content=\"https:\/\/www.polysoude.com\/wp-content\/uploads\/2022\/07\/Polysoude_Logo_signature_fond-transparent_600dpi_300mm_RVB-e1658123578778.png\" \/>\n\t<meta property=\"og:image:width\" content=\"465\" \/>\n\t<meta property=\"og:image:height\" content=\"86\" \/>\n\t<meta property=\"og:image:type\" content=\"image\/png\" \/>\n<meta name=\"twitter:card\" content=\"summary_large_image\" \/>\n<meta name=\"twitter:label1\" content=\"Dur\u00e9e de lecture estim\u00e9e\" \/>\n\t<meta name=\"twitter:data1\" content=\"6 minutes\" \/>\n<script type=\"application\/ld+json\" class=\"yoast-schema-graph\">{\"@context\":\"https:\\\/\\\/schema.org\",\"@graph\":[{\"@type\":\"WebPage\",\"@id\":\"https:\\\/\\\/www.polysoude.com\\\/fr\\\/a-propos-de-polysoude\\\/presentation-de-lentreprise\\\/\",\"url\":\"https:\\\/\\\/www.polysoude.com\\\/fr\\\/a-propos-de-polysoude\\\/presentation-de-lentreprise\\\/\",\"name\":\"Pr\u00e9sentation de l\u2019entreprise | Polysoude\",\"isPartOf\":{\"@id\":\"https:\\\/\\\/www.polysoude.com\\\/fr\\\/#website\"},\"primaryImageOfPage\":{\"@id\":\"https:\\\/\\\/www.polysoude.com\\\/fr\\\/a-propos-de-polysoude\\\/presentation-de-lentreprise\\\/#primaryimage\"},\"image\":{\"@id\":\"https:\\\/\\\/www.polysoude.com\\\/fr\\\/a-propos-de-polysoude\\\/presentation-de-lentreprise\\\/#primaryimage\"},\"thumbnailUrl\":\"https:\\\/\\\/www.polysoude.com\\\/wp-content\\\/uploads\\\/2016\\\/10\\\/about-polysoude-entrance.jpg\",\"datePublished\":\"2016-10-06T08:05:18+00:00\",\"dateModified\":\"2025-04-30T10:22:27+00:00\",\"description\":\"POLYSOUDE con\u00e7oit, fabrique et commercialise tout type d'\u00e9quipements utilisant des proc\u00e9d\u00e9s modernes de soudage \u00e0 l'arc. &nbsp; Nos domaines d'expertise :\",\"breadcrumb\":{\"@id\":\"https:\\\/\\\/www.polysoude.com\\\/fr\\\/a-propos-de-polysoude\\\/presentation-de-lentreprise\\\/#breadcrumb\"},\"inLanguage\":\"fr-FR\",\"potentialAction\":[{\"@type\":\"ReadAction\",\"target\":[\"https:\\\/\\\/www.polysoude.com\\\/fr\\\/a-propos-de-polysoude\\\/presentation-de-lentreprise\\\/\"]}]},{\"@type\":\"ImageObject\",\"inLanguage\":\"fr-FR\",\"@id\":\"https:\\\/\\\/www.polysoude.com\\\/fr\\\/a-propos-de-polysoude\\\/presentation-de-lentreprise\\\/#primaryimage\",\"url\":\"https:\\\/\\\/www.polysoude.com\\\/wp-content\\\/uploads\\\/2016\\\/10\\\/about-polysoude-entrance.jpg\",\"contentUrl\":\"https:\\\/\\\/www.polysoude.com\\\/wp-content\\\/uploads\\\/2016\\\/10\\\/about-polysoude-entrance.jpg\",\"width\":900,\"height\":675,\"caption\":\"About Polysoude entrance\"},{\"@type\":\"BreadcrumbList\",\"@id\":\"https:\\\/\\\/www.polysoude.com\\\/fr\\\/a-propos-de-polysoude\\\/presentation-de-lentreprise\\\/#breadcrumb\",\"itemListElement\":[{\"@type\":\"ListItem\",\"position\":1,\"name\":\"Home\",\"item\":\"https:\\\/\\\/www.polysoude.com\\\/fr\\\/accueil\\\/\"},{\"@type\":\"ListItem\",\"position\":2,\"name\":\"A propos de Polysoude\",\"item\":\"https:\\\/\\\/www.polysoude.com\\\/fr\\\/a-propos-de-polysoude\\\/\"},{\"@type\":\"ListItem\",\"position\":3,\"name\":\"Pr\u00e9sentation de l\u2019entreprise\"}]},{\"@type\":\"WebSite\",\"@id\":\"https:\\\/\\\/www.polysoude.com\\\/fr\\\/#website\",\"url\":\"https:\\\/\\\/www.polysoude.com\\\/fr\\\/\",\"name\":\"Polysoude\",\"description\":\"The art of welding\",\"publisher\":{\"@id\":\"https:\\\/\\\/www.polysoude.com\\\/fr\\\/#organization\"},\"alternateName\":\"Polysoude\",\"potentialAction\":[{\"@type\":\"SearchAction\",\"target\":{\"@type\":\"EntryPoint\",\"urlTemplate\":\"https:\\\/\\\/www.polysoude.com\\\/fr\\\/?s={search_term_string}\"},\"query-input\":{\"@type\":\"PropertyValueSpecification\",\"valueRequired\":true,\"valueName\":\"search_term_string\"}}],\"inLanguage\":\"fr-FR\"},{\"@type\":\"Organization\",\"@id\":\"https:\\\/\\\/www.polysoude.com\\\/fr\\\/#organization\",\"name\":\"Polysoude\",\"alternateName\":\"Polysoude\",\"url\":\"https:\\\/\\\/www.polysoude.com\\\/fr\\\/\",\"logo\":{\"@type\":\"ImageObject\",\"inLanguage\":\"fr-FR\",\"@id\":\"https:\\\/\\\/www.polysoude.com\\\/fr\\\/#\\\/schema\\\/logo\\\/image\\\/\",\"url\":\"https:\\\/\\\/www.polysoude.com\\\/wp-content\\\/uploads\\\/2022\\\/07\\\/Polysoude_Logo_signature_fond-transparent_600dpi_300mm_RVB-e1658123578778.png\",\"contentUrl\":\"https:\\\/\\\/www.polysoude.com\\\/wp-content\\\/uploads\\\/2022\\\/07\\\/Polysoude_Logo_signature_fond-transparent_600dpi_300mm_RVB-e1658123578778.png\",\"width\":465,\"height\":86,\"caption\":\"Polysoude\"},\"image\":{\"@id\":\"https:\\\/\\\/www.polysoude.com\\\/fr\\\/#\\\/schema\\\/logo\\\/image\\\/\"},\"sameAs\":[\"https:\\\/\\\/www.facebook.com\\\/Polysoude\\\/\",\"https:\\\/\\\/www.linkedin.com\\\/company\\\/polysoude\\\/\",\"https:\\\/\\\/www.instagram.com\\\/polysoudeglobal\\\/\"]}]}<\/script>\n<!-- \/ Yoast SEO plugin. -->","yoast_head_json":{"title":"Pr\u00e9sentation de l\u2019entreprise | Polysoude","description":"POLYSOUDE con\u00e7oit, fabrique et commercialise tout type d'\u00e9quipements utilisant des proc\u00e9d\u00e9s modernes de soudage \u00e0 l'arc. &nbsp; Nos domaines d'expertise :","robots":{"index":"index","follow":"follow","max-snippet":"max-snippet:-1","max-image-preview":"max-image-preview:large","max-video-preview":"max-video-preview:-1"},"canonical":"https:\/\/www.polysoude.com\/fr\/a-propos-de-polysoude\/presentation-de-lentreprise\/","og_locale":"fr_FR","og_type":"article","og_title":"Pr\u00e9sentation de l\u2019entreprise | Polysoude","og_description":"POLYSOUDE con\u00e7oit, fabrique et commercialise tout type d'\u00e9quipements utilisant des proc\u00e9d\u00e9s modernes de soudage \u00e0 l'arc. &nbsp; Nos domaines d'expertise :","og_url":"https:\/\/www.polysoude.com\/fr\/a-propos-de-polysoude\/presentation-de-lentreprise\/","og_site_name":"Polysoude","article_publisher":"https:\/\/www.facebook.com\/Polysoude\/","article_modified_time":"2025-04-30T10:22:27+00:00","og_image":[{"width":465,"height":86,"url":"https:\/\/www.polysoude.com\/wp-content\/uploads\/2022\/07\/Polysoude_Logo_signature_fond-transparent_600dpi_300mm_RVB-e1658123578778.png","type":"image\/png"}],"twitter_card":"summary_large_image","twitter_misc":{"Dur\u00e9e de lecture estim\u00e9e":"6 minutes"},"schema":{"@context":"https:\/\/schema.org","@graph":[{"@type":"WebPage","@id":"https:\/\/www.polysoude.com\/fr\/a-propos-de-polysoude\/presentation-de-lentreprise\/","url":"https:\/\/www.polysoude.com\/fr\/a-propos-de-polysoude\/presentation-de-lentreprise\/","name":"Pr\u00e9sentation de l\u2019entreprise | Polysoude","isPartOf":{"@id":"https:\/\/www.polysoude.com\/fr\/#website"},"primaryImageOfPage":{"@id":"https:\/\/www.polysoude.com\/fr\/a-propos-de-polysoude\/presentation-de-lentreprise\/#primaryimage"},"image":{"@id":"https:\/\/www.polysoude.com\/fr\/a-propos-de-polysoude\/presentation-de-lentreprise\/#primaryimage"},"thumbnailUrl":"https:\/\/www.polysoude.com\/wp-content\/uploads\/2016\/10\/about-polysoude-entrance.jpg","datePublished":"2016-10-06T08:05:18+00:00","dateModified":"2025-04-30T10:22:27+00:00","description":"POLYSOUDE con\u00e7oit, fabrique et commercialise tout type d'\u00e9quipements utilisant des proc\u00e9d\u00e9s modernes de soudage \u00e0 l'arc. &nbsp; Nos domaines d'expertise :","breadcrumb":{"@id":"https:\/\/www.polysoude.com\/fr\/a-propos-de-polysoude\/presentation-de-lentreprise\/#breadcrumb"},"inLanguage":"fr-FR","potentialAction":[{"@type":"ReadAction","target":["https:\/\/www.polysoude.com\/fr\/a-propos-de-polysoude\/presentation-de-lentreprise\/"]}]},{"@type":"ImageObject","inLanguage":"fr-FR","@id":"https:\/\/www.polysoude.com\/fr\/a-propos-de-polysoude\/presentation-de-lentreprise\/#primaryimage","url":"https:\/\/www.polysoude.com\/wp-content\/uploads\/2016\/10\/about-polysoude-entrance.jpg","contentUrl":"https:\/\/www.polysoude.com\/wp-content\/uploads\/2016\/10\/about-polysoude-entrance.jpg","width":900,"height":675,"caption":"About Polysoude entrance"},{"@type":"BreadcrumbList","@id":"https:\/\/www.polysoude.com\/fr\/a-propos-de-polysoude\/presentation-de-lentreprise\/#breadcrumb","itemListElement":[{"@type":"ListItem","position":1,"name":"Home","item":"https:\/\/www.polysoude.com\/fr\/accueil\/"},{"@type":"ListItem","position":2,"name":"A propos de Polysoude","item":"https:\/\/www.polysoude.com\/fr\/a-propos-de-polysoude\/"},{"@type":"ListItem","position":3,"name":"Pr\u00e9sentation de l\u2019entreprise"}]},{"@type":"WebSite","@id":"https:\/\/www.polysoude.com\/fr\/#website","url":"https:\/\/www.polysoude.com\/fr\/","name":"Polysoude","description":"The art of welding","publisher":{"@id":"https:\/\/www.polysoude.com\/fr\/#organization"},"alternateName":"Polysoude","potentialAction":[{"@type":"SearchAction","target":{"@type":"EntryPoint","urlTemplate":"https:\/\/www.polysoude.com\/fr\/?s={search_term_string}"},"query-input":{"@type":"PropertyValueSpecification","valueRequired":true,"valueName":"search_term_string"}}],"inLanguage":"fr-FR"},{"@type":"Organization","@id":"https:\/\/www.polysoude.com\/fr\/#organization","name":"Polysoude","alternateName":"Polysoude","url":"https:\/\/www.polysoude.com\/fr\/","logo":{"@type":"ImageObject","inLanguage":"fr-FR","@id":"https:\/\/www.polysoude.com\/fr\/#\/schema\/logo\/image\/","url":"https:\/\/www.polysoude.com\/wp-content\/uploads\/2022\/07\/Polysoude_Logo_signature_fond-transparent_600dpi_300mm_RVB-e1658123578778.png","contentUrl":"https:\/\/www.polysoude.com\/wp-content\/uploads\/2022\/07\/Polysoude_Logo_signature_fond-transparent_600dpi_300mm_RVB-e1658123578778.png","width":465,"height":86,"caption":"Polysoude"},"image":{"@id":"https:\/\/www.polysoude.com\/fr\/#\/schema\/logo\/image\/"},"sameAs":["https:\/\/www.facebook.com\/Polysoude\/","https:\/\/www.linkedin.com\/company\/polysoude\/","https:\/\/www.instagram.com\/polysoudeglobal\/"]}]}},"_links":{"self":[{"href":"https:\/\/www.polysoude.com\/fr\/wp-json\/wp\/v2\/pages\/366","targetHints":{"allow":["GET"]}}],"collection":[{"href":"https:\/\/www.polysoude.com\/fr\/wp-json\/wp\/v2\/pages"}],"about":[{"href":"https:\/\/www.polysoude.com\/fr\/wp-json\/wp\/v2\/types\/page"}],"author":[{"embeddable":true,"href":"https:\/\/www.polysoude.com\/fr\/wp-json\/wp\/v2\/users\/1"}],"replies":[{"embeddable":true,"href":"https:\/\/www.polysoude.com\/fr\/wp-json\/wp\/v2\/comments?post=366"}],"version-history":[{"count":18,"href":"https:\/\/www.polysoude.com\/fr\/wp-json\/wp\/v2\/pages\/366\/revisions"}],"predecessor-version":[{"id":50891,"href":"https:\/\/www.polysoude.com\/fr\/wp-json\/wp\/v2\/pages\/366\/revisions\/50891"}],"up":[{"embeddable":true,"href":"https:\/\/www.polysoude.com\/fr\/wp-json\/wp\/v2\/pages\/364"}],"wp:featuredmedia":[{"embeddable":true,"href":"https:\/\/www.polysoude.com\/fr\/wp-json\/wp\/v2\/media\/682"}],"wp:attachment":[{"href":"https:\/\/www.polysoude.com\/fr\/wp-json\/wp\/v2\/media?parent=366"}],"curies":[{"name":"wp","href":"https:\/\/api.w.org\/{rel}","templated":true}]}}