{"id":371,"date":"2016-10-06T10:05:50","date_gmt":"2016-10-06T08:05:50","guid":{"rendered":"http:\/\/www.polysoude.com\/?page_id=371&#038;lang=fr"},"modified":"2019-09-06T15:39:44","modified_gmt":"2019-09-06T13:39:44","slug":"innovations","status":"publish","type":"page","link":"https:\/\/www.polysoude.com\/fr\/a-propos-de-polysoude\/innovations\/","title":{"rendered":"Innovations"},"content":{"rendered":"\n\t<h4>Valoriser la R&amp;D<\/h4>\n<p>Depuis 50 ans, les savoir-faire sont multiples &#8211; ma\u00eetrise des proc\u00e9d\u00e9s de soudage, conception \/ ing\u00e9nierie m\u00e9canique des outils, intelligence de l\u2019\u00e9lectronique et des logiciels industriels \u2013 et la technologie est unique. Les ing\u00e9nieurs et les techniciens du Bureau d\u2019\u00c9tudes ont su d\u00e9multiplier leur capacit\u00e9 d\u2019innovation, illustr\u00e9e par des solutions toujours plus performantes, toujours plus fiables, toujours plus simples d\u2019utilisation.<\/p>\n\t\t\t\t<img loading=\"lazy\" decoding=\"async\" src=\"https:\/\/www.polysoude.com\/wp-content\/uploads\/2016\/10\/about_innov_ng-welding.jpg\" alt=\"Polysoude Narrow Groove welding\" itemprop=\"image\" height=\"2258\" width=\"1500\" title=\"about_innov_ng-welding\" onerror=\"this.style.display='none'\"  \/>\n\t\t\t\t<img loading=\"lazy\" decoding=\"async\" src=\"https:\/\/www.polysoude.com\/wp-content\/uploads\/2016\/10\/about_innov_tiger.jpg\" alt=\"TIGer weld overlay cladding\" itemprop=\"image\" height=\"1479\" width=\"1500\" title=\"about_innov_tiger\" onerror=\"this.style.display='none'\"  \/>\n\t<h4>Aller toujours plus loin dans la qualit\u00e9<\/h4>\n<p>Depuis avril 2006, <a href=\"https:\/\/www.polysoude.com\/fr\/\">Polysoude<\/a> est certifi\u00e9e <strong>ISO 9001<\/strong>. Cette certification encadre rigoureusement la d\u00e9marche d\u2019am\u00e9lioration continue de notre syst\u00e8me qualit\u00e9 et de nos produits et prestations clients. Cette exigence se d\u00e9cline aujourd\u2019hui en outils performants mis en place pour r\u00e9pondre \u00e0 nos besoins sp\u00e9cifiques : Intranet, SGDT, DAO, FAO, ERP, CRM.<\/p>\n\t\t\t\t<img loading=\"lazy\" decoding=\"async\" src=\"https:\/\/www.polysoude.com\/wp-content\/uploads\/2016\/10\/about_innov_certification_iso-9001.jpg\" alt=\"about_innov_certification_iso-9001\" itemprop=\"image\" height=\"219\" width=\"433\" title=\"about_innov_certification_iso-9001\" onerror=\"this.style.display='none'\"  \/>\n\t<h4>Innovations r\u00e9centes<\/h4>\n<p>Le proc\u00e9d\u00e9 <strong>TIG<sup>er<\/sup><\/strong>, innovation iconique de Polysoude, est issu d\u2019un d\u00e9veloppement technologique datant de 2013. Il s\u2019agit d\u2019une variante du principe du soudage TIG Fil Chaud. D\u2019importantes investigations ont permis de d\u00e9finir conjointement les conditions op\u00e9ratoires optimales et une conception de torche particuli\u00e8re afin d\u2019obtenir le meilleur niveau de performance. Le principe de base est relatif \u00e0 la juxtaposition de deux arcs TIG configur\u00e9s de mani\u00e8re \u00e0 n\u2019en former qu\u2019un. Celui-ci est dot\u00e9 du pouvoir calorifique de la combinaison des deux puissances, mais disposant de caract\u00e9ristiques inhabituelles pour de telles intensit\u00e9s. En effet, selon la position de deux \u00e9lectrodes, il est possible de r\u00e9duire consid\u00e9rablement la fusion du support pour parvenir \u00e0 des taux de dilution qui rendent le TIG<sup>er<\/sup> parfaitement adapt\u00e9 aux applications de rechargement.<\/p>\n","protected":false},"excerpt":{"rendered":"<p>Valoriser la R&amp;D Depuis 50 ans, les savoir-faire sont multiples &#8211; ma\u00eetrise des proc\u00e9d\u00e9s de soudage, conception \/ ing\u00e9nierie m\u00e9canique des outils, intelligence de l\u2019\u00e9lectronique et des logiciels industriels \u2013 et la technologie est unique. Les ing\u00e9nieurs et les techniciens du Bureau d\u2019\u00c9tudes ont su d\u00e9multiplier leur capacit\u00e9 d\u2019innovation, illustr\u00e9e par des solutions toujours plus [&hellip;]<\/p>\n","protected":false},"author":1,"featured_media":8435,"parent":364,"menu_order":0,"comment_status":"closed","ping_status":"closed","template":"page-contenu.php","meta":{"_acf_changed":false,"footnotes":""},"class_list":["post-371","page","type-page","status-publish","has-post-thumbnail","hentry"],"acf":[],"yoast_head":"<!-- This site is optimized with the Yoast SEO plugin v27.3 - https:\/\/yoast.com\/product\/yoast-seo-wordpress\/ -->\n<title>Innovations | Polysoude<\/title>\n<meta name=\"description\" content=\"Valoriser la R&amp;D Depuis 50 ans, les savoir-faire sont multiples - ma\u00eetrise des proc\u00e9d\u00e9s de soudage, conception \/ ing\u00e9nierie m\u00e9canique des outils,\" \/>\n<meta name=\"robots\" content=\"index, follow, max-snippet:-1, max-image-preview:large, max-video-preview:-1\" \/>\n<link rel=\"canonical\" href=\"https:\/\/www.polysoude.com\/fr\/a-propos-de-polysoude\/innovations\/\" \/>\n<meta property=\"og:locale\" content=\"fr_FR\" \/>\n<meta property=\"og:type\" content=\"article\" \/>\n<meta property=\"og:title\" content=\"Innovations | Polysoude\" \/>\n<meta property=\"og:description\" content=\"Valoriser la R&amp;D Depuis 50 ans, les savoir-faire sont multiples - ma\u00eetrise des proc\u00e9d\u00e9s de soudage, conception \/ ing\u00e9nierie m\u00e9canique des outils,\" \/>\n<meta property=\"og:url\" content=\"https:\/\/www.polysoude.com\/fr\/a-propos-de-polysoude\/innovations\/\" \/>\n<meta property=\"og:site_name\" content=\"Polysoude\" \/>\n<meta property=\"article:publisher\" content=\"https:\/\/www.facebook.com\/Polysoude\/\" \/>\n<meta property=\"article:modified_time\" content=\"2019-09-06T13:39:44+00:00\" \/>\n<meta property=\"og:image\" content=\"https:\/\/www.polysoude.com\/wp-content\/uploads\/2022\/07\/Polysoude_Logo_signature_fond-transparent_600dpi_300mm_RVB-e1658123578778.png\" \/>\n\t<meta property=\"og:image:width\" content=\"465\" \/>\n\t<meta property=\"og:image:height\" content=\"86\" \/>\n\t<meta property=\"og:image:type\" content=\"image\/png\" \/>\n<meta name=\"twitter:card\" content=\"summary_large_image\" \/>\n<meta name=\"twitter:label1\" content=\"Dur\u00e9e de lecture estim\u00e9e\" \/>\n\t<meta name=\"twitter:data1\" content=\"1 minute\" \/>\n<script type=\"application\/ld+json\" class=\"yoast-schema-graph\">{\"@context\":\"https:\\\/\\\/schema.org\",\"@graph\":[{\"@type\":\"WebPage\",\"@id\":\"https:\\\/\\\/www.polysoude.com\\\/fr\\\/a-propos-de-polysoude\\\/innovations\\\/\",\"url\":\"https:\\\/\\\/www.polysoude.com\\\/fr\\\/a-propos-de-polysoude\\\/innovations\\\/\",\"name\":\"Innovations | Polysoude\",\"isPartOf\":{\"@id\":\"https:\\\/\\\/www.polysoude.com\\\/fr\\\/#website\"},\"primaryImageOfPage\":{\"@id\":\"https:\\\/\\\/www.polysoude.com\\\/fr\\\/a-propos-de-polysoude\\\/innovations\\\/#primaryimage\"},\"image\":{\"@id\":\"https:\\\/\\\/www.polysoude.com\\\/fr\\\/a-propos-de-polysoude\\\/innovations\\\/#primaryimage\"},\"thumbnailUrl\":\"https:\\\/\\\/www.polysoude.com\\\/wp-content\\\/uploads\\\/2016\\\/10\\\/innovation-tiger_500px.jpg\",\"datePublished\":\"2016-10-06T08:05:50+00:00\",\"dateModified\":\"2019-09-06T13:39:44+00:00\",\"description\":\"Valoriser la R&amp;D Depuis 50 ans, les savoir-faire sont multiples - ma\u00eetrise des proc\u00e9d\u00e9s de soudage, conception \\\/ ing\u00e9nierie m\u00e9canique des outils,\",\"breadcrumb\":{\"@id\":\"https:\\\/\\\/www.polysoude.com\\\/fr\\\/a-propos-de-polysoude\\\/innovations\\\/#breadcrumb\"},\"inLanguage\":\"fr-FR\",\"potentialAction\":[{\"@type\":\"ReadAction\",\"target\":[\"https:\\\/\\\/www.polysoude.com\\\/fr\\\/a-propos-de-polysoude\\\/innovations\\\/\"]}]},{\"@type\":\"ImageObject\",\"inLanguage\":\"fr-FR\",\"@id\":\"https:\\\/\\\/www.polysoude.com\\\/fr\\\/a-propos-de-polysoude\\\/innovations\\\/#primaryimage\",\"url\":\"https:\\\/\\\/www.polysoude.com\\\/wp-content\\\/uploads\\\/2016\\\/10\\\/innovation-tiger_500px.jpg\",\"contentUrl\":\"https:\\\/\\\/www.polysoude.com\\\/wp-content\\\/uploads\\\/2016\\\/10\\\/innovation-tiger_500px.jpg\",\"width\":500,\"height\":500},{\"@type\":\"BreadcrumbList\",\"@id\":\"https:\\\/\\\/www.polysoude.com\\\/fr\\\/a-propos-de-polysoude\\\/innovations\\\/#breadcrumb\",\"itemListElement\":[{\"@type\":\"ListItem\",\"position\":1,\"name\":\"Home\",\"item\":\"https:\\\/\\\/www.polysoude.com\\\/fr\\\/accueil\\\/\"},{\"@type\":\"ListItem\",\"position\":2,\"name\":\"A propos de Polysoude\",\"item\":\"https:\\\/\\\/www.polysoude.com\\\/fr\\\/a-propos-de-polysoude\\\/\"},{\"@type\":\"ListItem\",\"position\":3,\"name\":\"Innovations\"}]},{\"@type\":\"WebSite\",\"@id\":\"https:\\\/\\\/www.polysoude.com\\\/fr\\\/#website\",\"url\":\"https:\\\/\\\/www.polysoude.com\\\/fr\\\/\",\"name\":\"Polysoude\",\"description\":\"The art of welding\",\"publisher\":{\"@id\":\"https:\\\/\\\/www.polysoude.com\\\/fr\\\/#organization\"},\"alternateName\":\"Polysoude\",\"potentialAction\":[{\"@type\":\"SearchAction\",\"target\":{\"@type\":\"EntryPoint\",\"urlTemplate\":\"https:\\\/\\\/www.polysoude.com\\\/fr\\\/?s={search_term_string}\"},\"query-input\":{\"@type\":\"PropertyValueSpecification\",\"valueRequired\":true,\"valueName\":\"search_term_string\"}}],\"inLanguage\":\"fr-FR\"},{\"@type\":\"Organization\",\"@id\":\"https:\\\/\\\/www.polysoude.com\\\/fr\\\/#organization\",\"name\":\"Polysoude\",\"alternateName\":\"Polysoude\",\"url\":\"https:\\\/\\\/www.polysoude.com\\\/fr\\\/\",\"logo\":{\"@type\":\"ImageObject\",\"inLanguage\":\"fr-FR\",\"@id\":\"https:\\\/\\\/www.polysoude.com\\\/fr\\\/#\\\/schema\\\/logo\\\/image\\\/\",\"url\":\"https:\\\/\\\/www.polysoude.com\\\/wp-content\\\/uploads\\\/2022\\\/07\\\/Polysoude_Logo_signature_fond-transparent_600dpi_300mm_RVB-e1658123578778.png\",\"contentUrl\":\"https:\\\/\\\/www.polysoude.com\\\/wp-content\\\/uploads\\\/2022\\\/07\\\/Polysoude_Logo_signature_fond-transparent_600dpi_300mm_RVB-e1658123578778.png\",\"width\":465,\"height\":86,\"caption\":\"Polysoude\"},\"image\":{\"@id\":\"https:\\\/\\\/www.polysoude.com\\\/fr\\\/#\\\/schema\\\/logo\\\/image\\\/\"},\"sameAs\":[\"https:\\\/\\\/www.facebook.com\\\/Polysoude\\\/\",\"https:\\\/\\\/www.linkedin.com\\\/company\\\/polysoude\\\/\",\"https:\\\/\\\/www.instagram.com\\\/polysoudeglobal\\\/\"]}]}<\/script>\n<!-- \/ Yoast SEO plugin. -->","yoast_head_json":{"title":"Innovations | Polysoude","description":"Valoriser la R&amp;D Depuis 50 ans, les savoir-faire sont multiples - ma\u00eetrise des proc\u00e9d\u00e9s de soudage, conception \/ ing\u00e9nierie m\u00e9canique des outils,","robots":{"index":"index","follow":"follow","max-snippet":"max-snippet:-1","max-image-preview":"max-image-preview:large","max-video-preview":"max-video-preview:-1"},"canonical":"https:\/\/www.polysoude.com\/fr\/a-propos-de-polysoude\/innovations\/","og_locale":"fr_FR","og_type":"article","og_title":"Innovations | Polysoude","og_description":"Valoriser la R&amp;D Depuis 50 ans, les savoir-faire sont multiples - ma\u00eetrise des proc\u00e9d\u00e9s de soudage, conception \/ ing\u00e9nierie m\u00e9canique des outils,","og_url":"https:\/\/www.polysoude.com\/fr\/a-propos-de-polysoude\/innovations\/","og_site_name":"Polysoude","article_publisher":"https:\/\/www.facebook.com\/Polysoude\/","article_modified_time":"2019-09-06T13:39:44+00:00","og_image":[{"width":465,"height":86,"url":"https:\/\/www.polysoude.com\/wp-content\/uploads\/2022\/07\/Polysoude_Logo_signature_fond-transparent_600dpi_300mm_RVB-e1658123578778.png","type":"image\/png"}],"twitter_card":"summary_large_image","twitter_misc":{"Dur\u00e9e de lecture estim\u00e9e":"1 minute"},"schema":{"@context":"https:\/\/schema.org","@graph":[{"@type":"WebPage","@id":"https:\/\/www.polysoude.com\/fr\/a-propos-de-polysoude\/innovations\/","url":"https:\/\/www.polysoude.com\/fr\/a-propos-de-polysoude\/innovations\/","name":"Innovations | Polysoude","isPartOf":{"@id":"https:\/\/www.polysoude.com\/fr\/#website"},"primaryImageOfPage":{"@id":"https:\/\/www.polysoude.com\/fr\/a-propos-de-polysoude\/innovations\/#primaryimage"},"image":{"@id":"https:\/\/www.polysoude.com\/fr\/a-propos-de-polysoude\/innovations\/#primaryimage"},"thumbnailUrl":"https:\/\/www.polysoude.com\/wp-content\/uploads\/2016\/10\/innovation-tiger_500px.jpg","datePublished":"2016-10-06T08:05:50+00:00","dateModified":"2019-09-06T13:39:44+00:00","description":"Valoriser la R&amp;D Depuis 50 ans, les savoir-faire sont multiples - ma\u00eetrise des proc\u00e9d\u00e9s de soudage, conception \/ ing\u00e9nierie m\u00e9canique des outils,","breadcrumb":{"@id":"https:\/\/www.polysoude.com\/fr\/a-propos-de-polysoude\/innovations\/#breadcrumb"},"inLanguage":"fr-FR","potentialAction":[{"@type":"ReadAction","target":["https:\/\/www.polysoude.com\/fr\/a-propos-de-polysoude\/innovations\/"]}]},{"@type":"ImageObject","inLanguage":"fr-FR","@id":"https:\/\/www.polysoude.com\/fr\/a-propos-de-polysoude\/innovations\/#primaryimage","url":"https:\/\/www.polysoude.com\/wp-content\/uploads\/2016\/10\/innovation-tiger_500px.jpg","contentUrl":"https:\/\/www.polysoude.com\/wp-content\/uploads\/2016\/10\/innovation-tiger_500px.jpg","width":500,"height":500},{"@type":"BreadcrumbList","@id":"https:\/\/www.polysoude.com\/fr\/a-propos-de-polysoude\/innovations\/#breadcrumb","itemListElement":[{"@type":"ListItem","position":1,"name":"Home","item":"https:\/\/www.polysoude.com\/fr\/accueil\/"},{"@type":"ListItem","position":2,"name":"A propos de Polysoude","item":"https:\/\/www.polysoude.com\/fr\/a-propos-de-polysoude\/"},{"@type":"ListItem","position":3,"name":"Innovations"}]},{"@type":"WebSite","@id":"https:\/\/www.polysoude.com\/fr\/#website","url":"https:\/\/www.polysoude.com\/fr\/","name":"Polysoude","description":"The art of welding","publisher":{"@id":"https:\/\/www.polysoude.com\/fr\/#organization"},"alternateName":"Polysoude","potentialAction":[{"@type":"SearchAction","target":{"@type":"EntryPoint","urlTemplate":"https:\/\/www.polysoude.com\/fr\/?s={search_term_string}"},"query-input":{"@type":"PropertyValueSpecification","valueRequired":true,"valueName":"search_term_string"}}],"inLanguage":"fr-FR"},{"@type":"Organization","@id":"https:\/\/www.polysoude.com\/fr\/#organization","name":"Polysoude","alternateName":"Polysoude","url":"https:\/\/www.polysoude.com\/fr\/","logo":{"@type":"ImageObject","inLanguage":"fr-FR","@id":"https:\/\/www.polysoude.com\/fr\/#\/schema\/logo\/image\/","url":"https:\/\/www.polysoude.com\/wp-content\/uploads\/2022\/07\/Polysoude_Logo_signature_fond-transparent_600dpi_300mm_RVB-e1658123578778.png","contentUrl":"https:\/\/www.polysoude.com\/wp-content\/uploads\/2022\/07\/Polysoude_Logo_signature_fond-transparent_600dpi_300mm_RVB-e1658123578778.png","width":465,"height":86,"caption":"Polysoude"},"image":{"@id":"https:\/\/www.polysoude.com\/fr\/#\/schema\/logo\/image\/"},"sameAs":["https:\/\/www.facebook.com\/Polysoude\/","https:\/\/www.linkedin.com\/company\/polysoude\/","https:\/\/www.instagram.com\/polysoudeglobal\/"]}]}},"_links":{"self":[{"href":"https:\/\/www.polysoude.com\/fr\/wp-json\/wp\/v2\/pages\/371","targetHints":{"allow":["GET"]}}],"collection":[{"href":"https:\/\/www.polysoude.com\/fr\/wp-json\/wp\/v2\/pages"}],"about":[{"href":"https:\/\/www.polysoude.com\/fr\/wp-json\/wp\/v2\/types\/page"}],"author":[{"embeddable":true,"href":"https:\/\/www.polysoude.com\/fr\/wp-json\/wp\/v2\/users\/1"}],"replies":[{"embeddable":true,"href":"https:\/\/www.polysoude.com\/fr\/wp-json\/wp\/v2\/comments?post=371"}],"version-history":[{"count":10,"href":"https:\/\/www.polysoude.com\/fr\/wp-json\/wp\/v2\/pages\/371\/revisions"}],"predecessor-version":[{"id":26893,"href":"https:\/\/www.polysoude.com\/fr\/wp-json\/wp\/v2\/pages\/371\/revisions\/26893"}],"up":[{"embeddable":true,"href":"https:\/\/www.polysoude.com\/fr\/wp-json\/wp\/v2\/pages\/364"}],"wp:featuredmedia":[{"embeddable":true,"href":"https:\/\/www.polysoude.com\/fr\/wp-json\/wp\/v2\/media\/8435"}],"wp:attachment":[{"href":"https:\/\/www.polysoude.com\/fr\/wp-json\/wp\/v2\/media?parent=371"}],"curies":[{"name":"wp","href":"https:\/\/api.w.org\/{rel}","templated":true}]}}