{"id":374,"date":"2016-10-06T10:06:12","date_gmt":"2016-10-06T08:06:12","guid":{"rendered":"http:\/\/www.polysoude.com\/?page_id=374&#038;lang=fr"},"modified":"2026-03-05T18:07:16","modified_gmt":"2026-03-05T17:07:16","slug":"partners","status":"publish","type":"page","link":"https:\/\/www.polysoude.com\/fr\/a-propos-de-polysoude\/partners\/","title":{"rendered":"Partnenaires &amp; Associations"},"content":{"rendered":"\n\n\t<p><strong>PARTENAIRES<\/strong><\/p>\n\t<p>ENSEMBLE NOUS ATTEIGNONS NOS BUTS<\/p>\n<p>Chez <a href=\"https:\/\/www.polysoude.com\/fr\/\">POLYSOUDE<\/a>, notre philosophie est claire : le talent gagne les matchs mais le travail d&rsquo;\u00e9quipe gagne le championnat ! C&rsquo;est pourquoi nous sommes fiers de vous pr\u00e9senter nos partenaire privil\u00e9gi\u00e9s et de confiance<\/p>\n\t\t\t\t<a href=\"https:\/\/www.ewm-group.com\/en\/\" target=\"_blank\" rel=\"noopener nofollow\" itemprop=\"url\">\n\t\t\t\t<img loading=\"lazy\" decoding=\"async\" src=\"https:\/\/www.polysoude.com\/wp-content\/uploads\/2019\/04\/Logo-EWM-300x122.jpg\" alt=\"ewm-Logo-100cm\" itemprop=\"image\" height=\"122\" width=\"300\" title=\"ewm-Logo-100cm\" onerror=\"this.style.display='none'\"  \/>\n\t\t\t\t<\/a>\n\t<p>Depuis 60 ans, <strong>EWM AG s&rsquo;est engag\u00e9e non seulement dans la production de machines \u00e0 souder, en particulier de g\u00e9n\u00e9rateurs de soudage \u00e9lectrique de haute qualit\u00e9<\/strong>, mais aussi, dans une plus large mesure, dans la recherche et le d\u00e9veloppement de proc\u00e9d\u00e9s et composants de soudage innovants.<\/p>\n\t\t\t\t<a href=\"https:\/\/www.protemusa.com\/\" target=\"_blank\" rel=\"noopener nofollow\" itemprop=\"url\">\n\t\t\t\t<img loading=\"lazy\" decoding=\"async\" src=\"https:\/\/www.polysoude.com\/wp-content\/uploads\/2019\/04\/Logo-Protem-300x78.jpg\" alt=\"Logo Protem\" itemprop=\"image\" height=\"78\" width=\"300\" title=\"Logo Protem\" onerror=\"this.style.display='none'\"  \/>\n\t\t\t\t<\/a>\n\t<p><strong>Concepteur et fabricant d&rsquo;\u00e9quipements portables d&rsquo;usinage, de coupage et de soudage<\/strong>, PROTEM est sp\u00e9cialis\u00e9 dans l&rsquo;\u00e9tude, la conception et la fabrication de machines portables pour la construction, la maintenance, la r\u00e9paration et le d\u00e9montage de tubes et pipes.<\/p>\n\t\t\t\t<a href=\"https:\/\/t-drill.fi\/\" target=\"_blank\" rel=\"noopener nofollow\" itemprop=\"url\">\n\t\t\t\t<img loading=\"lazy\" decoding=\"async\" src=\"https:\/\/www.polysoude.com\/wp-content\/uploads\/2019\/04\/tdrill-logo.png\" alt=\"tdrill-logo\" itemprop=\"image\" height=\"80\" width=\"319\" title=\"tdrill-logo\" onerror=\"this.style.display='none'\"  \/>\n\t\t\t\t<\/a>\n\t<p><strong>Fournisseur leader mondial de solutions de fabrication de tubes et pipes, entre autres de machines-outils de haute pr\u00e9cision pour les extrusions, les t\u00e9s et bien d&rsquo;autres applications<\/strong>. Pendant plus de trois d\u00e9cennies, T-DRILL a continu\u00e9 \u00e0 d\u00e9velopper des solutions pour diverses applications dans de nombreuses industries, ce qui a donn\u00e9 lieu \u00e0 d&rsquo;innombrables succ\u00e8s dans plus de soixante-dix pays.<\/p>\n\t<p><strong>ASSOCIATIONS<\/strong><\/p>\n\t<h4>POUSSER AU-DEL\u00c0 DES FRONTI\u00c8RES<\/h4>\n<p>POLYSOUDE est un membre actif, permanent ou affili\u00e9 \u00e0 de nombreux instituts de soudage et organisations interprofessionnelles \u00e0 travers le monde.<\/p>\n<p>&nbsp;<\/p>\n\t\t\t\t<a href=\"https:\/\/www.ehedg.fr\/\" target=\"_blank\" rel=\"noopener nofollow\" itemprop=\"url\">\n\t\t\t\t<img loading=\"lazy\" decoding=\"async\" src=\"https:\/\/www.polysoude.com\/wp-content\/uploads\/2023\/01\/ehedg_member_since_2008_logo_rgb_1350x1350_210211-150x150.jpg\" alt=\"ehedg_member_since_2008_logo_rgb_1350x1350_210211\" itemprop=\"image\" height=\"150\" width=\"150\" title=\"ehedg_member_since_2008_logo_rgb_1350x1350_210211\" onerror=\"this.style.display='none'\"  \/>\n\t\t\t\t<\/a>\n\t\t\t\t<a href=\"https:\/\/www.isgroupe.com\/\" target=\"_blank\" rel=\"noopener nofollow\" itemprop=\"url\">\n\t\t\t\t<img loading=\"lazy\" decoding=\"async\" src=\"https:\/\/www.polysoude.com\/wp-content\/uploads\/2019\/08\/is_logo-150x150.jpg\" alt=\"is_logo\" itemprop=\"image\" height=\"150\" width=\"150\" title=\"is_logo\" onerror=\"this.style.display='none'\"  \/>\n\t\t\t\t<\/a>\n\t\t\t\t<a href=\"www.sis-asso.com\" target=\"_blank\" rel=\"noopener nofollow\" itemprop=\"url\">\n\t\t\t\t<img loading=\"lazy\" decoding=\"async\" src=\"https:\/\/www.polysoude.com\/wp-content\/uploads\/2019\/08\/sis_logo-150x150.jpg\" alt=\"sis_logo\" itemprop=\"image\" height=\"150\" width=\"150\" title=\"sis_logo\" onerror=\"this.style.display='none'\"  \/>\n\t\t\t\t<\/a>\n\t\t\t\t<a href=\"https:\/\/www.die-verbindungs-spezialisten.de\" target=\"_blank\" rel=\"noopener nofollow\" itemprop=\"url\">\n\t\t\t\t<img loading=\"lazy\" decoding=\"async\" src=\"https:\/\/www.polysoude.com\/wp-content\/uploads\/2019\/08\/DVS-Deutscher_Verband_f\u00fcr_Schwei\u00dfen_und_verwandte_Verfahren_Logo-150x150.jpg\" alt=\"DVS-Deutscher_Verband_f\u00fcr_Schwei\u00dfen_und_verwandte_Verfahren_Logo\" itemprop=\"image\" height=\"150\" width=\"150\" title=\"DVS-Deutscher_Verband_f\u00fcr_Schwei\u00dfen_und_verwandte_Verfahren_Logo\" onerror=\"this.style.display='none'\"  \/>\n\t\t\t\t<\/a>\n\t\t\t\t<a href=\"https:\/\/www.gifen.fr\/\" target=\"_blank\" rel=\"noopener nofollow\" itemprop=\"url\">\n\t\t\t\t<img loading=\"lazy\" decoding=\"async\" src=\"https:\/\/www.polysoude.com\/wp-content\/uploads\/2021\/05\/GIFEN_nuclear-Square-150x150.jpg\" alt=\"GIFEN_nuclear Square\" itemprop=\"image\" height=\"150\" width=\"150\" title=\"GIFEN_nuclear Square\" onerror=\"this.style.display='none'\"  \/>\n\t\t\t\t<\/a>\n\t\t\t\t<a href=\"https:\/\/www.nil.nl\/\" target=\"_blank\" rel=\"noopener nofollow\" itemprop=\"url\">\n\t\t\t\t<img loading=\"lazy\" decoding=\"async\" src=\"https:\/\/www.polysoude.com\/wp-content\/uploads\/2019\/08\/nil_logo-150x150.jpg\" alt=\"nil_logo\" itemprop=\"image\" height=\"150\" width=\"150\" title=\"nil_logo\" onerror=\"this.style.display='none'\"  \/>\n\t\t\t\t<\/a>\n\t\t\t\t<a href=\"https:\/\/www.nuclearvalley.com\/en\/\" target=\"_blank\" rel=\"noopener nofollow\" itemprop=\"url\">\n\t\t\t\t<img loading=\"lazy\" decoding=\"async\" src=\"https:\/\/www.polysoude.com\/wp-content\/uploads\/2021\/01\/Logo-Nuclear-valley-blc-Pole-comp\u00e9titivite-Nucl\u00e9aire-Fran\u00e7ais-150x150.jpg\" alt=\"Logo-Nuclear-valley blc Pole comp\u00e9titivite Nucl\u00e9aire Fran\u00e7ais\" itemprop=\"image\" height=\"150\" width=\"150\" title=\"Logo-Nuclear-valley blc Pole comp\u00e9titivite Nucl\u00e9aire Fran\u00e7ais\" onerror=\"this.style.display='none'\"  \/>\n\t\t\t\t<\/a>\n\t\t\t\t<a href=\"http:\/\/namrc.co.uk\/\" target=\"_blank\" rel=\"noopener nofollow\" itemprop=\"url\">\n\t\t\t\t<img loading=\"lazy\" decoding=\"async\" src=\"https:\/\/www.polysoude.com\/wp-content\/uploads\/2019\/08\/nuclear_amrc_logo-150x150.jpg\" alt=\"nuclear_amrc_logo\" itemprop=\"image\" height=\"150\" width=\"150\" title=\"nuclear_amrc_logo\" onerror=\"this.style.display='none'\"  \/>\n\t\t\t\t<\/a>\n\t\t\t\t<a href=\"https:\/\/travail-emploi.gouv.fr\/formation-professionnelle\/acteurs-cadre-et-qualite-de-la-formation-professionnelle\/article\/qualiopi-marque-de-certification-qualite-des-prestataires-de-formation\" target=\"_blank\" rel=\"noopener nofollow\" itemprop=\"url\">\n\t\t\t\t<img loading=\"lazy\" decoding=\"async\" src=\"https:\/\/www.polysoude.com\/wp-content\/uploads\/2022\/03\/Qualiopi-certification-qualit\u00e9-des-prestataires-de-formation-_-logo.png\" alt=\"Qualiopi certification qualit\u00e9 des prestataires de formation _ logo\" itemprop=\"image\" height=\"339\" width=\"634\" title=\"Qualiopi certification qualit\u00e9 des prestataires de formation _ logo\" onerror=\"this.style.display='none'\"  \/>\n\t\t\t\t<\/a>\n\n","protected":false},"excerpt":{"rendered":"<p>PARTENAIRES ENSEMBLE NOUS ATTEIGNONS NOS BUTS Chez POLYSOUDE, notre philosophie est claire : le talent gagne les matchs mais le travail d&rsquo;\u00e9quipe gagne le championnat ! C&rsquo;est pourquoi nous sommes fiers de vous pr\u00e9senter nos partenaire privil\u00e9gi\u00e9s et de confiance Depuis 60 ans, EWM AG s&rsquo;est engag\u00e9e non seulement dans la production de machines \u00e0 [&hellip;]<\/p>\n","protected":false},"author":1,"featured_media":8460,"parent":364,"menu_order":0,"comment_status":"closed","ping_status":"closed","template":"page-contenu.php","meta":{"_acf_changed":false,"footnotes":""},"class_list":["post-374","page","type-page","status-publish","has-post-thumbnail","hentry"],"acf":[],"yoast_head":"<!-- This site is optimized with the Yoast SEO plugin v27.3 - https:\/\/yoast.com\/product\/yoast-seo-wordpress\/ -->\n<title>Partnenaires &amp; Associations<\/title>\n<meta name=\"description\" content=\"PARTENAIRES ENSEMBLE NOUS ATTEIGNONS NOS BUTS Chez POLYSOUDE, notre philosophie est claire : le talent gagne les matchs mais le travail d&#039;\u00e9quipe gagne le\" \/>\n<meta name=\"robots\" content=\"index, follow, max-snippet:-1, max-image-preview:large, max-video-preview:-1\" \/>\n<link rel=\"canonical\" href=\"https:\/\/www.polysoude.com\/fr\/a-propos-de-polysoude\/partners\/\" \/>\n<meta property=\"og:locale\" content=\"fr_FR\" \/>\n<meta property=\"og:type\" content=\"article\" \/>\n<meta property=\"og:title\" content=\"Partnenaires &amp; Associations\" \/>\n<meta property=\"og:description\" content=\"PARTENAIRES ENSEMBLE NOUS ATTEIGNONS NOS BUTS Chez POLYSOUDE, notre philosophie est claire : le talent gagne les matchs mais le travail d&#039;\u00e9quipe gagne le\" \/>\n<meta property=\"og:url\" content=\"https:\/\/www.polysoude.com\/fr\/a-propos-de-polysoude\/partners\/\" \/>\n<meta property=\"og:site_name\" content=\"Polysoude\" \/>\n<meta property=\"article:publisher\" content=\"https:\/\/www.facebook.com\/Polysoude\/\" \/>\n<meta property=\"article:modified_time\" content=\"2026-03-05T17:07:16+00:00\" \/>\n<meta property=\"og:image\" content=\"https:\/\/www.polysoude.com\/wp-content\/uploads\/2016\/10\/about-partners-page.jpg\" \/>\n\t<meta property=\"og:image:width\" content=\"800\" \/>\n\t<meta property=\"og:image:height\" content=\"739\" \/>\n\t<meta property=\"og:image:type\" content=\"image\/jpeg\" \/>\n<meta name=\"twitter:card\" content=\"summary_large_image\" \/>\n<meta name=\"twitter:label1\" content=\"Dur\u00e9e de lecture estim\u00e9e\" \/>\n\t<meta name=\"twitter:data1\" content=\"1 minute\" \/>\n<script type=\"application\/ld+json\" class=\"yoast-schema-graph\">{\"@context\":\"https:\\\/\\\/schema.org\",\"@graph\":[{\"@type\":\"WebPage\",\"@id\":\"https:\\\/\\\/www.polysoude.com\\\/fr\\\/a-propos-de-polysoude\\\/partners\\\/\",\"url\":\"https:\\\/\\\/www.polysoude.com\\\/fr\\\/a-propos-de-polysoude\\\/partners\\\/\",\"name\":\"Partnenaires & Associations\",\"isPartOf\":{\"@id\":\"https:\\\/\\\/www.polysoude.com\\\/fr\\\/#website\"},\"primaryImageOfPage\":{\"@id\":\"https:\\\/\\\/www.polysoude.com\\\/fr\\\/a-propos-de-polysoude\\\/partners\\\/#primaryimage\"},\"image\":{\"@id\":\"https:\\\/\\\/www.polysoude.com\\\/fr\\\/a-propos-de-polysoude\\\/partners\\\/#primaryimage\"},\"thumbnailUrl\":\"https:\\\/\\\/www.polysoude.com\\\/wp-content\\\/uploads\\\/2016\\\/10\\\/about-partners-page.jpg\",\"datePublished\":\"2016-10-06T08:06:12+00:00\",\"dateModified\":\"2026-03-05T17:07:16+00:00\",\"description\":\"PARTENAIRES ENSEMBLE NOUS ATTEIGNONS NOS BUTS Chez POLYSOUDE, notre philosophie est claire : le talent gagne les matchs mais le travail d'\u00e9quipe gagne le\",\"breadcrumb\":{\"@id\":\"https:\\\/\\\/www.polysoude.com\\\/fr\\\/a-propos-de-polysoude\\\/partners\\\/#breadcrumb\"},\"inLanguage\":\"fr-FR\",\"potentialAction\":[{\"@type\":\"ReadAction\",\"target\":[\"https:\\\/\\\/www.polysoude.com\\\/fr\\\/a-propos-de-polysoude\\\/partners\\\/\"]}]},{\"@type\":\"ImageObject\",\"inLanguage\":\"fr-FR\",\"@id\":\"https:\\\/\\\/www.polysoude.com\\\/fr\\\/a-propos-de-polysoude\\\/partners\\\/#primaryimage\",\"url\":\"https:\\\/\\\/www.polysoude.com\\\/wp-content\\\/uploads\\\/2016\\\/10\\\/about-partners-page.jpg\",\"contentUrl\":\"https:\\\/\\\/www.polysoude.com\\\/wp-content\\\/uploads\\\/2016\\\/10\\\/about-partners-page.jpg\",\"width\":800,\"height\":739,\"caption\":\"Partnerships\"},{\"@type\":\"BreadcrumbList\",\"@id\":\"https:\\\/\\\/www.polysoude.com\\\/fr\\\/a-propos-de-polysoude\\\/partners\\\/#breadcrumb\",\"itemListElement\":[{\"@type\":\"ListItem\",\"position\":1,\"name\":\"Home\",\"item\":\"https:\\\/\\\/www.polysoude.com\\\/fr\\\/accueil\\\/\"},{\"@type\":\"ListItem\",\"position\":2,\"name\":\"A propos de Polysoude\",\"item\":\"https:\\\/\\\/www.polysoude.com\\\/fr\\\/a-propos-de-polysoude\\\/\"},{\"@type\":\"ListItem\",\"position\":3,\"name\":\"Partnenaires &amp; Associations\"}]},{\"@type\":\"WebSite\",\"@id\":\"https:\\\/\\\/www.polysoude.com\\\/fr\\\/#website\",\"url\":\"https:\\\/\\\/www.polysoude.com\\\/fr\\\/\",\"name\":\"Polysoude\",\"description\":\"The art of welding\",\"publisher\":{\"@id\":\"https:\\\/\\\/www.polysoude.com\\\/fr\\\/#organization\"},\"alternateName\":\"Polysoude\",\"potentialAction\":[{\"@type\":\"SearchAction\",\"target\":{\"@type\":\"EntryPoint\",\"urlTemplate\":\"https:\\\/\\\/www.polysoude.com\\\/fr\\\/?s={search_term_string}\"},\"query-input\":{\"@type\":\"PropertyValueSpecification\",\"valueRequired\":true,\"valueName\":\"search_term_string\"}}],\"inLanguage\":\"fr-FR\"},{\"@type\":\"Organization\",\"@id\":\"https:\\\/\\\/www.polysoude.com\\\/fr\\\/#organization\",\"name\":\"Polysoude\",\"alternateName\":\"Polysoude\",\"url\":\"https:\\\/\\\/www.polysoude.com\\\/fr\\\/\",\"logo\":{\"@type\":\"ImageObject\",\"inLanguage\":\"fr-FR\",\"@id\":\"https:\\\/\\\/www.polysoude.com\\\/fr\\\/#\\\/schema\\\/logo\\\/image\\\/\",\"url\":\"https:\\\/\\\/www.polysoude.com\\\/wp-content\\\/uploads\\\/2022\\\/07\\\/Polysoude_Logo_signature_fond-transparent_600dpi_300mm_RVB-e1658123578778.png\",\"contentUrl\":\"https:\\\/\\\/www.polysoude.com\\\/wp-content\\\/uploads\\\/2022\\\/07\\\/Polysoude_Logo_signature_fond-transparent_600dpi_300mm_RVB-e1658123578778.png\",\"width\":465,\"height\":86,\"caption\":\"Polysoude\"},\"image\":{\"@id\":\"https:\\\/\\\/www.polysoude.com\\\/fr\\\/#\\\/schema\\\/logo\\\/image\\\/\"},\"sameAs\":[\"https:\\\/\\\/www.facebook.com\\\/Polysoude\\\/\",\"https:\\\/\\\/www.linkedin.com\\\/company\\\/polysoude\\\/\",\"https:\\\/\\\/www.instagram.com\\\/polysoudeglobal\\\/\"]}]}<\/script>\n<!-- \/ Yoast SEO plugin. -->","yoast_head_json":{"title":"Partnenaires & Associations","description":"PARTENAIRES ENSEMBLE NOUS ATTEIGNONS NOS BUTS Chez POLYSOUDE, notre philosophie est claire : le talent gagne les matchs mais le travail d'\u00e9quipe gagne le","robots":{"index":"index","follow":"follow","max-snippet":"max-snippet:-1","max-image-preview":"max-image-preview:large","max-video-preview":"max-video-preview:-1"},"canonical":"https:\/\/www.polysoude.com\/fr\/a-propos-de-polysoude\/partners\/","og_locale":"fr_FR","og_type":"article","og_title":"Partnenaires & Associations","og_description":"PARTENAIRES ENSEMBLE NOUS ATTEIGNONS NOS BUTS Chez POLYSOUDE, notre philosophie est claire : le talent gagne les matchs mais le travail d'\u00e9quipe gagne le","og_url":"https:\/\/www.polysoude.com\/fr\/a-propos-de-polysoude\/partners\/","og_site_name":"Polysoude","article_publisher":"https:\/\/www.facebook.com\/Polysoude\/","article_modified_time":"2026-03-05T17:07:16+00:00","og_image":[{"width":800,"height":739,"url":"https:\/\/www.polysoude.com\/wp-content\/uploads\/2016\/10\/about-partners-page.jpg","type":"image\/jpeg"}],"twitter_card":"summary_large_image","twitter_misc":{"Dur\u00e9e de lecture estim\u00e9e":"1 minute"},"schema":{"@context":"https:\/\/schema.org","@graph":[{"@type":"WebPage","@id":"https:\/\/www.polysoude.com\/fr\/a-propos-de-polysoude\/partners\/","url":"https:\/\/www.polysoude.com\/fr\/a-propos-de-polysoude\/partners\/","name":"Partnenaires & Associations","isPartOf":{"@id":"https:\/\/www.polysoude.com\/fr\/#website"},"primaryImageOfPage":{"@id":"https:\/\/www.polysoude.com\/fr\/a-propos-de-polysoude\/partners\/#primaryimage"},"image":{"@id":"https:\/\/www.polysoude.com\/fr\/a-propos-de-polysoude\/partners\/#primaryimage"},"thumbnailUrl":"https:\/\/www.polysoude.com\/wp-content\/uploads\/2016\/10\/about-partners-page.jpg","datePublished":"2016-10-06T08:06:12+00:00","dateModified":"2026-03-05T17:07:16+00:00","description":"PARTENAIRES ENSEMBLE NOUS ATTEIGNONS NOS BUTS Chez POLYSOUDE, notre philosophie est claire : le talent gagne les matchs mais le travail d'\u00e9quipe gagne le","breadcrumb":{"@id":"https:\/\/www.polysoude.com\/fr\/a-propos-de-polysoude\/partners\/#breadcrumb"},"inLanguage":"fr-FR","potentialAction":[{"@type":"ReadAction","target":["https:\/\/www.polysoude.com\/fr\/a-propos-de-polysoude\/partners\/"]}]},{"@type":"ImageObject","inLanguage":"fr-FR","@id":"https:\/\/www.polysoude.com\/fr\/a-propos-de-polysoude\/partners\/#primaryimage","url":"https:\/\/www.polysoude.com\/wp-content\/uploads\/2016\/10\/about-partners-page.jpg","contentUrl":"https:\/\/www.polysoude.com\/wp-content\/uploads\/2016\/10\/about-partners-page.jpg","width":800,"height":739,"caption":"Partnerships"},{"@type":"BreadcrumbList","@id":"https:\/\/www.polysoude.com\/fr\/a-propos-de-polysoude\/partners\/#breadcrumb","itemListElement":[{"@type":"ListItem","position":1,"name":"Home","item":"https:\/\/www.polysoude.com\/fr\/accueil\/"},{"@type":"ListItem","position":2,"name":"A propos de Polysoude","item":"https:\/\/www.polysoude.com\/fr\/a-propos-de-polysoude\/"},{"@type":"ListItem","position":3,"name":"Partnenaires &amp; Associations"}]},{"@type":"WebSite","@id":"https:\/\/www.polysoude.com\/fr\/#website","url":"https:\/\/www.polysoude.com\/fr\/","name":"Polysoude","description":"The art of welding","publisher":{"@id":"https:\/\/www.polysoude.com\/fr\/#organization"},"alternateName":"Polysoude","potentialAction":[{"@type":"SearchAction","target":{"@type":"EntryPoint","urlTemplate":"https:\/\/www.polysoude.com\/fr\/?s={search_term_string}"},"query-input":{"@type":"PropertyValueSpecification","valueRequired":true,"valueName":"search_term_string"}}],"inLanguage":"fr-FR"},{"@type":"Organization","@id":"https:\/\/www.polysoude.com\/fr\/#organization","name":"Polysoude","alternateName":"Polysoude","url":"https:\/\/www.polysoude.com\/fr\/","logo":{"@type":"ImageObject","inLanguage":"fr-FR","@id":"https:\/\/www.polysoude.com\/fr\/#\/schema\/logo\/image\/","url":"https:\/\/www.polysoude.com\/wp-content\/uploads\/2022\/07\/Polysoude_Logo_signature_fond-transparent_600dpi_300mm_RVB-e1658123578778.png","contentUrl":"https:\/\/www.polysoude.com\/wp-content\/uploads\/2022\/07\/Polysoude_Logo_signature_fond-transparent_600dpi_300mm_RVB-e1658123578778.png","width":465,"height":86,"caption":"Polysoude"},"image":{"@id":"https:\/\/www.polysoude.com\/fr\/#\/schema\/logo\/image\/"},"sameAs":["https:\/\/www.facebook.com\/Polysoude\/","https:\/\/www.linkedin.com\/company\/polysoude\/","https:\/\/www.instagram.com\/polysoudeglobal\/"]}]}},"_links":{"self":[{"href":"https:\/\/www.polysoude.com\/fr\/wp-json\/wp\/v2\/pages\/374","targetHints":{"allow":["GET"]}}],"collection":[{"href":"https:\/\/www.polysoude.com\/fr\/wp-json\/wp\/v2\/pages"}],"about":[{"href":"https:\/\/www.polysoude.com\/fr\/wp-json\/wp\/v2\/types\/page"}],"author":[{"embeddable":true,"href":"https:\/\/www.polysoude.com\/fr\/wp-json\/wp\/v2\/users\/1"}],"replies":[{"embeddable":true,"href":"https:\/\/www.polysoude.com\/fr\/wp-json\/wp\/v2\/comments?post=374"}],"version-history":[{"count":39,"href":"https:\/\/www.polysoude.com\/fr\/wp-json\/wp\/v2\/pages\/374\/revisions"}],"predecessor-version":[{"id":42977,"href":"https:\/\/www.polysoude.com\/fr\/wp-json\/wp\/v2\/pages\/374\/revisions\/42977"}],"up":[{"embeddable":true,"href":"https:\/\/www.polysoude.com\/fr\/wp-json\/wp\/v2\/pages\/364"}],"wp:featuredmedia":[{"embeddable":true,"href":"https:\/\/www.polysoude.com\/fr\/wp-json\/wp\/v2\/media\/8460"}],"wp:attachment":[{"href":"https:\/\/www.polysoude.com\/fr\/wp-json\/wp\/v2\/media?parent=374"}],"curies":[{"name":"wp","href":"https:\/\/api.w.org\/{rel}","templated":true}]}}