{"id":38717,"date":"2022-03-15T10:38:26","date_gmt":"2022-03-15T09:38:26","guid":{"rendered":"https:\/\/www.polysoude.com\/?page_id=38717"},"modified":"2023-10-13T09:39:21","modified_gmt":"2023-10-13T07:39:21","slug":"rencontre-nucleaire-2022-_-polysoude-protem-_-retrospective","status":"publish","type":"page","link":"https:\/\/www.polysoude.com\/fr\/rencontre-nucleaire-2022-_-polysoude-protem-_-retrospective\/","title":{"rendered":"RENCONTRE NUCLEAIRE 2022 _ Polysoude \/ Protem _ R\u00e9trospective"},"content":{"rendered":"\n<h2>\n\t\tPhotos de l&rsquo;\u00e9v\u00e8nement\n\t<\/h2>\n\t\n<p>&nbsp;<\/p>\nPour t\u00e9l\u00e9charger une photo, faire un clic droit avec votre souris, puis &laquo;&nbsp;Enregistrer sous&#8230;&nbsp;&raquo;<br \/>\nSinon n&rsquo;h\u00e9sitez pas \u00e0 nous demander la version haute d\u00e9finition par email \u00e0 <a href=\"mailto:communication@polysoude.com\" target=\"_blank\" rel=\"noopener\">communication@polysoude.com<\/a>\n<p>&nbsp;<\/p>\n<p>&nbsp;<\/p>\n<h2>\n\t\tPr\u00e9sentations\n\t<\/h2>\n\t<p>Nous vous mettrons \u00e9galement \u00e0 disposition les pr\u00e9sentations des speakers pour lesquelles nous avons l&rsquo;autorisation de diffusion.<\/p>\n\t<ul>\n<li><strong>Plan excell et plan soudage<\/strong><\/li>\n<\/ul>\n\t<p>Marjorie HAZEWELD &#8211; EDF<\/p>\n\t\t\t<a href=\"https:\/\/www.polysoude.com\/wp-content\/uploads\/2022\/03\/Pr\u00e9sentation-EDF-2022-03-15-Rencontre-Nucl\u00e9aire-2022-Plan-soudage-vsent.pdf\" target=\"_blank\" role=\"button\" rel=\"noopener\">\n\t\t\t\t\t\t\tPr\u00e9sentation\n\t\t\t\t\t<\/a>\n\t<ul>\n<li><strong>La relance du Nucl\u00e9aire en France<\/strong><\/li>\n<\/ul>\n\t<p>Bruno VOLAND &#8211; TRAC-C \/ UIMM<\/p>\n\t\t\t<a href=\"https:\/\/www.polysoude.com\/wp-content\/uploads\/2022\/03\/Pr\u00e9sentation-TRA-C-POLYSOUDE-REncontre-Nucl\u00e9aire-2022.pdf\" target=\"_blank\" role=\"button\" rel=\"noopener\">\n\t\t\t\t\t\t\tPr\u00e9sentation\n\t\t\t\t\t<\/a>\n\t<ul>\n<li><b>Application d&rsquo;usinage etde <a href=\"https:\/\/www.polysoude.com\/fr\/soudage-orbital-tig\/\">soudage TIG orbital<\/a><\/b><\/li>\n<\/ul>\n\t<p>Julien GUIBERT &#8211; SPIE Nucl\u00e9aire<\/p>\n\t\t\t<a href=\"https:\/\/www.polysoude.com\/wp-content\/uploads\/2022\/03\/Pr\u00e9sentation-SPIE-POLYSOUDE-Rencontre-Nucl\u00e9aire-2022-V2.pdf\" target=\"_blank\" role=\"button\" rel=\"noopener\">\n\t\t\t\t\t\t\tPr\u00e9sentation\n\t\t\t\t\t<\/a>\n\t<ul>\n<li><strong>S\u00e9curiser ses interventions en soudage<\/strong><\/li>\n<\/ul>\n\t<p>Jean-Pierre BARTHOUX &#8211; <a href=\"https:\/\/www.polysoude.com\/fr\/\">Polysoude<\/a><\/p>\n\t\t\t<a href=\"https:\/\/www.polysoude.com\/wp-content\/uploads\/2022\/03\/Pr\u00e9sentation_JBA_Rencontre-Nucleaire_15.03.2022-JBA-R08.pdf\" target=\"_blank\" role=\"button\" rel=\"noopener\">\n\t\t\t\t\t\t\tPr\u00e9sentation\n\t\t\t\t\t<\/a>\n\t<ul>\n<li><strong>La pr\u00e9paration<\/strong><\/li>\n<\/ul>\n\t<p>Damien LACOUR &#8211; Protem<\/p>\n\t\t\t<a href=\"https:\/\/www.polysoude.com\/wp-content\/uploads\/2022\/03\/Pr\u00e9sentation-Protem_40002-PPT-Protem-light-FR.pdf\" target=\"_blank\" role=\"button\" rel=\"noopener\">\n\t\t\t\t\t\t\tPr\u00e9sentation\n\t\t\t\t\t<\/a>\n\t<ul>\n<li><strong>Le traitement d&rsquo;image au service du soudeur<\/strong><\/li>\n<\/ul>\n\t<p>Arnaud GUERIZEC &#8211; Polysoude<\/p>\n\t\t\t<a href=\"https:\/\/www.polysoude.com\/wp-content\/uploads\/2022\/03\/Demo_Trait-Image-Rencontre-Nucleaire_2022_ARG.pdf\" target=\"_blank\" role=\"button\" rel=\"noopener\">\n\t\t\t\t\t\t\tPr\u00e9sentation\n\t\t\t\t\t<\/a>\n\t<ul>\n<li><strong>Comment faire <\/strong><strong>&laquo;&nbsp;bon du premier coup&nbsp;&raquo;<\/strong><\/li>\n<\/ul>\n\t<p>B\u00e9ranger ERRIEN &#8211; Polysoude<\/p>\n\t\t\t<a href=\"https:\/\/www.polysoude.com\/wp-content\/uploads\/2022\/03\/Demo_MUIV_Rencontre-Nucleaire_2022_BRR.pdf\" target=\"_blank\" role=\"button\" rel=\"noopener\">\n\t\t\t\t\t\t\tPr\u00e9sentation\n\t\t\t\t\t<\/a>\n\t<ul>\n<li><strong>PROTEM<\/strong><\/li>\n<\/ul>\n\t\t\t<a href=\"https:\/\/www.polysoude.com\/wp-content\/uploads\/2022\/03\/Pr\u00e9sentation-Protem_44761-PPT-TT-ADVANTAGES-FR.pdf\" target=\"_blank\" role=\"button\" rel=\"noopener\">\n\t\t\t\t\t\t\tPr\u00e9sentation\n\t\t\t\t\t<\/a>\n\n","protected":false},"excerpt":{"rendered":"<p>Photos de l&rsquo;\u00e9v\u00e8nement &nbsp; Pour t\u00e9l\u00e9charger une photo, faire un clic droit avec votre souris, puis &laquo;&nbsp;Enregistrer sous&#8230;&nbsp;&raquo; Sinon n&rsquo;h\u00e9sitez pas \u00e0 nous demander la version haute d\u00e9finition par email \u00e0 communication@polysoude.com &nbsp; &nbsp; Pr\u00e9sentations Nous vous mettrons \u00e9galement \u00e0 disposition les pr\u00e9sentations des speakers pour lesquelles nous avons l&rsquo;autorisation de diffusion. Plan excell et [&hellip;]<\/p>\n","protected":false},"author":7,"featured_media":0,"parent":0,"menu_order":0,"comment_status":"closed","ping_status":"closed","template":"","meta":{"_acf_changed":false,"footnotes":""},"class_list":["post-38717","page","type-page","status-publish","hentry"],"acf":[],"yoast_head":"<!-- This site is optimized with the Yoast SEO plugin v27.3 - https:\/\/yoast.com\/product\/yoast-seo-wordpress\/ -->\n<title>RENCONTRE NUCLEAIRE 2022 _ Polysoude \/ Protem _ R\u00e9trospective | Polysoude<\/title>\n<meta name=\"description\" content=\"Photos de l&#039;\u00e9v\u00e8nement &nbsp; Pour t\u00e9l\u00e9charger une photo, faire un clic droit avec votre souris, puis &quot;Enregistrer sous...&quot; Sinon n&#039;h\u00e9sitez pas \u00e0 nous\" \/>\n<meta name=\"robots\" content=\"index, follow, max-snippet:-1, max-image-preview:large, max-video-preview:-1\" \/>\n<link rel=\"canonical\" href=\"https:\/\/www.polysoude.com\/fr\/rencontre-nucleaire-2022-_-polysoude-protem-_-retrospective\/\" \/>\n<meta property=\"og:locale\" content=\"fr_FR\" \/>\n<meta property=\"og:type\" content=\"article\" \/>\n<meta property=\"og:title\" content=\"RENCONTRE NUCLEAIRE 2022 _ Polysoude \/ Protem _ R\u00e9trospective | Polysoude\" \/>\n<meta property=\"og:description\" content=\"Photos de l&#039;\u00e9v\u00e8nement &nbsp; Pour t\u00e9l\u00e9charger une photo, faire un clic droit avec votre souris, puis &quot;Enregistrer sous...&quot; Sinon n&#039;h\u00e9sitez pas \u00e0 nous\" \/>\n<meta property=\"og:url\" content=\"https:\/\/www.polysoude.com\/fr\/rencontre-nucleaire-2022-_-polysoude-protem-_-retrospective\/\" \/>\n<meta property=\"og:site_name\" content=\"Polysoude\" \/>\n<meta property=\"article:publisher\" content=\"https:\/\/www.facebook.com\/Polysoude\/\" \/>\n<meta property=\"article:modified_time\" content=\"2023-10-13T07:39:21+00:00\" \/>\n<meta name=\"twitter:card\" content=\"summary_large_image\" \/>\n<meta name=\"twitter:label1\" content=\"Dur\u00e9e de lecture estim\u00e9e\" \/>\n\t<meta name=\"twitter:data1\" content=\"1 minute\" \/>\n<script type=\"application\/ld+json\" class=\"yoast-schema-graph\">{\"@context\":\"https:\\\/\\\/schema.org\",\"@graph\":[{\"@type\":\"WebPage\",\"@id\":\"https:\\\/\\\/www.polysoude.com\\\/fr\\\/rencontre-nucleaire-2022-_-polysoude-protem-_-retrospective\\\/\",\"url\":\"https:\\\/\\\/www.polysoude.com\\\/fr\\\/rencontre-nucleaire-2022-_-polysoude-protem-_-retrospective\\\/\",\"name\":\"RENCONTRE NUCLEAIRE 2022 _ Polysoude \\\/ Protem _ R\u00e9trospective | Polysoude\",\"isPartOf\":{\"@id\":\"https:\\\/\\\/www.polysoude.com\\\/fr\\\/#website\"},\"datePublished\":\"2022-03-15T09:38:26+00:00\",\"dateModified\":\"2023-10-13T07:39:21+00:00\",\"description\":\"Photos de l'\u00e9v\u00e8nement &nbsp; Pour t\u00e9l\u00e9charger une photo, faire un clic droit avec votre souris, puis \\\"Enregistrer sous...\\\" Sinon n'h\u00e9sitez pas \u00e0 nous\",\"breadcrumb\":{\"@id\":\"https:\\\/\\\/www.polysoude.com\\\/fr\\\/rencontre-nucleaire-2022-_-polysoude-protem-_-retrospective\\\/#breadcrumb\"},\"inLanguage\":\"fr-FR\",\"potentialAction\":[{\"@type\":\"ReadAction\",\"target\":[\"https:\\\/\\\/www.polysoude.com\\\/fr\\\/rencontre-nucleaire-2022-_-polysoude-protem-_-retrospective\\\/\"]}]},{\"@type\":\"BreadcrumbList\",\"@id\":\"https:\\\/\\\/www.polysoude.com\\\/fr\\\/rencontre-nucleaire-2022-_-polysoude-protem-_-retrospective\\\/#breadcrumb\",\"itemListElement\":[{\"@type\":\"ListItem\",\"position\":1,\"name\":\"Home\",\"item\":\"https:\\\/\\\/www.polysoude.com\\\/fr\\\/accueil\\\/\"},{\"@type\":\"ListItem\",\"position\":2,\"name\":\"RENCONTRE NUCLEAIRE 2022 _ Polysoude \\\/ Protem _ R\u00e9trospective\"}]},{\"@type\":\"WebSite\",\"@id\":\"https:\\\/\\\/www.polysoude.com\\\/fr\\\/#website\",\"url\":\"https:\\\/\\\/www.polysoude.com\\\/fr\\\/\",\"name\":\"Polysoude\",\"description\":\"The art of welding\",\"publisher\":{\"@id\":\"https:\\\/\\\/www.polysoude.com\\\/fr\\\/#organization\"},\"alternateName\":\"Polysoude\",\"potentialAction\":[{\"@type\":\"SearchAction\",\"target\":{\"@type\":\"EntryPoint\",\"urlTemplate\":\"https:\\\/\\\/www.polysoude.com\\\/fr\\\/?s={search_term_string}\"},\"query-input\":{\"@type\":\"PropertyValueSpecification\",\"valueRequired\":true,\"valueName\":\"search_term_string\"}}],\"inLanguage\":\"fr-FR\"},{\"@type\":\"Organization\",\"@id\":\"https:\\\/\\\/www.polysoude.com\\\/fr\\\/#organization\",\"name\":\"Polysoude\",\"alternateName\":\"Polysoude\",\"url\":\"https:\\\/\\\/www.polysoude.com\\\/fr\\\/\",\"logo\":{\"@type\":\"ImageObject\",\"inLanguage\":\"fr-FR\",\"@id\":\"https:\\\/\\\/www.polysoude.com\\\/fr\\\/#\\\/schema\\\/logo\\\/image\\\/\",\"url\":\"https:\\\/\\\/www.polysoude.com\\\/wp-content\\\/uploads\\\/2022\\\/07\\\/Polysoude_Logo_signature_fond-transparent_600dpi_300mm_RVB-e1658123578778.png\",\"contentUrl\":\"https:\\\/\\\/www.polysoude.com\\\/wp-content\\\/uploads\\\/2022\\\/07\\\/Polysoude_Logo_signature_fond-transparent_600dpi_300mm_RVB-e1658123578778.png\",\"width\":465,\"height\":86,\"caption\":\"Polysoude\"},\"image\":{\"@id\":\"https:\\\/\\\/www.polysoude.com\\\/fr\\\/#\\\/schema\\\/logo\\\/image\\\/\"},\"sameAs\":[\"https:\\\/\\\/www.facebook.com\\\/Polysoude\\\/\",\"https:\\\/\\\/www.linkedin.com\\\/company\\\/polysoude\\\/\",\"https:\\\/\\\/www.instagram.com\\\/polysoudeglobal\\\/\"]}]}<\/script>\n<!-- \/ Yoast SEO plugin. -->","yoast_head_json":{"title":"RENCONTRE NUCLEAIRE 2022 _ Polysoude \/ Protem _ R\u00e9trospective | Polysoude","description":"Photos de l'\u00e9v\u00e8nement &nbsp; Pour t\u00e9l\u00e9charger une photo, faire un clic droit avec votre souris, puis \"Enregistrer sous...\" Sinon n'h\u00e9sitez pas \u00e0 nous","robots":{"index":"index","follow":"follow","max-snippet":"max-snippet:-1","max-image-preview":"max-image-preview:large","max-video-preview":"max-video-preview:-1"},"canonical":"https:\/\/www.polysoude.com\/fr\/rencontre-nucleaire-2022-_-polysoude-protem-_-retrospective\/","og_locale":"fr_FR","og_type":"article","og_title":"RENCONTRE NUCLEAIRE 2022 _ Polysoude \/ Protem _ R\u00e9trospective | Polysoude","og_description":"Photos de l'\u00e9v\u00e8nement &nbsp; Pour t\u00e9l\u00e9charger une photo, faire un clic droit avec votre souris, puis \"Enregistrer sous...\" Sinon n'h\u00e9sitez pas \u00e0 nous","og_url":"https:\/\/www.polysoude.com\/fr\/rencontre-nucleaire-2022-_-polysoude-protem-_-retrospective\/","og_site_name":"Polysoude","article_publisher":"https:\/\/www.facebook.com\/Polysoude\/","article_modified_time":"2023-10-13T07:39:21+00:00","twitter_card":"summary_large_image","twitter_misc":{"Dur\u00e9e de lecture estim\u00e9e":"1 minute"},"schema":{"@context":"https:\/\/schema.org","@graph":[{"@type":"WebPage","@id":"https:\/\/www.polysoude.com\/fr\/rencontre-nucleaire-2022-_-polysoude-protem-_-retrospective\/","url":"https:\/\/www.polysoude.com\/fr\/rencontre-nucleaire-2022-_-polysoude-protem-_-retrospective\/","name":"RENCONTRE NUCLEAIRE 2022 _ Polysoude \/ Protem _ R\u00e9trospective | Polysoude","isPartOf":{"@id":"https:\/\/www.polysoude.com\/fr\/#website"},"datePublished":"2022-03-15T09:38:26+00:00","dateModified":"2023-10-13T07:39:21+00:00","description":"Photos de l'\u00e9v\u00e8nement &nbsp; Pour t\u00e9l\u00e9charger une photo, faire un clic droit avec votre souris, puis \"Enregistrer sous...\" Sinon n'h\u00e9sitez pas \u00e0 nous","breadcrumb":{"@id":"https:\/\/www.polysoude.com\/fr\/rencontre-nucleaire-2022-_-polysoude-protem-_-retrospective\/#breadcrumb"},"inLanguage":"fr-FR","potentialAction":[{"@type":"ReadAction","target":["https:\/\/www.polysoude.com\/fr\/rencontre-nucleaire-2022-_-polysoude-protem-_-retrospective\/"]}]},{"@type":"BreadcrumbList","@id":"https:\/\/www.polysoude.com\/fr\/rencontre-nucleaire-2022-_-polysoude-protem-_-retrospective\/#breadcrumb","itemListElement":[{"@type":"ListItem","position":1,"name":"Home","item":"https:\/\/www.polysoude.com\/fr\/accueil\/"},{"@type":"ListItem","position":2,"name":"RENCONTRE NUCLEAIRE 2022 _ Polysoude \/ Protem _ R\u00e9trospective"}]},{"@type":"WebSite","@id":"https:\/\/www.polysoude.com\/fr\/#website","url":"https:\/\/www.polysoude.com\/fr\/","name":"Polysoude","description":"The art of welding","publisher":{"@id":"https:\/\/www.polysoude.com\/fr\/#organization"},"alternateName":"Polysoude","potentialAction":[{"@type":"SearchAction","target":{"@type":"EntryPoint","urlTemplate":"https:\/\/www.polysoude.com\/fr\/?s={search_term_string}"},"query-input":{"@type":"PropertyValueSpecification","valueRequired":true,"valueName":"search_term_string"}}],"inLanguage":"fr-FR"},{"@type":"Organization","@id":"https:\/\/www.polysoude.com\/fr\/#organization","name":"Polysoude","alternateName":"Polysoude","url":"https:\/\/www.polysoude.com\/fr\/","logo":{"@type":"ImageObject","inLanguage":"fr-FR","@id":"https:\/\/www.polysoude.com\/fr\/#\/schema\/logo\/image\/","url":"https:\/\/www.polysoude.com\/wp-content\/uploads\/2022\/07\/Polysoude_Logo_signature_fond-transparent_600dpi_300mm_RVB-e1658123578778.png","contentUrl":"https:\/\/www.polysoude.com\/wp-content\/uploads\/2022\/07\/Polysoude_Logo_signature_fond-transparent_600dpi_300mm_RVB-e1658123578778.png","width":465,"height":86,"caption":"Polysoude"},"image":{"@id":"https:\/\/www.polysoude.com\/fr\/#\/schema\/logo\/image\/"},"sameAs":["https:\/\/www.facebook.com\/Polysoude\/","https:\/\/www.linkedin.com\/company\/polysoude\/","https:\/\/www.instagram.com\/polysoudeglobal\/"]}]}},"_links":{"self":[{"href":"https:\/\/www.polysoude.com\/fr\/wp-json\/wp\/v2\/pages\/38717","targetHints":{"allow":["GET"]}}],"collection":[{"href":"https:\/\/www.polysoude.com\/fr\/wp-json\/wp\/v2\/pages"}],"about":[{"href":"https:\/\/www.polysoude.com\/fr\/wp-json\/wp\/v2\/types\/page"}],"author":[{"embeddable":true,"href":"https:\/\/www.polysoude.com\/fr\/wp-json\/wp\/v2\/users\/7"}],"replies":[{"embeddable":true,"href":"https:\/\/www.polysoude.com\/fr\/wp-json\/wp\/v2\/comments?post=38717"}],"version-history":[{"count":10,"href":"https:\/\/www.polysoude.com\/fr\/wp-json\/wp\/v2\/pages\/38717\/revisions"}],"predecessor-version":[{"id":46257,"href":"https:\/\/www.polysoude.com\/fr\/wp-json\/wp\/v2\/pages\/38717\/revisions\/46257"}],"wp:attachment":[{"href":"https:\/\/www.polysoude.com\/fr\/wp-json\/wp\/v2\/media?parent=38717"}],"curies":[{"name":"wp","href":"https:\/\/api.w.org\/{rel}","templated":true}]}}