{"id":39901,"date":"2022-05-17T08:19:31","date_gmt":"2022-05-17T06:19:31","guid":{"rendered":"https:\/\/www.polysoude.com\/?page_id=39901"},"modified":"2022-05-19T09:52:04","modified_gmt":"2022-05-19T07:52:04","slug":"atelier_de_tuyauterie_connecte_et_integre_de_demain_2022_retrospective","status":"publish","type":"page","link":"https:\/\/www.polysoude.com\/fr\/atelier_de_tuyauterie_connecte_et_integre_de_demain_2022_retrospective\/","title":{"rendered":"Atelier de tuyauterie connect\u00e9 et int\u00e9gr\u00e9 de demain 2022 &#8211; R\u00e9trospective"},"content":{"rendered":"<h2>\n\t\tPhotos de l&rsquo;\u00e9v\u00e8nement\n\t<\/h2>\n\t\n<p>&nbsp;<\/p>\nPour t\u00e9l\u00e9charger une photo, faire un clic droit avec votre souris, puis &laquo;&nbsp;Enregistrer sous&#8230;&nbsp;&raquo;<br \/>\nSinon n&rsquo;h\u00e9sitez pas \u00e0 nous demander la version haute d\u00e9finition par email \u00e0 <a href=\"mailto:communication@polysoude.com\" target=\"_blank\" rel=\"noopener noreferrer\">communication@polysoude.com<\/a>\n<p>&nbsp;<\/p>\n<p>&nbsp;<\/p>\n<h2>\n\t\tPr\u00e9sentations\n\t<\/h2>\n\t<p>Nous vous mettons \u00e9galement \u00e0 disposition les pr\u00e9sentations des intervenants :<\/p>\n\t<ul>\n<li><strong>Digitalisation &amp; tuyauterie<\/strong><\/li>\n<\/ul>\n\t<p>Christian GERLACH &#8211; Pipe Bending System<\/p>\n\t\t\t<a href=\"https:\/\/www.polysoude.com\/wp-content\/uploads\/2022\/05\/Atelier_de_tuyauterie_2022_PipeBendingSystems_FR_notes-FR-HMA_video.pdf\" target=\"_blank\" role=\"button\" rel=\"noopener nofollow noreferrer\">\n\t\t\t\t\t\t\tPr\u00e9sentation\n\t\t\t\t\t<\/a>\n\t<ul>\n<li><strong><a href=\"https:\/\/www.polysoude.com\/fr\/\">Polysoude<\/a> : 60 ans de soudage orbital<\/strong><\/li>\n<\/ul>\n\t<p>B\u00e9ranger ERRIEN &#8211; Polysoude<\/p>\n\t\t\t<a href=\"https:\/\/www.polysoude.com\/wp-content\/uploads\/2022\/05\/Atelier_de_tuyauterie_2022_Polysoude_BRR_Soudage-orbital_final-1.pdf\" target=\"_blank\" role=\"button\" rel=\"noopener nofollow noreferrer\">\n\t\t\t\t\t\t\tPr\u00e9sentation\n\t\t\t\t\t<\/a>\n\t<ul>\n<li><b>Comment rationaliser son atelier de tuyauterie<\/b><\/li>\n<\/ul>\n\t<p>Xavier LE ROUX &#8211; Polysoude<\/p>\n\t\t\t<a href=\"https:\/\/www.polysoude.com\/wp-content\/uploads\/2022\/05\/Atelier_de_tuyauterie_2022_Pr\u00e9sentation-XLR-Rationaliser-son-Atelier-de-tuyauterie_2022-1.pdf\" target=\"_blank\" role=\"button\" rel=\"noopener nofollow noreferrer\">\n\t\t\t\t\t\t\tPr\u00e9sentation\n\t\t\t\t\t<\/a>\n\t<ul>\n<li><strong>Solutions logicielles int\u00e9gr\u00e9es<\/strong><\/li>\n<\/ul>\n\t<p>Maxim LICH &#8211; Smap3D Plant Design<\/p>\n\t\t\t<a href=\"https:\/\/www.polysoude.com\/wp-content\/uploads\/2022\/05\/Atelier_de_tuyauterie_2022_Smap3D-Plant-Design_FR_01_Company_Info.pdf\" target=\"_blank\" role=\"button\" rel=\"noopener nofollow noreferrer\">\n\t\t\t\t\t\t\tPr\u00e9sentation\n\t\t\t\t\t<\/a>\n\t<ul>\n<li><strong>Smap3D P&amp;ID piping<\/strong><\/li>\n<\/ul>\n\t<p>Maxim LICH &#8211; Smap3D Plant Design<\/p>\n\t\t\t<a href=\"https:\/\/www.polysoude.com\/wp-content\/uploads\/2022\/05\/Atelier_de_tuyauterie_2022_Smap3D-Plant-Design_FR_02_PID_ISO.pdf\" target=\"_blank\" role=\"button\" rel=\"noopener nofollow noreferrer\">\n\t\t\t\t\t\t\tPr\u00e9sentation\n\t\t\t\t\t<\/a>\n\t<ul>\n<li><strong>PipeFab<\/strong><\/li>\n<\/ul>\n\t<p>Maxim LICH &#8211; Smap3D Plant Design<\/p>\n\t\t\t<a href=\"https:\/\/www.polysoude.com\/wp-content\/uploads\/2022\/05\/Atelier_de_tuyauterie_2022_Smap3D-Plant-Design_FR_Smap3D_PipeFAB.pdf\" target=\"_blank\" role=\"button\" rel=\"noopener nofollow noreferrer\">\n\t\t\t\t\t\t\tPr\u00e9sentation\n\t\t\t\t\t<\/a>\n\t<ul>\n<li><b>Technologie T-Drill &#8211; La productivit\u00e9 comme produit<\/b><\/li>\n<\/ul>\n\t<p>Philippe ASCIONE &#8211; S.D.P<\/p>\n<p>Ville HAUTANEN &#8211; T-Drill<\/p>\n\t\t\t<a href=\"https:\/\/www.polysoude.com\/wp-content\/uploads\/2022\/05\/Atelier_de_tuyauterie_2022_T-DRILL-Technologies_FR-1.pdf\" target=\"_blank\" role=\"button\" rel=\"noopener nofollow noreferrer\">\n\t\t\t\t\t\t\tPr\u00e9sentation\n\t\t\t\t\t<\/a>\n","protected":false},"excerpt":{"rendered":"<p>Photos de l&rsquo;\u00e9v\u00e8nement &nbsp; Pour t\u00e9l\u00e9charger une photo, faire un clic droit avec votre souris, puis &laquo;&nbsp;Enregistrer sous&#8230;&nbsp;&raquo; Sinon n&rsquo;h\u00e9sitez pas \u00e0 nous demander la version haute d\u00e9finition par email \u00e0 communication@polysoude.com &nbsp; &nbsp; Pr\u00e9sentations Nous vous mettons \u00e9galement \u00e0 disposition les pr\u00e9sentations des intervenants : Digitalisation &amp; tuyauterie Christian GERLACH &#8211; Pipe Bending System [&hellip;]<\/p>\n","protected":false},"author":7,"featured_media":0,"parent":0,"menu_order":0,"comment_status":"closed","ping_status":"closed","template":"","meta":{"_acf_changed":false,"footnotes":""},"class_list":["post-39901","page","type-page","status-publish","hentry"],"acf":[],"yoast_head":"<!-- This site is optimized with the Yoast SEO plugin v27.3 - https:\/\/yoast.com\/product\/yoast-seo-wordpress\/ -->\n<title>Atelier de tuyauterie connect\u00e9 et int\u00e9gr\u00e9 de demain 2022 - R\u00e9trospective | Polysoude<\/title>\n<meta name=\"description\" content=\"Photos de l&#039;\u00e9v\u00e8nement &nbsp; Pour t\u00e9l\u00e9charger une photo, faire un clic droit avec votre souris, puis &quot;Enregistrer sous...&quot; Sinon n&#039;h\u00e9sitez pas \u00e0 nous\" \/>\n<meta name=\"robots\" content=\"index, follow, max-snippet:-1, max-image-preview:large, max-video-preview:-1\" \/>\n<link rel=\"canonical\" href=\"https:\/\/www.polysoude.com\/fr\/atelier_de_tuyauterie_connecte_et_integre_de_demain_2022_retrospective\/\" \/>\n<meta property=\"og:locale\" content=\"fr_FR\" \/>\n<meta property=\"og:type\" content=\"article\" \/>\n<meta property=\"og:title\" content=\"Atelier de tuyauterie connect\u00e9 et int\u00e9gr\u00e9 de demain 2022 - R\u00e9trospective | Polysoude\" \/>\n<meta property=\"og:description\" content=\"Photos de l&#039;\u00e9v\u00e8nement &nbsp; Pour t\u00e9l\u00e9charger une photo, faire un clic droit avec votre souris, puis &quot;Enregistrer sous...&quot; Sinon n&#039;h\u00e9sitez pas \u00e0 nous\" \/>\n<meta property=\"og:url\" content=\"https:\/\/www.polysoude.com\/fr\/atelier_de_tuyauterie_connecte_et_integre_de_demain_2022_retrospective\/\" \/>\n<meta property=\"og:site_name\" content=\"Polysoude\" \/>\n<meta property=\"article:publisher\" content=\"https:\/\/www.facebook.com\/Polysoude\/\" \/>\n<meta property=\"article:modified_time\" content=\"2022-05-19T07:52:04+00:00\" \/>\n<meta name=\"twitter:card\" content=\"summary_large_image\" \/>\n<meta name=\"twitter:label1\" content=\"Dur\u00e9e de lecture estim\u00e9e\" \/>\n\t<meta name=\"twitter:data1\" content=\"1 minute\" \/>\n<script type=\"application\/ld+json\" class=\"yoast-schema-graph\">{\"@context\":\"https:\\\/\\\/schema.org\",\"@graph\":[{\"@type\":\"WebPage\",\"@id\":\"https:\\\/\\\/www.polysoude.com\\\/fr\\\/atelier_de_tuyauterie_connecte_et_integre_de_demain_2022_retrospective\\\/\",\"url\":\"https:\\\/\\\/www.polysoude.com\\\/fr\\\/atelier_de_tuyauterie_connecte_et_integre_de_demain_2022_retrospective\\\/\",\"name\":\"Atelier de tuyauterie connect\u00e9 et int\u00e9gr\u00e9 de demain 2022 - R\u00e9trospective | Polysoude\",\"isPartOf\":{\"@id\":\"https:\\\/\\\/www.polysoude.com\\\/fr\\\/#website\"},\"datePublished\":\"2022-05-17T06:19:31+00:00\",\"dateModified\":\"2022-05-19T07:52:04+00:00\",\"description\":\"Photos de l'\u00e9v\u00e8nement &nbsp; Pour t\u00e9l\u00e9charger une photo, faire un clic droit avec votre souris, puis \\\"Enregistrer sous...\\\" Sinon n'h\u00e9sitez pas \u00e0 nous\",\"breadcrumb\":{\"@id\":\"https:\\\/\\\/www.polysoude.com\\\/fr\\\/atelier_de_tuyauterie_connecte_et_integre_de_demain_2022_retrospective\\\/#breadcrumb\"},\"inLanguage\":\"fr-FR\",\"potentialAction\":[{\"@type\":\"ReadAction\",\"target\":[\"https:\\\/\\\/www.polysoude.com\\\/fr\\\/atelier_de_tuyauterie_connecte_et_integre_de_demain_2022_retrospective\\\/\"]}]},{\"@type\":\"BreadcrumbList\",\"@id\":\"https:\\\/\\\/www.polysoude.com\\\/fr\\\/atelier_de_tuyauterie_connecte_et_integre_de_demain_2022_retrospective\\\/#breadcrumb\",\"itemListElement\":[{\"@type\":\"ListItem\",\"position\":1,\"name\":\"Home\",\"item\":\"https:\\\/\\\/www.polysoude.com\\\/fr\\\/accueil\\\/\"},{\"@type\":\"ListItem\",\"position\":2,\"name\":\"Atelier de tuyauterie connect\u00e9 et int\u00e9gr\u00e9 de demain 2022 &#8211; R\u00e9trospective\"}]},{\"@type\":\"WebSite\",\"@id\":\"https:\\\/\\\/www.polysoude.com\\\/fr\\\/#website\",\"url\":\"https:\\\/\\\/www.polysoude.com\\\/fr\\\/\",\"name\":\"Polysoude\",\"description\":\"The art of welding\",\"publisher\":{\"@id\":\"https:\\\/\\\/www.polysoude.com\\\/fr\\\/#organization\"},\"alternateName\":\"Polysoude\",\"potentialAction\":[{\"@type\":\"SearchAction\",\"target\":{\"@type\":\"EntryPoint\",\"urlTemplate\":\"https:\\\/\\\/www.polysoude.com\\\/fr\\\/?s={search_term_string}\"},\"query-input\":{\"@type\":\"PropertyValueSpecification\",\"valueRequired\":true,\"valueName\":\"search_term_string\"}}],\"inLanguage\":\"fr-FR\"},{\"@type\":\"Organization\",\"@id\":\"https:\\\/\\\/www.polysoude.com\\\/fr\\\/#organization\",\"name\":\"Polysoude\",\"alternateName\":\"Polysoude\",\"url\":\"https:\\\/\\\/www.polysoude.com\\\/fr\\\/\",\"logo\":{\"@type\":\"ImageObject\",\"inLanguage\":\"fr-FR\",\"@id\":\"https:\\\/\\\/www.polysoude.com\\\/fr\\\/#\\\/schema\\\/logo\\\/image\\\/\",\"url\":\"https:\\\/\\\/www.polysoude.com\\\/wp-content\\\/uploads\\\/2022\\\/07\\\/Polysoude_Logo_signature_fond-transparent_600dpi_300mm_RVB-e1658123578778.png\",\"contentUrl\":\"https:\\\/\\\/www.polysoude.com\\\/wp-content\\\/uploads\\\/2022\\\/07\\\/Polysoude_Logo_signature_fond-transparent_600dpi_300mm_RVB-e1658123578778.png\",\"width\":465,\"height\":86,\"caption\":\"Polysoude\"},\"image\":{\"@id\":\"https:\\\/\\\/www.polysoude.com\\\/fr\\\/#\\\/schema\\\/logo\\\/image\\\/\"},\"sameAs\":[\"https:\\\/\\\/www.facebook.com\\\/Polysoude\\\/\",\"https:\\\/\\\/www.linkedin.com\\\/company\\\/polysoude\\\/\",\"https:\\\/\\\/www.instagram.com\\\/polysoudeglobal\\\/\"]}]}<\/script>\n<!-- \/ Yoast SEO plugin. -->","yoast_head_json":{"title":"Atelier de tuyauterie connect\u00e9 et int\u00e9gr\u00e9 de demain 2022 - R\u00e9trospective | Polysoude","description":"Photos de l'\u00e9v\u00e8nement &nbsp; Pour t\u00e9l\u00e9charger une photo, faire un clic droit avec votre souris, puis \"Enregistrer sous...\" Sinon n'h\u00e9sitez pas \u00e0 nous","robots":{"index":"index","follow":"follow","max-snippet":"max-snippet:-1","max-image-preview":"max-image-preview:large","max-video-preview":"max-video-preview:-1"},"canonical":"https:\/\/www.polysoude.com\/fr\/atelier_de_tuyauterie_connecte_et_integre_de_demain_2022_retrospective\/","og_locale":"fr_FR","og_type":"article","og_title":"Atelier de tuyauterie connect\u00e9 et int\u00e9gr\u00e9 de demain 2022 - R\u00e9trospective | Polysoude","og_description":"Photos de l'\u00e9v\u00e8nement &nbsp; Pour t\u00e9l\u00e9charger une photo, faire un clic droit avec votre souris, puis \"Enregistrer sous...\" Sinon n'h\u00e9sitez pas \u00e0 nous","og_url":"https:\/\/www.polysoude.com\/fr\/atelier_de_tuyauterie_connecte_et_integre_de_demain_2022_retrospective\/","og_site_name":"Polysoude","article_publisher":"https:\/\/www.facebook.com\/Polysoude\/","article_modified_time":"2022-05-19T07:52:04+00:00","twitter_card":"summary_large_image","twitter_misc":{"Dur\u00e9e de lecture estim\u00e9e":"1 minute"},"schema":{"@context":"https:\/\/schema.org","@graph":[{"@type":"WebPage","@id":"https:\/\/www.polysoude.com\/fr\/atelier_de_tuyauterie_connecte_et_integre_de_demain_2022_retrospective\/","url":"https:\/\/www.polysoude.com\/fr\/atelier_de_tuyauterie_connecte_et_integre_de_demain_2022_retrospective\/","name":"Atelier de tuyauterie connect\u00e9 et int\u00e9gr\u00e9 de demain 2022 - R\u00e9trospective | Polysoude","isPartOf":{"@id":"https:\/\/www.polysoude.com\/fr\/#website"},"datePublished":"2022-05-17T06:19:31+00:00","dateModified":"2022-05-19T07:52:04+00:00","description":"Photos de l'\u00e9v\u00e8nement &nbsp; Pour t\u00e9l\u00e9charger une photo, faire un clic droit avec votre souris, puis \"Enregistrer sous...\" Sinon n'h\u00e9sitez pas \u00e0 nous","breadcrumb":{"@id":"https:\/\/www.polysoude.com\/fr\/atelier_de_tuyauterie_connecte_et_integre_de_demain_2022_retrospective\/#breadcrumb"},"inLanguage":"fr-FR","potentialAction":[{"@type":"ReadAction","target":["https:\/\/www.polysoude.com\/fr\/atelier_de_tuyauterie_connecte_et_integre_de_demain_2022_retrospective\/"]}]},{"@type":"BreadcrumbList","@id":"https:\/\/www.polysoude.com\/fr\/atelier_de_tuyauterie_connecte_et_integre_de_demain_2022_retrospective\/#breadcrumb","itemListElement":[{"@type":"ListItem","position":1,"name":"Home","item":"https:\/\/www.polysoude.com\/fr\/accueil\/"},{"@type":"ListItem","position":2,"name":"Atelier de tuyauterie connect\u00e9 et int\u00e9gr\u00e9 de demain 2022 &#8211; R\u00e9trospective"}]},{"@type":"WebSite","@id":"https:\/\/www.polysoude.com\/fr\/#website","url":"https:\/\/www.polysoude.com\/fr\/","name":"Polysoude","description":"The art of welding","publisher":{"@id":"https:\/\/www.polysoude.com\/fr\/#organization"},"alternateName":"Polysoude","potentialAction":[{"@type":"SearchAction","target":{"@type":"EntryPoint","urlTemplate":"https:\/\/www.polysoude.com\/fr\/?s={search_term_string}"},"query-input":{"@type":"PropertyValueSpecification","valueRequired":true,"valueName":"search_term_string"}}],"inLanguage":"fr-FR"},{"@type":"Organization","@id":"https:\/\/www.polysoude.com\/fr\/#organization","name":"Polysoude","alternateName":"Polysoude","url":"https:\/\/www.polysoude.com\/fr\/","logo":{"@type":"ImageObject","inLanguage":"fr-FR","@id":"https:\/\/www.polysoude.com\/fr\/#\/schema\/logo\/image\/","url":"https:\/\/www.polysoude.com\/wp-content\/uploads\/2022\/07\/Polysoude_Logo_signature_fond-transparent_600dpi_300mm_RVB-e1658123578778.png","contentUrl":"https:\/\/www.polysoude.com\/wp-content\/uploads\/2022\/07\/Polysoude_Logo_signature_fond-transparent_600dpi_300mm_RVB-e1658123578778.png","width":465,"height":86,"caption":"Polysoude"},"image":{"@id":"https:\/\/www.polysoude.com\/fr\/#\/schema\/logo\/image\/"},"sameAs":["https:\/\/www.facebook.com\/Polysoude\/","https:\/\/www.linkedin.com\/company\/polysoude\/","https:\/\/www.instagram.com\/polysoudeglobal\/"]}]}},"_links":{"self":[{"href":"https:\/\/www.polysoude.com\/fr\/wp-json\/wp\/v2\/pages\/39901","targetHints":{"allow":["GET"]}}],"collection":[{"href":"https:\/\/www.polysoude.com\/fr\/wp-json\/wp\/v2\/pages"}],"about":[{"href":"https:\/\/www.polysoude.com\/fr\/wp-json\/wp\/v2\/types\/page"}],"author":[{"embeddable":true,"href":"https:\/\/www.polysoude.com\/fr\/wp-json\/wp\/v2\/users\/7"}],"replies":[{"embeddable":true,"href":"https:\/\/www.polysoude.com\/fr\/wp-json\/wp\/v2\/comments?post=39901"}],"version-history":[{"count":9,"href":"https:\/\/www.polysoude.com\/fr\/wp-json\/wp\/v2\/pages\/39901\/revisions"}],"predecessor-version":[{"id":40505,"href":"https:\/\/www.polysoude.com\/fr\/wp-json\/wp\/v2\/pages\/39901\/revisions\/40505"}],"wp:attachment":[{"href":"https:\/\/www.polysoude.com\/fr\/wp-json\/wp\/v2\/media?parent=39901"}],"curies":[{"name":"wp","href":"https:\/\/api.w.org\/{rel}","templated":true}]}}