{"id":40760,"date":"2022-07-18T07:12:21","date_gmt":"2022-07-18T05:12:21","guid":{"rendered":"https:\/\/www.polysoude.com\/latelier-de-tuyauterie-connecte-de-demain-introduction-a-la-fabrication-intelligente-et-a-lindustrie-4-0\/"},"modified":"2025-04-23T09:54:09","modified_gmt":"2025-04-23T07:54:09","slug":"latelier-de-tuyauterie-connecte-de-demain-introduction-a-la-fabrication-intelligente-et-a-lindustrie-4-0","status":"publish","type":"page","link":"https:\/\/www.polysoude.com\/fr\/latelier-de-tuyauterie-connecte-de-demain-introduction-a-la-fabrication-intelligente-et-a-lindustrie-4-0\/","title":{"rendered":"L&rsquo;atelier de tuyauterie connect\u00e9 de demain : introduction \u00e0 la fabrication intelligente et \u00e0  l&rsquo;industrie 4.0"},"content":{"rendered":"","protected":false},"excerpt":{"rendered":"","protected":false},"author":7,"featured_media":40693,"parent":0,"menu_order":0,"comment_status":"closed","ping_status":"closed","template":"","meta":{"_acf_changed":false,"footnotes":""},"class_list":["post-40760","page","type-page","status-publish","has-post-thumbnail","hentry"],"acf":[],"yoast_head":"<!-- This site is optimized with the Yoast SEO plugin v27.3 - https:\/\/yoast.com\/product\/yoast-seo-wordpress\/ -->\n<title>L&#039;atelier de tuyauterie connect\u00e9 de demain : introduction \u00e0 la fabrication intelligente et \u00e0 l&#039;industrie 4.0 | Polysoude<\/title>\n<meta name=\"robots\" content=\"index, follow, max-snippet:-1, max-image-preview:large, max-video-preview:-1\" \/>\n<link rel=\"canonical\" href=\"https:\/\/www.polysoude.com\/fr\/latelier-de-tuyauterie-connecte-de-demain-introduction-a-la-fabrication-intelligente-et-a-lindustrie-4-0\/\" \/>\n<meta property=\"og:locale\" content=\"fr_FR\" \/>\n<meta property=\"og:type\" content=\"article\" \/>\n<meta property=\"og:title\" content=\"L&#039;atelier de tuyauterie connect\u00e9 de demain : introduction \u00e0 la fabrication intelligente et \u00e0 l&#039;industrie 4.0 | Polysoude\" \/>\n<meta property=\"og:url\" content=\"https:\/\/www.polysoude.com\/fr\/latelier-de-tuyauterie-connecte-de-demain-introduction-a-la-fabrication-intelligente-et-a-lindustrie-4-0\/\" \/>\n<meta property=\"og:site_name\" content=\"Polysoude\" \/>\n<meta property=\"article:publisher\" content=\"https:\/\/www.facebook.com\/Polysoude\/\" \/>\n<meta property=\"article:modified_time\" content=\"2025-04-23T07:54:09+00:00\" \/>\n<meta property=\"og:image\" content=\"https:\/\/www.polysoude.com\/wp-content\/uploads\/2022\/07\/Polysoude_connected_pipeshop_4.0_smart_manufacturing_and_industry_tig_welding.png\" \/>\n\t<meta property=\"og:image:width\" content=\"1152\" \/>\n\t<meta property=\"og:image:height\" content=\"1125\" \/>\n\t<meta property=\"og:image:type\" content=\"image\/png\" \/>\n<meta name=\"twitter:card\" content=\"summary_large_image\" \/>\n<script type=\"application\/ld+json\" class=\"yoast-schema-graph\">{\"@context\":\"https:\\\/\\\/schema.org\",\"@graph\":[{\"@type\":\"WebPage\",\"@id\":\"https:\\\/\\\/www.polysoude.com\\\/fr\\\/latelier-de-tuyauterie-connecte-de-demain-introduction-a-la-fabrication-intelligente-et-a-lindustrie-4-0\\\/\",\"url\":\"https:\\\/\\\/www.polysoude.com\\\/fr\\\/latelier-de-tuyauterie-connecte-de-demain-introduction-a-la-fabrication-intelligente-et-a-lindustrie-4-0\\\/\",\"name\":\"L'atelier de tuyauterie connect\u00e9 de demain : introduction \u00e0 la fabrication intelligente et \u00e0 l'industrie 4.0 | Polysoude\",\"isPartOf\":{\"@id\":\"https:\\\/\\\/www.polysoude.com\\\/fr\\\/#website\"},\"primaryImageOfPage\":{\"@id\":\"https:\\\/\\\/www.polysoude.com\\\/fr\\\/latelier-de-tuyauterie-connecte-de-demain-introduction-a-la-fabrication-intelligente-et-a-lindustrie-4-0\\\/#primaryimage\"},\"image\":{\"@id\":\"https:\\\/\\\/www.polysoude.com\\\/fr\\\/latelier-de-tuyauterie-connecte-de-demain-introduction-a-la-fabrication-intelligente-et-a-lindustrie-4-0\\\/#primaryimage\"},\"thumbnailUrl\":\"https:\\\/\\\/www.polysoude.com\\\/wp-content\\\/uploads\\\/2022\\\/07\\\/Polysoude_connected_pipeshop_4.0_smart_manufacturing_and_industry_tig_welding.png\",\"datePublished\":\"2022-07-18T05:12:21+00:00\",\"dateModified\":\"2025-04-23T07:54:09+00:00\",\"breadcrumb\":{\"@id\":\"https:\\\/\\\/www.polysoude.com\\\/fr\\\/latelier-de-tuyauterie-connecte-de-demain-introduction-a-la-fabrication-intelligente-et-a-lindustrie-4-0\\\/#breadcrumb\"},\"inLanguage\":\"fr-FR\",\"potentialAction\":[{\"@type\":\"ReadAction\",\"target\":[\"https:\\\/\\\/www.polysoude.com\\\/fr\\\/latelier-de-tuyauterie-connecte-de-demain-introduction-a-la-fabrication-intelligente-et-a-lindustrie-4-0\\\/\"]}]},{\"@type\":\"ImageObject\",\"inLanguage\":\"fr-FR\",\"@id\":\"https:\\\/\\\/www.polysoude.com\\\/fr\\\/latelier-de-tuyauterie-connecte-de-demain-introduction-a-la-fabrication-intelligente-et-a-lindustrie-4-0\\\/#primaryimage\",\"url\":\"https:\\\/\\\/www.polysoude.com\\\/wp-content\\\/uploads\\\/2022\\\/07\\\/Polysoude_connected_pipeshop_4.0_smart_manufacturing_and_industry_tig_welding.png\",\"contentUrl\":\"https:\\\/\\\/www.polysoude.com\\\/wp-content\\\/uploads\\\/2022\\\/07\\\/Polysoude_connected_pipeshop_4.0_smart_manufacturing_and_industry_tig_welding.png\",\"width\":1152,\"height\":1125,\"caption\":\"Polysoude Smap3d Pipe bending System T-drill connected pipeshop smart manufacturing Industry 4.0 Tig welding\"},{\"@type\":\"BreadcrumbList\",\"@id\":\"https:\\\/\\\/www.polysoude.com\\\/fr\\\/latelier-de-tuyauterie-connecte-de-demain-introduction-a-la-fabrication-intelligente-et-a-lindustrie-4-0\\\/#breadcrumb\",\"itemListElement\":[{\"@type\":\"ListItem\",\"position\":1,\"name\":\"Home\",\"item\":\"https:\\\/\\\/www.polysoude.com\\\/fr\\\/accueil\\\/\"},{\"@type\":\"ListItem\",\"position\":2,\"name\":\"L&#8217;atelier de tuyauterie connect\u00e9 de demain : introduction \u00e0 la fabrication intelligente et \u00e0 l&#8217;industrie 4.0\"}]},{\"@type\":\"WebSite\",\"@id\":\"https:\\\/\\\/www.polysoude.com\\\/fr\\\/#website\",\"url\":\"https:\\\/\\\/www.polysoude.com\\\/fr\\\/\",\"name\":\"Polysoude\",\"description\":\"The art of welding\",\"publisher\":{\"@id\":\"https:\\\/\\\/www.polysoude.com\\\/fr\\\/#organization\"},\"alternateName\":\"Polysoude\",\"potentialAction\":[{\"@type\":\"SearchAction\",\"target\":{\"@type\":\"EntryPoint\",\"urlTemplate\":\"https:\\\/\\\/www.polysoude.com\\\/fr\\\/?s={search_term_string}\"},\"query-input\":{\"@type\":\"PropertyValueSpecification\",\"valueRequired\":true,\"valueName\":\"search_term_string\"}}],\"inLanguage\":\"fr-FR\"},{\"@type\":\"Organization\",\"@id\":\"https:\\\/\\\/www.polysoude.com\\\/fr\\\/#organization\",\"name\":\"Polysoude\",\"alternateName\":\"Polysoude\",\"url\":\"https:\\\/\\\/www.polysoude.com\\\/fr\\\/\",\"logo\":{\"@type\":\"ImageObject\",\"inLanguage\":\"fr-FR\",\"@id\":\"https:\\\/\\\/www.polysoude.com\\\/fr\\\/#\\\/schema\\\/logo\\\/image\\\/\",\"url\":\"https:\\\/\\\/www.polysoude.com\\\/wp-content\\\/uploads\\\/2022\\\/07\\\/Polysoude_Logo_signature_fond-transparent_600dpi_300mm_RVB-e1658123578778.png\",\"contentUrl\":\"https:\\\/\\\/www.polysoude.com\\\/wp-content\\\/uploads\\\/2022\\\/07\\\/Polysoude_Logo_signature_fond-transparent_600dpi_300mm_RVB-e1658123578778.png\",\"width\":465,\"height\":86,\"caption\":\"Polysoude\"},\"image\":{\"@id\":\"https:\\\/\\\/www.polysoude.com\\\/fr\\\/#\\\/schema\\\/logo\\\/image\\\/\"},\"sameAs\":[\"https:\\\/\\\/www.facebook.com\\\/Polysoude\\\/\",\"https:\\\/\\\/www.linkedin.com\\\/company\\\/polysoude\\\/\",\"https:\\\/\\\/www.instagram.com\\\/polysoudeglobal\\\/\"]}]}<\/script>\n<!-- \/ Yoast SEO plugin. -->","yoast_head_json":{"title":"L'atelier de tuyauterie connect\u00e9 de demain : introduction \u00e0 la fabrication intelligente et \u00e0 l'industrie 4.0 | Polysoude","robots":{"index":"index","follow":"follow","max-snippet":"max-snippet:-1","max-image-preview":"max-image-preview:large","max-video-preview":"max-video-preview:-1"},"canonical":"https:\/\/www.polysoude.com\/fr\/latelier-de-tuyauterie-connecte-de-demain-introduction-a-la-fabrication-intelligente-et-a-lindustrie-4-0\/","og_locale":"fr_FR","og_type":"article","og_title":"L'atelier de tuyauterie connect\u00e9 de demain : introduction \u00e0 la fabrication intelligente et \u00e0 l'industrie 4.0 | Polysoude","og_url":"https:\/\/www.polysoude.com\/fr\/latelier-de-tuyauterie-connecte-de-demain-introduction-a-la-fabrication-intelligente-et-a-lindustrie-4-0\/","og_site_name":"Polysoude","article_publisher":"https:\/\/www.facebook.com\/Polysoude\/","article_modified_time":"2025-04-23T07:54:09+00:00","og_image":[{"width":1152,"height":1125,"url":"https:\/\/www.polysoude.com\/wp-content\/uploads\/2022\/07\/Polysoude_connected_pipeshop_4.0_smart_manufacturing_and_industry_tig_welding.png","type":"image\/png"}],"twitter_card":"summary_large_image","schema":{"@context":"https:\/\/schema.org","@graph":[{"@type":"WebPage","@id":"https:\/\/www.polysoude.com\/fr\/latelier-de-tuyauterie-connecte-de-demain-introduction-a-la-fabrication-intelligente-et-a-lindustrie-4-0\/","url":"https:\/\/www.polysoude.com\/fr\/latelier-de-tuyauterie-connecte-de-demain-introduction-a-la-fabrication-intelligente-et-a-lindustrie-4-0\/","name":"L'atelier de tuyauterie connect\u00e9 de demain : introduction \u00e0 la fabrication intelligente et \u00e0 l'industrie 4.0 | Polysoude","isPartOf":{"@id":"https:\/\/www.polysoude.com\/fr\/#website"},"primaryImageOfPage":{"@id":"https:\/\/www.polysoude.com\/fr\/latelier-de-tuyauterie-connecte-de-demain-introduction-a-la-fabrication-intelligente-et-a-lindustrie-4-0\/#primaryimage"},"image":{"@id":"https:\/\/www.polysoude.com\/fr\/latelier-de-tuyauterie-connecte-de-demain-introduction-a-la-fabrication-intelligente-et-a-lindustrie-4-0\/#primaryimage"},"thumbnailUrl":"https:\/\/www.polysoude.com\/wp-content\/uploads\/2022\/07\/Polysoude_connected_pipeshop_4.0_smart_manufacturing_and_industry_tig_welding.png","datePublished":"2022-07-18T05:12:21+00:00","dateModified":"2025-04-23T07:54:09+00:00","breadcrumb":{"@id":"https:\/\/www.polysoude.com\/fr\/latelier-de-tuyauterie-connecte-de-demain-introduction-a-la-fabrication-intelligente-et-a-lindustrie-4-0\/#breadcrumb"},"inLanguage":"fr-FR","potentialAction":[{"@type":"ReadAction","target":["https:\/\/www.polysoude.com\/fr\/latelier-de-tuyauterie-connecte-de-demain-introduction-a-la-fabrication-intelligente-et-a-lindustrie-4-0\/"]}]},{"@type":"ImageObject","inLanguage":"fr-FR","@id":"https:\/\/www.polysoude.com\/fr\/latelier-de-tuyauterie-connecte-de-demain-introduction-a-la-fabrication-intelligente-et-a-lindustrie-4-0\/#primaryimage","url":"https:\/\/www.polysoude.com\/wp-content\/uploads\/2022\/07\/Polysoude_connected_pipeshop_4.0_smart_manufacturing_and_industry_tig_welding.png","contentUrl":"https:\/\/www.polysoude.com\/wp-content\/uploads\/2022\/07\/Polysoude_connected_pipeshop_4.0_smart_manufacturing_and_industry_tig_welding.png","width":1152,"height":1125,"caption":"Polysoude Smap3d Pipe bending System T-drill connected pipeshop smart manufacturing Industry 4.0 Tig welding"},{"@type":"BreadcrumbList","@id":"https:\/\/www.polysoude.com\/fr\/latelier-de-tuyauterie-connecte-de-demain-introduction-a-la-fabrication-intelligente-et-a-lindustrie-4-0\/#breadcrumb","itemListElement":[{"@type":"ListItem","position":1,"name":"Home","item":"https:\/\/www.polysoude.com\/fr\/accueil\/"},{"@type":"ListItem","position":2,"name":"L&#8217;atelier de tuyauterie connect\u00e9 de demain : introduction \u00e0 la fabrication intelligente et \u00e0 l&#8217;industrie 4.0"}]},{"@type":"WebSite","@id":"https:\/\/www.polysoude.com\/fr\/#website","url":"https:\/\/www.polysoude.com\/fr\/","name":"Polysoude","description":"The art of welding","publisher":{"@id":"https:\/\/www.polysoude.com\/fr\/#organization"},"alternateName":"Polysoude","potentialAction":[{"@type":"SearchAction","target":{"@type":"EntryPoint","urlTemplate":"https:\/\/www.polysoude.com\/fr\/?s={search_term_string}"},"query-input":{"@type":"PropertyValueSpecification","valueRequired":true,"valueName":"search_term_string"}}],"inLanguage":"fr-FR"},{"@type":"Organization","@id":"https:\/\/www.polysoude.com\/fr\/#organization","name":"Polysoude","alternateName":"Polysoude","url":"https:\/\/www.polysoude.com\/fr\/","logo":{"@type":"ImageObject","inLanguage":"fr-FR","@id":"https:\/\/www.polysoude.com\/fr\/#\/schema\/logo\/image\/","url":"https:\/\/www.polysoude.com\/wp-content\/uploads\/2022\/07\/Polysoude_Logo_signature_fond-transparent_600dpi_300mm_RVB-e1658123578778.png","contentUrl":"https:\/\/www.polysoude.com\/wp-content\/uploads\/2022\/07\/Polysoude_Logo_signature_fond-transparent_600dpi_300mm_RVB-e1658123578778.png","width":465,"height":86,"caption":"Polysoude"},"image":{"@id":"https:\/\/www.polysoude.com\/fr\/#\/schema\/logo\/image\/"},"sameAs":["https:\/\/www.facebook.com\/Polysoude\/","https:\/\/www.linkedin.com\/company\/polysoude\/","https:\/\/www.instagram.com\/polysoudeglobal\/"]}]}},"_links":{"self":[{"href":"https:\/\/www.polysoude.com\/fr\/wp-json\/wp\/v2\/pages\/40760","targetHints":{"allow":["GET"]}}],"collection":[{"href":"https:\/\/www.polysoude.com\/fr\/wp-json\/wp\/v2\/pages"}],"about":[{"href":"https:\/\/www.polysoude.com\/fr\/wp-json\/wp\/v2\/types\/page"}],"author":[{"embeddable":true,"href":"https:\/\/www.polysoude.com\/fr\/wp-json\/wp\/v2\/users\/7"}],"replies":[{"embeddable":true,"href":"https:\/\/www.polysoude.com\/fr\/wp-json\/wp\/v2\/comments?post=40760"}],"version-history":[{"count":1,"href":"https:\/\/www.polysoude.com\/fr\/wp-json\/wp\/v2\/pages\/40760\/revisions"}],"predecessor-version":[{"id":47401,"href":"https:\/\/www.polysoude.com\/fr\/wp-json\/wp\/v2\/pages\/40760\/revisions\/47401"}],"wp:featuredmedia":[{"embeddable":true,"href":"https:\/\/www.polysoude.com\/fr\/wp-json\/wp\/v2\/media\/40693"}],"wp:attachment":[{"href":"https:\/\/www.polysoude.com\/fr\/wp-json\/wp\/v2\/media?parent=40760"}],"curies":[{"name":"wp","href":"https:\/\/api.w.org\/{rel}","templated":true}]}}