{"id":42157,"date":"2022-10-10T14:11:13","date_gmt":"2022-10-10T12:11:13","guid":{"rendered":"https:\/\/www.polysoude.com\/?page_id=42157"},"modified":"2022-11-23T09:16:56","modified_gmt":"2022-11-23T08:16:56","slug":"soudage-orbital-tubes","status":"publish","type":"page","link":"https:\/\/www.polysoude.com\/fr\/soudage-orbital-tubes\/","title":{"rendered":"Soudage orbital de tubes"},"content":{"rendered":"\n\n\t<p>De nos jours, le <strong>soudage orbital de tubes\u00a0<\/strong>fait r\u00e9f\u00e9rence au <a href=\"https:\/\/www.polysoude.com\/fr\/soudage-tig-automatise\/\">soudage automatis\u00e9<\/a> de tubes industriels au moyen d&rsquo;une \u00e9lectrode rotative autour du tube (ou du tuyau). Cette technique est devenue tr\u00e8s populaire, et les soudeurs manuels accueillent favorablement ces syst\u00e8mes de soudage orbital de tubes. Ce processus continu autour d&rsquo;une pi\u00e8ce statique permet d&rsquo;am\u00e9liorer la productivit\u00e9, la s\u00e9curit\u00e9 et la qualit\u00e9 des projets. Pour les grands projets r\u00e9alis\u00e9s dans des conditions exigeantes comme le <strong>soudage de pipelines<\/strong>, la demande des entrepreneurs en soudage orbital, en <strong>soudage TIG de tubes<\/strong>\u00a0et en raccordement de tubes augmente chaque jour. Voici l&rsquo;essentiel de ce qu&rsquo;il faut savoir sur le <strong>soudage tube bout \u00e0 bout<\/strong>.<\/p>\n\t\t\t<a href=\"https:\/\/www.polysoude.com\/fr\/poser-une-question\/\" target=\"_self\" role=\"button\" rel=\"noopener\">\n\t\t\t\t\t\t\tContactez-nous pour plus d&rsquo;informations\n\t\t\t\t\t<\/a>\n<h2>\n\t\tSoudage orbital de tubes bout \u00e0 bout\u00a0: Applications et \u00e9quipement\n\t<\/h2>\n\t\t\t\t<img decoding=\"async\" src=\"https:\/\/www.polysoude.com\/wp-content\/plugins\/bb-plugin\/img\/pixel.png\" alt=\"\" itemprop=\"image\" onerror=\"this.style.display='none'\"  \/>\n\t\t\t\t<img loading=\"lazy\" decoding=\"async\" src=\"https:\/\/www.polysoude.com\/wp-content\/uploads\/2022\/09\/MUIV-Carbon-steel-pipe-welding.png\" alt=\"soudage orbital de tubes TIG GTAW \u00e0 t\u00eate ouverte MU IV sur des tubes \u00e9pais en acier au carbone\" itemprop=\"image\" height=\"968\" width=\"1197\" title=\"MUIV-Soudage de tuyaux en acier au carbone\" onerror=\"this.style.display='none'\"  \/>\n<h3>\n\t\tApplications \n\t<\/h3>\n\t<p>Les applications de <strong>soudage tube bout \u00e0 bout\u00a0<\/strong>avec ajout de fil d&rsquo;apport sont souvent demand\u00e9es dans le secteur de la production d&rsquo;\u00e9nergie (centrales \u00e9lectriques) et des industries chimiques ou p\u00e9trochimiques, o\u00f9 une large gamme de mat\u00e9riaux de base est utilis\u00e9e, tels que\u00a0:<\/p>\n<ul>\n<li>L&rsquo;acier ordinaire au carbone comme pour le <strong>soudage de pipelines<\/strong>.<\/li>\n<li>L&rsquo;acier au carbone faiblement alli\u00e9 contenant du chrome ou du chrome-mangan\u00e8se.<\/li>\n<li>L&rsquo;acier au chrome-nickel fortement alli\u00e9 (aust\u00e9nitique ou avec une structure cristalline aust\u00e9nite-ferrite)<\/li>\n<li>Les alliages \u00e0 base de nickel (par exemple, alliages Inconel\u00ae ou Hastelloy\u00ae)<\/li>\n<li>Le titane et ses alliages.<\/li>\n<\/ul>\n<p>Bien que les dimensions des tubes diff\u00e8rent fortement, la plupart se situe dans une fourchette comprise entre 26,9\u00a0mm et 219\u00a0mm (\u00be&nbsp;&raquo; et 8&Prime;) de diam\u00e8tre et entre 2,77\u00a0mm et 12,7\u00a0mm d&rsquo;\u00e9paisseur de paroi. Pour souder de tels mat\u00e9riaux, il faut une<strong> machine de soudage orbital de tubes<\/strong>\u00a0sp\u00e9cifique, dot\u00e9e de plusieurs axes et d&rsquo;une gestion intelligente des param\u00e8tres de soudage.<\/p>\n<p>Vous trouverez ici tout ce que vous devez savoir : <a href=\"https:\/\/www.polysoude.com\/fr\/demander-nos-brochures\/\">t\u00e9l\u00e9chargez notre manuel gratuit sur le soudage orbital, disponible dans notre section de t\u00e9l\u00e9chargement<\/a><\/p>\n\t\t\t\t<img loading=\"lazy\" decoding=\"async\" src=\"https:\/\/www.polysoude.com\/wp-content\/uploads\/2022\/09\/MUIV-orbital-pipe-welding-with-Wire.png\" alt=\"soudage orbital de tubes TIG GTAW \u00e0 t\u00eate ouverte MU IV sur des tubes minces en acier inoxydable\" itemprop=\"image\" height=\"545\" width=\"1000\" title=\"Soudage orbital MUIV de tuyaux avec fil\" onerror=\"this.style.display='none'\"  \/>\n<h3>\n\t\tSoudage avec fil d&rsquo;apport\n\t<\/h3>\n\t<p>Il peut devenir n\u00e9cessaire d&rsquo;appliquer un m\u00e9tal d&rsquo;apport dans les proc\u00e9dures de <strong>soudage automatique de tubes<\/strong>\u00a0si\u00a0:<\/p>\n<ul>\n<li>L&rsquo;\u00e9paisseur de la paroi des tubes n\u00e9cessite une pr\u00e9paration de leurs extr\u00e9mit\u00e9s.<\/li>\n<li>Les tubes \u00e0 souder sont constitu\u00e9s de m\u00e9taux de base diff\u00e9rents.<\/li>\n<li>La soudure doit \u00eatre renforc\u00e9e<\/li>\n<li>La solidit\u00e9 et\/ou la r\u00e9sistance \u00e0 la corrosion pourraient \u00eatre compromises par le soudage par fusion.<\/li>\n<\/ul>\n\t\t\t\t<img loading=\"lazy\" decoding=\"async\" src=\"https:\/\/www.polysoude.com\/wp-content\/uploads\/2022\/09\/POLYCAR-60_pipeline_1051x889px.png\" alt=\"soudage de pipeline type chariot avec d\u00e9vidoir de fil \u00e9quipement de soudage orbital tuyau en acier au carbone site de production ext\u00e9rieur d\u00e9sert Polysoude\" itemprop=\"image\" height=\"889\" width=\"1051\" title=\"POLYCAR-60_pipeline_1051x889px\" onerror=\"this.style.display='none'\"  \/>\n<h3>\n\t\tChoix de l&rsquo;\u00e9quipement\n\t<\/h3>\n\t<p>Pour le soudage orbital de tubes\u00a0avec fil d&rsquo;apport suppl\u00e9mentaire, il est possible d&rsquo;utiliser une machine de soudage de tubes\u00a0avec 4\u00a0ou 6\u00a0axes contr\u00f4l\u00e9s\u00a0: d\u00e9bit du gaz de protection, intensit\u00e9 du courant de soudage, vitesse de rotation de la torche, vitesse d&rsquo;alimentation du fil avec en plus 6\u00a0axes, AVC et oscillation.<\/p>\n<p>En cas d&rsquo;accessibilit\u00e9 r\u00e9duite de la zone de travail, les sources de courant de soudage TIG\u00a0\u00e0 4\u00a0axes contr\u00f4l\u00e9s sont \u00e0 privil\u00e9gier. Si une mise en \u0153uvre facile de l&rsquo;outil de soudage est requise, les sources\u00a0\u00a0de courant de soudage orbital\u00a0\u00e0 6\u00a0axes contr\u00f4l\u00e9s sont toujours recommand\u00e9es.<\/p>\n\t\t\t<a href=\"https:\/\/www.polysoude.com\/fr\/soudage-orbital-et-automatique\/soudage-orbital-tube-tube\/\" target=\"_self\" role=\"button\" rel=\"noopener\">\n\t\t\t\t\t\t\tPour en savoir plus sur les \u00e9quipements de soudage de tubes\n\t\t\t\t\t<\/a>\n<h2>\n\t\tSoudage orbital de tubes avec fil d&rsquo;apport &#8211; Pr\u00e9paration de la soudure\n\t<\/h2>\n\t\t\t\t<img loading=\"lazy\" decoding=\"async\" src=\"https:\/\/www.polysoude.com\/wp-content\/uploads\/2022\/09\/Weld-pipe-end-preparation-beveling-150x150.png\" alt=\"sch\u00e9ma et d\u00e9tails de la pr\u00e9paration de l'extr\u00e9mit\u00e9 d'un tube en V pour l'\u00e9quipement de soudage orbital TIG GTAW\" itemprop=\"image\" height=\"150\" width=\"150\" title=\"Pr\u00e9paration de l'extr\u00e9mit\u00e9 du tube \u00e0 souder - biseautage\" onerror=\"this.style.display='none'\"  \/>\n<h3>\n\t\tPr\u00e9paration \n\t<\/h3>\n\t<p>Les pr\u00e9parations pour le<strong> soudage orbital de tubes\u00a0<\/strong>sont toujours con\u00e7ues sous forme de joint, d\u00e9pourvu de tout espace sur la face de la racine. (G=0). Pour le<strong> soudage TIG de tubes\u00a0orbital<\/strong>, il est pr\u00e9f\u00e9rable de pr\u00e9parer les joints en J et de les prot\u00e9ger par un gaz envers.<\/p>\n\t\t\t\t<img loading=\"lazy\" decoding=\"async\" src=\"https:\/\/www.polysoude.com\/wp-content\/uploads\/2022\/09\/Positionning-pipe-end-preparation-tig-weld.png\" alt=\"sch\u00e9ma de pr\u00e9paration de l'extr\u00e9mit\u00e9 d'un tube en forme de J pour l'\u00e9quipement de soudage orbital TIG GTAW\" itemprop=\"image\" height=\"574\" width=\"994\" title=\"Positionnement - pr\u00e9paration de l'extr\u00e9mit\u00e9 du tube - soudure \u00e0 l'arc\" onerror=\"this.style.display='none'\"  \/>\n<h3>\n\t\tPositionnement\n\t<\/h3>\n\t<p>Avant la soudure orbitale, les tubes doivent \u00eatre positionn\u00e9s et soud\u00e9s par points, sans ou avec un faible apport de fil. \u00a0Les extr\u00e9mit\u00e9s des tubes pr\u00e9par\u00e9s doivent s&#8217;embo\u00eeter sans espace.<\/p>\n\t\t\t\t<img loading=\"lazy\" decoding=\"async\" src=\"https:\/\/www.polysoude.com\/wp-content\/uploads\/2022\/09\/Multi-layer-stringer-pipe-welding.png\" alt=\"Sch\u00e9ma de l'\u00e9quipement de soudage orbital TIG GTAW pour les tubes \u00e0 \u00e9lectrode multicouches.\" itemprop=\"image\" height=\"596\" width=\"596\" title=\"Soudage de tuyaux \u00e0 couches multiples\" onerror=\"this.style.display='none'\"  \/>\n\t\t\t\t<img loading=\"lazy\" decoding=\"async\" src=\"https:\/\/www.polysoude.com\/wp-content\/uploads\/2022\/09\/Multilayer_Oscillating-electrode-pipe-welding.png\" alt=\"sch\u00e9ma de l'\u00e9quipement de soudage orbital multicouche \u00e0 \u00e9lectrode oscillante pour tube TIG GTAW\" itemprop=\"image\" height=\"596\" width=\"596\" title=\"Soudure multicouche d'\u00e9lectrodes oscillantes sur des tuyaux\" onerror=\"this.style.display='none'\"  \/>\n<h3>\n\t\tSoudage multicouche\n\t<\/h3>\n\t<p>Ce choix de<strong> soudage avec fil d&rsquo;apport\u00a0<\/strong>est utilis\u00e9 pour joindre des tubes de plus fortes \u00e9paisseurs. Deux m\u00e9thodes diff\u00e9rentes peuvent \u00eatre appliqu\u00e9es\u00a0:<\/p>\n<ul>\n<li><strong>la technique du cordon de soudure<\/strong>&#8211; Cette technique peut \u00eatre utilis\u00e9e par des \u00e9quipements \u00e0 quatre axes contr\u00f4l\u00e9s. \u00a0Elle consiste \u00e0 placer des cordons de soudure \u00e9troits c\u00f4te \u00e0 c\u00f4te.<\/li>\n<li><strong>AVC et oscillation<\/strong>&#8211; Les \u00e9quipements \u00e0 six axes contr\u00f4l\u00e9s peuvent recourir \u00e0 l&rsquo;AVC et \u00e0 l&rsquo;oscillation de la torche pour permettre le d\u00e9placement lat\u00e9ral de la torche. Les passes avec oscillation de la torche peuvent alors \u00eatre superpos\u00e9es et\/ou plac\u00e9es c\u00f4te \u00e0 c\u00f4te.<\/li>\n<li><strong>G\u00e9om\u00e9trie des \u00e9lectrodes<\/strong><\/li>\n<\/ul>\n<p>Dans le <strong>soudage orbital automatis\u00e9 TIG<\/strong>, l&rsquo;AVC exigeant une g\u00e9om\u00e9trie pr\u00e9cise des \u00e9lectrodes, il faut veiller \u00e0 ce que la g\u00e9om\u00e9trie des \u00e9lectrodes de tungst\u00e8ne utilis\u00e9es reste inchang\u00e9e. M\u00eame de petites variations de la forme ou de la dimension pourraient entra\u00eener des changements significatifs de la tension de l&rsquo;arc utilis\u00e9e comme valeur de base par le contr\u00f4le AVC.<\/p>\n<h3>\n\t\tGaz envers \n\t<\/h3>\n\t<p>Diff\u00e9rents types de gaz envers peuvent \u00eatre utilis\u00e9s selon les m\u00e9taux de base.<\/p>\n<h3>\n\t\tParam\u00e8tres non programmables \n\t<\/h3>\n\t<p>La possibilit\u00e9 de d\u00e9finir des param\u00e8tres non programmables est essentielle pour garantir l&rsquo;efficacit\u00e9 du soudage orbital. Voici certains de ces param\u00e8tres non programmables\u00a0:<\/p>\n<ul>\n<li>gaz de protection\u00a0: type, puret\u00e9, d\u00e9bit\u00a0;<\/li>\n<li>gaz envers\u00a0: type, puret\u00e9, d\u00e9bit\u00a0;<\/li>\n<li>diffuseur\u00a0: type, taille\u00a0;<\/li>\n<li>buse c\u00e9ramique\u00a0: taille, diam\u00e8tre, longueur\u00a0;<\/li>\n<li>\u00e9lectrode\u00a0: type, diam\u00e8tre, pr\u00e9paration de l&rsquo;extr\u00e9mit\u00e9 et d\u00e9passement de l&rsquo;\u00e9lectrode\u00a0;<\/li>\n<li>fil\u00a0: taille, diam\u00e8tre\u00a0; num\u00e9ro de coul\u00e9e, angle d&rsquo;arriv\u00e9e du fil, point d&rsquo;impact\u00a0;<\/li>\n<li>position de d\u00e9part de la soudure\u00a0;<\/li>\n<li>temp\u00e9rature entre passes\u00a0;<\/li>\n<li>position et branchement des c\u00e2bles de terre.<\/li>\n<\/ul>\n<p>Les caract\u00e9ristiques combin\u00e9es de la pr\u00e9paration des <strong>soudures pour le soudage orbital de tubes<\/strong>, garantissent la r\u00e9p\u00e9tabilit\u00e9 de soudures de qualit\u00e9 ainsi qu&rsquo;une productivit\u00e9 accrue.<\/p>\n<h2>\n\t\tQui sommes-nous\u00a0?\n\t<\/h2>\n\tLa soci\u00e9t\u00e9 <a href=\"https:\/\/www.polysoude.com\/fr\/\">Polysoude<\/a> est sp\u00e9cialis\u00e9e dans la conception, le d\u00e9veloppement et la fabrication de solutions innovantes de soudage \u00e0 l&rsquo;arc. La marque est synonyme d&rsquo;expertise de premier plan au niveau mondial dans 3\u00a0secteurs cl\u00e9s\u00a0: les solutions de <a href=\"https:\/\/www.polysoude.com\/fr\/soudage-orbital-tig\/\">soudage orbital TIG<\/a> automatis\u00e9, les solutions de soudage TIG et plasma automatis\u00e9s et le <a href=\"https:\/\/www.polysoude.com\/fr\/rechargement-par-soudure\/\">rechargement par soudure<\/a> TIGer\u2122.<br \/>\nCr\u00e9\u00e9e \u00e0 Nantes en 1961, la soci\u00e9t\u00e9 fabrique de nombreux types de g\u00e9n\u00e9rateurs de soudage et d&rsquo;\u00e9quipements de soudage orbital, ainsi qu&rsquo;une large gamme de <strong>t\u00eates de soudage<\/strong>\u00a0ouvertes et ferm\u00e9es.<br \/>\nAujourd&rsquo;hui, en tant qu&rsquo;entreprise orient\u00e9e vers l&rsquo;usine intelligente, tous nos produits Polysoude sont pr\u00eats pour l&rsquo;industrie 4.0.\n<h3>\n\t\tContactez-nous\n\t<\/h3>\n\t<p>Rejoignez notre communaut\u00e9 sur LinkedIn\u00a0: @Polysoude<\/p>\n<p>Suivez-nous sur les r\u00e9seaux sociaux\u00a0:<\/p>\n<p>Facebook @polysoude<\/p>\n<p>Instagram @polysoudeglobal<\/p>\n\n","protected":false},"excerpt":{"rendered":"<p>De nos jours, le soudage orbital de tubes\u00a0fait r\u00e9f\u00e9rence au soudage automatis\u00e9 de tubes industriels au moyen d&rsquo;une \u00e9lectrode rotative autour du tube (ou du tuyau). Cette technique est devenue tr\u00e8s populaire, et les soudeurs manuels accueillent favorablement ces syst\u00e8mes de soudage orbital de tubes. Ce processus continu autour d&rsquo;une pi\u00e8ce statique permet d&rsquo;am\u00e9liorer la [&hellip;]<\/p>\n","protected":false},"author":16,"featured_media":0,"parent":0,"menu_order":0,"comment_status":"closed","ping_status":"closed","template":"","meta":{"_acf_changed":false,"footnotes":""},"class_list":["post-42157","page","type-page","status-publish","hentry"],"acf":[],"yoast_head":"<!-- This site is optimized with the Yoast SEO plugin v27.3 - https:\/\/yoast.com\/product\/yoast-seo-wordpress\/ -->\n<title>Soudage orbital de tubes | Polysoude<\/title>\n<meta name=\"description\" content=\"De nos jours, le soudage orbital de tubes\u00a0fait r\u00e9f\u00e9rence au soudage automatis\u00e9 de tubes industriels au moyen d&#039;une \u00e9lectrode rotative autour du tube (ou\" \/>\n<meta name=\"robots\" content=\"index, follow, max-snippet:-1, max-image-preview:large, max-video-preview:-1\" \/>\n<link rel=\"canonical\" href=\"https:\/\/www.polysoude.com\/fr\/soudage-orbital-tubes\/\" \/>\n<meta property=\"og:locale\" content=\"fr_FR\" \/>\n<meta property=\"og:type\" content=\"article\" \/>\n<meta property=\"og:title\" content=\"Soudage orbital de tubes | Polysoude\" \/>\n<meta property=\"og:description\" content=\"De nos jours, le soudage orbital de tubes\u00a0fait r\u00e9f\u00e9rence au soudage automatis\u00e9 de tubes industriels au moyen d&#039;une \u00e9lectrode rotative autour du tube (ou\" \/>\n<meta property=\"og:url\" content=\"https:\/\/www.polysoude.com\/fr\/soudage-orbital-tubes\/\" \/>\n<meta property=\"og:site_name\" content=\"Polysoude\" \/>\n<meta property=\"article:publisher\" content=\"https:\/\/www.facebook.com\/Polysoude\/\" \/>\n<meta property=\"article:modified_time\" content=\"2022-11-23T08:16:56+00:00\" \/>\n<meta property=\"og:image\" content=\"https:\/\/www.polysoude.com\/wp-content\/plugins\/bb-plugin\/img\/pixel.png\" \/>\n<meta name=\"twitter:card\" content=\"summary_large_image\" \/>\n<meta name=\"twitter:label1\" content=\"Dur\u00e9e de lecture estim\u00e9e\" \/>\n\t<meta name=\"twitter:data1\" content=\"5 minutes\" \/>\n<script type=\"application\/ld+json\" class=\"yoast-schema-graph\">{\"@context\":\"https:\\\/\\\/schema.org\",\"@graph\":[{\"@type\":\"WebPage\",\"@id\":\"https:\\\/\\\/www.polysoude.com\\\/fr\\\/soudage-orbital-tubes\\\/\",\"url\":\"https:\\\/\\\/www.polysoude.com\\\/fr\\\/soudage-orbital-tubes\\\/\",\"name\":\"Soudage orbital de tubes | Polysoude\",\"isPartOf\":{\"@id\":\"https:\\\/\\\/www.polysoude.com\\\/fr\\\/#website\"},\"primaryImageOfPage\":{\"@id\":\"https:\\\/\\\/www.polysoude.com\\\/fr\\\/soudage-orbital-tubes\\\/#primaryimage\"},\"image\":{\"@id\":\"https:\\\/\\\/www.polysoude.com\\\/fr\\\/soudage-orbital-tubes\\\/#primaryimage\"},\"thumbnailUrl\":\"https:\\\/\\\/www.polysoude.com\\\/wp-content\\\/plugins\\\/bb-plugin\\\/img\\\/pixel.png\",\"datePublished\":\"2022-10-10T12:11:13+00:00\",\"dateModified\":\"2022-11-23T08:16:56+00:00\",\"description\":\"De nos jours, le soudage orbital de tubes\u00a0fait r\u00e9f\u00e9rence au soudage automatis\u00e9 de tubes industriels au moyen d'une \u00e9lectrode rotative autour du tube (ou\",\"breadcrumb\":{\"@id\":\"https:\\\/\\\/www.polysoude.com\\\/fr\\\/soudage-orbital-tubes\\\/#breadcrumb\"},\"inLanguage\":\"fr-FR\",\"potentialAction\":[{\"@type\":\"ReadAction\",\"target\":[\"https:\\\/\\\/www.polysoude.com\\\/fr\\\/soudage-orbital-tubes\\\/\"]}]},{\"@type\":\"ImageObject\",\"inLanguage\":\"fr-FR\",\"@id\":\"https:\\\/\\\/www.polysoude.com\\\/fr\\\/soudage-orbital-tubes\\\/#primaryimage\",\"url\":\"https:\\\/\\\/www.polysoude.com\\\/wp-content\\\/plugins\\\/bb-plugin\\\/img\\\/pixel.png\",\"contentUrl\":\"https:\\\/\\\/www.polysoude.com\\\/wp-content\\\/plugins\\\/bb-plugin\\\/img\\\/pixel.png\"},{\"@type\":\"BreadcrumbList\",\"@id\":\"https:\\\/\\\/www.polysoude.com\\\/fr\\\/soudage-orbital-tubes\\\/#breadcrumb\",\"itemListElement\":[{\"@type\":\"ListItem\",\"position\":1,\"name\":\"Home\",\"item\":\"https:\\\/\\\/www.polysoude.com\\\/fr\\\/accueil\\\/\"},{\"@type\":\"ListItem\",\"position\":2,\"name\":\"Soudage orbital de tubes\"}]},{\"@type\":\"WebSite\",\"@id\":\"https:\\\/\\\/www.polysoude.com\\\/fr\\\/#website\",\"url\":\"https:\\\/\\\/www.polysoude.com\\\/fr\\\/\",\"name\":\"Polysoude\",\"description\":\"The art of welding\",\"publisher\":{\"@id\":\"https:\\\/\\\/www.polysoude.com\\\/fr\\\/#organization\"},\"alternateName\":\"Polysoude\",\"potentialAction\":[{\"@type\":\"SearchAction\",\"target\":{\"@type\":\"EntryPoint\",\"urlTemplate\":\"https:\\\/\\\/www.polysoude.com\\\/fr\\\/?s={search_term_string}\"},\"query-input\":{\"@type\":\"PropertyValueSpecification\",\"valueRequired\":true,\"valueName\":\"search_term_string\"}}],\"inLanguage\":\"fr-FR\"},{\"@type\":\"Organization\",\"@id\":\"https:\\\/\\\/www.polysoude.com\\\/fr\\\/#organization\",\"name\":\"Polysoude\",\"alternateName\":\"Polysoude\",\"url\":\"https:\\\/\\\/www.polysoude.com\\\/fr\\\/\",\"logo\":{\"@type\":\"ImageObject\",\"inLanguage\":\"fr-FR\",\"@id\":\"https:\\\/\\\/www.polysoude.com\\\/fr\\\/#\\\/schema\\\/logo\\\/image\\\/\",\"url\":\"https:\\\/\\\/www.polysoude.com\\\/wp-content\\\/uploads\\\/2022\\\/07\\\/Polysoude_Logo_signature_fond-transparent_600dpi_300mm_RVB-e1658123578778.png\",\"contentUrl\":\"https:\\\/\\\/www.polysoude.com\\\/wp-content\\\/uploads\\\/2022\\\/07\\\/Polysoude_Logo_signature_fond-transparent_600dpi_300mm_RVB-e1658123578778.png\",\"width\":465,\"height\":86,\"caption\":\"Polysoude\"},\"image\":{\"@id\":\"https:\\\/\\\/www.polysoude.com\\\/fr\\\/#\\\/schema\\\/logo\\\/image\\\/\"},\"sameAs\":[\"https:\\\/\\\/www.facebook.com\\\/Polysoude\\\/\",\"https:\\\/\\\/www.linkedin.com\\\/company\\\/polysoude\\\/\",\"https:\\\/\\\/www.instagram.com\\\/polysoudeglobal\\\/\"]}]}<\/script>\n<!-- \/ Yoast SEO plugin. -->","yoast_head_json":{"title":"Soudage orbital de tubes | Polysoude","description":"De nos jours, le soudage orbital de tubes\u00a0fait r\u00e9f\u00e9rence au soudage automatis\u00e9 de tubes industriels au moyen d'une \u00e9lectrode rotative autour du tube (ou","robots":{"index":"index","follow":"follow","max-snippet":"max-snippet:-1","max-image-preview":"max-image-preview:large","max-video-preview":"max-video-preview:-1"},"canonical":"https:\/\/www.polysoude.com\/fr\/soudage-orbital-tubes\/","og_locale":"fr_FR","og_type":"article","og_title":"Soudage orbital de tubes | Polysoude","og_description":"De nos jours, le soudage orbital de tubes\u00a0fait r\u00e9f\u00e9rence au soudage automatis\u00e9 de tubes industriels au moyen d'une \u00e9lectrode rotative autour du tube (ou","og_url":"https:\/\/www.polysoude.com\/fr\/soudage-orbital-tubes\/","og_site_name":"Polysoude","article_publisher":"https:\/\/www.facebook.com\/Polysoude\/","article_modified_time":"2022-11-23T08:16:56+00:00","og_image":[{"url":"https:\/\/www.polysoude.com\/wp-content\/plugins\/bb-plugin\/img\/pixel.png","type":"","width":"","height":""}],"twitter_card":"summary_large_image","twitter_misc":{"Dur\u00e9e de lecture estim\u00e9e":"5 minutes"},"schema":{"@context":"https:\/\/schema.org","@graph":[{"@type":"WebPage","@id":"https:\/\/www.polysoude.com\/fr\/soudage-orbital-tubes\/","url":"https:\/\/www.polysoude.com\/fr\/soudage-orbital-tubes\/","name":"Soudage orbital de tubes | Polysoude","isPartOf":{"@id":"https:\/\/www.polysoude.com\/fr\/#website"},"primaryImageOfPage":{"@id":"https:\/\/www.polysoude.com\/fr\/soudage-orbital-tubes\/#primaryimage"},"image":{"@id":"https:\/\/www.polysoude.com\/fr\/soudage-orbital-tubes\/#primaryimage"},"thumbnailUrl":"https:\/\/www.polysoude.com\/wp-content\/plugins\/bb-plugin\/img\/pixel.png","datePublished":"2022-10-10T12:11:13+00:00","dateModified":"2022-11-23T08:16:56+00:00","description":"De nos jours, le soudage orbital de tubes\u00a0fait r\u00e9f\u00e9rence au soudage automatis\u00e9 de tubes industriels au moyen d'une \u00e9lectrode rotative autour du tube (ou","breadcrumb":{"@id":"https:\/\/www.polysoude.com\/fr\/soudage-orbital-tubes\/#breadcrumb"},"inLanguage":"fr-FR","potentialAction":[{"@type":"ReadAction","target":["https:\/\/www.polysoude.com\/fr\/soudage-orbital-tubes\/"]}]},{"@type":"ImageObject","inLanguage":"fr-FR","@id":"https:\/\/www.polysoude.com\/fr\/soudage-orbital-tubes\/#primaryimage","url":"https:\/\/www.polysoude.com\/wp-content\/plugins\/bb-plugin\/img\/pixel.png","contentUrl":"https:\/\/www.polysoude.com\/wp-content\/plugins\/bb-plugin\/img\/pixel.png"},{"@type":"BreadcrumbList","@id":"https:\/\/www.polysoude.com\/fr\/soudage-orbital-tubes\/#breadcrumb","itemListElement":[{"@type":"ListItem","position":1,"name":"Home","item":"https:\/\/www.polysoude.com\/fr\/accueil\/"},{"@type":"ListItem","position":2,"name":"Soudage orbital de tubes"}]},{"@type":"WebSite","@id":"https:\/\/www.polysoude.com\/fr\/#website","url":"https:\/\/www.polysoude.com\/fr\/","name":"Polysoude","description":"The art of welding","publisher":{"@id":"https:\/\/www.polysoude.com\/fr\/#organization"},"alternateName":"Polysoude","potentialAction":[{"@type":"SearchAction","target":{"@type":"EntryPoint","urlTemplate":"https:\/\/www.polysoude.com\/fr\/?s={search_term_string}"},"query-input":{"@type":"PropertyValueSpecification","valueRequired":true,"valueName":"search_term_string"}}],"inLanguage":"fr-FR"},{"@type":"Organization","@id":"https:\/\/www.polysoude.com\/fr\/#organization","name":"Polysoude","alternateName":"Polysoude","url":"https:\/\/www.polysoude.com\/fr\/","logo":{"@type":"ImageObject","inLanguage":"fr-FR","@id":"https:\/\/www.polysoude.com\/fr\/#\/schema\/logo\/image\/","url":"https:\/\/www.polysoude.com\/wp-content\/uploads\/2022\/07\/Polysoude_Logo_signature_fond-transparent_600dpi_300mm_RVB-e1658123578778.png","contentUrl":"https:\/\/www.polysoude.com\/wp-content\/uploads\/2022\/07\/Polysoude_Logo_signature_fond-transparent_600dpi_300mm_RVB-e1658123578778.png","width":465,"height":86,"caption":"Polysoude"},"image":{"@id":"https:\/\/www.polysoude.com\/fr\/#\/schema\/logo\/image\/"},"sameAs":["https:\/\/www.facebook.com\/Polysoude\/","https:\/\/www.linkedin.com\/company\/polysoude\/","https:\/\/www.instagram.com\/polysoudeglobal\/"]}]}},"_links":{"self":[{"href":"https:\/\/www.polysoude.com\/fr\/wp-json\/wp\/v2\/pages\/42157","targetHints":{"allow":["GET"]}}],"collection":[{"href":"https:\/\/www.polysoude.com\/fr\/wp-json\/wp\/v2\/pages"}],"about":[{"href":"https:\/\/www.polysoude.com\/fr\/wp-json\/wp\/v2\/types\/page"}],"author":[{"embeddable":true,"href":"https:\/\/www.polysoude.com\/fr\/wp-json\/wp\/v2\/users\/16"}],"replies":[{"embeddable":true,"href":"https:\/\/www.polysoude.com\/fr\/wp-json\/wp\/v2\/comments?post=42157"}],"version-history":[{"count":2,"href":"https:\/\/www.polysoude.com\/fr\/wp-json\/wp\/v2\/pages\/42157\/revisions"}],"predecessor-version":[{"id":42618,"href":"https:\/\/www.polysoude.com\/fr\/wp-json\/wp\/v2\/pages\/42157\/revisions\/42618"}],"wp:attachment":[{"href":"https:\/\/www.polysoude.com\/fr\/wp-json\/wp\/v2\/media?parent=42157"}],"curies":[{"name":"wp","href":"https:\/\/api.w.org\/{rel}","templated":true}]}}