{"id":42159,"date":"2022-10-27T14:14:57","date_gmt":"2022-10-27T12:14:57","guid":{"rendered":"https:\/\/www.polysoude.com\/?page_id=42159"},"modified":"2022-11-23T09:20:02","modified_gmt":"2022-11-23T08:20:02","slug":"soudage-tube-sur-plaque","status":"publish","type":"page","link":"https:\/\/www.polysoude.com\/fr\/soudage-tube-sur-plaque\/","title":{"rendered":"Soudage tube sur plaque"},"content":{"rendered":"\n\n\t\t\t\t<img loading=\"lazy\" decoding=\"async\" src=\"https:\/\/www.polysoude.com\/wp-content\/uploads\/2022\/09\/tubular-heat-exchanger-welding-plate.png\" alt=\"deux t\u00eates de soudage orbitales TS 8-75 tube \u00e0 tube avec d\u00e9vidoir int\u00e9gr\u00e9 production d'un \u00e9changeur de chaleur en acier inoxydable Polysoude\" itemprop=\"image\" height=\"913\" width=\"900\" title=\"plaque de soudure pour \u00e9changeur de chaleur tubulaire\" onerror=\"this.style.display='none'\"  \/>\n\t<p>De nos jours, le <strong>soudage tube sur plaque<\/strong> est devenu un processus essentiel, car de nombreux \u00e9quipements industriels tels que les \u00e9changeurs de chaleur, les turbines \u00e0 vapeur, les condenseurs, les refroidisseurs d&rsquo;air ou les chaudi\u00e8res sont compos\u00e9s de milliers de tubes m\u00e9talliques. Ces constructions tubulaires sont g\u00e9n\u00e9ralement assembl\u00e9es sur des plaques m\u00e9talliques \u00e9paisses et soud\u00e9es par le proc\u00e9d\u00e9 TIG pour obtenir des performances optimales et durables. Le <strong><a href=\"https:\/\/www.polysoude.com\/fr\/soudage-tig-automatise\/\">soudage automatis\u00e9<\/a> de tubes et de plaques tubulaires<\/strong> a remplac\u00e9 le soudage manuel pour am\u00e9liorer la productivit\u00e9 et la reproductibilit\u00e9 des joints tube\/plaque et, bien s\u00fbr, pour r\u00e9duire les temps de production des <strong>\u00e9changeurs de chaleur \u00e0 tubes<\/strong> industriels.<\/p>\n\t\t\t<a href=\"https:\/\/www.polysoude.com\/fr\/poser-une-question\/\" target=\"_self\" role=\"button\" rel=\"noopener\">\n\t\t\t\t\t\t\tContactez-nous pour plus d&rsquo;informations\n\t\t\t\t\t<\/a>\n<h2>\n\t\tSoudage orbital tube sur plaque : Applications et \u00e9quipement\n\t<\/h2>\n<h3>\n\t\tApplications de soudage de tubes sur plaque\n\t<\/h3>\n\t<p>Les applications de <strong>soudage orbital<\/strong> tube sur plaque sont utilis\u00e9es pour fabriquer des chaudi\u00e8res et des <strong>\u00e9changeurs de chaleur \u00e0 tubes<\/strong> pour diverses industries, mais les \u00e9quipements les plus lourds se trouvent dans les usines des industries chimiques ou p\u00e9trochimiques et les centrales \u00e9lectriques.<\/p>\n<p>Presque tous les m\u00e9taux et alliages soudables sont utilis\u00e9s dans le domaine des applications de <strong>soudage de tubes sur plaques tubulaires<\/strong>, mais les dimensions des tubes sont relativement restreintes. Leur plage de diam\u00e8tre couvre 12,7\u00a0mm \u00e0 101,6\u00a0mm, les \u00e9paisseurs de paroi sont comprises entre 0,5\u00a0mm et 5\u00a0mm. Les diam\u00e8tres de la plupart des tubes mesurent entre 19,05\u00a0mm (3\/4&Prime;) et 38,1\u00a0mm, avec des \u00e9paisseurs de paroi comprises entre 1,65\u00a0mm et 3,4\u00a0mm.<\/p>\n<p>Vous trouverez ici tout ce que vous devez savoir :\u00a0<a href=\"https:\/\/www.polysoude.com\/fr\/nouveau-guide-gratuit-sur-le-soudage-tig-orbital-des-echangeurs-de-chaleur-industriels\/\">t\u00e9l\u00e9chargez notre manuel gratuit sur le\u00a0soudage de tubes sur plaques et les \u00e9changeurs de chaleur \u00e0 tubes industriels<\/a><\/p>\n\t\t\t\t<img loading=\"lazy\" decoding=\"async\" src=\"https:\/\/www.polysoude.com\/wp-content\/uploads\/2022\/09\/TS34-tube-to-tubesheet-weld-head-150x150.png\" alt=\"t\u00eate de soudage de plaques tubulaires soudure autog\u00e8ne TS-34 production d'\u00e9changeur de chaleur en acier inoxydable\" itemprop=\"image\" height=\"150\" width=\"150\" title=\"T\u00eate de soudage TS34 de tube \u00e0 plaque tubulaire\" onerror=\"this.style.display='none'\"  \/>\n\t\t\t\t<img loading=\"lazy\" decoding=\"async\" src=\"https:\/\/www.polysoude.com\/wp-content\/uploads\/2022\/09\/TS-8-75-tube-to-tubesheet-weld-head-150x150.png\" alt=\"t\u00eate de soudage orbitale automatique tube-tube-t\u00f4le avec d\u00e9vidoir de fil sur \u00e9changeur de chaleur en acier inoxydable\" itemprop=\"image\" height=\"150\" width=\"150\" title=\"TS-8-75 t\u00eate de soudure de tube \u00e0 feuille de tube\" onerror=\"this.style.display='none'\"  \/>\n\t\t\t\t<img loading=\"lazy\" decoding=\"async\" src=\"https:\/\/www.polysoude.com\/wp-content\/uploads\/2022\/09\/SPX-compact-tube-to-tubesheet-welding.png\" alt=\"3 t\u00eates de soudage orbitales tube \u00e0 tube sans d\u00e9vidoir suspendues pour souder des tubes sur un site de production d'un \u00e9changeur de chaleur\" itemprop=\"image\" height=\"1177\" width=\"1174\" title=\"SPX-compact-tube-\u00e0-tube-soudure\" onerror=\"this.style.display='none'\"  \/>\n<h3>\n\t\t\u00c9quipement de soudage orbital\n\t<\/h3>\n\t<p>Dans la plupart des cas, l&rsquo;\u00e9quipement utilis\u00e9 pour le soudage automatis\u00e9 de tubes et de plaques tubulaires est strictement adapt\u00e9 \u00e0 l&rsquo;application et au niveau d&rsquo;automatisation souhait\u00e9\u00a0:\u00a0<\/p>\n<ol>\n<li> La machine \u00e0 souder les plaques tubulaires \u00e0 trois axes contr\u00f4l\u00e9s (gaz, courant, rotation) est compos\u00e9 d&rsquo;une source d&rsquo;\u00e9nergie install\u00e9e de mani\u00e8re stationnaire, appel\u00e9e Smart Welding Station, et d&rsquo;une t\u00eate de soudage de tubes sur plaques tubulaires, qui ex\u00e9cute un soudage par fusion sans ajout de fil d&rsquo;appoint.<\/li>\n<li> La machine \u00e0 souder \u00e0 quatre axes contr\u00f4l\u00e9s (gaz, courant, rotation, fil) comprend une source de courant de soudage install\u00e9e de mani\u00e8re fixe et une t\u00eate de soudage de tubes sur plaques tubulaires. On utilisera cet \u00e9quipement pour les applications en simple passe. Le soudage en double passe \u00e9tant alors effectu\u00e9 en deux \u00e9tapes s\u00e9par\u00e9es.\u00a0<\/li>\n<li> L&rsquo;<a href=\"https:\/\/www.polysoude.com\/fr\/equipement-de-soudage-orbital\/\">\u00e9quipement de soudage<\/a>, \u00e9quip\u00e9 de cinq axes contr\u00f4l\u00e9s (gaz, courant, rotation, fil, AVC), est compos\u00e9 d&rsquo;un g\u00e9n\u00e9rateur TIG permettant de contr\u00f4ler 6\u00a0axes, et d&rsquo;une t\u00eate de soudage tubes sur plaque TS 8\/7avec configuration AVC, permettant l&rsquo;encha\u00eenement de passes multiples avec fil d&rsquo;apport. La remont\u00e9e de la torche entre les passes peut \u00e9galement \u00eatre programm\u00e9e et s&rsquo;effectue sans interruption du cycle de soudage.<\/li>\n<li> L&rsquo;\u00e9quipement de soudage, dot\u00e9 de six axes contr\u00f4l\u00e9s (gaz, courant, rotation, fil, AVC, oscillation), comprend une source de courant PC Smart Welding Station et une t\u00eate de soudage tubes sur plaque de type SPX compact dite TIG 20\/160. L&rsquo;\u00e9quipement permet le soudage multi-passes ; la torche peut \u00eatre d\u00e9plac\u00e9e dans le sens radial.<\/li>\n<\/ol>\n\t\t\t<a href=\"https:\/\/www.polysoude.com\/fr\/soudage-orbital-et-automatique\/soudage-orbital-tube-plaque\/\" target=\"_self\" role=\"button\" rel=\"noopener\">\n\t\t\t\t\t\t\tPour en savoir plus sur les \u00e9quipements de soudage de tubes sur plaques tubulaires\n\t\t\t\t\t<\/a>\n<h2>\n\t\tPr\u00e9parations des soudures pour le soudage de tubes sur plaques tubulaires\n\t<\/h2>\n<h3>\n\t\tExigences sp\u00e9cifiques des tubes et pr\u00e9parations des soudures\n\t<\/h3>\n\t<p>Dans le <strong>soudage orbital de tubes sur plaques tubulaires<\/strong> TIG, la planification est un gage de r\u00e9ussite\u00a0:\u00a0<\/p>\n<ol>\n<li> Les tubes doivent \u00eatre sans soudure ou avec un joint de soudure lamin\u00e9e.<\/li>\n<li> Les joints doivent avoir des pr\u00e9parations avec chanfrein tulipe, assurant une fusion fiable de la base du bord du tube, notamment en position verticale descendante.\u00a0<\/li>\n<li> Si une bonne conduction thermique est requise, le jeu entre le tube et l&rsquo;al\u00e9sage peut \u00eatre \u00e9limin\u00e9 par une l\u00e9g\u00e8re expansion du tube.<\/li>\n<li> La zone de contact entre le tube et la plaque tubulaire doit \u00eatre propre, pour \u00e9viter la formation de soufflures inacceptables.<\/li>\n<li> Une expansion compl\u00e8te des tubes \u00e0 l&rsquo;int\u00e9rieur de la plaque tubulaire ne doit jamais \u00eatre effectu\u00e9e avant la soudure automatique, car cela provoque des effets de d\u00e9gazage explosifs. <\/li>\n<\/ol>\n<h4>\n\t\tTubes affleurants\n\t<\/h4>\n\t<p>Selon l&rsquo;application, le <strong>soudage TIG orbital<\/strong> de tubes affleurants avec ou sans m\u00e9tal d&rsquo;apport est possible, en utilisant diff\u00e9rentes conceptions de joints\u00a0:\u00a0<\/p>\n<ul>\n<li aria-level=\"1\">standard\u00a0<\/li>\n<li aria-level=\"1\">avec chanfrein tulipe<\/li>\n<li aria-level=\"1\">avec chanfrein en V\u00a0<\/li>\n<li aria-level=\"1\">avec gorge de d\u00e9charge<\/li>\n<\/ul>\n\t\t\t\t<img loading=\"lazy\" decoding=\"async\" src=\"https:\/\/www.polysoude.com\/wp-content\/uploads\/2022\/09\/flush-tube-preparation-tubesheet-welding.png\" alt=\"sch\u00e9ma de pr\u00e9paration de la plaque tubulaire pour les soudures d'\u00e9tanch\u00e9it\u00e9 ou de r\u00e9sistance avec des tubes affleurants\" itemprop=\"image\" height=\"375\" width=\"1028\" title=\"pr\u00e9paration du tube affleurant-soudure de la plaque tubulaire\" onerror=\"this.style.display='none'\"  \/>\n<h4>\n\t\t Soudage de tubes affleurants sans fil \n\t<\/h4>\n\t<p>Le plus souvent, une pr\u00e9paration standard est effectu\u00e9e pour le soudage des tubes affleurants. Pour les applications sans fil d&rsquo;apport sur des diam\u00e8tres de tube compris entre 10\u00a0mm et 32\u00a0mm, des t\u00eates de soudage sp\u00e9cialement d\u00e9velopp\u00e9es sont utilis\u00e9es et la s\u00e9quence compl\u00e8te est ex\u00e9cut\u00e9e automatiquement.<\/p>\n<h4>\n\t\tSoudage de tubes affleurants avec fil \n\t<\/h4>\n\t<p>Des \u00e9quipements de soudage avec quatre ou cinq axes contr\u00f4l\u00e9s peuvent \u00eatre utilis\u00e9s. La <strong>t\u00eate de soudage tube sur plaques<\/strong> doit \u00eatre configur\u00e9e en cons\u00e9quence\u00a0:\u00a0<\/p>\n<ul>\n<li aria-level=\"1\">avec d\u00e9vidoir de fil int\u00e9gr\u00e9 ou externe\u00a0;\u00a0<\/li>\n<li aria-level=\"1\">avec ou sans AVC\u00a0;\u00a0<\/li>\n<li aria-level=\"1\">avec ou sans cloche\u00a0;<\/li>\n<li aria-level=\"1\">torche \u00e0 0 ou 15\u00b0.<\/li>\n<\/ul>\n<h4>\n\t\tSoudage des tubes d\u00e9passants\n\t<\/h4>\n\t<p>Les tubes saillants sont toujours soud\u00e9s avec du fil d&rsquo;apport, mais avec des soudures commen\u00e7ant par une passe de fusion, diff\u00e9rents joints peuvent \u00eatre utilis\u00e9s\u00a0: Pr\u00e9paration standard sans chanfrein, pr\u00e9paration avec chanfrein tulipe ou avec chanfrein en V.<\/p>\n\t\t\t\t<img loading=\"lazy\" decoding=\"async\" src=\"https:\/\/www.polysoude.com\/wp-content\/uploads\/2022\/09\/protruding-tube-preparation-tubesheet-welding.png\" alt=\"Sch\u00e9ma de pr\u00e9paration de la plaque tubulaire pour les soudures d'\u00e9tanch\u00e9it\u00e9 ou de r\u00e9sistance avec des tubes en saillie.\" itemprop=\"image\" height=\"367\" width=\"1030\" title=\"soudure des tubes en saillie\" onerror=\"this.style.display='none'\"  \/>\n<h4>\n\t\tSoudage des tubes en retrait\n\t<\/h4>\n\t<p>Les types de joints sont les suivants\u00a0: Pr\u00e9paration standard sans chanfrein, pr\u00e9paration avec chanfrein tulipe ou avec chanfrein en V, soudage derri\u00e8re la plaque tubulaire (fr\u00e9quemment utilis\u00e9 dans l&rsquo;industrie p\u00e9trochimique).<\/p>\n\t\t\t\t<img loading=\"lazy\" decoding=\"async\" src=\"https:\/\/www.polysoude.com\/wp-content\/uploads\/2022\/09\/recessed-tube-preparation-tubesheet-welding.png\" alt=\"Sch\u00e9ma de pr\u00e9paration de la plaque tubulaire pour les soudures d'\u00e9tanch\u00e9it\u00e9 ou de r\u00e9sistance avec des tubes encastr\u00e9s.\" itemprop=\"image\" height=\"355\" width=\"1021\" title=\"pr\u00e9paration des tubes encastr\u00e9s soudure des feuilles de tubes\" onerror=\"this.style.display='none'\"  \/>\n\t\t\t<a href=\"https:\/\/www.polysoude.com\/fr\/preparation-de-tubes-2\/\" target=\"_self\" role=\"button\" rel=\"noopener\">\n\t\t\t\t\t\t\tPour en savoir plus sur le soudage des plaques tubulaires et la pr\u00e9paration des soudures\n\t\t\t\t\t<\/a>\n<h2>\n\t\tQui sommes-nous\u00a0?\n\t<\/h2>\n\tLa soci\u00e9t\u00e9 <a href=\"https:\/\/www.polysoude.com\/fr\/\">Polysoude<\/a> est sp\u00e9cialis\u00e9e dans la conception, le d\u00e9veloppement et la fabrication de solutions innovantes de soudage \u00e0 l&rsquo;arc. La marque est synonyme d&rsquo;expertise de premier plan au niveau mondial dans 3\u00a0secteurs cl\u00e9s\u00a0: les solutions de <a href=\"https:\/\/www.polysoude.com\/fr\/soudage-orbital-tig\/\">soudage orbital TIG<\/a> automatis\u00e9, les solutions de soudage TIG et plasma automatis\u00e9s et le <a href=\"https:\/\/www.polysoude.com\/fr\/rechargement-par-soudure\/\">rechargement par soudure<\/a> TIGer\u2122.<br \/>\nCr\u00e9\u00e9e \u00e0 Nantes en 1961, la soci\u00e9t\u00e9 fabrique de nombreux types de g\u00e9n\u00e9rateurs de soudage et d&rsquo;\u00e9quipements de soudage orbital, dont une large gamme de <strong>t\u00eates de soudage<\/strong> ouvertes et ferm\u00e9es. <br \/>\nAujourd&rsquo;hui, en tant qu&rsquo;entreprise orient\u00e9e vers l&rsquo;usine intelligente, nous concevons tous nos produits Polysoude pour l&rsquo;industrie 4.0.\n<h3>\n\t\tNous consulter\n\t<\/h3>\n\t<p>Rejoignez notre communaut\u00e9 sur LinkedIn\u00a0: @Polsyoude<\/p>\n<p>Suivez-nous sur les r\u00e9seaux sociaux\u00a0:\u00a0<\/p>\n<p>Facebook @polysoude\u00a0<\/p>\n<p>Instagram @polysoudeglobal <\/p>\n\n","protected":false},"excerpt":{"rendered":"<p>De nos jours, le soudage tube sur plaque est devenu un processus essentiel, car de nombreux \u00e9quipements industriels tels que les \u00e9changeurs de chaleur, les turbines \u00e0 vapeur, les condenseurs, les refroidisseurs d&rsquo;air ou les chaudi\u00e8res sont compos\u00e9s de milliers de tubes m\u00e9talliques. Ces constructions tubulaires sont g\u00e9n\u00e9ralement assembl\u00e9es sur des plaques m\u00e9talliques \u00e9paisses et [&hellip;]<\/p>\n","protected":false},"author":16,"featured_media":0,"parent":0,"menu_order":0,"comment_status":"closed","ping_status":"closed","template":"","meta":{"_acf_changed":false,"footnotes":""},"class_list":["post-42159","page","type-page","status-publish","hentry"],"acf":[],"yoast_head":"<!-- This site is optimized with the Yoast SEO plugin v27.3 - https:\/\/yoast.com\/product\/yoast-seo-wordpress\/ -->\n<title>Soudage tube sur plaque | Polysoude<\/title>\n<meta name=\"description\" content=\"De nos jours, le soudage tube sur plaque est devenu un processus essentiel, car de nombreux \u00e9quipements industriels tels que les \u00e9changeurs de chaleur,\" \/>\n<meta name=\"robots\" content=\"index, follow, max-snippet:-1, max-image-preview:large, max-video-preview:-1\" \/>\n<link rel=\"canonical\" href=\"https:\/\/www.polysoude.com\/fr\/soudage-tube-sur-plaque\/\" \/>\n<meta property=\"og:locale\" content=\"fr_FR\" \/>\n<meta property=\"og:type\" content=\"article\" \/>\n<meta property=\"og:title\" content=\"Soudage tube sur plaque | Polysoude\" \/>\n<meta property=\"og:description\" content=\"De nos jours, le soudage tube sur plaque est devenu un processus essentiel, car de nombreux \u00e9quipements industriels tels que les \u00e9changeurs de chaleur,\" \/>\n<meta property=\"og:url\" content=\"https:\/\/www.polysoude.com\/fr\/soudage-tube-sur-plaque\/\" \/>\n<meta property=\"og:site_name\" content=\"Polysoude\" \/>\n<meta property=\"article:publisher\" content=\"https:\/\/www.facebook.com\/Polysoude\/\" \/>\n<meta property=\"article:modified_time\" content=\"2022-11-23T08:20:02+00:00\" \/>\n<meta property=\"og:image\" content=\"https:\/\/www.polysoude.com\/wp-content\/uploads\/2022\/09\/tubular-heat-exchanger-welding-plate.png\" \/>\n<meta name=\"twitter:card\" content=\"summary_large_image\" \/>\n<meta name=\"twitter:label1\" content=\"Dur\u00e9e de lecture estim\u00e9e\" \/>\n\t<meta name=\"twitter:data1\" content=\"6 minutes\" \/>\n<script type=\"application\/ld+json\" class=\"yoast-schema-graph\">{\"@context\":\"https:\\\/\\\/schema.org\",\"@graph\":[{\"@type\":\"WebPage\",\"@id\":\"https:\\\/\\\/www.polysoude.com\\\/fr\\\/soudage-tube-sur-plaque\\\/\",\"url\":\"https:\\\/\\\/www.polysoude.com\\\/fr\\\/soudage-tube-sur-plaque\\\/\",\"name\":\"Soudage tube sur plaque | Polysoude\",\"isPartOf\":{\"@id\":\"https:\\\/\\\/www.polysoude.com\\\/fr\\\/#website\"},\"primaryImageOfPage\":{\"@id\":\"https:\\\/\\\/www.polysoude.com\\\/fr\\\/soudage-tube-sur-plaque\\\/#primaryimage\"},\"image\":{\"@id\":\"https:\\\/\\\/www.polysoude.com\\\/fr\\\/soudage-tube-sur-plaque\\\/#primaryimage\"},\"thumbnailUrl\":\"https:\\\/\\\/www.polysoude.com\\\/wp-content\\\/uploads\\\/2022\\\/09\\\/tubular-heat-exchanger-welding-plate.png\",\"datePublished\":\"2022-10-27T12:14:57+00:00\",\"dateModified\":\"2022-11-23T08:20:02+00:00\",\"description\":\"De nos jours, le soudage tube sur plaque est devenu un processus essentiel, car de nombreux \u00e9quipements industriels tels que les \u00e9changeurs de chaleur,\",\"breadcrumb\":{\"@id\":\"https:\\\/\\\/www.polysoude.com\\\/fr\\\/soudage-tube-sur-plaque\\\/#breadcrumb\"},\"inLanguage\":\"fr-FR\",\"potentialAction\":[{\"@type\":\"ReadAction\",\"target\":[\"https:\\\/\\\/www.polysoude.com\\\/fr\\\/soudage-tube-sur-plaque\\\/\"]}]},{\"@type\":\"ImageObject\",\"inLanguage\":\"fr-FR\",\"@id\":\"https:\\\/\\\/www.polysoude.com\\\/fr\\\/soudage-tube-sur-plaque\\\/#primaryimage\",\"url\":\"https:\\\/\\\/www.polysoude.com\\\/wp-content\\\/uploads\\\/2022\\\/09\\\/tubular-heat-exchanger-welding-plate.png\",\"contentUrl\":\"https:\\\/\\\/www.polysoude.com\\\/wp-content\\\/uploads\\\/2022\\\/09\\\/tubular-heat-exchanger-welding-plate.png\"},{\"@type\":\"BreadcrumbList\",\"@id\":\"https:\\\/\\\/www.polysoude.com\\\/fr\\\/soudage-tube-sur-plaque\\\/#breadcrumb\",\"itemListElement\":[{\"@type\":\"ListItem\",\"position\":1,\"name\":\"Home\",\"item\":\"https:\\\/\\\/www.polysoude.com\\\/fr\\\/accueil\\\/\"},{\"@type\":\"ListItem\",\"position\":2,\"name\":\"Soudage tube sur plaque\"}]},{\"@type\":\"WebSite\",\"@id\":\"https:\\\/\\\/www.polysoude.com\\\/fr\\\/#website\",\"url\":\"https:\\\/\\\/www.polysoude.com\\\/fr\\\/\",\"name\":\"Polysoude\",\"description\":\"The art of welding\",\"publisher\":{\"@id\":\"https:\\\/\\\/www.polysoude.com\\\/fr\\\/#organization\"},\"alternateName\":\"Polysoude\",\"potentialAction\":[{\"@type\":\"SearchAction\",\"target\":{\"@type\":\"EntryPoint\",\"urlTemplate\":\"https:\\\/\\\/www.polysoude.com\\\/fr\\\/?s={search_term_string}\"},\"query-input\":{\"@type\":\"PropertyValueSpecification\",\"valueRequired\":true,\"valueName\":\"search_term_string\"}}],\"inLanguage\":\"fr-FR\"},{\"@type\":\"Organization\",\"@id\":\"https:\\\/\\\/www.polysoude.com\\\/fr\\\/#organization\",\"name\":\"Polysoude\",\"alternateName\":\"Polysoude\",\"url\":\"https:\\\/\\\/www.polysoude.com\\\/fr\\\/\",\"logo\":{\"@type\":\"ImageObject\",\"inLanguage\":\"fr-FR\",\"@id\":\"https:\\\/\\\/www.polysoude.com\\\/fr\\\/#\\\/schema\\\/logo\\\/image\\\/\",\"url\":\"https:\\\/\\\/www.polysoude.com\\\/wp-content\\\/uploads\\\/2022\\\/07\\\/Polysoude_Logo_signature_fond-transparent_600dpi_300mm_RVB-e1658123578778.png\",\"contentUrl\":\"https:\\\/\\\/www.polysoude.com\\\/wp-content\\\/uploads\\\/2022\\\/07\\\/Polysoude_Logo_signature_fond-transparent_600dpi_300mm_RVB-e1658123578778.png\",\"width\":465,\"height\":86,\"caption\":\"Polysoude\"},\"image\":{\"@id\":\"https:\\\/\\\/www.polysoude.com\\\/fr\\\/#\\\/schema\\\/logo\\\/image\\\/\"},\"sameAs\":[\"https:\\\/\\\/www.facebook.com\\\/Polysoude\\\/\",\"https:\\\/\\\/www.linkedin.com\\\/company\\\/polysoude\\\/\",\"https:\\\/\\\/www.instagram.com\\\/polysoudeglobal\\\/\"]}]}<\/script>\n<!-- \/ Yoast SEO plugin. -->","yoast_head_json":{"title":"Soudage tube sur plaque | Polysoude","description":"De nos jours, le soudage tube sur plaque est devenu un processus essentiel, car de nombreux \u00e9quipements industriels tels que les \u00e9changeurs de chaleur,","robots":{"index":"index","follow":"follow","max-snippet":"max-snippet:-1","max-image-preview":"max-image-preview:large","max-video-preview":"max-video-preview:-1"},"canonical":"https:\/\/www.polysoude.com\/fr\/soudage-tube-sur-plaque\/","og_locale":"fr_FR","og_type":"article","og_title":"Soudage tube sur plaque | Polysoude","og_description":"De nos jours, le soudage tube sur plaque est devenu un processus essentiel, car de nombreux \u00e9quipements industriels tels que les \u00e9changeurs de chaleur,","og_url":"https:\/\/www.polysoude.com\/fr\/soudage-tube-sur-plaque\/","og_site_name":"Polysoude","article_publisher":"https:\/\/www.facebook.com\/Polysoude\/","article_modified_time":"2022-11-23T08:20:02+00:00","og_image":[{"url":"https:\/\/www.polysoude.com\/wp-content\/uploads\/2022\/09\/tubular-heat-exchanger-welding-plate.png","type":"","width":"","height":""}],"twitter_card":"summary_large_image","twitter_misc":{"Dur\u00e9e de lecture estim\u00e9e":"6 minutes"},"schema":{"@context":"https:\/\/schema.org","@graph":[{"@type":"WebPage","@id":"https:\/\/www.polysoude.com\/fr\/soudage-tube-sur-plaque\/","url":"https:\/\/www.polysoude.com\/fr\/soudage-tube-sur-plaque\/","name":"Soudage tube sur plaque | Polysoude","isPartOf":{"@id":"https:\/\/www.polysoude.com\/fr\/#website"},"primaryImageOfPage":{"@id":"https:\/\/www.polysoude.com\/fr\/soudage-tube-sur-plaque\/#primaryimage"},"image":{"@id":"https:\/\/www.polysoude.com\/fr\/soudage-tube-sur-plaque\/#primaryimage"},"thumbnailUrl":"https:\/\/www.polysoude.com\/wp-content\/uploads\/2022\/09\/tubular-heat-exchanger-welding-plate.png","datePublished":"2022-10-27T12:14:57+00:00","dateModified":"2022-11-23T08:20:02+00:00","description":"De nos jours, le soudage tube sur plaque est devenu un processus essentiel, car de nombreux \u00e9quipements industriels tels que les \u00e9changeurs de chaleur,","breadcrumb":{"@id":"https:\/\/www.polysoude.com\/fr\/soudage-tube-sur-plaque\/#breadcrumb"},"inLanguage":"fr-FR","potentialAction":[{"@type":"ReadAction","target":["https:\/\/www.polysoude.com\/fr\/soudage-tube-sur-plaque\/"]}]},{"@type":"ImageObject","inLanguage":"fr-FR","@id":"https:\/\/www.polysoude.com\/fr\/soudage-tube-sur-plaque\/#primaryimage","url":"https:\/\/www.polysoude.com\/wp-content\/uploads\/2022\/09\/tubular-heat-exchanger-welding-plate.png","contentUrl":"https:\/\/www.polysoude.com\/wp-content\/uploads\/2022\/09\/tubular-heat-exchanger-welding-plate.png"},{"@type":"BreadcrumbList","@id":"https:\/\/www.polysoude.com\/fr\/soudage-tube-sur-plaque\/#breadcrumb","itemListElement":[{"@type":"ListItem","position":1,"name":"Home","item":"https:\/\/www.polysoude.com\/fr\/accueil\/"},{"@type":"ListItem","position":2,"name":"Soudage tube sur plaque"}]},{"@type":"WebSite","@id":"https:\/\/www.polysoude.com\/fr\/#website","url":"https:\/\/www.polysoude.com\/fr\/","name":"Polysoude","description":"The art of welding","publisher":{"@id":"https:\/\/www.polysoude.com\/fr\/#organization"},"alternateName":"Polysoude","potentialAction":[{"@type":"SearchAction","target":{"@type":"EntryPoint","urlTemplate":"https:\/\/www.polysoude.com\/fr\/?s={search_term_string}"},"query-input":{"@type":"PropertyValueSpecification","valueRequired":true,"valueName":"search_term_string"}}],"inLanguage":"fr-FR"},{"@type":"Organization","@id":"https:\/\/www.polysoude.com\/fr\/#organization","name":"Polysoude","alternateName":"Polysoude","url":"https:\/\/www.polysoude.com\/fr\/","logo":{"@type":"ImageObject","inLanguage":"fr-FR","@id":"https:\/\/www.polysoude.com\/fr\/#\/schema\/logo\/image\/","url":"https:\/\/www.polysoude.com\/wp-content\/uploads\/2022\/07\/Polysoude_Logo_signature_fond-transparent_600dpi_300mm_RVB-e1658123578778.png","contentUrl":"https:\/\/www.polysoude.com\/wp-content\/uploads\/2022\/07\/Polysoude_Logo_signature_fond-transparent_600dpi_300mm_RVB-e1658123578778.png","width":465,"height":86,"caption":"Polysoude"},"image":{"@id":"https:\/\/www.polysoude.com\/fr\/#\/schema\/logo\/image\/"},"sameAs":["https:\/\/www.facebook.com\/Polysoude\/","https:\/\/www.linkedin.com\/company\/polysoude\/","https:\/\/www.instagram.com\/polysoudeglobal\/"]}]}},"_links":{"self":[{"href":"https:\/\/www.polysoude.com\/fr\/wp-json\/wp\/v2\/pages\/42159","targetHints":{"allow":["GET"]}}],"collection":[{"href":"https:\/\/www.polysoude.com\/fr\/wp-json\/wp\/v2\/pages"}],"about":[{"href":"https:\/\/www.polysoude.com\/fr\/wp-json\/wp\/v2\/types\/page"}],"author":[{"embeddable":true,"href":"https:\/\/www.polysoude.com\/fr\/wp-json\/wp\/v2\/users\/16"}],"replies":[{"embeddable":true,"href":"https:\/\/www.polysoude.com\/fr\/wp-json\/wp\/v2\/comments?post=42159"}],"version-history":[{"count":2,"href":"https:\/\/www.polysoude.com\/fr\/wp-json\/wp\/v2\/pages\/42159\/revisions"}],"predecessor-version":[{"id":42619,"href":"https:\/\/www.polysoude.com\/fr\/wp-json\/wp\/v2\/pages\/42159\/revisions\/42619"}],"wp:attachment":[{"href":"https:\/\/www.polysoude.com\/fr\/wp-json\/wp\/v2\/media?parent=42159"}],"curies":[{"name":"wp","href":"https:\/\/api.w.org\/{rel}","templated":true}]}}