{"id":42161,"date":"2022-10-27T14:14:57","date_gmt":"2022-10-27T12:14:57","guid":{"rendered":"https:\/\/www.polysoude.com\/?page_id=42161"},"modified":"2022-11-23T09:21:51","modified_gmt":"2022-11-23T08:21:51","slug":"equipement-de-soudage-orbital","status":"publish","type":"page","link":"https:\/\/www.polysoude.com\/fr\/equipement-de-soudage-orbital\/","title":{"rendered":"\u00c9quipement de soudage orbital"},"content":{"rendered":"\n\n\t<p>Lorsqu&rsquo;il s&rsquo;agit de choisir un <strong>\u00e9quipement de soudage orbital<\/strong>, il y a beaucoup de choses \u00e0 savoir, en premier lieu en ce qui concerne le soudage TIG\u00a0: quels sont les \u00e9quipements qui composent le meilleur poste de soudage orbital et \u00e0 quoi sont-ils destin\u00e9s\u00a0? La combinaison d&rsquo;une <strong>machine \u00e0 souder\u00a0<\/strong>TIG orbitale, c&rsquo;est-\u00e0-dire une source d&rsquo;alimentation et une<strong> t\u00eate de soudage<\/strong>, doit \u00eatre consid\u00e9r\u00e9e comme la pierre angulaire du processus de soudage orbital.<\/p>\n\t\t\t<a href=\"https:\/\/www.polysoude.com\/fr\/poser-une-question\/\" target=\"_self\" role=\"button\" rel=\"noopener\">\n\t\t\t\t\t\t\tContactez-nous pour plus d&rsquo;informations\n\t\t\t\t\t<\/a>\n<h2>\n\t\tComposants mat\u00e9riels d&rsquo;un \u00e9quipement de soudage orbital \n\t<\/h2>\n<h3>\n\t\tSource de courant de soudage\n\t<\/h3>\n\t<p>Les <strong>\u00e9quipements de soudage orbital<\/strong>\u00a0sont g\u00e9n\u00e9ralement constitu\u00e9s des composants suivants\u00a0: une<strong> source de courant de soudage\u00a0programmable<\/strong> avec une t\u00e9l\u00e9commande s\u00e9par\u00e9e ou int\u00e9gr\u00e9e dans la t\u00eate de soudage, la <strong>t\u00eate de soudage<\/strong> et un dispositif d&rsquo;alimentation filaire si l&rsquo;application l&rsquo;exige.<\/p>\n<h4>\n\t\tSource d&rsquo;alimentation programmable \n\t<\/h4>\n\t<p>La <strong>source de courant de soudage<\/strong> pour la soudure orbitale, \u00e9galement connue sous le nom de Smart Welding Station de <a href=\"https:\/\/www.polysoude.com\/fr\/\">Polysoude<\/a>, comporte des sous-ensembles ayant chacun des fonctions sp\u00e9cifiques. \u00a0Des\u00a0<strong>onduleurs de puissance<\/strong>\u00a0fournissent le courant de soudage et, en cas de soudage avec fil chaud, le courant pour chauffer le fil d&rsquo;apport. <strong>Une unit\u00e9 de commande programmable<\/strong>\u00a0est bas\u00e9e sur un PC int\u00e9gr\u00e9 ou externe. \u00a0<strong>Un circuit de refroidissement<\/strong>\u00a0de la torche et des outils de soudage et de serrage et enfin, un <strong>syst\u00e8me d&rsquo;acquisition de donn\u00e9es<\/strong>\u00a0enregistreant chaque s\u00e9quence de soudage.<\/p>\n<h4>\n\t\tLes sources d&rsquo;alimentation\u00a0portables\n\t<\/h4>\n\t<p><strong>Les <\/strong><strong>sources d&rsquo;alimentation<\/strong><strong>\u00a0<\/strong>portables peuvent \u00eatre transport\u00e9es sur le chantier par l&rsquo;op\u00e9rateur lui-m\u00eame. Les<strong> sources de courant de soudage\u00a0<\/strong>de ce type peuvent g\u00e9rer jusqu&rsquo;\u00e0 quatre axes de commande, c&rsquo;est-\u00e0-dire que quatre dispositifs peuvent \u00eatre programm\u00e9s et contr\u00f4l\u00e9s\u00a0: le flux de gaz de protection, les intensit\u00e9s et les taux d&rsquo;impulsion du courant de soudage, la vitesse de d\u00e9placement de la t\u00eate de soudage et les op\u00e9rations d&rsquo;alimentation filaires.<\/p>\n<h4>\n\t\tLes sources d&rsquo;alimentation mobiles de taille moyenne\n\t<\/h4>\n\t<p><strong>Les <\/strong><strong>sources d&rsquo;alimentation<\/strong><strong>\u00a0mobiles de taille moyenne<\/strong>\u00a0sont mont\u00e9es sur des roues en caoutchouc pour les maintenir mobiles, en raison de leur poids accru<strong>. \u00a0<\/strong>Ce type de g\u00e9n\u00e9rateur est \u00e9quip\u00e9 de fa\u00e7on \u00e0 pouvoir g\u00e9rer jusqu&rsquo;\u00e0 six axes\u00a0: le d\u00e9bit du gaz de protection, les intensit\u00e9s et les taux d&rsquo;impulsion du courant de soudage, la vitesse de d\u00e9placement de la t\u00eate de soudage, les op\u00e9rations d&rsquo;alimentation filaires, et l&rsquo;AVC.<\/p>\n<h4>\n\t\tLes sources de courant de soudage de taille normale\n\t<\/h4>\n\t<p><strong>Les <\/strong><strong>sources de courant de soudage<\/strong>\u00a0de taille normale sont con\u00e7us pour traiter six axes ou plus. Le flux de gaz de protection, les intensit\u00e9s et les impulsions de courant de soudage, la vitesse de d\u00e9placement de la t\u00eate de soudage, les op\u00e9rations d&rsquo;alimentation en fil, le contr\u00f4le de la tension de l&rsquo;arc et les dispositifs d&rsquo;oscillation. Il peut \u00eatre \u00e9quip\u00e9 d&rsquo;une deuxi\u00e8me alimentation en courant de soudage pour fournir le courant de fil chaud. Les<strong> machines \u00e0 souder\u00a0<\/strong>permettent de contr\u00f4ler des axes suppl\u00e9mentaires, qui peuvent \u00eatre ajout\u00e9s ult\u00e9rieurement\u00a0; les cartes \u00e9lectroniques n\u00e9cessaires sont install\u00e9es dans des fentes vides \u00e0 l&rsquo;avant de la machine pour fournir des solutions personnalis\u00e9es.<\/p>\n\t\t\t<a href=\"https:\/\/www.polysoude.com\/fr\/soudage-orbital-et-automatique\/soudage-orbital-tube-tube\/\" target=\"_self\" role=\"button\" rel=\"noopener\">\n\t\t\t\t\t\t\tEn savoir plus sur les sources d&rsquo;alimentation et les Smart Welding Stations\n\t\t\t\t\t<\/a>\n<h3>\n\t\tT\u00eate de soudage orbital\n\t<\/h3>\n<h4>\n\t\tT\u00eate de soudage TIG tube\/tube\n\t<\/h4>\n\t<ol>\n<li>La <strong>t\u00eate de soudage TIG \u00e0 chambre ferm\u00e9e<\/strong>est con\u00e7ue pour souder des tubes sans fil d&rsquo;apport, en \u00e9tant directement connect\u00e9e \u00e0 une <strong>source d&rsquo;alimentation<\/strong>\u00a0appropri\u00e9e. Elle existe en diff\u00e9rentes tailles et permet de couvrir une gamme de diam\u00e8tres comprise entre 1,6\u00a0mm et 168\u00a0mm. \u00a0Les <strong>t\u00eates de soudage orbital<\/strong>\u00a0ferm\u00e9es donnent d&rsquo;excellents r\u00e9sultats lors du soudage de m\u00e9taux sensibles \u00e0 l&rsquo;oxydation tels que le titane ou le zirconium et leurs alliages.<\/li>\n<li><strong>Une <\/strong><strong>t\u00eate de soudage<\/strong><strong>\u00a0ouverte de type\u00a0U<\/strong>\u00a0a \u00e9t\u00e9 con\u00e7ue pour le <a href=\"https:\/\/www.polysoude.com\/fr\/soudage-orbital-tig\/\">soudage orbital TIG<\/a> avec ou sans fil d&rsquo;apport. \u00a0Les diam\u00e8tres des tubes \u00e0 souder couvrent une plage comprise entre 8\u00a0et 275\u00a0mm. Elles n\u00e9cessitent \u00e9galement d&rsquo;\u00eatre connect\u00e9es \u00e0 une source d&rsquo;alimentation d\u00e9di\u00e9e au soudage.<\/li>\n<li><strong>La t\u00eate de soudage de type chariot <\/strong>est g\u00e9n\u00e9ralement une t\u00eate de soudage orbitalouverte, qui se d\u00e9place autour des tubes ou des tuyaux sur des rails ou des voies. \u00a0Elle peut \u00eatre mont\u00e9e sur n&rsquo;importe quel tube dont le diam\u00e8tre ext\u00e9rieur est sup\u00e9rieur \u00e0 114\u00a0mm. L&rsquo;\u00e9paisseur de la paroi des tubes et tuyaux concern\u00e9s n\u00e9cessite toujours un soudage en plusieurs passes. La conception robuste des <strong>t\u00eates de soudage<\/strong>\u00a0sur chariot leur permet de transporter l&rsquo;\u00e9quipement n\u00e9cessaire, tel qu&rsquo;un moteur d&rsquo;entra\u00eenement, une torche avec AVC et un dispositif d&rsquo;oscillation, ainsi qu&rsquo;un d\u00e9vidoir de fil ou une cam\u00e9ra vid\u00e9o. En fonction de l&rsquo;application, ces t\u00eates de soudage peuvent \u00eatre \u00e9quip\u00e9es d&rsquo;une torche TIG standard ou d&rsquo;une torche pour soudage en joints \u00e9troits, qui offre une meilleure protection contre les gaz, proche de celle des t<strong>\u00eates de soudage<\/strong>\u00a0ferm\u00e9es.<\/li>\n<\/ol>\n<h4>\n\t\tT\u00eate de soudage TIG tube sur plaque tubulaire\n\t<\/h4>\n\t<ol>\n<li><strong>Une <\/strong><strong>t\u00eate de soudage<\/strong><strong>orbitale ferm\u00e9e tube sur plaque tubulaire sans fil d&rsquo;apport<\/strong>\u00a0a \u00e9t\u00e9 con\u00e7ue pour le soudage TIG des applications tube sur plaque tubulaire, avec des tubes affleurants ou l\u00e9g\u00e8rement saillants d&rsquo;un diam\u00e8tre interne minimum compris entre 9,5\u00a0mm (3\/8&Prime;) et 33,7\u00a0mm (1\u00a01\/3&Prime;). La soudure est r\u00e9alis\u00e9e sous atmosph\u00e8re inerte, dans une enceinte gazeuse, pour la prot\u00e9ger de l&rsquo;oxydation.<\/li>\n<li><strong>La <\/strong><strong>t\u00eate de soudage de tube sur plaques tubulaires <\/strong><strong>ouverte, avec ou sans fil d&rsquo;apport<\/strong>, est con\u00e7ue pour des applications mettant en \u0153uvre des tubes de 10 mm (13\/32&nbsp;&raquo;) minimum de diam\u00e8tre int\u00e9rieur et de 60 mm maximum de diam\u00e8tre ext\u00e9rieur. La torche TIG se d\u00e9place autour des tubes, qui peuvent \u00eatre saillants, affleurants ou en retrait. Les t\u00eates de soudage sont \u00e9quip\u00e9es d&rsquo;une torche TIG avec diffuseur de gaz. \u00a0La protection contre les gaz peut \u00eatre am\u00e9lior\u00e9e par l&rsquo;installation d&rsquo;une enceinte gazeuse. Chaque <strong>t\u00eate de soudage<\/strong> peut \u00eatre \u00e9quip\u00e9e d&rsquo;un d\u00e9vidoir de fil int\u00e9gr\u00e9.<\/li>\n<\/ol>\n\t\t\t<a href=\"https:\/\/www.polysoude.com\/fr\/soudage-orbital-et-automatique\/soudage-orbital-tube-tube\/\u00a0\" target=\"_self\" role=\"button\" rel=\"noopener\">\n\t\t\t\t\t\t\tEn savoir plus sur les sources de courant et les Smart Welding Stations\n\t\t\t\t\t<\/a>\n<h2>\n\t\tQui sommes-nous\u00a0?\n\t<\/h2>\n\tLa soci\u00e9t\u00e9 Polysoude est sp\u00e9cialis\u00e9e dans la conception, le d\u00e9veloppement et la fabrication de solutions innovantes de soudage \u00e0 l&rsquo;arc. La marque est synonyme d&rsquo;expertise de premier plan au niveau mondial dans 3\u00a0secteurs cl\u00e9s\u00a0: les solutions de soudage orbital TIG automatis\u00e9, les solutions de soudage TIG et plasma automatis\u00e9s et le <a href=\"https:\/\/www.polysoude.com\/fr\/rechargement-par-soudure\/\">rechargement par soudure<\/a> TIGer\u2122.<br \/>\nCr\u00e9\u00e9e \u00e0 Nantes en 1961, la soci\u00e9t\u00e9 fabrique de nombreux types de g\u00e9n\u00e9rateurs de soudage et d&rsquo;\u00e9quipements de soudage orbital, dont une large gamme de <strong>t\u00eates de soudage\u00a0<\/strong>ouvertes et ferm\u00e9es.<br \/>\nAujourd&rsquo;hui, en tant qu&rsquo;entreprise orient\u00e9e vers l&rsquo;usine intelligente, nous concevons tous nos produits Polysoude pour l&rsquo;industrie 4.0.\n<h3>\n\t\tNous consulter\n\t<\/h3>\n\t<p>Rejoignez notre communaut\u00e9 sur LinkedIn\u00a0: @Polsyoude<\/p>\n<p>Suivez-nous sur les r\u00e9seaux sociaux\u00a0:<\/p>\n<p>Facebook @polysoude<\/p>\n<p>Instagram @polysoudeglobal<\/p>\n\n","protected":false},"excerpt":{"rendered":"<p>Lorsqu&rsquo;il s&rsquo;agit de choisir un \u00e9quipement de soudage orbital, il y a beaucoup de choses \u00e0 savoir, en premier lieu en ce qui concerne le soudage TIG\u00a0: quels sont les \u00e9quipements qui composent le meilleur poste de soudage orbital et \u00e0 quoi sont-ils destin\u00e9s\u00a0? La combinaison d&rsquo;une machine \u00e0 souder\u00a0TIG orbitale, c&rsquo;est-\u00e0-dire une source d&rsquo;alimentation [&hellip;]<\/p>\n","protected":false},"author":16,"featured_media":0,"parent":0,"menu_order":0,"comment_status":"closed","ping_status":"closed","template":"","meta":{"_acf_changed":false,"footnotes":""},"class_list":["post-42161","page","type-page","status-publish","hentry"],"acf":[],"yoast_head":"<!-- This site is optimized with the Yoast SEO plugin v27.3 - https:\/\/yoast.com\/product\/yoast-seo-wordpress\/ -->\n<title>\u00c9quipement de soudage orbital | Polysoude<\/title>\n<meta name=\"description\" content=\"Lorsqu&#039;il s&#039;agit de choisir un \u00e9quipement de soudage orbital, il y a beaucoup de choses \u00e0 savoir, en premier lieu en ce qui concerne le soudage TIG\u00a0:\" \/>\n<meta name=\"robots\" content=\"index, follow, max-snippet:-1, max-image-preview:large, max-video-preview:-1\" \/>\n<link rel=\"canonical\" href=\"https:\/\/www.polysoude.com\/fr\/equipement-de-soudage-orbital\/\" \/>\n<meta property=\"og:locale\" content=\"fr_FR\" \/>\n<meta property=\"og:type\" content=\"article\" \/>\n<meta property=\"og:title\" content=\"\u00c9quipement de soudage orbital | Polysoude\" \/>\n<meta property=\"og:description\" content=\"Lorsqu&#039;il s&#039;agit de choisir un \u00e9quipement de soudage orbital, il y a beaucoup de choses \u00e0 savoir, en premier lieu en ce qui concerne le soudage TIG\u00a0:\" \/>\n<meta property=\"og:url\" content=\"https:\/\/www.polysoude.com\/fr\/equipement-de-soudage-orbital\/\" \/>\n<meta property=\"og:site_name\" content=\"Polysoude\" \/>\n<meta property=\"article:publisher\" content=\"https:\/\/www.facebook.com\/Polysoude\/\" \/>\n<meta property=\"article:modified_time\" content=\"2022-11-23T08:21:51+00:00\" \/>\n<meta name=\"twitter:card\" content=\"summary_large_image\" \/>\n<meta name=\"twitter:label1\" content=\"Dur\u00e9e de lecture estim\u00e9e\" \/>\n\t<meta name=\"twitter:data1\" content=\"6 minutes\" \/>\n<script type=\"application\/ld+json\" class=\"yoast-schema-graph\">{\"@context\":\"https:\\\/\\\/schema.org\",\"@graph\":[{\"@type\":\"WebPage\",\"@id\":\"https:\\\/\\\/www.polysoude.com\\\/fr\\\/equipement-de-soudage-orbital\\\/\",\"url\":\"https:\\\/\\\/www.polysoude.com\\\/fr\\\/equipement-de-soudage-orbital\\\/\",\"name\":\"\u00c9quipement de soudage orbital | Polysoude\",\"isPartOf\":{\"@id\":\"https:\\\/\\\/www.polysoude.com\\\/fr\\\/#website\"},\"datePublished\":\"2022-10-27T12:14:57+00:00\",\"dateModified\":\"2022-11-23T08:21:51+00:00\",\"description\":\"Lorsqu'il s'agit de choisir un \u00e9quipement de soudage orbital, il y a beaucoup de choses \u00e0 savoir, en premier lieu en ce qui concerne le soudage TIG\u00a0:\",\"breadcrumb\":{\"@id\":\"https:\\\/\\\/www.polysoude.com\\\/fr\\\/equipement-de-soudage-orbital\\\/#breadcrumb\"},\"inLanguage\":\"fr-FR\",\"potentialAction\":[{\"@type\":\"ReadAction\",\"target\":[\"https:\\\/\\\/www.polysoude.com\\\/fr\\\/equipement-de-soudage-orbital\\\/\"]}]},{\"@type\":\"BreadcrumbList\",\"@id\":\"https:\\\/\\\/www.polysoude.com\\\/fr\\\/equipement-de-soudage-orbital\\\/#breadcrumb\",\"itemListElement\":[{\"@type\":\"ListItem\",\"position\":1,\"name\":\"Home\",\"item\":\"https:\\\/\\\/www.polysoude.com\\\/fr\\\/accueil\\\/\"},{\"@type\":\"ListItem\",\"position\":2,\"name\":\"\u00c9quipement de soudage orbital\"}]},{\"@type\":\"WebSite\",\"@id\":\"https:\\\/\\\/www.polysoude.com\\\/fr\\\/#website\",\"url\":\"https:\\\/\\\/www.polysoude.com\\\/fr\\\/\",\"name\":\"Polysoude\",\"description\":\"The art of welding\",\"publisher\":{\"@id\":\"https:\\\/\\\/www.polysoude.com\\\/fr\\\/#organization\"},\"alternateName\":\"Polysoude\",\"potentialAction\":[{\"@type\":\"SearchAction\",\"target\":{\"@type\":\"EntryPoint\",\"urlTemplate\":\"https:\\\/\\\/www.polysoude.com\\\/fr\\\/?s={search_term_string}\"},\"query-input\":{\"@type\":\"PropertyValueSpecification\",\"valueRequired\":true,\"valueName\":\"search_term_string\"}}],\"inLanguage\":\"fr-FR\"},{\"@type\":\"Organization\",\"@id\":\"https:\\\/\\\/www.polysoude.com\\\/fr\\\/#organization\",\"name\":\"Polysoude\",\"alternateName\":\"Polysoude\",\"url\":\"https:\\\/\\\/www.polysoude.com\\\/fr\\\/\",\"logo\":{\"@type\":\"ImageObject\",\"inLanguage\":\"fr-FR\",\"@id\":\"https:\\\/\\\/www.polysoude.com\\\/fr\\\/#\\\/schema\\\/logo\\\/image\\\/\",\"url\":\"https:\\\/\\\/www.polysoude.com\\\/wp-content\\\/uploads\\\/2022\\\/07\\\/Polysoude_Logo_signature_fond-transparent_600dpi_300mm_RVB-e1658123578778.png\",\"contentUrl\":\"https:\\\/\\\/www.polysoude.com\\\/wp-content\\\/uploads\\\/2022\\\/07\\\/Polysoude_Logo_signature_fond-transparent_600dpi_300mm_RVB-e1658123578778.png\",\"width\":465,\"height\":86,\"caption\":\"Polysoude\"},\"image\":{\"@id\":\"https:\\\/\\\/www.polysoude.com\\\/fr\\\/#\\\/schema\\\/logo\\\/image\\\/\"},\"sameAs\":[\"https:\\\/\\\/www.facebook.com\\\/Polysoude\\\/\",\"https:\\\/\\\/www.linkedin.com\\\/company\\\/polysoude\\\/\",\"https:\\\/\\\/www.instagram.com\\\/polysoudeglobal\\\/\"]}]}<\/script>\n<!-- \/ Yoast SEO plugin. -->","yoast_head_json":{"title":"\u00c9quipement de soudage orbital | Polysoude","description":"Lorsqu'il s'agit de choisir un \u00e9quipement de soudage orbital, il y a beaucoup de choses \u00e0 savoir, en premier lieu en ce qui concerne le soudage TIG\u00a0:","robots":{"index":"index","follow":"follow","max-snippet":"max-snippet:-1","max-image-preview":"max-image-preview:large","max-video-preview":"max-video-preview:-1"},"canonical":"https:\/\/www.polysoude.com\/fr\/equipement-de-soudage-orbital\/","og_locale":"fr_FR","og_type":"article","og_title":"\u00c9quipement de soudage orbital | Polysoude","og_description":"Lorsqu'il s'agit de choisir un \u00e9quipement de soudage orbital, il y a beaucoup de choses \u00e0 savoir, en premier lieu en ce qui concerne le soudage TIG\u00a0:","og_url":"https:\/\/www.polysoude.com\/fr\/equipement-de-soudage-orbital\/","og_site_name":"Polysoude","article_publisher":"https:\/\/www.facebook.com\/Polysoude\/","article_modified_time":"2022-11-23T08:21:51+00:00","twitter_card":"summary_large_image","twitter_misc":{"Dur\u00e9e de lecture estim\u00e9e":"6 minutes"},"schema":{"@context":"https:\/\/schema.org","@graph":[{"@type":"WebPage","@id":"https:\/\/www.polysoude.com\/fr\/equipement-de-soudage-orbital\/","url":"https:\/\/www.polysoude.com\/fr\/equipement-de-soudage-orbital\/","name":"\u00c9quipement de soudage orbital | Polysoude","isPartOf":{"@id":"https:\/\/www.polysoude.com\/fr\/#website"},"datePublished":"2022-10-27T12:14:57+00:00","dateModified":"2022-11-23T08:21:51+00:00","description":"Lorsqu'il s'agit de choisir un \u00e9quipement de soudage orbital, il y a beaucoup de choses \u00e0 savoir, en premier lieu en ce qui concerne le soudage TIG\u00a0:","breadcrumb":{"@id":"https:\/\/www.polysoude.com\/fr\/equipement-de-soudage-orbital\/#breadcrumb"},"inLanguage":"fr-FR","potentialAction":[{"@type":"ReadAction","target":["https:\/\/www.polysoude.com\/fr\/equipement-de-soudage-orbital\/"]}]},{"@type":"BreadcrumbList","@id":"https:\/\/www.polysoude.com\/fr\/equipement-de-soudage-orbital\/#breadcrumb","itemListElement":[{"@type":"ListItem","position":1,"name":"Home","item":"https:\/\/www.polysoude.com\/fr\/accueil\/"},{"@type":"ListItem","position":2,"name":"\u00c9quipement de soudage orbital"}]},{"@type":"WebSite","@id":"https:\/\/www.polysoude.com\/fr\/#website","url":"https:\/\/www.polysoude.com\/fr\/","name":"Polysoude","description":"The art of welding","publisher":{"@id":"https:\/\/www.polysoude.com\/fr\/#organization"},"alternateName":"Polysoude","potentialAction":[{"@type":"SearchAction","target":{"@type":"EntryPoint","urlTemplate":"https:\/\/www.polysoude.com\/fr\/?s={search_term_string}"},"query-input":{"@type":"PropertyValueSpecification","valueRequired":true,"valueName":"search_term_string"}}],"inLanguage":"fr-FR"},{"@type":"Organization","@id":"https:\/\/www.polysoude.com\/fr\/#organization","name":"Polysoude","alternateName":"Polysoude","url":"https:\/\/www.polysoude.com\/fr\/","logo":{"@type":"ImageObject","inLanguage":"fr-FR","@id":"https:\/\/www.polysoude.com\/fr\/#\/schema\/logo\/image\/","url":"https:\/\/www.polysoude.com\/wp-content\/uploads\/2022\/07\/Polysoude_Logo_signature_fond-transparent_600dpi_300mm_RVB-e1658123578778.png","contentUrl":"https:\/\/www.polysoude.com\/wp-content\/uploads\/2022\/07\/Polysoude_Logo_signature_fond-transparent_600dpi_300mm_RVB-e1658123578778.png","width":465,"height":86,"caption":"Polysoude"},"image":{"@id":"https:\/\/www.polysoude.com\/fr\/#\/schema\/logo\/image\/"},"sameAs":["https:\/\/www.facebook.com\/Polysoude\/","https:\/\/www.linkedin.com\/company\/polysoude\/","https:\/\/www.instagram.com\/polysoudeglobal\/"]}]}},"_links":{"self":[{"href":"https:\/\/www.polysoude.com\/fr\/wp-json\/wp\/v2\/pages\/42161","targetHints":{"allow":["GET"]}}],"collection":[{"href":"https:\/\/www.polysoude.com\/fr\/wp-json\/wp\/v2\/pages"}],"about":[{"href":"https:\/\/www.polysoude.com\/fr\/wp-json\/wp\/v2\/types\/page"}],"author":[{"embeddable":true,"href":"https:\/\/www.polysoude.com\/fr\/wp-json\/wp\/v2\/users\/16"}],"replies":[{"embeddable":true,"href":"https:\/\/www.polysoude.com\/fr\/wp-json\/wp\/v2\/comments?post=42161"}],"version-history":[{"count":2,"href":"https:\/\/www.polysoude.com\/fr\/wp-json\/wp\/v2\/pages\/42161\/revisions"}],"predecessor-version":[{"id":42620,"href":"https:\/\/www.polysoude.com\/fr\/wp-json\/wp\/v2\/pages\/42161\/revisions\/42620"}],"wp:attachment":[{"href":"https:\/\/www.polysoude.com\/fr\/wp-json\/wp\/v2\/media?parent=42161"}],"curies":[{"name":"wp","href":"https:\/\/api.w.org\/{rel}","templated":true}]}}