{"id":42171,"date":"2022-10-27T14:14:54","date_gmt":"2022-10-27T12:14:54","guid":{"rendered":"https:\/\/www.polysoude.com\/?page_id=42171"},"modified":"2022-11-23T11:38:37","modified_gmt":"2022-11-23T10:38:37","slug":"rechargement-par-soudure","status":"publish","type":"page","link":"https:\/\/www.polysoude.com\/fr\/rechargement-par-soudure\/","title":{"rendered":"Rechargement par soudure"},"content":{"rendered":"\n\n\t\t\t\t<img loading=\"lazy\" decoding=\"async\" src=\"https:\/\/www.polysoude.com\/wp-content\/uploads\/2022\/09\/flat-TIG-GTAW-weld-overlay-TIGer.png\" alt=\"soudure bi-\u00e9lectrode TIG GTAW plaque de recouvrement acier inox inconel avec d\u00e9vidoir de fil\" itemprop=\"image\" height=\"744\" width=\"992\" title=\"plat -TIG- GTAW- soudure- recouvrement- TIGer\" onerror=\"this.style.display='none'\"  \/>\n\t<p>Dans le cas du <strong>rechargement par soudure<\/strong>\u00a0\u00e0 plat, plusieurs proc\u00e9d\u00e9s permettent d&rsquo;atteindre des niveaux de productivit\u00e9 \u00e9lev\u00e9s\u00a0: le soudage MIG puls\u00e9, le soudage \u00e0 flux solide, voire des variantes avec feuille, et le soudage plasma avec d\u00e9p\u00f4t par fil d&rsquo;apport ou poudre. Cependant, plusieurs aspects particuliers plaident en faveur du soudage TIG. En effet, lorsque la quantit\u00e9 de m\u00e9tal \u00e0 d\u00e9poser est importante, le TIG<sup>er<\/sup>\u00a0permet au <strong><a href=\"https:\/\/www.polysoude.com\/fr\/rechargement-de-tubes\/\">rechargement de tubes<\/a>\u00a0d&rsquo;atteindre<\/strong> des taux de d\u00e9p\u00f4t proches de 6\u00a0kg\/h en simple torche et jusqu&rsquo;\u00e0 10\u00a0\u00e0 1\u00a0kg\/h en double torches pour les applications de rechargement en position \u00e0 plat. Voyons quels aspects de cette technologie sont \u00e0 prendre en compte.<\/p>\n\t\t\t<a href=\"https:\/\/www.polysoude.com\/fr\/poser-une-question\/\" target=\"_self\" role=\"button\" rel=\"noopener\">\n\t\t\t\t\t\t\tContactez-nous pour plus d&rsquo;informations\n\t\t\t\t\t<\/a>\n<h2>\n\t\tAvantages du rechargement par soudure TIG dans le gainage de tubes \n\t<\/h2>\n\t<p>Le <strong>rechargement par soudure<\/strong>, ou rechargement, consiste \u00e0 recouvrir les surfaces \u00ab\u00a0mouill\u00e9es\u00a0\u00bb d&rsquo;une pi\u00e8ce (celles qui sont expos\u00e9es \u00e0 des milieux hostiles) d&rsquo;une couche protectrice, g\u00e9n\u00e9ralement en acier inoxydable ou en alliage \u00e0 base de nickel.<\/p>\n<p>L&rsquo;utilisation du soudage TIG dans ce proc\u00e9d\u00e9 de <strong>soudage par rechargement\u00a0<\/strong>pr\u00e9sente certains avantages\u00a0:<\/p>\n<ul>\n<li>La pr\u00e9cision du proc\u00e9d\u00e9 lors du <strong><a href=\"https:\/\/www.polysoude.com\/fr\/rechargement-soudure\/\">rechargement par soudage<\/a><\/strong> de surfaces complexes par recouvrement, notamment lors du <strong>rechargement par soudage<\/strong> de zones de rechargement comportant des angles, des courbes ou des bords int\u00e9rieurs ou ext\u00e9rieurs, permet d&rsquo;\u00e9viter les retouches manuelles.<\/li>\n<li>Le contr\u00f4le s\u00e9par\u00e9 de l&rsquo;\u00e9nergie de l&rsquo;arc et de la quantit\u00e9 de m\u00e9tal d\u00e9pos\u00e9 est avantageux lors du rechargement de g\u00e9om\u00e9tries d\u00e9licates.<\/li>\n<li>L&rsquo;\u00e9nergie de soudage transf\u00e9r\u00e9e \u00e0 la pi\u00e8ce \u00e0 souder est contr\u00f4l\u00e9e, optimisant ainsi le rapport entre l&rsquo;\u00e9nergie de soudage et le taux de d\u00e9p\u00f4t en fonction de la typologie de la pi\u00e8ce.<\/li>\n<li>Les s\u00e9quences de soudage peuvent \u00eatre interrompues et reprises \u00e0 tout moment, \u00e9vitant ainsi les microfissures et les crat\u00e8res en d\u00e9but et en fin de cordon.<\/li>\n<\/ul>\n<p>Dans le cas du <strong>rechargement par soudure TIG<\/strong>, la programmation de param\u00e8tres pr\u00e9cis\u00a0: vitesse du cordon, courants, tension, vitesse d&rsquo;avance du fil et temp\u00e9rature de pr\u00e9chauffage, permet de mieux contr\u00f4ler le taux de dilution (caract\u00e9ris\u00e9 par le m\u00e9lange du mat\u00e9riau d&rsquo;apport fondu avec le m\u00e9tal de base), garantissant ainsi une composition chimique correcte des d\u00e9p\u00f4ts.<\/p>\n<p>La capacit\u00e9 de soudage en position du rechargement TIG offre aux op\u00e9rateurs une plus grande flexibilit\u00e9 et une plus grande polyvalence pour les pi\u00e8ces qui ne peuvent pas toujours \u00eatre dispos\u00e9es de mani\u00e8re appropri\u00e9e pour le soudage en position. En mati\u00e8re de <strong>rechargement de tubes\u00a0TIG<\/strong>, la flexibilit\u00e9 du proc\u00e9d\u00e9 permet de travailler avec une tr\u00e8s large gamme d&rsquo;\u00e9nergie avec des courants de soudage de 80 \u00e0 450\u00a0A. La facilit\u00e9 d&rsquo;automatisation permet de travailler avec plusieurs torches ou fils pour atteindre la productivit\u00e9 sans affecter l&rsquo;op\u00e9rabilit\u00e9 et la qualit\u00e9 du d\u00e9p\u00f4t. En mati\u00e8re de rechargement TIG, l&rsquo;ensemble des fonctions classiques utilis\u00e9es en soudage TIG reste compl\u00e8tement applicable (AVC, oscillation, synchronisation des mouvements avec les courants de soudage, etc.).<\/p>\n\t<p>Tout ce que vous devez savoir se trouve ici : <a href=\"https:\/\/www.polysoude.com\/fr\/demander-nos-brochures\/\">t\u00e9l\u00e9chargez gratuitement notre manuel sur le rechargement de tubes par soudure TIG<\/a> automatis\u00e9<\/p>\n<h3>\n\t\tRechargement par soudure &#8211; Technique et s\u00e9quence\n\t<\/h3>\n\t<p>Le rev\u00eatement des tubes en <strong>soudage par rechargement<\/strong>\u00a0n\u00e9cessite le d\u00e9p\u00f4t de diff\u00e9rentes couches, g\u00e9n\u00e9ralement deux, mais pour des op\u00e9rations comme dans l&rsquo;industrie nucl\u00e9aire, plus de trois peuvent \u00eatre n\u00e9cessaires.<\/p>\n<h3>\n\t\tConfiguration des composants\n\t<\/h3>\n\t<p>L&rsquo;utilisation de configurations de torches avec arriv\u00e9e de fil par l&rsquo;avant ou le c\u00f4t\u00e9, \u00e9vite d&rsquo;exposer les mat\u00e9riaux supports \u00e0 l&rsquo;action directe de l&rsquo;arc. Cette disposition pr\u00e9sente l&rsquo;avantage de r\u00e9duire la fusion du m\u00e9tal de base, car le m\u00e9tal d&rsquo;apport est positionn\u00e9 en \u00e9cran pour capter la majorit\u00e9 de l&rsquo;\u00e9nergie thermique.<\/p>\n<p>En <strong>rechargement par soudage<\/strong>, l&rsquo;alimentation en fil du c\u00f4t\u00e9 du bain de fusion est possible, ce qui simplifie la conception des torches, avec le passage des gaines fil en parall\u00e8le au corps de torche sur toute la longueur jusqu&rsquo;\u00e0 l&rsquo;entr\u00e9e dans le guide fil. L&rsquo;angle du fil dans le bain de fusion influence la dilution, il est donc pr\u00e9f\u00e9rable de travailler avec des angles d&rsquo;avance du fil compris entre 60 et 70\u00b0, o\u00f9 l&rsquo;interaction entre les courants de soudage et de chauffage du fil est neutre. D&rsquo;autres facteurs limitant la dilution sont le soudage et la position de l&rsquo;\u00e9lectrode.<\/p>\n<h3>\n\t\tNombre de couches \n\t<\/h3>\n\t<p>Les couches sont d\u00e9pos\u00e9es en effectuant plusieurs passes, au cours desquelles le contr\u00f4le de la dilution est vital.<\/p>\n<p>La dilution en premi\u00e8re couche entre le m\u00e9tal d&rsquo;apport et le m\u00e9tal de base ne permet pas, g\u00e9n\u00e9ralement, de garantir les propri\u00e9t\u00e9s escompt\u00e9es pour le rev\u00eatement. Deux cas sont g\u00e9n\u00e9ralement \u00e0 consid\u00e9rer pour d\u00e9finir le nombre de couches n\u00e9cessaires.<\/p>\n<ol>\n<li>Lorsque l&rsquo;alliage de d\u00e9p\u00f4t peut \u00eatre en contact direct avec le m\u00e9tal de base, alors deux couches suffisent. Par exemple, un acier non alli\u00e9 rev\u00eatu d&rsquo;un alliage \u00e0 base de nickel.<\/li>\n<li>La m\u00e9tallurgie du soudage recommande l&rsquo;utilisation d&rsquo;une couche interm\u00e9diaire pour contr\u00f4ler le pourcentage de ferrite et limiter les effets de fissuration. De ce fait, la deuxi\u00e8me couche (qui correspond \u00e0 la nuance \u00e0 d\u00e9poser) doit \u00eatre utilis\u00e9e avec une troisi\u00e8me couche qui peut alors \u00eatre consid\u00e9r\u00e9e comme hors dilution.<\/li>\n<\/ol>\n<h3>\n\t\tOp\u00e9rations de rechargement par soudage utilis\u00e9es dans la fabrication et la maintenance\n\t<\/h3>\n\t<p>De nombreux processus industriels endommagent les tubes et les tuyauteries en raison de l&rsquo;agression continue de milieux corrosifs et abrasifs, ainsi que de la temp\u00e9rature et de la pression \u00e9lev\u00e9es du processus. Pour augmenter l&rsquo;endurance des pi\u00e8ces fortement expos\u00e9es, les surfaces des tuyaux sont prot\u00e9g\u00e9es par un <strong>soudage par rechargement\u00a0<\/strong>avec des mat\u00e9riaux plus r\u00e9sistants.<\/p>\n\t\t\t\t<img loading=\"lazy\" decoding=\"async\" src=\"https:\/\/www.polysoude.com\/wp-content\/uploads\/2022\/09\/TIG-weld-overlay-cladded-manifold-150x150.png\" alt=\"rev\u00eatement de soudure rev\u00eatement interne accessoires vanne rev\u00eatement de soudure inconel TIG GTAW\" itemprop=\"image\" height=\"150\" width=\"150\" title=\"TIG-soudure-renfort-manchette clout\u00e9e\" onerror=\"this.style.display='none'\"  \/>\n\t<p>Le rechargement des tuyauteries et des collecteurs est courant dans les applications de gaz et de p\u00e9trole, dans l&rsquo;industrie p\u00e9trochimique et pour les \u00e9quipements des centrales \u00e9lectriques\u00a0; dans l&rsquo;industrie a\u00e9ronautique, les composants des moteurs\u00a0d&rsquo;avion sont \u00e9galement souvent renforc\u00e9s par ce proc\u00e9d\u00e9.<\/p>\n\t\t\t<a href=\"https:\/\/www.polysoude.com\/fr\/rechargement\/rechargement-tubes\/\" target=\"_self\" role=\"button\" rel=\"noopener\">\n\t\t\t\t\t\t\tEn savoir plus\n\t\t\t\t\t<\/a>\n<h2>\n\t\tApplications de rechargement par soudure TIG \n\t<\/h2>\n\t<p>Les op\u00e9rations de <strong>rechargement par soudure<\/strong>\u00a0utilisant le proc\u00e9d\u00e9 TIG donnent de bons r\u00e9sultats dans les types d&rsquo;applications suivants\u00a0:<\/p>\n<h3>\n\t\tOp\u00e9rations de r\u00e9paration de pi\u00e8ces  \n\t<\/h3>\n\t\t\t\t<img loading=\"lazy\" decoding=\"async\" src=\"https:\/\/www.polysoude.com\/wp-content\/uploads\/2022\/09\/external-cladded-cylinder-weld-overlay.png\" alt=\"Tuyau en acier au carbone \u00e0 rev\u00eatement ext\u00e9rieur par soudure pour cylindre\" itemprop=\"image\" height=\"406\" width=\"543\" title=\"recouvrement externe de la paroi du cylindre\" onerror=\"this.style.display='none'\"  \/>\n\t<p>Il s&rsquo;agit de r\u00e9parations sur des pi\u00e8ces us\u00e9es (g\u00e9n\u00e9ralement en acier inoxydable), en service ou suite \u00e0 une anomalie de fabrication. \u00a0Les pi\u00e8ces peuvent n\u00e9cessiter un usinage ou une op\u00e9ration \u00e9quivalente pour \u00e9liminer les zones endommag\u00e9es, suivi d&rsquo;une phase de rechargement par red\u00e9position de mat\u00e9riaux identiques \u00e0 la composition du substrat. La mise en \u0153uvre du soudage ne modifie pas fondamentalement les caract\u00e9ristiques m\u00e9tallurgiques des mat\u00e9riaux de base, mais augmente le niveau de contraintes dans la pi\u00e8ce r\u00e9par\u00e9e. Ce type de r\u00e9paration est tr\u00e8s commune pour les canalisations utilis\u00e9es dans l&rsquo;environnement des r\u00e9acteurs nucl\u00e9aires. Les pi\u00e8ces rebut\u00e9es suite \u00e0 des anomalies d&rsquo;usinage peuvent \u00e9galement \u00eatre r\u00e9habilit\u00e9es par rechargement.<\/p>\n<h3>\n\t\tRechargement par soudure pr\u00e9ventif pour la fabrication de nouveaux tuyaux\n\t<\/h3>\n\t\t\t\t<img loading=\"lazy\" decoding=\"async\" src=\"https:\/\/www.polysoude.com\/wp-content\/uploads\/2022\/09\/flat-TIG-GTAW-weld-overlay-TIGer.png\" alt=\"soudure bi-\u00e9lectrode TIG GTAW plaque de recouvrement acier inox inconel avec d\u00e9vidoir de fil\" itemprop=\"image\" height=\"744\" width=\"992\" title=\"plat -TIG- GTAW- soudure- recouvrement- TIGer\" onerror=\"this.style.display='none'\"  \/>\n\t<p>Le cas du cycle de fabrication de pi\u00e8ces neuves qui comportent des port\u00e9es, embouts ou gorges avec rev\u00eatement est un processus classique destin\u00e9 \u00e0 prot\u00e9ger les tuyaux de la corrosion et de l&rsquo;usure. Le <strong>rechargement des tubes<\/strong>\u00a0est r\u00e9alis\u00e9 dans un atelier disposant de moyens d\u00e9di\u00e9s et d&rsquo;une plus grande flexibilit\u00e9 des performances (pi\u00e8ces tournantes, traitement thermique, r\u00e9glage de l&rsquo;usinage, etc&#8230;).<\/p>\n<h3>\n\t\tBeurrage\n\t<\/h3>\n\t<p>Il s&rsquo;agit de constituer un d\u00e9p\u00f4t, non pas pour prot\u00e9ger le m\u00e9tal de base d&rsquo;une agression externe, mais plut\u00f4t pour r\u00e9aliser une zone de transition m\u00e9tallurgique avec l&rsquo;objectif de r\u00e9aliser une liaison h\u00e9t\u00e9rog\u00e8ne. Le beurrage, une fois l&rsquo;assemblage r\u00e9alis\u00e9, participe int\u00e9gralement \u00e0 la r\u00e9sistance m\u00e9canique de la soudure.<\/p>\n\t\t\t<a href=\"https:\/\/www.polysoude.com\/fr\/rechargement\/rechargement-brides-vannes-autres-pieces\/\" target=\"_self\" role=\"button\" rel=\"noopener\">\n\t\t\t\t\t\t\tEn savoir plus\n\t\t\t\t\t<\/a>\n<h2>\n\t\tQui sommes-nous\u00a0?\n\t<\/h2>\n\tLa soci\u00e9t\u00e9 <a href=\"https:\/\/www.polysoude.com\/fr\/\">Polysoude<\/a> est sp\u00e9cialis\u00e9e dans la conception, le d\u00e9veloppement et la fabrication de solutions innovantes de soudage \u00e0 l&rsquo;arc. La marque est synonyme d&rsquo;expertise de premier plan au niveau mondial dans 3\u00a0secteurs cl\u00e9s\u00a0: les solutions de <a href=\"https:\/\/www.polysoude.com\/fr\/soudage-orbital-tig\/\">soudage orbital TIG<\/a> automatis\u00e9, les solutions de soudage TIG et plasma automatis\u00e9s et le rechargement par soudure TIGer\u2122.<br \/>\nCr\u00e9\u00e9e \u00e0 Nantes en 1961, la soci\u00e9t\u00e9 fabrique de nombreux types de g\u00e9n\u00e9rateurs de soudage et de <strong>process de rechargement par soudure<\/strong>, dont une large gamme de t\u00eates de soudage orbital ouvertes et ferm\u00e9es.<br \/>\nAujourd&rsquo;hui, en tant qu&rsquo;entreprise orient\u00e9e vers l&rsquo;usine intelligente, nous concevons tous nos produits Polysoude pour l&rsquo;industrie 4.0.\n<h3>\n\t\tNous consulter\n\t<\/h3>\n\t<p>Rejoignez notre communaut\u00e9 sur LinkedIn\u00a0: @Polsyoude<\/p>\n<p>Suivez-nous sur les r\u00e9seaux sociaux\u00a0:<\/p>\n<p>Facebook @polysoude<\/p>\n<p>Instagram @polysoudeglobal<\/p>\n\n","protected":false},"excerpt":{"rendered":"<p>Dans le cas du rechargement par soudure\u00a0\u00e0 plat, plusieurs proc\u00e9d\u00e9s permettent d&rsquo;atteindre des niveaux de productivit\u00e9 \u00e9lev\u00e9s\u00a0: le soudage MIG puls\u00e9, le soudage \u00e0 flux solide, voire des variantes avec feuille, et le soudage plasma avec d\u00e9p\u00f4t par fil d&rsquo;apport ou poudre. Cependant, plusieurs aspects particuliers plaident en faveur du soudage TIG. En effet, lorsque [&hellip;]<\/p>\n","protected":false},"author":16,"featured_media":0,"parent":0,"menu_order":0,"comment_status":"closed","ping_status":"closed","template":"","meta":{"_acf_changed":false,"footnotes":""},"class_list":["post-42171","page","type-page","status-publish","hentry"],"acf":[],"yoast_head":"<!-- This site is optimized with the Yoast SEO plugin v27.2 - https:\/\/yoast.com\/product\/yoast-seo-wordpress\/ -->\n<title>Rechargement par soudure | Polysoude<\/title>\n<meta name=\"description\" content=\"Dans le cas du rechargement par soudure\u00a0\u00e0 plat, plusieurs proc\u00e9d\u00e9s permettent d&#039;atteindre des niveaux de productivit\u00e9 \u00e9lev\u00e9s\u00a0: le soudage MIG puls\u00e9, le\" \/>\n<meta name=\"robots\" content=\"index, follow, max-snippet:-1, max-image-preview:large, max-video-preview:-1\" \/>\n<link rel=\"canonical\" href=\"https:\/\/www.polysoude.com\/fr\/rechargement-par-soudure\/\" \/>\n<meta property=\"og:locale\" content=\"fr_FR\" \/>\n<meta property=\"og:type\" content=\"article\" \/>\n<meta property=\"og:title\" content=\"Rechargement par soudure | Polysoude\" \/>\n<meta property=\"og:description\" content=\"Dans le cas du rechargement par soudure\u00a0\u00e0 plat, plusieurs proc\u00e9d\u00e9s permettent d&#039;atteindre des niveaux de productivit\u00e9 \u00e9lev\u00e9s\u00a0: le soudage MIG puls\u00e9, le\" \/>\n<meta property=\"og:url\" content=\"https:\/\/www.polysoude.com\/fr\/rechargement-par-soudure\/\" \/>\n<meta property=\"og:site_name\" content=\"Polysoude\" \/>\n<meta property=\"article:publisher\" content=\"https:\/\/www.facebook.com\/Polysoude\/\" \/>\n<meta property=\"article:modified_time\" content=\"2022-11-23T10:38:37+00:00\" \/>\n<meta property=\"og:image\" content=\"https:\/\/www.polysoude.com\/wp-content\/uploads\/2022\/09\/flat-TIG-GTAW-weld-overlay-TIGer.png\" \/>\n<meta name=\"twitter:card\" content=\"summary_large_image\" \/>\n<meta name=\"twitter:label1\" content=\"Dur\u00e9e de lecture estim\u00e9e\" \/>\n\t<meta name=\"twitter:data1\" content=\"8 minutes\" \/>\n<script type=\"application\/ld+json\" class=\"yoast-schema-graph\">{\"@context\":\"https:\/\/schema.org\",\"@graph\":[{\"@type\":\"WebPage\",\"@id\":\"https:\/\/www.polysoude.com\/fr\/rechargement-par-soudure\/\",\"url\":\"https:\/\/www.polysoude.com\/fr\/rechargement-par-soudure\/\",\"name\":\"Rechargement par soudure | Polysoude\",\"isPartOf\":{\"@id\":\"https:\/\/www.polysoude.com\/fr\/#website\"},\"primaryImageOfPage\":{\"@id\":\"https:\/\/www.polysoude.com\/fr\/rechargement-par-soudure\/#primaryimage\"},\"image\":{\"@id\":\"https:\/\/www.polysoude.com\/fr\/rechargement-par-soudure\/#primaryimage\"},\"thumbnailUrl\":\"https:\/\/www.polysoude.com\/wp-content\/uploads\/2022\/09\/flat-TIG-GTAW-weld-overlay-TIGer.png\",\"datePublished\":\"2022-10-27T12:14:54+00:00\",\"dateModified\":\"2022-11-23T10:38:37+00:00\",\"description\":\"Dans le cas du rechargement par soudure\u00a0\u00e0 plat, plusieurs proc\u00e9d\u00e9s permettent d'atteindre des niveaux de productivit\u00e9 \u00e9lev\u00e9s\u00a0: le soudage MIG puls\u00e9, le\",\"breadcrumb\":{\"@id\":\"https:\/\/www.polysoude.com\/fr\/rechargement-par-soudure\/#breadcrumb\"},\"inLanguage\":\"fr-FR\",\"potentialAction\":[{\"@type\":\"ReadAction\",\"target\":[\"https:\/\/www.polysoude.com\/fr\/rechargement-par-soudure\/\"]}]},{\"@type\":\"ImageObject\",\"inLanguage\":\"fr-FR\",\"@id\":\"https:\/\/www.polysoude.com\/fr\/rechargement-par-soudure\/#primaryimage\",\"url\":\"https:\/\/www.polysoude.com\/wp-content\/uploads\/2022\/09\/flat-TIG-GTAW-weld-overlay-TIGer.png\",\"contentUrl\":\"https:\/\/www.polysoude.com\/wp-content\/uploads\/2022\/09\/flat-TIG-GTAW-weld-overlay-TIGer.png\"},{\"@type\":\"BreadcrumbList\",\"@id\":\"https:\/\/www.polysoude.com\/fr\/rechargement-par-soudure\/#breadcrumb\",\"itemListElement\":[{\"@type\":\"ListItem\",\"position\":1,\"name\":\"Home\",\"item\":\"https:\/\/www.polysoude.com\/fr\/accueil\/\"},{\"@type\":\"ListItem\",\"position\":2,\"name\":\"Rechargement par soudure\"}]},{\"@type\":\"WebSite\",\"@id\":\"https:\/\/www.polysoude.com\/fr\/#website\",\"url\":\"https:\/\/www.polysoude.com\/fr\/\",\"name\":\"Polysoude\",\"description\":\"The art of welding\",\"publisher\":{\"@id\":\"https:\/\/www.polysoude.com\/fr\/#organization\"},\"alternateName\":\"Polysoude\",\"potentialAction\":[{\"@type\":\"SearchAction\",\"target\":{\"@type\":\"EntryPoint\",\"urlTemplate\":\"https:\/\/www.polysoude.com\/fr\/?s={search_term_string}\"},\"query-input\":{\"@type\":\"PropertyValueSpecification\",\"valueRequired\":true,\"valueName\":\"search_term_string\"}}],\"inLanguage\":\"fr-FR\"},{\"@type\":\"Organization\",\"@id\":\"https:\/\/www.polysoude.com\/fr\/#organization\",\"name\":\"Polysoude\",\"alternateName\":\"Polysoude\",\"url\":\"https:\/\/www.polysoude.com\/fr\/\",\"logo\":{\"@type\":\"ImageObject\",\"inLanguage\":\"fr-FR\",\"@id\":\"https:\/\/www.polysoude.com\/fr\/#\/schema\/logo\/image\/\",\"url\":\"https:\/\/www.polysoude.com\/wp-content\/uploads\/2022\/07\/Polysoude_Logo_signature_fond-transparent_600dpi_300mm_RVB-e1658123578778.png\",\"contentUrl\":\"https:\/\/www.polysoude.com\/wp-content\/uploads\/2022\/07\/Polysoude_Logo_signature_fond-transparent_600dpi_300mm_RVB-e1658123578778.png\",\"width\":465,\"height\":86,\"caption\":\"Polysoude\"},\"image\":{\"@id\":\"https:\/\/www.polysoude.com\/fr\/#\/schema\/logo\/image\/\"},\"sameAs\":[\"https:\/\/www.facebook.com\/Polysoude\/\",\"https:\/\/www.linkedin.com\/company\/polysoude\/\",\"https:\/\/www.instagram.com\/polysoudeglobal\/\"]}]}<\/script>\n<!-- \/ Yoast SEO plugin. -->","yoast_head_json":{"title":"Rechargement par soudure | Polysoude","description":"Dans le cas du rechargement par soudure\u00a0\u00e0 plat, plusieurs proc\u00e9d\u00e9s permettent d'atteindre des niveaux de productivit\u00e9 \u00e9lev\u00e9s\u00a0: le soudage MIG puls\u00e9, le","robots":{"index":"index","follow":"follow","max-snippet":"max-snippet:-1","max-image-preview":"max-image-preview:large","max-video-preview":"max-video-preview:-1"},"canonical":"https:\/\/www.polysoude.com\/fr\/rechargement-par-soudure\/","og_locale":"fr_FR","og_type":"article","og_title":"Rechargement par soudure | Polysoude","og_description":"Dans le cas du rechargement par soudure\u00a0\u00e0 plat, plusieurs proc\u00e9d\u00e9s permettent d'atteindre des niveaux de productivit\u00e9 \u00e9lev\u00e9s\u00a0: le soudage MIG puls\u00e9, le","og_url":"https:\/\/www.polysoude.com\/fr\/rechargement-par-soudure\/","og_site_name":"Polysoude","article_publisher":"https:\/\/www.facebook.com\/Polysoude\/","article_modified_time":"2022-11-23T10:38:37+00:00","og_image":[{"url":"https:\/\/www.polysoude.com\/wp-content\/uploads\/2022\/09\/flat-TIG-GTAW-weld-overlay-TIGer.png","type":"","width":"","height":""}],"twitter_card":"summary_large_image","twitter_misc":{"Dur\u00e9e de lecture estim\u00e9e":"8 minutes"},"schema":{"@context":"https:\/\/schema.org","@graph":[{"@type":"WebPage","@id":"https:\/\/www.polysoude.com\/fr\/rechargement-par-soudure\/","url":"https:\/\/www.polysoude.com\/fr\/rechargement-par-soudure\/","name":"Rechargement par soudure | Polysoude","isPartOf":{"@id":"https:\/\/www.polysoude.com\/fr\/#website"},"primaryImageOfPage":{"@id":"https:\/\/www.polysoude.com\/fr\/rechargement-par-soudure\/#primaryimage"},"image":{"@id":"https:\/\/www.polysoude.com\/fr\/rechargement-par-soudure\/#primaryimage"},"thumbnailUrl":"https:\/\/www.polysoude.com\/wp-content\/uploads\/2022\/09\/flat-TIG-GTAW-weld-overlay-TIGer.png","datePublished":"2022-10-27T12:14:54+00:00","dateModified":"2022-11-23T10:38:37+00:00","description":"Dans le cas du rechargement par soudure\u00a0\u00e0 plat, plusieurs proc\u00e9d\u00e9s permettent d'atteindre des niveaux de productivit\u00e9 \u00e9lev\u00e9s\u00a0: le soudage MIG puls\u00e9, le","breadcrumb":{"@id":"https:\/\/www.polysoude.com\/fr\/rechargement-par-soudure\/#breadcrumb"},"inLanguage":"fr-FR","potentialAction":[{"@type":"ReadAction","target":["https:\/\/www.polysoude.com\/fr\/rechargement-par-soudure\/"]}]},{"@type":"ImageObject","inLanguage":"fr-FR","@id":"https:\/\/www.polysoude.com\/fr\/rechargement-par-soudure\/#primaryimage","url":"https:\/\/www.polysoude.com\/wp-content\/uploads\/2022\/09\/flat-TIG-GTAW-weld-overlay-TIGer.png","contentUrl":"https:\/\/www.polysoude.com\/wp-content\/uploads\/2022\/09\/flat-TIG-GTAW-weld-overlay-TIGer.png"},{"@type":"BreadcrumbList","@id":"https:\/\/www.polysoude.com\/fr\/rechargement-par-soudure\/#breadcrumb","itemListElement":[{"@type":"ListItem","position":1,"name":"Home","item":"https:\/\/www.polysoude.com\/fr\/accueil\/"},{"@type":"ListItem","position":2,"name":"Rechargement par soudure"}]},{"@type":"WebSite","@id":"https:\/\/www.polysoude.com\/fr\/#website","url":"https:\/\/www.polysoude.com\/fr\/","name":"Polysoude","description":"The art of welding","publisher":{"@id":"https:\/\/www.polysoude.com\/fr\/#organization"},"alternateName":"Polysoude","potentialAction":[{"@type":"SearchAction","target":{"@type":"EntryPoint","urlTemplate":"https:\/\/www.polysoude.com\/fr\/?s={search_term_string}"},"query-input":{"@type":"PropertyValueSpecification","valueRequired":true,"valueName":"search_term_string"}}],"inLanguage":"fr-FR"},{"@type":"Organization","@id":"https:\/\/www.polysoude.com\/fr\/#organization","name":"Polysoude","alternateName":"Polysoude","url":"https:\/\/www.polysoude.com\/fr\/","logo":{"@type":"ImageObject","inLanguage":"fr-FR","@id":"https:\/\/www.polysoude.com\/fr\/#\/schema\/logo\/image\/","url":"https:\/\/www.polysoude.com\/wp-content\/uploads\/2022\/07\/Polysoude_Logo_signature_fond-transparent_600dpi_300mm_RVB-e1658123578778.png","contentUrl":"https:\/\/www.polysoude.com\/wp-content\/uploads\/2022\/07\/Polysoude_Logo_signature_fond-transparent_600dpi_300mm_RVB-e1658123578778.png","width":465,"height":86,"caption":"Polysoude"},"image":{"@id":"https:\/\/www.polysoude.com\/fr\/#\/schema\/logo\/image\/"},"sameAs":["https:\/\/www.facebook.com\/Polysoude\/","https:\/\/www.linkedin.com\/company\/polysoude\/","https:\/\/www.instagram.com\/polysoudeglobal\/"]}]}},"_links":{"self":[{"href":"https:\/\/www.polysoude.com\/fr\/wp-json\/wp\/v2\/pages\/42171","targetHints":{"allow":["GET"]}}],"collection":[{"href":"https:\/\/www.polysoude.com\/fr\/wp-json\/wp\/v2\/pages"}],"about":[{"href":"https:\/\/www.polysoude.com\/fr\/wp-json\/wp\/v2\/types\/page"}],"author":[{"embeddable":true,"href":"https:\/\/www.polysoude.com\/fr\/wp-json\/wp\/v2\/users\/16"}],"replies":[{"embeddable":true,"href":"https:\/\/www.polysoude.com\/fr\/wp-json\/wp\/v2\/comments?post=42171"}],"version-history":[{"count":2,"href":"https:\/\/www.polysoude.com\/fr\/wp-json\/wp\/v2\/pages\/42171\/revisions"}],"predecessor-version":[{"id":42626,"href":"https:\/\/www.polysoude.com\/fr\/wp-json\/wp\/v2\/pages\/42171\/revisions\/42626"}],"wp:attachment":[{"href":"https:\/\/www.polysoude.com\/fr\/wp-json\/wp\/v2\/media?parent=42171"}],"curies":[{"name":"wp","href":"https:\/\/api.w.org\/{rel}","templated":true}]}}