{"id":42175,"date":"2022-10-27T14:14:53","date_gmt":"2022-10-27T12:14:53","guid":{"rendered":"https:\/\/www.polysoude.com\/?page_id=42175"},"modified":"2022-12-01T00:05:09","modified_gmt":"2022-11-30T23:05:09","slug":"formation-soudage-orbital","status":"publish","type":"page","link":"https:\/\/www.polysoude.com\/fr\/formation-soudage-orbital\/","title":{"rendered":"Formation en soudage orbital"},"content":{"rendered":"\r\n<p>Parmi les diff\u00e9rents proc\u00e9d\u00e9s de soudage industriels, le <strong><a href=\"https:\/\/www.polysoude.com\/fr\/soudage-orbital-tig\/\">soudage TIG orbital<\/a>\u00a0(Tungsten Inert Gas)<\/strong> s&rsquo;est peu \u00e0 peu impos\u00e9 comme un proc\u00e9d\u00e9 indispensable et efficace dans les secteurs industriels de pointes.<\/p>\r\n<p>Suivre une<strong> formation en soudage orbital<\/strong>, c&rsquo;est\u00a0s&rsquo;assurer d&rsquo;\u00eatre pr\u00e9par\u00e9 pour l&rsquo;avenir du <strong>soudage TIG<\/strong>\u00a0dans l&rsquo;industrie.<\/p>\r\n<p><a role=\"button\" href=\"https:\/\/www.polysoude.com\/fr\/poser-une-question\/\" target=\"_self\" rel=\"noopener\"> Contactez-nous pour plus d&rsquo;informations <\/a><\/p>\r\n<h2>Qu&rsquo;est-ce que le soudage orbital ?<\/h2>\r\n<p>Lorsque l&rsquo;on doit effectuer des soudures avec un niveau de qualit\u00e9 \u00e9lev\u00e9, le <strong>soudage orbital\u00a0<\/strong>est la technique id\u00e9ale. G\u00e9n\u00e9ralement, avec le proc\u00e9d\u00e9 <strong>TIG orbital<\/strong>, la torche de soudage tourne autour des tubes \u00e0 souder. L&rsquo;appellation <strong>soudage orbital<\/strong>\u00a0vient donc de ce mouvement circulaire de l&rsquo;<a href=\"https:\/\/www.polysoude.com\/fr\/equipement-de-soudage-orbital\/\">\u00e9quipement de soudage<\/a> autour de la pi\u00e8ce \u00e0 souder.<\/p>\r\n<h3>Pourquoi le soudage TIG orbital devient incontournable\u00a0?<\/h3>\r\n<p>Le proc\u00e9d\u00e9 de <strong>soudage orbital\u00a0<\/strong>offre une multitude d&rsquo;avantages pouvant convaincre les partenaires industriels. Voici quelques exemples :<\/p>\r\n<ul>\r\n<li><strong>Productivit\u00e9 sup\u00e9rieure \u00e0 celle du soudage manuel<\/strong> : Les s\u00e9quences de soudage sont r\u00e9p\u00e9t\u00e9es de fa\u00e7on stable et ergonomiques : les op\u00e9rations de maintenance peuvent \u00eatre r\u00e9duites \u00e0 un minimum de temps sans qu&rsquo;interviennent la fatigue des soudeurs ou la p\u00e9nibilit\u00e9 de la t\u00e2che.<\/li>\r\n<li><strong>Niveau de comp\u00e9tence<\/strong> : L&rsquo;\u00e9quipement de <strong>soudage orbital<\/strong> peut \u00eatre manipul\u00e9 par des op\u00e9rateurs ayant suivi une<strong> formation en soudage orbital<\/strong> au pr\u00e9alable. Ceci permet une r\u00e9duction des co\u00fbts de main d&rsquo;\u0153uvre puisqu&rsquo;ils per\u00e7oivent g\u00e9n\u00e9ralement des salaires largement inf\u00e9rieurs et sont plus faciles \u00e0 recruter sur le march\u00e9 du travail.<\/li>\r\n<li><strong>Environnement<\/strong> : Espace r\u00e9duit ou difficilement accessible, manque de visibilit\u00e9, exposition aux radiations : une fois que la t\u00eate de soudage est positionn\u00e9e, la soudure peut tout \u00e0 fait \u00eatre r\u00e9alis\u00e9e \u00e0 distance.<\/li>\r\n<\/ul>\r\n<p><a role=\"button\" href=\"https:\/\/www.polysoude.com\/fr\/soudage-orbital-et-automatique\/soudage-orbital-tube-tube\/\" target=\"_self\" rel=\"noopener\"> En savoir plus <\/a><\/p>\r\n<ul>\r\n<li><strong>Tra\u00e7abilit\u00e9 &#8211; Contr\u00f4le qualit\u00e9<\/strong> : Sur une installation de soudage orbital, les param\u00e8tres de soudage peuvent \u00eatre contr\u00f4l\u00e9s et compil\u00e9s dans un protocole de soudage imprimable. Des dispositifs d&rsquo;acquisition de donn\u00e9es tr\u00e8s sophistiqu\u00e9s fonctionnent en parall\u00e8le. Ils peuvent \u00eatre connect\u00e9s directement \u00e0 un autre syst\u00e8me de contr\u00f4le qualit\u00e9 et ainsi permettre un transfert automatique des donn\u00e9es sans interruption du cycle de soudage.<\/li>\r\n<\/ul>\r\n<h2>Quels secteurs ont besoin d&rsquo;op\u00e9rateurs ayant suivi une formation en soudage orbital\u00a0TIG ?<\/h2>\r\n<p>Le soudage TIG\u00a0devient le proc\u00e9d\u00e9 majeur dans les secteurs suivants\u00a0:<\/p>\r\n<ul>\r\n<li><strong>L&rsquo;industrie a\u00e9ronautique<\/strong> : Elle est la premi\u00e8re industrie \u00e0 reconnaitre l&rsquo;importance de ce proc\u00e9d\u00e9 de <strong>soudage TIG orbital<\/strong>. Plus de 1500 soudures sont n\u00e9cessaires pour produire le circuit haute pression d&rsquo;un seul avion.<\/li>\r\n<li><strong>L&rsquo;industrie agroalimentaire<\/strong> : L&rsquo;industrie agroalimentaire requiert l&rsquo;utilisation de tubes respectant des normes sanitaires strictes. La p\u00e9n\u00e9tration des joints de soudure doit \u00eatre compl\u00e8te et le moindre d\u00e9faut peut pr\u00e9senter un danger en favorisant le d\u00e9veloppement des bact\u00e9ries pathog\u00e8nes. C&rsquo;est pour cette raison que les normes et les sp\u00e9cifications actuelles obligent de plus en plus les acteurs de l&rsquo;industrie agroalimentaire \u00e0 adopter le proc\u00e9d\u00e9 de <strong>soudage TIG orbital.<\/strong><\/li>\r\n<li><strong>Fabrication de mat\u00e9riaux semi-conducteurs<\/strong> : Le gaz ultrapur utilis\u00e9 pour la fabrication de composants semi-conducteurs doit passer \u00e0 travers des tubes \u00e9lectro-polis en acier inoxydable sans \u00eatre contamin\u00e9. Les crit\u00e8res d&rsquo;acceptation des installations sont extr\u00eamement stricts. Seuls les techniciens travaillant sur des \u00e9quipements de <strong>soudage orbital<\/strong> fiables sont \u00e0 m\u00eame de r\u00e9ussir ce type d&rsquo;op\u00e9ration.<\/li>\r\n<li><strong>Industrie chimique<\/strong> : L&rsquo;industrie chimique est tr\u00e8s demandeuse de <strong>soudage TIG<\/strong>. En effet, une unit\u00e9 de production est constitu\u00e9e de m\u00e9taux et alliages nobles. De la qualit\u00e9 des soudures d\u00e9pend souvent la dur\u00e9e de service des installations. Le contr\u00f4le rigoureux du proc\u00e9d\u00e9 de soudage passe donc n\u00e9cessairement par l&rsquo;automatisation du soudage. Le choix du <strong>soudage orbital<\/strong> s&rsquo;impose de lui-m\u00eame et il est d&rsquo;ailleurs g\u00e9n\u00e9ralement impos\u00e9 par les donneurs d&rsquo;ordre.<\/li>\r\n<li><strong>Centrales thermiques et nucl\u00e9aires<\/strong> : Pour garantir la haute s\u00e9curit\u00e9 des centrales thermiques et des r\u00e9acteurs nucl\u00e9aires, toutes les cat\u00e9gories d&rsquo;applications de <strong>soudage TIG<\/strong> sont utilis\u00e9es. Les techniques de soudage et la qualit\u00e9 des soudures sont g\u00e9n\u00e9ralement soumises \u00e0 la surveillance des autorit\u00e9s et\/ou d&rsquo;organismes ext\u00e9rieurs. L&rsquo;\u00e9quipement de<strong> soudage orbital<\/strong>, fourni les documentations et les \u00e9l\u00e9ments de tra\u00e7abilit\u00e9 exig\u00e9s.<\/li>\r\n<\/ul>\r\n<h2>Pourquoi est-il important de suivre une formation en soudage orbital ?<\/h2>\r\n<p>Comme nous pouvons le constater, le soudage TIG orbital\u00a0est de plus en plus pr\u00e9sent et demand\u00e9 dans les diff\u00e9rents secteurs industriels. Or le nombre de personnes ayant les connaissances pour utiliser ces installations de soudage TIG\u00a0sp\u00e9cialis\u00e9es est inf\u00e9rieur \u00e0 la demande. \u00catre form\u00e9 \u00e0 l&rsquo;utilisation d&rsquo;installations de soudage orbital, c&rsquo;est donc s&rsquo;assurer de r\u00e9pondre \u00e0 cette demande forte.<\/p>\r\n<h3>Pour les entreprises<\/h3>\r\n<ul>\r\n<li><strong>Un gain sur toute la ligne<\/strong> : Souvent vue comme une contrainte, suivre une formation professionnelle offre pourtant de nombreux avantages. Une fois le recrutement effectu\u00e9, il faut prendre en compte le temps d&rsquo;adaptation du nouveau salari\u00e9 aux sp\u00e9cificit\u00e9s de l&rsquo;entreprise et du m\u00e9tier. En permettant \u00e0 un employ\u00e9 de se former, ce temps n&rsquo;est plus n\u00e9cessaire. Via la formation professionnelle de ses collaborateurs, l&rsquo;entreprise se donne alors un avantage certain pour se positionner sur un march\u00e9 toujours plus concurrentiel.<\/li>\r\n<li><strong>Une favorisation du cadre de travail<\/strong><em><i> : <\/i><\/em>En contribuant au d\u00e9veloppement de la carri\u00e8re de ses collaborateurs, l&rsquo;entreprise leur permet de se sentir accompagn\u00e9s dans leur r\u00e9ussite. Les employ\u00e9s sont d\u00e9sormais confiants, engag\u00e9s et motiv\u00e9s et enfin stimulant un cadre dynamique au sein des \u00e9quipes.<\/li>\r\n<li><strong>Une meilleure comp\u00e9titivit\u00e9 : <\/strong>En disposant d&#8217;employ\u00e9s qualifi\u00e9s en soudage TIG orbital, l&rsquo;entreprise est d\u00e9sormais plus \u00e0 m\u00eame de r\u00e9pondre aux besoins et attentes du march\u00e9 ainsi que de ses clients et faire face \u00e0 la concurrence. Solliciter la formation professionnelle\u00a0de ses employ\u00e9s am\u00e9liore la comp\u00e9titivit\u00e9 de l&rsquo;entreprise.<\/li>\r\n<\/ul>\r\n<h3>Pour les salari\u00e9s<\/h3>\r\n<ul>\r\n<li><strong>S&rsquo;adapter par ses nouvelles connaissances et comp\u00e9tences<\/strong><em><i> : <\/i><\/em>Pour un employ\u00e9, la formation soudage orbital, permet avant tout de d\u00e9velopper les connaissances et comp\u00e9tences n\u00e9cessaires \u00e0 son m\u00e9tier. Elle lui permet de mieux s&rsquo;adapter aux \u00e9volutions dans son activit\u00e9 professionnelle, voire d&rsquo;\u00e9voluer dans sa fili\u00e8re ou de devenir plus polyvalent.<\/li>\r\n<li><strong>Une perception positive :<\/strong> Le deuxi\u00e8me aspect important de la formation professionnelle, r\u00e9side dans la perception que l&#8217;employ\u00e9 \u00e0 de lui-m\u00eame et de son entreprise. En compl\u00e9tant son bagage de comp\u00e9tences, le salari\u00e9 se sent plus confiant dans la r\u00e9alisation de son travail et dans le poste qu&rsquo;il occupe.<\/li>\r\n<\/ul>\r\n<h3>Suivre une formation en soudage orbital, le compl\u00e9ment indispensable aux \u00e9quipements Polysoude<\/h3>\r\n<p><a href=\"https:\/\/www.polysoude.com\/fr\/\">Polysoude<\/a> a \u00e0 c\u0153ur la satisfaction permanente de ses clients. Cette satisfaction passe par nos solutions de services associ\u00e9s \u00e0 nos \u00e9quipements. Parmi ces services, Polysoude assure les formations \u00e0 l&rsquo;utilisation de appareils de soudage et la maintenance des<strong> installations de soudage orbital.<\/strong><\/p>\r\n<h2>Pourquoi suivre une formation en soudage orbital chez Polysoude\u00a0?<\/h2>\r\n<p>Personne d&rsquo;autre que Polysoude n&rsquo;est plus comp\u00e9tent et plus \u00e0 m\u00eame de vous former sur nos machines. En effet, Polysoude poss\u00e8dent un <strong>groupe de formateurs dont le c\u0153ur du m\u00e9tier est le soudage sur nos machines<\/strong>.<\/p>\r\n<p>Nos<strong> formations en soudage TIG orbital\u00a0<\/strong>sont propos\u00e9es sur notre site de Polysoude \u00e0 Nantes, dans l&rsquo;une de nos salles de formations professionnelles, mais \u00e9galement directement chez nos clients ou \u00e0 distance via notre syst\u00e8me d&rsquo;intervention \u00e0 distance s\u00e9curis\u00e9.<\/p>\r\n<p>Elles sont d\u00e9compos\u00e9es en th\u00e9matiques, en lien avec notre parc machine, et disponibles sur notre <strong>catalogue de formation<\/strong>.<\/p>\r\n<h3>Am\u00e9lioration continue et Ing\u00e9nierie p\u00e9dagogique.<\/h3>\r\n<p>Polysoude structure, professionnalise et am\u00e9liore ses prestations de formation chaque jour et l&rsquo;obtention de la certification <strong><b>Qualiopi<\/b><\/strong>\u00a0d\u00e9montre l&rsquo;investissement de nos \u00e9quipes dans la qualit\u00e9 de nos prestations de formation, qui r\u00e9pondent aux exigences du R\u00e9f\u00e9rentiel National Qualit\u00e9 \u00e9dit\u00e9 par le Minist\u00e8re du Travail Fran\u00e7ais.<\/p>\r\n<p><a role=\"button\" href=\"https:\/\/www.polysoude.com\/fr\/services-location-pieces-de-rechange\/formation\/\" target=\"_self\" rel=\"noopener\"> Pour en savoir plus <\/a><\/p>\r\n<h3>Contactez-nous<\/h3>\r\n<p>Rejoignez notre communaut\u00e9 sur LinkedIn : @Polsyoude<\/p>\r\n<p>Suivez-nous sur les r\u00e9seaux sociaux :<\/p>\r\n<p>Facebook @polysoude<\/p>\r\n<p>Instagram @polysoudeglobal<\/p>\r\n","protected":false},"excerpt":{"rendered":"<p>Parmi les diff\u00e9rents proc\u00e9d\u00e9s de soudage industriels, le soudage TIG orbital\u00a0(Tungsten Inert Gas) s&rsquo;est peu \u00e0 peu impos\u00e9 comme un proc\u00e9d\u00e9 indispensable et efficace dans les secteurs industriels de pointes. Suivre une formation en soudage orbital, c&rsquo;est\u00a0s&rsquo;assurer d&rsquo;\u00eatre pr\u00e9par\u00e9 pour l&rsquo;avenir du soudage TIG\u00a0dans l&rsquo;industrie. Contactez-nous pour plus d&rsquo;informations Qu&rsquo;est-ce que le soudage orbital ? [&hellip;]<\/p>\n","protected":false},"author":16,"featured_media":0,"parent":0,"menu_order":0,"comment_status":"closed","ping_status":"closed","template":"","meta":{"_acf_changed":false,"footnotes":""},"class_list":["post-42175","page","type-page","status-publish","hentry"],"acf":[],"yoast_head":"<!-- This site is optimized with the Yoast SEO plugin v27.3 - https:\/\/yoast.com\/product\/yoast-seo-wordpress\/ -->\n<title>Formation en soudage orbital | Polysoude<\/title>\n<meta name=\"description\" content=\"Parmi les diff\u00e9rents proc\u00e9d\u00e9s de soudage industriels, le soudage TIG orbital\u00a0(Tungsten Inert Gas) s&#039;est peu \u00e0 peu impos\u00e9 comme un proc\u00e9d\u00e9 indispensable et\" \/>\n<meta name=\"robots\" content=\"index, follow, max-snippet:-1, max-image-preview:large, max-video-preview:-1\" \/>\n<link rel=\"canonical\" href=\"https:\/\/www.polysoude.com\/fr\/formation-soudage-orbital\/\" \/>\n<meta property=\"og:locale\" content=\"fr_FR\" \/>\n<meta property=\"og:type\" content=\"article\" \/>\n<meta property=\"og:title\" content=\"Formation en soudage orbital | Polysoude\" \/>\n<meta property=\"og:description\" content=\"Parmi les diff\u00e9rents proc\u00e9d\u00e9s de soudage industriels, le soudage TIG orbital\u00a0(Tungsten Inert Gas) s&#039;est peu \u00e0 peu impos\u00e9 comme un proc\u00e9d\u00e9 indispensable et\" \/>\n<meta property=\"og:url\" content=\"https:\/\/www.polysoude.com\/fr\/formation-soudage-orbital\/\" \/>\n<meta property=\"og:site_name\" content=\"Polysoude\" \/>\n<meta property=\"article:publisher\" content=\"https:\/\/www.facebook.com\/Polysoude\/\" \/>\n<meta property=\"article:modified_time\" content=\"2022-11-30T23:05:09+00:00\" \/>\n<meta name=\"twitter:card\" content=\"summary_large_image\" \/>\n<meta name=\"twitter:label1\" content=\"Dur\u00e9e de lecture estim\u00e9e\" \/>\n\t<meta name=\"twitter:data1\" content=\"6 minutes\" \/>\n<script type=\"application\/ld+json\" class=\"yoast-schema-graph\">{\"@context\":\"https:\\\/\\\/schema.org\",\"@graph\":[{\"@type\":\"WebPage\",\"@id\":\"https:\\\/\\\/www.polysoude.com\\\/fr\\\/formation-soudage-orbital\\\/\",\"url\":\"https:\\\/\\\/www.polysoude.com\\\/fr\\\/formation-soudage-orbital\\\/\",\"name\":\"Formation en soudage orbital | Polysoude\",\"isPartOf\":{\"@id\":\"https:\\\/\\\/www.polysoude.com\\\/fr\\\/#website\"},\"datePublished\":\"2022-10-27T12:14:53+00:00\",\"dateModified\":\"2022-11-30T23:05:09+00:00\",\"description\":\"Parmi les diff\u00e9rents proc\u00e9d\u00e9s de soudage industriels, le soudage TIG orbital\u00a0(Tungsten Inert Gas) s'est peu \u00e0 peu impos\u00e9 comme un proc\u00e9d\u00e9 indispensable et\",\"breadcrumb\":{\"@id\":\"https:\\\/\\\/www.polysoude.com\\\/fr\\\/formation-soudage-orbital\\\/#breadcrumb\"},\"inLanguage\":\"fr-FR\",\"potentialAction\":[{\"@type\":\"ReadAction\",\"target\":[\"https:\\\/\\\/www.polysoude.com\\\/fr\\\/formation-soudage-orbital\\\/\"]}]},{\"@type\":\"BreadcrumbList\",\"@id\":\"https:\\\/\\\/www.polysoude.com\\\/fr\\\/formation-soudage-orbital\\\/#breadcrumb\",\"itemListElement\":[{\"@type\":\"ListItem\",\"position\":1,\"name\":\"Home\",\"item\":\"https:\\\/\\\/www.polysoude.com\\\/fr\\\/accueil\\\/\"},{\"@type\":\"ListItem\",\"position\":2,\"name\":\"Formation en soudage orbital\"}]},{\"@type\":\"WebSite\",\"@id\":\"https:\\\/\\\/www.polysoude.com\\\/fr\\\/#website\",\"url\":\"https:\\\/\\\/www.polysoude.com\\\/fr\\\/\",\"name\":\"Polysoude\",\"description\":\"The art of welding\",\"publisher\":{\"@id\":\"https:\\\/\\\/www.polysoude.com\\\/fr\\\/#organization\"},\"alternateName\":\"Polysoude\",\"potentialAction\":[{\"@type\":\"SearchAction\",\"target\":{\"@type\":\"EntryPoint\",\"urlTemplate\":\"https:\\\/\\\/www.polysoude.com\\\/fr\\\/?s={search_term_string}\"},\"query-input\":{\"@type\":\"PropertyValueSpecification\",\"valueRequired\":true,\"valueName\":\"search_term_string\"}}],\"inLanguage\":\"fr-FR\"},{\"@type\":\"Organization\",\"@id\":\"https:\\\/\\\/www.polysoude.com\\\/fr\\\/#organization\",\"name\":\"Polysoude\",\"alternateName\":\"Polysoude\",\"url\":\"https:\\\/\\\/www.polysoude.com\\\/fr\\\/\",\"logo\":{\"@type\":\"ImageObject\",\"inLanguage\":\"fr-FR\",\"@id\":\"https:\\\/\\\/www.polysoude.com\\\/fr\\\/#\\\/schema\\\/logo\\\/image\\\/\",\"url\":\"https:\\\/\\\/www.polysoude.com\\\/wp-content\\\/uploads\\\/2022\\\/07\\\/Polysoude_Logo_signature_fond-transparent_600dpi_300mm_RVB-e1658123578778.png\",\"contentUrl\":\"https:\\\/\\\/www.polysoude.com\\\/wp-content\\\/uploads\\\/2022\\\/07\\\/Polysoude_Logo_signature_fond-transparent_600dpi_300mm_RVB-e1658123578778.png\",\"width\":465,\"height\":86,\"caption\":\"Polysoude\"},\"image\":{\"@id\":\"https:\\\/\\\/www.polysoude.com\\\/fr\\\/#\\\/schema\\\/logo\\\/image\\\/\"},\"sameAs\":[\"https:\\\/\\\/www.facebook.com\\\/Polysoude\\\/\",\"https:\\\/\\\/www.linkedin.com\\\/company\\\/polysoude\\\/\",\"https:\\\/\\\/www.instagram.com\\\/polysoudeglobal\\\/\"]}]}<\/script>\n<!-- \/ Yoast SEO plugin. -->","yoast_head_json":{"title":"Formation en soudage orbital | Polysoude","description":"Parmi les diff\u00e9rents proc\u00e9d\u00e9s de soudage industriels, le soudage TIG orbital\u00a0(Tungsten Inert Gas) s'est peu \u00e0 peu impos\u00e9 comme un proc\u00e9d\u00e9 indispensable et","robots":{"index":"index","follow":"follow","max-snippet":"max-snippet:-1","max-image-preview":"max-image-preview:large","max-video-preview":"max-video-preview:-1"},"canonical":"https:\/\/www.polysoude.com\/fr\/formation-soudage-orbital\/","og_locale":"fr_FR","og_type":"article","og_title":"Formation en soudage orbital | Polysoude","og_description":"Parmi les diff\u00e9rents proc\u00e9d\u00e9s de soudage industriels, le soudage TIG orbital\u00a0(Tungsten Inert Gas) s'est peu \u00e0 peu impos\u00e9 comme un proc\u00e9d\u00e9 indispensable et","og_url":"https:\/\/www.polysoude.com\/fr\/formation-soudage-orbital\/","og_site_name":"Polysoude","article_publisher":"https:\/\/www.facebook.com\/Polysoude\/","article_modified_time":"2022-11-30T23:05:09+00:00","twitter_card":"summary_large_image","twitter_misc":{"Dur\u00e9e de lecture estim\u00e9e":"6 minutes"},"schema":{"@context":"https:\/\/schema.org","@graph":[{"@type":"WebPage","@id":"https:\/\/www.polysoude.com\/fr\/formation-soudage-orbital\/","url":"https:\/\/www.polysoude.com\/fr\/formation-soudage-orbital\/","name":"Formation en soudage orbital | Polysoude","isPartOf":{"@id":"https:\/\/www.polysoude.com\/fr\/#website"},"datePublished":"2022-10-27T12:14:53+00:00","dateModified":"2022-11-30T23:05:09+00:00","description":"Parmi les diff\u00e9rents proc\u00e9d\u00e9s de soudage industriels, le soudage TIG orbital\u00a0(Tungsten Inert Gas) s'est peu \u00e0 peu impos\u00e9 comme un proc\u00e9d\u00e9 indispensable et","breadcrumb":{"@id":"https:\/\/www.polysoude.com\/fr\/formation-soudage-orbital\/#breadcrumb"},"inLanguage":"fr-FR","potentialAction":[{"@type":"ReadAction","target":["https:\/\/www.polysoude.com\/fr\/formation-soudage-orbital\/"]}]},{"@type":"BreadcrumbList","@id":"https:\/\/www.polysoude.com\/fr\/formation-soudage-orbital\/#breadcrumb","itemListElement":[{"@type":"ListItem","position":1,"name":"Home","item":"https:\/\/www.polysoude.com\/fr\/accueil\/"},{"@type":"ListItem","position":2,"name":"Formation en soudage orbital"}]},{"@type":"WebSite","@id":"https:\/\/www.polysoude.com\/fr\/#website","url":"https:\/\/www.polysoude.com\/fr\/","name":"Polysoude","description":"The art of welding","publisher":{"@id":"https:\/\/www.polysoude.com\/fr\/#organization"},"alternateName":"Polysoude","potentialAction":[{"@type":"SearchAction","target":{"@type":"EntryPoint","urlTemplate":"https:\/\/www.polysoude.com\/fr\/?s={search_term_string}"},"query-input":{"@type":"PropertyValueSpecification","valueRequired":true,"valueName":"search_term_string"}}],"inLanguage":"fr-FR"},{"@type":"Organization","@id":"https:\/\/www.polysoude.com\/fr\/#organization","name":"Polysoude","alternateName":"Polysoude","url":"https:\/\/www.polysoude.com\/fr\/","logo":{"@type":"ImageObject","inLanguage":"fr-FR","@id":"https:\/\/www.polysoude.com\/fr\/#\/schema\/logo\/image\/","url":"https:\/\/www.polysoude.com\/wp-content\/uploads\/2022\/07\/Polysoude_Logo_signature_fond-transparent_600dpi_300mm_RVB-e1658123578778.png","contentUrl":"https:\/\/www.polysoude.com\/wp-content\/uploads\/2022\/07\/Polysoude_Logo_signature_fond-transparent_600dpi_300mm_RVB-e1658123578778.png","width":465,"height":86,"caption":"Polysoude"},"image":{"@id":"https:\/\/www.polysoude.com\/fr\/#\/schema\/logo\/image\/"},"sameAs":["https:\/\/www.facebook.com\/Polysoude\/","https:\/\/www.linkedin.com\/company\/polysoude\/","https:\/\/www.instagram.com\/polysoudeglobal\/"]}]}},"_links":{"self":[{"href":"https:\/\/www.polysoude.com\/fr\/wp-json\/wp\/v2\/pages\/42175","targetHints":{"allow":["GET"]}}],"collection":[{"href":"https:\/\/www.polysoude.com\/fr\/wp-json\/wp\/v2\/pages"}],"about":[{"href":"https:\/\/www.polysoude.com\/fr\/wp-json\/wp\/v2\/types\/page"}],"author":[{"embeddable":true,"href":"https:\/\/www.polysoude.com\/fr\/wp-json\/wp\/v2\/users\/16"}],"replies":[{"embeddable":true,"href":"https:\/\/www.polysoude.com\/fr\/wp-json\/wp\/v2\/comments?post=42175"}],"version-history":[{"count":4,"href":"https:\/\/www.polysoude.com\/fr\/wp-json\/wp\/v2\/pages\/42175\/revisions"}],"predecessor-version":[{"id":42851,"href":"https:\/\/www.polysoude.com\/fr\/wp-json\/wp\/v2\/pages\/42175\/revisions\/42851"}],"wp:attachment":[{"href":"https:\/\/www.polysoude.com\/fr\/wp-json\/wp\/v2\/media?parent=42175"}],"curies":[{"name":"wp","href":"https:\/\/api.w.org\/{rel}","templated":true}]}}