{"id":51068,"date":"2025-06-24T16:28:52","date_gmt":"2025-06-24T14:28:52","guid":{"rendered":"https:\/\/www.polysoude.com\/?page_id=51068"},"modified":"2025-06-26T16:40:03","modified_gmt":"2025-06-26T14:40:03","slug":"job-dating-technicien-soudeur-automatique","status":"publish","type":"page","link":"https:\/\/www.polysoude.com\/fr\/a-propos-de-polysoude\/polysoude-recrute\/job-dating-technicien-soudeur-automatique\/","title":{"rendered":"Job Dating &#8211; Technicien Soudeur Automatique"},"content":{"rendered":"\n\n\t<p><strong>Job dating le 4 juillet 2025<\/strong><\/p>\n<p><strong>???? Nous recrutons plusieurs Techniciens Soudeurs Automatique H\/F ????<\/strong><\/p>\n\t<ul>\n<li>Horaire : <strong>sur rendez-vous<\/strong><\/li>\n<li>Lieu : <strong>Soci\u00e9t\u00e9 <a href=\"https:\/\/www.polysoude.com\/fr\/\">Polysoude<\/a> \u00e0 Nantes ou en distanciel<\/strong><\/li>\n<li>Modalit\u00e9s de candidature :<strong> Envoyer votre CV ainsi que votre lettre de motivation en cliquant sur le bouton ci-dessous.<\/strong><\/li>\n<\/ul>\n\t\t\t<a href=\"https:\/\/www.polysoude.com\/wp-content\/uploads\/2025\/06\/Technicien-Soudeur-Automatique-2025.pdf\" target=\"_blank\" role=\"button\" rel=\"noopener\">\n\t\t\t\t\t\tFiche de poste Technicien Soudeur Automatis\u00e9\n\t\t\t\t\t<\/a>\n\t\t\t<a href=\"mailto:recrutement@polysoude.com?subject=Job%20Dating%20-%20Je%20souhaite%20postuler%20TECHSOUD2025\" target=\"_blank\" role=\"button\" rel=\"noopener\">\n\t\t\t\t\t\tPostuler au Job Dating\n\t\t\t\t\t<\/a>\n\t<p>????<strong>\u00a0Envie de voyager et de relever des d\u00e9fis ? Nous avons le poste parfait pour vous !<\/strong>\u00a0\u2708\ufe0f<\/p>\n<p><strong>????\u200d????<\/strong> <strong>Nous recrutons plusieurs Techniciens Soudeurs Automatique H\/F en CDI<\/strong><\/p>\n<p>???? <strong>Localisation\u00a0: Nantes (France)<\/strong><\/p>\n<p>????\u00a0<strong>R\u00e9mun\u00e9ration : Fixe + primes de d\u00e9placement<\/strong><\/p>\n<strong>Rejoins une \u00e9quipe \u00e0 la pointe de l&rsquo;innovation dans le soudage automatique !<\/strong><br \/>\nEn tant que <strong>Technicien Soudeur Automatique<\/strong> (H\/F), tu seras au c\u0153ur de projets techniques passionnants, o\u00f9 ton expertise des proc\u00e9d\u00e9s <strong>TIG, TIGer et plasma<\/strong> fera toute la diff\u00e9rence.<br \/>\nTu participeras \u00e0 la conception et \u00e0 l&rsquo;optimisation de machines sp\u00e9ciales, en lien direct avec des \u00e9quipes pluridisciplinaires. De l&rsquo;\u00e9tude de faisabilit\u00e9 \u00e0 la mise en service chez le client, en passant par les tests, les formations et les d\u00e9monstrations : aucun jour ne se ressemble !\n<p>Tu veux un job technique, vari\u00e9, avec du concret et du terrain ? Ce poste est fait pour toi ! Avec une formation Bac+2\/3 en soudage (type EAPS) ou en m\u00e9canique avec sp\u00e9cialisation soudage, et id\u00e9alement la certif&rsquo; IWT en poche, tu ma\u00eetrises les bases : TIG automatique, proc\u00e9d\u00e9s &laquo;&nbsp;arc&nbsp;&raquo;, m\u00e9tallurgie et contr\u00f4les de soudure n&rsquo;ont (presque) plus de secrets pour toi.<\/p>\nCurieux(se), autonome, m\u00e9thodique et toujours pr\u00eat(e) \u00e0 apprendre, tu veux \u00e9voluer dans un environnement technique, international et stimulant ?<br \/>\nRejoins une \u00e9quipe o\u00f9 le travail d&rsquo;\u00e9quipe, l&rsquo;adaptabilit\u00e9 et les voyages font partie du quotidien &#8211; avec un vrai parcours d&rsquo;int\u00e9gration \u00e0 la cl\u00e9 pour t&rsquo;aider \u00e0 prendre ta place rapidement.\n<p>Pr\u00eat(e) \u00e0 faire le grand saut ? Envoyez votre CV et lettre de motivation \u00e0\u00a0<a href=\"mailto:recrutement@polysoude.com\"><strong>recrutement@polysoude.com<\/strong><\/a>\u00a0(r\u00e9f.\u00a0<strong>TECHSOUD2025<\/strong>).<\/p>\n<p>Rejoignez-nous et d\u00e9couvrez une entreprise o\u00f9 la diversit\u00e9 est une richesse ! ????<\/p>\n\t<iframe loading=\"lazy\" width=\"424\" height=\"238\" src=\"https:\/\/www.youtube.com\/embed\/t1zJW7kPYu4\" title=\"Polysoude - Discover our Core Competences and overall product range in this extensive presentation\" frameborder=\"0\" allow=\"accelerometer; autoplay; clipboard-write; encrypted-media; gyroscope; picture-in-picture; web-share\" referrerpolicy=\"strict-origin-when-cross-origin\" allowfullscreen><\/iframe>\n\t\t\t<a href=\"https:\/\/www.polysoude.com\/wp-content\/uploads\/2025\/06\/Technicien-Soudeur-Automatique-2025.pdf\" target=\"_blank\" role=\"button\" rel=\"noopener\">\n\t\t\t\t\t\tFiche de poste Technicien Soudeur Automatis\u00e9\n\t\t\t\t\t<\/a>\n\t\t\t<a href=\"mailto:recrutement@polysoude.com?subject=Job%20Dating%20-%20Je%20souhaite%20postuler%20TECHSOUD2025\" target=\"_blank\" role=\"button\" rel=\"noopener\">\n\t\t\t\t\t\tPostuler au Job Dating\n\t\t\t\t\t<\/a>\n\n","protected":false},"excerpt":{"rendered":"<p>Job dating le 4 juillet 2025 ???? Nous recrutons plusieurs Techniciens Soudeurs Automatique H\/F ???? Horaire : sur rendez-vous Lieu : Soci\u00e9t\u00e9 Polysoude \u00e0 Nantes ou en distanciel Modalit\u00e9s de candidature : Envoyer votre CV ainsi que votre lettre de motivation en cliquant sur le bouton ci-dessous. Fiche de poste Technicien Soudeur Automatis\u00e9 Postuler au [&hellip;]<\/p>\n","protected":false},"author":18,"featured_media":0,"parent":14613,"menu_order":0,"comment_status":"closed","ping_status":"closed","template":"","meta":{"_acf_changed":false,"footnotes":""},"class_list":["post-51068","page","type-page","status-publish","hentry"],"acf":[],"yoast_head":"<!-- This site is optimized with the Yoast SEO plugin v27.3 - https:\/\/yoast.com\/product\/yoast-seo-wordpress\/ -->\n<title>Job Dating - Technicien Soudeur Automatique | Polysoude<\/title>\n<meta name=\"description\" content=\"Job dating le 4 juillet 2025 ???? Nous recrutons plusieurs Techniciens Soudeurs Automatique H\/F ???? Horaire : sur rendez-vous Lieu : Soci\u00e9t\u00e9 Polysoude \u00e0\" \/>\n<meta name=\"robots\" content=\"index, follow, max-snippet:-1, max-image-preview:large, max-video-preview:-1\" \/>\n<link rel=\"canonical\" href=\"https:\/\/www.polysoude.com\/fr\/a-propos-de-polysoude\/polysoude-recrute\/job-dating-technicien-soudeur-automatique\/\" \/>\n<meta property=\"og:locale\" content=\"fr_FR\" \/>\n<meta property=\"og:type\" content=\"article\" \/>\n<meta property=\"og:title\" content=\"Job Dating - Technicien Soudeur Automatique | Polysoude\" \/>\n<meta property=\"og:description\" content=\"Job dating le 4 juillet 2025 ???? Nous recrutons plusieurs Techniciens Soudeurs Automatique H\/F ???? Horaire : sur rendez-vous Lieu : Soci\u00e9t\u00e9 Polysoude \u00e0\" \/>\n<meta property=\"og:url\" content=\"https:\/\/www.polysoude.com\/fr\/a-propos-de-polysoude\/polysoude-recrute\/job-dating-technicien-soudeur-automatique\/\" \/>\n<meta property=\"og:site_name\" content=\"Polysoude\" \/>\n<meta property=\"article:publisher\" content=\"https:\/\/www.facebook.com\/Polysoude\/\" \/>\n<meta property=\"article:modified_time\" content=\"2025-06-26T14:40:03+00:00\" \/>\n<meta name=\"twitter:card\" content=\"summary_large_image\" \/>\n<meta name=\"twitter:label1\" content=\"Dur\u00e9e de lecture estim\u00e9e\" \/>\n\t<meta name=\"twitter:data1\" content=\"2 minutes\" \/>\n<script type=\"application\/ld+json\" class=\"yoast-schema-graph\">{\"@context\":\"https:\\\/\\\/schema.org\",\"@graph\":[{\"@type\":\"WebPage\",\"@id\":\"https:\\\/\\\/www.polysoude.com\\\/fr\\\/a-propos-de-polysoude\\\/polysoude-recrute\\\/job-dating-technicien-soudeur-automatique\\\/\",\"url\":\"https:\\\/\\\/www.polysoude.com\\\/fr\\\/a-propos-de-polysoude\\\/polysoude-recrute\\\/job-dating-technicien-soudeur-automatique\\\/\",\"name\":\"Job Dating - Technicien Soudeur Automatique | Polysoude\",\"isPartOf\":{\"@id\":\"https:\\\/\\\/www.polysoude.com\\\/fr\\\/#website\"},\"datePublished\":\"2025-06-24T14:28:52+00:00\",\"dateModified\":\"2025-06-26T14:40:03+00:00\",\"description\":\"Job dating le 4 juillet 2025 ???? Nous recrutons plusieurs Techniciens Soudeurs Automatique H\\\/F ???? Horaire : sur rendez-vous Lieu : Soci\u00e9t\u00e9 Polysoude \u00e0\",\"breadcrumb\":{\"@id\":\"https:\\\/\\\/www.polysoude.com\\\/fr\\\/a-propos-de-polysoude\\\/polysoude-recrute\\\/job-dating-technicien-soudeur-automatique\\\/#breadcrumb\"},\"inLanguage\":\"fr-FR\",\"potentialAction\":[{\"@type\":\"ReadAction\",\"target\":[\"https:\\\/\\\/www.polysoude.com\\\/fr\\\/a-propos-de-polysoude\\\/polysoude-recrute\\\/job-dating-technicien-soudeur-automatique\\\/\"]}]},{\"@type\":\"BreadcrumbList\",\"@id\":\"https:\\\/\\\/www.polysoude.com\\\/fr\\\/a-propos-de-polysoude\\\/polysoude-recrute\\\/job-dating-technicien-soudeur-automatique\\\/#breadcrumb\",\"itemListElement\":[{\"@type\":\"ListItem\",\"position\":1,\"name\":\"Home\",\"item\":\"https:\\\/\\\/www.polysoude.com\\\/fr\\\/accueil\\\/\"},{\"@type\":\"ListItem\",\"position\":2,\"name\":\"A propos de Polysoude\",\"item\":\"https:\\\/\\\/www.polysoude.com\\\/fr\\\/a-propos-de-polysoude\\\/\"},{\"@type\":\"ListItem\",\"position\":3,\"name\":\"Offres d&#8217;emploi\",\"item\":\"https:\\\/\\\/www.polysoude.com\\\/fr\\\/a-propos-de-polysoude\\\/polysoude-recrute\\\/\"},{\"@type\":\"ListItem\",\"position\":4,\"name\":\"Job Dating &#8211; Technicien Soudeur Automatique\"}]},{\"@type\":\"WebSite\",\"@id\":\"https:\\\/\\\/www.polysoude.com\\\/fr\\\/#website\",\"url\":\"https:\\\/\\\/www.polysoude.com\\\/fr\\\/\",\"name\":\"Polysoude\",\"description\":\"The art of welding\",\"publisher\":{\"@id\":\"https:\\\/\\\/www.polysoude.com\\\/fr\\\/#organization\"},\"alternateName\":\"Polysoude\",\"potentialAction\":[{\"@type\":\"SearchAction\",\"target\":{\"@type\":\"EntryPoint\",\"urlTemplate\":\"https:\\\/\\\/www.polysoude.com\\\/fr\\\/?s={search_term_string}\"},\"query-input\":{\"@type\":\"PropertyValueSpecification\",\"valueRequired\":true,\"valueName\":\"search_term_string\"}}],\"inLanguage\":\"fr-FR\"},{\"@type\":\"Organization\",\"@id\":\"https:\\\/\\\/www.polysoude.com\\\/fr\\\/#organization\",\"name\":\"Polysoude\",\"alternateName\":\"Polysoude\",\"url\":\"https:\\\/\\\/www.polysoude.com\\\/fr\\\/\",\"logo\":{\"@type\":\"ImageObject\",\"inLanguage\":\"fr-FR\",\"@id\":\"https:\\\/\\\/www.polysoude.com\\\/fr\\\/#\\\/schema\\\/logo\\\/image\\\/\",\"url\":\"https:\\\/\\\/www.polysoude.com\\\/wp-content\\\/uploads\\\/2022\\\/07\\\/Polysoude_Logo_signature_fond-transparent_600dpi_300mm_RVB-e1658123578778.png\",\"contentUrl\":\"https:\\\/\\\/www.polysoude.com\\\/wp-content\\\/uploads\\\/2022\\\/07\\\/Polysoude_Logo_signature_fond-transparent_600dpi_300mm_RVB-e1658123578778.png\",\"width\":465,\"height\":86,\"caption\":\"Polysoude\"},\"image\":{\"@id\":\"https:\\\/\\\/www.polysoude.com\\\/fr\\\/#\\\/schema\\\/logo\\\/image\\\/\"},\"sameAs\":[\"https:\\\/\\\/www.facebook.com\\\/Polysoude\\\/\",\"https:\\\/\\\/www.linkedin.com\\\/company\\\/polysoude\\\/\",\"https:\\\/\\\/www.instagram.com\\\/polysoudeglobal\\\/\"]}]}<\/script>\n<!-- \/ Yoast SEO plugin. -->","yoast_head_json":{"title":"Job Dating - Technicien Soudeur Automatique | Polysoude","description":"Job dating le 4 juillet 2025 ???? Nous recrutons plusieurs Techniciens Soudeurs Automatique H\/F ???? Horaire : sur rendez-vous Lieu : Soci\u00e9t\u00e9 Polysoude \u00e0","robots":{"index":"index","follow":"follow","max-snippet":"max-snippet:-1","max-image-preview":"max-image-preview:large","max-video-preview":"max-video-preview:-1"},"canonical":"https:\/\/www.polysoude.com\/fr\/a-propos-de-polysoude\/polysoude-recrute\/job-dating-technicien-soudeur-automatique\/","og_locale":"fr_FR","og_type":"article","og_title":"Job Dating - Technicien Soudeur Automatique | Polysoude","og_description":"Job dating le 4 juillet 2025 ???? Nous recrutons plusieurs Techniciens Soudeurs Automatique H\/F ???? Horaire : sur rendez-vous Lieu : Soci\u00e9t\u00e9 Polysoude \u00e0","og_url":"https:\/\/www.polysoude.com\/fr\/a-propos-de-polysoude\/polysoude-recrute\/job-dating-technicien-soudeur-automatique\/","og_site_name":"Polysoude","article_publisher":"https:\/\/www.facebook.com\/Polysoude\/","article_modified_time":"2025-06-26T14:40:03+00:00","twitter_card":"summary_large_image","twitter_misc":{"Dur\u00e9e de lecture estim\u00e9e":"2 minutes"},"schema":{"@context":"https:\/\/schema.org","@graph":[{"@type":"WebPage","@id":"https:\/\/www.polysoude.com\/fr\/a-propos-de-polysoude\/polysoude-recrute\/job-dating-technicien-soudeur-automatique\/","url":"https:\/\/www.polysoude.com\/fr\/a-propos-de-polysoude\/polysoude-recrute\/job-dating-technicien-soudeur-automatique\/","name":"Job Dating - Technicien Soudeur Automatique | Polysoude","isPartOf":{"@id":"https:\/\/www.polysoude.com\/fr\/#website"},"datePublished":"2025-06-24T14:28:52+00:00","dateModified":"2025-06-26T14:40:03+00:00","description":"Job dating le 4 juillet 2025 ???? Nous recrutons plusieurs Techniciens Soudeurs Automatique H\/F ???? Horaire : sur rendez-vous Lieu : Soci\u00e9t\u00e9 Polysoude \u00e0","breadcrumb":{"@id":"https:\/\/www.polysoude.com\/fr\/a-propos-de-polysoude\/polysoude-recrute\/job-dating-technicien-soudeur-automatique\/#breadcrumb"},"inLanguage":"fr-FR","potentialAction":[{"@type":"ReadAction","target":["https:\/\/www.polysoude.com\/fr\/a-propos-de-polysoude\/polysoude-recrute\/job-dating-technicien-soudeur-automatique\/"]}]},{"@type":"BreadcrumbList","@id":"https:\/\/www.polysoude.com\/fr\/a-propos-de-polysoude\/polysoude-recrute\/job-dating-technicien-soudeur-automatique\/#breadcrumb","itemListElement":[{"@type":"ListItem","position":1,"name":"Home","item":"https:\/\/www.polysoude.com\/fr\/accueil\/"},{"@type":"ListItem","position":2,"name":"A propos de Polysoude","item":"https:\/\/www.polysoude.com\/fr\/a-propos-de-polysoude\/"},{"@type":"ListItem","position":3,"name":"Offres d&#8217;emploi","item":"https:\/\/www.polysoude.com\/fr\/a-propos-de-polysoude\/polysoude-recrute\/"},{"@type":"ListItem","position":4,"name":"Job Dating &#8211; Technicien Soudeur Automatique"}]},{"@type":"WebSite","@id":"https:\/\/www.polysoude.com\/fr\/#website","url":"https:\/\/www.polysoude.com\/fr\/","name":"Polysoude","description":"The art of welding","publisher":{"@id":"https:\/\/www.polysoude.com\/fr\/#organization"},"alternateName":"Polysoude","potentialAction":[{"@type":"SearchAction","target":{"@type":"EntryPoint","urlTemplate":"https:\/\/www.polysoude.com\/fr\/?s={search_term_string}"},"query-input":{"@type":"PropertyValueSpecification","valueRequired":true,"valueName":"search_term_string"}}],"inLanguage":"fr-FR"},{"@type":"Organization","@id":"https:\/\/www.polysoude.com\/fr\/#organization","name":"Polysoude","alternateName":"Polysoude","url":"https:\/\/www.polysoude.com\/fr\/","logo":{"@type":"ImageObject","inLanguage":"fr-FR","@id":"https:\/\/www.polysoude.com\/fr\/#\/schema\/logo\/image\/","url":"https:\/\/www.polysoude.com\/wp-content\/uploads\/2022\/07\/Polysoude_Logo_signature_fond-transparent_600dpi_300mm_RVB-e1658123578778.png","contentUrl":"https:\/\/www.polysoude.com\/wp-content\/uploads\/2022\/07\/Polysoude_Logo_signature_fond-transparent_600dpi_300mm_RVB-e1658123578778.png","width":465,"height":86,"caption":"Polysoude"},"image":{"@id":"https:\/\/www.polysoude.com\/fr\/#\/schema\/logo\/image\/"},"sameAs":["https:\/\/www.facebook.com\/Polysoude\/","https:\/\/www.linkedin.com\/company\/polysoude\/","https:\/\/www.instagram.com\/polysoudeglobal\/"]}]}},"_links":{"self":[{"href":"https:\/\/www.polysoude.com\/fr\/wp-json\/wp\/v2\/pages\/51068","targetHints":{"allow":["GET"]}}],"collection":[{"href":"https:\/\/www.polysoude.com\/fr\/wp-json\/wp\/v2\/pages"}],"about":[{"href":"https:\/\/www.polysoude.com\/fr\/wp-json\/wp\/v2\/types\/page"}],"author":[{"embeddable":true,"href":"https:\/\/www.polysoude.com\/fr\/wp-json\/wp\/v2\/users\/18"}],"replies":[{"embeddable":true,"href":"https:\/\/www.polysoude.com\/fr\/wp-json\/wp\/v2\/comments?post=51068"}],"version-history":[{"count":6,"href":"https:\/\/www.polysoude.com\/fr\/wp-json\/wp\/v2\/pages\/51068\/revisions"}],"predecessor-version":[{"id":51094,"href":"https:\/\/www.polysoude.com\/fr\/wp-json\/wp\/v2\/pages\/51068\/revisions\/51094"}],"up":[{"embeddable":true,"href":"https:\/\/www.polysoude.com\/fr\/wp-json\/wp\/v2\/pages\/14613"}],"wp:attachment":[{"href":"https:\/\/www.polysoude.com\/fr\/wp-json\/wp\/v2\/media?parent=51068"}],"curies":[{"name":"wp","href":"https:\/\/api.w.org\/{rel}","templated":true}]}}