{"id":8609,"date":"2016-10-07T14:19:48","date_gmt":"2016-10-07T12:19:48","guid":{"rendered":"http:\/\/www.polysoude.com\/legal-information\/"},"modified":"2023-08-03T14:30:10","modified_gmt":"2023-08-03T12:30:10","slug":"mentions-legales","status":"publish","type":"page","link":"https:\/\/www.polysoude.com\/fr\/mentions-legales\/","title":{"rendered":"Mentions l\u00e9gales"},"content":{"rendered":"\n\n\t<h3>Site \u00e9dit\u00e9 par :<\/h3>\n<h4>D\u00e9nomination sociale :<\/h4>\n<p><a href=\"https:\/\/www.polysoude.com\/fr\/\">POLYSOUDE<\/a> SAS<\/p>\n<p>2 rue Paul Beaup\u00e8re, 44300 NANTES &#8211; France<\/p>\n<p>RCS de NANTES B 858 800 931<\/p>\n<p>&nbsp;<\/p>\n<h4>Directeur de la publication :<\/h4>\n<p>Maria FRANCHETEAU, en sa qualit\u00e9 de Responsable Communication<\/p>\n<p>T\u00e9l\u00e9phone : +33 (2) 40 68 57 34<\/p>\n<p>&nbsp;<\/p>\n<h4>Site h\u00e9berg\u00e9 par :<\/h4>\n<p><a href=\"https:\/\/www.o2switch.fr\/\">O2switch<\/a> &#8211; 222 Bd Gustave Flaubert, 63000 Clermont-Ferrand<\/p>\n\t<h3>Propri\u00e9t\u00e9 intellectuelle<\/h3>\n<p>POLYSOUDE (ci-apr\u00e8s &laquo;&nbsp;POLYSOUDE&nbsp;&raquo; ou &laquo;&nbsp;nous&nbsp;&raquo;) offre aux visiteurs et utilisateurs l&rsquo;acc\u00e8s au pr\u00e9sent site Web sur la base de (et en se fiant \u00e0) votre acceptation des conditions qui suivent. POLYSOUDE vous conc\u00e8de par les pr\u00e9sentes une licence non-exclusive et incessible en vue d&rsquo;acc\u00e9der \u00e0, t\u00e9l\u00e9charger et utiliser le pr\u00e9sent site Web aux seules fins de votre usage interne. Nous sommes en droit, \u00e0 notre enti\u00e8re discr\u00e9tion, d&rsquo;ajouter, supprimer ou modifier \u00e0 tout moment tout ou partie des services inclus dans le site Web ou de r\u00e9silier la pr\u00e9sente licence. Tous les \u00e9l\u00e9ments, et notamment les configurations, affichages et \u00e9crans, et toutes les informations apparaissant sur ou affich\u00e9(e)s par POLYSOUDE en liaison avec ou contenu(e)s sur le pr\u00e9sent site Web sont prot\u00e9g\u00e9(e)s par toutes les lois applicables.<\/p>\n<p>POLYSOUDE d\u00e9tient, se r\u00e9serve et conserve tous les droits de propri\u00e9t\u00e9, y compris les droits de reproduction, sur le pr\u00e9sent site Web et les \u00e9l\u00e9ments qu&rsquo;il contient. Les marques de fabrique, marques de service, appellations commerciales, logos et autres indications d&rsquo;origine, et notamment le nom de domaine de POLYSOUDE, affich\u00e9s sur le pr\u00e9sent site Web sont des marques d\u00e9pos\u00e9es et non-d\u00e9pos\u00e9es de POLYSOUDE ou d&rsquo;un tiers ayant conc\u00e9d\u00e9 \u00e0 POLYSOUDE le droit de les utiliser sur le pr\u00e9sent site. Rien de ce qui est contenu dans les pr\u00e9sentes ne pourra \u00eatre r\u00e9put\u00e9 conc\u00e9der, au visiteur ou \u00e0 l&rsquo;utilisateur, un(e) quelconque licence ou droit en vue de l&rsquo;utilisation de l&rsquo;une des marques de fabrique figurant sur le site sans l&rsquo;autorisation \u00e9crite de POLYSOUDE ou du tiers susvis\u00e9. POLYSOUDE et\/ou ses fournisseurs de contenu tiers demeurent propri\u00e9taires des informations apparaissant sur le pr\u00e9sent site Web, et l&rsquo;utilisateur n&rsquo;acquiert aucun des droits de propri\u00e9t\u00e9 susvis\u00e9s en imprimant ou en t\u00e9l\u00e9chargeant quelque partie que ce soit des informations ou en faisant usage des fonctionnalit\u00e9s du site Web.<\/p>\n<p>Pour votre convenance, POLYSOUDE fournit des liens vers d&rsquo;autres sites et des liens vers le pr\u00e9sent site peuvent \u00eatre fournis sur d&rsquo;autres sites connus ou non de POLYSOUDE. POLYSOUDE n&rsquo;est pas responsable du contenu des sites connect\u00e9s au pr\u00e9sent site par l&rsquo;interm\u00e9diaire de liens et les dits liens n&rsquo;impliquent en aucune fa\u00e7on que POLYSOUDE supervise, conc\u00e8de en licence, avalise ou est li\u00e9 de toute autre fa\u00e7on aux dits autres sites, aux produits ou services qui y sont d\u00e9crits ou \u00e0 leurs propri\u00e9taires, ni que POLYSOUDE a autoris\u00e9 les dits sites li\u00e9s \u00e0 utiliser tout(e) marque de fabrique, appellation commerciale, logo ou autre \u00e9l\u00e9ment dont la marque de fabrique ou les droits de reproduction appartiennent \u00e0 POLYSOUDE.<\/p>\n<p>Les pr\u00e9sentes conditions d&rsquo;utilisation sont r\u00e9gies par le droit fran\u00e7ais. Les tribunaux fran\u00e7ais seront seuls territorialement comp\u00e9tents pour juger de toute plainte li\u00e9e \u00e0 l&rsquo;utilisation du pr\u00e9sent site Web.<\/p>\n\t<h3>Respect de la vie priv\u00e9e et traitement des donn\u00e9es personnelles<\/h3>\n<p>Le respect de votre vie priv\u00e9e et la s\u00e9curit\u00e9 des informations vous concernant sont importants pour nous. Il est de r\u00e8gle pour POLYSOUDE de respecter et de prot\u00e9ger la vie priv\u00e9e des utilisateurs du pr\u00e9sent site Web. Nous nous engageons \u00e0 ne pas divulguer volontairement \u00e0 des tiers des informations \u00e0 propos de nos clients ou d&rsquo;autres utilisateurs du site Web qui soient identifiables \u00e0 titre individuel sans avoir re\u00e7u au pr\u00e9alable l&rsquo;autorisation de l&rsquo;utilisateur concern\u00e9 \u00e0 cette fin.<\/p>\n<h4>D\u00e9ontologie et usage des donn\u00e9es collect\u00e9es<\/h4>\n<p>POLYSOUDE ne demande que certains types pr\u00e9cis d&rsquo;informations personnelles et nominatives dans le cadre de votre utilisation du site Web. En tr\u00e8s peu d&rsquo;endroits sur notre site Web, et notamment au niveau de l&rsquo;ex\u00e9cution des commandes et des outils d&rsquo;assistance client\u00e8le en ligne, nous vous demandons de nous fournir des renseignements qui vont nous permettre de vous faciliter la visite de notre site, de vous aider sur certains points d&rsquo;assistance technique ou d&rsquo;assurer un suivi apr\u00e8s votre visite. A moins que les informations demand\u00e9es ne soient n\u00e9cessaires aux fins de l&rsquo;ex\u00e9cution de la demande, auquel cas ceci vous sera signal\u00e9, il est totalement facultatif pour vous de les mentionner. Il est possible que nous vous demandions votre nom, votre adresse e-mail, votre num\u00e9ro de t\u00e9l\u00e9phone, votre adresse postale, votre type d&rsquo;activit\u00e9, vos informations de r\u00e9f\u00e9rence client, votre num\u00e9ro de client, ainsi que d&rsquo;autres donn\u00e9es personnelles du m\u00eame ordre n\u00e9cessaires \u00e0 l&rsquo;enregistrement ou \u00e0 la souscription de nos services ou offres.<\/p>\n<p>Ainsi, POLYSOUDE traite les donn\u00e9es personnelles vous concernant et qui sont collect\u00e9es dans le cadre du pr\u00e9sent site web\u00a0pour les finalit\u00e9s suivantes :<\/p>\n<ul>\n<li>Assurer le suivi de votre souscription \u00e0 nos services ou offres et l&rsquo;ex\u00e9cution des commandes<\/li>\n<li>Fournir des outils d&rsquo;assistance client\u00e8le en ligne et assurer un suivi dans le cadre de l&rsquo;assistance technique<\/li>\n<li>Traiter votre candidature lorsque vous postulez en ligne \u00e0 une offre d&#8217;emploi au sein de POLYSOUDE<\/li>\n<\/ul>\n<p>POLYSOUDE est \u00e9galement conduite \u00e0 traiter vos donn\u00e9es personnelles \u00e0 l&rsquo;occasion de vos \u00e9changes et communications avec POLYSOUDE, comme par exemple lors de vos \u00e9changes par courriel, de vos discussions \u00e0 partir d&rsquo;outils ou plateformes mis \u00e0 disposition par POLYSOUDE ou encore dans le cadre des espaces de travail virtuels et outils collaboratifs utilis\u00e9s par POLYSOUDE. Ces traitements visent \u00e0 permettre la mise \u00e0 disposition de ces outils, \u00e0 assurer et contr\u00f4ler leur utilisation appropri\u00e9e ainsi que la s\u00e9curit\u00e9 du syst\u00e8me informatique et la confidentialit\u00e9 de l&rsquo;information.<\/p>\n<h4>Collecte passive de donn\u00e9es personnelles<\/h4>\n<p>Certaines des donn\u00e9es personnelles enregistr\u00e9es sur notre Serveur sont celles que vous fournissez volontairement lorsque vous remplissez des formulaires en ligne, les autres sont recueillies automatiquement.<\/p>\n<p>Afin d&rsquo;am\u00e9liorer la navigation au sein de ses sites et dans un but d&rsquo;analyse statistique, POLYSOUDE recueille automatiquement au cours de votre visite certaines donn\u00e9es :<\/p>\n<ul>\n<li>votre adresse IP : une adresse IP est affect\u00e9e \u00e0 votre ordinateur par votre fournisseur d&rsquo;acc\u00e8s Internet pour vous permettre d&rsquo;acc\u00e9der \u00e0 Internet,<\/li>\n<li>la date et l&rsquo;heure de votre visite sur le site ainsi que les pages que vous avez consult\u00e9es,<\/li>\n<li>le syst\u00e8me d&rsquo;exploitation de votre ordinateur et le logiciel de navigation,<\/li>\n<li>votre login si vous naviguez dans des sections \u00e0 acc\u00e8s restreint,<\/li>\n<li>votre cheminement au travers des sites du Groupe ainsi que la dur\u00e9e de votre connexion.<\/li>\n<\/ul>\n<p>Consultez \u00e9galement, ci-dessous, notre page consacr\u00e9e aux Cookies.<\/p>\n\t\t\t\t\t<a href=\"#\" id=\"fl-accordion--label-0\" tabindex=\"0\" aria-controls=\"fl-accordion--panel-0\">\u00c0 propos des Cookies<\/a>\n\t\t\t\t\t\t\t\t\t\t\t<a href=\"#\" id=\"fl-accordion--icon-0\" tabindex=\"0\" aria-controls=\"fl-accordion--panel-0\"><i>Expand<\/i><\/a>\n\t\t\t\t\t<p>Lorsque vous utilisez notre site, des donn\u00e9es personnelles peuvent \u00eatre collect\u00e9es par le biais de cookies. Cela ne peut se faire qu&rsquo;avec un consentement distinct. Ceci stockera les informations sur votre utilisation et les pages visit\u00e9es. Il peut s&rsquo;agir d&rsquo;informations techniques sur votre appareil et votre connexion Internet telles que le syst\u00e8me d&rsquo;exploitation, la version du navigateur, l&rsquo;adresse IP, les cookies et les identifiants uniques. Lorsque vous visitez notre site Web o\u00f9 nos services et produits sont pr\u00e9sent\u00e9s, diff\u00e9rentes techniques peuvent \u00eatre utilis\u00e9es pour vous reconna\u00eetre afin d&rsquo;en apprendre davantage sur nos utilisateurs. Cela peut se faire directement ou au moyen d&rsquo;une technologie tierce.<\/p>\n\t<h4>Transferts des donn\u00e9es personnelles en dehors de l&rsquo;Espace Economique Europ\u00e9en<\/h4>\n<p>L&rsquo;utilisation du service de web conf\u00e9rence ainsi que la mise \u00e0 disposition des outils et plateformes de communication entra\u00eene la transmission de vos donn\u00e9es personnelles (noms, pr\u00e9noms et adresse \u00e9lectronique) dans un but d&rsquo;identification ainsi que l&rsquo;ensemble des donn\u00e9es \u00e9chang\u00e9es (messages, pi\u00e8ces&#8230;) \u00a0\u00e0 des fins d&rsquo;h\u00e9bergement et d&rsquo;administration aupr\u00e8s de prestataires situ\u00e9s dans des pays non-membres de l&rsquo;Espace \u00c9conomique Europ\u00e9en, aux \u00c9tats-Unis, dont la l\u00e9gislation en mati\u00e8re de protection de donn\u00e9es personnelles diff\u00e8re de celle en vigueur au sein de l&rsquo;Espace \u00c9conomique Europ\u00e9en.<\/p>\n<p>Quand nous transf\u00e9rons vos donn\u00e9es aux Etats-Unis, nous traitons vos donn\u00e9es personnelles en accord avec les termes des Clauses Contractuelles Types, qui ont \u00e9t\u00e9 \u00e9tablies par la Commission Europ\u00e9enne (d\u00e9cision 2010\/87\/UE).<\/p>\n<h4>Confidentialit\u00e9 des donn\u00e9es collect\u00e9es<\/h4>\n<p>POLYSOUDE utilise vos informations personnelles exclusivement \u00e0 des fins sp\u00e9cifiques, telles que d\u00e9crites ci-dessus. Les informations que vous nous fournissez seront tenues confidentielles et mises \u00e0 profit exclusivement dans le cadre de votre relation en tant que client avec POLYSOUDE et ses soci\u00e9t\u00e9s affili\u00e9es, et ne feront l&rsquo;objet d&rsquo;aucune cession \u00e0 un tiers pour des fins commerciales ou de prospection.<\/p>\n<h4>Droits relatifs \u00e0 vos donn\u00e9es personnelles<\/h4>\n<p>Conform\u00e9ment \u00e0 la\u00a0Loi n\u00b0 2004-801 du 6 ao\u00fbt 2004, \u00ab Loi relative \u00e0 la protection des personnes physiques \u00e0 l&rsquo;\u00e9gard des traitements de donn\u00e9es personnelles \u00bb\u00a0et modifiant la loi n\u00b0\u00a078-17 du 6 janvier 1978 \u00ab\u00a0relative \u00e0 l&rsquo;informatique, aux fichiers et aux libert\u00e9s\u00a0\u00bb, vous disposez d&rsquo;un droit d&rsquo;acc\u00e8s, de modification, de rectification et de suppression des donn\u00e9es personnelles qui vous concernent. Sur simple demande de votre part, POLYSOUDE supprimera ou modifiera les donn\u00e9es personnelles que vous lui avez fournies. Vous pouvez \u00e9galement vous opposer au traitement de vos donn\u00e9es personnelles, sous r\u00e9serve de disposer d&rsquo;un motif l\u00e9gitime.<\/p>\n<p>Si vous souhaitez faire modifier, rectifier, demander la suppression de vos donn\u00e9es personnelles, ou vous opposer au traitement de vos donn\u00e9es personnelles, veuillez adresser votre demande :<\/p>\n<ul>\n<li><strong>par courrier :<\/strong> POLYSOUDE &#8211; Service Communication &#8211; 2 rue Paul Beaup\u00e8re &#8211; 44300 Nantes<\/li>\n<li><strong>par courriel :<\/strong> gdpr.req@polysoude.com<\/li>\n<\/ul>\n<p><strong>Modifications<\/strong><\/p>\n<p>POLYSOUDE se r\u00e9serve le droit de modifier ou de compl\u00e9ter le pr\u00e9sent Engagement de Respect de la Vie Priv\u00e9e \u00e0 tout moment. Les mises \u00e0 jour de l&rsquo;Engagement de Respect de la Vie Priv\u00e9e seront signal\u00e9es sur la page d&rsquo;accueil du site.\u00a0 Toutes les modifications et tous les compl\u00e9ments apport\u00e9s au pr\u00e9sentes Mentions L\u00e9gales prennent effet d\u00e8s leur publication sur le site Web.<\/p>\n\n","protected":false},"excerpt":{"rendered":"<p>Site \u00e9dit\u00e9 par : D\u00e9nomination sociale : POLYSOUDE SAS 2 rue Paul Beaup\u00e8re, 44300 NANTES &#8211; France RCS de NANTES B 858 800 931 &nbsp; Directeur de la publication : Maria FRANCHETEAU, en sa qualit\u00e9 de Responsable Communication T\u00e9l\u00e9phone : +33 (2) 40 68 57 34 &nbsp; Site h\u00e9berg\u00e9 par : O2switch &#8211; 222 Bd [&hellip;]<\/p>\n","protected":false},"author":1,"featured_media":0,"parent":0,"menu_order":0,"comment_status":"closed","ping_status":"closed","template":"","meta":{"_acf_changed":false,"footnotes":""},"class_list":["post-8609","page","type-page","status-publish","hentry"],"acf":[],"yoast_head":"<!-- This site is optimized with the Yoast SEO plugin v27.3 - https:\/\/yoast.com\/product\/yoast-seo-wordpress\/ -->\n<title>Mentions l\u00e9gales | Polysoude<\/title>\n<meta name=\"description\" content=\"Site \u00e9dit\u00e9 par : D\u00e9nomination sociale : POLYSOUDE SAS 2 rue Paul Beaup\u00e8re, 44300 NANTES - France RCS de NANTES B 858 800 931 &nbsp; Directeur de la\" \/>\n<meta name=\"robots\" content=\"index, follow, max-snippet:-1, max-image-preview:large, max-video-preview:-1\" \/>\n<link rel=\"canonical\" href=\"https:\/\/www.polysoude.com\/fr\/mentions-legales\/\" \/>\n<meta property=\"og:locale\" content=\"fr_FR\" \/>\n<meta property=\"og:type\" content=\"article\" \/>\n<meta property=\"og:title\" content=\"Mentions l\u00e9gales | Polysoude\" \/>\n<meta property=\"og:description\" content=\"Site \u00e9dit\u00e9 par : D\u00e9nomination sociale : POLYSOUDE SAS 2 rue Paul Beaup\u00e8re, 44300 NANTES - France RCS de NANTES B 858 800 931 &nbsp; Directeur de la\" \/>\n<meta property=\"og:url\" content=\"https:\/\/www.polysoude.com\/fr\/mentions-legales\/\" \/>\n<meta property=\"og:site_name\" content=\"Polysoude\" \/>\n<meta property=\"article:publisher\" content=\"https:\/\/www.facebook.com\/Polysoude\/\" \/>\n<meta property=\"article:modified_time\" content=\"2023-08-03T12:30:10+00:00\" \/>\n<meta property=\"og:image\" content=\"https:\/\/www.polysoude.com\/wp-content\/uploads\/2022\/07\/Polysoude_Logo_signature_fond-transparent_600dpi_300mm_RVB-e1658123578778.png\" \/>\n\t<meta property=\"og:image:width\" content=\"465\" \/>\n\t<meta property=\"og:image:height\" content=\"86\" \/>\n\t<meta property=\"og:image:type\" content=\"image\/png\" \/>\n<meta name=\"twitter:card\" content=\"summary_large_image\" \/>\n<meta name=\"twitter:label1\" content=\"Dur\u00e9e de lecture estim\u00e9e\" \/>\n\t<meta name=\"twitter:data1\" content=\"8 minutes\" \/>\n<script type=\"application\/ld+json\" class=\"yoast-schema-graph\">{\"@context\":\"https:\\\/\\\/schema.org\",\"@graph\":[{\"@type\":\"WebPage\",\"@id\":\"https:\\\/\\\/www.polysoude.com\\\/fr\\\/mentions-legales\\\/\",\"url\":\"https:\\\/\\\/www.polysoude.com\\\/fr\\\/mentions-legales\\\/\",\"name\":\"Mentions l\u00e9gales | Polysoude\",\"isPartOf\":{\"@id\":\"https:\\\/\\\/www.polysoude.com\\\/fr\\\/#website\"},\"datePublished\":\"2016-10-07T12:19:48+00:00\",\"dateModified\":\"2023-08-03T12:30:10+00:00\",\"description\":\"Site \u00e9dit\u00e9 par : D\u00e9nomination sociale : POLYSOUDE SAS 2 rue Paul Beaup\u00e8re, 44300 NANTES - France RCS de NANTES B 858 800 931 &nbsp; Directeur de la\",\"breadcrumb\":{\"@id\":\"https:\\\/\\\/www.polysoude.com\\\/fr\\\/mentions-legales\\\/#breadcrumb\"},\"inLanguage\":\"fr-FR\",\"potentialAction\":[{\"@type\":\"ReadAction\",\"target\":[\"https:\\\/\\\/www.polysoude.com\\\/fr\\\/mentions-legales\\\/\"]}]},{\"@type\":\"BreadcrumbList\",\"@id\":\"https:\\\/\\\/www.polysoude.com\\\/fr\\\/mentions-legales\\\/#breadcrumb\",\"itemListElement\":[{\"@type\":\"ListItem\",\"position\":1,\"name\":\"Home\",\"item\":\"https:\\\/\\\/www.polysoude.com\\\/fr\\\/accueil\\\/\"},{\"@type\":\"ListItem\",\"position\":2,\"name\":\"Mentions l\u00e9gales\"}]},{\"@type\":\"WebSite\",\"@id\":\"https:\\\/\\\/www.polysoude.com\\\/fr\\\/#website\",\"url\":\"https:\\\/\\\/www.polysoude.com\\\/fr\\\/\",\"name\":\"Polysoude\",\"description\":\"The art of welding\",\"publisher\":{\"@id\":\"https:\\\/\\\/www.polysoude.com\\\/fr\\\/#organization\"},\"alternateName\":\"Polysoude\",\"potentialAction\":[{\"@type\":\"SearchAction\",\"target\":{\"@type\":\"EntryPoint\",\"urlTemplate\":\"https:\\\/\\\/www.polysoude.com\\\/fr\\\/?s={search_term_string}\"},\"query-input\":{\"@type\":\"PropertyValueSpecification\",\"valueRequired\":true,\"valueName\":\"search_term_string\"}}],\"inLanguage\":\"fr-FR\"},{\"@type\":\"Organization\",\"@id\":\"https:\\\/\\\/www.polysoude.com\\\/fr\\\/#organization\",\"name\":\"Polysoude\",\"alternateName\":\"Polysoude\",\"url\":\"https:\\\/\\\/www.polysoude.com\\\/fr\\\/\",\"logo\":{\"@type\":\"ImageObject\",\"inLanguage\":\"fr-FR\",\"@id\":\"https:\\\/\\\/www.polysoude.com\\\/fr\\\/#\\\/schema\\\/logo\\\/image\\\/\",\"url\":\"https:\\\/\\\/www.polysoude.com\\\/wp-content\\\/uploads\\\/2022\\\/07\\\/Polysoude_Logo_signature_fond-transparent_600dpi_300mm_RVB-e1658123578778.png\",\"contentUrl\":\"https:\\\/\\\/www.polysoude.com\\\/wp-content\\\/uploads\\\/2022\\\/07\\\/Polysoude_Logo_signature_fond-transparent_600dpi_300mm_RVB-e1658123578778.png\",\"width\":465,\"height\":86,\"caption\":\"Polysoude\"},\"image\":{\"@id\":\"https:\\\/\\\/www.polysoude.com\\\/fr\\\/#\\\/schema\\\/logo\\\/image\\\/\"},\"sameAs\":[\"https:\\\/\\\/www.facebook.com\\\/Polysoude\\\/\",\"https:\\\/\\\/www.linkedin.com\\\/company\\\/polysoude\\\/\",\"https:\\\/\\\/www.instagram.com\\\/polysoudeglobal\\\/\"]}]}<\/script>\n<!-- \/ Yoast SEO plugin. -->","yoast_head_json":{"title":"Mentions l\u00e9gales | Polysoude","description":"Site \u00e9dit\u00e9 par : D\u00e9nomination sociale : POLYSOUDE SAS 2 rue Paul Beaup\u00e8re, 44300 NANTES - France RCS de NANTES B 858 800 931 &nbsp; Directeur de la","robots":{"index":"index","follow":"follow","max-snippet":"max-snippet:-1","max-image-preview":"max-image-preview:large","max-video-preview":"max-video-preview:-1"},"canonical":"https:\/\/www.polysoude.com\/fr\/mentions-legales\/","og_locale":"fr_FR","og_type":"article","og_title":"Mentions l\u00e9gales | Polysoude","og_description":"Site \u00e9dit\u00e9 par : D\u00e9nomination sociale : POLYSOUDE SAS 2 rue Paul Beaup\u00e8re, 44300 NANTES - France RCS de NANTES B 858 800 931 &nbsp; Directeur de la","og_url":"https:\/\/www.polysoude.com\/fr\/mentions-legales\/","og_site_name":"Polysoude","article_publisher":"https:\/\/www.facebook.com\/Polysoude\/","article_modified_time":"2023-08-03T12:30:10+00:00","og_image":[{"width":465,"height":86,"url":"https:\/\/www.polysoude.com\/wp-content\/uploads\/2022\/07\/Polysoude_Logo_signature_fond-transparent_600dpi_300mm_RVB-e1658123578778.png","type":"image\/png"}],"twitter_card":"summary_large_image","twitter_misc":{"Dur\u00e9e de lecture estim\u00e9e":"8 minutes"},"schema":{"@context":"https:\/\/schema.org","@graph":[{"@type":"WebPage","@id":"https:\/\/www.polysoude.com\/fr\/mentions-legales\/","url":"https:\/\/www.polysoude.com\/fr\/mentions-legales\/","name":"Mentions l\u00e9gales | Polysoude","isPartOf":{"@id":"https:\/\/www.polysoude.com\/fr\/#website"},"datePublished":"2016-10-07T12:19:48+00:00","dateModified":"2023-08-03T12:30:10+00:00","description":"Site \u00e9dit\u00e9 par : D\u00e9nomination sociale : POLYSOUDE SAS 2 rue Paul Beaup\u00e8re, 44300 NANTES - France RCS de NANTES B 858 800 931 &nbsp; Directeur de la","breadcrumb":{"@id":"https:\/\/www.polysoude.com\/fr\/mentions-legales\/#breadcrumb"},"inLanguage":"fr-FR","potentialAction":[{"@type":"ReadAction","target":["https:\/\/www.polysoude.com\/fr\/mentions-legales\/"]}]},{"@type":"BreadcrumbList","@id":"https:\/\/www.polysoude.com\/fr\/mentions-legales\/#breadcrumb","itemListElement":[{"@type":"ListItem","position":1,"name":"Home","item":"https:\/\/www.polysoude.com\/fr\/accueil\/"},{"@type":"ListItem","position":2,"name":"Mentions l\u00e9gales"}]},{"@type":"WebSite","@id":"https:\/\/www.polysoude.com\/fr\/#website","url":"https:\/\/www.polysoude.com\/fr\/","name":"Polysoude","description":"The art of welding","publisher":{"@id":"https:\/\/www.polysoude.com\/fr\/#organization"},"alternateName":"Polysoude","potentialAction":[{"@type":"SearchAction","target":{"@type":"EntryPoint","urlTemplate":"https:\/\/www.polysoude.com\/fr\/?s={search_term_string}"},"query-input":{"@type":"PropertyValueSpecification","valueRequired":true,"valueName":"search_term_string"}}],"inLanguage":"fr-FR"},{"@type":"Organization","@id":"https:\/\/www.polysoude.com\/fr\/#organization","name":"Polysoude","alternateName":"Polysoude","url":"https:\/\/www.polysoude.com\/fr\/","logo":{"@type":"ImageObject","inLanguage":"fr-FR","@id":"https:\/\/www.polysoude.com\/fr\/#\/schema\/logo\/image\/","url":"https:\/\/www.polysoude.com\/wp-content\/uploads\/2022\/07\/Polysoude_Logo_signature_fond-transparent_600dpi_300mm_RVB-e1658123578778.png","contentUrl":"https:\/\/www.polysoude.com\/wp-content\/uploads\/2022\/07\/Polysoude_Logo_signature_fond-transparent_600dpi_300mm_RVB-e1658123578778.png","width":465,"height":86,"caption":"Polysoude"},"image":{"@id":"https:\/\/www.polysoude.com\/fr\/#\/schema\/logo\/image\/"},"sameAs":["https:\/\/www.facebook.com\/Polysoude\/","https:\/\/www.linkedin.com\/company\/polysoude\/","https:\/\/www.instagram.com\/polysoudeglobal\/"]}]}},"_links":{"self":[{"href":"https:\/\/www.polysoude.com\/fr\/wp-json\/wp\/v2\/pages\/8609","targetHints":{"allow":["GET"]}}],"collection":[{"href":"https:\/\/www.polysoude.com\/fr\/wp-json\/wp\/v2\/pages"}],"about":[{"href":"https:\/\/www.polysoude.com\/fr\/wp-json\/wp\/v2\/types\/page"}],"author":[{"embeddable":true,"href":"https:\/\/www.polysoude.com\/fr\/wp-json\/wp\/v2\/users\/1"}],"replies":[{"embeddable":true,"href":"https:\/\/www.polysoude.com\/fr\/wp-json\/wp\/v2\/comments?post=8609"}],"version-history":[{"count":10,"href":"https:\/\/www.polysoude.com\/fr\/wp-json\/wp\/v2\/pages\/8609\/revisions"}],"predecessor-version":[{"id":45568,"href":"https:\/\/www.polysoude.com\/fr\/wp-json\/wp\/v2\/pages\/8609\/revisions\/45568"}],"wp:attachment":[{"href":"https:\/\/www.polysoude.com\/fr\/wp-json\/wp\/v2\/media?parent=8609"}],"curies":[{"name":"wp","href":"https:\/\/api.w.org\/{rel}","templated":true}]}}