{"id":404,"date":"2022-04-03T10:01:29","date_gmt":"2022-04-03T08:01:29","guid":{"rendered":"http:\/\/www.polysoude.com\/?page_id=404&#038;lang=it"},"modified":"2019-07-24T11:57:49","modified_gmt":"2019-07-24T09:57:49","slug":"saldatura-orbitale-automatica","status":"publish","type":"page","link":"https:\/\/www.polysoude.com\/it\/saldatura-orbitale-automatica\/","title":{"rendered":"Saldatura orbitale e automatica"},"content":{"rendered":"<p>&nbsp;<\/p>\n<h3>I processi di saldatura orbitale TIG si evolvono in soluzioni automatiche &#8211; immagina la saldatura perfetta!<\/h3>\n<p>Polysoude fornisce una vasta gamma di impianti per la saldatura di tubi o tubi a piastre tubiere, per la saldatura orbitale TIG e soluzioni automatizzate che integrano le pi\u00f9 recenti tecnologie.<\/p>\n<p>Un impianto di saldatura orbitale generalmente \u00e8 costituito dai seguenti componenti:<\/p>\n<ul>\n<li>generatore programmabile con telecomando o con controlli integrati sulla testa<\/li>\n<li>testa di saldatura orbitale<\/li>\n<li>alimentatore filo, se richiesto dall&#8217;applicazione<\/li>\n<\/ul>\n<p><img decoding=\"async\" src=\"https:\/\/www.polysoude.com\/wp-content\/uploads\/2016\/10\/bandeau-about.jpg\" alt=\"bandeau-about\" \/><\/p>\n<p>Due utilizzatori su tre nel mondo si affidano alle soluzioni di Polysoude, garantendosi altissima qualit\u00e0 nella saldatura orbitale e massima produttivit\u00e0. Polysoude ha prodotto una gamma completa di teste di saldatura a camera aperta e chiusa e di generatori, adatti a diverse applicazioni, tra cui:<\/p>\n<ul>\n<li>saldatura tubo-tubo<\/li>\n<li>saldatura tubo-piastra<\/li>\n<li>tubi di ogni spessore, dal pi\u00f9 ridotto\u00a0al pi\u00f9 importante<\/li>\n<li>attrezzature per la saldatura per ogni applicazione<\/li>\n<\/ul>\n<p>Le teste di saldatura e le attrezzature modulari si adattano facilmente alle varie applicazioni coprendo una vasta gamma di diametri, spessori e geometrie dei pezzi da saldare.<\/p>\n<p>Per migliorare le caratteristiche generali dei prodotti, in particolare la vita utile, vengono usati di frequente materiali in leghe speciali. Solo la saldatura automatica pu\u00f2 garantire un limitato apporto di calore durante la saldatura, salvaguardando cos\u00ec le propriet\u00e0 del materiale.<\/p>\n<p>Oltre all&#8217;ampio range di impianti per la saldatura orbitale, Polysoude fornisce sistemi completamente integrati per i processi di saldatura TIG, filo caldo\/freddo, Plasma e relative combinazioni, per soddisfare tutti i vostri requisiti. Le soluzioni hardware di Polysoude, insieme alla vasta gamma di servizi relativi, vi garantiscono il raggiungimento dei vostri obiettivi di produzione.<\/p>\n<p>Progettiamo installazioni speciali in base alle esigenze del cliente. Queste installazioni sono costituite generalmente da un generatore di saldatura, un manipolatore dei pezzi, come ad esempio un posizionatore, o supporti per torni o torce, in forma di manipolatori a bandiera o robot. Inoltre, \u00e8 possibile dotare tutte le installazioni con componenti elettromeccanici e video.<\/p>\n","protected":false},"excerpt":{"rendered":"<p>&nbsp; I processi di saldatura orbitale TIG si evolvono in soluzioni automatiche &#8211; immagina la saldatura perfetta! Polysoude fornisce una vasta gamma di impianti per la saldatura di tubi o tubi a piastre tubiere, per la saldatura orbitale TIG e soluzioni automatizzate che integrano le pi\u00f9 recenti tecnologie. Un impianto di saldatura orbitale generalmente \u00e8 [&hellip;]<\/p>\n","protected":false},"author":1,"featured_media":0,"parent":0,"menu_order":0,"comment_status":"closed","ping_status":"closed","template":"page-parent.php","meta":{"_acf_changed":false,"footnotes":""},"class_list":["post-404","page","type-page","status-publish","hentry"],"acf":[],"yoast_head":"<!-- This site is optimized with the Yoast SEO plugin v27.3 - https:\/\/yoast.com\/product\/yoast-seo-wordpress\/ -->\n<title>Orbital TIG Welding Machine &amp; Equipment, Tube &amp; Pipe Welding<\/title>\n<meta name=\"description\" content=\"&nbsp; I processi di saldatura orbitale TIG si evolvono in soluzioni automatiche - immagina la saldatura perfetta! Polysoude fornisce una vasta gamma di\" \/>\n<meta name=\"robots\" content=\"index, follow, max-snippet:-1, max-image-preview:large, max-video-preview:-1\" \/>\n<link rel=\"canonical\" href=\"https:\/\/www.polysoude.com\/it\/saldatura-orbitale-automatica\/\" \/>\n<meta property=\"og:locale\" content=\"it_IT\" \/>\n<meta property=\"og:type\" content=\"article\" \/>\n<meta property=\"og:title\" content=\"Orbital TIG Welding Machine &amp; Equipment, Tube &amp; Pipe Welding\" \/>\n<meta property=\"og:description\" content=\"&nbsp; I processi di saldatura orbitale TIG si evolvono in soluzioni automatiche - immagina la saldatura perfetta! Polysoude fornisce una vasta gamma di\" \/>\n<meta property=\"og:url\" content=\"https:\/\/www.polysoude.com\/it\/saldatura-orbitale-automatica\/\" \/>\n<meta property=\"og:site_name\" content=\"Polysoude\" \/>\n<meta property=\"article:publisher\" content=\"https:\/\/www.facebook.com\/Polysoude\/\" \/>\n<meta property=\"og:image\" content=\"https:\/\/www.polysoude.com\/wp-content\/uploads\/2022\/07\/Polysoude_Logo_signature_fond-transparent_600dpi_300mm_RVB-e1658123578778.png\" \/>\n\t<meta property=\"og:image:width\" content=\"465\" \/>\n\t<meta property=\"og:image:height\" content=\"86\" \/>\n\t<meta property=\"og:image:type\" content=\"image\/png\" \/>\n<meta name=\"twitter:card\" content=\"summary_large_image\" \/>\n<meta name=\"twitter:label1\" content=\"Tempo di lettura stimato\" \/>\n\t<meta name=\"twitter:data1\" content=\"2 minutes\" \/>\n<script type=\"application\/ld+json\" class=\"yoast-schema-graph\">{\"@context\":\"https:\\\/\\\/schema.org\",\"@graph\":[{\"@type\":\"WebPage\",\"@id\":\"https:\\\/\\\/www.polysoude.com\\\/it\\\/saldatura-orbitale-automatica\\\/\",\"url\":\"https:\\\/\\\/www.polysoude.com\\\/it\\\/saldatura-orbitale-automatica\\\/\",\"name\":\"Orbital TIG Welding Machine & Equipment, Tube & Pipe Welding\",\"isPartOf\":{\"@id\":\"https:\\\/\\\/www.polysoude.com\\\/it\\\/#website\"},\"primaryImageOfPage\":{\"@id\":\"https:\\\/\\\/www.polysoude.com\\\/it\\\/saldatura-orbitale-automatica\\\/#primaryimage\"},\"image\":{\"@id\":\"https:\\\/\\\/www.polysoude.com\\\/it\\\/saldatura-orbitale-automatica\\\/#primaryimage\"},\"thumbnailUrl\":\"https:\\\/\\\/www.polysoude.com\\\/wp-content\\\/uploads\\\/2016\\\/10\\\/bandeau-about.jpg\",\"datePublished\":\"2022-04-03T08:01:29+00:00\",\"description\":\"&nbsp; I processi di saldatura orbitale TIG si evolvono in soluzioni automatiche - immagina la saldatura perfetta! Polysoude fornisce una vasta gamma di\",\"breadcrumb\":{\"@id\":\"https:\\\/\\\/www.polysoude.com\\\/it\\\/saldatura-orbitale-automatica\\\/#breadcrumb\"},\"inLanguage\":\"it-IT\",\"potentialAction\":[{\"@type\":\"ReadAction\",\"target\":[\"https:\\\/\\\/www.polysoude.com\\\/it\\\/saldatura-orbitale-automatica\\\/\"]}]},{\"@type\":\"ImageObject\",\"inLanguage\":\"it-IT\",\"@id\":\"https:\\\/\\\/www.polysoude.com\\\/it\\\/saldatura-orbitale-automatica\\\/#primaryimage\",\"url\":\"https:\\\/\\\/www.polysoude.com\\\/wp-content\\\/uploads\\\/2016\\\/10\\\/bandeau-about.jpg\",\"contentUrl\":\"https:\\\/\\\/www.polysoude.com\\\/wp-content\\\/uploads\\\/2016\\\/10\\\/bandeau-about.jpg\"},{\"@type\":\"BreadcrumbList\",\"@id\":\"https:\\\/\\\/www.polysoude.com\\\/it\\\/saldatura-orbitale-automatica\\\/#breadcrumb\",\"itemListElement\":[{\"@type\":\"ListItem\",\"position\":1,\"name\":\"Home\",\"item\":\"https:\\\/\\\/www.polysoude.com\\\/it\\\/\"},{\"@type\":\"ListItem\",\"position\":2,\"name\":\"Saldatura orbitale e automatica\"}]},{\"@type\":\"WebSite\",\"@id\":\"https:\\\/\\\/www.polysoude.com\\\/it\\\/#website\",\"url\":\"https:\\\/\\\/www.polysoude.com\\\/it\\\/\",\"name\":\"Polysoude\",\"description\":\"The art of welding\",\"publisher\":{\"@id\":\"https:\\\/\\\/www.polysoude.com\\\/it\\\/#organization\"},\"alternateName\":\"Polysoude\",\"potentialAction\":[{\"@type\":\"SearchAction\",\"target\":{\"@type\":\"EntryPoint\",\"urlTemplate\":\"https:\\\/\\\/www.polysoude.com\\\/it\\\/?s={search_term_string}\"},\"query-input\":{\"@type\":\"PropertyValueSpecification\",\"valueRequired\":true,\"valueName\":\"search_term_string\"}}],\"inLanguage\":\"it-IT\"},{\"@type\":\"Organization\",\"@id\":\"https:\\\/\\\/www.polysoude.com\\\/it\\\/#organization\",\"name\":\"Polysoude\",\"alternateName\":\"Polysoude\",\"url\":\"https:\\\/\\\/www.polysoude.com\\\/it\\\/\",\"logo\":{\"@type\":\"ImageObject\",\"inLanguage\":\"it-IT\",\"@id\":\"https:\\\/\\\/www.polysoude.com\\\/it\\\/#\\\/schema\\\/logo\\\/image\\\/\",\"url\":\"https:\\\/\\\/www.polysoude.com\\\/wp-content\\\/uploads\\\/2022\\\/07\\\/Polysoude_Logo_signature_fond-transparent_600dpi_300mm_RVB-e1658123578778.png\",\"contentUrl\":\"https:\\\/\\\/www.polysoude.com\\\/wp-content\\\/uploads\\\/2022\\\/07\\\/Polysoude_Logo_signature_fond-transparent_600dpi_300mm_RVB-e1658123578778.png\",\"width\":465,\"height\":86,\"caption\":\"Polysoude\"},\"image\":{\"@id\":\"https:\\\/\\\/www.polysoude.com\\\/it\\\/#\\\/schema\\\/logo\\\/image\\\/\"},\"sameAs\":[\"https:\\\/\\\/www.facebook.com\\\/Polysoude\\\/\",\"https:\\\/\\\/www.linkedin.com\\\/company\\\/polysoude\\\/\",\"https:\\\/\\\/www.instagram.com\\\/polysoudeglobal\\\/\"]}]}<\/script>\n<!-- \/ Yoast SEO plugin. -->","yoast_head_json":{"title":"Orbital TIG Welding Machine & Equipment, Tube & Pipe Welding","description":"&nbsp; I processi di saldatura orbitale TIG si evolvono in soluzioni automatiche - immagina la saldatura perfetta! Polysoude fornisce una vasta gamma di","robots":{"index":"index","follow":"follow","max-snippet":"max-snippet:-1","max-image-preview":"max-image-preview:large","max-video-preview":"max-video-preview:-1"},"canonical":"https:\/\/www.polysoude.com\/it\/saldatura-orbitale-automatica\/","og_locale":"it_IT","og_type":"article","og_title":"Orbital TIG Welding Machine & Equipment, Tube & Pipe Welding","og_description":"&nbsp; I processi di saldatura orbitale TIG si evolvono in soluzioni automatiche - immagina la saldatura perfetta! Polysoude fornisce una vasta gamma di","og_url":"https:\/\/www.polysoude.com\/it\/saldatura-orbitale-automatica\/","og_site_name":"Polysoude","article_publisher":"https:\/\/www.facebook.com\/Polysoude\/","og_image":[{"width":465,"height":86,"url":"https:\/\/www.polysoude.com\/wp-content\/uploads\/2022\/07\/Polysoude_Logo_signature_fond-transparent_600dpi_300mm_RVB-e1658123578778.png","type":"image\/png"}],"twitter_card":"summary_large_image","twitter_misc":{"Tempo di lettura stimato":"2 minutes"},"schema":{"@context":"https:\/\/schema.org","@graph":[{"@type":"WebPage","@id":"https:\/\/www.polysoude.com\/it\/saldatura-orbitale-automatica\/","url":"https:\/\/www.polysoude.com\/it\/saldatura-orbitale-automatica\/","name":"Orbital TIG Welding Machine & Equipment, Tube & Pipe Welding","isPartOf":{"@id":"https:\/\/www.polysoude.com\/it\/#website"},"primaryImageOfPage":{"@id":"https:\/\/www.polysoude.com\/it\/saldatura-orbitale-automatica\/#primaryimage"},"image":{"@id":"https:\/\/www.polysoude.com\/it\/saldatura-orbitale-automatica\/#primaryimage"},"thumbnailUrl":"https:\/\/www.polysoude.com\/wp-content\/uploads\/2016\/10\/bandeau-about.jpg","datePublished":"2022-04-03T08:01:29+00:00","description":"&nbsp; I processi di saldatura orbitale TIG si evolvono in soluzioni automatiche - immagina la saldatura perfetta! Polysoude fornisce una vasta gamma di","breadcrumb":{"@id":"https:\/\/www.polysoude.com\/it\/saldatura-orbitale-automatica\/#breadcrumb"},"inLanguage":"it-IT","potentialAction":[{"@type":"ReadAction","target":["https:\/\/www.polysoude.com\/it\/saldatura-orbitale-automatica\/"]}]},{"@type":"ImageObject","inLanguage":"it-IT","@id":"https:\/\/www.polysoude.com\/it\/saldatura-orbitale-automatica\/#primaryimage","url":"https:\/\/www.polysoude.com\/wp-content\/uploads\/2016\/10\/bandeau-about.jpg","contentUrl":"https:\/\/www.polysoude.com\/wp-content\/uploads\/2016\/10\/bandeau-about.jpg"},{"@type":"BreadcrumbList","@id":"https:\/\/www.polysoude.com\/it\/saldatura-orbitale-automatica\/#breadcrumb","itemListElement":[{"@type":"ListItem","position":1,"name":"Home","item":"https:\/\/www.polysoude.com\/it\/"},{"@type":"ListItem","position":2,"name":"Saldatura orbitale e automatica"}]},{"@type":"WebSite","@id":"https:\/\/www.polysoude.com\/it\/#website","url":"https:\/\/www.polysoude.com\/it\/","name":"Polysoude","description":"The art of welding","publisher":{"@id":"https:\/\/www.polysoude.com\/it\/#organization"},"alternateName":"Polysoude","potentialAction":[{"@type":"SearchAction","target":{"@type":"EntryPoint","urlTemplate":"https:\/\/www.polysoude.com\/it\/?s={search_term_string}"},"query-input":{"@type":"PropertyValueSpecification","valueRequired":true,"valueName":"search_term_string"}}],"inLanguage":"it-IT"},{"@type":"Organization","@id":"https:\/\/www.polysoude.com\/it\/#organization","name":"Polysoude","alternateName":"Polysoude","url":"https:\/\/www.polysoude.com\/it\/","logo":{"@type":"ImageObject","inLanguage":"it-IT","@id":"https:\/\/www.polysoude.com\/it\/#\/schema\/logo\/image\/","url":"https:\/\/www.polysoude.com\/wp-content\/uploads\/2022\/07\/Polysoude_Logo_signature_fond-transparent_600dpi_300mm_RVB-e1658123578778.png","contentUrl":"https:\/\/www.polysoude.com\/wp-content\/uploads\/2022\/07\/Polysoude_Logo_signature_fond-transparent_600dpi_300mm_RVB-e1658123578778.png","width":465,"height":86,"caption":"Polysoude"},"image":{"@id":"https:\/\/www.polysoude.com\/it\/#\/schema\/logo\/image\/"},"sameAs":["https:\/\/www.facebook.com\/Polysoude\/","https:\/\/www.linkedin.com\/company\/polysoude\/","https:\/\/www.instagram.com\/polysoudeglobal\/"]}]}},"_links":{"self":[{"href":"https:\/\/www.polysoude.com\/it\/wp-json\/wp\/v2\/pages\/404","targetHints":{"allow":["GET"]}}],"collection":[{"href":"https:\/\/www.polysoude.com\/it\/wp-json\/wp\/v2\/pages"}],"about":[{"href":"https:\/\/www.polysoude.com\/it\/wp-json\/wp\/v2\/types\/page"}],"author":[{"embeddable":true,"href":"https:\/\/www.polysoude.com\/it\/wp-json\/wp\/v2\/users\/1"}],"replies":[{"embeddable":true,"href":"https:\/\/www.polysoude.com\/it\/wp-json\/wp\/v2\/comments?post=404"}],"version-history":[{"count":7,"href":"https:\/\/www.polysoude.com\/it\/wp-json\/wp\/v2\/pages\/404\/revisions"}],"predecessor-version":[{"id":26318,"href":"https:\/\/www.polysoude.com\/it\/wp-json\/wp\/v2\/pages\/404\/revisions\/26318"}],"wp:attachment":[{"href":"https:\/\/www.polysoude.com\/it\/wp-json\/wp\/v2\/media?parent=404"}],"curies":[{"name":"wp","href":"https:\/\/api.w.org\/{rel}","templated":true}]}}