{"id":4319,"date":"2016-10-06T10:05:50","date_gmt":"2016-10-06T08:05:50","guid":{"rendered":"http:\/\/www.polysoude.com\/?page_id=4319"},"modified":"2019-09-06T15:40:56","modified_gmt":"2019-09-06T13:40:56","slug":"innovazione","status":"publish","type":"page","link":"https:\/\/www.polysoude.com\/it\/chi-siamo-2\/innovazione\/","title":{"rendered":"Innovazione"},"content":{"rendered":"\n\t<h4>Promozione R&amp;D<\/h4>\n<p>Negli ultimi 50 anni abbiamo accumulato un grande bagaglio di esperienze e di know how, tra cui\u00a0la comprensione dei processi di saldatura, la progettazione meccanica di strumenti, le conoscenze di elettronica e lo sviluppo di software. I tecnici e gli ingegneri del nostro Ufficio Progettazione incrementano\u00a0costantemente\u00a0la nostra capacit\u00e0 di innovare, come si pu\u00f2 vedere dalle nostre soluzioni di successo, sempre pi\u00f9 affidabili e facili da usare.<\/p>\n\t\t\t\t<img loading=\"lazy\" decoding=\"async\" src=\"https:\/\/www.polysoude.com\/wp-content\/uploads\/2016\/10\/about_innov_ng-welding.jpg\" alt=\"Polysoude Narrow Groove welding\" itemprop=\"image\" height=\"2258\" width=\"1500\" title=\"about_innov_ng-welding\" onerror=\"this.style.display='none'\"  \/>\n\t\t\t\t<img loading=\"lazy\" decoding=\"async\" src=\"https:\/\/www.polysoude.com\/wp-content\/uploads\/2016\/10\/about_innov_tiger.jpg\" alt=\"TIGer weld overlay cladding\" itemprop=\"image\" height=\"1479\" width=\"1500\" title=\"about_innov_tiger\" onerror=\"this.style.display='none'\"  \/>\n\t<h4>Un passo avanti per la qualit\u00e0<\/h4>\n<p>POLYSOUDE \u00e8 certificata\u00a0<strong>ISO 9001<\/strong>\u00a0dall&#8217;aprile 2006. Questa certificazione definisce chiaramente il nostro approccio verso il continuo miglioramento dei sistemi di qualit\u00e0, dei prodotti e dei servizi che offriamo ai nostri clienti. Si applica anche agli strumenti di prima classe che abbiamo installato per soddisfare le nostre specifiche esigenze, come la nostra Intranet, TDMS, CAD, CAM, ERP \u00a0e CRM.<\/p>\n\t\t\t\t<img loading=\"lazy\" decoding=\"async\" src=\"https:\/\/www.polysoude.com\/wp-content\/uploads\/2016\/10\/about_innov_certification_iso-9001.jpg\" alt=\"about_innov_certification_iso-9001\" itemprop=\"image\" height=\"219\" width=\"433\" title=\"about_innov_certification_iso-9001\" onerror=\"this.style.display='none'\"  \/>\n\t<h4>Gli ultimi traguardi<\/h4>\n<p>L&#8217;ultima rappresentativa innovazione di POLYSOUDE, la <strong>tecnologia TIG<sup>er<\/sup><\/strong>, \u00e8 il risultato di un ulteriore sviluppo tecnologico dal 2013. Rappresenta una variante del principio di saldatura TIG filo caldo. Numerose analisi ci hanno permesso di definire la combinazione ottimale di condizioni operative e design della torcia per ottenere i migliori livelli di performance. Il principio base si fonda sulla giustapposizione di due archi TIG, posizionati e controllati in modo da combinarsi in un unico arco con potere calorifico dato dalla somma dei due valori, ma con caratteristiche insolite per tali intensit\u00e0. Infatti, in funzione della posizione dei due elettrodi, \u00e8 possibile ridurre considerevolmente la fusione del metallo base per raggiungere tassi di diluizione che rendono il TIG<sup>er<\/sup> perfetto per le applicazioni di placcatura.<\/p>\n","protected":false},"excerpt":{"rendered":"<p>Promozione R&amp;D Negli ultimi 50 anni abbiamo accumulato un grande bagaglio di esperienze e di know how, tra cui\u00a0la comprensione dei processi di saldatura, la progettazione meccanica di strumenti, le conoscenze di elettronica e lo sviluppo di software. I tecnici e gli ingegneri del nostro Ufficio Progettazione incrementano\u00a0costantemente\u00a0la nostra capacit\u00e0 di innovare, come si pu\u00f2 [&hellip;]<\/p>\n","protected":false},"author":1,"featured_media":8437,"parent":2244,"menu_order":0,"comment_status":"closed","ping_status":"closed","template":"page-contenu.php","meta":{"_acf_changed":false,"footnotes":""},"class_list":["post-4319","page","type-page","status-publish","has-post-thumbnail","hentry"],"acf":[],"yoast_head":"<!-- This site is optimized with the Yoast SEO plugin v27.3 - https:\/\/yoast.com\/product\/yoast-seo-wordpress\/ -->\n<title>Innovazione | Polysoude<\/title>\n<meta name=\"description\" content=\"Promozione R&amp;D Negli ultimi 50 anni abbiamo accumulato un grande bagaglio di esperienze e di know how, tra cui\u00a0la comprensione dei processi di\" \/>\n<meta name=\"robots\" content=\"index, follow, max-snippet:-1, max-image-preview:large, max-video-preview:-1\" \/>\n<link rel=\"canonical\" href=\"https:\/\/www.polysoude.com\/it\/chi-siamo-2\/innovazione\/\" \/>\n<meta property=\"og:locale\" content=\"it_IT\" \/>\n<meta property=\"og:type\" content=\"article\" \/>\n<meta property=\"og:title\" content=\"Innovazione | Polysoude\" \/>\n<meta property=\"og:description\" content=\"Promozione R&amp;D Negli ultimi 50 anni abbiamo accumulato un grande bagaglio di esperienze e di know how, tra cui\u00a0la comprensione dei processi di\" \/>\n<meta property=\"og:url\" content=\"https:\/\/www.polysoude.com\/it\/chi-siamo-2\/innovazione\/\" \/>\n<meta property=\"og:site_name\" content=\"Polysoude\" \/>\n<meta property=\"article:publisher\" content=\"https:\/\/www.facebook.com\/Polysoude\/\" \/>\n<meta property=\"article:modified_time\" content=\"2019-09-06T13:40:56+00:00\" \/>\n<meta property=\"og:image\" content=\"https:\/\/www.polysoude.com\/wp-content\/uploads\/2022\/07\/Polysoude_Logo_signature_fond-transparent_600dpi_300mm_RVB-e1658123578778.png\" \/>\n\t<meta property=\"og:image:width\" content=\"465\" \/>\n\t<meta property=\"og:image:height\" content=\"86\" \/>\n\t<meta property=\"og:image:type\" content=\"image\/png\" \/>\n<meta name=\"twitter:card\" content=\"summary_large_image\" \/>\n<meta name=\"twitter:label1\" content=\"Tempo di lettura stimato\" \/>\n\t<meta name=\"twitter:data1\" content=\"1 minute\" \/>\n<script type=\"application\/ld+json\" class=\"yoast-schema-graph\">{\"@context\":\"https:\\\/\\\/schema.org\",\"@graph\":[{\"@type\":\"WebPage\",\"@id\":\"https:\\\/\\\/www.polysoude.com\\\/it\\\/chi-siamo-2\\\/innovazione\\\/\",\"url\":\"https:\\\/\\\/www.polysoude.com\\\/it\\\/chi-siamo-2\\\/innovazione\\\/\",\"name\":\"Innovazione | Polysoude\",\"isPartOf\":{\"@id\":\"https:\\\/\\\/www.polysoude.com\\\/it\\\/#website\"},\"primaryImageOfPage\":{\"@id\":\"https:\\\/\\\/www.polysoude.com\\\/it\\\/chi-siamo-2\\\/innovazione\\\/#primaryimage\"},\"image\":{\"@id\":\"https:\\\/\\\/www.polysoude.com\\\/it\\\/chi-siamo-2\\\/innovazione\\\/#primaryimage\"},\"thumbnailUrl\":\"https:\\\/\\\/www.polysoude.com\\\/wp-content\\\/uploads\\\/2016\\\/10\\\/innovation-tiger_500px.jpg\",\"datePublished\":\"2016-10-06T08:05:50+00:00\",\"dateModified\":\"2019-09-06T13:40:56+00:00\",\"description\":\"Promozione R&amp;D Negli ultimi 50 anni abbiamo accumulato un grande bagaglio di esperienze e di know how, tra cui\u00a0la comprensione dei processi di\",\"breadcrumb\":{\"@id\":\"https:\\\/\\\/www.polysoude.com\\\/it\\\/chi-siamo-2\\\/innovazione\\\/#breadcrumb\"},\"inLanguage\":\"it-IT\",\"potentialAction\":[{\"@type\":\"ReadAction\",\"target\":[\"https:\\\/\\\/www.polysoude.com\\\/it\\\/chi-siamo-2\\\/innovazione\\\/\"]}]},{\"@type\":\"ImageObject\",\"inLanguage\":\"it-IT\",\"@id\":\"https:\\\/\\\/www.polysoude.com\\\/it\\\/chi-siamo-2\\\/innovazione\\\/#primaryimage\",\"url\":\"https:\\\/\\\/www.polysoude.com\\\/wp-content\\\/uploads\\\/2016\\\/10\\\/innovation-tiger_500px.jpg\",\"contentUrl\":\"https:\\\/\\\/www.polysoude.com\\\/wp-content\\\/uploads\\\/2016\\\/10\\\/innovation-tiger_500px.jpg\",\"width\":500,\"height\":500},{\"@type\":\"BreadcrumbList\",\"@id\":\"https:\\\/\\\/www.polysoude.com\\\/it\\\/chi-siamo-2\\\/innovazione\\\/#breadcrumb\",\"itemListElement\":[{\"@type\":\"ListItem\",\"position\":1,\"name\":\"Home\",\"item\":\"https:\\\/\\\/www.polysoude.com\\\/it\\\/\"},{\"@type\":\"ListItem\",\"position\":2,\"name\":\"Chi siamo\",\"item\":\"https:\\\/\\\/www.polysoude.com\\\/it\\\/chi-siamo-2\\\/\"},{\"@type\":\"ListItem\",\"position\":3,\"name\":\"Innovazione\"}]},{\"@type\":\"WebSite\",\"@id\":\"https:\\\/\\\/www.polysoude.com\\\/it\\\/#website\",\"url\":\"https:\\\/\\\/www.polysoude.com\\\/it\\\/\",\"name\":\"Polysoude\",\"description\":\"The art of welding\",\"publisher\":{\"@id\":\"https:\\\/\\\/www.polysoude.com\\\/it\\\/#organization\"},\"alternateName\":\"Polysoude\",\"potentialAction\":[{\"@type\":\"SearchAction\",\"target\":{\"@type\":\"EntryPoint\",\"urlTemplate\":\"https:\\\/\\\/www.polysoude.com\\\/it\\\/?s={search_term_string}\"},\"query-input\":{\"@type\":\"PropertyValueSpecification\",\"valueRequired\":true,\"valueName\":\"search_term_string\"}}],\"inLanguage\":\"it-IT\"},{\"@type\":\"Organization\",\"@id\":\"https:\\\/\\\/www.polysoude.com\\\/it\\\/#organization\",\"name\":\"Polysoude\",\"alternateName\":\"Polysoude\",\"url\":\"https:\\\/\\\/www.polysoude.com\\\/it\\\/\",\"logo\":{\"@type\":\"ImageObject\",\"inLanguage\":\"it-IT\",\"@id\":\"https:\\\/\\\/www.polysoude.com\\\/it\\\/#\\\/schema\\\/logo\\\/image\\\/\",\"url\":\"https:\\\/\\\/www.polysoude.com\\\/wp-content\\\/uploads\\\/2022\\\/07\\\/Polysoude_Logo_signature_fond-transparent_600dpi_300mm_RVB-e1658123578778.png\",\"contentUrl\":\"https:\\\/\\\/www.polysoude.com\\\/wp-content\\\/uploads\\\/2022\\\/07\\\/Polysoude_Logo_signature_fond-transparent_600dpi_300mm_RVB-e1658123578778.png\",\"width\":465,\"height\":86,\"caption\":\"Polysoude\"},\"image\":{\"@id\":\"https:\\\/\\\/www.polysoude.com\\\/it\\\/#\\\/schema\\\/logo\\\/image\\\/\"},\"sameAs\":[\"https:\\\/\\\/www.facebook.com\\\/Polysoude\\\/\",\"https:\\\/\\\/www.linkedin.com\\\/company\\\/polysoude\\\/\",\"https:\\\/\\\/www.instagram.com\\\/polysoudeglobal\\\/\"]}]}<\/script>\n<!-- \/ Yoast SEO plugin. -->","yoast_head_json":{"title":"Innovazione | Polysoude","description":"Promozione R&amp;D Negli ultimi 50 anni abbiamo accumulato un grande bagaglio di esperienze e di know how, tra cui\u00a0la comprensione dei processi di","robots":{"index":"index","follow":"follow","max-snippet":"max-snippet:-1","max-image-preview":"max-image-preview:large","max-video-preview":"max-video-preview:-1"},"canonical":"https:\/\/www.polysoude.com\/it\/chi-siamo-2\/innovazione\/","og_locale":"it_IT","og_type":"article","og_title":"Innovazione | Polysoude","og_description":"Promozione R&amp;D Negli ultimi 50 anni abbiamo accumulato un grande bagaglio di esperienze e di know how, tra cui\u00a0la comprensione dei processi di","og_url":"https:\/\/www.polysoude.com\/it\/chi-siamo-2\/innovazione\/","og_site_name":"Polysoude","article_publisher":"https:\/\/www.facebook.com\/Polysoude\/","article_modified_time":"2019-09-06T13:40:56+00:00","og_image":[{"width":465,"height":86,"url":"https:\/\/www.polysoude.com\/wp-content\/uploads\/2022\/07\/Polysoude_Logo_signature_fond-transparent_600dpi_300mm_RVB-e1658123578778.png","type":"image\/png"}],"twitter_card":"summary_large_image","twitter_misc":{"Tempo di lettura stimato":"1 minute"},"schema":{"@context":"https:\/\/schema.org","@graph":[{"@type":"WebPage","@id":"https:\/\/www.polysoude.com\/it\/chi-siamo-2\/innovazione\/","url":"https:\/\/www.polysoude.com\/it\/chi-siamo-2\/innovazione\/","name":"Innovazione | Polysoude","isPartOf":{"@id":"https:\/\/www.polysoude.com\/it\/#website"},"primaryImageOfPage":{"@id":"https:\/\/www.polysoude.com\/it\/chi-siamo-2\/innovazione\/#primaryimage"},"image":{"@id":"https:\/\/www.polysoude.com\/it\/chi-siamo-2\/innovazione\/#primaryimage"},"thumbnailUrl":"https:\/\/www.polysoude.com\/wp-content\/uploads\/2016\/10\/innovation-tiger_500px.jpg","datePublished":"2016-10-06T08:05:50+00:00","dateModified":"2019-09-06T13:40:56+00:00","description":"Promozione R&amp;D Negli ultimi 50 anni abbiamo accumulato un grande bagaglio di esperienze e di know how, tra cui\u00a0la comprensione dei processi di","breadcrumb":{"@id":"https:\/\/www.polysoude.com\/it\/chi-siamo-2\/innovazione\/#breadcrumb"},"inLanguage":"it-IT","potentialAction":[{"@type":"ReadAction","target":["https:\/\/www.polysoude.com\/it\/chi-siamo-2\/innovazione\/"]}]},{"@type":"ImageObject","inLanguage":"it-IT","@id":"https:\/\/www.polysoude.com\/it\/chi-siamo-2\/innovazione\/#primaryimage","url":"https:\/\/www.polysoude.com\/wp-content\/uploads\/2016\/10\/innovation-tiger_500px.jpg","contentUrl":"https:\/\/www.polysoude.com\/wp-content\/uploads\/2016\/10\/innovation-tiger_500px.jpg","width":500,"height":500},{"@type":"BreadcrumbList","@id":"https:\/\/www.polysoude.com\/it\/chi-siamo-2\/innovazione\/#breadcrumb","itemListElement":[{"@type":"ListItem","position":1,"name":"Home","item":"https:\/\/www.polysoude.com\/it\/"},{"@type":"ListItem","position":2,"name":"Chi siamo","item":"https:\/\/www.polysoude.com\/it\/chi-siamo-2\/"},{"@type":"ListItem","position":3,"name":"Innovazione"}]},{"@type":"WebSite","@id":"https:\/\/www.polysoude.com\/it\/#website","url":"https:\/\/www.polysoude.com\/it\/","name":"Polysoude","description":"The art of welding","publisher":{"@id":"https:\/\/www.polysoude.com\/it\/#organization"},"alternateName":"Polysoude","potentialAction":[{"@type":"SearchAction","target":{"@type":"EntryPoint","urlTemplate":"https:\/\/www.polysoude.com\/it\/?s={search_term_string}"},"query-input":{"@type":"PropertyValueSpecification","valueRequired":true,"valueName":"search_term_string"}}],"inLanguage":"it-IT"},{"@type":"Organization","@id":"https:\/\/www.polysoude.com\/it\/#organization","name":"Polysoude","alternateName":"Polysoude","url":"https:\/\/www.polysoude.com\/it\/","logo":{"@type":"ImageObject","inLanguage":"it-IT","@id":"https:\/\/www.polysoude.com\/it\/#\/schema\/logo\/image\/","url":"https:\/\/www.polysoude.com\/wp-content\/uploads\/2022\/07\/Polysoude_Logo_signature_fond-transparent_600dpi_300mm_RVB-e1658123578778.png","contentUrl":"https:\/\/www.polysoude.com\/wp-content\/uploads\/2022\/07\/Polysoude_Logo_signature_fond-transparent_600dpi_300mm_RVB-e1658123578778.png","width":465,"height":86,"caption":"Polysoude"},"image":{"@id":"https:\/\/www.polysoude.com\/it\/#\/schema\/logo\/image\/"},"sameAs":["https:\/\/www.facebook.com\/Polysoude\/","https:\/\/www.linkedin.com\/company\/polysoude\/","https:\/\/www.instagram.com\/polysoudeglobal\/"]}]}},"_links":{"self":[{"href":"https:\/\/www.polysoude.com\/it\/wp-json\/wp\/v2\/pages\/4319","targetHints":{"allow":["GET"]}}],"collection":[{"href":"https:\/\/www.polysoude.com\/it\/wp-json\/wp\/v2\/pages"}],"about":[{"href":"https:\/\/www.polysoude.com\/it\/wp-json\/wp\/v2\/types\/page"}],"author":[{"embeddable":true,"href":"https:\/\/www.polysoude.com\/it\/wp-json\/wp\/v2\/users\/1"}],"replies":[{"embeddable":true,"href":"https:\/\/www.polysoude.com\/it\/wp-json\/wp\/v2\/comments?post=4319"}],"version-history":[{"count":6,"href":"https:\/\/www.polysoude.com\/it\/wp-json\/wp\/v2\/pages\/4319\/revisions"}],"predecessor-version":[{"id":26895,"href":"https:\/\/www.polysoude.com\/it\/wp-json\/wp\/v2\/pages\/4319\/revisions\/26895"}],"up":[{"embeddable":true,"href":"https:\/\/www.polysoude.com\/it\/wp-json\/wp\/v2\/pages\/2244"}],"wp:featuredmedia":[{"embeddable":true,"href":"https:\/\/www.polysoude.com\/it\/wp-json\/wp\/v2\/media\/8437"}],"wp:attachment":[{"href":"https:\/\/www.polysoude.com\/it\/wp-json\/wp\/v2\/media?parent=4319"}],"curies":[{"name":"wp","href":"https:\/\/api.w.org\/{rel}","templated":true}]}}