{"id":4329,"date":"2016-10-06T10:04:01","date_gmt":"2016-10-06T08:04:01","guid":{"rendered":"http:\/\/www.polysoude.com\/?page_id=4329"},"modified":"2024-07-29T15:45:37","modified_gmt":"2024-07-29T13:45:37","slug":"assistenza-tecnica","status":"publish","type":"page","link":"https:\/\/www.polysoude.com\/it\/assistenza-noleggio-ricambi\/assistenza-tecnica\/","title":{"rendered":"Assistenza tecnica"},"content":{"rendered":"\n<h1>\n\t\tI nostri esperti di saldatura nella vostra sede!\n\t<\/h1>\n\t\t\t\t<img loading=\"lazy\" decoding=\"async\" src=\"https:\/\/www.polysoude.com\/wp-content\/uploads\/2016\/10\/services_welding-expertise-300x251.jpg\" alt=\"services_welding-expertise\" height=\"251\" width=\"300\" title=\"services_welding-expertise\" \/>\n\t<h4>Cosa possiamo offrire:<\/h4>\n<ul>\n<li>25 esperti in saldatura di primo livello disponibili ad assistervi presso la vostra sede<\/li>\n<li>La pi\u00f9 avanzata tecnologia di saldatura ad arco<\/li>\n<li>Uso delle tecniche pi\u00f9 recenti<\/li>\n<li>Garanzia di saldature di altissima qualit\u00e0<\/li>\n<li>Soluzioni per ottimizzare la produttivit\u00e0 e la qualit\u00e0 delle saldature<\/li>\n<li>Manutenzione preventiva e riparazioni<\/li>\n<li>Formazione avanzata degli operatori<\/li>\n<li>Risoluzione problemi<\/li>\n<\/ul>\n<h1>\n\t\tSupporto remoto &#8211; come se fossimo l\u00ec con voi! \n\t<\/h1>\n\t\t\t\t<img loading=\"lazy\" decoding=\"async\" src=\"https:\/\/www.polysoude.com\/wp-content\/uploads\/2016\/10\/services-remote-assistance-en.jpg\" alt=\"services-remote-assistance-en\" height=\"251\" width=\"266\" title=\"services-remote-assistance-en\" \/>\n\t<h4>Come funziona?<\/h4>\n<p>Possiamo aiutarvi sia telefonicamente sia tramite internet o accedere in remoto al computer di controllo per verificare le impostazioni del software POLYSOUDE!<\/p>\n<p>Quali sono i vantaggi?<\/p>\n<ul>\n<li>Risposte immediate che minimizzano i fermi macchina<\/li>\n<li>Consigli per l&#8217;efficienza dei programmi di saldatura<\/li>\n<li>Diagnostica remota e risoluzione problemi immediata<\/li>\n<li>Assistenza telefonica multilingue disponibile<\/li>\n<\/ul>\n\n","protected":false},"excerpt":{"rendered":"<p>I nostri esperti di saldatura nella vostra sede! Cosa possiamo offrire: 25 esperti in saldatura di primo livello disponibili ad assistervi presso la vostra sede La pi\u00f9 avanzata tecnologia di saldatura ad arco Uso delle tecniche pi\u00f9 recenti Garanzia di saldature di altissima qualit\u00e0 Soluzioni per ottimizzare la produttivit\u00e0 e la qualit\u00e0 delle saldature Manutenzione [&hellip;]<\/p>\n","protected":false},"author":1,"featured_media":2051,"parent":4303,"menu_order":0,"comment_status":"closed","ping_status":"closed","template":"page-contenu.php","meta":{"_acf_changed":false,"footnotes":""},"class_list":["post-4329","page","type-page","status-publish","has-post-thumbnail","hentry"],"acf":[],"yoast_head":"<!-- This site is optimized with the Yoast SEO plugin v27.3 - https:\/\/yoast.com\/product\/yoast-seo-wordpress\/ -->\n<title>Assistenza tecnica | Polysoude<\/title>\n<meta name=\"description\" content=\"I nostri esperti di saldatura nella vostra sede! Cosa possiamo offrire: 25 esperti in saldatura di primo livello disponibili ad assistervi presso la\" \/>\n<meta name=\"robots\" content=\"index, follow, max-snippet:-1, max-image-preview:large, max-video-preview:-1\" \/>\n<link rel=\"canonical\" href=\"https:\/\/www.polysoude.com\/it\/assistenza-noleggio-ricambi\/assistenza-tecnica\/\" \/>\n<meta property=\"og:locale\" content=\"it_IT\" \/>\n<meta property=\"og:type\" content=\"article\" \/>\n<meta property=\"og:title\" content=\"Assistenza tecnica | Polysoude\" \/>\n<meta property=\"og:description\" content=\"I nostri esperti di saldatura nella vostra sede! Cosa possiamo offrire: 25 esperti in saldatura di primo livello disponibili ad assistervi presso la\" \/>\n<meta property=\"og:url\" content=\"https:\/\/www.polysoude.com\/it\/assistenza-noleggio-ricambi\/assistenza-tecnica\/\" \/>\n<meta property=\"og:site_name\" content=\"Polysoude\" \/>\n<meta property=\"article:publisher\" content=\"https:\/\/www.facebook.com\/Polysoude\/\" \/>\n<meta property=\"article:modified_time\" content=\"2024-07-29T13:45:37+00:00\" \/>\n<meta property=\"og:image\" content=\"https:\/\/www.polysoude.com\/wp-content\/uploads\/2022\/07\/Polysoude_Logo_signature_fond-transparent_600dpi_300mm_RVB-e1658123578778.png\" \/>\n\t<meta property=\"og:image:width\" content=\"465\" \/>\n\t<meta property=\"og:image:height\" content=\"86\" \/>\n\t<meta property=\"og:image:type\" content=\"image\/png\" \/>\n<meta name=\"twitter:card\" content=\"summary_large_image\" \/>\n<meta name=\"twitter:label1\" content=\"Tempo di lettura stimato\" \/>\n\t<meta name=\"twitter:data1\" content=\"1 minute\" \/>\n<script type=\"application\/ld+json\" class=\"yoast-schema-graph\">{\"@context\":\"https:\\\/\\\/schema.org\",\"@graph\":[{\"@type\":\"WebPage\",\"@id\":\"https:\\\/\\\/www.polysoude.com\\\/it\\\/assistenza-noleggio-ricambi\\\/assistenza-tecnica\\\/\",\"url\":\"https:\\\/\\\/www.polysoude.com\\\/it\\\/assistenza-noleggio-ricambi\\\/assistenza-tecnica\\\/\",\"name\":\"Assistenza tecnica | Polysoude\",\"isPartOf\":{\"@id\":\"https:\\\/\\\/www.polysoude.com\\\/it\\\/#website\"},\"primaryImageOfPage\":{\"@id\":\"https:\\\/\\\/www.polysoude.com\\\/it\\\/assistenza-noleggio-ricambi\\\/assistenza-tecnica\\\/#primaryimage\"},\"image\":{\"@id\":\"https:\\\/\\\/www.polysoude.com\\\/it\\\/assistenza-noleggio-ricambi\\\/assistenza-tecnica\\\/#primaryimage\"},\"thumbnailUrl\":\"https:\\\/\\\/www.polysoude.com\\\/wp-content\\\/uploads\\\/2016\\\/10\\\/services_welding-expertise.jpg\",\"datePublished\":\"2016-10-06T08:04:01+00:00\",\"dateModified\":\"2024-07-29T13:45:37+00:00\",\"description\":\"I nostri esperti di saldatura nella vostra sede! Cosa possiamo offrire: 25 esperti in saldatura di primo livello disponibili ad assistervi presso la\",\"breadcrumb\":{\"@id\":\"https:\\\/\\\/www.polysoude.com\\\/it\\\/assistenza-noleggio-ricambi\\\/assistenza-tecnica\\\/#breadcrumb\"},\"inLanguage\":\"it-IT\",\"potentialAction\":[{\"@type\":\"ReadAction\",\"target\":[\"https:\\\/\\\/www.polysoude.com\\\/it\\\/assistenza-noleggio-ricambi\\\/assistenza-tecnica\\\/\"]}]},{\"@type\":\"ImageObject\",\"inLanguage\":\"it-IT\",\"@id\":\"https:\\\/\\\/www.polysoude.com\\\/it\\\/assistenza-noleggio-ricambi\\\/assistenza-tecnica\\\/#primaryimage\",\"url\":\"https:\\\/\\\/www.polysoude.com\\\/wp-content\\\/uploads\\\/2016\\\/10\\\/services_welding-expertise.jpg\",\"contentUrl\":\"https:\\\/\\\/www.polysoude.com\\\/wp-content\\\/uploads\\\/2016\\\/10\\\/services_welding-expertise.jpg\",\"width\":598,\"height\":500},{\"@type\":\"BreadcrumbList\",\"@id\":\"https:\\\/\\\/www.polysoude.com\\\/it\\\/assistenza-noleggio-ricambi\\\/assistenza-tecnica\\\/#breadcrumb\",\"itemListElement\":[{\"@type\":\"ListItem\",\"position\":1,\"name\":\"Home\",\"item\":\"https:\\\/\\\/www.polysoude.com\\\/it\\\/\"},{\"@type\":\"ListItem\",\"position\":2,\"name\":\"Assistenza \\\/ Noleggio \\\/ Ricambi\",\"item\":\"https:\\\/\\\/www.polysoude.com\\\/it\\\/assistenza-noleggio-ricambi\\\/\"},{\"@type\":\"ListItem\",\"position\":3,\"name\":\"Assistenza tecnica\"}]},{\"@type\":\"WebSite\",\"@id\":\"https:\\\/\\\/www.polysoude.com\\\/it\\\/#website\",\"url\":\"https:\\\/\\\/www.polysoude.com\\\/it\\\/\",\"name\":\"Polysoude\",\"description\":\"The art of welding\",\"publisher\":{\"@id\":\"https:\\\/\\\/www.polysoude.com\\\/it\\\/#organization\"},\"alternateName\":\"Polysoude\",\"potentialAction\":[{\"@type\":\"SearchAction\",\"target\":{\"@type\":\"EntryPoint\",\"urlTemplate\":\"https:\\\/\\\/www.polysoude.com\\\/it\\\/?s={search_term_string}\"},\"query-input\":{\"@type\":\"PropertyValueSpecification\",\"valueRequired\":true,\"valueName\":\"search_term_string\"}}],\"inLanguage\":\"it-IT\"},{\"@type\":\"Organization\",\"@id\":\"https:\\\/\\\/www.polysoude.com\\\/it\\\/#organization\",\"name\":\"Polysoude\",\"alternateName\":\"Polysoude\",\"url\":\"https:\\\/\\\/www.polysoude.com\\\/it\\\/\",\"logo\":{\"@type\":\"ImageObject\",\"inLanguage\":\"it-IT\",\"@id\":\"https:\\\/\\\/www.polysoude.com\\\/it\\\/#\\\/schema\\\/logo\\\/image\\\/\",\"url\":\"https:\\\/\\\/www.polysoude.com\\\/wp-content\\\/uploads\\\/2022\\\/07\\\/Polysoude_Logo_signature_fond-transparent_600dpi_300mm_RVB-e1658123578778.png\",\"contentUrl\":\"https:\\\/\\\/www.polysoude.com\\\/wp-content\\\/uploads\\\/2022\\\/07\\\/Polysoude_Logo_signature_fond-transparent_600dpi_300mm_RVB-e1658123578778.png\",\"width\":465,\"height\":86,\"caption\":\"Polysoude\"},\"image\":{\"@id\":\"https:\\\/\\\/www.polysoude.com\\\/it\\\/#\\\/schema\\\/logo\\\/image\\\/\"},\"sameAs\":[\"https:\\\/\\\/www.facebook.com\\\/Polysoude\\\/\",\"https:\\\/\\\/www.linkedin.com\\\/company\\\/polysoude\\\/\",\"https:\\\/\\\/www.instagram.com\\\/polysoudeglobal\\\/\"]}]}<\/script>\n<!-- \/ Yoast SEO plugin. -->","yoast_head_json":{"title":"Assistenza tecnica | Polysoude","description":"I nostri esperti di saldatura nella vostra sede! Cosa possiamo offrire: 25 esperti in saldatura di primo livello disponibili ad assistervi presso la","robots":{"index":"index","follow":"follow","max-snippet":"max-snippet:-1","max-image-preview":"max-image-preview:large","max-video-preview":"max-video-preview:-1"},"canonical":"https:\/\/www.polysoude.com\/it\/assistenza-noleggio-ricambi\/assistenza-tecnica\/","og_locale":"it_IT","og_type":"article","og_title":"Assistenza tecnica | Polysoude","og_description":"I nostri esperti di saldatura nella vostra sede! Cosa possiamo offrire: 25 esperti in saldatura di primo livello disponibili ad assistervi presso la","og_url":"https:\/\/www.polysoude.com\/it\/assistenza-noleggio-ricambi\/assistenza-tecnica\/","og_site_name":"Polysoude","article_publisher":"https:\/\/www.facebook.com\/Polysoude\/","article_modified_time":"2024-07-29T13:45:37+00:00","og_image":[{"width":465,"height":86,"url":"https:\/\/www.polysoude.com\/wp-content\/uploads\/2022\/07\/Polysoude_Logo_signature_fond-transparent_600dpi_300mm_RVB-e1658123578778.png","type":"image\/png"}],"twitter_card":"summary_large_image","twitter_misc":{"Tempo di lettura stimato":"1 minute"},"schema":{"@context":"https:\/\/schema.org","@graph":[{"@type":"WebPage","@id":"https:\/\/www.polysoude.com\/it\/assistenza-noleggio-ricambi\/assistenza-tecnica\/","url":"https:\/\/www.polysoude.com\/it\/assistenza-noleggio-ricambi\/assistenza-tecnica\/","name":"Assistenza tecnica | Polysoude","isPartOf":{"@id":"https:\/\/www.polysoude.com\/it\/#website"},"primaryImageOfPage":{"@id":"https:\/\/www.polysoude.com\/it\/assistenza-noleggio-ricambi\/assistenza-tecnica\/#primaryimage"},"image":{"@id":"https:\/\/www.polysoude.com\/it\/assistenza-noleggio-ricambi\/assistenza-tecnica\/#primaryimage"},"thumbnailUrl":"https:\/\/www.polysoude.com\/wp-content\/uploads\/2016\/10\/services_welding-expertise.jpg","datePublished":"2016-10-06T08:04:01+00:00","dateModified":"2024-07-29T13:45:37+00:00","description":"I nostri esperti di saldatura nella vostra sede! Cosa possiamo offrire: 25 esperti in saldatura di primo livello disponibili ad assistervi presso la","breadcrumb":{"@id":"https:\/\/www.polysoude.com\/it\/assistenza-noleggio-ricambi\/assistenza-tecnica\/#breadcrumb"},"inLanguage":"it-IT","potentialAction":[{"@type":"ReadAction","target":["https:\/\/www.polysoude.com\/it\/assistenza-noleggio-ricambi\/assistenza-tecnica\/"]}]},{"@type":"ImageObject","inLanguage":"it-IT","@id":"https:\/\/www.polysoude.com\/it\/assistenza-noleggio-ricambi\/assistenza-tecnica\/#primaryimage","url":"https:\/\/www.polysoude.com\/wp-content\/uploads\/2016\/10\/services_welding-expertise.jpg","contentUrl":"https:\/\/www.polysoude.com\/wp-content\/uploads\/2016\/10\/services_welding-expertise.jpg","width":598,"height":500},{"@type":"BreadcrumbList","@id":"https:\/\/www.polysoude.com\/it\/assistenza-noleggio-ricambi\/assistenza-tecnica\/#breadcrumb","itemListElement":[{"@type":"ListItem","position":1,"name":"Home","item":"https:\/\/www.polysoude.com\/it\/"},{"@type":"ListItem","position":2,"name":"Assistenza \/ Noleggio \/ Ricambi","item":"https:\/\/www.polysoude.com\/it\/assistenza-noleggio-ricambi\/"},{"@type":"ListItem","position":3,"name":"Assistenza tecnica"}]},{"@type":"WebSite","@id":"https:\/\/www.polysoude.com\/it\/#website","url":"https:\/\/www.polysoude.com\/it\/","name":"Polysoude","description":"The art of welding","publisher":{"@id":"https:\/\/www.polysoude.com\/it\/#organization"},"alternateName":"Polysoude","potentialAction":[{"@type":"SearchAction","target":{"@type":"EntryPoint","urlTemplate":"https:\/\/www.polysoude.com\/it\/?s={search_term_string}"},"query-input":{"@type":"PropertyValueSpecification","valueRequired":true,"valueName":"search_term_string"}}],"inLanguage":"it-IT"},{"@type":"Organization","@id":"https:\/\/www.polysoude.com\/it\/#organization","name":"Polysoude","alternateName":"Polysoude","url":"https:\/\/www.polysoude.com\/it\/","logo":{"@type":"ImageObject","inLanguage":"it-IT","@id":"https:\/\/www.polysoude.com\/it\/#\/schema\/logo\/image\/","url":"https:\/\/www.polysoude.com\/wp-content\/uploads\/2022\/07\/Polysoude_Logo_signature_fond-transparent_600dpi_300mm_RVB-e1658123578778.png","contentUrl":"https:\/\/www.polysoude.com\/wp-content\/uploads\/2022\/07\/Polysoude_Logo_signature_fond-transparent_600dpi_300mm_RVB-e1658123578778.png","width":465,"height":86,"caption":"Polysoude"},"image":{"@id":"https:\/\/www.polysoude.com\/it\/#\/schema\/logo\/image\/"},"sameAs":["https:\/\/www.facebook.com\/Polysoude\/","https:\/\/www.linkedin.com\/company\/polysoude\/","https:\/\/www.instagram.com\/polysoudeglobal\/"]}]}},"_links":{"self":[{"href":"https:\/\/www.polysoude.com\/it\/wp-json\/wp\/v2\/pages\/4329","targetHints":{"allow":["GET"]}}],"collection":[{"href":"https:\/\/www.polysoude.com\/it\/wp-json\/wp\/v2\/pages"}],"about":[{"href":"https:\/\/www.polysoude.com\/it\/wp-json\/wp\/v2\/types\/page"}],"author":[{"embeddable":true,"href":"https:\/\/www.polysoude.com\/it\/wp-json\/wp\/v2\/users\/1"}],"replies":[{"embeddable":true,"href":"https:\/\/www.polysoude.com\/it\/wp-json\/wp\/v2\/comments?post=4329"}],"version-history":[{"count":7,"href":"https:\/\/www.polysoude.com\/it\/wp-json\/wp\/v2\/pages\/4329\/revisions"}],"predecessor-version":[{"id":48491,"href":"https:\/\/www.polysoude.com\/it\/wp-json\/wp\/v2\/pages\/4329\/revisions\/48491"}],"up":[{"embeddable":true,"href":"https:\/\/www.polysoude.com\/it\/wp-json\/wp\/v2\/pages\/4303"}],"wp:featuredmedia":[{"embeddable":true,"href":"https:\/\/www.polysoude.com\/it\/wp-json\/wp\/v2\/media\/2051"}],"wp:attachment":[{"href":"https:\/\/www.polysoude.com\/it\/wp-json\/wp\/v2\/media?parent=4329"}],"curies":[{"name":"wp","href":"https:\/\/api.w.org\/{rel}","templated":true}]}}