{"id":4335,"date":"2016-10-06T10:04:33","date_gmt":"2016-10-06T08:04:33","guid":{"rendered":"http:\/\/www.polysoude.com\/?page_id=4335"},"modified":"2024-07-29T15:48:54","modified_gmt":"2024-07-29T13:48:54","slug":"manutenzione-calibrazione-riparazione","status":"publish","type":"page","link":"https:\/\/www.polysoude.com\/it\/assistenza-noleggio-ricambi\/manutenzione-calibrazione-riparazione\/","title":{"rendered":"Manutenzione, calibrazione e riparazione"},"content":{"rendered":"\n\n\t<p>Il Piano di Manutenzione Preventiva di POLYSOUDE aumenter\u00e0 il tasso di produttivit\u00e0 del vostro impianto ed \u00e8 il modo ideale per proteggere il vostro investimento.<\/p>\n<p>I nostri tecnici possono eseguire la manutenzione o riparazione dei vostri impianti presso POLYSOUDE o nella vostra struttura e, se necessario, \u00e8 possibile noleggiare generatori o teste di saldatura durante la procedura.<\/p>\n\t<h4>Servizi di manutenzione disponibili:<\/h4>\n<ul>\n<li>Programmi di manutenzione preventiva\u00a0<strong>Premium service<\/strong><\/li>\n<li><strong>Revisione completa<\/strong> dell&#8217;impianto e calibrazione<\/li>\n<li><strong>Consulenza <\/strong>su parti di ricambio e consumabili consigliati da tenere presso la sede del cliente<\/li>\n<li>Garanzia della<strong> massima disponibilit\u00e0 <\/strong>del vostro impianto grazie a un piano previsto di manutenzione a basso costo<\/li>\n<li>Servizi di manutenzione <strong>pianificati individualmente<\/strong>\u00a0mirati alla soddisfazione del cliente<\/li>\n<\/ul>\n\t<h4>Calibrazione<\/h4>\n<p>POLYSOUDE offre la calibrazione dei vostri generatori tramite strumenti di misura accreditati\u00a0<strong>BS EN ISO 9001<\/strong>, gli stessi che usiamo in produzione. Pertanto i vostri generatori sono calibrati con la stessa certificazione.<\/p>\n<ul>\n<li>Tutti i generatori vengono <strong>calibrati attraverso un range di corrente<\/strong>, misurando sia l&#8217;amperaggio sia il voltaggio in uscita in vari punti.<\/li>\n<li>Vengono <strong>realizzati regolarmente dei test<\/strong> sul generatore stesso per assicurarsi che non ci siano fattori esterni che influenzano la performance.<\/li>\n<li>Solo<strong> tecnici esperti di POLYSOUDE<\/strong> apportano modifiche e correzioni, garantendone l&#8217;efficacia.<\/li>\n<li>Viene rilasciato un<strong> certificato di calibrazione<\/strong> per ogni generatore.<\/li>\n<\/ul>\n\t<h4>I vantaggi del nostro servizio riparazioni<\/h4>\n<ul>\n<li>La flessibilit\u00e0 di intervenire globalmente, presso un laboratorio POLYSOUDE o nella vostra sede.<\/li>\n<li>Garanzia di riparazioni di qualit\u00e0:\n<ul>\n<li>Le riparazioni sono eseguite direttamente dal produttore<\/li>\n<li>Vengono usati ricambi originali Polysoude<\/li>\n<li>Le verifiche degli impianti vengono eseguite secondo gli standard originali di produzione<\/li>\n<\/ul>\n<\/li>\n<li>Servizio di exchange per schede elettroniche rigenerate a costi ridotti<\/li>\n<li>Disponibilit\u00e0 di impianti a noleggio durante il tempo della riparazione<\/li>\n<\/ul>\n\t\t\t\t<img loading=\"lazy\" decoding=\"async\" src=\"https:\/\/www.polysoude.com\/wp-content\/uploads\/2016\/10\/services-maintenance-calibration-300x225.jpg\" alt=\"services-maintenance-calibration\" height=\"225\" width=\"300\" title=\"services-maintenance-calibration\" \/>\n\t\t\t\t<img loading=\"lazy\" decoding=\"async\" src=\"https:\/\/www.polysoude.com\/wp-content\/uploads\/2016\/10\/services-calibration-2-300x190.jpg\" alt=\"services-calibration\" height=\"190\" width=\"300\" title=\"services-calibration\" \/>\n\t\t\t\t<img loading=\"lazy\" decoding=\"async\" src=\"https:\/\/www.polysoude.com\/wp-content\/uploads\/2016\/10\/service-repair-300x225.jpg\" alt=\"service-repair\" height=\"225\" width=\"300\" title=\"service-repair\" \/>\n\t<h3>DI CUI HAI BISOGNO PER RESTITUIRE L&#8217;ATTREZZATURA ?<\/h3>\n<p>Apri e compila il modulo sottostante e noi procederemo alla tua richiesta in ogni momento, ovunque tu sia! (prima di inviarlo, assicurati che tutti i campi obbligatori siano compilati)<\/p>\n\t\t\t<a href=\"https:\/\/www.polysoude.com\/wp-content\/uploads\/2024\/07\/SAV_FOR_Return-equipment_EN.pdf\" target=\"_blank\" role=\"button\" rel=\"noopener nofollow\">\n\t\t\t\t\t\tModulo di restituzione dell&#8217;attrezzatura (EN)\n\t\t\t\t\t<\/a>\n\t\t\t<a href=\"https:\/\/www.polysoude.com\/wp-content\/uploads\/2024\/07\/SAV_FOR_Return-equipment_FR.pdf\" target=\"_blank\" role=\"button\" rel=\"noopener nofollow\">\n\t\t\t\t\t\tModulo di restituzione dell&#8217;attrezzatura (FR)\n\t\t\t\t\t<\/a>\n\n","protected":false},"excerpt":{"rendered":"<p>Il Piano di Manutenzione Preventiva di POLYSOUDE aumenter\u00e0 il tasso di produttivit\u00e0 del vostro impianto ed \u00e8 il modo ideale per proteggere il vostro investimento. I nostri tecnici possono eseguire la manutenzione o riparazione dei vostri impianti presso POLYSOUDE o nella vostra struttura e, se necessario, \u00e8 possibile noleggiare generatori o teste di saldatura durante [&hellip;]<\/p>\n","protected":false},"author":1,"featured_media":2158,"parent":4303,"menu_order":0,"comment_status":"closed","ping_status":"closed","template":"page-contenu.php","meta":{"_acf_changed":false,"footnotes":""},"class_list":["post-4335","page","type-page","status-publish","has-post-thumbnail","hentry"],"acf":[],"yoast_head":"<!-- This site is optimized with the Yoast SEO plugin v27.3 - https:\/\/yoast.com\/product\/yoast-seo-wordpress\/ -->\n<title>Manutenzione, calibrazione e riparazione | Polysoude<\/title>\n<meta name=\"description\" content=\"Il Piano di Manutenzione Preventiva di POLYSOUDE aumenter\u00e0 il tasso di produttivit\u00e0 del vostro impianto ed \u00e8 il modo ideale per proteggere il vostro\" \/>\n<meta name=\"robots\" content=\"index, follow, max-snippet:-1, max-image-preview:large, max-video-preview:-1\" \/>\n<link rel=\"canonical\" href=\"https:\/\/www.polysoude.com\/it\/assistenza-noleggio-ricambi\/manutenzione-calibrazione-riparazione\/\" \/>\n<meta property=\"og:locale\" content=\"it_IT\" \/>\n<meta property=\"og:type\" content=\"article\" \/>\n<meta property=\"og:title\" content=\"Manutenzione, calibrazione e riparazione | Polysoude\" \/>\n<meta property=\"og:description\" content=\"Il Piano di Manutenzione Preventiva di POLYSOUDE aumenter\u00e0 il tasso di produttivit\u00e0 del vostro impianto ed \u00e8 il modo ideale per proteggere il vostro\" \/>\n<meta property=\"og:url\" content=\"https:\/\/www.polysoude.com\/it\/assistenza-noleggio-ricambi\/manutenzione-calibrazione-riparazione\/\" \/>\n<meta property=\"og:site_name\" content=\"Polysoude\" \/>\n<meta property=\"article:publisher\" content=\"https:\/\/www.facebook.com\/Polysoude\/\" \/>\n<meta property=\"article:modified_time\" content=\"2024-07-29T13:48:54+00:00\" \/>\n<meta property=\"og:image\" content=\"https:\/\/www.polysoude.com\/wp-content\/uploads\/2022\/07\/Polysoude_Logo_signature_fond-transparent_600dpi_300mm_RVB-e1658123578778.png\" \/>\n\t<meta property=\"og:image:width\" content=\"465\" \/>\n\t<meta property=\"og:image:height\" content=\"86\" \/>\n\t<meta property=\"og:image:type\" content=\"image\/png\" \/>\n<meta name=\"twitter:card\" content=\"summary_large_image\" \/>\n<meta name=\"twitter:label1\" content=\"Tempo di lettura stimato\" \/>\n\t<meta name=\"twitter:data1\" content=\"3 minutes\" \/>\n<script type=\"application\/ld+json\" class=\"yoast-schema-graph\">{\"@context\":\"https:\\\/\\\/schema.org\",\"@graph\":[{\"@type\":\"WebPage\",\"@id\":\"https:\\\/\\\/www.polysoude.com\\\/it\\\/assistenza-noleggio-ricambi\\\/manutenzione-calibrazione-riparazione\\\/\",\"url\":\"https:\\\/\\\/www.polysoude.com\\\/it\\\/assistenza-noleggio-ricambi\\\/manutenzione-calibrazione-riparazione\\\/\",\"name\":\"Manutenzione, calibrazione e riparazione | Polysoude\",\"isPartOf\":{\"@id\":\"https:\\\/\\\/www.polysoude.com\\\/it\\\/#website\"},\"primaryImageOfPage\":{\"@id\":\"https:\\\/\\\/www.polysoude.com\\\/it\\\/assistenza-noleggio-ricambi\\\/manutenzione-calibrazione-riparazione\\\/#primaryimage\"},\"image\":{\"@id\":\"https:\\\/\\\/www.polysoude.com\\\/it\\\/assistenza-noleggio-ricambi\\\/manutenzione-calibrazione-riparazione\\\/#primaryimage\"},\"thumbnailUrl\":\"https:\\\/\\\/www.polysoude.com\\\/wp-content\\\/uploads\\\/2016\\\/10\\\/services-maintenance-calibration.jpg\",\"datePublished\":\"2016-10-06T08:04:33+00:00\",\"dateModified\":\"2024-07-29T13:48:54+00:00\",\"description\":\"Il Piano di Manutenzione Preventiva di POLYSOUDE aumenter\u00e0 il tasso di produttivit\u00e0 del vostro impianto ed \u00e8 il modo ideale per proteggere il vostro\",\"breadcrumb\":{\"@id\":\"https:\\\/\\\/www.polysoude.com\\\/it\\\/assistenza-noleggio-ricambi\\\/manutenzione-calibrazione-riparazione\\\/#breadcrumb\"},\"inLanguage\":\"it-IT\",\"potentialAction\":[{\"@type\":\"ReadAction\",\"target\":[\"https:\\\/\\\/www.polysoude.com\\\/it\\\/assistenza-noleggio-ricambi\\\/manutenzione-calibrazione-riparazione\\\/\"]}]},{\"@type\":\"ImageObject\",\"inLanguage\":\"it-IT\",\"@id\":\"https:\\\/\\\/www.polysoude.com\\\/it\\\/assistenza-noleggio-ricambi\\\/manutenzione-calibrazione-riparazione\\\/#primaryimage\",\"url\":\"https:\\\/\\\/www.polysoude.com\\\/wp-content\\\/uploads\\\/2016\\\/10\\\/services-maintenance-calibration.jpg\",\"contentUrl\":\"https:\\\/\\\/www.polysoude.com\\\/wp-content\\\/uploads\\\/2016\\\/10\\\/services-maintenance-calibration.jpg\",\"width\":500,\"height\":375},{\"@type\":\"BreadcrumbList\",\"@id\":\"https:\\\/\\\/www.polysoude.com\\\/it\\\/assistenza-noleggio-ricambi\\\/manutenzione-calibrazione-riparazione\\\/#breadcrumb\",\"itemListElement\":[{\"@type\":\"ListItem\",\"position\":1,\"name\":\"Home\",\"item\":\"https:\\\/\\\/www.polysoude.com\\\/it\\\/\"},{\"@type\":\"ListItem\",\"position\":2,\"name\":\"Assistenza \\\/ Noleggio \\\/ Ricambi\",\"item\":\"https:\\\/\\\/www.polysoude.com\\\/it\\\/assistenza-noleggio-ricambi\\\/\"},{\"@type\":\"ListItem\",\"position\":3,\"name\":\"Manutenzione, calibrazione e riparazione\"}]},{\"@type\":\"WebSite\",\"@id\":\"https:\\\/\\\/www.polysoude.com\\\/it\\\/#website\",\"url\":\"https:\\\/\\\/www.polysoude.com\\\/it\\\/\",\"name\":\"Polysoude\",\"description\":\"The art of welding\",\"publisher\":{\"@id\":\"https:\\\/\\\/www.polysoude.com\\\/it\\\/#organization\"},\"alternateName\":\"Polysoude\",\"potentialAction\":[{\"@type\":\"SearchAction\",\"target\":{\"@type\":\"EntryPoint\",\"urlTemplate\":\"https:\\\/\\\/www.polysoude.com\\\/it\\\/?s={search_term_string}\"},\"query-input\":{\"@type\":\"PropertyValueSpecification\",\"valueRequired\":true,\"valueName\":\"search_term_string\"}}],\"inLanguage\":\"it-IT\"},{\"@type\":\"Organization\",\"@id\":\"https:\\\/\\\/www.polysoude.com\\\/it\\\/#organization\",\"name\":\"Polysoude\",\"alternateName\":\"Polysoude\",\"url\":\"https:\\\/\\\/www.polysoude.com\\\/it\\\/\",\"logo\":{\"@type\":\"ImageObject\",\"inLanguage\":\"it-IT\",\"@id\":\"https:\\\/\\\/www.polysoude.com\\\/it\\\/#\\\/schema\\\/logo\\\/image\\\/\",\"url\":\"https:\\\/\\\/www.polysoude.com\\\/wp-content\\\/uploads\\\/2022\\\/07\\\/Polysoude_Logo_signature_fond-transparent_600dpi_300mm_RVB-e1658123578778.png\",\"contentUrl\":\"https:\\\/\\\/www.polysoude.com\\\/wp-content\\\/uploads\\\/2022\\\/07\\\/Polysoude_Logo_signature_fond-transparent_600dpi_300mm_RVB-e1658123578778.png\",\"width\":465,\"height\":86,\"caption\":\"Polysoude\"},\"image\":{\"@id\":\"https:\\\/\\\/www.polysoude.com\\\/it\\\/#\\\/schema\\\/logo\\\/image\\\/\"},\"sameAs\":[\"https:\\\/\\\/www.facebook.com\\\/Polysoude\\\/\",\"https:\\\/\\\/www.linkedin.com\\\/company\\\/polysoude\\\/\",\"https:\\\/\\\/www.instagram.com\\\/polysoudeglobal\\\/\"]}]}<\/script>\n<!-- \/ Yoast SEO plugin. -->","yoast_head_json":{"title":"Manutenzione, calibrazione e riparazione | Polysoude","description":"Il Piano di Manutenzione Preventiva di POLYSOUDE aumenter\u00e0 il tasso di produttivit\u00e0 del vostro impianto ed \u00e8 il modo ideale per proteggere il vostro","robots":{"index":"index","follow":"follow","max-snippet":"max-snippet:-1","max-image-preview":"max-image-preview:large","max-video-preview":"max-video-preview:-1"},"canonical":"https:\/\/www.polysoude.com\/it\/assistenza-noleggio-ricambi\/manutenzione-calibrazione-riparazione\/","og_locale":"it_IT","og_type":"article","og_title":"Manutenzione, calibrazione e riparazione | Polysoude","og_description":"Il Piano di Manutenzione Preventiva di POLYSOUDE aumenter\u00e0 il tasso di produttivit\u00e0 del vostro impianto ed \u00e8 il modo ideale per proteggere il vostro","og_url":"https:\/\/www.polysoude.com\/it\/assistenza-noleggio-ricambi\/manutenzione-calibrazione-riparazione\/","og_site_name":"Polysoude","article_publisher":"https:\/\/www.facebook.com\/Polysoude\/","article_modified_time":"2024-07-29T13:48:54+00:00","og_image":[{"width":465,"height":86,"url":"https:\/\/www.polysoude.com\/wp-content\/uploads\/2022\/07\/Polysoude_Logo_signature_fond-transparent_600dpi_300mm_RVB-e1658123578778.png","type":"image\/png"}],"twitter_card":"summary_large_image","twitter_misc":{"Tempo di lettura stimato":"3 minutes"},"schema":{"@context":"https:\/\/schema.org","@graph":[{"@type":"WebPage","@id":"https:\/\/www.polysoude.com\/it\/assistenza-noleggio-ricambi\/manutenzione-calibrazione-riparazione\/","url":"https:\/\/www.polysoude.com\/it\/assistenza-noleggio-ricambi\/manutenzione-calibrazione-riparazione\/","name":"Manutenzione, calibrazione e riparazione | Polysoude","isPartOf":{"@id":"https:\/\/www.polysoude.com\/it\/#website"},"primaryImageOfPage":{"@id":"https:\/\/www.polysoude.com\/it\/assistenza-noleggio-ricambi\/manutenzione-calibrazione-riparazione\/#primaryimage"},"image":{"@id":"https:\/\/www.polysoude.com\/it\/assistenza-noleggio-ricambi\/manutenzione-calibrazione-riparazione\/#primaryimage"},"thumbnailUrl":"https:\/\/www.polysoude.com\/wp-content\/uploads\/2016\/10\/services-maintenance-calibration.jpg","datePublished":"2016-10-06T08:04:33+00:00","dateModified":"2024-07-29T13:48:54+00:00","description":"Il Piano di Manutenzione Preventiva di POLYSOUDE aumenter\u00e0 il tasso di produttivit\u00e0 del vostro impianto ed \u00e8 il modo ideale per proteggere il vostro","breadcrumb":{"@id":"https:\/\/www.polysoude.com\/it\/assistenza-noleggio-ricambi\/manutenzione-calibrazione-riparazione\/#breadcrumb"},"inLanguage":"it-IT","potentialAction":[{"@type":"ReadAction","target":["https:\/\/www.polysoude.com\/it\/assistenza-noleggio-ricambi\/manutenzione-calibrazione-riparazione\/"]}]},{"@type":"ImageObject","inLanguage":"it-IT","@id":"https:\/\/www.polysoude.com\/it\/assistenza-noleggio-ricambi\/manutenzione-calibrazione-riparazione\/#primaryimage","url":"https:\/\/www.polysoude.com\/wp-content\/uploads\/2016\/10\/services-maintenance-calibration.jpg","contentUrl":"https:\/\/www.polysoude.com\/wp-content\/uploads\/2016\/10\/services-maintenance-calibration.jpg","width":500,"height":375},{"@type":"BreadcrumbList","@id":"https:\/\/www.polysoude.com\/it\/assistenza-noleggio-ricambi\/manutenzione-calibrazione-riparazione\/#breadcrumb","itemListElement":[{"@type":"ListItem","position":1,"name":"Home","item":"https:\/\/www.polysoude.com\/it\/"},{"@type":"ListItem","position":2,"name":"Assistenza \/ Noleggio \/ Ricambi","item":"https:\/\/www.polysoude.com\/it\/assistenza-noleggio-ricambi\/"},{"@type":"ListItem","position":3,"name":"Manutenzione, calibrazione e riparazione"}]},{"@type":"WebSite","@id":"https:\/\/www.polysoude.com\/it\/#website","url":"https:\/\/www.polysoude.com\/it\/","name":"Polysoude","description":"The art of welding","publisher":{"@id":"https:\/\/www.polysoude.com\/it\/#organization"},"alternateName":"Polysoude","potentialAction":[{"@type":"SearchAction","target":{"@type":"EntryPoint","urlTemplate":"https:\/\/www.polysoude.com\/it\/?s={search_term_string}"},"query-input":{"@type":"PropertyValueSpecification","valueRequired":true,"valueName":"search_term_string"}}],"inLanguage":"it-IT"},{"@type":"Organization","@id":"https:\/\/www.polysoude.com\/it\/#organization","name":"Polysoude","alternateName":"Polysoude","url":"https:\/\/www.polysoude.com\/it\/","logo":{"@type":"ImageObject","inLanguage":"it-IT","@id":"https:\/\/www.polysoude.com\/it\/#\/schema\/logo\/image\/","url":"https:\/\/www.polysoude.com\/wp-content\/uploads\/2022\/07\/Polysoude_Logo_signature_fond-transparent_600dpi_300mm_RVB-e1658123578778.png","contentUrl":"https:\/\/www.polysoude.com\/wp-content\/uploads\/2022\/07\/Polysoude_Logo_signature_fond-transparent_600dpi_300mm_RVB-e1658123578778.png","width":465,"height":86,"caption":"Polysoude"},"image":{"@id":"https:\/\/www.polysoude.com\/it\/#\/schema\/logo\/image\/"},"sameAs":["https:\/\/www.facebook.com\/Polysoude\/","https:\/\/www.linkedin.com\/company\/polysoude\/","https:\/\/www.instagram.com\/polysoudeglobal\/"]}]}},"_links":{"self":[{"href":"https:\/\/www.polysoude.com\/it\/wp-json\/wp\/v2\/pages\/4335","targetHints":{"allow":["GET"]}}],"collection":[{"href":"https:\/\/www.polysoude.com\/it\/wp-json\/wp\/v2\/pages"}],"about":[{"href":"https:\/\/www.polysoude.com\/it\/wp-json\/wp\/v2\/types\/page"}],"author":[{"embeddable":true,"href":"https:\/\/www.polysoude.com\/it\/wp-json\/wp\/v2\/users\/1"}],"replies":[{"embeddable":true,"href":"https:\/\/www.polysoude.com\/it\/wp-json\/wp\/v2\/comments?post=4335"}],"version-history":[{"count":18,"href":"https:\/\/www.polysoude.com\/it\/wp-json\/wp\/v2\/pages\/4335\/revisions"}],"predecessor-version":[{"id":48495,"href":"https:\/\/www.polysoude.com\/it\/wp-json\/wp\/v2\/pages\/4335\/revisions\/48495"}],"up":[{"embeddable":true,"href":"https:\/\/www.polysoude.com\/it\/wp-json\/wp\/v2\/pages\/4303"}],"wp:featuredmedia":[{"embeddable":true,"href":"https:\/\/www.polysoude.com\/it\/wp-json\/wp\/v2\/media\/2158"}],"wp:attachment":[{"href":"https:\/\/www.polysoude.com\/it\/wp-json\/wp\/v2\/media?parent=4335"}],"curies":[{"name":"wp","href":"https:\/\/api.w.org\/{rel}","templated":true}]}}