{"id":4338,"date":"2016-10-06T10:04:42","date_gmt":"2016-10-06T08:04:42","guid":{"rendered":"http:\/\/www.polysoude.com\/?page_id=4338"},"modified":"2024-07-29T15:49:41","modified_gmt":"2024-07-29T13:49:41","slug":"parti-di-ricambio-consumabili","status":"publish","type":"page","link":"https:\/\/www.polysoude.com\/it\/assistenza-noleggio-ricambi\/parti-di-ricambio-consumabili\/","title":{"rendered":"Parti di ricambio e consumabili"},"content":{"rendered":"\n\n\t\n<h4>Massima disponibilit\u00e0:<\/h4>\n<ul>\n<li>Pi\u00f9 di\u00a0200.000\u00a0pezzi\u00a0a magazzino<\/li>\n<li>9.000 articoli a magazzino, 30% disponibile in\u00a024h<\/li>\n<li>Possibilit\u00e0 di consegna espressa<\/li>\n<li>Disponibilit\u00e0 di parti di ricambio vicino alla vostra sede grazie ai magazzini delle filiali<\/li>\n<li>Possibilit\u00e0 di consignment stock nella vostra sede per permettervi di ottimizzare costi e tempi di risposta<\/li>\n<\/ul>\n\n\n<h4>Massima qualit\u00e0:<\/h4>\n<ul>\n<li>Esattamente le stesse parti usate in produzione<\/li>\n<li>Top quality: conchiglie garantite a vita<\/li>\n<\/ul>\n\t\t\t\t<img loading=\"lazy\" decoding=\"async\" src=\"https:\/\/www.polysoude.com\/wp-content\/uploads\/2016\/10\/zero-downtime_EN.jpg\" alt=\"zero-downtime_en\" height=\"204\" width=\"200\" title=\"zero-downtime_en\" \/>\n\t\t\t\t<img loading=\"lazy\" decoding=\"async\" src=\"https:\/\/www.polysoude.com\/wp-content\/uploads\/2016\/10\/polysoude_spare-consumables.jpg\" alt=\"polysoude_spare-consumables\" height=\"359\" width=\"480\" title=\"polysoude_spare-consumables\" \/>\n\n","protected":false},"excerpt":{"rendered":"<p>Massima disponibilit\u00e0: Pi\u00f9 di\u00a0200.000\u00a0pezzi\u00a0a magazzino 9.000 articoli a magazzino, 30% disponibile in\u00a024h Possibilit\u00e0 di consegna espressa Disponibilit\u00e0 di parti di ricambio vicino alla vostra sede grazie ai magazzini delle filiali Possibilit\u00e0 di consignment stock nella vostra sede per permettervi di ottimizzare costi e tempi di risposta Massima qualit\u00e0: Esattamente le stesse parti usate in produzione [&hellip;]<\/p>\n","protected":false},"author":1,"featured_media":957,"parent":4303,"menu_order":0,"comment_status":"closed","ping_status":"closed","template":"page-contenu.php","meta":{"_acf_changed":false,"footnotes":""},"class_list":["post-4338","page","type-page","status-publish","has-post-thumbnail","hentry"],"acf":[],"yoast_head":"<!-- This site is optimized with the Yoast SEO plugin v27.3 - https:\/\/yoast.com\/product\/yoast-seo-wordpress\/ -->\n<title>Parti di ricambio e consumabili | Polysoude<\/title>\n<meta name=\"description\" content=\"Massima disponibilit\u00e0: Pi\u00f9 di\u00a0200.000\u00a0pezzi\u00a0a magazzino 9.000 articoli a magazzino, 30% disponibile in\u00a024h Possibilit\u00e0 di consegna espressa Disponibilit\u00e0\" \/>\n<meta name=\"robots\" content=\"index, follow, max-snippet:-1, max-image-preview:large, max-video-preview:-1\" \/>\n<link rel=\"canonical\" href=\"https:\/\/www.polysoude.com\/it\/assistenza-noleggio-ricambi\/parti-di-ricambio-consumabili\/\" \/>\n<meta property=\"og:locale\" content=\"it_IT\" \/>\n<meta property=\"og:type\" content=\"article\" \/>\n<meta property=\"og:title\" content=\"Parti di ricambio e consumabili | Polysoude\" \/>\n<meta property=\"og:description\" content=\"Massima disponibilit\u00e0: Pi\u00f9 di\u00a0200.000\u00a0pezzi\u00a0a magazzino 9.000 articoli a magazzino, 30% disponibile in\u00a024h Possibilit\u00e0 di consegna espressa Disponibilit\u00e0\" \/>\n<meta property=\"og:url\" content=\"https:\/\/www.polysoude.com\/it\/assistenza-noleggio-ricambi\/parti-di-ricambio-consumabili\/\" \/>\n<meta property=\"og:site_name\" content=\"Polysoude\" \/>\n<meta property=\"article:publisher\" content=\"https:\/\/www.facebook.com\/Polysoude\/\" \/>\n<meta property=\"article:modified_time\" content=\"2024-07-29T13:49:41+00:00\" \/>\n<meta property=\"og:image\" content=\"https:\/\/www.polysoude.com\/wp-content\/uploads\/2022\/07\/Polysoude_Logo_signature_fond-transparent_600dpi_300mm_RVB-e1658123578778.png\" \/>\n\t<meta property=\"og:image:width\" content=\"465\" \/>\n\t<meta property=\"og:image:height\" content=\"86\" \/>\n\t<meta property=\"og:image:type\" content=\"image\/png\" \/>\n<meta name=\"twitter:card\" content=\"summary_large_image\" \/>\n<script type=\"application\/ld+json\" class=\"yoast-schema-graph\">{\"@context\":\"https:\\\/\\\/schema.org\",\"@graph\":[{\"@type\":\"WebPage\",\"@id\":\"https:\\\/\\\/www.polysoude.com\\\/it\\\/assistenza-noleggio-ricambi\\\/parti-di-ricambio-consumabili\\\/\",\"url\":\"https:\\\/\\\/www.polysoude.com\\\/it\\\/assistenza-noleggio-ricambi\\\/parti-di-ricambio-consumabili\\\/\",\"name\":\"Parti di ricambio e consumabili | Polysoude\",\"isPartOf\":{\"@id\":\"https:\\\/\\\/www.polysoude.com\\\/it\\\/#website\"},\"primaryImageOfPage\":{\"@id\":\"https:\\\/\\\/www.polysoude.com\\\/it\\\/assistenza-noleggio-ricambi\\\/parti-di-ricambio-consumabili\\\/#primaryimage\"},\"image\":{\"@id\":\"https:\\\/\\\/www.polysoude.com\\\/it\\\/assistenza-noleggio-ricambi\\\/parti-di-ricambio-consumabili\\\/#primaryimage\"},\"thumbnailUrl\":\"https:\\\/\\\/www.polysoude.com\\\/wp-content\\\/uploads\\\/2016\\\/10\\\/polysoude_spare-consumables.jpg\",\"datePublished\":\"2016-10-06T08:04:42+00:00\",\"dateModified\":\"2024-07-29T13:49:41+00:00\",\"description\":\"Massima disponibilit\u00e0: Pi\u00f9 di\u00a0200.000\u00a0pezzi\u00a0a magazzino 9.000 articoli a magazzino, 30% disponibile in\u00a024h Possibilit\u00e0 di consegna espressa Disponibilit\u00e0\",\"breadcrumb\":{\"@id\":\"https:\\\/\\\/www.polysoude.com\\\/it\\\/assistenza-noleggio-ricambi\\\/parti-di-ricambio-consumabili\\\/#breadcrumb\"},\"inLanguage\":\"it-IT\",\"potentialAction\":[{\"@type\":\"ReadAction\",\"target\":[\"https:\\\/\\\/www.polysoude.com\\\/it\\\/assistenza-noleggio-ricambi\\\/parti-di-ricambio-consumabili\\\/\"]}]},{\"@type\":\"ImageObject\",\"inLanguage\":\"it-IT\",\"@id\":\"https:\\\/\\\/www.polysoude.com\\\/it\\\/assistenza-noleggio-ricambi\\\/parti-di-ricambio-consumabili\\\/#primaryimage\",\"url\":\"https:\\\/\\\/www.polysoude.com\\\/wp-content\\\/uploads\\\/2016\\\/10\\\/polysoude_spare-consumables.jpg\",\"contentUrl\":\"https:\\\/\\\/www.polysoude.com\\\/wp-content\\\/uploads\\\/2016\\\/10\\\/polysoude_spare-consumables.jpg\",\"width\":480,\"height\":359},{\"@type\":\"BreadcrumbList\",\"@id\":\"https:\\\/\\\/www.polysoude.com\\\/it\\\/assistenza-noleggio-ricambi\\\/parti-di-ricambio-consumabili\\\/#breadcrumb\",\"itemListElement\":[{\"@type\":\"ListItem\",\"position\":1,\"name\":\"Home\",\"item\":\"https:\\\/\\\/www.polysoude.com\\\/it\\\/\"},{\"@type\":\"ListItem\",\"position\":2,\"name\":\"Assistenza \\\/ Noleggio \\\/ Ricambi\",\"item\":\"https:\\\/\\\/www.polysoude.com\\\/it\\\/assistenza-noleggio-ricambi\\\/\"},{\"@type\":\"ListItem\",\"position\":3,\"name\":\"Parti di ricambio e consumabili\"}]},{\"@type\":\"WebSite\",\"@id\":\"https:\\\/\\\/www.polysoude.com\\\/it\\\/#website\",\"url\":\"https:\\\/\\\/www.polysoude.com\\\/it\\\/\",\"name\":\"Polysoude\",\"description\":\"The art of welding\",\"publisher\":{\"@id\":\"https:\\\/\\\/www.polysoude.com\\\/it\\\/#organization\"},\"alternateName\":\"Polysoude\",\"potentialAction\":[{\"@type\":\"SearchAction\",\"target\":{\"@type\":\"EntryPoint\",\"urlTemplate\":\"https:\\\/\\\/www.polysoude.com\\\/it\\\/?s={search_term_string}\"},\"query-input\":{\"@type\":\"PropertyValueSpecification\",\"valueRequired\":true,\"valueName\":\"search_term_string\"}}],\"inLanguage\":\"it-IT\"},{\"@type\":\"Organization\",\"@id\":\"https:\\\/\\\/www.polysoude.com\\\/it\\\/#organization\",\"name\":\"Polysoude\",\"alternateName\":\"Polysoude\",\"url\":\"https:\\\/\\\/www.polysoude.com\\\/it\\\/\",\"logo\":{\"@type\":\"ImageObject\",\"inLanguage\":\"it-IT\",\"@id\":\"https:\\\/\\\/www.polysoude.com\\\/it\\\/#\\\/schema\\\/logo\\\/image\\\/\",\"url\":\"https:\\\/\\\/www.polysoude.com\\\/wp-content\\\/uploads\\\/2022\\\/07\\\/Polysoude_Logo_signature_fond-transparent_600dpi_300mm_RVB-e1658123578778.png\",\"contentUrl\":\"https:\\\/\\\/www.polysoude.com\\\/wp-content\\\/uploads\\\/2022\\\/07\\\/Polysoude_Logo_signature_fond-transparent_600dpi_300mm_RVB-e1658123578778.png\",\"width\":465,\"height\":86,\"caption\":\"Polysoude\"},\"image\":{\"@id\":\"https:\\\/\\\/www.polysoude.com\\\/it\\\/#\\\/schema\\\/logo\\\/image\\\/\"},\"sameAs\":[\"https:\\\/\\\/www.facebook.com\\\/Polysoude\\\/\",\"https:\\\/\\\/www.linkedin.com\\\/company\\\/polysoude\\\/\",\"https:\\\/\\\/www.instagram.com\\\/polysoudeglobal\\\/\"]}]}<\/script>\n<!-- \/ Yoast SEO plugin. -->","yoast_head_json":{"title":"Parti di ricambio e consumabili | Polysoude","description":"Massima disponibilit\u00e0: Pi\u00f9 di\u00a0200.000\u00a0pezzi\u00a0a magazzino 9.000 articoli a magazzino, 30% disponibile in\u00a024h Possibilit\u00e0 di consegna espressa Disponibilit\u00e0","robots":{"index":"index","follow":"follow","max-snippet":"max-snippet:-1","max-image-preview":"max-image-preview:large","max-video-preview":"max-video-preview:-1"},"canonical":"https:\/\/www.polysoude.com\/it\/assistenza-noleggio-ricambi\/parti-di-ricambio-consumabili\/","og_locale":"it_IT","og_type":"article","og_title":"Parti di ricambio e consumabili | Polysoude","og_description":"Massima disponibilit\u00e0: Pi\u00f9 di\u00a0200.000\u00a0pezzi\u00a0a magazzino 9.000 articoli a magazzino, 30% disponibile in\u00a024h Possibilit\u00e0 di consegna espressa Disponibilit\u00e0","og_url":"https:\/\/www.polysoude.com\/it\/assistenza-noleggio-ricambi\/parti-di-ricambio-consumabili\/","og_site_name":"Polysoude","article_publisher":"https:\/\/www.facebook.com\/Polysoude\/","article_modified_time":"2024-07-29T13:49:41+00:00","og_image":[{"width":465,"height":86,"url":"https:\/\/www.polysoude.com\/wp-content\/uploads\/2022\/07\/Polysoude_Logo_signature_fond-transparent_600dpi_300mm_RVB-e1658123578778.png","type":"image\/png"}],"twitter_card":"summary_large_image","schema":{"@context":"https:\/\/schema.org","@graph":[{"@type":"WebPage","@id":"https:\/\/www.polysoude.com\/it\/assistenza-noleggio-ricambi\/parti-di-ricambio-consumabili\/","url":"https:\/\/www.polysoude.com\/it\/assistenza-noleggio-ricambi\/parti-di-ricambio-consumabili\/","name":"Parti di ricambio e consumabili | Polysoude","isPartOf":{"@id":"https:\/\/www.polysoude.com\/it\/#website"},"primaryImageOfPage":{"@id":"https:\/\/www.polysoude.com\/it\/assistenza-noleggio-ricambi\/parti-di-ricambio-consumabili\/#primaryimage"},"image":{"@id":"https:\/\/www.polysoude.com\/it\/assistenza-noleggio-ricambi\/parti-di-ricambio-consumabili\/#primaryimage"},"thumbnailUrl":"https:\/\/www.polysoude.com\/wp-content\/uploads\/2016\/10\/polysoude_spare-consumables.jpg","datePublished":"2016-10-06T08:04:42+00:00","dateModified":"2024-07-29T13:49:41+00:00","description":"Massima disponibilit\u00e0: Pi\u00f9 di\u00a0200.000\u00a0pezzi\u00a0a magazzino 9.000 articoli a magazzino, 30% disponibile in\u00a024h Possibilit\u00e0 di consegna espressa Disponibilit\u00e0","breadcrumb":{"@id":"https:\/\/www.polysoude.com\/it\/assistenza-noleggio-ricambi\/parti-di-ricambio-consumabili\/#breadcrumb"},"inLanguage":"it-IT","potentialAction":[{"@type":"ReadAction","target":["https:\/\/www.polysoude.com\/it\/assistenza-noleggio-ricambi\/parti-di-ricambio-consumabili\/"]}]},{"@type":"ImageObject","inLanguage":"it-IT","@id":"https:\/\/www.polysoude.com\/it\/assistenza-noleggio-ricambi\/parti-di-ricambio-consumabili\/#primaryimage","url":"https:\/\/www.polysoude.com\/wp-content\/uploads\/2016\/10\/polysoude_spare-consumables.jpg","contentUrl":"https:\/\/www.polysoude.com\/wp-content\/uploads\/2016\/10\/polysoude_spare-consumables.jpg","width":480,"height":359},{"@type":"BreadcrumbList","@id":"https:\/\/www.polysoude.com\/it\/assistenza-noleggio-ricambi\/parti-di-ricambio-consumabili\/#breadcrumb","itemListElement":[{"@type":"ListItem","position":1,"name":"Home","item":"https:\/\/www.polysoude.com\/it\/"},{"@type":"ListItem","position":2,"name":"Assistenza \/ Noleggio \/ Ricambi","item":"https:\/\/www.polysoude.com\/it\/assistenza-noleggio-ricambi\/"},{"@type":"ListItem","position":3,"name":"Parti di ricambio e consumabili"}]},{"@type":"WebSite","@id":"https:\/\/www.polysoude.com\/it\/#website","url":"https:\/\/www.polysoude.com\/it\/","name":"Polysoude","description":"The art of welding","publisher":{"@id":"https:\/\/www.polysoude.com\/it\/#organization"},"alternateName":"Polysoude","potentialAction":[{"@type":"SearchAction","target":{"@type":"EntryPoint","urlTemplate":"https:\/\/www.polysoude.com\/it\/?s={search_term_string}"},"query-input":{"@type":"PropertyValueSpecification","valueRequired":true,"valueName":"search_term_string"}}],"inLanguage":"it-IT"},{"@type":"Organization","@id":"https:\/\/www.polysoude.com\/it\/#organization","name":"Polysoude","alternateName":"Polysoude","url":"https:\/\/www.polysoude.com\/it\/","logo":{"@type":"ImageObject","inLanguage":"it-IT","@id":"https:\/\/www.polysoude.com\/it\/#\/schema\/logo\/image\/","url":"https:\/\/www.polysoude.com\/wp-content\/uploads\/2022\/07\/Polysoude_Logo_signature_fond-transparent_600dpi_300mm_RVB-e1658123578778.png","contentUrl":"https:\/\/www.polysoude.com\/wp-content\/uploads\/2022\/07\/Polysoude_Logo_signature_fond-transparent_600dpi_300mm_RVB-e1658123578778.png","width":465,"height":86,"caption":"Polysoude"},"image":{"@id":"https:\/\/www.polysoude.com\/it\/#\/schema\/logo\/image\/"},"sameAs":["https:\/\/www.facebook.com\/Polysoude\/","https:\/\/www.linkedin.com\/company\/polysoude\/","https:\/\/www.instagram.com\/polysoudeglobal\/"]}]}},"_links":{"self":[{"href":"https:\/\/www.polysoude.com\/it\/wp-json\/wp\/v2\/pages\/4338","targetHints":{"allow":["GET"]}}],"collection":[{"href":"https:\/\/www.polysoude.com\/it\/wp-json\/wp\/v2\/pages"}],"about":[{"href":"https:\/\/www.polysoude.com\/it\/wp-json\/wp\/v2\/types\/page"}],"author":[{"embeddable":true,"href":"https:\/\/www.polysoude.com\/it\/wp-json\/wp\/v2\/users\/1"}],"replies":[{"embeddable":true,"href":"https:\/\/www.polysoude.com\/it\/wp-json\/wp\/v2\/comments?post=4338"}],"version-history":[{"count":7,"href":"https:\/\/www.polysoude.com\/it\/wp-json\/wp\/v2\/pages\/4338\/revisions"}],"predecessor-version":[{"id":48497,"href":"https:\/\/www.polysoude.com\/it\/wp-json\/wp\/v2\/pages\/4338\/revisions\/48497"}],"up":[{"embeddable":true,"href":"https:\/\/www.polysoude.com\/it\/wp-json\/wp\/v2\/pages\/4303"}],"wp:featuredmedia":[{"embeddable":true,"href":"https:\/\/www.polysoude.com\/it\/wp-json\/wp\/v2\/media\/957"}],"wp:attachment":[{"href":"https:\/\/www.polysoude.com\/it\/wp-json\/wp\/v2\/media?parent=4338"}],"curies":[{"name":"wp","href":"https:\/\/api.w.org\/{rel}","templated":true}]}}