{"id":4356,"date":"2022-04-03T10:02:00","date_gmt":"2022-04-03T08:02:00","guid":{"rendered":"http:\/\/www.polysoude.com\/?page_id=4356"},"modified":"2019-07-24T12:09:19","modified_gmt":"2019-07-24T10:09:19","slug":"placcatura","status":"publish","type":"page","link":"https:\/\/www.polysoude.com\/it\/placcatura\/","title":{"rendered":"Placcatura"},"content":{"rendered":"<p>&nbsp;<\/p>\n<h4><b>Impianti di\u00a0placcatura automatica per la produzione e la manutenzione<\/b><\/h4>\n<p>Molti processi industriali danneggiano i pipe e i raccordi a causa del continuo attacco di agenti corrosivi e abrasivi. Nella produzione Oil &amp; Gas, per esempio, i componenti sono soggetti a forte erosione dovuta alla frizione della sabbia, mentre gli apparati chimici soffrono del contatto diretto con sostanze aggressive. Questi fenomeni vengono inoltre aggravati dall&#8217;elevata temperatura di processo e dalla pressione.<\/p>\n<p><img decoding=\"async\" src=\"https:\/\/www.polysoude.com\/wp-content\/uploads\/2016\/10\/cladding_tig-tiger.jpg\" alt=\"Cladding with TIG and TIGer process\" \/><\/p>\n<p>Per aumentare la durata nel tempo di queste parti pesantemente esposte, la loro superficie viene protetta tramite placcatura con materiali pi\u00f9 resistenti.<\/p>\n<ul>\n<li>La<strong> placcatura<\/strong>\u00a0si applica ogni qualvolta si ha a che fare con componenti costosi da cui ci si aspetta una lunga vita utile o con pezzi che non possono essere prodotti interamente con materiali resistenti all&#8217;usura.<\/li>\n<li>La <strong>placcatura TIG di pipe e collettori<\/strong> \u00e8 comune nelle applicazioni del settore petrolchimico e delle centrali energetiche; nell&#8217;industria aeronautica, per esempio, i componenti dei motori dei velivoli vengono spesso rinforzati tramite questo processo.<\/li>\n<li>La<strong> tecnologia<\/strong>\u00a0<strong>TIG<sup>er\u00a0<\/sup><\/strong>\u00e8 il risultato dello\u00a0sviluppo tecnologico realizzato da Polysoude su una variante della placcatura TIG Filo Caldo. Il principio base si fonda sulla giustapposizione di due archi\u00a0TIG, gestiti e controllati in modo da formare\u00a0un singolo arco con il potere calorifico dato dalla combinazione di entrambe le potenze, ma con caratteristiche inusuali a queste intensit\u00e0.<\/li>\n<\/ul>\n<ul>\n<li>L&#8217;<strong>aggiunta del filo<\/strong>, preriscaldato per effetto Joule da una terza fonte di corrente, permette di ottenere un particolare profilo del bagno di fusione e di migliorare considerevolmente l&#8217;efficienza della procedura.<\/li>\n<li>In base a requisiti richiesti, \u00e8 possibile <strong>ottimizzare lo spessore degli strati<\/strong> in un range compreso tra 1,5 e 3,5 mm. Questa flessibilit\u00e0 consente di regolare la quantit\u00e0 di metallo fuso in base a rigidi criteri, portando di conseguenza a un significativo risparmio se si considera il costo del materiale d&#8217;apporto (di solito una lega nobile). Le velocit\u00e0 di saldatura ottimizzate rientrano nell&#8217;ordine di 500-1000 mm\/min con tassi di deposito compresi tra 2,5 e 6 kg \/ h, cio\u00e8 circa tre volte in pi\u00f9 rispetto alla tecnologia TIG Filo Caldo.<\/li>\n<li>Il <strong>controllo completo della diluizione<\/strong> viene assicurato con un tasso nell&#8217;ordine del 12% sul primo strato e dell&#8217;1,5-2%\u00a0dal secondo strato depositato in poi.<\/li>\n<\/ul>\n<p>&nbsp;<\/p>\n<h4>Un&#8217;impianto dotato di tecnologia\u00a0TIG<sup>er<\/sup>\u00a0si riveler\u00e0 pi\u00f9 redditizio e pi\u00f9 economico permettendo di abbassare i costi operativi dal 20 al 50% per kilogrammo di materiale fuso.<\/h4>\n","protected":false},"excerpt":{"rendered":"<p>&nbsp; Impianti di\u00a0placcatura automatica per la produzione e la manutenzione Molti processi industriali danneggiano i pipe e i raccordi a causa del continuo attacco di agenti corrosivi e abrasivi. Nella produzione Oil &amp; Gas, per esempio, i componenti sono soggetti a forte erosione dovuta alla frizione della sabbia, mentre gli apparati chimici soffrono del contatto [&hellip;]<\/p>\n","protected":false},"author":1,"featured_media":0,"parent":0,"menu_order":0,"comment_status":"closed","ping_status":"closed","template":"page-parent.php","meta":{"_acf_changed":false,"footnotes":""},"class_list":["post-4356","page","type-page","status-publish","hentry"],"acf":[],"yoast_head":"<!-- This site is optimized with the Yoast SEO plugin v27.3 - https:\/\/yoast.com\/product\/yoast-seo-wordpress\/ -->\n<title>Cladding - Weld Overlay : Polysoude<\/title>\n<meta name=\"description\" content=\"&nbsp; Impianti di\u00a0placcatura automatica per la produzione e la manutenzione Molti processi industriali danneggiano i pipe e i raccordi a causa del\" \/>\n<meta name=\"robots\" content=\"index, follow, max-snippet:-1, max-image-preview:large, max-video-preview:-1\" \/>\n<link rel=\"canonical\" href=\"https:\/\/www.polysoude.com\/it\/placcatura\/\" \/>\n<meta property=\"og:locale\" content=\"it_IT\" \/>\n<meta property=\"og:type\" content=\"article\" \/>\n<meta property=\"og:title\" content=\"Cladding - Weld Overlay : Polysoude\" \/>\n<meta property=\"og:description\" content=\"&nbsp; Impianti di\u00a0placcatura automatica per la produzione e la manutenzione Molti processi industriali danneggiano i pipe e i raccordi a causa del\" \/>\n<meta property=\"og:url\" content=\"https:\/\/www.polysoude.com\/it\/placcatura\/\" \/>\n<meta property=\"og:site_name\" content=\"Polysoude\" \/>\n<meta property=\"article:publisher\" content=\"https:\/\/www.facebook.com\/Polysoude\/\" \/>\n<meta property=\"og:image\" content=\"https:\/\/www.polysoude.com\/wp-content\/uploads\/2016\/10\/cladding_tig-tiger.jpg\" \/>\n<meta name=\"twitter:card\" content=\"summary_large_image\" \/>\n<meta name=\"twitter:label1\" content=\"Tempo di lettura stimato\" \/>\n\t<meta name=\"twitter:data1\" content=\"2 minutes\" \/>\n<script type=\"application\/ld+json\" class=\"yoast-schema-graph\">{\"@context\":\"https:\\\/\\\/schema.org\",\"@graph\":[{\"@type\":\"WebPage\",\"@id\":\"https:\\\/\\\/www.polysoude.com\\\/it\\\/placcatura\\\/\",\"url\":\"https:\\\/\\\/www.polysoude.com\\\/it\\\/placcatura\\\/\",\"name\":\"Cladding - Weld Overlay : Polysoude\",\"isPartOf\":{\"@id\":\"https:\\\/\\\/www.polysoude.com\\\/it\\\/#website\"},\"primaryImageOfPage\":{\"@id\":\"https:\\\/\\\/www.polysoude.com\\\/it\\\/placcatura\\\/#primaryimage\"},\"image\":{\"@id\":\"https:\\\/\\\/www.polysoude.com\\\/it\\\/placcatura\\\/#primaryimage\"},\"thumbnailUrl\":\"https:\\\/\\\/www.polysoude.com\\\/wp-content\\\/uploads\\\/2016\\\/10\\\/cladding_tig-tiger.jpg\",\"datePublished\":\"2022-04-03T08:02:00+00:00\",\"description\":\"&nbsp; Impianti di\u00a0placcatura automatica per la produzione e la manutenzione Molti processi industriali danneggiano i pipe e i raccordi a causa del\",\"breadcrumb\":{\"@id\":\"https:\\\/\\\/www.polysoude.com\\\/it\\\/placcatura\\\/#breadcrumb\"},\"inLanguage\":\"it-IT\",\"potentialAction\":[{\"@type\":\"ReadAction\",\"target\":[\"https:\\\/\\\/www.polysoude.com\\\/it\\\/placcatura\\\/\"]}]},{\"@type\":\"ImageObject\",\"inLanguage\":\"it-IT\",\"@id\":\"https:\\\/\\\/www.polysoude.com\\\/it\\\/placcatura\\\/#primaryimage\",\"url\":\"https:\\\/\\\/www.polysoude.com\\\/wp-content\\\/uploads\\\/2016\\\/10\\\/cladding_tig-tiger.jpg\",\"contentUrl\":\"https:\\\/\\\/www.polysoude.com\\\/wp-content\\\/uploads\\\/2016\\\/10\\\/cladding_tig-tiger.jpg\"},{\"@type\":\"BreadcrumbList\",\"@id\":\"https:\\\/\\\/www.polysoude.com\\\/it\\\/placcatura\\\/#breadcrumb\",\"itemListElement\":[{\"@type\":\"ListItem\",\"position\":1,\"name\":\"Home\",\"item\":\"https:\\\/\\\/www.polysoude.com\\\/it\\\/\"},{\"@type\":\"ListItem\",\"position\":2,\"name\":\"Placcatura\"}]},{\"@type\":\"WebSite\",\"@id\":\"https:\\\/\\\/www.polysoude.com\\\/it\\\/#website\",\"url\":\"https:\\\/\\\/www.polysoude.com\\\/it\\\/\",\"name\":\"Polysoude\",\"description\":\"The art of welding\",\"publisher\":{\"@id\":\"https:\\\/\\\/www.polysoude.com\\\/it\\\/#organization\"},\"alternateName\":\"Polysoude\",\"potentialAction\":[{\"@type\":\"SearchAction\",\"target\":{\"@type\":\"EntryPoint\",\"urlTemplate\":\"https:\\\/\\\/www.polysoude.com\\\/it\\\/?s={search_term_string}\"},\"query-input\":{\"@type\":\"PropertyValueSpecification\",\"valueRequired\":true,\"valueName\":\"search_term_string\"}}],\"inLanguage\":\"it-IT\"},{\"@type\":\"Organization\",\"@id\":\"https:\\\/\\\/www.polysoude.com\\\/it\\\/#organization\",\"name\":\"Polysoude\",\"alternateName\":\"Polysoude\",\"url\":\"https:\\\/\\\/www.polysoude.com\\\/it\\\/\",\"logo\":{\"@type\":\"ImageObject\",\"inLanguage\":\"it-IT\",\"@id\":\"https:\\\/\\\/www.polysoude.com\\\/it\\\/#\\\/schema\\\/logo\\\/image\\\/\",\"url\":\"https:\\\/\\\/www.polysoude.com\\\/wp-content\\\/uploads\\\/2022\\\/07\\\/Polysoude_Logo_signature_fond-transparent_600dpi_300mm_RVB-e1658123578778.png\",\"contentUrl\":\"https:\\\/\\\/www.polysoude.com\\\/wp-content\\\/uploads\\\/2022\\\/07\\\/Polysoude_Logo_signature_fond-transparent_600dpi_300mm_RVB-e1658123578778.png\",\"width\":465,\"height\":86,\"caption\":\"Polysoude\"},\"image\":{\"@id\":\"https:\\\/\\\/www.polysoude.com\\\/it\\\/#\\\/schema\\\/logo\\\/image\\\/\"},\"sameAs\":[\"https:\\\/\\\/www.facebook.com\\\/Polysoude\\\/\",\"https:\\\/\\\/www.linkedin.com\\\/company\\\/polysoude\\\/\",\"https:\\\/\\\/www.instagram.com\\\/polysoudeglobal\\\/\"]}]}<\/script>\n<!-- \/ Yoast SEO plugin. -->","yoast_head_json":{"title":"Cladding - Weld Overlay : Polysoude","description":"&nbsp; Impianti di\u00a0placcatura automatica per la produzione e la manutenzione Molti processi industriali danneggiano i pipe e i raccordi a causa del","robots":{"index":"index","follow":"follow","max-snippet":"max-snippet:-1","max-image-preview":"max-image-preview:large","max-video-preview":"max-video-preview:-1"},"canonical":"https:\/\/www.polysoude.com\/it\/placcatura\/","og_locale":"it_IT","og_type":"article","og_title":"Cladding - Weld Overlay : Polysoude","og_description":"&nbsp; Impianti di\u00a0placcatura automatica per la produzione e la manutenzione Molti processi industriali danneggiano i pipe e i raccordi a causa del","og_url":"https:\/\/www.polysoude.com\/it\/placcatura\/","og_site_name":"Polysoude","article_publisher":"https:\/\/www.facebook.com\/Polysoude\/","og_image":[{"url":"https:\/\/www.polysoude.com\/wp-content\/uploads\/2016\/10\/cladding_tig-tiger.jpg","type":"","width":"","height":""}],"twitter_card":"summary_large_image","twitter_misc":{"Tempo di lettura stimato":"2 minutes"},"schema":{"@context":"https:\/\/schema.org","@graph":[{"@type":"WebPage","@id":"https:\/\/www.polysoude.com\/it\/placcatura\/","url":"https:\/\/www.polysoude.com\/it\/placcatura\/","name":"Cladding - Weld Overlay : Polysoude","isPartOf":{"@id":"https:\/\/www.polysoude.com\/it\/#website"},"primaryImageOfPage":{"@id":"https:\/\/www.polysoude.com\/it\/placcatura\/#primaryimage"},"image":{"@id":"https:\/\/www.polysoude.com\/it\/placcatura\/#primaryimage"},"thumbnailUrl":"https:\/\/www.polysoude.com\/wp-content\/uploads\/2016\/10\/cladding_tig-tiger.jpg","datePublished":"2022-04-03T08:02:00+00:00","description":"&nbsp; Impianti di\u00a0placcatura automatica per la produzione e la manutenzione Molti processi industriali danneggiano i pipe e i raccordi a causa del","breadcrumb":{"@id":"https:\/\/www.polysoude.com\/it\/placcatura\/#breadcrumb"},"inLanguage":"it-IT","potentialAction":[{"@type":"ReadAction","target":["https:\/\/www.polysoude.com\/it\/placcatura\/"]}]},{"@type":"ImageObject","inLanguage":"it-IT","@id":"https:\/\/www.polysoude.com\/it\/placcatura\/#primaryimage","url":"https:\/\/www.polysoude.com\/wp-content\/uploads\/2016\/10\/cladding_tig-tiger.jpg","contentUrl":"https:\/\/www.polysoude.com\/wp-content\/uploads\/2016\/10\/cladding_tig-tiger.jpg"},{"@type":"BreadcrumbList","@id":"https:\/\/www.polysoude.com\/it\/placcatura\/#breadcrumb","itemListElement":[{"@type":"ListItem","position":1,"name":"Home","item":"https:\/\/www.polysoude.com\/it\/"},{"@type":"ListItem","position":2,"name":"Placcatura"}]},{"@type":"WebSite","@id":"https:\/\/www.polysoude.com\/it\/#website","url":"https:\/\/www.polysoude.com\/it\/","name":"Polysoude","description":"The art of welding","publisher":{"@id":"https:\/\/www.polysoude.com\/it\/#organization"},"alternateName":"Polysoude","potentialAction":[{"@type":"SearchAction","target":{"@type":"EntryPoint","urlTemplate":"https:\/\/www.polysoude.com\/it\/?s={search_term_string}"},"query-input":{"@type":"PropertyValueSpecification","valueRequired":true,"valueName":"search_term_string"}}],"inLanguage":"it-IT"},{"@type":"Organization","@id":"https:\/\/www.polysoude.com\/it\/#organization","name":"Polysoude","alternateName":"Polysoude","url":"https:\/\/www.polysoude.com\/it\/","logo":{"@type":"ImageObject","inLanguage":"it-IT","@id":"https:\/\/www.polysoude.com\/it\/#\/schema\/logo\/image\/","url":"https:\/\/www.polysoude.com\/wp-content\/uploads\/2022\/07\/Polysoude_Logo_signature_fond-transparent_600dpi_300mm_RVB-e1658123578778.png","contentUrl":"https:\/\/www.polysoude.com\/wp-content\/uploads\/2022\/07\/Polysoude_Logo_signature_fond-transparent_600dpi_300mm_RVB-e1658123578778.png","width":465,"height":86,"caption":"Polysoude"},"image":{"@id":"https:\/\/www.polysoude.com\/it\/#\/schema\/logo\/image\/"},"sameAs":["https:\/\/www.facebook.com\/Polysoude\/","https:\/\/www.linkedin.com\/company\/polysoude\/","https:\/\/www.instagram.com\/polysoudeglobal\/"]}]}},"_links":{"self":[{"href":"https:\/\/www.polysoude.com\/it\/wp-json\/wp\/v2\/pages\/4356","targetHints":{"allow":["GET"]}}],"collection":[{"href":"https:\/\/www.polysoude.com\/it\/wp-json\/wp\/v2\/pages"}],"about":[{"href":"https:\/\/www.polysoude.com\/it\/wp-json\/wp\/v2\/types\/page"}],"author":[{"embeddable":true,"href":"https:\/\/www.polysoude.com\/it\/wp-json\/wp\/v2\/users\/1"}],"replies":[{"embeddable":true,"href":"https:\/\/www.polysoude.com\/it\/wp-json\/wp\/v2\/comments?post=4356"}],"version-history":[{"count":7,"href":"https:\/\/www.polysoude.com\/it\/wp-json\/wp\/v2\/pages\/4356\/revisions"}],"predecessor-version":[{"id":26323,"href":"https:\/\/www.polysoude.com\/it\/wp-json\/wp\/v2\/pages\/4356\/revisions\/26323"}],"wp:attachment":[{"href":"https:\/\/www.polysoude.com\/it\/wp-json\/wp\/v2\/media?parent=4356"}],"curies":[{"name":"wp","href":"https:\/\/api.w.org\/{rel}","templated":true}]}}