{"id":8615,"date":"2016-10-07T14:19:48","date_gmt":"2016-10-07T12:19:48","guid":{"rendered":"http:\/\/www.polysoude.com\/legal-information\/"},"modified":"2022-03-11T14:13:25","modified_gmt":"2022-03-11T13:13:25","slug":"informazioni-legali","status":"publish","type":"page","link":"https:\/\/www.polysoude.com\/it\/informazioni-legali\/","title":{"rendered":"Informazioni legali"},"content":{"rendered":"\n\t<h3>Sito web pubblicato da:<\/h3>\n<h4>Denominazone della societ\u00e0:<\/h4>\n<p>POLYSOUDE SAS<\/p>\n<h4>Indirizzo della sede centrale:<\/h4>\nPOLYSOUDE SAS<br \/>\n2 rue Paul Beaup\u00e8re<br \/>\n44300 NANTES<br \/>\nFrance\n<p>RCS : Nantes B 858 800 931 &#8211; Greffe de NANTES<\/p>\n<h4>Capo redeattore:<\/h4>\n<p>Maria Francheteau, Communications Department Manager<\/p>\n<p>Tel.: +33 (2) 40 68 57 34<\/p>\n<h4>Sito ospitato da:<\/h4>\n<p>Datacampus, Poitiers, France<\/p>\n\t<h3>Propriet\u00e0 intellettuale<\/h3>\n<p>POLYSOUDE (&#8220;POLYSOUDE&#8221; o &#8220;noi&#8221;) offre a visitatori e utenti l&#8217;accesso al proprio sito web sulla base di (e presumendo) la vostra accettazione dei seguenti termini. Con la presente POLYSOUDE vi garantisce licenza di accesso non trasferibile e non esclusiva, di scaricare contenuti e di usare il sito web per il solo uso personale. Noi possiamo, a nostra unica discrezione, aggiungere, cancellare o modificare tutto o in parte i contenuti del sito web in qualsiasi momento o interrompere la licenza. Tutti i contenuti, inclusi ma non limitati alle configurazioni, le schermate e tutte le informazioni che appaiono o vengono mostrate in relazione o riportate da POLYSOUDE sul suo sito web sono tutelate da ogni legge e normativa applicabile.<\/p>\n<p>POLYSOUDE detiene, trattiene e conserva tutti i diritti di propriet\u00e0, incluso copyright, del sito web e dei suoi contenuti. I marchi commerciali, i marchi di servizio, i nomi commerciali, i loghi e le altre indicazioni di origine, incluso ma non limitato al nome di dominio POLYSOUDE, mostrati dal sito web sono marchi registrati e non registrati di POLYSOUDE o di una terza parte che ha concesso a POLYSOUDE il diritto di usarli nel presente sito. Nessun elemento ivi contenuto dovrebbe essere interpretato come una concessione al browser o all&#8217;utente della licenza o del diritto di usare alcun marchio commerciale mostrato sul presente sito web senza il previo consenso scritto di POLYSOUDE o della terza parte. I fornitori di contenuti di POLYSOUDE e\/o della terza parte rimangono i proprietari delle informazioni mostrate sul sito web e l&#8217;utente non acquisisce alcun diritto di propriet\u00e0 se stampa o scarica qualsiasi informazione o in altro modo fa uso dei contenuti del sito web.<\/p>\n<p>Per vostra comodit\u00e0, POLYSOUDE fornisce collegamenti ad altri siti web e collegamenti al presente sito web possono essere presenti su altri siti web a conoscenza o a insaputa di POLYSOUDE. POLYSOUDE non \u00e8 responsabile dei contenuti di nessun sito web che \u00e8 collegato a o dal presente sito web e i collegamenti non implicano che POLYSOUDE sponsorizzi, acconsenta o approvi o sia in alcun modo collegata a tale sito, i prodotti o i servizi ivi descritti, o la sua propriet\u00e0, o che POLYSOUDE autorizzi tale sito a usare i marchi commerciali, i nomi commerciali, i loghi o il materiale coperto da copyright o registrato appartenente a POLYSOUDE.<\/p>\n<p>I termini e le condizioni relativi all&#8217;uso del sito web sono regolati dalla legge francese. La corte francese ha giurisdizione esclusiva per la gestione di qualsiasi disputa derivante dall&#8217;uso del presente sito web.<\/p>\n\t<h3>Rispetto della privacy e dell&#8217;uso dei dati personali<\/h3>\n<p>La privacy e la sicurezza delle vostre informazioni sono importanti per noi. La policy di POLYSOUDE \u00e8 di rispettare e proteggere la privacy degli utenti del presente sito web. Non divulgheremo volontariamente le informazioni personali dei nostri clienti o degli altri utenti del sito web a una terza parte senza prima ricevere il vostro permesso.<\/p>\n<h4>Etica e uso dei dati raccolti<\/h4>\n<p>POLYSOUDE chiede solamente alcuni tipi di dati personali per l&#8217;uso del sito web. In poche aree del nostro sito web, tra cui la compilazione di ordini e il supporto online ai clienti, chiediamo di fornire le informazioni necessarie a permetterci di migliorare la vostra visita, di assistervi nelle questioni tecniche o di seguire gli sviluppi con voi dopo la visita. Salvo che l&#8217;informazione richiesta sia fondamentale per la compilazione della richiesta, sarete informati e sar\u00e0 vostra facolt\u00e0 dare o meno informazioni aggiuntive. Richiediamo il vostro nome, indirizzo email, numero di telefono, indirizzo, settore commerciale, informazioni sulle preferenze del cliente, numero del cliente e altre informazioni personali simili che sono necessarie per la registrazione o la sottoscrizione dei nostri servizi e offerte.<\/p>\nDi conseguenza, POLYSOUDE utilizza i dati personali che avete fornito sul sito web per i seguenti scopi:<br \/>\n\u2022\u00a0 \u00a0 Per assicurare un adeguato follow up della vostra sottoscrizione ai nostri servizi o alla compilazione di offerte e ordini<br \/>\n\u2022\u00a0 \u00a0 Per fornire strumenti di assistenza online ai clienti e seguire il follow up connesso a tale assistenza tecnica<br \/>\n\u2022\u00a0 \u00a0 Per processare la vostra richiesta se avete risposto online a un&#8217;offerta di lavoro in POLYSOUDE<br \/>\nPOLYSOUDE processa anche i dati personali forniti nel corso di trattative e comunicazioni con noi, come scambi di email, discussioni tramite gli strumenti e le piattaforme fornite da POLYSOUDE, o in relazione a spazi di lavoro virtuali e strumenti di collaborazione usati da POLYSOUDE. Lo scopo di tale processo \u00e8 di mettere a disposizione questi strumenti, assicurando e monitorando un uso appropriato, e assicurando la sicurezza del sistema informatico e la confidenzialit\u00e0 delle informazioni ivi contenute.\n<h4>Raccolta passiva dei dati personali<\/h4>\n<p>Alcuni dati personali archiviati sul nostro server sono stati forniti volontariamente in fase di compilazione di moduli online, mentre altri vengono raccolti automaticamente.<\/p>\nAl fine di migliorare l&#8217;esperienza di navigazione dell&#8217;utente sul nostro sito web e per fini di analisi statistica, POLYSOUDE raccoglie automaticamente determinati dati quando visitate il nostro sito web:<br \/>\n\u2022\u00a0 \u00a0 Il vostro indirizzo IP: l&#8217;indirizzo IP viene assegnato al vostro computer dall&#8217;Internet Service Provider per permettervi l&#8217;accesso al web<br \/>\n\u2022\u00a0 \u00a0 La data e l&#8217;ora della vostra visita al sito e le pagine che visualizzate<br \/>\n\u2022\u00a0 \u00a0 Il sistema operativo del vostro computer e il software di navigazione internet che usate<br \/>\n\u2022\u00a0\u00a0 \u00a0Il vostro login, se navigate in aree del sito web con accesso limitato<br \/>\n\u2022\u00a0 \u00a0 La vostra cronologia di navigazione all&#8217;interno dei siti del gruppo e della durata della vostra connessione\n<p>Tutti i dati raccolti saranno conservati per una durata di massimo 5 anni dopo l&#8217;ultimo contatto.<\/p>\n<p>Vi raccomandiamo di leggere attentamente anche le informazione seguenti sui cookies.<\/p>\n\t\t\t<a href=\"#\" id=\"fl-accordion--label-0\" tabindex=\"0\" aria-controls=\"fl-accordion--panel-0\">Maggiori informazioni sui cookie<\/a>\n\t\t\t\t\t\t\t<a href=\"#\" id=\"fl-accordion--icon-0\" tabindex=\"0\" aria-controls=\"fl-accordion--panel-0\"><i>Expand<\/i><\/a>\n\t\t<p>Quando si utilizza il nostro sito, i dati personali possono essere raccolti attraverso l&#8217;uso di cookie. Questo pu\u00f2 essere fatto solo con un consenso separato. In questo modo vengono memorizzate informazioni sul vostro utilizzo e sulle pagine visitate. Queste possono includere informazioni tecniche sul vostro dispositivo e sulla connessione a Internet, come il sistema operativo, la versione del browser, l&#8217;indirizzo IP, i cookie e gli identificatori unici. Quando si visita il nostro sito web dove vengono presentati i nostri servizi e prodotti, \u00e8 possibile utilizzare diverse tecniche per riconoscere l&#8217;utente al fine di saperne di pi\u00f9 sui nostri utenti. Questo pu\u00f2 essere fatto direttamente o utilizzando tecnologie di terze parti.<\/p>\n\t<h4>Trasferimento dei dati personali al di fuori dell&#8217;Area Economica Europea<\/h4>\n<p>Inoltre, l&#8217;uso di servizi di conferenza web e la disponibilit\u00e0 di strumenti e piattaforme di comunicazione implicano il trasferimento di dati personali (nomi, cognomi e indirizzi email) per lo scopo di identificazione, e i dati scambiati (messaggi, allegati) per scopi di hosting e amministrativi a stati non-membri dell&#8217;Area Economica Europea, tra cui gli Stati Uniti, la cui legislazione sulla tutela dei dati personali \u00e8 differente da quella dell&#8217;Area Economica Europea.<\/p>\n<p>Durante il trasferimenti di dati negli Stati Uniti, i vostri dati vengono trattati in conformit\u00e0 alle disposizioni delle Clausole Contrattuali Standard che sono regolate dalla commissione europea (decisione 2010\/87\/EU).<\/p>\n<h4>Confidenzialit\u00e0 dei dati raccolti<\/h4>\n<p>POLYSOUDE utilizza le vostre informazioni personali esclusivamente per gli scopi specifici descritti sopra. Le informazioni che fornite resteranno confidenziali e saranno usate solo per il rapporto di cliente con POLYSOUDE e\/o una delle sue societ\u00e0 affiliate; queste informazioni non saranno divulgate o vendute a nessuna terza parte per scopi commerciali o di prospecting.<\/p>\n<h4>I vostri diritti in relazione ai vostri dati personali<\/h4>\n<p>In conformit\u00e0 alla legge francese No. 2004-801 del 6 agosto 2004 relativa alla tutela dei privati rispetto al processo dei dati personali, amendando la legge\u00a0&#8220;Informatique et Libert\u00e9\u201d No. 78-17 del 6 gennaio 1978, avete il diritto di accedere, rettificare, modificare e cancellare tutti i dati personali relativi alla vostra persona.<\/p>\n<p>Se desiderate che i dati personali che avete fornito siano cambiati o cancellati, dovete inoltrare richiesta formale a POLYSOUDE. Potete anche esprimere la vostra opposizione al processo dei vostri dati personali, purch\u00e9 sulla base di gravi motivi.<\/p>\nSe desiderate che i vostri dati personali vengano modificati, rettificati o cancellati, oppure per opporvi al processo dei vostri dati personali, si prega di inviare la vostra richiesta a:<br \/>\n\u2022\u00a0\u00a0\u00a0 Per posta: POLYSOUDE \u2013 Communications Department \u2013 2 rue Paul Beaup\u00e8re \u2013 44300 Nantes &#8211; France<br \/>\n\u2022\u00a0\u00a0\u00a0 Per e-mail: <a\nhref=\"mailto:gdpr.req@polysoude.com\">gdpr.req@polysoude.com<\/a>\n<h4>Modifiche<\/h4>\n<p>POLYSOUDE si riserva il diritto di modificare o perfezionare la presente informativa sulla privacy in qualsiasi momento. Ogni aggiornamento sar\u00e0 segnalato sulla homepage e sarete invitati a leggere la presente informativa privacy ogni volta che entrerete sul sito web POLYSOUDE. Tutte le modifiche o le aggiunte alla presente informativa privacy diventano applicabili dal momento in cui vengono pubblicate sul sito web.<\/p>\n","protected":false},"excerpt":{"rendered":"<p>Sito web pubblicato da: Denominazone della societ\u00e0: POLYSOUDE SAS Indirizzo della sede centrale: POLYSOUDE SAS 2 rue Paul Beaup\u00e8re 44300 NANTES France RCS : Nantes B 858 800 931 &#8211; Greffe de NANTES Capo redeattore: Maria Francheteau, Communications Department Manager Tel.: +33 (2) 40 68 57 34 Sito ospitato da: Datacampus, Poitiers, France Propriet\u00e0 intellettuale [&hellip;]<\/p>\n","protected":false},"author":1,"featured_media":0,"parent":0,"menu_order":0,"comment_status":"closed","ping_status":"closed","template":"","meta":{"_acf_changed":false,"footnotes":""},"class_list":["post-8615","page","type-page","status-publish","hentry"],"acf":[],"yoast_head":"<!-- This site is optimized with the Yoast SEO plugin v27.3 - https:\/\/yoast.com\/product\/yoast-seo-wordpress\/ -->\n<title>Informazioni legali | Polysoude<\/title>\n<meta name=\"description\" content=\"Sito web pubblicato da: Denominazone della societ\u00e0: POLYSOUDE SAS Indirizzo della sede centrale: POLYSOUDE SAS 2 rue Paul Beaup\u00e8re 44300 NANTES France RCS\" \/>\n<meta name=\"robots\" content=\"index, follow, max-snippet:-1, max-image-preview:large, max-video-preview:-1\" \/>\n<link rel=\"canonical\" href=\"https:\/\/www.polysoude.com\/it\/informazioni-legali\/\" \/>\n<meta property=\"og:locale\" content=\"it_IT\" \/>\n<meta property=\"og:type\" content=\"article\" \/>\n<meta property=\"og:title\" content=\"Informazioni legali | Polysoude\" \/>\n<meta property=\"og:description\" content=\"Sito web pubblicato da: Denominazone della societ\u00e0: POLYSOUDE SAS Indirizzo della sede centrale: POLYSOUDE SAS 2 rue Paul Beaup\u00e8re 44300 NANTES France RCS\" \/>\n<meta property=\"og:url\" content=\"https:\/\/www.polysoude.com\/it\/informazioni-legali\/\" \/>\n<meta property=\"og:site_name\" content=\"Polysoude\" \/>\n<meta property=\"article:publisher\" content=\"https:\/\/www.facebook.com\/Polysoude\/\" \/>\n<meta property=\"article:modified_time\" content=\"2022-03-11T13:13:25+00:00\" \/>\n<meta property=\"og:image\" content=\"https:\/\/www.polysoude.com\/wp-content\/uploads\/2022\/07\/Polysoude_Logo_signature_fond-transparent_600dpi_300mm_RVB-e1658123578778.png\" \/>\n\t<meta property=\"og:image:width\" content=\"465\" \/>\n\t<meta property=\"og:image:height\" content=\"86\" \/>\n\t<meta property=\"og:image:type\" content=\"image\/png\" \/>\n<meta name=\"twitter:card\" content=\"summary_large_image\" \/>\n<meta name=\"twitter:label1\" content=\"Tempo di lettura stimato\" \/>\n\t<meta name=\"twitter:data1\" content=\"7 minutes\" \/>\n<script type=\"application\/ld+json\" class=\"yoast-schema-graph\">{\"@context\":\"https:\\\/\\\/schema.org\",\"@graph\":[{\"@type\":\"WebPage\",\"@id\":\"https:\\\/\\\/www.polysoude.com\\\/it\\\/informazioni-legali\\\/\",\"url\":\"https:\\\/\\\/www.polysoude.com\\\/it\\\/informazioni-legali\\\/\",\"name\":\"Informazioni legali | Polysoude\",\"isPartOf\":{\"@id\":\"https:\\\/\\\/www.polysoude.com\\\/it\\\/#website\"},\"datePublished\":\"2016-10-07T12:19:48+00:00\",\"dateModified\":\"2022-03-11T13:13:25+00:00\",\"description\":\"Sito web pubblicato da: Denominazone della societ\u00e0: POLYSOUDE SAS Indirizzo della sede centrale: POLYSOUDE SAS 2 rue Paul Beaup\u00e8re 44300 NANTES France RCS\",\"breadcrumb\":{\"@id\":\"https:\\\/\\\/www.polysoude.com\\\/it\\\/informazioni-legali\\\/#breadcrumb\"},\"inLanguage\":\"it-IT\",\"potentialAction\":[{\"@type\":\"ReadAction\",\"target\":[\"https:\\\/\\\/www.polysoude.com\\\/it\\\/informazioni-legali\\\/\"]}]},{\"@type\":\"BreadcrumbList\",\"@id\":\"https:\\\/\\\/www.polysoude.com\\\/it\\\/informazioni-legali\\\/#breadcrumb\",\"itemListElement\":[{\"@type\":\"ListItem\",\"position\":1,\"name\":\"Home\",\"item\":\"https:\\\/\\\/www.polysoude.com\\\/it\\\/\"},{\"@type\":\"ListItem\",\"position\":2,\"name\":\"Informazioni legali\"}]},{\"@type\":\"WebSite\",\"@id\":\"https:\\\/\\\/www.polysoude.com\\\/it\\\/#website\",\"url\":\"https:\\\/\\\/www.polysoude.com\\\/it\\\/\",\"name\":\"Polysoude\",\"description\":\"The art of welding\",\"publisher\":{\"@id\":\"https:\\\/\\\/www.polysoude.com\\\/it\\\/#organization\"},\"alternateName\":\"Polysoude\",\"potentialAction\":[{\"@type\":\"SearchAction\",\"target\":{\"@type\":\"EntryPoint\",\"urlTemplate\":\"https:\\\/\\\/www.polysoude.com\\\/it\\\/?s={search_term_string}\"},\"query-input\":{\"@type\":\"PropertyValueSpecification\",\"valueRequired\":true,\"valueName\":\"search_term_string\"}}],\"inLanguage\":\"it-IT\"},{\"@type\":\"Organization\",\"@id\":\"https:\\\/\\\/www.polysoude.com\\\/it\\\/#organization\",\"name\":\"Polysoude\",\"alternateName\":\"Polysoude\",\"url\":\"https:\\\/\\\/www.polysoude.com\\\/it\\\/\",\"logo\":{\"@type\":\"ImageObject\",\"inLanguage\":\"it-IT\",\"@id\":\"https:\\\/\\\/www.polysoude.com\\\/it\\\/#\\\/schema\\\/logo\\\/image\\\/\",\"url\":\"https:\\\/\\\/www.polysoude.com\\\/wp-content\\\/uploads\\\/2022\\\/07\\\/Polysoude_Logo_signature_fond-transparent_600dpi_300mm_RVB-e1658123578778.png\",\"contentUrl\":\"https:\\\/\\\/www.polysoude.com\\\/wp-content\\\/uploads\\\/2022\\\/07\\\/Polysoude_Logo_signature_fond-transparent_600dpi_300mm_RVB-e1658123578778.png\",\"width\":465,\"height\":86,\"caption\":\"Polysoude\"},\"image\":{\"@id\":\"https:\\\/\\\/www.polysoude.com\\\/it\\\/#\\\/schema\\\/logo\\\/image\\\/\"},\"sameAs\":[\"https:\\\/\\\/www.facebook.com\\\/Polysoude\\\/\",\"https:\\\/\\\/www.linkedin.com\\\/company\\\/polysoude\\\/\",\"https:\\\/\\\/www.instagram.com\\\/polysoudeglobal\\\/\"]}]}<\/script>\n<!-- \/ Yoast SEO plugin. -->","yoast_head_json":{"title":"Informazioni legali | Polysoude","description":"Sito web pubblicato da: Denominazone della societ\u00e0: POLYSOUDE SAS Indirizzo della sede centrale: POLYSOUDE SAS 2 rue Paul Beaup\u00e8re 44300 NANTES France RCS","robots":{"index":"index","follow":"follow","max-snippet":"max-snippet:-1","max-image-preview":"max-image-preview:large","max-video-preview":"max-video-preview:-1"},"canonical":"https:\/\/www.polysoude.com\/it\/informazioni-legali\/","og_locale":"it_IT","og_type":"article","og_title":"Informazioni legali | Polysoude","og_description":"Sito web pubblicato da: Denominazone della societ\u00e0: POLYSOUDE SAS Indirizzo della sede centrale: POLYSOUDE SAS 2 rue Paul Beaup\u00e8re 44300 NANTES France RCS","og_url":"https:\/\/www.polysoude.com\/it\/informazioni-legali\/","og_site_name":"Polysoude","article_publisher":"https:\/\/www.facebook.com\/Polysoude\/","article_modified_time":"2022-03-11T13:13:25+00:00","og_image":[{"width":465,"height":86,"url":"https:\/\/www.polysoude.com\/wp-content\/uploads\/2022\/07\/Polysoude_Logo_signature_fond-transparent_600dpi_300mm_RVB-e1658123578778.png","type":"image\/png"}],"twitter_card":"summary_large_image","twitter_misc":{"Tempo di lettura stimato":"7 minutes"},"schema":{"@context":"https:\/\/schema.org","@graph":[{"@type":"WebPage","@id":"https:\/\/www.polysoude.com\/it\/informazioni-legali\/","url":"https:\/\/www.polysoude.com\/it\/informazioni-legali\/","name":"Informazioni legali | Polysoude","isPartOf":{"@id":"https:\/\/www.polysoude.com\/it\/#website"},"datePublished":"2016-10-07T12:19:48+00:00","dateModified":"2022-03-11T13:13:25+00:00","description":"Sito web pubblicato da: Denominazone della societ\u00e0: POLYSOUDE SAS Indirizzo della sede centrale: POLYSOUDE SAS 2 rue Paul Beaup\u00e8re 44300 NANTES France RCS","breadcrumb":{"@id":"https:\/\/www.polysoude.com\/it\/informazioni-legali\/#breadcrumb"},"inLanguage":"it-IT","potentialAction":[{"@type":"ReadAction","target":["https:\/\/www.polysoude.com\/it\/informazioni-legali\/"]}]},{"@type":"BreadcrumbList","@id":"https:\/\/www.polysoude.com\/it\/informazioni-legali\/#breadcrumb","itemListElement":[{"@type":"ListItem","position":1,"name":"Home","item":"https:\/\/www.polysoude.com\/it\/"},{"@type":"ListItem","position":2,"name":"Informazioni legali"}]},{"@type":"WebSite","@id":"https:\/\/www.polysoude.com\/it\/#website","url":"https:\/\/www.polysoude.com\/it\/","name":"Polysoude","description":"The art of welding","publisher":{"@id":"https:\/\/www.polysoude.com\/it\/#organization"},"alternateName":"Polysoude","potentialAction":[{"@type":"SearchAction","target":{"@type":"EntryPoint","urlTemplate":"https:\/\/www.polysoude.com\/it\/?s={search_term_string}"},"query-input":{"@type":"PropertyValueSpecification","valueRequired":true,"valueName":"search_term_string"}}],"inLanguage":"it-IT"},{"@type":"Organization","@id":"https:\/\/www.polysoude.com\/it\/#organization","name":"Polysoude","alternateName":"Polysoude","url":"https:\/\/www.polysoude.com\/it\/","logo":{"@type":"ImageObject","inLanguage":"it-IT","@id":"https:\/\/www.polysoude.com\/it\/#\/schema\/logo\/image\/","url":"https:\/\/www.polysoude.com\/wp-content\/uploads\/2022\/07\/Polysoude_Logo_signature_fond-transparent_600dpi_300mm_RVB-e1658123578778.png","contentUrl":"https:\/\/www.polysoude.com\/wp-content\/uploads\/2022\/07\/Polysoude_Logo_signature_fond-transparent_600dpi_300mm_RVB-e1658123578778.png","width":465,"height":86,"caption":"Polysoude"},"image":{"@id":"https:\/\/www.polysoude.com\/it\/#\/schema\/logo\/image\/"},"sameAs":["https:\/\/www.facebook.com\/Polysoude\/","https:\/\/www.linkedin.com\/company\/polysoude\/","https:\/\/www.instagram.com\/polysoudeglobal\/"]}]}},"_links":{"self":[{"href":"https:\/\/www.polysoude.com\/it\/wp-json\/wp\/v2\/pages\/8615","targetHints":{"allow":["GET"]}}],"collection":[{"href":"https:\/\/www.polysoude.com\/it\/wp-json\/wp\/v2\/pages"}],"about":[{"href":"https:\/\/www.polysoude.com\/it\/wp-json\/wp\/v2\/types\/page"}],"author":[{"embeddable":true,"href":"https:\/\/www.polysoude.com\/it\/wp-json\/wp\/v2\/users\/1"}],"replies":[{"embeddable":true,"href":"https:\/\/www.polysoude.com\/it\/wp-json\/wp\/v2\/comments?post=8615"}],"version-history":[{"count":8,"href":"https:\/\/www.polysoude.com\/it\/wp-json\/wp\/v2\/pages\/8615\/revisions"}],"predecessor-version":[{"id":38695,"href":"https:\/\/www.polysoude.com\/it\/wp-json\/wp\/v2\/pages\/8615\/revisions\/38695"}],"wp:attachment":[{"href":"https:\/\/www.polysoude.com\/it\/wp-json\/wp\/v2\/media?parent=8615"}],"curies":[{"name":"wp","href":"https:\/\/api.w.org\/{rel}","templated":true}]}}